{"id":1216,"date":"2021-10-07T15:17:49","date_gmt":"2021-10-07T12:17:49","guid":{"rendered":"https:\/\/creddo.com\/fi\/?page_id=1216"},"modified":"2025-01-16T16:56:01","modified_gmt":"2025-01-16T14:56:01","slug":"laina-toiminimelle","status":"publish","type":"page","link":"https:\/\/creddo.com\/fi\/yrityslaina\/laina-toiminimelle\/","title":{"rendered":"Laina toiminimelle"},"content":{"rendered":"\n<figure class=\"wp-block-image size-full\"><img fetchpriority=\"high\" decoding=\"async\" width=\"1000\" height=\"563\" src=\"https:\/\/creddo.com\/fi\/wp-content\/uploads\/2021\/10\/yksinyrittaja.jpg\" alt=\"Yksinyritt\u00e4j\u00e4\" class=\"wp-image-1235\" srcset=\"https:\/\/creddo.com\/fi\/wp-content\/uploads\/2021\/10\/yksinyrittaja.jpg 1000w, https:\/\/creddo.com\/fi\/wp-content\/uploads\/2021\/10\/yksinyrittaja-300x169.jpg 300w, https:\/\/creddo.com\/fi\/wp-content\/uploads\/2021\/10\/yksinyrittaja-768x432.jpg 768w\" sizes=\"(max-width: 1000px) 100vw, 1000px\" \/><\/figure>\n\n\n\n<p>Laina toiminimelle voi olla oleellisessa roolissa kehitett\u00e4ess\u00e4 liiketoimintaa. Toiminimiyritt\u00e4j\u00e4 voi k\u00e4ytt\u00e4\u00e4 yrityslainaa moneen eri tarkoitukseen, kuten kassavirran vahvistamiseen ja laitehankintoihin.<\/p>\n\n\n\n<p>Yksinyritt\u00e4jyys on Suomen yleisin yritysmuoto ja t\u00e4st\u00e4 syyst\u00e4 se on my\u00f6s yksi yleisimmist\u00e4 yrityslainaa hakevista yritysmuodoista. T\u00e4st\u00e4 syyst\u00e4 <strong>meille on t\u00e4rke\u00e4\u00e4, ett\u00e4 yrityslaina toiminimelle on helppo hakea kauttamme<\/strong>.<\/p>\n\n\n\n<h2 class=\"wp-block-heading\" id=\"h-voivatko-kaikki-toiminimet-hakea-yrityslainaa\">Voivatko kaikki toiminimet hakea yrityslainaa?<\/h2>\n\n\n\n<p>Kyll\u00e4. Olipa toiminimesi sitten vasta perustettu tai sill\u00e4 on jo vakaata liiketoimintaa, voit yksinyritt\u00e4j\u00e4n\u00e4 hakea lainaa kauttamme.<\/p>\n\n\n\n<p>Yksinyritt\u00e4j\u00e4n\u00e4 voit k\u00e4ytt\u00e4\u00e4 lainan parhaalla katsomallasi tavalla yrityksesi kehitt\u00e4miseen.<\/p>\n\n\n\n<p>Yksinyritt\u00e4j\u00e4n\u00e4 sinulla on henkil\u00f6kohtainen vastuu yrityksen veloista ja taloudesta. <strong>Siksi on erityisen t\u00e4rke\u00e4\u00e4, ett\u00e4 olet tietoinen vastuistasi<\/strong>. Kun yrityslaina haetaan toiminimelle, vastaat lainasta kuin omastasi.<\/p>\n\n\n\n<p>Huomioithan my\u00f6s, ett\u00e4 sinulla ei saa olla henkil\u00f6kohtaisia maksuh\u00e4iri\u00f6merkint\u00f6j\u00e4.<\/p>\n\n\n\n<h2 class=\"wp-block-heading\">Miten yrityslainat yksityisyritt\u00e4jille toimivat?<\/h2>\n\n\n\n<p>Yrityslainat toiminimille toimivat samalla tavalla kuin yrityslainat osakeyhti\u00f6ille ja muille yritysmuodoille: Hae tarvitsemasi <a href=\"https:\/\/creddo.com\/fi\/yrityslaina\/\">yrityslaina<\/a> palvelumme kautta ja maksat velan takaisin maksusuunnitelman mukaisesti.<\/p>\n\n\n\n<p>\n<a href=\"https:\/\/creddo.com\/fi\/yrityslaina\/\" class=\"btn btn-blue\">Hae yrityslainaa<\/a>\n<\/p>\n\n\n\n<h2 class=\"wp-block-heading\">Lainansaantiin vaikuttavat tekij\u00e4t<\/h2>\n\n\n\n<p>Jokaisella lainantarjoajalla on omat kriteerit, joiden perusteella laina toiminimelle my\u00f6nnet\u00e4\u00e4n. Alle on lueteltu t\u00e4rkeit\u00e4 asioita, joihin kannattaa kiinnitt\u00e4\u00e4 erityist\u00e4 huomiota.<\/p>\n\n\n\n<ul class=\"wp-block-list\">\n<li>Mik\u00e4 on toiminimesi luottoluokitus?<\/li>\n\n\n\n<li>Ovatko henkil\u00f6kohtaiset luottotietosi kunnossa?<\/li>\n\n\n\n<li>Milt\u00e4 sosiaalisen median profiilisi n\u00e4ytt\u00e4v\u00e4t?<\/li>\n\n\n\n<li>Onko hakemasi lainasumma realistinen?<\/li>\n<\/ul>\n\n\n\n<h3 class=\"wp-block-heading\" id=\"toiminimen-luottoluokitus\">Toiminimen luottoluokitus<\/h3>\n\n\n\n<p>Kun haet lainaa, tehd\u00e4\u00e4n toiminimellesi luottoluokitustarkastus. Yrityksesi luottoluokitus auttaa lainantarjoajaa arvioimaan lainaamiseen liittyvi\u00e4 riskej\u00e4 ja m\u00e4\u00e4ritt\u00e4m\u00e4\u00e4n lainaehdot.<\/p>\n\n\n\n<p>Korkein luottoluokitus on AAA. Se merkitsee v\u00e4h\u00e4ist\u00e4 luottoriski\u00e4. Yksi A- kirjain tarkoittaa normaalia luottoriski\u00e4 ja AA-yritys on luottokelpoisuudeltaan hyv\u00e4 ja luottoriski on keskim\u00e4\u00e4r\u00e4ist\u00e4 pienempi.<\/p>\n\n\n\n<p>B ja C-kirjaimet tarkoittavat kohonnutta luottoriski\u00e4. B-kirjaimella tarkoitetaan normaalisti suurempaa luottoriski\u00e4 ja C- merkinn\u00e4ll\u00e4 varustetuille yrityksille luotonantoa ei puolleta eli luottoriski on huomattava.<\/p>\n\n\n\n<h3 class=\"wp-block-heading\" id=\"omat-luottotiedot\">Ovatko omat luottotietosi kunnossa?<\/h3>\n\n\n\n<p>Koska toiminimiyritt\u00e4j\u00e4n\u00e4 sin\u00e4 ja yritys olette yksi ja sama oikeushenkil\u00f6, my\u00f6s omat luottotietosi vaikuttavat lainan saantiin. T\u00e4st\u00e4 syyst\u00e4 sinunkin luottotietosi tarkistetaan lainanhaun yhteydess\u00e4.<\/p>\n\n\n\n<p>Tiesitk\u00f6, ett\u00e4 voit kerran vuodessa tarkistaa henkil\u00f6kohtaiset luottotietosi ilmaiseksi? T\u00e4m\u00e4 onnistuu l\u00e4hett\u00e4m\u00e4ll\u00e4 <a href=\"https:\/\/www.asiakastieto.fi\/web\/fi\/kuluttajille\/omien-tietojen-tarkastuspyynto\" target=\"_blank\" rel=\"noreferrer noopener\">tietojen tarkistuspyynt\u00f6 Asiakastiedolle<\/a>.<\/p>\n\n\n\n<p>N\u00e4in saat ajantasaista tietoa omista luottotiedoistasi ennen lainan hakemista. Jos raportissa on merkint\u00f6j\u00e4, niin lainantarjoajat saavat n\u00e4m\u00e4 selville ja lainan saanti on miltei mahdotonta.<\/p>\n\n\n\n<p>Jos luottotietoraporttisi on puhdas, niin on hyvin todenn\u00e4k\u00f6ist\u00e4, ett\u00e4 toiminimellesi lainaa voidaan my\u00f6nt\u00e4\u00e4.<\/p>\n\n\n\n<h3 class=\"wp-block-heading\" id=\"some\">Sosiaalisella medialla on merkityst\u00e4<\/h3>\n\n\n\n<p>Kun lainantarjoajat saavat hakemuksesi ja ovat automaattisesti tarkistaneet luottotietosi, keskittyv\u00e4t he tutustumaan sinuun ja yritykseesi.<\/p>\n\n\n\n<p>Lainantarjoajat hakevat hakukoneista tietoa yrityksesi nimell\u00e4, y-tunnuksella sek\u00e4 sinun nimell\u00e4si. Lis\u00e4ksi lainantarjoajat tarkistavat sosiaalisen median profiilisi sek\u00e4 mahdollisen yrityksesi sosiaalisen median profiilit.<\/p>\n\n\n\n<p>Tee sama my\u00f6s itse ennen lainan hakemista. \u201dGooglaa\u201d itsesi sek\u00e4 yrityksesi ja tarkastele tulokset l\u00e4pi. Jos l\u00f6yd\u00e4t jotain ep\u00e4ilytt\u00e4v\u00e4\u00e4, pyri korjaamaan se.<\/p>\n\n\n\n<p>P\u00e4ivit\u00e4 sosiaalisen median profiilit kuntoon ja tarkista, ett\u00e4 profiilien ulkoinen olemus auttaa luottamaan yritykseesi.<\/p>\n\n\n\n<h3 class=\"wp-block-heading\" id=\"realistinen-lainasumma\">Lainasumman realistisuus<\/h3>\n\n\n\n<p>\u00c4l\u00e4 hae ylisuurta lainaa. Lainantarjoajat vertaavat hakemaasi lainasummaa toiminimesi liikevaihtoon. Et voi saada esimerkiksi 50&nbsp;000 euron lainaa, jos yrityksell\u00e4si on 50 000 euron vuotuinen liikevaihto.<\/p>\n\n\n\n<p>Lainantarjoajat hylk\u00e4\u00e4v\u00e4t automaattisesti ylisuuret lainahakemukset.<\/p>\n\n\n\n<p>Hae toiminimelle yrityslainaa, joka on suuruudeltaan korkeintaan 50&nbsp;% vuotuisesta liikevaihdosta. Optimilaina on noin 20 &#8211; 30&nbsp;% vuotuisesta liikevaihdosta.<\/p>\n\n\n\n<p>Pienemmiss\u00e4, alle 20&nbsp;000 euron lainoissa, liikevaihto ei n\u00e4yttele niin merkitt\u00e4v\u00e4\u00e4 roolia. N\u00e4iss\u00e4 luottotiedot ovat merkitt\u00e4v\u00e4mm\u00e4ss\u00e4 roolissa.<\/p>\n\n\n\n<h2 class=\"wp-block-heading\">Lainan m\u00e4\u00e4r\u00e4 yksinyritt\u00e4j\u00e4lle<\/h2>\n\n\n\n<p>Kuten muidenkin yritysmuotojen osalta, lainantarjoajat painottavat yksinyritt\u00e4j\u00e4n liikevaihtoa lainap\u00e4\u00e4t\u00f6ksess\u00e4\u00e4n. Mit\u00e4 suurempi liikevaihto on, sit\u00e4 suuremman yrityslainan toiminimi voi saada.<\/p>\n\n\n\n<p>Toinen t\u00e4rke\u00e4 tekij\u00e4 on yrityksen ik\u00e4 sek\u00e4 historiallinen maksuk\u00e4ytt\u00e4ytyminen. Jos yritt\u00e4j\u00e4 on maksanut p\u00e4\u00e4s\u00e4\u00e4nt\u00f6isesti laskut ajallaan ja merkint\u00f6j\u00e4 ei ole, ovat edellytykset isommalle yrityslainalle olemassa.<\/p>\n\n\n\n<p>P\u00e4\u00e4s\u00e4\u00e4nt\u00f6isesti yksinyritt\u00e4j\u00e4t saavat 1&nbsp;000 &#8211; 20&nbsp;000 euron lainoja, mutta poikkeuksia suuremmistakin lainoista l\u00f6ytyy.<\/p>\n\n\n\n<p>Kun haet yrityslainaa toiminimelle, valitset haluamasi lainasumman ja -ajan. Kun lainantarjoaja k\u00e4sittelee hakemuksesi, se voi joko hyv\u00e4ksy\u00e4, hyl\u00e4t\u00e4 tai tarjota pienemp\u00e4\u00e4 lainasummaa. Lainantarjoaja tarjoaa lainaa, jonka se katsoo vastaavan yrityksesi taloudellista tilannetta.<\/p>\n\n\n\n<h3 class=\"wp-block-heading\">Miten on mahdollista saada suurempi laina toiminimelle?<\/h3>\n\n\n\n<p>Joillekin toiminimille on my\u00f6nnetty suurempiakin lainoja, mutta t\u00e4m\u00e4 vaatii sen, ett\u00e4 yrityksell\u00e4 on vakiintunut liiketoiminta ja useita toimintavuosia takana. Lis\u00e4ksi luottoluokituksen tulee olla hyv\u00e4.<\/p>\n\n\n\n<p>T\u00e4m\u00e4n lis\u00e4ksi lainantarjoajat vaativat suuremmille toiminimilainoille usein kaksi takaajaa, eli tarvitset jonkun yrityksen ulkopuolelta takaamaan lainaa.<\/p>\n\n\n\n<h2 class=\"wp-block-heading\">Paljon toiminimelle tarjotaan maksuaikaa?<\/h2>\n\n\n\n<p>Kun haetaan lainaa toiminimelle, maksuaikaa on mahdollista saada 1 &#8211; 36 kuukautta. T\u00e4t\u00e4 pidempi\u00e4 laina-aikoja ei t\u00e4ll\u00e4 hetkell\u00e4 ole tarjolla kuin perinteisiss\u00e4 pankeissa.<\/p>\n\n\n\n<h2 class=\"wp-block-heading\">Yksinyritt\u00e4j\u00e4n lainan kulut<\/h2>\n\n\n\n<p>Olipa kyseess\u00e4 sitten toiminimelle tai muulle yhti\u00f6muodolle my\u00f6nnett\u00e4v\u00e4 laina, kulurakenne riippuu lainantarjoajasta. Yrityspuolella kirjo on suuri, sill\u00e4 kulut voivat koostua kuukausikorosta, aloitusmaksusta, tilinhoitomaksusta, kuukausimaksusta tai n\u00e4iden yhdistelmist\u00e4.<\/p>\n\n\n\n<p>Kun kilpailutat lainan toiminimelle kauttamme, n\u00e4et lainan kokonaiskustannukset ja kuukausier\u00e4n sek\u00e4 sen, mist\u00e4 kulut koostuvat. T\u00e4m\u00e4n lis\u00e4ksi laskemme kulujen perusteella lainoille kuukausikoron, jonka perusteella voit helpommin vertailla eri lainatarjouksia.<\/p>\n\n\n\n<p>Kun yksinyritt\u00e4j\u00e4n\u00e4 valitset lainaa, kiinnit\u00e4 huomiota my\u00f6s siihen, voiko lainan maksaa takaisin ennenaikaisesti ilman ylim\u00e4\u00e4r\u00e4isi\u00e4 kuluja.<\/p>\n\n\n\n<h2 class=\"wp-block-heading\">Esimerkkej\u00e4 k\u00e4ytt\u00f6kohteista<\/h2>\n\n\n\n<p>Kauttamme on useampi toiminimi hakenut lainaa ja k\u00e4ytt\u00f6kohteita on ollut monia. Alla on lueteltuna muutamia yleisimpi\u00e4 k\u00e4ytt\u00f6kohteita, joihin yksinyritt\u00e4j\u00e4t ovat lainaa k\u00e4ytt\u00e4neet.<\/p>\n\n\n\n<h3 class=\"wp-block-heading\">Laitteiden tai koneiden hankinta<\/h3>\n\n\n\n<p>Monet yksinyritt\u00e4j\u00e4t tarvitsevat erilaisia laitteita ja koneita voidakseen hoitaa liiketoimintaansa. T\u00e4llaiset ostot voivat usein tulla kalliiksi, mutta yrityslainalla on mahdollista ostaa kaikki tarvittavat laitteet suoraan ja maksaa takaisin eriss\u00e4.<\/p>\n\n\n\n<h3 class=\"wp-block-heading\">Lis\u00e4k\u00e4sien palkkaus<\/h3>\n\n\n\n<p>My\u00f6s yksinyritt\u00e4j\u00e4t voivat palkata henkil\u00f6kuntaa avukseen. Palkkojen maksaminen ennen ty\u00f6n tuottamaa tulosta voi kuitenkin olla haastavaa yrityksen kassalle. T\u00e4ss\u00e4 tapauksessa yrityslaina toiminimelle voi olla hyv\u00e4 ratkaisu.<\/p>\n\n\n\n<h3 class=\"wp-block-heading\">Kassavirran tasaus<\/h3>\n\n\n\n<p>Yrityslainan k\u00e4ytt\u00e4minen yrityksen likviditeetin vahvistamiseen alhaisemman tulotason aikana on yleist\u00e4. Laina kattaa juoksevat kulut ja pit\u00e4\u00e4 liiketoiminnan pystyss\u00e4, kunnes myynti normalisoituu.<\/p>\n\n\n\n<h2 class=\"wp-block-heading\">Hae laina toiminimelle nyt<\/h2>\n\n\n\n<p>Olipa lainatarpeesi mink\u00e4lainen tahansa, avullamme saat parhaan mahdollisen lainan toiminimelle. Aloita hakeminen alta ja ole meihin rohkeasti yhteydess\u00e4, jos sinulla on kysytt\u00e4v\u00e4\u00e4 toiminimille my\u00f6nnett\u00e4vist\u00e4 yrityslainoista!<\/p>\n\n\n\n<p>\n<a href=\"https:\/\/creddo.com\/fi\/yrityslaina\/\" class=\"btn btn-blue\">Aloita hakemus<\/a>\n<\/p>\n","protected":false},"excerpt":{"rendered":"<p>Laina toiminimelle voi olla oleellisessa roolissa kehitett\u00e4ess\u00e4 liiketoimintaa. Toiminimiyritt\u00e4j\u00e4 voi k\u00e4ytt\u00e4\u00e4 yrityslainaa moneen eri tarkoitukseen, kuten kassavirran vahvistamiseen ja laitehankintoihin. Yksinyritt\u00e4jyys on Suomen yleisin yritysmuoto ja t\u00e4st\u00e4 syyst\u00e4 se on my\u00f6s yksi yleisimmist\u00e4 yrityslainaa hakevista yritysmuodoista. T\u00e4st\u00e4 syyst\u00e4 meille on t\u00e4rke\u00e4\u00e4, ett\u00e4 yrityslaina toiminimelle on helppo hakea kauttamme. Voivatko kaikki toiminimet hakea yrityslainaa? Kyll\u00e4. Olipa [&hellip;]<\/p>\n","protected":false},"author":3,"featured_media":1235,"parent":914,"menu_order":0,"comment_status":"closed","ping_status":"closed","template":"creddopage.php","meta":{"footnotes":""},"class_list":["post-1216","page","type-page","status-publish","has-post-thumbnail","hentry"],"acf":[],"yoast_head":"<!-- This site is optimized with the Yoast SEO Premium plugin v16.0 (Yoast SEO v20.7) - https:\/\/yoast.com\/wordpress\/plugins\/seo\/ -->\n<title>Laina toiminimelle - Yritt\u00e4j\u00e4, lue vinkit t\u00e4st\u00e4 - Creddo<\/title>\n<meta name=\"description\" content=\"Meille on t\u00e4rke\u00e4\u00e4, ett\u00e4 yrityslaina toiminimelle on helppo hakea kauttamme. Lue vinkit, miten saat parhaiten lainaa toiminimelle!\" \/>\n<meta name=\"robots\" content=\"index, follow, max-snippet:-1, max-image-preview:large, max-video-preview:-1\" \/>\n<link rel=\"canonical\" href=\"https:\/\/creddo.com\/fi\/yrityslaina\/laina-toiminimelle\/\" \/>\n<meta property=\"og:locale\" content=\"en_US\" \/>\n<meta property=\"og:type\" content=\"article\" \/>\n<meta property=\"og:title\" content=\"Laina toiminimelle - Yritt\u00e4j\u00e4, lue vinkit t\u00e4st\u00e4 - Creddo\" \/>\n<meta property=\"og:description\" content=\"Meille on t\u00e4rke\u00e4\u00e4, ett\u00e4 yrityslaina toiminimelle on helppo hakea kauttamme. Lue vinkit, miten saat parhaiten lainaa toiminimelle!\" \/>\n<meta property=\"og:url\" content=\"https:\/\/creddo.com\/fi\/yrityslaina\/laina-toiminimelle\/\" \/>\n<meta property=\"og:site_name\" content=\"Creddo\" \/>\n<meta property=\"article:publisher\" content=\"https:\/\/www.facebook.com\/CreddoSuomi\/\" \/>\n<meta property=\"article:modified_time\" content=\"2025-01-16T14:56:01+00:00\" \/>\n<meta property=\"og:image\" content=\"https:\/\/creddo.com\/fi\/wp-content\/uploads\/2021\/10\/yksinyrittaja.jpg\" \/>\n\t<meta property=\"og:image:width\" content=\"1000\" \/>\n\t<meta property=\"og:image:height\" content=\"563\" \/>\n\t<meta property=\"og:image:type\" content=\"image\/jpeg\" \/>\n<meta name=\"twitter:card\" content=\"summary_large_image\" \/>\n<meta name=\"twitter:label1\" content=\"Est. reading time\" \/>\n\t<meta name=\"twitter:data1\" content=\"4 minutes\" \/>\n<script type=\"application\/ld+json\" class=\"yoast-schema-graph\">{\"@context\":\"https:\/\/schema.org\",\"@graph\":[{\"@type\":\"WebPage\",\"@id\":\"https:\/\/creddo.com\/fi\/yrityslaina\/laina-toiminimelle\/\",\"url\":\"https:\/\/creddo.com\/fi\/yrityslaina\/laina-toiminimelle\/\",\"name\":\"Laina toiminimelle - Yritt\u00e4j\u00e4, lue vinkit t\u00e4st\u00e4 - Creddo\",\"isPartOf\":{\"@id\":\"https:\/\/creddo.com\/fi\/#website\"},\"datePublished\":\"2021-10-07T12:17:49+00:00\",\"dateModified\":\"2025-01-16T14:56:01+00:00\",\"description\":\"Meille on t\u00e4rke\u00e4\u00e4, ett\u00e4 yrityslaina toiminimelle on helppo hakea kauttamme. Lue vinkit, miten saat parhaiten lainaa toiminimelle!\",\"breadcrumb\":{\"@id\":\"https:\/\/creddo.com\/fi\/yrityslaina\/laina-toiminimelle\/#breadcrumb\"},\"inLanguage\":\"en-US\",\"potentialAction\":[{\"@type\":\"ReadAction\",\"target\":[\"https:\/\/creddo.com\/fi\/yrityslaina\/laina-toiminimelle\/\"]}]},{\"@type\":\"BreadcrumbList\",\"@id\":\"https:\/\/creddo.com\/fi\/yrityslaina\/laina-toiminimelle\/#breadcrumb\",\"itemListElement\":[{\"@type\":\"ListItem\",\"position\":1,\"name\":\"Creddo.com\",\"item\":\"https:\/\/creddo.com\/fi\/\"},{\"@type\":\"ListItem\",\"position\":2,\"name\":\"Yrityslaina\",\"item\":\"https:\/\/creddo.com\/fi\/yrityslaina\/\"},{\"@type\":\"ListItem\",\"position\":3,\"name\":\"Laina toiminimelle\"}]},{\"@type\":\"WebSite\",\"@id\":\"https:\/\/creddo.com\/fi\/#website\",\"url\":\"https:\/\/creddo.com\/fi\/\",\"name\":\"Creddo\",\"description\":\"Creddo kilpailuttaa lainat yrityksille helposti ja nopeasti!\",\"publisher\":{\"@id\":\"https:\/\/creddo.com\/fi\/#organization\"},\"potentialAction\":[{\"@type\":\"SearchAction\",\"target\":{\"@type\":\"EntryPoint\",\"urlTemplate\":\"https:\/\/creddo.com\/fi\/?s={search_term_string}\"},\"query-input\":\"required name=search_term_string\"}],\"inLanguage\":\"en-US\"},{\"@type\":\"Organization\",\"@id\":\"https:\/\/creddo.com\/fi\/#organization\",\"name\":\"Creddo\",\"url\":\"https:\/\/creddo.com\/fi\/\",\"logo\":{\"@type\":\"ImageObject\",\"inLanguage\":\"en-US\",\"@id\":\"https:\/\/creddo.com\/fi\/#\/schema\/logo\/image\/\",\"url\":\"https:\/\/creddo.com\/fi\/wp-content\/uploads\/2021\/04\/Creddo_logo_rect.png\",\"contentUrl\":\"https:\/\/creddo.com\/fi\/wp-content\/uploads\/2021\/04\/Creddo_logo_rect.png\",\"width\":500,\"height\":500,\"caption\":\"Creddo\"},\"image\":{\"@id\":\"https:\/\/creddo.com\/fi\/#\/schema\/logo\/image\/\"},\"sameAs\":[\"https:\/\/www.facebook.com\/CreddoSuomi\/\"]}]}<\/script>\n<!-- \/ Yoast SEO Premium plugin. -->","yoast_head_json":{"title":"Laina toiminimelle - Yritt\u00e4j\u00e4, lue vinkit t\u00e4st\u00e4 - Creddo","description":"Meille on t\u00e4rke\u00e4\u00e4, ett\u00e4 yrityslaina toiminimelle on helppo hakea kauttamme. Lue vinkit, miten saat parhaiten lainaa toiminimelle!","robots":{"index":"index","follow":"follow","max-snippet":"max-snippet:-1","max-image-preview":"max-image-preview:large","max-video-preview":"max-video-preview:-1"},"canonical":"https:\/\/creddo.com\/fi\/yrityslaina\/laina-toiminimelle\/","og_locale":"en_US","og_type":"article","og_title":"Laina toiminimelle - Yritt\u00e4j\u00e4, lue vinkit t\u00e4st\u00e4 - Creddo","og_description":"Meille on t\u00e4rke\u00e4\u00e4, ett\u00e4 yrityslaina toiminimelle on helppo hakea kauttamme. Lue vinkit, miten saat parhaiten lainaa toiminimelle!","og_url":"https:\/\/creddo.com\/fi\/yrityslaina\/laina-toiminimelle\/","og_site_name":"Creddo","article_publisher":"https:\/\/www.facebook.com\/CreddoSuomi\/","article_modified_time":"2025-01-16T14:56:01+00:00","og_image":[{"width":1000,"height":563,"url":"https:\/\/creddo.com\/fi\/wp-content\/uploads\/2021\/10\/yksinyrittaja.jpg","type":"image\/jpeg"}],"twitter_card":"summary_large_image","twitter_misc":{"Est. reading time":"4 minutes"},"schema":{"@context":"https:\/\/schema.org","@graph":[{"@type":"WebPage","@id":"https:\/\/creddo.com\/fi\/yrityslaina\/laina-toiminimelle\/","url":"https:\/\/creddo.com\/fi\/yrityslaina\/laina-toiminimelle\/","name":"Laina toiminimelle - Yritt\u00e4j\u00e4, lue vinkit t\u00e4st\u00e4 - Creddo","isPartOf":{"@id":"https:\/\/creddo.com\/fi\/#website"},"datePublished":"2021-10-07T12:17:49+00:00","dateModified":"2025-01-16T14:56:01+00:00","description":"Meille on t\u00e4rke\u00e4\u00e4, ett\u00e4 yrityslaina toiminimelle on helppo hakea kauttamme. Lue vinkit, miten saat parhaiten lainaa toiminimelle!","breadcrumb":{"@id":"https:\/\/creddo.com\/fi\/yrityslaina\/laina-toiminimelle\/#breadcrumb"},"inLanguage":"en-US","potentialAction":[{"@type":"ReadAction","target":["https:\/\/creddo.com\/fi\/yrityslaina\/laina-toiminimelle\/"]}]},{"@type":"BreadcrumbList","@id":"https:\/\/creddo.com\/fi\/yrityslaina\/laina-toiminimelle\/#breadcrumb","itemListElement":[{"@type":"ListItem","position":1,"name":"Creddo.com","item":"https:\/\/creddo.com\/fi\/"},{"@type":"ListItem","position":2,"name":"Yrityslaina","item":"https:\/\/creddo.com\/fi\/yrityslaina\/"},{"@type":"ListItem","position":3,"name":"Laina toiminimelle"}]},{"@type":"WebSite","@id":"https:\/\/creddo.com\/fi\/#website","url":"https:\/\/creddo.com\/fi\/","name":"Creddo","description":"Creddo kilpailuttaa lainat yrityksille helposti ja nopeasti!","publisher":{"@id":"https:\/\/creddo.com\/fi\/#organization"},"potentialAction":[{"@type":"SearchAction","target":{"@type":"EntryPoint","urlTemplate":"https:\/\/creddo.com\/fi\/?s={search_term_string}"},"query-input":"required name=search_term_string"}],"inLanguage":"en-US"},{"@type":"Organization","@id":"https:\/\/creddo.com\/fi\/#organization","name":"Creddo","url":"https:\/\/creddo.com\/fi\/","logo":{"@type":"ImageObject","inLanguage":"en-US","@id":"https:\/\/creddo.com\/fi\/#\/schema\/logo\/image\/","url":"https:\/\/creddo.com\/fi\/wp-content\/uploads\/2021\/04\/Creddo_logo_rect.png","contentUrl":"https:\/\/creddo.com\/fi\/wp-content\/uploads\/2021\/04\/Creddo_logo_rect.png","width":500,"height":500,"caption":"Creddo"},"image":{"@id":"https:\/\/creddo.com\/fi\/#\/schema\/logo\/image\/"},"sameAs":["https:\/\/www.facebook.com\/CreddoSuomi\/"]}]}},"lang":"fi","translations":{"fi":1216},"pll_sync_post":[],"_links":{"self":[{"href":"https:\/\/creddo.com\/fi\/wp-json\/wp\/v2\/pages\/1216","targetHints":{"allow":["GET"]}}],"collection":[{"href":"https:\/\/creddo.com\/fi\/wp-json\/wp\/v2\/pages"}],"about":[{"href":"https:\/\/creddo.com\/fi\/wp-json\/wp\/v2\/types\/page"}],"author":[{"embeddable":true,"href":"https:\/\/creddo.com\/fi\/wp-json\/wp\/v2\/users\/3"}],"replies":[{"embeddable":true,"href":"https:\/\/creddo.com\/fi\/wp-json\/wp\/v2\/comments?post=1216"}],"version-history":[{"count":29,"href":"https:\/\/creddo.com\/fi\/wp-json\/wp\/v2\/pages\/1216\/revisions"}],"predecessor-version":[{"id":1351,"href":"https:\/\/creddo.com\/fi\/wp-json\/wp\/v2\/pages\/1216\/revisions\/1351"}],"up":[{"embeddable":true,"href":"https:\/\/creddo.com\/fi\/wp-json\/wp\/v2\/pages\/914"}],"wp:featuredmedia":[{"embeddable":true,"href":"https:\/\/creddo.com\/fi\/wp-json\/wp\/v2\/media\/1235"}],"wp:attachment":[{"href":"https:\/\/creddo.com\/fi\/wp-json\/wp\/v2\/media?parent=1216"}],"curies":[{"name":"wp","href":"https:\/\/api.w.org\/{rel}","templated":true}]}}