{"id":1263,"date":"2021-10-15T13:21:03","date_gmt":"2021-10-15T10:21:03","guid":{"rendered":"https:\/\/creddo.com\/fi\/?page_id=1263"},"modified":"2021-12-14T14:43:34","modified_gmt":"2021-12-14T12:43:34","slug":"lainaa-uudelle-yritykselle","status":"publish","type":"page","link":"https:\/\/creddo.com\/fi\/yrityslaina\/lainaa-uudelle-yritykselle\/","title":{"rendered":"Lainaa uudelle yritykselle"},"content":{"rendered":"\n<figure class=\"wp-block-image size-full\"><img decoding=\"async\" src=\"https:\/\/creddo.com\/fi\/wp-content\/uploads\/2021\/10\/uusi-yrittaja.jpg\" alt=\"Uusi yritt\u00e4j\u00e4\" class=\"wp-image-1272\" width=\"NaN\" height=\"NaN\" srcset=\"https:\/\/creddo.com\/fi\/wp-content\/uploads\/2021\/10\/uusi-yrittaja.jpg 810w, https:\/\/creddo.com\/fi\/wp-content\/uploads\/2021\/10\/uusi-yrittaja-300x169.jpg 300w, https:\/\/creddo.com\/fi\/wp-content\/uploads\/2021\/10\/uusi-yrittaja-768x432.jpg 768w\" sizes=\"(max-width: 810px) 100vw, 810px\" \/><\/figure>\n\n\n\n<p>Uuden yrityksen perustaminen on monelle hyppy tuntemattomaan, mutta ehdottomasti riskin arvoinen teko. Koska <strong>aloittavan yrityksen rahoitus on yksi suurimmista haasteista<\/strong>, haluamme olla apunasi, kun haet lainaa uudelle yritykselle.<\/p>\n\n\n\n<p>Meid\u00e4n avullamme on mahdollista l\u00f6yt\u00e4\u00e4 nopeasti lainaa uudelle osakeyhti\u00f6lle, toiminimelle, avoimelle yhti\u00f6lle, kommandiittiyhti\u00f6lle ja osuuskunnalle.<\/p>\n\n\n\n<p>Kun yrityksellesi on y-tunnus my\u00f6nnetty ja se on merkitty kaupparekisteriin, voit hakea lainaa meilt\u00e4. Hakeminen kest\u00e4\u00e4 vain muutaman minuutin, jonka j\u00e4lkeen saat <strong>useita lainatarjouksia uudelle yrityksellesi &#8211; ilmaiseksi<\/strong>!<\/p>\n\n\n\n<p>\n<a href=\"https:\/\/creddo.com\/fi\/yrityslaina\/\" class=\"btn btn-blue\">Hae yrityslainaa<\/a>\n<\/p>\n\n\n\n<h2 class=\"wp-block-heading\" id=\"h-lainan-hakeminen-uudelle-yritykselle-on-yleist\">Lainan hakeminen uudelle yritykselle on yleist\u00e4<\/h2>\n\n\n\n<p>Ulkopuolisen rahoituksen hakeminen uudelle yritykselle on hyvin yleist\u00e4, et siis ole yksin hakiessasi lainaa uuden yritystoiminnan py\u00f6ritt\u00e4miseen!<\/p>\n\n\n\n<p><strong>Yli puolet uusista yrityksist\u00e4 hakee ulkopuolista rahoittajaa<\/strong> ja hyville liikeideoille rahoitusta on tarjolla, varsinkin jos yrityksen vastuuhenkil\u00f6t ovat takaamassa rahoitusta.<\/p>\n\n\n\n<h2 class=\"wp-block-heading\" id=\"h-uuden-yrityksen-lainavakuudet\">Uuden yrityksen lainavakuudet<\/h2>\n\n\n\n<p>Koska uudella yrityksell\u00e4 ei luonnollisesti viel\u00e4 ole luottoluokitusta, on omistajayritt\u00e4jien luottohistoria merkitt\u00e4v\u00e4ss\u00e4 roolissa. Jotta uudelle yritykselle lainaa voitaisiin my\u00f6nt\u00e4\u00e4, tulee omistajien luottotietojen olla kunnossa.<\/p>\n\n\n\n<p>Tiesitk\u00f6, ett\u00e4 <strong>voit tarkistaa henkil\u00f6kohtaiset luottotietosi kerran vuodessa ilmaiseksi<\/strong>? Uutena yritt\u00e4j\u00e4n\u00e4 suosittelemme tekem\u00e4\u00e4n t\u00e4m\u00e4n, jotta varmistut lainansaantimahdollisuuksistasi. Lis\u00e4\u00e4 tietoa <a href=\"https:\/\/creddo.com\/fi\/yrityslaina\/laina-toiminimelle\/#omat-luottotiedot\" target=\"_blank\" rel=\"noreferrer noopener\">toiminimen luottotietojen tarkistamisesta<\/a>.<\/p>\n\n\n\n<h2 class=\"wp-block-heading\" id=\"h-avullamme-lainan-hakeminen-on-helppoa\">Avullamme lainan hakeminen on helppoa<\/h2>\n\n\n\n<p><a href=\"https:\/\/creddo.com\/fi\/\">Yritysrahoitus<\/a> on helppoa ja nopeaa kilpailuttaa Creddon avulla. T\u00e4ytt\u00e4m\u00e4ll\u00e4 yhden hakemuksen, saat lainatarjouksen jopa yli kymmenelt\u00e4 lainantarjoajalta. N\u00e4in helppoa se on:<\/p>\n\n\n\n<ul class=\"wp-block-list\" type=\"1\"><li>Aloita lainan hakeminen valitsemalla lainasumma ja -aika<\/li><li>T\u00e4yt\u00e4 yrityksesi tiedot sek\u00e4 yhteystietosi ja l\u00e4het\u00e4 hakemus<\/li><li>Seuraavaksi kysymme hieman lis\u00e4tietoja hakemukseen:<ul><li>arvioitu liikevaihto<\/li><li>lainan k\u00e4ytt\u00f6tarkoitus sek\u00e4<\/li><li>mahdolliset takaajat<\/li><\/ul><\/li><li>Antamasi tiedot v\u00e4litet\u00e4\u00e4n lainantarjoajille<\/li><li>Saat tarjoukset 24 arkitunnin sis\u00e4ll\u00e4<\/li><li>Valitse uudelle yrityksellesi sopivin laina, jonka j\u00e4lkeen rahat maksetaan tilille.<\/li><\/ul>\n\n\n\n<h2 class=\"wp-block-heading\" id=\"h-n-in-aloittavan-yrityksen-rahoitushakemus-arvioidaan\">N\u00e4in aloittavan yrityksen rahoitushakemus arvioidaan<\/h2>\n\n\n\n<p>Kun uusi yritys hakee lainaa, rahoitusp\u00e4\u00e4t\u00f6s perustuu historian sijaan vahvasti tulevaisuuden riskien arviointiin. Lainantarjoajat tiet\u00e4v\u00e4t tarkasti toimialoittain, mit\u00e4 haasteita on odotettavissa.<\/p>\n\n\n\n<p>Lis\u00e4ksi lainantarjoajat kiinnitt\u00e4v\u00e4t huomiota omistajayritt\u00e4j\u00e4n varallisuuteen sek\u00e4 omistajan mahdolliseen, aiempaan yritystoimintaan. Jos omistajan yritt\u00e4j\u00e4historia sis\u00e4lt\u00e4\u00e4 esimerkiksi konkurssin, riski lainata rahaa uudelle yritykselle on korkeampi. &nbsp;<\/p>\n\n\n\n<p>Uudessa yrityksess\u00e4 yritt\u00e4j\u00e4n taloudellinen vastuu on suuremmassa roolissa. Ilman henkil\u00f6kohtaista takausta lainaa ei nimitt\u00e4in my\u00f6nnet\u00e4. T\u00e4ll\u00f6in yritt\u00e4j\u00e4 on henkil\u00f6kohtaisesti vastuussa lainan maksusta, vaikka ensisijaisena lainaajana yritys toimiikin.<\/p>\n\n\n\n<p>Kun yritt\u00e4j\u00e4 itse takaa lainaa, lainantarjoajien riski pienenee ja uuden yrityksen on mahdollista saada laina edullisemmin.<\/p>\n\n\n\n<h2 class=\"wp-block-heading\" id=\"h-mihin-aloittava-yritys-rahoitusta-tarvitsee\">Mihin aloittava yritys rahoitusta tarvitsee?<\/h2>\n\n\n\n<p>Monissa tapauksissa uusi yritys rahoittaa lainalla muun muassa laite- ja kalustohankintoja. Lis\u00e4ksi joillakin yrityksill\u00e4 on niinkin onnekas tilanne, ett\u00e4 tarvitaan lis\u00e4\u00e4 ty\u00f6ntekij\u00f6it\u00e4 heti yrityksen alkutaipaleella. Lainalla voidaan rahoittaa henkil\u00f6st\u00f6n palkkoja, kunnes raha alkaa virrata asiakkailta yrityksen kassaan. My\u00f6s varaston t\u00e4ydennys on yrityksen alkuvaiheessa t\u00e4rke\u00e4\u00e4, ja t\u00e4h\u00e4n yrityslaina soveltuu hyvin.<\/p>\n\n\n\n<p>Laina auttaa uuden liiketoiminnan laajentamisessa, olipa k\u00e4ytt\u00f6tarkoitus mik\u00e4 tahansa.<\/p>\n\n\n\n<p>Kauttamme haettu laina uudelle yrityksellesi on tehokas vaihtoehto kaikenlaisiin, nopeasti vastaan tuleviin tilanteisiin, joissa esimerkiksi perinteiset pankit ovat liian hitaita vaihtoehtoja. Lis\u00e4ksi <strong>haetun rahoituksen k\u00e4ytt\u00f6kohteen valitset itse<\/strong>.<\/p>\n\n\n\n<p>\n<a href=\"https:\/\/creddo.com\/fi\/yrityslaina\/\" class=\"btn btn-blue\">Aloita t\u00e4st\u00e4<\/a>\n<\/p>\n\n\n\n<h2 class=\"wp-block-heading\" id=\"h-paljon-uuden-yrityksen-on-mahdollista-lainaa-saada\">Paljon uuden yrityksen on mahdollista lainaa saada?<\/h2>\n\n\n\n<p>V\u00e4lit\u00e4mme lainantarjoajille hakemuksia ilman kattosummaa, mutta p\u00e4\u00e4asiassa lainat ovat suuruudeltaan 1\u00a0000 &#8211; 350\u00a0000 euroa. Koska uudella yrityksell\u00e4 ei ole viel\u00e4 luottoluokitusta, yrityksen vastuuhenkil\u00f6iden tulotaso vaikuttaa my\u00f6nnett\u00e4v\u00e4\u00e4n lainasummaan.<\/p>\n\n\n\n<p>Uudessa yrityksess\u00e4 omistaja tai omistajat takaavat lainan, eli omistajien varallisuus on merkitt\u00e4v\u00e4ss\u00e4 roolissa. Jos omistajilla ei ole merkitt\u00e4v\u00e4\u00e4 varallisuutta, uudelle yritykselle my\u00f6nnett\u00e4v\u00e4 laina on noin 1 000 &#8211; 20&nbsp;000 euroa.<\/p>\n\n\n\n<h2 class=\"wp-block-heading\" id=\"h-lainaa-uudelle-yritykselle-pankista\">Lainaa uudelle yritykselle pankista<\/h2>\n\n\n\n<p>Onko perinteinen pankki hyv\u00e4 vaihtoehto uudelle yritykselle, kun haetaan rahoitusta? P\u00e4\u00e4s\u00e4\u00e4nt\u00f6isesti perinteiset pankit ovat edullisempia vaihtoehtoja, mutta pankit tarjoavat lainaa vain realisoitavia vakuuksia vastaan.<\/p>\n\n\n\n<p>Pankki vaatii uuden yrityksen lainan vakuudeksi esimerkiksi<\/p>\n\n\n\n<ul class=\"wp-block-list\"><li>Rakennuksia<\/li><li>Maa-alueita<\/li><li>Osakkeita<\/li><li>Omistajayritt\u00e4j\u00e4n omaisuutta.<\/li><\/ul>\n\n\n\n<p>Pankki saattaa vaatia my\u00f6s olemassa olevia asiakassopimuksia tarkastettavaksi, jotta yrityksen tuloista saadaan lis\u00e4\u00e4 vakuuksia.<\/p>\n\n\n\n<p><strong>My\u00f6s hitaus on perinteisten pankkien heikkous<\/strong>. Pankit k\u00e4ytt\u00e4v\u00e4t suurimman osan resursseistaan henkil\u00f6asiakkaiden sek\u00e4 suurten yritysten palvelemiseen, jolloin uudet yritykset j\u00e4\u00e4v\u00e4t toisarvoisiksi.<\/p>\n\n\n\n<p>Uusien yritysten kannalta onkin merkitt\u00e4v\u00e4\u00e4, ett\u00e4 pankkien rinnalle on tullut yksityisi\u00e4 yrityksi\u00e4, jotka tarjoavat lainaa sek\u00e4 vanhoille ett\u00e4 uusille yrityksille. Me Creddolla haluamme yhdist\u00e4\u00e4 uudet yritykset n\u00e4ihin lainantarjoajiin, joilta voit saada lainan edullisesti ja nopeasti.<\/p>\n\n\n\n<h2 class=\"wp-block-heading\" id=\"h-mit-muita-rahoitusvaihtoehtoja-uudella-yrityksell-on\">Mit\u00e4 muita rahoitusvaihtoehtoja uudella yrityksell\u00e4 on?<\/h2>\n\n\n\n<p>Perinteisten pankkien sek\u00e4 erilaisten sijoitus- ja rahoitusyhti\u00f6iden tarjoamien yrityslainojen lis\u00e4ksi uudella yrityksell\u00e4 on toki muitakin rahoitusvaihtoehtoja.<\/p>\n\n\n\n<p>Hyv\u00e4n liikeidean omaavien yritysten on mahdollista saada rahoitusta startup- ja enkelisijoittajilta, jotka etsiv\u00e4t rahalleen tuottavaa k\u00e4ytt\u00f6\u00e4. T\u00e4llaisissa tapauksissa sijoittajat saavat rahoitusta vastaan yleens\u00e4 osuuksia yrityksest\u00e4, eli <strong>henkil\u00f6yhti\u00f6ille t\u00e4m\u00e4 ei sovi<\/strong>.<\/p>\n\n\n\n<p>Luonnollinen vaihtoehto on rahoittaa yrityst\u00e4 itse. Yritystoiminnan voi aloittaa esimerkiksi lainaamalla omaa rahaa yritykselle. Lainan yritys sitten maksaa omistajalleen takaisin, kun kassa sen mahdollistaa.<\/p>\n\n\n\n<p><strong>Helpoin ja nopein tapa saada rahoitusta on kilpailuttaa lainantarjoajat<\/strong> Creddon avulla. Koko prosessi tapahtuu netiss\u00e4 ja rahat ovat yrityksesi tilill\u00e4 muutamassa p\u00e4iv\u00e4ss\u00e4.<\/p>\n\n\n\n<h2 class=\"wp-block-heading\" id=\"h-creddo-apunasi-alusta-alkaen\">Creddo apunasi alusta alkaen<\/h2>\n\n\n\n<p>Me Creddolla arvostamme yritt\u00e4jyytt\u00e4 ja haluammekin olla uusien yritysten tukena alusta alkaen. Voit riskitt\u00f6m\u00e4sti kilpailuttaa lainan yrityksellesi palvelumme kautta. Se ei maksa mit\u00e4\u00e4n ja et sitoudu mihink\u00e4\u00e4n.<\/p>\n\n\n\n<p>Voit hyv\u00e4ksy\u00e4 saamasi lainatarjouksen tai hyl\u00e4t\u00e4 sen, p\u00e4\u00e4t\u00f6ksen teet itse. Otitpa lainan uudelle yrityksellesi kauttamme tai et, olet aina tervetullut uudestaan palveluumme, kun rahoitusta tarvitset.<\/p>\n\n\n\n<p>\n<a href=\"https:\/\/creddo.com\/fi\/yrityslaina\/\" class=\"btn btn-blue\">Hae yrityslainaa<\/a>\n<\/p>\n","protected":false},"excerpt":{"rendered":"<p>Uuden yrityksen perustaminen on monelle hyppy tuntemattomaan, mutta ehdottomasti riskin arvoinen teko. Koska aloittavan yrityksen rahoitus on yksi suurimmista haasteista, haluamme olla apunasi, kun haet lainaa uudelle yritykselle. Meid\u00e4n avullamme on mahdollista l\u00f6yt\u00e4\u00e4 nopeasti lainaa uudelle osakeyhti\u00f6lle, toiminimelle, avoimelle yhti\u00f6lle, kommandiittiyhti\u00f6lle ja osuuskunnalle. Kun yrityksellesi on y-tunnus my\u00f6nnetty ja se on merkitty kaupparekisteriin, voit hakea [&hellip;]<\/p>\n","protected":false},"author":3,"featured_media":1272,"parent":914,"menu_order":0,"comment_status":"closed","ping_status":"closed","template":"creddopage.php","meta":{"footnotes":""},"class_list":["post-1263","page","type-page","status-publish","has-post-thumbnail","hentry"],"acf":[],"yoast_head":"<!-- This site is optimized with the Yoast SEO Premium plugin v16.0 (Yoast SEO v20.7) - https:\/\/yoast.com\/wordpress\/plugins\/seo\/ -->\n<title>Lainaa uudelle yritykselle - Katso vinkit ja hae - Creddo<\/title>\n<meta name=\"description\" content=\"Koska aloittavan yrityksen rahoitus on yksi suurimmista haasteista, haluamme olla apunasi, kun haet lainaa uudelle yritykselle - Tutustu!\" \/>\n<meta name=\"robots\" content=\"index, follow, max-snippet:-1, max-image-preview:large, max-video-preview:-1\" \/>\n<link rel=\"canonical\" href=\"https:\/\/creddo.com\/fi\/yrityslaina\/lainaa-uudelle-yritykselle\/\" \/>\n<meta property=\"og:locale\" content=\"en_US\" \/>\n<meta property=\"og:type\" content=\"article\" \/>\n<meta property=\"og:title\" content=\"Lainaa uudelle yritykselle - Katso vinkit ja hae - Creddo\" \/>\n<meta property=\"og:description\" content=\"Koska aloittavan yrityksen rahoitus on yksi suurimmista haasteista, haluamme olla apunasi, kun haet lainaa uudelle yritykselle - Tutustu!\" \/>\n<meta property=\"og:url\" content=\"https:\/\/creddo.com\/fi\/yrityslaina\/lainaa-uudelle-yritykselle\/\" \/>\n<meta property=\"og:site_name\" content=\"Creddo\" \/>\n<meta property=\"article:publisher\" content=\"https:\/\/www.facebook.com\/CreddoSuomi\/\" \/>\n<meta property=\"article:modified_time\" content=\"2021-12-14T12:43:34+00:00\" \/>\n<meta property=\"og:image\" content=\"https:\/\/creddo.com\/fi\/wp-content\/uploads\/2021\/10\/uusi-yrittaja.jpg\" \/>\n\t<meta property=\"og:image:width\" content=\"810\" \/>\n\t<meta property=\"og:image:height\" content=\"456\" \/>\n\t<meta property=\"og:image:type\" content=\"image\/jpeg\" \/>\n<meta name=\"twitter:card\" content=\"summary_large_image\" \/>\n<meta name=\"twitter:label1\" content=\"Est. reading time\" \/>\n\t<meta name=\"twitter:data1\" content=\"4 minutes\" \/>\n<script type=\"application\/ld+json\" class=\"yoast-schema-graph\">{\"@context\":\"https:\/\/schema.org\",\"@graph\":[{\"@type\":\"WebPage\",\"@id\":\"https:\/\/creddo.com\/fi\/yrityslaina\/lainaa-uudelle-yritykselle\/\",\"url\":\"https:\/\/creddo.com\/fi\/yrityslaina\/lainaa-uudelle-yritykselle\/\",\"name\":\"Lainaa uudelle yritykselle - Katso vinkit ja hae - Creddo\",\"isPartOf\":{\"@id\":\"https:\/\/creddo.com\/fi\/#website\"},\"datePublished\":\"2021-10-15T10:21:03+00:00\",\"dateModified\":\"2021-12-14T12:43:34+00:00\",\"description\":\"Koska aloittavan yrityksen rahoitus on yksi suurimmista haasteista, haluamme olla apunasi, kun haet lainaa uudelle yritykselle - Tutustu!\",\"breadcrumb\":{\"@id\":\"https:\/\/creddo.com\/fi\/yrityslaina\/lainaa-uudelle-yritykselle\/#breadcrumb\"},\"inLanguage\":\"en-US\",\"potentialAction\":[{\"@type\":\"ReadAction\",\"target\":[\"https:\/\/creddo.com\/fi\/yrityslaina\/lainaa-uudelle-yritykselle\/\"]}]},{\"@type\":\"BreadcrumbList\",\"@id\":\"https:\/\/creddo.com\/fi\/yrityslaina\/lainaa-uudelle-yritykselle\/#breadcrumb\",\"itemListElement\":[{\"@type\":\"ListItem\",\"position\":1,\"name\":\"Creddo.com\",\"item\":\"https:\/\/creddo.com\/fi\/\"},{\"@type\":\"ListItem\",\"position\":2,\"name\":\"Yrityslaina\",\"item\":\"https:\/\/creddo.com\/fi\/yrityslaina\/\"},{\"@type\":\"ListItem\",\"position\":3,\"name\":\"Lainaa uudelle yritykselle\"}]},{\"@type\":\"WebSite\",\"@id\":\"https:\/\/creddo.com\/fi\/#website\",\"url\":\"https:\/\/creddo.com\/fi\/\",\"name\":\"Creddo\",\"description\":\"Creddo kilpailuttaa lainat yrityksille helposti ja nopeasti!\",\"publisher\":{\"@id\":\"https:\/\/creddo.com\/fi\/#organization\"},\"potentialAction\":[{\"@type\":\"SearchAction\",\"target\":{\"@type\":\"EntryPoint\",\"urlTemplate\":\"https:\/\/creddo.com\/fi\/?s={search_term_string}\"},\"query-input\":\"required name=search_term_string\"}],\"inLanguage\":\"en-US\"},{\"@type\":\"Organization\",\"@id\":\"https:\/\/creddo.com\/fi\/#organization\",\"name\":\"Creddo\",\"url\":\"https:\/\/creddo.com\/fi\/\",\"logo\":{\"@type\":\"ImageObject\",\"inLanguage\":\"en-US\",\"@id\":\"https:\/\/creddo.com\/fi\/#\/schema\/logo\/image\/\",\"url\":\"https:\/\/creddo.com\/fi\/wp-content\/uploads\/2021\/04\/Creddo_logo_rect.png\",\"contentUrl\":\"https:\/\/creddo.com\/fi\/wp-content\/uploads\/2021\/04\/Creddo_logo_rect.png\",\"width\":500,\"height\":500,\"caption\":\"Creddo\"},\"image\":{\"@id\":\"https:\/\/creddo.com\/fi\/#\/schema\/logo\/image\/\"},\"sameAs\":[\"https:\/\/www.facebook.com\/CreddoSuomi\/\"]}]}<\/script>\n<!-- \/ Yoast SEO Premium plugin. -->","yoast_head_json":{"title":"Lainaa uudelle yritykselle - Katso vinkit ja hae - Creddo","description":"Koska aloittavan yrityksen rahoitus on yksi suurimmista haasteista, haluamme olla apunasi, kun haet lainaa uudelle yritykselle - Tutustu!","robots":{"index":"index","follow":"follow","max-snippet":"max-snippet:-1","max-image-preview":"max-image-preview:large","max-video-preview":"max-video-preview:-1"},"canonical":"https:\/\/creddo.com\/fi\/yrityslaina\/lainaa-uudelle-yritykselle\/","og_locale":"en_US","og_type":"article","og_title":"Lainaa uudelle yritykselle - Katso vinkit ja hae - Creddo","og_description":"Koska aloittavan yrityksen rahoitus on yksi suurimmista haasteista, haluamme olla apunasi, kun haet lainaa uudelle yritykselle - Tutustu!","og_url":"https:\/\/creddo.com\/fi\/yrityslaina\/lainaa-uudelle-yritykselle\/","og_site_name":"Creddo","article_publisher":"https:\/\/www.facebook.com\/CreddoSuomi\/","article_modified_time":"2021-12-14T12:43:34+00:00","og_image":[{"width":810,"height":456,"url":"https:\/\/creddo.com\/fi\/wp-content\/uploads\/2021\/10\/uusi-yrittaja.jpg","type":"image\/jpeg"}],"twitter_card":"summary_large_image","twitter_misc":{"Est. reading time":"4 minutes"},"schema":{"@context":"https:\/\/schema.org","@graph":[{"@type":"WebPage","@id":"https:\/\/creddo.com\/fi\/yrityslaina\/lainaa-uudelle-yritykselle\/","url":"https:\/\/creddo.com\/fi\/yrityslaina\/lainaa-uudelle-yritykselle\/","name":"Lainaa uudelle yritykselle - Katso vinkit ja hae - Creddo","isPartOf":{"@id":"https:\/\/creddo.com\/fi\/#website"},"datePublished":"2021-10-15T10:21:03+00:00","dateModified":"2021-12-14T12:43:34+00:00","description":"Koska aloittavan yrityksen rahoitus on yksi suurimmista haasteista, haluamme olla apunasi, kun haet lainaa uudelle yritykselle - Tutustu!","breadcrumb":{"@id":"https:\/\/creddo.com\/fi\/yrityslaina\/lainaa-uudelle-yritykselle\/#breadcrumb"},"inLanguage":"en-US","potentialAction":[{"@type":"ReadAction","target":["https:\/\/creddo.com\/fi\/yrityslaina\/lainaa-uudelle-yritykselle\/"]}]},{"@type":"BreadcrumbList","@id":"https:\/\/creddo.com\/fi\/yrityslaina\/lainaa-uudelle-yritykselle\/#breadcrumb","itemListElement":[{"@type":"ListItem","position":1,"name":"Creddo.com","item":"https:\/\/creddo.com\/fi\/"},{"@type":"ListItem","position":2,"name":"Yrityslaina","item":"https:\/\/creddo.com\/fi\/yrityslaina\/"},{"@type":"ListItem","position":3,"name":"Lainaa uudelle yritykselle"}]},{"@type":"WebSite","@id":"https:\/\/creddo.com\/fi\/#website","url":"https:\/\/creddo.com\/fi\/","name":"Creddo","description":"Creddo kilpailuttaa lainat yrityksille helposti ja nopeasti!","publisher":{"@id":"https:\/\/creddo.com\/fi\/#organization"},"potentialAction":[{"@type":"SearchAction","target":{"@type":"EntryPoint","urlTemplate":"https:\/\/creddo.com\/fi\/?s={search_term_string}"},"query-input":"required name=search_term_string"}],"inLanguage":"en-US"},{"@type":"Organization","@id":"https:\/\/creddo.com\/fi\/#organization","name":"Creddo","url":"https:\/\/creddo.com\/fi\/","logo":{"@type":"ImageObject","inLanguage":"en-US","@id":"https:\/\/creddo.com\/fi\/#\/schema\/logo\/image\/","url":"https:\/\/creddo.com\/fi\/wp-content\/uploads\/2021\/04\/Creddo_logo_rect.png","contentUrl":"https:\/\/creddo.com\/fi\/wp-content\/uploads\/2021\/04\/Creddo_logo_rect.png","width":500,"height":500,"caption":"Creddo"},"image":{"@id":"https:\/\/creddo.com\/fi\/#\/schema\/logo\/image\/"},"sameAs":["https:\/\/www.facebook.com\/CreddoSuomi\/"]}]}},"lang":"fi","translations":{"fi":1263},"pll_sync_post":[],"_links":{"self":[{"href":"https:\/\/creddo.com\/fi\/wp-json\/wp\/v2\/pages\/1263","targetHints":{"allow":["GET"]}}],"collection":[{"href":"https:\/\/creddo.com\/fi\/wp-json\/wp\/v2\/pages"}],"about":[{"href":"https:\/\/creddo.com\/fi\/wp-json\/wp\/v2\/types\/page"}],"author":[{"embeddable":true,"href":"https:\/\/creddo.com\/fi\/wp-json\/wp\/v2\/users\/3"}],"replies":[{"embeddable":true,"href":"https:\/\/creddo.com\/fi\/wp-json\/wp\/v2\/comments?post=1263"}],"version-history":[{"count":11,"href":"https:\/\/creddo.com\/fi\/wp-json\/wp\/v2\/pages\/1263\/revisions"}],"predecessor-version":[{"id":1295,"href":"https:\/\/creddo.com\/fi\/wp-json\/wp\/v2\/pages\/1263\/revisions\/1295"}],"up":[{"embeddable":true,"href":"https:\/\/creddo.com\/fi\/wp-json\/wp\/v2\/pages\/914"}],"wp:featuredmedia":[{"embeddable":true,"href":"https:\/\/creddo.com\/fi\/wp-json\/wp\/v2\/media\/1272"}],"wp:attachment":[{"href":"https:\/\/creddo.com\/fi\/wp-json\/wp\/v2\/media?parent=1263"}],"curies":[{"name":"wp","href":"https:\/\/api.w.org\/{rel}","templated":true}]}}