{"id":1298,"date":"2022-01-24T10:09:15","date_gmt":"2022-01-24T08:09:15","guid":{"rendered":"https:\/\/creddo.com\/fi\/?page_id=1298"},"modified":"2022-01-24T10:09:17","modified_gmt":"2022-01-24T08:09:17","slug":"vakuudettomat-yrityslainat","status":"publish","type":"page","link":"https:\/\/creddo.com\/fi\/yrityslaina\/vakuudettomat-yrityslainat\/","title":{"rendered":"Vakuudettomat yrityslainat"},"content":{"rendered":"\n<figure class=\"wp-block-image size-full width:100%\"><img decoding=\"async\" src=\"https:\/\/creddo.com\/fi\/wp-content\/uploads\/2022\/01\/yrittaja-hakee-tietoa-vakuudettomasta-yrityslainasta.jpg\" alt=\"Yritt\u00e4j\u00e4 hakee tietoa vakuudettomista yrityslainoista\" class=\"wp-image-1308\" width=\"NaN\" height=\"NaN\" srcset=\"https:\/\/creddo.com\/fi\/wp-content\/uploads\/2022\/01\/yrittaja-hakee-tietoa-vakuudettomasta-yrityslainasta.jpg 1000w, https:\/\/creddo.com\/fi\/wp-content\/uploads\/2022\/01\/yrittaja-hakee-tietoa-vakuudettomasta-yrityslainasta-300x169.jpg 300w, https:\/\/creddo.com\/fi\/wp-content\/uploads\/2022\/01\/yrittaja-hakee-tietoa-vakuudettomasta-yrityslainasta-768x432.jpg 768w\" sizes=\"(max-width: 1000px) 100vw, 1000px\" \/><\/figure>\n\n\n\n<p>Vakuudettomat yrityslainat ovat lainoja, joille lainanottajan ei tarvitse asettaa mit\u00e4\u00e4n vakuuksia ja riski lainasta on lainantarjoajalla. Reaalimaailmassa t\u00e4llaisia lainoja ei ole tarjolla, vaan <strong>termi vakuudeton yrityslaina on markkinointitermi reaalivakuudettomalle yrityslainalle<\/strong>.<\/p>\n\n\n\n<p>Netiss\u00e4 tarjottavat vakuudettomat yrityslainat ovat p\u00e4\u00e4asiassa lainoja, joille ei tarvitse asettaa reaalivakuuksia. Lainan vakuutena toimii ainoastaan henkil\u00f6kohtainen takaus.<\/p>\n\n\n\n<p>\n<a href=\"https:\/\/creddo.com\/fi\/yrityslaina\/\" class=\"btn btn-blue\">Kilpailuta yrityslainat t\u00e4st\u00e4<\/a>\n<\/p>\n\n\n\n<h2 class=\"wp-block-heading\" id=\"h-reaalivakuuden-ja-henkil-takauksen-ero\">Reaalivakuuden ja henkil\u00f6takauksen ero<\/h2>\n\n\n\n<p><strong>Reaalivakuudella tarkoitetaan fyysist\u00e4 omaisuutta<\/strong>, jota voidaan k\u00e4ytt\u00e4\u00e4 lainan vakuutena. T\u00e4llaisia ovat esimerkiksi rahatalletus, kiinteist\u00f6t, arvopaperit tai esineet ja laitteet, joiden rahallinen arvo on m\u00e4\u00e4ritett\u00e4viss\u00e4.<\/p>\n\n\n\n<p>Henkil\u00f6takauksessa taas lainalle ei tarvitse asettaa mit\u00e4\u00e4n omaisuutta pantiksi. K\u00e4yt\u00e4nn\u00f6ss\u00e4 <strong>lainan takaaja suostuu vastaamaan lainan takaisinmaksusta<\/strong>, jos yritys ei jostain syyst\u00e4 takaisinmaksuerist\u00e4 suoriudu. Takaajan henkil\u00f6kohtaiseen omaisuuteen ei kuitenkaan muodostu panttioikeutta, eli pelkoa esimerkiksi henkil\u00f6kohtaisen asunnon menett\u00e4misest\u00e4 ei pahimmassakaan tapauksessa ole, kuten esimerkiksi reaalivakuudellisessa lainassa.<\/p>\n\n\n\n<h2 class=\"wp-block-heading\">Miksi valita vakuudeton yrityslaina?<\/h2>\n\n\n\n<p><strong>Vakuudettomat yrityslainat ovat paljon joustavampia<\/strong> kuin vakuudelliset lainat. Ne eiv\u00e4t kuitenkaan sulje toisiaan pois, vaan sek\u00e4 yrityslainaa ilman vakuuksia ett\u00e4 vakuudella voi olla samanaikaisesti.<\/p>\n\n\n\n<p>Alla on muutamia esimerkkej\u00e4, milloin vakuudeton yrityslaina on hyv\u00e4 vaihtoehto.<\/p>\n\n\n\n<ul class=\"wp-block-list\"><li>Yritys tarvitsee lainaa nopeasti, muutaman pankkip\u00e4iv\u00e4n sis\u00e4ll\u00e4.<\/li><li>Yrityksell\u00e4 ei ole reaalivakuuksia tai se ei halua sitoa niit\u00e4 lainaan.<\/li><li>Reaalivakuudet ovat sidottuna jo esimerkiksi pankkilainaan ja tarvitaan lis\u00e4rahoitusta.<\/li><li>Pankki ei my\u00f6nn\u00e4 lainaa.<\/li><\/ul>\n\n\n\n<p>Ennen kaikkea <strong>nopeus on vakuudettoman yrityslainan suurimpia valtteja<\/strong>. Jos tarvitaan yrityslainaa nopeasti, onnistuu se t\u00e4m\u00e4n tuotteen avulla.<\/p>\n\n\n\n<h2 class=\"wp-block-heading\">Vakuudettoman yrityslainan k\u00e4ytt\u00f6tilanteita<\/h2>\n\n\n\n<p>Jokainen yritys on erilainen ja tilanteet sek\u00e4 rahantarve vaihtelevat. Kuten edell\u00e4 on mainittu, nopeus on vakuudettomissa lainatuotteissa etu. Jos siis rahantarve tulee pienell\u00e4 varoitusajalla, vakuudettomat yrityslainat ovat hyv\u00e4 vaihtoehto.<\/p>\n\n\n\n<p>Alle on listattuna mahdollisia tilanteita, joissa nopea rahoitus on t\u00e4rke\u00e4\u00e4.<\/p>\n\n\n\n<ul class=\"wp-block-list\"><li>Yrityksen toiminnalle t\u00e4rke\u00e4 laite rikkoutuu ja korjaamiseen tarvitaan v\u00e4litt\u00f6m\u00e4sti rahaa.<\/li><li>Yrityksen toiminta on kausiluonteista ja hiljaisempia hetki\u00e4 on paikattava rahoituksella.<\/li><li>Tilap\u00e4isen kassavajeen paikkaus tilanteessa kuin tilanteessa.<\/li><\/ul>\n\n\n\n<p>Yleisesti ottaen vakuudeton yrityslaina on j\u00e4rkev\u00e4 vaihtoehto aina, kun sill\u00e4 voidaan tasata yrityksen toimintaa. Varsinkin tilanteissa, joissa lainalla hankittu investointi tuottaa enemm\u00e4n kuin kulut ovat, voidaan perustellusti suositella vakuudetonta yrityslainaa.<\/p>\n\n\n\n<h2 class=\"wp-block-heading\">Mit\u00e4 huonoja puolia vakuudettomissa yrityslainoissa on?<\/h2>\n\n\n\n<p>Hinta. Lainantarjoajat ottavat suuremman riskin my\u00f6nt\u00e4ess\u00e4\u00e4n lainaa ilman vakuuksia yrityksille, jolloin korko on korkeampi kuin vakuudellisissa lainoissa.<\/p>\n\n\n\n<p><strong>Vakuudettomat yrityslainat omaavat noin 10 &#8211; 40 % vuosikoron<\/strong>. Korot voivat olla my\u00f6s suurempia, mutta kilpailuttamalla yrityslainat miltei kaikilla yrityksill\u00e4 on mahdollista p\u00e4\u00e4st\u00e4 t\u00e4h\u00e4n korkohaarukkaan.<\/p>\n\n\n\n<p>\n<a href=\"https:\/\/creddo.com\/fi\/yrityslaina\/\" class=\"btn btn-blue\">Kilpailuta yrityslainat<\/a>\n<\/p>\n\n\n\n<h2 class=\"wp-block-heading\">Mist\u00e4 vakuudettoman yrityslainan kulut koostuvat?<\/h2>\n\n\n\n<p>Kulurakenne riippuu lainantarjoajasta. Eri lainantarjoajilla on poikkeavia k\u00e4yt\u00e4nt\u00f6j\u00e4. P\u00e4\u00e4s\u00e4\u00e4nt\u00f6isesti kulut koostuvat joistakin seuraavista tekij\u00f6ist\u00e4:<\/p>\n\n\n\n<ul class=\"wp-block-list\"><li>Kuukausikorko<\/li><li>Tilinhoitomaksu<\/li><li>Kuukausimaksu<\/li><\/ul>\n\n\n\n<p>Kulut voivat koostua my\u00f6s n\u00e4iden yhdistelmist\u00e4.<\/p>\n\n\n\n<p>Kun kilpailutat lainan kauttamme, voit helposti vertailla eri kulurakenteita, vaikka ne poikkeaisivat toisistaan.<\/p>\n\n\n\n<h2 class=\"wp-block-heading\">Creddo kilpailuttaa vakuudettomat yrityslainat<\/h2>\n\n\n\n<p>Helpoin ja nopein tapa l\u00f6yt\u00e4\u00e4 edullisin <strong>vakuudeton yrityslaina<\/strong> on kilpailuttaa lainantarjoajat palvelumme kautta. T\u00e4m\u00e4 onnistuu t\u00e4ysin ilmaiseksi.<\/p>\n\n\n\n<p>Creddon avulla kaiken kokoiset yritykset voivat kilpailuttaa lainatarpeensa 1000 &#8211; 350 000 euron v\u00e4lilt\u00e4. Maksuaikaa on mahdollista saada jopa 3 vuotta.<\/p>\n\n\n\n<p>\n<a href=\"https:\/\/creddo.com\/fi\/yrityslaina\/\" class=\"btn btn-blue\">Aloita kilpailutus<\/a>\n<\/p>\n\n\n\n<h2 class=\"wp-block-heading\">Kuinka paljon vakuudetonta lainaa voi saada?<\/h2>\n\n\n\n<p>Lainaa hakevan yrityksen liikevaihto vaikuttaa paljon my\u00f6nnett\u00e4v\u00e4n lainan suuruuteen. Johtuen suuremmasta riskist\u00e4, vakuudettomien yrityslainojen osalta pyrit\u00e4\u00e4n olla my\u00f6nt\u00e4m\u00e4tt\u00e4 ylisuurta lainaa. T\u00e4st\u00e4 syyst\u00e4 lainantarjoajat hylk\u00e4\u00e4v\u00e4t automaattisesti ylisuuret lainahakemukset.<\/p>\n\n\n\n<p>Realistinen vakuudeton yrityslaina on suuruudeltaan<strong> alle 50 % yrityksen vuotuisesta liikevaihdosta<\/strong>. Suositeltu laina on noin 20 \u2013 30 % vuotuisesta liikevaihdosta.<\/p>\n\n\n\n<p>1 000 &#8211; 20 000 euron lainoissa liikevaihto ei n\u00e4yttele merkitt\u00e4v\u00e4\u00e4 roolia. N\u00e4iss\u00e4 lainasummissa henkil\u00f6takaajan luottotiedot ovat t\u00e4rke\u00e4mm\u00e4t.<\/p>\n\n\n\n<h2 class=\"wp-block-heading\">Miten kilpailutus toimii?<\/h2>\n\n\n\n<p>Vakuudettomien yrityslainojen kilpailutus on helppoa ja nopeaa palvelumme avulla. T\u00e4yt\u00e4t vain yhden hakemuksen palvelussamme ja toimitamme sen puolestasi ilmaiseksi yleisimmille lainantarjoajille Suomessa. N\u00e4it\u00e4 ovat muun muassa Amex Yrityslaina, BusinessCredit, CapitalBox, Credinord, Kasvurahoitus, Koin Capital, Fellow Finance, Qred sek\u00e4 Svea.<\/p>\n\n\n\n<ul class=\"wp-block-list\"><li>Ensimm\u00e4inen teht\u00e4v\u00e4 on <a href=\"https:\/\/creddo.com\/fi\/\">valita lainasumma ja -aika<\/a><\/li><li>T\u00e4yt\u00e4 yrityksesi tiedot sek\u00e4 yhteystietosi<\/li><li>Seuraavaksi kysymme seuraavat lis\u00e4tiedot hakemukseen:<ul><li>yrityksesi arvioitu liikevaihto<\/li><li>lainan k\u00e4ytt\u00f6tarkoitus sek\u00e4<\/li><li>takaajan tiedot<\/li><\/ul><\/li><li>L\u00e4het\u00e4 hakemus<\/li><li>Tiedot v\u00e4litet\u00e4\u00e4n seuraavaksi lainantarjoajille<\/li><li>Saat lainatarjoukset 24 arkitunnin sis\u00e4ll\u00e4 portaaliimme.<\/li><\/ul>\n\n\n\n<p>Kaikki lainatarjoukset n\u00e4et helposti portaalissamme, josta voit my\u00f6s valita yrityksellesi sopivimman lainan. Ilmoitamme viestill\u00e4 aina, kun saat uuden lainatarjouksen. <strong>Kaikki lainantarjoajat k\u00e4sittelev\u00e4t hakemuksesi 24 arkitunnin sis\u00e4ll\u00e4<\/strong>. <\/p>\n\n\n\n<p>Ilmoitamme sinulle, kun kaikki lainantarjoajat ovat k\u00e4sitelleet hakemuksen.<\/p>\n\n\n\n<p>\n<a href=\"https:\/\/creddo.com\/fi\/yrityslaina\/\" class=\"btn btn-blue\">Aloita t\u00e4st\u00e4<\/a>\n<\/p>\n\n\n\n<h2 class=\"wp-block-heading\">Ehdot vakuudettoman yrityslainan saamiselle<\/h2>\n\n\n\n<ul class=\"wp-block-list\"><li>Yrityksell\u00e4 ei saa olla maksuh\u00e4iri\u00f6merkint\u00f6j\u00e4 tai verovelkaa<\/li><li>Henkil\u00f6takaajalla ei saa olla maksuh\u00e4iri\u00f6merkint\u00f6j\u00e4<\/li><li>Lainaa hakevan yrityksen tulee olla suomalainen<\/li><li>Yrityksen tulee olla aktiivisena kaupparekisteriss\u00e4.<\/li><\/ul>\n\n\n\n<p>Lainantarjoajat tarkistavat hakijan luottotiedot hakemuksen yhteydess\u00e4.<\/p>\n\n\n\n<h2 class=\"wp-block-heading\">Vaihtoehtoja vakuudettomille yrityslainoille<\/h2>\n\n\n\n<p>Karkeasti kiteytettyn\u00e4 vaihtoehtoja vakuudettomille yrityslainoille ovat pankkien vakuudelliset yrityslainat sek\u00e4 erilaiset laite\/kalustorahoitukset.<\/p>\n\n\n\n<p>Kun esimerkiksi pankista haetaan yrityslainaa, on se miltei aina vakuudellista. T\u00e4m\u00e4 tarkoittaa, ett\u00e4 lainalle pit\u00e4\u00e4 asettaa jokin reaalivakuus. Yleinen harhaluulo on, ett\u00e4 reaalivakuus riitt\u00e4\u00e4 pankkilainoissa. N\u00e4in ei kuitenkaan ole, vaan yritt\u00e4j\u00e4n tulee antaa lainalle my\u00f6s henkil\u00f6takaus.<\/p>\n\n\n\n<p>Laite- ja kalustorahoitteisessa lainavaihtoehdossa itse laite tai kalusto on lainan reaalivakuutena. My\u00f6s t\u00e4ss\u00e4 lainamuodossa henkil\u00f6takaus tulee kuitenkin antaa, eli laite kattaa vain osan lainasta.<\/p>\n\n\n\n<p>Vaihtoehtoja siis vakuudettomalle yrityslainalle on, mutta t\u00e4rke\u00e4\u00e4 on muistaa, ett\u00e4 <strong>henkil\u00f6kohtainen takaus tulee aina antaa<\/strong>.<\/p>\n\n\n\n<h2 class=\"wp-block-heading\">Kilpailuta vakuudettomat yrityslainat nyt<\/h2>\n\n\n\n<p>Olipa lainatarpeesi mink\u00e4lainen tahansa, avullamme saat vakuudettoman yrityslainan mahdollisimman alhaiseen hintaan. Aloita hakeminen alta ja ole meihin rohkeasti yhteydess\u00e4, jos sinulla on kysytt\u00e4v\u00e4\u00e4 vakuudettomista yrityslainoista!<\/p>\n\n\n\n<p>\n<a href=\"https:\/\/creddo.com\/fi\/yrityslaina\/\" class=\"btn btn-blue\">Aloita hakemus<\/a>\n<\/p>\n","protected":false},"excerpt":{"rendered":"<p>Vakuudettomat yrityslainat ovat lainoja, joille lainanottajan ei tarvitse asettaa mit\u00e4\u00e4n vakuuksia ja riski lainasta on lainantarjoajalla. Reaalimaailmassa t\u00e4llaisia lainoja ei ole tarjolla, vaan termi vakuudeton yrityslaina on markkinointitermi reaalivakuudettomalle yrityslainalle. Netiss\u00e4 tarjottavat vakuudettomat yrityslainat ovat p\u00e4\u00e4asiassa lainoja, joille ei tarvitse asettaa reaalivakuuksia. Lainan vakuutena toimii ainoastaan henkil\u00f6kohtainen takaus. Kilpailuta yrityslainat t\u00e4st\u00e4 Reaalivakuuden ja henkil\u00f6takauksen ero [&hellip;]<\/p>\n","protected":false},"author":3,"featured_media":0,"parent":914,"menu_order":0,"comment_status":"closed","ping_status":"closed","template":"creddopage.php","meta":{"footnotes":""},"class_list":["post-1298","page","type-page","status-publish","hentry"],"acf":[],"yoast_head":"<!-- This site is optimized with the Yoast SEO Premium plugin v16.0 (Yoast SEO v20.7) - https:\/\/yoast.com\/wordpress\/plugins\/seo\/ -->\n<title>Vakuudettomat yrityslainat esittelyss\u00e4 - Kilpailuta t\u00e4st\u00e4 - Creddo<\/title>\n<meta name=\"description\" content=\"Vakuudettomat yrityslainat ovat lainoja, joille ei tarvitse vakuuksia. Tutustu tarkemmin ja kilpailuta vakuudettomat yrityslainat t\u00e4st\u00e4!\" \/>\n<meta name=\"robots\" content=\"index, follow, max-snippet:-1, max-image-preview:large, max-video-preview:-1\" \/>\n<link rel=\"canonical\" href=\"https:\/\/creddo.com\/fi\/yrityslaina\/vakuudettomat-yrityslainat\/\" \/>\n<meta property=\"og:locale\" content=\"en_US\" \/>\n<meta property=\"og:type\" content=\"article\" \/>\n<meta property=\"og:title\" content=\"Vakuudettomat yrityslainat esittelyss\u00e4 - Kilpailuta t\u00e4st\u00e4 - Creddo\" \/>\n<meta property=\"og:description\" content=\"Vakuudettomat yrityslainat ovat lainoja, joille ei tarvitse vakuuksia. Tutustu tarkemmin ja kilpailuta vakuudettomat yrityslainat t\u00e4st\u00e4!\" \/>\n<meta property=\"og:url\" content=\"https:\/\/creddo.com\/fi\/yrityslaina\/vakuudettomat-yrityslainat\/\" \/>\n<meta property=\"og:site_name\" content=\"Creddo\" \/>\n<meta property=\"article:publisher\" content=\"https:\/\/www.facebook.com\/CreddoSuomi\/\" \/>\n<meta property=\"article:modified_time\" content=\"2022-01-24T08:09:17+00:00\" \/>\n<meta property=\"og:image\" content=\"https:\/\/creddo.com\/fi\/wp-content\/uploads\/2022\/01\/yrittaja-hakee-tietoa-vakuudettomasta-yrityslainasta.jpg\" \/>\n<meta name=\"twitter:card\" content=\"summary_large_image\" \/>\n<meta name=\"twitter:label1\" content=\"Est. reading time\" \/>\n\t<meta name=\"twitter:data1\" content=\"4 minutes\" \/>\n<script type=\"application\/ld+json\" class=\"yoast-schema-graph\">{\"@context\":\"https:\/\/schema.org\",\"@graph\":[{\"@type\":\"WebPage\",\"@id\":\"https:\/\/creddo.com\/fi\/yrityslaina\/vakuudettomat-yrityslainat\/\",\"url\":\"https:\/\/creddo.com\/fi\/yrityslaina\/vakuudettomat-yrityslainat\/\",\"name\":\"Vakuudettomat yrityslainat esittelyss\u00e4 - Kilpailuta t\u00e4st\u00e4 - Creddo\",\"isPartOf\":{\"@id\":\"https:\/\/creddo.com\/fi\/#website\"},\"datePublished\":\"2022-01-24T08:09:15+00:00\",\"dateModified\":\"2022-01-24T08:09:17+00:00\",\"description\":\"Vakuudettomat yrityslainat ovat lainoja, joille ei tarvitse vakuuksia. Tutustu tarkemmin ja kilpailuta vakuudettomat yrityslainat t\u00e4st\u00e4!\",\"breadcrumb\":{\"@id\":\"https:\/\/creddo.com\/fi\/yrityslaina\/vakuudettomat-yrityslainat\/#breadcrumb\"},\"inLanguage\":\"en-US\",\"potentialAction\":[{\"@type\":\"ReadAction\",\"target\":[\"https:\/\/creddo.com\/fi\/yrityslaina\/vakuudettomat-yrityslainat\/\"]}]},{\"@type\":\"BreadcrumbList\",\"@id\":\"https:\/\/creddo.com\/fi\/yrityslaina\/vakuudettomat-yrityslainat\/#breadcrumb\",\"itemListElement\":[{\"@type\":\"ListItem\",\"position\":1,\"name\":\"Creddo.com\",\"item\":\"https:\/\/creddo.com\/fi\/\"},{\"@type\":\"ListItem\",\"position\":2,\"name\":\"Yrityslaina\",\"item\":\"https:\/\/creddo.com\/fi\/yrityslaina\/\"},{\"@type\":\"ListItem\",\"position\":3,\"name\":\"Vakuudettomat yrityslainat\"}]},{\"@type\":\"WebSite\",\"@id\":\"https:\/\/creddo.com\/fi\/#website\",\"url\":\"https:\/\/creddo.com\/fi\/\",\"name\":\"Creddo\",\"description\":\"Creddo kilpailuttaa lainat yrityksille helposti ja nopeasti!\",\"publisher\":{\"@id\":\"https:\/\/creddo.com\/fi\/#organization\"},\"potentialAction\":[{\"@type\":\"SearchAction\",\"target\":{\"@type\":\"EntryPoint\",\"urlTemplate\":\"https:\/\/creddo.com\/fi\/?s={search_term_string}\"},\"query-input\":\"required name=search_term_string\"}],\"inLanguage\":\"en-US\"},{\"@type\":\"Organization\",\"@id\":\"https:\/\/creddo.com\/fi\/#organization\",\"name\":\"Creddo\",\"url\":\"https:\/\/creddo.com\/fi\/\",\"logo\":{\"@type\":\"ImageObject\",\"inLanguage\":\"en-US\",\"@id\":\"https:\/\/creddo.com\/fi\/#\/schema\/logo\/image\/\",\"url\":\"https:\/\/creddo.com\/fi\/wp-content\/uploads\/2021\/04\/Creddo_logo_rect.png\",\"contentUrl\":\"https:\/\/creddo.com\/fi\/wp-content\/uploads\/2021\/04\/Creddo_logo_rect.png\",\"width\":500,\"height\":500,\"caption\":\"Creddo\"},\"image\":{\"@id\":\"https:\/\/creddo.com\/fi\/#\/schema\/logo\/image\/\"},\"sameAs\":[\"https:\/\/www.facebook.com\/CreddoSuomi\/\"]}]}<\/script>\n<!-- \/ Yoast SEO Premium plugin. -->","yoast_head_json":{"title":"Vakuudettomat yrityslainat esittelyss\u00e4 - Kilpailuta t\u00e4st\u00e4 - Creddo","description":"Vakuudettomat yrityslainat ovat lainoja, joille ei tarvitse vakuuksia. Tutustu tarkemmin ja kilpailuta vakuudettomat yrityslainat t\u00e4st\u00e4!","robots":{"index":"index","follow":"follow","max-snippet":"max-snippet:-1","max-image-preview":"max-image-preview:large","max-video-preview":"max-video-preview:-1"},"canonical":"https:\/\/creddo.com\/fi\/yrityslaina\/vakuudettomat-yrityslainat\/","og_locale":"en_US","og_type":"article","og_title":"Vakuudettomat yrityslainat esittelyss\u00e4 - Kilpailuta t\u00e4st\u00e4 - Creddo","og_description":"Vakuudettomat yrityslainat ovat lainoja, joille ei tarvitse vakuuksia. Tutustu tarkemmin ja kilpailuta vakuudettomat yrityslainat t\u00e4st\u00e4!","og_url":"https:\/\/creddo.com\/fi\/yrityslaina\/vakuudettomat-yrityslainat\/","og_site_name":"Creddo","article_publisher":"https:\/\/www.facebook.com\/CreddoSuomi\/","article_modified_time":"2022-01-24T08:09:17+00:00","og_image":[{"url":"https:\/\/creddo.com\/fi\/wp-content\/uploads\/2022\/01\/yrittaja-hakee-tietoa-vakuudettomasta-yrityslainasta.jpg"}],"twitter_card":"summary_large_image","twitter_misc":{"Est. reading time":"4 minutes"},"schema":{"@context":"https:\/\/schema.org","@graph":[{"@type":"WebPage","@id":"https:\/\/creddo.com\/fi\/yrityslaina\/vakuudettomat-yrityslainat\/","url":"https:\/\/creddo.com\/fi\/yrityslaina\/vakuudettomat-yrityslainat\/","name":"Vakuudettomat yrityslainat esittelyss\u00e4 - Kilpailuta t\u00e4st\u00e4 - Creddo","isPartOf":{"@id":"https:\/\/creddo.com\/fi\/#website"},"datePublished":"2022-01-24T08:09:15+00:00","dateModified":"2022-01-24T08:09:17+00:00","description":"Vakuudettomat yrityslainat ovat lainoja, joille ei tarvitse vakuuksia. Tutustu tarkemmin ja kilpailuta vakuudettomat yrityslainat t\u00e4st\u00e4!","breadcrumb":{"@id":"https:\/\/creddo.com\/fi\/yrityslaina\/vakuudettomat-yrityslainat\/#breadcrumb"},"inLanguage":"en-US","potentialAction":[{"@type":"ReadAction","target":["https:\/\/creddo.com\/fi\/yrityslaina\/vakuudettomat-yrityslainat\/"]}]},{"@type":"BreadcrumbList","@id":"https:\/\/creddo.com\/fi\/yrityslaina\/vakuudettomat-yrityslainat\/#breadcrumb","itemListElement":[{"@type":"ListItem","position":1,"name":"Creddo.com","item":"https:\/\/creddo.com\/fi\/"},{"@type":"ListItem","position":2,"name":"Yrityslaina","item":"https:\/\/creddo.com\/fi\/yrityslaina\/"},{"@type":"ListItem","position":3,"name":"Vakuudettomat yrityslainat"}]},{"@type":"WebSite","@id":"https:\/\/creddo.com\/fi\/#website","url":"https:\/\/creddo.com\/fi\/","name":"Creddo","description":"Creddo kilpailuttaa lainat yrityksille helposti ja nopeasti!","publisher":{"@id":"https:\/\/creddo.com\/fi\/#organization"},"potentialAction":[{"@type":"SearchAction","target":{"@type":"EntryPoint","urlTemplate":"https:\/\/creddo.com\/fi\/?s={search_term_string}"},"query-input":"required name=search_term_string"}],"inLanguage":"en-US"},{"@type":"Organization","@id":"https:\/\/creddo.com\/fi\/#organization","name":"Creddo","url":"https:\/\/creddo.com\/fi\/","logo":{"@type":"ImageObject","inLanguage":"en-US","@id":"https:\/\/creddo.com\/fi\/#\/schema\/logo\/image\/","url":"https:\/\/creddo.com\/fi\/wp-content\/uploads\/2021\/04\/Creddo_logo_rect.png","contentUrl":"https:\/\/creddo.com\/fi\/wp-content\/uploads\/2021\/04\/Creddo_logo_rect.png","width":500,"height":500,"caption":"Creddo"},"image":{"@id":"https:\/\/creddo.com\/fi\/#\/schema\/logo\/image\/"},"sameAs":["https:\/\/www.facebook.com\/CreddoSuomi\/"]}]}},"lang":"fi","translations":{"fi":1298},"pll_sync_post":[],"_links":{"self":[{"href":"https:\/\/creddo.com\/fi\/wp-json\/wp\/v2\/pages\/1298","targetHints":{"allow":["GET"]}}],"collection":[{"href":"https:\/\/creddo.com\/fi\/wp-json\/wp\/v2\/pages"}],"about":[{"href":"https:\/\/creddo.com\/fi\/wp-json\/wp\/v2\/types\/page"}],"author":[{"embeddable":true,"href":"https:\/\/creddo.com\/fi\/wp-json\/wp\/v2\/users\/3"}],"replies":[{"embeddable":true,"href":"https:\/\/creddo.com\/fi\/wp-json\/wp\/v2\/comments?post=1298"}],"version-history":[{"count":18,"href":"https:\/\/creddo.com\/fi\/wp-json\/wp\/v2\/pages\/1298\/revisions"}],"predecessor-version":[{"id":1317,"href":"https:\/\/creddo.com\/fi\/wp-json\/wp\/v2\/pages\/1298\/revisions\/1317"}],"up":[{"embeddable":true,"href":"https:\/\/creddo.com\/fi\/wp-json\/wp\/v2\/pages\/914"}],"wp:attachment":[{"href":"https:\/\/creddo.com\/fi\/wp-json\/wp\/v2\/media?parent=1298"}],"curies":[{"name":"wp","href":"https:\/\/api.w.org\/{rel}","templated":true}]}}