{"id":1328,"date":"2022-02-22T10:47:48","date_gmt":"2022-02-22T08:47:48","guid":{"rendered":"https:\/\/creddo.com\/fi\/?page_id=1328"},"modified":"2022-02-22T10:47:50","modified_gmt":"2022-02-22T08:47:50","slug":"korko","status":"publish","type":"page","link":"https:\/\/creddo.com\/fi\/yrityslaina\/korko\/","title":{"rendered":"Yrityslainan korko"},"content":{"rendered":"\n<div class=\"wp-block-image\"><figure class=\"aligncenter size-full\"><img fetchpriority=\"high\" decoding=\"async\" width=\"810\" height=\"455\" src=\"https:\/\/creddo.com\/fi\/wp-content\/uploads\/2022\/02\/yrityslainan-korko-1.jpg\" alt=\"Yrityslainan korko\" class=\"wp-image-1331\" srcset=\"https:\/\/creddo.com\/fi\/wp-content\/uploads\/2022\/02\/yrityslainan-korko-1.jpg 810w, https:\/\/creddo.com\/fi\/wp-content\/uploads\/2022\/02\/yrityslainan-korko-1-300x169.jpg 300w, https:\/\/creddo.com\/fi\/wp-content\/uploads\/2022\/02\/yrityslainan-korko-1-768x431.jpg 768w\" sizes=\"(max-width: 810px) 100vw, 810px\" \/><\/figure><\/div>\n\n\n\n<p>Sopiva yrityslaina auttaa yrityst\u00e4si kasvamaan ja kehittym\u00e4\u00e4n. Ennen lainan ottamista sinun kannattaa kuitenkin vertailla lainoja ja niiden ehtoja tutustumalla my\u00f6s tarjottavan yrityslainan korkoihin. Oheisessa artikkelissa avataan asioita, jotka vaikuttavat yrityslainan korkoon ja mit\u00e4 kaikkea sinun olisi hyv\u00e4 tiet\u00e4\u00e4 niin yrityslainan koroista kuin marginaaleista ennen kuin p\u00e4\u00e4t\u00e4t, kenelt\u00e4 yrityslainan otat.<\/p>\n\n\n\n<h2 class=\"wp-block-heading\" id=\"h-lyhyesti-korosta-ja-marginaaleista\">Lyhyesti korosta ja marginaaleista<\/h2>\n\n\n\n<p>Yrityslainan korko on kulu, jota maksetaan takaisin koko laina-ajan, my\u00f6s niin\u00e4 kuukausina kuin itse lainan p\u00e4\u00e4omaa ei syyst\u00e4 tai toisesta lyhennet\u00e4.<\/p>\n\n\n\n<p>Normaalisti <strong>yrityslainan korko vaihtelee 10 prosentin ja 30 prosentin v\u00e4lill\u00e4<\/strong>.<\/p>\n\n\n\n<p>Korkoon vaikuttavat muun muassa korkotyyppi, lainaehdot, takaisinmaksuaika, markkinoiden korot, yrityslainan tarkoitus, lainalle annettavat vakuudet ja yrityslainojen marginaali.<\/p>\n\n\n\n<p>Mik\u00e4 marginaali? Yrityslainan marginaali on lainantarjoajan osuus yrityslainan koroista. Se on lainanantajalle annettava maksu lainasta. Siksi se vaihtelee kysynn\u00e4n ja tarjonnan lain mukaan: kun yrityslainojen kysynt\u00e4 on suurta, lainoista veloitetaan enemm\u00e4n ja kun taas lainoja menee v\u00e4hemm\u00e4n, lainaakin saa halvemmalla hinnalla. Yrityslainan hakijalle marginaali ei v\u00e4ltt\u00e4m\u00e4tt\u00e4 selvi\u00e4, sill\u00e4 marginaalin osuus on usein kokonaishinnassa.<\/p>\n\n\n\n<h2 class=\"wp-block-heading\" id=\"h-mit-yrityslaina-tarkoittaa\">Mit\u00e4 yrityslaina tarkoittaa?<\/h2>\n\n\n\n<p><a href=\"https:\/\/creddo.com\/fi\/yrityslaina\/\">Yrityslaina<\/a> on aina sopimus lainanottajan ja pankin tai muun rahoituslaitoksen kanssa. Lainasopimuksessa sovitaan lyhennyssuunnitelmasta, jossa p\u00e4\u00e4tet\u00e4\u00e4n, miten ja miss\u00e4 ajassa laina maksetaan takaisin, mit\u00e4 vakuuksia lainalle annetaan ja mink\u00e4laista korkoa laina-ajalta maksetaan.<\/p>\n\n\n\n<p>Yrityslainan korko muodostuu pohjakorosta ja valitun rahoituslaitoksen tai pankin kanssa sovitusta korkomarginaalista. Yrityslainan lopullinen hinta muodostuu lainan p\u00e4\u00e4omalle maksettavasta korosta sek\u00e4 lainan liittyvist\u00e4 muista mahdollisista kuluista.<\/p>\n\n\n\n<h2 class=\"wp-block-heading\" id=\"h-kuinka-korkea-yrityslainan-korko-yleens-on\">Kuinka korkea yrityslainan korko yleens\u00e4 on?<\/h2>\n\n\n\n<p>P\u00e4\u00e4s\u00e4\u00e4nt\u00f6isesti yrityslainan korko on 10 &#8211; 30 %.<\/p>\n\n\n\n<p>Yrityslainan korko on monen tekij\u00e4n summa. Lainalle laskettavaan korkoon vaikuttavat yrityksen taloudellinen tilanne, laina-ajan pituus, vakuudet ja mink\u00e4 lainanantajan valitset.<\/p>\n\n\n\n<p>Yrityslainojen korot voivat vaihdella hurjastikin eri lainanantajien v\u00e4lill\u00e4, siksi niit\u00e4 on t\u00e4rke\u00e4\u00e4 vertailla. Vertailemalla saat my\u00f6s yleiskuvan markkinoilla olevista vaihtoehdoista.<\/p>\n\n\n\n<p>\n<a href=\"https:\/\/creddo.com\/fi\/\" class=\"btn btn-blue\">Hae yritysrahoitusta<\/a>\n<\/p>\n\n\n\n<h2 class=\"wp-block-heading\" id=\"h-pienempi-riski-alhaisempi-korko\">Pienempi riski = alhaisempi korko<\/h2>\n\n\n\n<p>Hyvin hoidettu yritys, jonka talous on kunnossa ja joka tekee vakaata liikevaihtoa, saa todenn\u00e4k\u00f6isemmin neuvoteltua alhaisemman koron kuin juuri toimintansa aloittanut tai maksuvaikeuksista l\u00e4himenneisyydess\u00e4 k\u00e4rsinyt yritys. Korkotasoon vaikuttaa my\u00f6s vakuudet. Kunnolliset vakuudet voivat alentaa korkoa.<\/p>\n\n\n\n<p>Eli, mit\u00e4 pienempi luottoriski yritykseen liittyy, sit\u00e4 alhaisempaa korkoa lainanantaja usein tarjoaa.<\/p>\n\n\n\n<h2 class=\"wp-block-heading\" id=\"h-mit-lainanantajat-ottavat-huomioon-arvioidessaan-yrityst-si\">Mit\u00e4 lainanantajat ottavat huomioon arvioidessaan yrityst\u00e4si?<\/h2>\n\n\n\n<p>Useimmat pankit ja rahoituslaitokset tarkastelevat yrityksesi maksukyky\u00e4 ja tekev\u00e4t sille t\u00e4ydellisen luottokartoituksen ennen lainan my\u00f6nt\u00e4mist\u00e4. Tarkat lainaehdot sovitaan aina yrityskohtaisesti, ja lainan lopulliseen hintaan vaikuttavat lukuisat eri asiat, kuten laina-ajan pituus, maksukyky ja mahdolliset vakuudet. Yrityslainoissa korko on aina asiakaskohtainen.<\/p>\n\n\n\n<p>Luottokartoituksessa selvitet\u00e4\u00e4n muun muassa:<\/p>\n\n\n\n<ul class=\"wp-block-list\"><li>Koska yrityksesi on perustettu eli kuinka kauan se on toiminut<\/li><li>Mik\u00e4 yrityksesi taloudellinen tilanne on. Onko l\u00e4himenneisyydess\u00e4 esimerkiksi maksuhuomautuksia tai muita taloudellisia ongelmia<\/li><li>Mit\u00e4 asetetaan lainan vakuudeksi? Kiinte\u00e4\u00e4 omaisuutta vai annetaanko lainalle <a href=\"https:\/\/creddo.com\/fi\/yrityslaina\/vakuudettomat-yrityslainat\/\">henkil\u00f6takaus<\/a>?<\/li><li>Takaajien taloudellinen tilanne<\/li><li>Arvio yrityksen tulevaisuuden n\u00e4kymist\u00e4.<\/li><\/ul>\n\n\n\n<p>Luottokartoituksen perimm\u00e4isen\u00e4 tarkoituksena on selvitt\u00e4\u00e4, onko yrityksell\u00e4 maksukyky\u00e4 haetun lainan hoitoon ja mink\u00e4laisella korolla lainaa tarjotaan. Eri lainanantajat painottavat luottop\u00e4\u00e4t\u00f6ksess\u00e4 erilaisia asioita. Yksi n\u00e4ist\u00e4 on yrityksen maksukyky. Siksi ei kannata lannistua heti, vaan vertailla eri lainoja mahdollisimman alhaisen koron l\u00f6yt\u00e4miseksi.<\/p>\n\n\n\n<h2 class=\"wp-block-heading\" id=\"h-creddo-helpoin-ja-nopein-tapa-vertailla-korkoja\">Creddo &#8211; Helpoin ja nopein tapa vertailla korkoja<\/h2>\n\n\n\n<p>Creddo tekee yhteisty\u00f6t\u00e4 lukuisten eri pankkien ja rahalaitosten kanssa. N\u00e4m\u00e4 rahoitustahot tekev\u00e4t sinusta ja yrityksest\u00e4si kokonaisarvion. T\u00e4m\u00e4 arvion tarkoituksena on selvitt\u00e4\u00e4, kuinka suuri riski lainan takaisinmaksukykyyn liittyy.<\/p>\n\n\n\n<p>Mahdollisuutesi saada hyv\u00e4ksytty lainap\u00e4\u00e4t\u00f6s paranee, jos lainalla on takaaja ja liit\u00e4t hakemukseen taseen ja tuloslaskelman.<\/p>\n\n\n\n<p>\n<a href=\"https:\/\/creddo.com\/fi\/yrityslaina\/\" class=\"btn btn-blue\">Hae t\u00e4st\u00e4<\/a>\n<\/p>\n\n\n\n<h2 class=\"wp-block-heading\" id=\"h-korkotyypit\">Korkotyypit<\/h2>\n\n\n\n<p>Kiinte\u00e4 korko on yleisin yrityslainassa k\u00e4ytetty korko. Joskus voit valita kiinte\u00e4korkoisen lainan sijaan vaihtuvakorkoisen lainan tai lainan, jossa on korkokatto. Markkinoilla on my\u00f6s korottomia lainoja, joissa koron sijaan maksetaan kiinte\u00e4 kuukausimaksu.<\/p>\n\n\n\n<p>Seuraavassa osiossa tarkastellaan tarkemmin, mit\u00e4 eri korkovaihtoehdot tarkoittavat ja mit\u00e4 etuja ja haittoja sinun on hyv\u00e4 tiet\u00e4\u00e4 ennen lainap\u00e4\u00e4t\u00f6ksen tekemist\u00e4.<\/p>\n\n\n\n<h3 class=\"wp-block-heading\" id=\"h-kiinte-korko\">Kiinte\u00e4 korko<\/h3>\n\n\n\n<p>Kiinte\u00e4ss\u00e4 korossa markkinakorkojen muutokset eiv\u00e4t vaikuta lainanhoitomenoihin valitun korkojakson aikana. Vaihtuvakorkoinen laina on sidottu tiettyyn viitekorkoon, esimerkiksi Euriboriin. Korkojakso vaihtelee yleens\u00e4 yhdest\u00e4 kymmeneen vuoteen.<\/p>\n\n\n\n<p>Kiinte\u00e4n koron etuna on, ett\u00e4 tied\u00e4t etuk\u00e4teen, kuinka paljon laina maksaa korkojakson aikana. Se ei muutu, vaikka markkinakorot sahaisivat yl\u00f6s ja alas. T\u00e4m\u00e4 helpottaa yrityksen talouden suunnittelua. Kiinte\u00e4 korko sovitaan lainaa otettaessa ja laina sidotaan siihen.<\/p>\n\n\n\n<p>Lainan haittapuolena on kiinte\u00e4n koron hinta. Se on l\u00e4ht\u00f6kohtaisesti korkeampi kuin vaihtuvakorkoisissa lainoissa. Joissain kiinte\u00e4n koron lainoissa saattaa olla my\u00f6s korvausmaksu, jonka joudut maksamaan, jos haluat maksaa lainan takaisin ennen laina-ajan p\u00e4\u00e4ttymist\u00e4 tai suorittaa ylim\u00e4\u00e4r\u00e4isi\u00e4 maksueri\u00e4.<\/p>\n\n\n\n<h3 class=\"wp-block-heading\" id=\"h-vaihtuvakorkoinen-laina\">Vaihtuvakorkoinen laina<\/h3>\n\n\n\n<p>Vaihtuvakorko muuttuu markkinoiden kehityksen mukaan. Siksi se on arvaamattomampi vaihtoehto kuin kiinte\u00e4 korko, mutta samalla se voi olla halvempi. Historiaan peilaten vaihtuvakorkoiset lainat ovat osoittautuneet monesti kiinte\u00e4korkoista lainaa halvemmaksi vaihtoehdoksi.<\/p>\n\n\n\n<p>Lainan huonona puolena on, ett\u00e4 et tied\u00e4 tarkalleen mit\u00e4 maksat, ja korkokulujen suunnittelu voi olla vaikeampaa.<\/p>\n\n\n\n<h3 class=\"wp-block-heading\" id=\"h-lainat-korkokatoilla\">Lainat korkokatoilla<\/h3>\n\n\n\n<p>Yrityslaina korkokatolla on vaihtoehto, jossa yhdistyv\u00e4t niin kiinte\u00e4- kuin vaihtuvakin korko. Vaihtuvakorkoisessa lainassa on nimens\u00e4 mukaan vaihtuva korko, mutta siin\u00e4 on my\u00f6s katto, jonka yli korko ei koskaan kipua. Korkokattoisessa lainassa tied\u00e4t mit\u00e4 laina voi enimmill\u00e4\u00e4n maksaa.<\/p>\n\n\n\n<p>Korkokatosta sovitaan pankin kanssa sopimusta tehdess\u00e4.<\/p>\n\n\n\n<h3 class=\"wp-block-heading\" id=\"h-korottomat-yrityslainat-kiinte-kuukausimaksu\">Korottomat yrityslainat &#8211; kiinte\u00e4 kuukausimaksu<\/h3>\n\n\n\n<p>Korottomassa yrityslainassa maksat lainan pois kiinteill\u00e4 maksuilla. Kiinte\u00e4n kuukausimaksun etu on ennustettavuus. Tied\u00e4t, mit\u00e4 lainasta kuukausittain maksat.<\/p>\n\n\n\n<h2 class=\"wp-block-heading\" id=\"h-efektiivinen-vai-nimellinen-korko\">Efektiivinen vai nimellinen korko?<\/h2>\n\n\n\n<p>Yrityslainoja ja muita lainoja vertailtaessa on t\u00e4rke\u00e4\u00e4 ottaa huomioon efektiivisen ja nimelliskoron ero. Efektiivinen vuosikorko kertoo lainan kokonaiskustannukset ja palkkiot \u2013 mit\u00e4 laina todella maksaa. Nimellinen korko ilmaisee lainan hinnan ilman palkkioita. Lainanhakijan n\u00e4k\u00f6kulmasta efektiivinen vuosikorko on se, mihin lainassa tulee kiinnitt\u00e4\u00e4 huomiota.<\/p>\n\n\n\n<p>Nimelliskorkokustannusten lis\u00e4ksi lainaan saatetaan lis\u00e4t\u00e4 esimerkiksi lainan perustamiskulut ja ilmoitusmaksut. N\u00e4m\u00e4 voivat tuntua pienilt\u00e4 summilta, mutta ajan my\u00f6t\u00e4 ne voivat vaikuttaa lainan kokonaiskustannuksiin hyvinkin paljon. Siksi kannattaa olla tarkkana, onko kyseess\u00e4 nimellinen vai efektiivinen korko.<\/p>\n\n\n\n<h2 class=\"wp-block-heading\" id=\"h-mist-l-yd-n-hyv-n-yrityslainan-alhaisella-korolla\">Mist\u00e4 l\u00f6yd\u00e4n hyv\u00e4n yrityslainan alhaisella korolla?<\/h2>\n\n\n\n<p>Pankit ja muut rahoituslaitokset tarjoavat erilaisia yrityksille suunnattuja lainoja. Kun mietit lainan ottamista, sinun on syyt\u00e4 pohtia, aiotko hakea lainaa pankilta, rahoitusyhti\u00f6ilt\u00e4 vai kenties n\u00e4iden yhdistelm\u00e4lt\u00e4. K\u00e4yt\u00e4 eri vaihtoehtojen vertailuun aikaa, jotta tied\u00e4t p\u00e4\u00e4tyv\u00e4si ratkaisuun, joka on sinulle sopivin. Jos laina-asiat ovat sinulle vieraita, kannattaa asiasta keskustella Creddon yritysneuvonnan kanssa ennen p\u00e4\u00e4t\u00f6ksen tekoa.<\/p>\n\n\n\n<p>\n<a href=\"https:\/\/creddo.com\/fi\/yrityslaina\/\" class=\"btn btn-blue\">Hae yrityslainaa<\/a>\n<\/p>\n\n\n\n<h2 class=\"wp-block-heading\" id=\"h-yrityslainojen-korot-kannattaa-vertailla\">Yrityslainojen korot kannattaa vertailla<\/h2>\n\n\n\n<p>Eri pankit ja rahoituslaitokset saattavat tarjota samalle hakemukselle huomattavastikin toisistaan poikkeavia korkoja tai kuukausimaksuja. Siksi on t\u00e4rke\u00e4\u00e4, ett\u00e4 vertailet useita lainanantajia ennen p\u00e4\u00e4t\u00f6ksen tekemist\u00e4.<\/p>\n\n\n\n<p>Muista lainoja vertaillessa, ett\u00e4 nimelliskorko on korko ilman palkkioita ja muita lis\u00e4yksi\u00e4, kun taas efektiivinen korko osoittaa, kuinka korkea korko on, mukaan lukien kaikki lis\u00e4kustannukset.<\/p>\n\n\n\n<h2 class=\"wp-block-heading\" id=\"h-tarvitsetko-ammattilaisen-apua\">Tarvitsetko ammattilaisen apua?<\/h2>\n\n\n\n<p>Me Creddolla autamme sinua vertailemaan yrityslainojen korkoja.<\/p>\n\n\n\n<p>Haluamme, ett\u00e4 yritt\u00e4jien on yht\u00e4 helppoa vertailla rahoitusvaihtoehtoja kuin kuluttajien on vertailla heille suunnattuja tuotteita ja palveluita.<\/p>\n\n\n\n<p>Tee siis rohkeasti ilmainen lainahakemus ja vertaillaan yhdess\u00e4 eri yrityslainojen korkoja. Yhdess\u00e4 olemme enemm\u00e4n ja monta silm\u00e4\u00e4 n\u00e4kee paremmin. L\u00f6yd\u00e4mme taatusti yrityksellesi parhaiten sopivan vaihtoehdon \u2013 mahdollisimman alhaisella efektiivisell\u00e4 korolla.<\/p>\n\n\n\n<p>\n<a href=\"https:\/\/creddo.com\/fi\/\" class=\"btn btn-blue\">Aloita t\u00e4st\u00e4<\/a>\n<\/p>\n","protected":false},"excerpt":{"rendered":"<p>Sopiva yrityslaina auttaa yrityst\u00e4si kasvamaan ja kehittym\u00e4\u00e4n. Ennen lainan ottamista sinun kannattaa kuitenkin vertailla lainoja ja niiden ehtoja tutustumalla my\u00f6s tarjottavan yrityslainan korkoihin. Oheisessa artikkelissa avataan asioita, jotka vaikuttavat yrityslainan korkoon ja mit\u00e4 kaikkea sinun olisi hyv\u00e4 tiet\u00e4\u00e4 niin yrityslainan koroista kuin marginaaleista ennen kuin p\u00e4\u00e4t\u00e4t, kenelt\u00e4 yrityslainan otat. Lyhyesti korosta ja marginaaleista Yrityslainan korko [&hellip;]<\/p>\n","protected":false},"author":3,"featured_media":0,"parent":914,"menu_order":0,"comment_status":"closed","ping_status":"closed","template":"creddopage.php","meta":{"footnotes":""},"class_list":["post-1328","page","type-page","status-publish","hentry"],"acf":[],"yoast_head":"<!-- This site is optimized with the Yoast SEO Premium plugin v16.0 (Yoast SEO v20.7) - https:\/\/yoast.com\/wordpress\/plugins\/seo\/ -->\n<title>Yrityslainan korko selvi\u00e4\u00e4 avullamme - Aloita t\u00e4st\u00e4 - Creddo<\/title>\n<meta name=\"description\" content=\"Yrityslainan korkoon vaikuttavat monet tekij\u00e4t. Lue t\u00e4st\u00e4 lis\u00e4\u00e4 n\u00e4ist\u00e4 tekij\u00f6ist\u00e4 ja selvit\u00e4 Creddon avulla yrityslainasi korko!\" \/>\n<meta name=\"robots\" content=\"index, follow, max-snippet:-1, max-image-preview:large, max-video-preview:-1\" \/>\n<link rel=\"canonical\" href=\"https:\/\/creddo.com\/fi\/yrityslaina\/korko\/\" \/>\n<meta property=\"og:locale\" content=\"en_US\" \/>\n<meta property=\"og:type\" content=\"article\" \/>\n<meta property=\"og:title\" content=\"Yrityslainan korko selvi\u00e4\u00e4 avullamme - Aloita t\u00e4st\u00e4 - Creddo\" \/>\n<meta property=\"og:description\" content=\"Yrityslainan korkoon vaikuttavat monet tekij\u00e4t. Lue t\u00e4st\u00e4 lis\u00e4\u00e4 n\u00e4ist\u00e4 tekij\u00f6ist\u00e4 ja selvit\u00e4 Creddon avulla yrityslainasi korko!\" \/>\n<meta property=\"og:url\" content=\"https:\/\/creddo.com\/fi\/yrityslaina\/korko\/\" \/>\n<meta property=\"og:site_name\" content=\"Creddo\" \/>\n<meta property=\"article:publisher\" content=\"https:\/\/www.facebook.com\/CreddoSuomi\/\" \/>\n<meta property=\"article:modified_time\" content=\"2022-02-22T08:47:50+00:00\" \/>\n<meta property=\"og:image\" content=\"https:\/\/creddo.com\/fi\/wp-content\/uploads\/2022\/02\/yrityslainan-korko-1.jpg\" \/>\n<meta name=\"twitter:card\" content=\"summary_large_image\" \/>\n<meta name=\"twitter:label1\" content=\"Est. reading time\" \/>\n\t<meta name=\"twitter:data1\" content=\"5 minutes\" \/>\n<script type=\"application\/ld+json\" class=\"yoast-schema-graph\">{\"@context\":\"https:\/\/schema.org\",\"@graph\":[{\"@type\":\"WebPage\",\"@id\":\"https:\/\/creddo.com\/fi\/yrityslaina\/korko\/\",\"url\":\"https:\/\/creddo.com\/fi\/yrityslaina\/korko\/\",\"name\":\"Yrityslainan korko selvi\u00e4\u00e4 avullamme - Aloita t\u00e4st\u00e4 - Creddo\",\"isPartOf\":{\"@id\":\"https:\/\/creddo.com\/fi\/#website\"},\"datePublished\":\"2022-02-22T08:47:48+00:00\",\"dateModified\":\"2022-02-22T08:47:50+00:00\",\"description\":\"Yrityslainan korkoon vaikuttavat monet tekij\u00e4t. Lue t\u00e4st\u00e4 lis\u00e4\u00e4 n\u00e4ist\u00e4 tekij\u00f6ist\u00e4 ja selvit\u00e4 Creddon avulla yrityslainasi korko!\",\"breadcrumb\":{\"@id\":\"https:\/\/creddo.com\/fi\/yrityslaina\/korko\/#breadcrumb\"},\"inLanguage\":\"en-US\",\"potentialAction\":[{\"@type\":\"ReadAction\",\"target\":[\"https:\/\/creddo.com\/fi\/yrityslaina\/korko\/\"]}]},{\"@type\":\"BreadcrumbList\",\"@id\":\"https:\/\/creddo.com\/fi\/yrityslaina\/korko\/#breadcrumb\",\"itemListElement\":[{\"@type\":\"ListItem\",\"position\":1,\"name\":\"Creddo.com\",\"item\":\"https:\/\/creddo.com\/fi\/\"},{\"@type\":\"ListItem\",\"position\":2,\"name\":\"Yrityslaina\",\"item\":\"https:\/\/creddo.com\/fi\/yrityslaina\/\"},{\"@type\":\"ListItem\",\"position\":3,\"name\":\"Yrityslainan korko\"}]},{\"@type\":\"WebSite\",\"@id\":\"https:\/\/creddo.com\/fi\/#website\",\"url\":\"https:\/\/creddo.com\/fi\/\",\"name\":\"Creddo\",\"description\":\"Creddo kilpailuttaa lainat yrityksille helposti ja nopeasti!\",\"publisher\":{\"@id\":\"https:\/\/creddo.com\/fi\/#organization\"},\"potentialAction\":[{\"@type\":\"SearchAction\",\"target\":{\"@type\":\"EntryPoint\",\"urlTemplate\":\"https:\/\/creddo.com\/fi\/?s={search_term_string}\"},\"query-input\":\"required name=search_term_string\"}],\"inLanguage\":\"en-US\"},{\"@type\":\"Organization\",\"@id\":\"https:\/\/creddo.com\/fi\/#organization\",\"name\":\"Creddo\",\"url\":\"https:\/\/creddo.com\/fi\/\",\"logo\":{\"@type\":\"ImageObject\",\"inLanguage\":\"en-US\",\"@id\":\"https:\/\/creddo.com\/fi\/#\/schema\/logo\/image\/\",\"url\":\"https:\/\/creddo.com\/fi\/wp-content\/uploads\/2021\/04\/Creddo_logo_rect.png\",\"contentUrl\":\"https:\/\/creddo.com\/fi\/wp-content\/uploads\/2021\/04\/Creddo_logo_rect.png\",\"width\":500,\"height\":500,\"caption\":\"Creddo\"},\"image\":{\"@id\":\"https:\/\/creddo.com\/fi\/#\/schema\/logo\/image\/\"},\"sameAs\":[\"https:\/\/www.facebook.com\/CreddoSuomi\/\"]}]}<\/script>\n<!-- \/ Yoast SEO Premium plugin. -->","yoast_head_json":{"title":"Yrityslainan korko selvi\u00e4\u00e4 avullamme - Aloita t\u00e4st\u00e4 - Creddo","description":"Yrityslainan korkoon vaikuttavat monet tekij\u00e4t. Lue t\u00e4st\u00e4 lis\u00e4\u00e4 n\u00e4ist\u00e4 tekij\u00f6ist\u00e4 ja selvit\u00e4 Creddon avulla yrityslainasi korko!","robots":{"index":"index","follow":"follow","max-snippet":"max-snippet:-1","max-image-preview":"max-image-preview:large","max-video-preview":"max-video-preview:-1"},"canonical":"https:\/\/creddo.com\/fi\/yrityslaina\/korko\/","og_locale":"en_US","og_type":"article","og_title":"Yrityslainan korko selvi\u00e4\u00e4 avullamme - Aloita t\u00e4st\u00e4 - Creddo","og_description":"Yrityslainan korkoon vaikuttavat monet tekij\u00e4t. Lue t\u00e4st\u00e4 lis\u00e4\u00e4 n\u00e4ist\u00e4 tekij\u00f6ist\u00e4 ja selvit\u00e4 Creddon avulla yrityslainasi korko!","og_url":"https:\/\/creddo.com\/fi\/yrityslaina\/korko\/","og_site_name":"Creddo","article_publisher":"https:\/\/www.facebook.com\/CreddoSuomi\/","article_modified_time":"2022-02-22T08:47:50+00:00","og_image":[{"url":"https:\/\/creddo.com\/fi\/wp-content\/uploads\/2022\/02\/yrityslainan-korko-1.jpg"}],"twitter_card":"summary_large_image","twitter_misc":{"Est. reading time":"5 minutes"},"schema":{"@context":"https:\/\/schema.org","@graph":[{"@type":"WebPage","@id":"https:\/\/creddo.com\/fi\/yrityslaina\/korko\/","url":"https:\/\/creddo.com\/fi\/yrityslaina\/korko\/","name":"Yrityslainan korko selvi\u00e4\u00e4 avullamme - Aloita t\u00e4st\u00e4 - Creddo","isPartOf":{"@id":"https:\/\/creddo.com\/fi\/#website"},"datePublished":"2022-02-22T08:47:48+00:00","dateModified":"2022-02-22T08:47:50+00:00","description":"Yrityslainan korkoon vaikuttavat monet tekij\u00e4t. Lue t\u00e4st\u00e4 lis\u00e4\u00e4 n\u00e4ist\u00e4 tekij\u00f6ist\u00e4 ja selvit\u00e4 Creddon avulla yrityslainasi korko!","breadcrumb":{"@id":"https:\/\/creddo.com\/fi\/yrityslaina\/korko\/#breadcrumb"},"inLanguage":"en-US","potentialAction":[{"@type":"ReadAction","target":["https:\/\/creddo.com\/fi\/yrityslaina\/korko\/"]}]},{"@type":"BreadcrumbList","@id":"https:\/\/creddo.com\/fi\/yrityslaina\/korko\/#breadcrumb","itemListElement":[{"@type":"ListItem","position":1,"name":"Creddo.com","item":"https:\/\/creddo.com\/fi\/"},{"@type":"ListItem","position":2,"name":"Yrityslaina","item":"https:\/\/creddo.com\/fi\/yrityslaina\/"},{"@type":"ListItem","position":3,"name":"Yrityslainan korko"}]},{"@type":"WebSite","@id":"https:\/\/creddo.com\/fi\/#website","url":"https:\/\/creddo.com\/fi\/","name":"Creddo","description":"Creddo kilpailuttaa lainat yrityksille helposti ja nopeasti!","publisher":{"@id":"https:\/\/creddo.com\/fi\/#organization"},"potentialAction":[{"@type":"SearchAction","target":{"@type":"EntryPoint","urlTemplate":"https:\/\/creddo.com\/fi\/?s={search_term_string}"},"query-input":"required name=search_term_string"}],"inLanguage":"en-US"},{"@type":"Organization","@id":"https:\/\/creddo.com\/fi\/#organization","name":"Creddo","url":"https:\/\/creddo.com\/fi\/","logo":{"@type":"ImageObject","inLanguage":"en-US","@id":"https:\/\/creddo.com\/fi\/#\/schema\/logo\/image\/","url":"https:\/\/creddo.com\/fi\/wp-content\/uploads\/2021\/04\/Creddo_logo_rect.png","contentUrl":"https:\/\/creddo.com\/fi\/wp-content\/uploads\/2021\/04\/Creddo_logo_rect.png","width":500,"height":500,"caption":"Creddo"},"image":{"@id":"https:\/\/creddo.com\/fi\/#\/schema\/logo\/image\/"},"sameAs":["https:\/\/www.facebook.com\/CreddoSuomi\/"]}]}},"lang":"fi","translations":{"fi":1328},"pll_sync_post":[],"_links":{"self":[{"href":"https:\/\/creddo.com\/fi\/wp-json\/wp\/v2\/pages\/1328","targetHints":{"allow":["GET"]}}],"collection":[{"href":"https:\/\/creddo.com\/fi\/wp-json\/wp\/v2\/pages"}],"about":[{"href":"https:\/\/creddo.com\/fi\/wp-json\/wp\/v2\/types\/page"}],"author":[{"embeddable":true,"href":"https:\/\/creddo.com\/fi\/wp-json\/wp\/v2\/users\/3"}],"replies":[{"embeddable":true,"href":"https:\/\/creddo.com\/fi\/wp-json\/wp\/v2\/comments?post=1328"}],"version-history":[{"count":8,"href":"https:\/\/creddo.com\/fi\/wp-json\/wp\/v2\/pages\/1328\/revisions"}],"predecessor-version":[{"id":1338,"href":"https:\/\/creddo.com\/fi\/wp-json\/wp\/v2\/pages\/1328\/revisions\/1338"}],"up":[{"embeddable":true,"href":"https:\/\/creddo.com\/fi\/wp-json\/wp\/v2\/pages\/914"}],"wp:attachment":[{"href":"https:\/\/creddo.com\/fi\/wp-json\/wp\/v2\/media?parent=1328"}],"curies":[{"name":"wp","href":"https:\/\/api.w.org\/{rel}","templated":true}]}}