{"id":1366,"date":"2026-04-27T15:31:02","date_gmt":"2026-04-27T12:31:02","guid":{"rendered":"https:\/\/creddo.com\/fi\/?page_id=1366"},"modified":"2026-04-27T16:30:56","modified_gmt":"2026-04-27T13:30:56","slug":"tyokalut-ja-mallit","status":"publish","type":"page","link":"https:\/\/creddo.com\/fi\/tyokalut-ja-mallit\/","title":{"rendered":"Ty\u00f6kalut ja mallit"},"content":{"rendered":"\n<p>Olemme koonneet t\u00e4nne hy\u00f6dyllisi\u00e4 yritysrahoitukseen ja yritt\u00e4jyyteen liittyvi\u00e4 ty\u00f6kaluja yhteen paikkaan. N\u00e4m\u00e4 ty\u00f6kalut ja mallit on suunniteltu tukemaan sinua yrityksesi py\u00f6ritt\u00e4misess\u00e4. L\u00f6yd\u00e4t meilt\u00e4 kaikkea laskureista ja malleista k\u00e4teviin Excel-taulukoihin \u2013 kaiken, mik\u00e4 tekee ty\u00f6st\u00e4si hieman helpompaa, nopeampaa ja selke\u00e4mp\u00e4\u00e4.<\/p>\n\n\n\n<p>Voit my\u00f6s ladata k\u00e4ytt\u00f6\u00f6si erilaisia ty\u00f6kaluja ja malleja tehostaaksesi toimintaasi. Lyhyesti sanottuna: ty\u00f6kalumme ja mallimme tekev\u00e4t yritt\u00e4j\u00e4n arjesta sujuvampaa.<\/p>\n\n\n\t\t\t\t\t<div\n\t\t\t\t\t\tclass=\"wp-block-uagb-image-gallery uagb-block-d464f43f     \"\n\t\t\t\t\t\tstyle=\"\"\n\t\t\t\t\t>\n\t\t\t\t\t\t\t\t\t\t\t<div class=\"spectra-image-gallery spectra-image-gallery__layout--masonry spectra-image-gallery__layout--masonry-col-2 spectra-image-gallery__layout--masonry-col-tab-3 spectra-image-gallery__layout--masonry-col-mob-2\">\n\t\t\t\t\t\t\t\t\t\t\t<div class='spectra-image-gallery__media-wrapper--isotope'>\n\t\t\t\t\t\t\t<div class='spectra-image-gallery__media-wrapper' data-spectra-gallery-image-id='1373' tabindex=\"0\">\n\t\t\t\t\t\t\t<div class=\"spectra-image-gallery__media spectra-image-gallery__media--masonry\">\n\t\t\t\t<picture>\n\t\t\t\t\t<source media=\"(min-width: 1024px)\" srcset=\"https:\/\/creddo.com\/fi\/wp-content\/uploads\/2026\/04\/Creddo-VAT-Finland-1-300x300.png\">\n\t\t\t\t\t<source media=\"(min-width: 768px)\" srcset=\"https:\/\/creddo.com\/fi\/wp-content\/uploads\/2026\/04\/Creddo-VAT-Finland-1.png\">\n\t\t\t\t\t<img decoding=\"async\" class=\"spectra-image-gallery__media-thumbnail spectra-image-gallery__media-thumbnail--masonry\" src=\"https:\/\/creddo.com\/fi\/wp-content\/uploads\/2026\/04\/Creddo-VAT-Finland-1-300x300.png\" alt=\"ALV-laskuri Creddo\" loading=\"lazy\" \/>\n\t\t\t\t<\/picture>\n\t\t\t\t<div class=\"spectra-image-gallery__media-thumbnail-blurrer\"><\/div>\n\t\t\t\t\t\t\t\t\t\t\t<div class=\"spectra-image-gallery__media-thumbnail-caption-wrapper spectra-image-gallery__media-thumbnail-caption-wrapper--bar-inside\">\n\t\t\t\t\t\t\t\t\t\t\t<div class=\"spectra-image-gallery__media-thumbnail-caption spectra-image-gallery__media-thumbnail-caption--bar-inside\">\n\t\t\t\t\t<strong>ALV-laskuri<\/strong>:<br><a href=\"https:\/\/creddo.com\/fi\/tyokalut-ja-mallit\/alv-laskuri\/\" target=\"_blank\" rel=\"noreferrer noopener\">Laske ALV helposti verkossa ja saat tuloksen nopeasti ilman turhaa vaivaa.<\/a>\t\t\t\t<\/div>\n\t\t\t\t\t\t\t\t\t\t<\/div>\n\t\t\t\t\t\t\t\t\t<\/div>\n\t\t\t\t\t\t<\/div>\n\t\t\t\t\t\t<\/div>\n\t\t\t\t\t\t<div class='spectra-image-gallery__media-wrapper--isotope'>\n\t\t\t\t\t\t\t<div class='spectra-image-gallery__media-wrapper' data-spectra-gallery-image-id='1378' tabindex=\"0\">\n\t\t\t\t\t\t\t<div class=\"spectra-image-gallery__media spectra-image-gallery__media--masonry\">\n\t\t\t\t<picture>\n\t\t\t\t\t<source media=\"(min-width: 1024px)\" srcset=\"https:\/\/creddo.com\/fi\/wp-content\/uploads\/2026\/04\/Creddo-rejection-loan-FI-300x300.png\">\n\t\t\t\t\t<source media=\"(min-width: 768px)\" srcset=\"https:\/\/creddo.com\/fi\/wp-content\/uploads\/2026\/04\/Creddo-rejection-loan-FI.png\">\n\t\t\t\t\t<img decoding=\"async\" class=\"spectra-image-gallery__media-thumbnail spectra-image-gallery__media-thumbnail--masonry\" src=\"https:\/\/creddo.com\/fi\/wp-content\/uploads\/2026\/04\/Creddo-rejection-loan-FI-300x300.png\" alt=\"yrityksen luottokelpoisuus\" loading=\"lazy\" \/>\n\t\t\t\t<\/picture>\n\t\t\t\t<div class=\"spectra-image-gallery__media-thumbnail-blurrer\"><\/div>\n\t\t\t\t\t\t\t\t\t\t\t<div class=\"spectra-image-gallery__media-thumbnail-caption-wrapper spectra-image-gallery__media-thumbnail-caption-wrapper--bar-inside\">\n\t\t\t\t\t\t\t\t\t\t\t<div class=\"spectra-image-gallery__media-thumbnail-caption spectra-image-gallery__media-thumbnail-caption--bar-inside\">\n\t\t\t\t\t<strong>Yrityksen luottokelpoisuus<\/strong>:<br><a href=\"https:\/\/creddo.com\/fi\/tyokalut-ja-mallit\/yrityksen-luottokelpoisuus\/\" target=\"_blank\" rel=\"noreferrer noopener\">Selvit\u00e4 yrityksesi luottokelpoisuus ja ymm\u00e4rr\u00e4, miksi rahoitus voidaan hyl\u00e4t\u00e4.<\/a>\t\t\t\t<\/div>\n\t\t\t\t\t\t\t\t\t\t<\/div>\n\t\t\t\t\t\t\t\t\t<\/div>\n\t\t\t\t\t\t<\/div>\n\t\t\t\t\t\t<\/div>\n\t\t\t\t\t\t\t\t\t\t<\/div>\n\t\t\t\t\t\t\t\t\t\t\t\t\t\t\t\t\t\t<\/div>\n\t\t\t\t\t\t\t\t\t\n\n\n<p><\/p>\n","protected":false},"excerpt":{"rendered":"<p>Olemme koonneet t\u00e4nne hy\u00f6dyllisi\u00e4 yritysrahoitukseen ja yritt\u00e4jyyteen liittyvi\u00e4 ty\u00f6kaluja yhteen paikkaan. N\u00e4m\u00e4 ty\u00f6kalut ja mallit on suunniteltu tukemaan sinua yrityksesi py\u00f6ritt\u00e4misess\u00e4. L\u00f6yd\u00e4t meilt\u00e4 kaikkea laskureista ja malleista k\u00e4teviin Excel-taulukoihin \u2013 kaiken, mik\u00e4 tekee ty\u00f6st\u00e4si hieman helpompaa, nopeampaa ja selke\u00e4mp\u00e4\u00e4. Voit my\u00f6s ladata k\u00e4ytt\u00f6\u00f6si erilaisia ty\u00f6kaluja ja malleja tehostaaksesi toimintaasi. Lyhyesti sanottuna: ty\u00f6kalumme ja mallimme tekev\u00e4t [&hellip;]<\/p>\n","protected":false},"author":3,"featured_media":0,"parent":0,"menu_order":0,"comment_status":"closed","ping_status":"closed","template":"creddopage.php","meta":{"_uag_custom_page_level_css":"","footnotes":""},"class_list":["post-1366","page","type-page","status-publish","hentry"],"acf":[],"yoast_head":"<!-- This site is optimized with the Yoast SEO Premium plugin v16.0 (Yoast SEO v20.7) - https:\/\/yoast.com\/wordpress\/plugins\/seo\/ -->\n<title>Ty\u00f6kalut ja mallit - Creddo<\/title>\n<meta name=\"robots\" content=\"index, follow, max-snippet:-1, max-image-preview:large, max-video-preview:-1\" \/>\n<link rel=\"canonical\" href=\"https:\/\/creddo.com\/fi\/tyokalut-ja-mallit\/\" \/>\n<meta property=\"og:locale\" content=\"en_US\" \/>\n<meta property=\"og:type\" content=\"article\" \/>\n<meta property=\"og:title\" content=\"Ty\u00f6kalut ja mallit - Creddo\" \/>\n<meta property=\"og:description\" content=\"Olemme koonneet t\u00e4nne hy\u00f6dyllisi\u00e4 yritysrahoitukseen ja yritt\u00e4jyyteen liittyvi\u00e4 ty\u00f6kaluja yhteen paikkaan. N\u00e4m\u00e4 ty\u00f6kalut ja mallit on suunniteltu tukemaan sinua yrityksesi py\u00f6ritt\u00e4misess\u00e4. L\u00f6yd\u00e4t meilt\u00e4 kaikkea laskureista ja malleista k\u00e4teviin Excel-taulukoihin \u2013 kaiken, mik\u00e4 tekee ty\u00f6st\u00e4si hieman helpompaa, nopeampaa ja selke\u00e4mp\u00e4\u00e4. Voit my\u00f6s ladata k\u00e4ytt\u00f6\u00f6si erilaisia ty\u00f6kaluja ja malleja tehostaaksesi toimintaasi. Lyhyesti sanottuna: ty\u00f6kalumme ja mallimme tekev\u00e4t [&hellip;]\" \/>\n<meta property=\"og:url\" content=\"https:\/\/creddo.com\/fi\/tyokalut-ja-mallit\/\" \/>\n<meta property=\"og:site_name\" content=\"Creddo\" \/>\n<meta property=\"article:publisher\" content=\"https:\/\/www.facebook.com\/CreddoSuomi\/\" \/>\n<meta property=\"article:modified_time\" content=\"2026-04-27T13:30:56+00:00\" \/>\n<meta property=\"og:image\" content=\"https:\/\/creddo.com\/fi\/wp-content\/uploads\/2021\/04\/Creddo_logo_rect.png\" \/>\n\t<meta property=\"og:image:width\" content=\"500\" \/>\n\t<meta property=\"og:image:height\" content=\"500\" \/>\n\t<meta property=\"og:image:type\" content=\"image\/png\" \/>\n<meta name=\"twitter:card\" content=\"summary_large_image\" \/>\n<meta name=\"twitter:label1\" content=\"Est. reading time\" \/>\n\t<meta name=\"twitter:data1\" content=\"1 minute\" \/>\n<script type=\"application\/ld+json\" class=\"yoast-schema-graph\">{\"@context\":\"https:\/\/schema.org\",\"@graph\":[{\"@type\":\"WebPage\",\"@id\":\"https:\/\/creddo.com\/fi\/tyokalut-ja-mallit\/\",\"url\":\"https:\/\/creddo.com\/fi\/tyokalut-ja-mallit\/\",\"name\":\"Ty\u00f6kalut ja mallit - Creddo\",\"isPartOf\":{\"@id\":\"https:\/\/creddo.com\/fi\/#website\"},\"datePublished\":\"2026-04-27T12:31:02+00:00\",\"dateModified\":\"2026-04-27T13:30:56+00:00\",\"breadcrumb\":{\"@id\":\"https:\/\/creddo.com\/fi\/tyokalut-ja-mallit\/#breadcrumb\"},\"inLanguage\":\"en-US\",\"potentialAction\":[{\"@type\":\"ReadAction\",\"target\":[\"https:\/\/creddo.com\/fi\/tyokalut-ja-mallit\/\"]}]},{\"@type\":\"BreadcrumbList\",\"@id\":\"https:\/\/creddo.com\/fi\/tyokalut-ja-mallit\/#breadcrumb\",\"itemListElement\":[{\"@type\":\"ListItem\",\"position\":1,\"name\":\"Creddo.com\",\"item\":\"https:\/\/creddo.com\/fi\/\"},{\"@type\":\"ListItem\",\"position\":2,\"name\":\"Ty\u00f6kalut ja mallit\"}]},{\"@type\":\"WebSite\",\"@id\":\"https:\/\/creddo.com\/fi\/#website\",\"url\":\"https:\/\/creddo.com\/fi\/\",\"name\":\"Creddo\",\"description\":\"Creddo kilpailuttaa lainat yrityksille helposti ja nopeasti!\",\"publisher\":{\"@id\":\"https:\/\/creddo.com\/fi\/#organization\"},\"potentialAction\":[{\"@type\":\"SearchAction\",\"target\":{\"@type\":\"EntryPoint\",\"urlTemplate\":\"https:\/\/creddo.com\/fi\/?s={search_term_string}\"},\"query-input\":\"required name=search_term_string\"}],\"inLanguage\":\"en-US\"},{\"@type\":\"Organization\",\"@id\":\"https:\/\/creddo.com\/fi\/#organization\",\"name\":\"Creddo\",\"url\":\"https:\/\/creddo.com\/fi\/\",\"logo\":{\"@type\":\"ImageObject\",\"inLanguage\":\"en-US\",\"@id\":\"https:\/\/creddo.com\/fi\/#\/schema\/logo\/image\/\",\"url\":\"https:\/\/creddo.com\/fi\/wp-content\/uploads\/2021\/04\/Creddo_logo_rect.png\",\"contentUrl\":\"https:\/\/creddo.com\/fi\/wp-content\/uploads\/2021\/04\/Creddo_logo_rect.png\",\"width\":500,\"height\":500,\"caption\":\"Creddo\"},\"image\":{\"@id\":\"https:\/\/creddo.com\/fi\/#\/schema\/logo\/image\/\"},\"sameAs\":[\"https:\/\/www.facebook.com\/CreddoSuomi\/\"]}]}<\/script>\n<!-- \/ Yoast SEO Premium plugin. -->","yoast_head_json":{"title":"Ty\u00f6kalut ja mallit - Creddo","robots":{"index":"index","follow":"follow","max-snippet":"max-snippet:-1","max-image-preview":"max-image-preview:large","max-video-preview":"max-video-preview:-1"},"canonical":"https:\/\/creddo.com\/fi\/tyokalut-ja-mallit\/","og_locale":"en_US","og_type":"article","og_title":"Ty\u00f6kalut ja mallit - Creddo","og_description":"Olemme koonneet t\u00e4nne hy\u00f6dyllisi\u00e4 yritysrahoitukseen ja yritt\u00e4jyyteen liittyvi\u00e4 ty\u00f6kaluja yhteen paikkaan. N\u00e4m\u00e4 ty\u00f6kalut ja mallit on suunniteltu tukemaan sinua yrityksesi py\u00f6ritt\u00e4misess\u00e4. L\u00f6yd\u00e4t meilt\u00e4 kaikkea laskureista ja malleista k\u00e4teviin Excel-taulukoihin \u2013 kaiken, mik\u00e4 tekee ty\u00f6st\u00e4si hieman helpompaa, nopeampaa ja selke\u00e4mp\u00e4\u00e4. Voit my\u00f6s ladata k\u00e4ytt\u00f6\u00f6si erilaisia ty\u00f6kaluja ja malleja tehostaaksesi toimintaasi. Lyhyesti sanottuna: ty\u00f6kalumme ja mallimme tekev\u00e4t [&hellip;]","og_url":"https:\/\/creddo.com\/fi\/tyokalut-ja-mallit\/","og_site_name":"Creddo","article_publisher":"https:\/\/www.facebook.com\/CreddoSuomi\/","article_modified_time":"2026-04-27T13:30:56+00:00","og_image":[{"width":500,"height":500,"url":"https:\/\/creddo.com\/fi\/wp-content\/uploads\/2021\/04\/Creddo_logo_rect.png","type":"image\/png"}],"twitter_card":"summary_large_image","twitter_misc":{"Est. reading time":"1 minute"},"schema":{"@context":"https:\/\/schema.org","@graph":[{"@type":"WebPage","@id":"https:\/\/creddo.com\/fi\/tyokalut-ja-mallit\/","url":"https:\/\/creddo.com\/fi\/tyokalut-ja-mallit\/","name":"Ty\u00f6kalut ja mallit - Creddo","isPartOf":{"@id":"https:\/\/creddo.com\/fi\/#website"},"datePublished":"2026-04-27T12:31:02+00:00","dateModified":"2026-04-27T13:30:56+00:00","breadcrumb":{"@id":"https:\/\/creddo.com\/fi\/tyokalut-ja-mallit\/#breadcrumb"},"inLanguage":"en-US","potentialAction":[{"@type":"ReadAction","target":["https:\/\/creddo.com\/fi\/tyokalut-ja-mallit\/"]}]},{"@type":"BreadcrumbList","@id":"https:\/\/creddo.com\/fi\/tyokalut-ja-mallit\/#breadcrumb","itemListElement":[{"@type":"ListItem","position":1,"name":"Creddo.com","item":"https:\/\/creddo.com\/fi\/"},{"@type":"ListItem","position":2,"name":"Ty\u00f6kalut ja mallit"}]},{"@type":"WebSite","@id":"https:\/\/creddo.com\/fi\/#website","url":"https:\/\/creddo.com\/fi\/","name":"Creddo","description":"Creddo kilpailuttaa lainat yrityksille helposti ja nopeasti!","publisher":{"@id":"https:\/\/creddo.com\/fi\/#organization"},"potentialAction":[{"@type":"SearchAction","target":{"@type":"EntryPoint","urlTemplate":"https:\/\/creddo.com\/fi\/?s={search_term_string}"},"query-input":"required name=search_term_string"}],"inLanguage":"en-US"},{"@type":"Organization","@id":"https:\/\/creddo.com\/fi\/#organization","name":"Creddo","url":"https:\/\/creddo.com\/fi\/","logo":{"@type":"ImageObject","inLanguage":"en-US","@id":"https:\/\/creddo.com\/fi\/#\/schema\/logo\/image\/","url":"https:\/\/creddo.com\/fi\/wp-content\/uploads\/2021\/04\/Creddo_logo_rect.png","contentUrl":"https:\/\/creddo.com\/fi\/wp-content\/uploads\/2021\/04\/Creddo_logo_rect.png","width":500,"height":500,"caption":"Creddo"},"image":{"@id":"https:\/\/creddo.com\/fi\/#\/schema\/logo\/image\/"},"sameAs":["https:\/\/www.facebook.com\/CreddoSuomi\/"]}]}},"lang":"fi","translations":{"fi":1366},"uagb_featured_image_src":{"full":false,"thumbnail":false,"medium":false,"medium_large":false,"large":false,"1536x1536":false,"2048x2048":false},"uagb_author_info":{"display_name":"Harri","author_link":"https:\/\/creddo.com\/fi\/author\/harri\/"},"uagb_comment_info":0,"uagb_excerpt":"Olemme koonneet t\u00e4nne hy\u00f6dyllisi\u00e4 yritysrahoitukseen ja yritt\u00e4jyyteen liittyvi\u00e4 ty\u00f6kaluja yhteen paikkaan. N\u00e4m\u00e4 ty\u00f6kalut ja mallit on suunniteltu tukemaan sinua yrityksesi py\u00f6ritt\u00e4misess\u00e4. L\u00f6yd\u00e4t meilt\u00e4 kaikkea laskureista ja malleista k\u00e4teviin Excel-taulukoihin \u2013 kaiken, mik\u00e4 tekee ty\u00f6st\u00e4si hieman helpompaa, nopeampaa ja selke\u00e4mp\u00e4\u00e4. Voit my\u00f6s ladata k\u00e4ytt\u00f6\u00f6si erilaisia ty\u00f6kaluja ja malleja tehostaaksesi toimintaasi. Lyhyesti sanottuna: ty\u00f6kalumme ja mallimme tekev\u00e4t&hellip;","pll_sync_post":[],"_links":{"self":[{"href":"https:\/\/creddo.com\/fi\/wp-json\/wp\/v2\/pages\/1366","targetHints":{"allow":["GET"]}}],"collection":[{"href":"https:\/\/creddo.com\/fi\/wp-json\/wp\/v2\/pages"}],"about":[{"href":"https:\/\/creddo.com\/fi\/wp-json\/wp\/v2\/types\/page"}],"author":[{"embeddable":true,"href":"https:\/\/creddo.com\/fi\/wp-json\/wp\/v2\/users\/3"}],"replies":[{"embeddable":true,"href":"https:\/\/creddo.com\/fi\/wp-json\/wp\/v2\/comments?post=1366"}],"version-history":[{"count":2,"href":"https:\/\/creddo.com\/fi\/wp-json\/wp\/v2\/pages\/1366\/revisions"}],"predecessor-version":[{"id":1382,"href":"https:\/\/creddo.com\/fi\/wp-json\/wp\/v2\/pages\/1366\/revisions\/1382"}],"wp:attachment":[{"href":"https:\/\/creddo.com\/fi\/wp-json\/wp\/v2\/media?parent=1366"}],"curies":[{"name":"wp","href":"https:\/\/api.w.org\/{rel}","templated":true}]}}