{"id":909,"date":"2021-04-19T11:47:38","date_gmt":"2021-04-19T11:47:38","guid":{"rendered":"https:\/\/stage.creddo.com\/fi\/?page_id=909"},"modified":"2025-01-03T14:31:08","modified_gmt":"2025-01-03T12:31:08","slug":"kilpailuta-laina","status":"publish","type":"page","link":"https:\/\/creddo.com\/fi\/","title":{"rendered":"Kilpailuta laina"},"content":{"rendered":"\n<h2 class=\"has-text-align-center wp-block-heading\" id=\"h-kilpailuta-yritysrahoitus-helposti-avullamme\">Kilpailuta yritysrahoitus helposti avullamme<\/h2>\n\n\n\n<p class=\"has-text-align-center\">Oletko huomannut, miten helppoa yksityishenkil\u00f6iden on kilpailuttaa lainat? <strong>Miksei yritysrahoitus olisi yht\u00e4 helppoa kilpailuttaa<\/strong>? Creddo on apu t\u00e4h\u00e4n ongelmaan!<\/p>\n\n\n\n<p class=\"has-text-align-center\">Creddon avulla voit hakea lainaa yritykselle yhdest\u00e4 paikasta. Kilpailutamme yrityksesi lainahakemuksen usealla pankilla sek\u00e4 rahoituslaitoksella, jonka j\u00e4lkeen saat n\u00e4ilt\u00e4 lainantarjoajilta parhaat tarjoukset yrityksellesi. Sinun teht\u00e4v\u00e4ksesi j\u00e4\u00e4 valita yrityksesi k\u00e4ytt\u00f6tarkoitukseen sopivin <a href=\"https:\/\/creddo.com\/fi\/yrityslaina\/\">yrityslaina<\/a>.<\/p>\n\n\n\n<p class=\"has-text-align-center\">Voit hakea avullamme lainaa yritykselle aina 350\u00a0000 euroon asti. Maksuaikaa on mahdollista saada jopa 3 vuotta.<\/p>\n\n\n\n<p class=\"has-text-align-center\">Tutustu my\u00f6s <a href=\"https:\/\/creddo.com\/fi\/yrityslaina\/#5-vinkkia-halvempaan-yrityslainaan\">viiteen vinkkiimme<\/a>, miten yritysrahoitus on mahdollista saada halvemmalla.<\/p>\n\n\n\n<h2 class=\"has-text-align-center wp-block-heading\">Kenelle?<\/h2>\n\n\n\n<p class=\"has-text-align-center\">Creddo palvelee kaiken kokoisia yrityksi\u00e4. Yritysrahoitus on mahdollista saada kauttamme, olipa kyseess\u00e4 sitten <a href=\"https:\/\/creddo.com\/fi\/yrityslaina\/laina-toiminimelle\/\">laina toiminimelle<\/a> tai suuremmalle osakeyhti\u00f6lle. Palvelemme avoimia yhti\u00f6it\u00e4, kommandiittiyhti\u00f6it\u00e4, osakeyhti\u00f6it\u00e4, osuuskuntia ja yksinyritt\u00e4ji\u00e4.<\/p>\n\n\n\n<p class=\"has-text-align-center\">My\u00f6sk\u00e4\u00e4n yrityksen i\u00e4ll\u00e4 ei ole meille merkityst\u00e4. Voit esimerkiksi hakea avullamme <a href=\"https:\/\/creddo.com\/fi\/yrityslaina\/lainaa-uudelle-yritykselle\/\">lainaa uudelle yritykselle<\/a>, sill\u00e4 meille on t\u00e4rke\u00e4\u00e4 olla uusien yritysten apuna.<\/p>\n\n\n\n<p class=\"has-text-align-center\">Yrityksell\u00e4 tulee olla y-tunnus ja sen tulee l\u00f6yty\u00e4 kaupparekisterist\u00e4, jotta lainan hakeminen onnistuu.<\/p>\n\n\n\n<p class=\"has-text-align-center\">Jos sinulla on yritysrahoitukseen liittyen kysytt\u00e4v\u00e4\u00e4, voit olla meihin rohkeasti yhteydess\u00e4!<\/p>\n","protected":false},"excerpt":{"rendered":"<p>Kilpailuta yritysrahoitus helposti avullamme Oletko huomannut, miten helppoa yksityishenkil\u00f6iden on kilpailuttaa lainat? Miksei yritysrahoitus olisi yht\u00e4 helppoa kilpailuttaa? Creddo on apu t\u00e4h\u00e4n ongelmaan! Creddon avulla voit hakea lainaa yritykselle yhdest\u00e4 paikasta. Kilpailutamme yrityksesi lainahakemuksen usealla pankilla sek\u00e4 rahoituslaitoksella, jonka j\u00e4lkeen saat n\u00e4ilt\u00e4 lainantarjoajilta parhaat tarjoukset yrityksellesi. Sinun teht\u00e4v\u00e4ksesi j\u00e4\u00e4 valita yrityksesi k\u00e4ytt\u00f6tarkoitukseen sopivin yrityslaina. Voit [&hellip;]<\/p>\n","protected":false},"author":1,"featured_media":0,"parent":0,"menu_order":0,"comment_status":"closed","ping_status":"closed","template":"homepage.php","meta":{"_uag_custom_page_level_css":"","footnotes":""},"class_list":["post-909","page","type-page","status-publish","hentry"],"acf":[],"yoast_head":"<!-- This site is optimized with the Yoast SEO Premium plugin v16.0 (Yoast SEO v20.7) - https:\/\/yoast.com\/wordpress\/plugins\/seo\/ -->\n<title>Yritysrahoitus kuntoon - Creddo kilpailuttaa lainat ilmaiseksi<\/title>\n<meta name=\"description\" content=\"Tarvitsetko lainaa yritykselle? Creddon avulla yritysrahoitus on mahdollista kilpailuttaa yhdell\u00e4 hakemuksella. S\u00e4\u00e4st\u00e4t aikaa ja rahaa!\" \/>\n<meta name=\"robots\" content=\"index, follow, max-snippet:-1, max-image-preview:large, max-video-preview:-1\" \/>\n<link rel=\"canonical\" href=\"https:\/\/creddo.com\/fi\/\" \/>\n<meta property=\"og:locale\" content=\"en_US\" \/>\n<meta property=\"og:type\" content=\"article\" \/>\n<meta property=\"og:title\" content=\"Yritysrahoitus kuntoon - Creddo kilpailuttaa lainat ilmaiseksi\" \/>\n<meta property=\"og:description\" content=\"Tarvitsetko lainaa yritykselle? Creddon avulla yritysrahoitus on mahdollista kilpailuttaa yhdell\u00e4 hakemuksella. S\u00e4\u00e4st\u00e4t aikaa ja rahaa!\" \/>\n<meta property=\"og:url\" content=\"https:\/\/creddo.com\/fi\/\" \/>\n<meta property=\"og:site_name\" content=\"Creddo\" \/>\n<meta property=\"article:publisher\" content=\"https:\/\/www.facebook.com\/CreddoSuomi\/\" \/>\n<meta property=\"article:modified_time\" content=\"2025-01-03T12:31:08+00:00\" \/>\n<meta property=\"og:image\" content=\"https:\/\/creddo.com\/fi\/wp-content\/uploads\/2021\/04\/Creddo_logo_rect.png\" \/>\n\t<meta property=\"og:image:width\" content=\"500\" \/>\n\t<meta property=\"og:image:height\" content=\"500\" \/>\n\t<meta property=\"og:image:type\" content=\"image\/png\" \/>\n<meta name=\"twitter:card\" content=\"summary_large_image\" \/>\n<meta name=\"twitter:label1\" content=\"Est. reading time\" \/>\n\t<meta name=\"twitter:data1\" content=\"1 minute\" \/>\n<script type=\"application\/ld+json\" class=\"yoast-schema-graph\">{\"@context\":\"https:\/\/schema.org\",\"@graph\":[{\"@type\":\"WebPage\",\"@id\":\"https:\/\/creddo.com\/fi\/\",\"url\":\"https:\/\/creddo.com\/fi\/\",\"name\":\"Yritysrahoitus kuntoon - Creddo kilpailuttaa lainat ilmaiseksi\",\"isPartOf\":{\"@id\":\"https:\/\/creddo.com\/fi\/#website\"},\"datePublished\":\"2021-04-19T11:47:38+00:00\",\"dateModified\":\"2025-01-03T12:31:08+00:00\",\"description\":\"Tarvitsetko lainaa yritykselle? Creddon avulla yritysrahoitus on mahdollista kilpailuttaa yhdell\u00e4 hakemuksella. S\u00e4\u00e4st\u00e4t aikaa ja rahaa!\",\"breadcrumb\":{\"@id\":\"https:\/\/creddo.com\/fi\/#breadcrumb\"},\"inLanguage\":\"en-US\",\"potentialAction\":[{\"@type\":\"ReadAction\",\"target\":[\"https:\/\/creddo.com\/fi\/\"]}]},{\"@type\":\"BreadcrumbList\",\"@id\":\"https:\/\/creddo.com\/fi\/#breadcrumb\",\"itemListElement\":[{\"@type\":\"ListItem\",\"position\":1,\"name\":\"Creddo.com\",\"item\":\"https:\/\/creddo.com\/fi\/\"},{\"@type\":\"ListItem\",\"position\":2,\"name\":\"Kilpailuta laina\"}]},{\"@type\":\"WebSite\",\"@id\":\"https:\/\/creddo.com\/fi\/#website\",\"url\":\"https:\/\/creddo.com\/fi\/\",\"name\":\"Creddo\",\"description\":\"Creddo kilpailuttaa lainat yrityksille helposti ja nopeasti!\",\"publisher\":{\"@id\":\"https:\/\/creddo.com\/fi\/#organization\"},\"potentialAction\":[{\"@type\":\"SearchAction\",\"target\":{\"@type\":\"EntryPoint\",\"urlTemplate\":\"https:\/\/creddo.com\/fi\/?s={search_term_string}\"},\"query-input\":\"required name=search_term_string\"}],\"inLanguage\":\"en-US\"},{\"@type\":\"Organization\",\"@id\":\"https:\/\/creddo.com\/fi\/#organization\",\"name\":\"Creddo\",\"url\":\"https:\/\/creddo.com\/fi\/\",\"logo\":{\"@type\":\"ImageObject\",\"inLanguage\":\"en-US\",\"@id\":\"https:\/\/creddo.com\/fi\/#\/schema\/logo\/image\/\",\"url\":\"https:\/\/creddo.com\/fi\/wp-content\/uploads\/2021\/04\/Creddo_logo_rect.png\",\"contentUrl\":\"https:\/\/creddo.com\/fi\/wp-content\/uploads\/2021\/04\/Creddo_logo_rect.png\",\"width\":500,\"height\":500,\"caption\":\"Creddo\"},\"image\":{\"@id\":\"https:\/\/creddo.com\/fi\/#\/schema\/logo\/image\/\"},\"sameAs\":[\"https:\/\/www.facebook.com\/CreddoSuomi\/\"]}]}<\/script>\n<!-- \/ Yoast SEO Premium plugin. -->","yoast_head_json":{"title":"Yritysrahoitus kuntoon - Creddo kilpailuttaa lainat ilmaiseksi","description":"Tarvitsetko lainaa yritykselle? Creddon avulla yritysrahoitus on mahdollista kilpailuttaa yhdell\u00e4 hakemuksella. S\u00e4\u00e4st\u00e4t aikaa ja rahaa!","robots":{"index":"index","follow":"follow","max-snippet":"max-snippet:-1","max-image-preview":"max-image-preview:large","max-video-preview":"max-video-preview:-1"},"canonical":"https:\/\/creddo.com\/fi\/","og_locale":"en_US","og_type":"article","og_title":"Yritysrahoitus kuntoon - Creddo kilpailuttaa lainat ilmaiseksi","og_description":"Tarvitsetko lainaa yritykselle? Creddon avulla yritysrahoitus on mahdollista kilpailuttaa yhdell\u00e4 hakemuksella. S\u00e4\u00e4st\u00e4t aikaa ja rahaa!","og_url":"https:\/\/creddo.com\/fi\/","og_site_name":"Creddo","article_publisher":"https:\/\/www.facebook.com\/CreddoSuomi\/","article_modified_time":"2025-01-03T12:31:08+00:00","og_image":[{"width":500,"height":500,"url":"https:\/\/creddo.com\/fi\/wp-content\/uploads\/2021\/04\/Creddo_logo_rect.png","type":"image\/png"}],"twitter_card":"summary_large_image","twitter_misc":{"Est. reading time":"1 minute"},"schema":{"@context":"https:\/\/schema.org","@graph":[{"@type":"WebPage","@id":"https:\/\/creddo.com\/fi\/","url":"https:\/\/creddo.com\/fi\/","name":"Yritysrahoitus kuntoon - Creddo kilpailuttaa lainat ilmaiseksi","isPartOf":{"@id":"https:\/\/creddo.com\/fi\/#website"},"datePublished":"2021-04-19T11:47:38+00:00","dateModified":"2025-01-03T12:31:08+00:00","description":"Tarvitsetko lainaa yritykselle? Creddon avulla yritysrahoitus on mahdollista kilpailuttaa yhdell\u00e4 hakemuksella. S\u00e4\u00e4st\u00e4t aikaa ja rahaa!","breadcrumb":{"@id":"https:\/\/creddo.com\/fi\/#breadcrumb"},"inLanguage":"en-US","potentialAction":[{"@type":"ReadAction","target":["https:\/\/creddo.com\/fi\/"]}]},{"@type":"BreadcrumbList","@id":"https:\/\/creddo.com\/fi\/#breadcrumb","itemListElement":[{"@type":"ListItem","position":1,"name":"Creddo.com","item":"https:\/\/creddo.com\/fi\/"},{"@type":"ListItem","position":2,"name":"Kilpailuta laina"}]},{"@type":"WebSite","@id":"https:\/\/creddo.com\/fi\/#website","url":"https:\/\/creddo.com\/fi\/","name":"Creddo","description":"Creddo kilpailuttaa lainat yrityksille helposti ja nopeasti!","publisher":{"@id":"https:\/\/creddo.com\/fi\/#organization"},"potentialAction":[{"@type":"SearchAction","target":{"@type":"EntryPoint","urlTemplate":"https:\/\/creddo.com\/fi\/?s={search_term_string}"},"query-input":"required name=search_term_string"}],"inLanguage":"en-US"},{"@type":"Organization","@id":"https:\/\/creddo.com\/fi\/#organization","name":"Creddo","url":"https:\/\/creddo.com\/fi\/","logo":{"@type":"ImageObject","inLanguage":"en-US","@id":"https:\/\/creddo.com\/fi\/#\/schema\/logo\/image\/","url":"https:\/\/creddo.com\/fi\/wp-content\/uploads\/2021\/04\/Creddo_logo_rect.png","contentUrl":"https:\/\/creddo.com\/fi\/wp-content\/uploads\/2021\/04\/Creddo_logo_rect.png","width":500,"height":500,"caption":"Creddo"},"image":{"@id":"https:\/\/creddo.com\/fi\/#\/schema\/logo\/image\/"},"sameAs":["https:\/\/www.facebook.com\/CreddoSuomi\/"]}]}},"lang":"fi","translations":{"fi":909},"uagb_featured_image_src":{"full":false,"thumbnail":false,"medium":false,"medium_large":false,"large":false,"1536x1536":false,"2048x2048":false},"uagb_author_info":{"display_name":"David","author_link":"https:\/\/creddo.com\/fi\/author\/david\/"},"uagb_comment_info":0,"uagb_excerpt":"Kilpailuta yritysrahoitus helposti avullamme Oletko huomannut, miten helppoa yksityishenkil\u00f6iden on kilpailuttaa lainat? Miksei yritysrahoitus olisi yht\u00e4 helppoa kilpailuttaa? Creddo on apu t\u00e4h\u00e4n ongelmaan! Creddon avulla voit hakea lainaa yritykselle yhdest\u00e4 paikasta. Kilpailutamme yrityksesi lainahakemuksen usealla pankilla sek\u00e4 rahoituslaitoksella, jonka j\u00e4lkeen saat n\u00e4ilt\u00e4 lainantarjoajilta parhaat tarjoukset yrityksellesi. Sinun teht\u00e4v\u00e4ksesi j\u00e4\u00e4 valita yrityksesi k\u00e4ytt\u00f6tarkoitukseen sopivin yrityslaina. Voit&hellip;","pll_sync_post":[],"_links":{"self":[{"href":"https:\/\/creddo.com\/fi\/wp-json\/wp\/v2\/pages\/909","targetHints":{"allow":["GET"]}}],"collection":[{"href":"https:\/\/creddo.com\/fi\/wp-json\/wp\/v2\/pages"}],"about":[{"href":"https:\/\/creddo.com\/fi\/wp-json\/wp\/v2\/types\/page"}],"author":[{"embeddable":true,"href":"https:\/\/creddo.com\/fi\/wp-json\/wp\/v2\/users\/1"}],"replies":[{"embeddable":true,"href":"https:\/\/creddo.com\/fi\/wp-json\/wp\/v2\/comments?post=909"}],"version-history":[{"count":4,"href":"https:\/\/creddo.com\/fi\/wp-json\/wp\/v2\/pages\/909\/revisions"}],"predecessor-version":[{"id":1293,"href":"https:\/\/creddo.com\/fi\/wp-json\/wp\/v2\/pages\/909\/revisions\/1293"}],"wp:attachment":[{"href":"https:\/\/creddo.com\/fi\/wp-json\/wp\/v2\/media?parent=909"}],"curies":[{"name":"wp","href":"https:\/\/api.w.org\/{rel}","templated":true}]}}