{"id":917,"date":"2021-04-19T11:57:37","date_gmt":"2021-04-19T11:57:37","guid":{"rendered":"https:\/\/stage.creddo.com\/fi\/?page_id=917"},"modified":"2025-01-22T17:50:23","modified_gmt":"2025-01-22T15:50:23","slug":"tietoa-creddosta","status":"publish","type":"page","link":"https:\/\/creddo.com\/fi\/tietoa-creddosta\/","title":{"rendered":"Tietoa Creddosta"},"content":{"rendered":"\n<h2 class=\"wp-block-heading\" id=\"h-creddon-missio\">Creddon missio<\/h2>\n\n\n\n<p>Kuluttajille on tehty eritt\u00e4in helpoksi vertailla rahoitusvaihtoehtoja netiss\u00e4, mutta yrityksille, ja varsinkin pienemmille yritt\u00e4jille, t\u00e4m\u00e4 on ollut haastavaa. Me Creddolla kysyimme itselt\u00e4mme, miksi n\u00e4in on? Miksi lainojen vertailu ja kilpailutus yrityksille on tehty vaikeaksi ja aikaa viev\u00e4ksi, vaikka yritysten pit\u00e4isi rahoituksen sijasta keskitty\u00e4 ydinosaamiseensa?<\/p>\n\n\n\n<p>Yksi yritysten perusedellytyksist\u00e4 on mahdollisuus rahoittaa toimintaansa. T\u00e4st\u00e4 syyst\u00e4 <strong>yritysten pit\u00e4isi helposti pysty\u00e4 vertailemaan yrityslainat<\/strong>. Ratkaisuna t\u00e4h\u00e4n haasteeseen p\u00e4\u00e4timme perustaa Creddon!<\/p>\n\n\n\n<p>Meill\u00e4, jotka perustimme Creddon, on kokemusta v\u00e4lityspalveluista sek\u00e4 finanssiteknologiasta yleisesti. T\u00e4m\u00e4 osaaminen antaa meille ainutlaatuisen edun vied\u00e4 alaa digitaaliseen tulevaisuuteen ja t\u00e4t\u00e4 kautta auttaa pieni\u00e4 ja keskisuuria yrityksi\u00e4 l\u00f6yt\u00e4m\u00e4\u00e4n parhaat mahdolliset lainavaihtoehdot.<\/p>\n\n\n\n<h2 class=\"wp-block-heading\" id=\"h-perustietoa-meist\">Perustietoa meist\u00e4<\/h2>\n\n\n\n<p>Creddo on perustettu vuonna 2019 ja liikkeelle se l\u00e4hti Ruotsin markkina-alueelta. T\u00e4ll\u00e4 hetkell\u00e4 toiminta on kuitenkin laajentunut kattamaan sek\u00e4 Suomen ett\u00e4 Alankomaat. Lis\u00e4ksi meill\u00e4 on tavoitteena laajentua entisest\u00e4\u00e4n uusiin maihin.<\/p>\n\n\n\n<p>Avullamme jo tuhannet tyytyv\u00e4iset yritykset ja yritt\u00e4j\u00e4t ovat l\u00f6yt\u00e4neet sopivan rahoitusratkaisun ja jatkossa pyrimme palvelemaan teit\u00e4 yritt\u00e4ji\u00e4 ja yritysten edustajia entist\u00e4 kattavammin.<\/p>\n\n\n\n<p>Tervetuloa Creddon k\u00e4ytt\u00e4j\u00e4ksi!<\/p>\n","protected":false},"excerpt":{"rendered":"<p>Creddon missio Kuluttajille on tehty eritt\u00e4in helpoksi vertailla rahoitusvaihtoehtoja netiss\u00e4, mutta yrityksille, ja varsinkin pienemmille yritt\u00e4jille, t\u00e4m\u00e4 on ollut haastavaa. Me Creddolla kysyimme itselt\u00e4mme, miksi n\u00e4in on? Miksi lainojen vertailu ja kilpailutus yrityksille on tehty vaikeaksi ja aikaa viev\u00e4ksi, vaikka yritysten pit\u00e4isi rahoituksen sijasta keskitty\u00e4 ydinosaamiseensa? Yksi yritysten perusedellytyksist\u00e4 on mahdollisuus rahoittaa toimintaansa. T\u00e4st\u00e4 syyst\u00e4 [&hellip;]<\/p>\n","protected":false},"author":1,"featured_media":0,"parent":0,"menu_order":0,"comment_status":"closed","ping_status":"closed","template":"creddopage.php","meta":{"footnotes":""},"class_list":["post-917","page","type-page","status-publish","hentry"],"acf":[],"yoast_head":"<!-- This site is optimized with the Yoast SEO Premium plugin v16.0 (Yoast SEO v20.7) - https:\/\/yoast.com\/wordpress\/plugins\/seo\/ -->\n<title>Tietoa Creddosta - Creddo<\/title>\n<meta name=\"description\" content=\"Perustimme Creddon, jotta yritysten olisi helpompaa kilpailuttaa ja hakea lainaa. Lue lis\u00e4\u00e4 meist\u00e4 ja missiostamme t\u00e4st\u00e4!\" \/>\n<meta name=\"robots\" content=\"index, follow, max-snippet:-1, max-image-preview:large, max-video-preview:-1\" \/>\n<link rel=\"canonical\" href=\"https:\/\/creddo.com\/fi\/tietoa-creddosta\/\" \/>\n<meta property=\"og:locale\" content=\"en_US\" \/>\n<meta property=\"og:type\" content=\"article\" \/>\n<meta property=\"og:title\" content=\"Tietoa Creddosta - Creddo\" \/>\n<meta property=\"og:description\" content=\"Perustimme Creddon, jotta yritysten olisi helpompaa kilpailuttaa ja hakea lainaa. Lue lis\u00e4\u00e4 meist\u00e4 ja missiostamme t\u00e4st\u00e4!\" \/>\n<meta property=\"og:url\" content=\"https:\/\/creddo.com\/fi\/tietoa-creddosta\/\" \/>\n<meta property=\"og:site_name\" content=\"Creddo\" \/>\n<meta property=\"article:publisher\" content=\"https:\/\/www.facebook.com\/CreddoSuomi\/\" \/>\n<meta property=\"article:modified_time\" content=\"2025-01-22T15:50:23+00:00\" \/>\n<meta property=\"og:image\" content=\"https:\/\/creddo.com\/fi\/wp-content\/uploads\/2021\/04\/Creddo_logo_rect.png\" \/>\n\t<meta property=\"og:image:width\" content=\"500\" \/>\n\t<meta property=\"og:image:height\" content=\"500\" \/>\n\t<meta property=\"og:image:type\" content=\"image\/png\" \/>\n<meta name=\"twitter:card\" content=\"summary_large_image\" \/>\n<meta name=\"twitter:label1\" content=\"Est. reading time\" \/>\n\t<meta name=\"twitter:data1\" content=\"1 minute\" \/>\n<script type=\"application\/ld+json\" class=\"yoast-schema-graph\">{\"@context\":\"https:\/\/schema.org\",\"@graph\":[{\"@type\":[\"WebPage\",\"AboutPage\"],\"@id\":\"https:\/\/creddo.com\/fi\/tietoa-creddosta\/\",\"url\":\"https:\/\/creddo.com\/fi\/tietoa-creddosta\/\",\"name\":\"Tietoa Creddosta - Creddo\",\"isPartOf\":{\"@id\":\"https:\/\/creddo.com\/fi\/#website\"},\"datePublished\":\"2021-04-19T11:57:37+00:00\",\"dateModified\":\"2025-01-22T15:50:23+00:00\",\"description\":\"Perustimme Creddon, jotta yritysten olisi helpompaa kilpailuttaa ja hakea lainaa. Lue lis\u00e4\u00e4 meist\u00e4 ja missiostamme t\u00e4st\u00e4!\",\"breadcrumb\":{\"@id\":\"https:\/\/creddo.com\/fi\/tietoa-creddosta\/#breadcrumb\"},\"inLanguage\":\"en-US\",\"potentialAction\":[{\"@type\":\"ReadAction\",\"target\":[\"https:\/\/creddo.com\/fi\/tietoa-creddosta\/\"]}]},{\"@type\":\"BreadcrumbList\",\"@id\":\"https:\/\/creddo.com\/fi\/tietoa-creddosta\/#breadcrumb\",\"itemListElement\":[{\"@type\":\"ListItem\",\"position\":1,\"name\":\"Creddo.com\",\"item\":\"https:\/\/creddo.com\/fi\/\"},{\"@type\":\"ListItem\",\"position\":2,\"name\":\"Tietoa Creddosta\"}]},{\"@type\":\"WebSite\",\"@id\":\"https:\/\/creddo.com\/fi\/#website\",\"url\":\"https:\/\/creddo.com\/fi\/\",\"name\":\"Creddo\",\"description\":\"Creddo kilpailuttaa lainat yrityksille helposti ja nopeasti!\",\"publisher\":{\"@id\":\"https:\/\/creddo.com\/fi\/#organization\"},\"potentialAction\":[{\"@type\":\"SearchAction\",\"target\":{\"@type\":\"EntryPoint\",\"urlTemplate\":\"https:\/\/creddo.com\/fi\/?s={search_term_string}\"},\"query-input\":\"required name=search_term_string\"}],\"inLanguage\":\"en-US\"},{\"@type\":\"Organization\",\"@id\":\"https:\/\/creddo.com\/fi\/#organization\",\"name\":\"Creddo\",\"url\":\"https:\/\/creddo.com\/fi\/\",\"logo\":{\"@type\":\"ImageObject\",\"inLanguage\":\"en-US\",\"@id\":\"https:\/\/creddo.com\/fi\/#\/schema\/logo\/image\/\",\"url\":\"https:\/\/creddo.com\/fi\/wp-content\/uploads\/2021\/04\/Creddo_logo_rect.png\",\"contentUrl\":\"https:\/\/creddo.com\/fi\/wp-content\/uploads\/2021\/04\/Creddo_logo_rect.png\",\"width\":500,\"height\":500,\"caption\":\"Creddo\"},\"image\":{\"@id\":\"https:\/\/creddo.com\/fi\/#\/schema\/logo\/image\/\"},\"sameAs\":[\"https:\/\/www.facebook.com\/CreddoSuomi\/\"]}]}<\/script>\n<!-- \/ Yoast SEO Premium plugin. -->","yoast_head_json":{"title":"Tietoa Creddosta - Creddo","description":"Perustimme Creddon, jotta yritysten olisi helpompaa kilpailuttaa ja hakea lainaa. Lue lis\u00e4\u00e4 meist\u00e4 ja missiostamme t\u00e4st\u00e4!","robots":{"index":"index","follow":"follow","max-snippet":"max-snippet:-1","max-image-preview":"max-image-preview:large","max-video-preview":"max-video-preview:-1"},"canonical":"https:\/\/creddo.com\/fi\/tietoa-creddosta\/","og_locale":"en_US","og_type":"article","og_title":"Tietoa Creddosta - Creddo","og_description":"Perustimme Creddon, jotta yritysten olisi helpompaa kilpailuttaa ja hakea lainaa. Lue lis\u00e4\u00e4 meist\u00e4 ja missiostamme t\u00e4st\u00e4!","og_url":"https:\/\/creddo.com\/fi\/tietoa-creddosta\/","og_site_name":"Creddo","article_publisher":"https:\/\/www.facebook.com\/CreddoSuomi\/","article_modified_time":"2025-01-22T15:50:23+00:00","og_image":[{"width":500,"height":500,"url":"https:\/\/creddo.com\/fi\/wp-content\/uploads\/2021\/04\/Creddo_logo_rect.png","type":"image\/png"}],"twitter_card":"summary_large_image","twitter_misc":{"Est. reading time":"1 minute"},"schema":{"@context":"https:\/\/schema.org","@graph":[{"@type":["WebPage","AboutPage"],"@id":"https:\/\/creddo.com\/fi\/tietoa-creddosta\/","url":"https:\/\/creddo.com\/fi\/tietoa-creddosta\/","name":"Tietoa Creddosta - Creddo","isPartOf":{"@id":"https:\/\/creddo.com\/fi\/#website"},"datePublished":"2021-04-19T11:57:37+00:00","dateModified":"2025-01-22T15:50:23+00:00","description":"Perustimme Creddon, jotta yritysten olisi helpompaa kilpailuttaa ja hakea lainaa. Lue lis\u00e4\u00e4 meist\u00e4 ja missiostamme t\u00e4st\u00e4!","breadcrumb":{"@id":"https:\/\/creddo.com\/fi\/tietoa-creddosta\/#breadcrumb"},"inLanguage":"en-US","potentialAction":[{"@type":"ReadAction","target":["https:\/\/creddo.com\/fi\/tietoa-creddosta\/"]}]},{"@type":"BreadcrumbList","@id":"https:\/\/creddo.com\/fi\/tietoa-creddosta\/#breadcrumb","itemListElement":[{"@type":"ListItem","position":1,"name":"Creddo.com","item":"https:\/\/creddo.com\/fi\/"},{"@type":"ListItem","position":2,"name":"Tietoa Creddosta"}]},{"@type":"WebSite","@id":"https:\/\/creddo.com\/fi\/#website","url":"https:\/\/creddo.com\/fi\/","name":"Creddo","description":"Creddo kilpailuttaa lainat yrityksille helposti ja nopeasti!","publisher":{"@id":"https:\/\/creddo.com\/fi\/#organization"},"potentialAction":[{"@type":"SearchAction","target":{"@type":"EntryPoint","urlTemplate":"https:\/\/creddo.com\/fi\/?s={search_term_string}"},"query-input":"required name=search_term_string"}],"inLanguage":"en-US"},{"@type":"Organization","@id":"https:\/\/creddo.com\/fi\/#organization","name":"Creddo","url":"https:\/\/creddo.com\/fi\/","logo":{"@type":"ImageObject","inLanguage":"en-US","@id":"https:\/\/creddo.com\/fi\/#\/schema\/logo\/image\/","url":"https:\/\/creddo.com\/fi\/wp-content\/uploads\/2021\/04\/Creddo_logo_rect.png","contentUrl":"https:\/\/creddo.com\/fi\/wp-content\/uploads\/2021\/04\/Creddo_logo_rect.png","width":500,"height":500,"caption":"Creddo"},"image":{"@id":"https:\/\/creddo.com\/fi\/#\/schema\/logo\/image\/"},"sameAs":["https:\/\/www.facebook.com\/CreddoSuomi\/"]}]}},"lang":"fi","translations":{"fi":917},"pll_sync_post":[],"_links":{"self":[{"href":"https:\/\/creddo.com\/fi\/wp-json\/wp\/v2\/pages\/917","targetHints":{"allow":["GET"]}}],"collection":[{"href":"https:\/\/creddo.com\/fi\/wp-json\/wp\/v2\/pages"}],"about":[{"href":"https:\/\/creddo.com\/fi\/wp-json\/wp\/v2\/types\/page"}],"author":[{"embeddable":true,"href":"https:\/\/creddo.com\/fi\/wp-json\/wp\/v2\/users\/1"}],"replies":[{"embeddable":true,"href":"https:\/\/creddo.com\/fi\/wp-json\/wp\/v2\/comments?post=917"}],"version-history":[{"count":4,"href":"https:\/\/creddo.com\/fi\/wp-json\/wp\/v2\/pages\/917\/revisions"}],"predecessor-version":[{"id":1257,"href":"https:\/\/creddo.com\/fi\/wp-json\/wp\/v2\/pages\/917\/revisions\/1257"}],"wp:attachment":[{"href":"https:\/\/creddo.com\/fi\/wp-json\/wp\/v2\/media?parent=917"}],"curies":[{"name":"wp","href":"https:\/\/api.w.org\/{rel}","templated":true}]}}