{"id":926,"date":"2021-04-19T12:06:10","date_gmt":"2021-04-19T12:06:10","guid":{"rendered":"https:\/\/stage.creddo.com\/fi\/?page_id=926"},"modified":"2025-01-22T17:46:47","modified_gmt":"2025-01-22T15:46:47","slug":"ota-yhteytta","status":"publish","type":"page","link":"https:\/\/creddo.com\/fi\/ota-yhteytta\/","title":{"rendered":"Ota yhteytt\u00e4"},"content":{"rendered":"\n<h2 class=\"wp-block-heading\" id=\"h-olemme-apunasi-jos-sinulla-on-jotain-kysytt-v\">Olemme apunasi, jos sinulla on jotain kysytt\u00e4v\u00e4\u00e4<\/h2>\n\n\n\n<p> <\/p>\n\n\n\n<p>S\u00e4hk\u00f6postiosoite: <a href=\"mailto:asiakaspalvelu@creddo.com\">asiakaspalvelu@creddo.com<\/a><\/p>\n\n\n\n<p> <\/p>\n\n\n\n<p>Apunasi laina-asioissa toimii suomenkielinen asiakaspalvelu.<\/p>\n\n\n\n<h2 class=\"wp-block-heading\" id=\"h-asiakaspalvelun-aukioloajat\">Asiakaspalvelun aukioloajat<\/h2>\n\n\n\n<p>Arkisin kello 9 &#8211; 17<\/p>\n\n\n\n<p> <\/p>\n\n\n\n<p>Yrityslainoihin liittyen l\u00f6yd\u00e4t vastauksia usein kysyttyihin kysymyksiin <a href=\"\/fi\/yrityslaina\/#faq\">t\u00e4st\u00e4<\/a>.<\/p>\n","protected":false},"excerpt":{"rendered":"<p>Olemme apunasi, jos sinulla on jotain kysytt\u00e4v\u00e4\u00e4 S\u00e4hk\u00f6postiosoite: asiakaspalvelu@creddo.com Apunasi laina-asioissa toimii suomenkielinen asiakaspalvelu. Asiakaspalvelun aukioloajat Arkisin kello 9 &#8211; 17 Yrityslainoihin liittyen l\u00f6yd\u00e4t vastauksia usein kysyttyihin kysymyksiin t\u00e4st\u00e4.<\/p>\n","protected":false},"author":1,"featured_media":0,"parent":0,"menu_order":0,"comment_status":"closed","ping_status":"closed","template":"creddopage.php","meta":{"footnotes":""},"class_list":["post-926","page","type-page","status-publish","hentry"],"acf":[],"yoast_head":"<!-- This site is optimized with the Yoast SEO Premium plugin v16.0 (Yoast SEO v20.7) - https:\/\/yoast.com\/wordpress\/plugins\/seo\/ -->\n<title>Kysytt\u00e4v\u00e4\u00e4 meist\u00e4 tai rahoituksesta? Ota yhteytt\u00e4 - Creddo<\/title>\n<meta name=\"description\" content=\"Jos sinulla on kysytt\u00e4v\u00e4\u00e4, ole rohkeasti yhteydess\u00e4 suomenkieliseen asiakaspalveluumme. Yhteystiedot l\u00f6yd\u00e4t t\u00e4lt\u00e4 sivulta!\" \/>\n<meta name=\"robots\" content=\"index, follow, max-snippet:-1, max-image-preview:large, max-video-preview:-1\" \/>\n<link rel=\"canonical\" href=\"https:\/\/creddo.com\/fi\/ota-yhteytta\/\" \/>\n<meta property=\"og:locale\" content=\"en_US\" \/>\n<meta property=\"og:type\" content=\"article\" \/>\n<meta property=\"og:title\" content=\"Kysytt\u00e4v\u00e4\u00e4 meist\u00e4 tai rahoituksesta? Ota yhteytt\u00e4 - Creddo\" \/>\n<meta property=\"og:description\" content=\"Jos sinulla on kysytt\u00e4v\u00e4\u00e4, ole rohkeasti yhteydess\u00e4 suomenkieliseen asiakaspalveluumme. Yhteystiedot l\u00f6yd\u00e4t t\u00e4lt\u00e4 sivulta!\" \/>\n<meta property=\"og:url\" content=\"https:\/\/creddo.com\/fi\/ota-yhteytta\/\" \/>\n<meta property=\"og:site_name\" content=\"Creddo\" \/>\n<meta property=\"article:publisher\" content=\"https:\/\/www.facebook.com\/CreddoSuomi\/\" \/>\n<meta property=\"article:modified_time\" content=\"2025-01-22T15:46:47+00:00\" \/>\n<meta property=\"og:image\" content=\"https:\/\/creddo.com\/fi\/wp-content\/uploads\/2021\/04\/Creddo_logo_rect.png\" \/>\n\t<meta property=\"og:image:width\" content=\"500\" \/>\n\t<meta property=\"og:image:height\" content=\"500\" \/>\n\t<meta property=\"og:image:type\" content=\"image\/png\" \/>\n<meta name=\"twitter:card\" content=\"summary_large_image\" \/>\n<meta name=\"twitter:label1\" content=\"Est. reading time\" \/>\n\t<meta name=\"twitter:data1\" content=\"1 minute\" \/>\n<script type=\"application\/ld+json\" class=\"yoast-schema-graph\">{\"@context\":\"https:\/\/schema.org\",\"@graph\":[{\"@type\":[\"WebPage\",\"ContactPage\"],\"@id\":\"https:\/\/creddo.com\/fi\/ota-yhteytta\/\",\"url\":\"https:\/\/creddo.com\/fi\/ota-yhteytta\/\",\"name\":\"Kysytt\u00e4v\u00e4\u00e4 meist\u00e4 tai rahoituksesta? Ota yhteytt\u00e4 - Creddo\",\"isPartOf\":{\"@id\":\"https:\/\/creddo.com\/fi\/#website\"},\"datePublished\":\"2021-04-19T12:06:10+00:00\",\"dateModified\":\"2025-01-22T15:46:47+00:00\",\"description\":\"Jos sinulla on kysytt\u00e4v\u00e4\u00e4, ole rohkeasti yhteydess\u00e4 suomenkieliseen asiakaspalveluumme. Yhteystiedot l\u00f6yd\u00e4t t\u00e4lt\u00e4 sivulta!\",\"breadcrumb\":{\"@id\":\"https:\/\/creddo.com\/fi\/ota-yhteytta\/#breadcrumb\"},\"inLanguage\":\"en-US\",\"potentialAction\":[{\"@type\":\"ReadAction\",\"target\":[\"https:\/\/creddo.com\/fi\/ota-yhteytta\/\"]}]},{\"@type\":\"BreadcrumbList\",\"@id\":\"https:\/\/creddo.com\/fi\/ota-yhteytta\/#breadcrumb\",\"itemListElement\":[{\"@type\":\"ListItem\",\"position\":1,\"name\":\"Creddo.com\",\"item\":\"https:\/\/creddo.com\/fi\/\"},{\"@type\":\"ListItem\",\"position\":2,\"name\":\"Ota yhteytt\u00e4\"}]},{\"@type\":\"WebSite\",\"@id\":\"https:\/\/creddo.com\/fi\/#website\",\"url\":\"https:\/\/creddo.com\/fi\/\",\"name\":\"Creddo\",\"description\":\"Creddo kilpailuttaa lainat yrityksille helposti ja nopeasti!\",\"publisher\":{\"@id\":\"https:\/\/creddo.com\/fi\/#organization\"},\"potentialAction\":[{\"@type\":\"SearchAction\",\"target\":{\"@type\":\"EntryPoint\",\"urlTemplate\":\"https:\/\/creddo.com\/fi\/?s={search_term_string}\"},\"query-input\":\"required name=search_term_string\"}],\"inLanguage\":\"en-US\"},{\"@type\":\"Organization\",\"@id\":\"https:\/\/creddo.com\/fi\/#organization\",\"name\":\"Creddo\",\"url\":\"https:\/\/creddo.com\/fi\/\",\"logo\":{\"@type\":\"ImageObject\",\"inLanguage\":\"en-US\",\"@id\":\"https:\/\/creddo.com\/fi\/#\/schema\/logo\/image\/\",\"url\":\"https:\/\/creddo.com\/fi\/wp-content\/uploads\/2021\/04\/Creddo_logo_rect.png\",\"contentUrl\":\"https:\/\/creddo.com\/fi\/wp-content\/uploads\/2021\/04\/Creddo_logo_rect.png\",\"width\":500,\"height\":500,\"caption\":\"Creddo\"},\"image\":{\"@id\":\"https:\/\/creddo.com\/fi\/#\/schema\/logo\/image\/\"},\"sameAs\":[\"https:\/\/www.facebook.com\/CreddoSuomi\/\"]}]}<\/script>\n<!-- \/ Yoast SEO Premium plugin. -->","yoast_head_json":{"title":"Kysytt\u00e4v\u00e4\u00e4 meist\u00e4 tai rahoituksesta? Ota yhteytt\u00e4 - Creddo","description":"Jos sinulla on kysytt\u00e4v\u00e4\u00e4, ole rohkeasti yhteydess\u00e4 suomenkieliseen asiakaspalveluumme. Yhteystiedot l\u00f6yd\u00e4t t\u00e4lt\u00e4 sivulta!","robots":{"index":"index","follow":"follow","max-snippet":"max-snippet:-1","max-image-preview":"max-image-preview:large","max-video-preview":"max-video-preview:-1"},"canonical":"https:\/\/creddo.com\/fi\/ota-yhteytta\/","og_locale":"en_US","og_type":"article","og_title":"Kysytt\u00e4v\u00e4\u00e4 meist\u00e4 tai rahoituksesta? Ota yhteytt\u00e4 - Creddo","og_description":"Jos sinulla on kysytt\u00e4v\u00e4\u00e4, ole rohkeasti yhteydess\u00e4 suomenkieliseen asiakaspalveluumme. Yhteystiedot l\u00f6yd\u00e4t t\u00e4lt\u00e4 sivulta!","og_url":"https:\/\/creddo.com\/fi\/ota-yhteytta\/","og_site_name":"Creddo","article_publisher":"https:\/\/www.facebook.com\/CreddoSuomi\/","article_modified_time":"2025-01-22T15:46:47+00:00","og_image":[{"width":500,"height":500,"url":"https:\/\/creddo.com\/fi\/wp-content\/uploads\/2021\/04\/Creddo_logo_rect.png","type":"image\/png"}],"twitter_card":"summary_large_image","twitter_misc":{"Est. reading time":"1 minute"},"schema":{"@context":"https:\/\/schema.org","@graph":[{"@type":["WebPage","ContactPage"],"@id":"https:\/\/creddo.com\/fi\/ota-yhteytta\/","url":"https:\/\/creddo.com\/fi\/ota-yhteytta\/","name":"Kysytt\u00e4v\u00e4\u00e4 meist\u00e4 tai rahoituksesta? Ota yhteytt\u00e4 - Creddo","isPartOf":{"@id":"https:\/\/creddo.com\/fi\/#website"},"datePublished":"2021-04-19T12:06:10+00:00","dateModified":"2025-01-22T15:46:47+00:00","description":"Jos sinulla on kysytt\u00e4v\u00e4\u00e4, ole rohkeasti yhteydess\u00e4 suomenkieliseen asiakaspalveluumme. Yhteystiedot l\u00f6yd\u00e4t t\u00e4lt\u00e4 sivulta!","breadcrumb":{"@id":"https:\/\/creddo.com\/fi\/ota-yhteytta\/#breadcrumb"},"inLanguage":"en-US","potentialAction":[{"@type":"ReadAction","target":["https:\/\/creddo.com\/fi\/ota-yhteytta\/"]}]},{"@type":"BreadcrumbList","@id":"https:\/\/creddo.com\/fi\/ota-yhteytta\/#breadcrumb","itemListElement":[{"@type":"ListItem","position":1,"name":"Creddo.com","item":"https:\/\/creddo.com\/fi\/"},{"@type":"ListItem","position":2,"name":"Ota yhteytt\u00e4"}]},{"@type":"WebSite","@id":"https:\/\/creddo.com\/fi\/#website","url":"https:\/\/creddo.com\/fi\/","name":"Creddo","description":"Creddo kilpailuttaa lainat yrityksille helposti ja nopeasti!","publisher":{"@id":"https:\/\/creddo.com\/fi\/#organization"},"potentialAction":[{"@type":"SearchAction","target":{"@type":"EntryPoint","urlTemplate":"https:\/\/creddo.com\/fi\/?s={search_term_string}"},"query-input":"required name=search_term_string"}],"inLanguage":"en-US"},{"@type":"Organization","@id":"https:\/\/creddo.com\/fi\/#organization","name":"Creddo","url":"https:\/\/creddo.com\/fi\/","logo":{"@type":"ImageObject","inLanguage":"en-US","@id":"https:\/\/creddo.com\/fi\/#\/schema\/logo\/image\/","url":"https:\/\/creddo.com\/fi\/wp-content\/uploads\/2021\/04\/Creddo_logo_rect.png","contentUrl":"https:\/\/creddo.com\/fi\/wp-content\/uploads\/2021\/04\/Creddo_logo_rect.png","width":500,"height":500,"caption":"Creddo"},"image":{"@id":"https:\/\/creddo.com\/fi\/#\/schema\/logo\/image\/"},"sameAs":["https:\/\/www.facebook.com\/CreddoSuomi\/"]}]}},"lang":"fi","translations":{"fi":926},"pll_sync_post":[],"_links":{"self":[{"href":"https:\/\/creddo.com\/fi\/wp-json\/wp\/v2\/pages\/926","targetHints":{"allow":["GET"]}}],"collection":[{"href":"https:\/\/creddo.com\/fi\/wp-json\/wp\/v2\/pages"}],"about":[{"href":"https:\/\/creddo.com\/fi\/wp-json\/wp\/v2\/types\/page"}],"author":[{"embeddable":true,"href":"https:\/\/creddo.com\/fi\/wp-json\/wp\/v2\/users\/1"}],"replies":[{"embeddable":true,"href":"https:\/\/creddo.com\/fi\/wp-json\/wp\/v2\/comments?post=926"}],"version-history":[{"count":3,"href":"https:\/\/creddo.com\/fi\/wp-json\/wp\/v2\/pages\/926\/revisions"}],"predecessor-version":[{"id":1214,"href":"https:\/\/creddo.com\/fi\/wp-json\/wp\/v2\/pages\/926\/revisions\/1214"}],"wp:attachment":[{"href":"https:\/\/creddo.com\/fi\/wp-json\/wp\/v2\/media?parent=926"}],"curies":[{"name":"wp","href":"https:\/\/api.w.org\/{rel}","templated":true}]}}