{"id":949,"date":"2021-04-20T13:05:26","date_gmt":"2021-04-20T10:05:26","guid":{"rendered":"https:\/\/stage.creddo.com\/fi\/?page_id=949"},"modified":"2025-10-06T12:42:17","modified_gmt":"2025-10-06T09:42:17","slug":"kayttoehdot","status":"publish","type":"page","link":"https:\/\/creddo.com\/fi\/kayttoehdot\/","title":{"rendered":"K\u00e4ytt\u00f6ehdot"},"content":{"rendered":"\n<p>Creddo AB, organisaationumero 559207-3786 (&#8220;Creddo&#8221;), on rekister\u00f6ity Ruotsin finanssivalvonnan alaisena toimijana hoitamaan lainojen v\u00e4lityst\u00e4. Creddo tarjoaa vertailupalvelun, jossa asiakasyrityksen edustaja voi vertailla lainantarjoajien lainoja ja ehtoja, joiden kanssa Creddo toimii yhteisty\u00f6ss\u00e4 (&#8220;Palvelu&#8221;). Tekem\u00e4ll\u00e4 lainahakemuksen palvelun kautta, voit saada lainatarjouksia useilta pankeilta ja muilta luotonmy\u00f6nt\u00e4jilt\u00e4. T\u00e4m\u00e4n j\u00e4lkeen voit verrata useiden lainantarjoajien lainaehtoja ja valita yrityksellesi parhaiten sopivan lainavaihtoehdon. Palvelua voidaan k\u00e4ytt\u00e4\u00e4 olemassa olevien lainojen yhdist\u00e4miseen tai uuden lainan hakemiseen.<\/p>\n\n\n\n<p>Hakemuksen tekeminen palvelun kautta ei sido sinua tai yrityst\u00e4si hyv\u00e4ksym\u00e4\u00e4n tarjottua lainaa. Vasta kun yritys on my\u00f6hemmin allekirjoittanut sopimuksen valitun lainantarjoajan kanssa, sitoudut sopimukseen lainantarjoajan kanssa. Creddo ei ole vastuussa mist\u00e4\u00e4n menetyksist\u00e4 tai vahingoista, jotka aiheutuvat siit\u00e4, ett\u00e4 yrityksesi p\u00e4\u00e4tt\u00e4\u00e4 tehd\u00e4 lainasopimuksen tai vaihtoehtoisesti pid\u00e4tt\u00e4yty\u00e4 tekem\u00e4st\u00e4 lainasopimusta mink\u00e4 tahansa lainantarjoajan kanssa, jonka kanssa Creddo tekee yhteisty\u00f6t\u00e4. T\u00e4st\u00e4 johtuen on vastuullasi tarkistaa tiedot, jotka Creddo esitt\u00e4\u00e4 kumppaneidemme tarjouksista. Antamalla tietoja Creddolle hakemuksen yhteydess\u00e4 vakuutat, ett\u00e4 annetut tiedot ovat oikein ja ett\u00e4 sinulla on hyv\u00e4ksynt\u00e4 antamillesi tiedoille. T\u00e4ytt\u00e4m\u00e4ll\u00e4 hakemuslomakkeen hyv\u00e4ksyt <a href=\"\/fi\/tietosuojaseloste\/\">henkil\u00f6tietopolitiikkamme<\/a>.<\/p>\n\n\n\n<p>Hyv\u00e4ksym\u00e4ll\u00e4 n\u00e4m\u00e4 ehdot hyv\u00e4ksyt, ett\u00e4 Creddo tarkistaa sek\u00e4 yrityksesi ett\u00e4 takaajan luottotiedot, jos takaaja on ilmoitettu hakemuksen yhteydess\u00e4. Hyv\u00e4ksyt my\u00f6s, ett\u00e4 hakemuksen aikana toimitetut tiedot yrityksest\u00e4 ja hakijasta v\u00e4litet\u00e4\u00e4n Creddon kumppaneille.<\/p>\n","protected":false},"excerpt":{"rendered":"<p>Creddo AB, organisaationumero 559207-3786 (&#8220;Creddo&#8221;), on rekister\u00f6ity Ruotsin finanssivalvonnan alaisena toimijana hoitamaan lainojen v\u00e4lityst\u00e4. Creddo tarjoaa vertailupalvelun, jossa asiakasyrityksen edustaja voi vertailla lainantarjoajien lainoja ja ehtoja, joiden kanssa Creddo toimii yhteisty\u00f6ss\u00e4 (&#8220;Palvelu&#8221;). Tekem\u00e4ll\u00e4 lainahakemuksen palvelun kautta, voit saada lainatarjouksia useilta pankeilta ja muilta luotonmy\u00f6nt\u00e4jilt\u00e4. T\u00e4m\u00e4n j\u00e4lkeen voit verrata useiden lainantarjoajien lainaehtoja ja valita yrityksellesi parhaiten [&hellip;]<\/p>\n","protected":false},"author":1,"featured_media":0,"parent":0,"menu_order":0,"comment_status":"closed","ping_status":"closed","template":"creddopage.php","meta":{"footnotes":""},"class_list":["post-949","page","type-page","status-publish","hentry"],"acf":[],"yoast_head":"<!-- This site is optimized with the Yoast SEO Premium plugin v16.0 (Yoast SEO v20.7) - https:\/\/yoast.com\/wordpress\/plugins\/seo\/ -->\n<title>K\u00e4ytt\u00f6ehdot - Creddo<\/title>\n<meta name=\"description\" content=\"Tutustu Creddo AB:n yleisiin k\u00e4ytt\u00f6ehtoihin t\u00e4st\u00e4.\" \/>\n<meta name=\"robots\" content=\"index, follow, max-snippet:-1, max-image-preview:large, max-video-preview:-1\" \/>\n<link rel=\"canonical\" href=\"https:\/\/creddo.com\/fi\/kayttoehdot\/\" \/>\n<meta property=\"og:locale\" content=\"en_US\" \/>\n<meta property=\"og:type\" content=\"article\" \/>\n<meta property=\"og:title\" content=\"K\u00e4ytt\u00f6ehdot - Creddo\" \/>\n<meta property=\"og:description\" content=\"Tutustu Creddo AB:n yleisiin k\u00e4ytt\u00f6ehtoihin t\u00e4st\u00e4.\" \/>\n<meta property=\"og:url\" content=\"https:\/\/creddo.com\/fi\/kayttoehdot\/\" \/>\n<meta property=\"og:site_name\" content=\"Creddo\" \/>\n<meta property=\"article:publisher\" content=\"https:\/\/www.facebook.com\/CreddoSuomi\/\" \/>\n<meta property=\"article:modified_time\" content=\"2025-10-06T09:42:17+00:00\" \/>\n<meta property=\"og:image\" content=\"https:\/\/creddo.com\/fi\/wp-content\/uploads\/2021\/04\/Creddo_logo_rect.png\" \/>\n\t<meta property=\"og:image:width\" content=\"500\" \/>\n\t<meta property=\"og:image:height\" content=\"500\" \/>\n\t<meta property=\"og:image:type\" content=\"image\/png\" \/>\n<meta name=\"twitter:card\" content=\"summary_large_image\" \/>\n<meta name=\"twitter:label1\" content=\"Est. reading time\" \/>\n\t<meta name=\"twitter:data1\" content=\"1 minute\" \/>\n<script type=\"application\/ld+json\" class=\"yoast-schema-graph\">{\"@context\":\"https:\/\/schema.org\",\"@graph\":[{\"@type\":\"WebPage\",\"@id\":\"https:\/\/creddo.com\/fi\/kayttoehdot\/\",\"url\":\"https:\/\/creddo.com\/fi\/kayttoehdot\/\",\"name\":\"K\u00e4ytt\u00f6ehdot - Creddo\",\"isPartOf\":{\"@id\":\"https:\/\/creddo.com\/fi\/#website\"},\"datePublished\":\"2021-04-20T10:05:26+00:00\",\"dateModified\":\"2025-10-06T09:42:17+00:00\",\"description\":\"Tutustu Creddo AB:n yleisiin k\u00e4ytt\u00f6ehtoihin t\u00e4st\u00e4.\",\"breadcrumb\":{\"@id\":\"https:\/\/creddo.com\/fi\/kayttoehdot\/#breadcrumb\"},\"inLanguage\":\"en-US\",\"potentialAction\":[{\"@type\":\"ReadAction\",\"target\":[\"https:\/\/creddo.com\/fi\/kayttoehdot\/\"]}]},{\"@type\":\"BreadcrumbList\",\"@id\":\"https:\/\/creddo.com\/fi\/kayttoehdot\/#breadcrumb\",\"itemListElement\":[{\"@type\":\"ListItem\",\"position\":1,\"name\":\"Creddo.com\",\"item\":\"https:\/\/creddo.com\/fi\/\"},{\"@type\":\"ListItem\",\"position\":2,\"name\":\"K\u00e4ytt\u00f6ehdot\"}]},{\"@type\":\"WebSite\",\"@id\":\"https:\/\/creddo.com\/fi\/#website\",\"url\":\"https:\/\/creddo.com\/fi\/\",\"name\":\"Creddo\",\"description\":\"Creddo kilpailuttaa lainat yrityksille helposti ja nopeasti!\",\"publisher\":{\"@id\":\"https:\/\/creddo.com\/fi\/#organization\"},\"potentialAction\":[{\"@type\":\"SearchAction\",\"target\":{\"@type\":\"EntryPoint\",\"urlTemplate\":\"https:\/\/creddo.com\/fi\/?s={search_term_string}\"},\"query-input\":\"required name=search_term_string\"}],\"inLanguage\":\"en-US\"},{\"@type\":\"Organization\",\"@id\":\"https:\/\/creddo.com\/fi\/#organization\",\"name\":\"Creddo\",\"url\":\"https:\/\/creddo.com\/fi\/\",\"logo\":{\"@type\":\"ImageObject\",\"inLanguage\":\"en-US\",\"@id\":\"https:\/\/creddo.com\/fi\/#\/schema\/logo\/image\/\",\"url\":\"https:\/\/creddo.com\/fi\/wp-content\/uploads\/2021\/04\/Creddo_logo_rect.png\",\"contentUrl\":\"https:\/\/creddo.com\/fi\/wp-content\/uploads\/2021\/04\/Creddo_logo_rect.png\",\"width\":500,\"height\":500,\"caption\":\"Creddo\"},\"image\":{\"@id\":\"https:\/\/creddo.com\/fi\/#\/schema\/logo\/image\/\"},\"sameAs\":[\"https:\/\/www.facebook.com\/CreddoSuomi\/\"]}]}<\/script>\n<!-- \/ Yoast SEO Premium plugin. -->","yoast_head_json":{"title":"K\u00e4ytt\u00f6ehdot - Creddo","description":"Tutustu Creddo AB:n yleisiin k\u00e4ytt\u00f6ehtoihin t\u00e4st\u00e4.","robots":{"index":"index","follow":"follow","max-snippet":"max-snippet:-1","max-image-preview":"max-image-preview:large","max-video-preview":"max-video-preview:-1"},"canonical":"https:\/\/creddo.com\/fi\/kayttoehdot\/","og_locale":"en_US","og_type":"article","og_title":"K\u00e4ytt\u00f6ehdot - Creddo","og_description":"Tutustu Creddo AB:n yleisiin k\u00e4ytt\u00f6ehtoihin t\u00e4st\u00e4.","og_url":"https:\/\/creddo.com\/fi\/kayttoehdot\/","og_site_name":"Creddo","article_publisher":"https:\/\/www.facebook.com\/CreddoSuomi\/","article_modified_time":"2025-10-06T09:42:17+00:00","og_image":[{"width":500,"height":500,"url":"https:\/\/creddo.com\/fi\/wp-content\/uploads\/2021\/04\/Creddo_logo_rect.png","type":"image\/png"}],"twitter_card":"summary_large_image","twitter_misc":{"Est. reading time":"1 minute"},"schema":{"@context":"https:\/\/schema.org","@graph":[{"@type":"WebPage","@id":"https:\/\/creddo.com\/fi\/kayttoehdot\/","url":"https:\/\/creddo.com\/fi\/kayttoehdot\/","name":"K\u00e4ytt\u00f6ehdot - Creddo","isPartOf":{"@id":"https:\/\/creddo.com\/fi\/#website"},"datePublished":"2021-04-20T10:05:26+00:00","dateModified":"2025-10-06T09:42:17+00:00","description":"Tutustu Creddo AB:n yleisiin k\u00e4ytt\u00f6ehtoihin t\u00e4st\u00e4.","breadcrumb":{"@id":"https:\/\/creddo.com\/fi\/kayttoehdot\/#breadcrumb"},"inLanguage":"en-US","potentialAction":[{"@type":"ReadAction","target":["https:\/\/creddo.com\/fi\/kayttoehdot\/"]}]},{"@type":"BreadcrumbList","@id":"https:\/\/creddo.com\/fi\/kayttoehdot\/#breadcrumb","itemListElement":[{"@type":"ListItem","position":1,"name":"Creddo.com","item":"https:\/\/creddo.com\/fi\/"},{"@type":"ListItem","position":2,"name":"K\u00e4ytt\u00f6ehdot"}]},{"@type":"WebSite","@id":"https:\/\/creddo.com\/fi\/#website","url":"https:\/\/creddo.com\/fi\/","name":"Creddo","description":"Creddo kilpailuttaa lainat yrityksille helposti ja nopeasti!","publisher":{"@id":"https:\/\/creddo.com\/fi\/#organization"},"potentialAction":[{"@type":"SearchAction","target":{"@type":"EntryPoint","urlTemplate":"https:\/\/creddo.com\/fi\/?s={search_term_string}"},"query-input":"required name=search_term_string"}],"inLanguage":"en-US"},{"@type":"Organization","@id":"https:\/\/creddo.com\/fi\/#organization","name":"Creddo","url":"https:\/\/creddo.com\/fi\/","logo":{"@type":"ImageObject","inLanguage":"en-US","@id":"https:\/\/creddo.com\/fi\/#\/schema\/logo\/image\/","url":"https:\/\/creddo.com\/fi\/wp-content\/uploads\/2021\/04\/Creddo_logo_rect.png","contentUrl":"https:\/\/creddo.com\/fi\/wp-content\/uploads\/2021\/04\/Creddo_logo_rect.png","width":500,"height":500,"caption":"Creddo"},"image":{"@id":"https:\/\/creddo.com\/fi\/#\/schema\/logo\/image\/"},"sameAs":["https:\/\/www.facebook.com\/CreddoSuomi\/"]}]}},"lang":"fi","translations":{"fi":949},"pll_sync_post":[],"_links":{"self":[{"href":"https:\/\/creddo.com\/fi\/wp-json\/wp\/v2\/pages\/949","targetHints":{"allow":["GET"]}}],"collection":[{"href":"https:\/\/creddo.com\/fi\/wp-json\/wp\/v2\/pages"}],"about":[{"href":"https:\/\/creddo.com\/fi\/wp-json\/wp\/v2\/types\/page"}],"author":[{"embeddable":true,"href":"https:\/\/creddo.com\/fi\/wp-json\/wp\/v2\/users\/1"}],"replies":[{"embeddable":true,"href":"https:\/\/creddo.com\/fi\/wp-json\/wp\/v2\/comments?post=949"}],"version-history":[{"count":1,"href":"https:\/\/creddo.com\/fi\/wp-json\/wp\/v2\/pages\/949\/revisions"}],"predecessor-version":[{"id":1174,"href":"https:\/\/creddo.com\/fi\/wp-json\/wp\/v2\/pages\/949\/revisions\/1174"}],"wp:attachment":[{"href":"https:\/\/creddo.com\/fi\/wp-json\/wp\/v2\/media?parent=949"}],"curies":[{"name":"wp","href":"https:\/\/api.w.org\/{rel}","templated":true}]}}