{"id":1010,"date":"2020-10-15T12:46:14","date_gmt":"2020-10-15T10:46:14","guid":{"rendered":"http:\/\/creddo.se\/?page_id=1010"},"modified":"2025-11-21T15:09:16","modified_gmt":"2025-11-21T14:09:16","slug":"compare-loans","status":"publish","type":"page","link":"https:\/\/creddo.com\/se\/en\/","title":{"rendered":"Compare loans"},"content":{"rendered":"\n<h2 class=\"wp-block-heading has-text-align-center\" id=\"h-a-loan-broker-for-small-businesses-owners\">A loan broker for small businesses owners<\/h2>\n\n\n\n<div style=\"height:10px\" aria-hidden=\"true\" class=\"wp-block-spacer\"><\/div>\n\n\n\n<p class=\"has-text-align-center\">We at Creddo are specialists in <a href=\"https:\/\/creddo.com\/se\/en\/business-loans\/\">business loans<\/a> and we want it to be easy and quick for small business owners to find the right financing. Applying through us costs nothing extra for you as an entrepreneur and the advantage is that your loan application is sent to over 25 lenders, so that you can have the opportunity to choose between several loan offers. Having multiple loan offers can give you a better chance of getting the best interest rate on your loan.<\/p>\n\n\n\n<p class=\"has-text-align-center\">Making a loan application through us means that only one credit report is made via UC, in connection with your application. A credit report is registered at the same time as several inquiries are made with the lenders we work with. Some of our partners work with other credit reporting companies, such as Creditsafe or Bisnode, but this does not affect the creditworthiness of your company.<\/p>\n\n\n\n<p class=\"has-text-align-center\">Creddo mediates corporate loans to limited companies and other common forms of company, such as loans to sole proprietorships. We have extensive experience in arranging loans to companies in a variety of industries and we are <a href=\"https:\/\/www.fi.se\/sv\/vara-register\/foretagsregistret\/?query=creddo#results\" target=\"_blank\" rel=\"noreferrer noopener\">registered with the Swedish Financial Supervisory Authority<\/a>. We work to ensure that you always receive a response to your application within 24 hours and the money is paid out quickly.<\/p>\n\n\n\n<div style=\"height:40px\" aria-hidden=\"true\" class=\"wp-block-spacer\"><\/div>\n\n\n\n<h3 class=\"wp-block-heading has-text-align-center\">Does your company need to borrow more than SEK 10 million?<\/h3>\n\n\n\n<p class=\"has-text-align-center\">Creddo has previously supplied business loans of more than SEK 100 million &#8211; \ud83d\udcde <strong>Call us at 08-400 200 01<\/strong> or <strong>email <a>kundservice@creddo.se<\/a><\/strong> to discuss large-scale business loan options today.<\/p>\n\n\n<div class=\"wp-block-image is-resized is-style-default height-auto\">\n<figure class=\"aligncenter size-large\"><img fetchpriority=\"high\" decoding=\"async\" width=\"1024\" height=\"576\" src=\"https:\/\/creddo.com\/se\/wp-content\/uploads\/2021\/12\/creddo-financing-1024x576.jpg\" alt=\"Creddo business financing\" class=\"wp-image-2256\" srcset=\"https:\/\/creddo.com\/se\/wp-content\/uploads\/2021\/12\/creddo-financing-1024x576.jpg 1024w, https:\/\/creddo.com\/se\/wp-content\/uploads\/2021\/12\/creddo-financing-300x169.jpg 300w, https:\/\/creddo.com\/se\/wp-content\/uploads\/2021\/12\/creddo-financing-768x432.jpg 768w, https:\/\/creddo.com\/se\/wp-content\/uploads\/2021\/12\/creddo-financing.jpg 1430w\" sizes=\"(max-width: 1024px) 100vw, 1024px\" \/><\/figure><\/div>\n\n\n<div style=\"height:40px\" aria-hidden=\"true\" class=\"wp-block-spacer\"><\/div>\n\n\n\n<div class=\"wp-block-buttons is-content-justification-center\"><div class=\"wp-block-button btn btn-blue\"><a class=\"wp-block-button__link has-white-color has-text-color has-background\" href=\"#creddo-signup-form-default\" style=\"background-color:#418af7\">Start a free application<\/a><\/div><\/div>\n\n\n\n<div class=\"wp-block-buttons is-layout-flex wp-block-buttons-is-layout-flex\"><\/div>\n","protected":false},"excerpt":{"rendered":"<p>A loan broker for small businesses owners We at Creddo are specialists in business loans and we want it to be easy and quick for small business owners to find the right financing. Applying through us costs nothing extra for you as an entrepreneur and the advantage is that your loan application is sent to [&hellip;]<\/p>\n","protected":false},"author":1,"featured_media":0,"parent":0,"menu_order":0,"comment_status":"closed","ping_status":"closed","template":"homepage.php","meta":{"_acf_changed":false,"footnotes":""},"class_list":["post-1010","page","type-page","status-publish","hentry"],"acf":[],"yoast_head":"<!-- This site is optimized with the Yoast SEO Premium plugin v26.6 (Yoast SEO v26.8) - https:\/\/yoast.com\/product\/yoast-seo-premium-wordpress\/ -->\n<title>Business loans from 10,000 to over 10 million SEK - Creddo<\/title>\n<meta name=\"description\" content=\"Compare business loans for free - with 1 application and 1 UC. Creddo works with over 25 lenders - response within 24 hours.\" \/>\n<meta name=\"robots\" content=\"index, follow, max-snippet:-1, max-image-preview:large, max-video-preview:-1\" \/>\n<link rel=\"canonical\" href=\"https:\/\/creddo.com\/se\/en\/\" \/>\n<meta property=\"og:locale\" content=\"sv_SE\" \/>\n<meta property=\"og:type\" content=\"article\" \/>\n<meta property=\"og:title\" content=\"Compare loans\" \/>\n<meta property=\"og:description\" content=\"A loan broker for small businesses owners We at Creddo are specialists in business loans and we want it to be easy and quick for small business owners to\" \/>\n<meta property=\"og:url\" content=\"https:\/\/creddo.com\/se\/en\/\" \/>\n<meta property=\"og:site_name\" content=\"Creddo\" \/>\n<meta property=\"article:publisher\" content=\"https:\/\/www.facebook.com\/creddose\" \/>\n<meta property=\"article:modified_time\" content=\"2025-11-21T14:09:16+00:00\" \/>\n<meta property=\"og:image\" content=\"https:\/\/creddo.com\/se\/wp-content\/uploads\/2021\/12\/creddo-financing.jpg\" \/>\n\t<meta property=\"og:image:width\" content=\"1430\" \/>\n\t<meta property=\"og:image:height\" content=\"804\" \/>\n\t<meta property=\"og:image:type\" content=\"image\/jpeg\" \/>\n<meta name=\"twitter:card\" content=\"summary_large_image\" \/>\n<meta name=\"twitter:label1\" content=\"Ber\u00e4knad l\u00e4stid\" \/>\n\t<meta name=\"twitter:data1\" content=\"2 minuter\" \/>\n<script type=\"application\/ld+json\" class=\"yoast-schema-graph\">{\"@context\":\"https:\/\/schema.org\",\"@graph\":[{\"@type\":\"WebPage\",\"@id\":\"https:\/\/creddo.com\/se\/en\/\",\"url\":\"https:\/\/creddo.com\/se\/en\/\",\"name\":\"Business loans from 10,000 to over 10 million SEK - Creddo\",\"isPartOf\":{\"@id\":\"https:\/\/creddo.com\/se\/#website\"},\"primaryImageOfPage\":{\"@id\":\"https:\/\/creddo.com\/se\/en\/#primaryimage\"},\"image\":{\"@id\":\"https:\/\/creddo.com\/se\/en\/#primaryimage\"},\"thumbnailUrl\":\"https:\/\/creddo.com\/se\/wp-content\/uploads\/2021\/12\/creddo-financing-1024x576.jpg\",\"datePublished\":\"2020-10-15T10:46:14+00:00\",\"dateModified\":\"2025-11-21T14:09:16+00:00\",\"description\":\"Compare business loans for free - with 1 application and 1 UC. Creddo works with over 25 lenders - response within 24 hours.\",\"breadcrumb\":{\"@id\":\"https:\/\/creddo.com\/se\/en\/#breadcrumb\"},\"inLanguage\":\"sv-SE\",\"potentialAction\":[{\"@type\":\"ReadAction\",\"target\":[\"https:\/\/creddo.com\/se\/en\/\"]}]},{\"@type\":\"ImageObject\",\"inLanguage\":\"sv-SE\",\"@id\":\"https:\/\/creddo.com\/se\/en\/#primaryimage\",\"url\":\"https:\/\/creddo.com\/se\/wp-content\/uploads\/2021\/12\/creddo-financing.jpg\",\"contentUrl\":\"https:\/\/creddo.com\/se\/wp-content\/uploads\/2021\/12\/creddo-financing.jpg\",\"width\":1430,\"height\":804},{\"@type\":\"BreadcrumbList\",\"@id\":\"https:\/\/creddo.com\/se\/en\/#breadcrumb\",\"itemListElement\":[{\"@type\":\"ListItem\",\"position\":1,\"name\":\"Creddo.com\",\"item\":\"https:\/\/creddo.com\/se\/\"},{\"@type\":\"ListItem\",\"position\":2,\"name\":\"Compare loans\"}]},{\"@type\":\"WebSite\",\"@id\":\"https:\/\/creddo.com\/se\/#website\",\"url\":\"https:\/\/creddo.com\/se\/\",\"name\":\"Creddo\",\"description\":\"J\u00e4mf\u00f6r f\u00f6retagsl\u00e5n upp till 10 miljoner\",\"publisher\":{\"@id\":\"https:\/\/creddo.com\/se\/#organization\"},\"potentialAction\":[{\"@type\":\"SearchAction\",\"target\":{\"@type\":\"EntryPoint\",\"urlTemplate\":\"https:\/\/creddo.com\/se\/?s={search_term_string}\"},\"query-input\":{\"@type\":\"PropertyValueSpecification\",\"valueRequired\":true,\"valueName\":\"search_term_string\"}}],\"inLanguage\":\"sv-SE\"},{\"@type\":\"Organization\",\"@id\":\"https:\/\/creddo.com\/se\/#organization\",\"name\":\"Creddo AB\",\"url\":\"https:\/\/creddo.com\/se\/\",\"logo\":{\"@type\":\"ImageObject\",\"inLanguage\":\"sv-SE\",\"@id\":\"https:\/\/creddo.com\/se\/#\/schema\/logo\/image\/\",\"url\":\"https:\/\/creddo.com\/se\/wp-content\/uploads\/2024\/04\/Creddo-logo-square.png\",\"contentUrl\":\"https:\/\/creddo.com\/se\/wp-content\/uploads\/2024\/04\/Creddo-logo-square.png\",\"width\":720,\"height\":720,\"caption\":\"Creddo AB\"},\"image\":{\"@id\":\"https:\/\/creddo.com\/se\/#\/schema\/logo\/image\/\"},\"sameAs\":[\"https:\/\/www.facebook.com\/creddose\",\"https:\/\/www.linkedin.com\/company\/creddo-ab\/\"]}]}<\/script>\n<!-- \/ Yoast SEO Premium plugin. -->","yoast_head_json":{"title":"Business loans from 10,000 to over 10 million SEK - Creddo","description":"Compare business loans for free - with 1 application and 1 UC. Creddo works with over 25 lenders - response within 24 hours.","robots":{"index":"index","follow":"follow","max-snippet":"max-snippet:-1","max-image-preview":"max-image-preview:large","max-video-preview":"max-video-preview:-1"},"canonical":"https:\/\/creddo.com\/se\/en\/","og_locale":"sv_SE","og_type":"article","og_title":"Compare loans","og_description":"A loan broker for small businesses owners We at Creddo are specialists in business loans and we want it to be easy and quick for small business owners to","og_url":"https:\/\/creddo.com\/se\/en\/","og_site_name":"Creddo","article_publisher":"https:\/\/www.facebook.com\/creddose","article_modified_time":"2025-11-21T14:09:16+00:00","og_image":[{"width":1430,"height":804,"url":"https:\/\/creddo.com\/se\/wp-content\/uploads\/2021\/12\/creddo-financing.jpg","type":"image\/jpeg"}],"twitter_card":"summary_large_image","twitter_misc":{"Ber\u00e4knad l\u00e4stid":"2 minuter"},"schema":{"@context":"https:\/\/schema.org","@graph":[{"@type":"WebPage","@id":"https:\/\/creddo.com\/se\/en\/","url":"https:\/\/creddo.com\/se\/en\/","name":"Business loans from 10,000 to over 10 million SEK - Creddo","isPartOf":{"@id":"https:\/\/creddo.com\/se\/#website"},"primaryImageOfPage":{"@id":"https:\/\/creddo.com\/se\/en\/#primaryimage"},"image":{"@id":"https:\/\/creddo.com\/se\/en\/#primaryimage"},"thumbnailUrl":"https:\/\/creddo.com\/se\/wp-content\/uploads\/2021\/12\/creddo-financing-1024x576.jpg","datePublished":"2020-10-15T10:46:14+00:00","dateModified":"2025-11-21T14:09:16+00:00","description":"Compare business loans for free - with 1 application and 1 UC. Creddo works with over 25 lenders - response within 24 hours.","breadcrumb":{"@id":"https:\/\/creddo.com\/se\/en\/#breadcrumb"},"inLanguage":"sv-SE","potentialAction":[{"@type":"ReadAction","target":["https:\/\/creddo.com\/se\/en\/"]}]},{"@type":"ImageObject","inLanguage":"sv-SE","@id":"https:\/\/creddo.com\/se\/en\/#primaryimage","url":"https:\/\/creddo.com\/se\/wp-content\/uploads\/2021\/12\/creddo-financing.jpg","contentUrl":"https:\/\/creddo.com\/se\/wp-content\/uploads\/2021\/12\/creddo-financing.jpg","width":1430,"height":804},{"@type":"BreadcrumbList","@id":"https:\/\/creddo.com\/se\/en\/#breadcrumb","itemListElement":[{"@type":"ListItem","position":1,"name":"Creddo.com","item":"https:\/\/creddo.com\/se\/"},{"@type":"ListItem","position":2,"name":"Compare loans"}]},{"@type":"WebSite","@id":"https:\/\/creddo.com\/se\/#website","url":"https:\/\/creddo.com\/se\/","name":"Creddo","description":"J\u00e4mf\u00f6r f\u00f6retagsl\u00e5n upp till 10 miljoner","publisher":{"@id":"https:\/\/creddo.com\/se\/#organization"},"potentialAction":[{"@type":"SearchAction","target":{"@type":"EntryPoint","urlTemplate":"https:\/\/creddo.com\/se\/?s={search_term_string}"},"query-input":{"@type":"PropertyValueSpecification","valueRequired":true,"valueName":"search_term_string"}}],"inLanguage":"sv-SE"},{"@type":"Organization","@id":"https:\/\/creddo.com\/se\/#organization","name":"Creddo AB","url":"https:\/\/creddo.com\/se\/","logo":{"@type":"ImageObject","inLanguage":"sv-SE","@id":"https:\/\/creddo.com\/se\/#\/schema\/logo\/image\/","url":"https:\/\/creddo.com\/se\/wp-content\/uploads\/2024\/04\/Creddo-logo-square.png","contentUrl":"https:\/\/creddo.com\/se\/wp-content\/uploads\/2024\/04\/Creddo-logo-square.png","width":720,"height":720,"caption":"Creddo AB"},"image":{"@id":"https:\/\/creddo.com\/se\/#\/schema\/logo\/image\/"},"sameAs":["https:\/\/www.facebook.com\/creddose","https:\/\/www.linkedin.com\/company\/creddo-ab\/"]}]}},"lang":"en","translations":{"en":1010,"sv":7},"pll_sync_post":[],"_links":{"self":[{"href":"https:\/\/creddo.com\/se\/wp-json\/wp\/v2\/pages\/1010","targetHints":{"allow":["GET"]}}],"collection":[{"href":"https:\/\/creddo.com\/se\/wp-json\/wp\/v2\/pages"}],"about":[{"href":"https:\/\/creddo.com\/se\/wp-json\/wp\/v2\/types\/page"}],"author":[{"embeddable":true,"href":"https:\/\/creddo.com\/se\/wp-json\/wp\/v2\/users\/1"}],"replies":[{"embeddable":true,"href":"https:\/\/creddo.com\/se\/wp-json\/wp\/v2\/comments?post=1010"}],"version-history":[{"count":14,"href":"https:\/\/creddo.com\/se\/wp-json\/wp\/v2\/pages\/1010\/revisions"}],"predecessor-version":[{"id":5162,"href":"https:\/\/creddo.com\/se\/wp-json\/wp\/v2\/pages\/1010\/revisions\/5162"}],"wp:attachment":[{"href":"https:\/\/creddo.com\/se\/wp-json\/wp\/v2\/media?parent=1010"}],"curies":[{"name":"wp","href":"https:\/\/api.w.org\/{rel}","templated":true}]}}