{"id":1064,"date":"2020-10-29T11:23:33","date_gmt":"2020-10-29T10:23:33","guid":{"rendered":"https:\/\/creddo.se\/?page_id=1064"},"modified":"2025-10-17T15:11:37","modified_gmt":"2025-10-17T13:11:37","slug":"amortering","status":"publish","type":"page","link":"https:\/\/creddo.com\/se\/foretagslan\/amortering\/","title":{"rendered":"Amortering p\u00e5 f\u00f6retagsl\u00e5n"},"content":{"rendered":"\n<p>En av de mest grundl\u00e4ggande f\u00f6ruts\u00e4ttningarna f\u00f6r ditt bolag \u00e4r att kunna finansiera din verksamhet &#8211; och f\u00f6r att kunna g\u00f6ra det tar man oftast ett f\u00f6retagsl\u00e5n. Det bra att bredda sina kunskaper och vara insatt i hur amortering p\u00e5 f\u00f6retagsl\u00e5n fungerar och vad det inneb\u00e4r.<\/p>\n\n\n\n<p>N\u00e4r du tar ett f\u00f6retagsl\u00e5n beh\u00f6ver du \u00e4ven amortera, och h\u00e4r reder vi ut begreppen vad som g\u00e4ller vid f\u00f6retagsl\u00e5n och amortering.<\/p>\n\n\n\n<p>N\u00e4r du <a href=\"https:\/\/creddo.com\/se\/foretagslan\/\">tar ett f\u00f6retagsl\u00e5n ing\u00e5r du ett avtal med l\u00e5ngivaren<\/a>, och ett l\u00e5n \u00e4r inte gratis. Du beh\u00f6ver betala b\u00e5de amortering (dvs \u00e5terbetalningen p\u00e5 l\u00e5net) och r\u00e4nta. Amorteringens belopp best\u00e4ms bland annat beroende p\u00e5 l\u00e5neperiodens l\u00e4ngd.<\/p>\n\n\n\n<p>\n<a href=\"https:\/\/creddo.com\/se\/\" class=\"btn btn-blue\">Ans\u00f6k om f\u00f6retagsfinansiering<\/a>\n<\/p>\n\n\n\n<h2 class=\"wp-block-heading\" id=\"h-vad-innebar-amortering\">Vad inneb\u00e4r amortering?<\/h2>\n\n\n\n<p>Amortering p\u00e5 f\u00f6retagsl\u00e5n\u00e4r allts\u00e5 det belopp du vid varje betalningstillf\u00e4lle betalar av p\u00e5 ditt l\u00e5n. Det betyder att din totala skuld minskar lite efter varje amortering. Tillsammans med r\u00e4ntan betalas amorteringen aningen m\u00e5nadsvis eller kvartalsvis till din l\u00e5ngivare.&nbsp;<\/p>\n\n\n\n<p>Amorteringen \u00e4r helt enkelt den summa som blir \u00f6ver fr\u00e5n totalsumman du betalar in, n\u00e4r du har r\u00e4knat bort r\u00e4ntekostnaden.<\/p>\n\n\n\n<h2 class=\"wp-block-heading\">Vilken amortering passar ditt f\u00f6retag b\u00e4st?<\/h2>\n\n\n\n<p>N\u00e4r du tecknar ett f\u00f6retagsl\u00e5n \u00e4r det viktigt att f\u00f6rst\u00e5 de olika amorterings alternativen. Amortering inneb\u00e4r att du betalar tillbaka l\u00e5net \u00f6ver en viss tid. Det finns flera olika amorterings modeller, och vilken som passar b\u00e4st f\u00f6r ditt f\u00f6retag beror p\u00e5 din ekonomiska situation och behov.<\/p>\n\n\n\n<p><strong>Amorteringsfria l\u00e5n<\/strong> Vissa f\u00f6retagsl\u00e5n \u00e4r helt amorteringsfria. Det inneb\u00e4r att du endast betalar r\u00e4nta p\u00e5 l\u00e5net under en viss period, och amorterar hela beloppet i slutet. Denna typ av l\u00e5n kan vara attraktiv om du f\u00f6rv\u00e4ntar dig en kraftig \u00f6kning av din oms\u00e4ttning inom en snar framtid.<\/p>\n\n\n\n<p><strong>Amorteringskrav<\/strong> De flesta f\u00f6retagsl\u00e5n har dock amorteringskrav. Det betyder att du m\u00e5ste betala av en del av l\u00e5net varje m\u00e5nad eller kvartal. Det finns tv\u00e5 huvudtyper av amortering:<\/p>\n\n\n\n<ul class=\"wp-block-list\">\n<li><strong>Rak amortering:<\/strong> Vid rak amortering betalar du tillbaka samma fasta belopp varje g\u00e5ng. Det inneb\u00e4r att din amortering andel \u00f6kar i f\u00f6rh\u00e5llande till r\u00e4ntedelen ju l\u00e4ngre in i l\u00e5neperioden du kommer.<\/li>\n\n\n\n<li><strong>Annuitet:<\/strong> Vid annuitet betalar du ett fast belopp varje m\u00e5nad. Detta belopp inkluderar b\u00e5de amortering och r\u00e4nta. I b\u00f6rjan av l\u00e5neperioden best\u00e5r en st\u00f6rre del av betalningen av r\u00e4nta, medan amorterings delen \u00f6kar successivt.<\/li>\n<\/ul>\n\n\n\n<h2 class=\"wp-block-heading\">V\u00e4lj r\u00e4tt amorterings modell f\u00f6r ditt f\u00f6retag<\/h2>\n\n\n\n<p>Vilken amorterings modell som passar b\u00e4st f\u00f6r ditt f\u00f6retag beror p\u00e5 flera faktorer, s\u00e5som:<\/p>\n\n\n\n<ul class=\"wp-block-list\">\n<li><strong>Din ekonomiska situation:<\/strong> Hur ser ditt kassafl\u00f6de ut? Har du en stabil inkomst?<\/li>\n\n\n\n<li><strong>Dina framtidsutsikter:<\/strong> F\u00f6rv\u00e4ntar du dig en \u00f6kad oms\u00e4ttning eller andra f\u00f6r\u00e4ndringar i din verksamhet?<\/li>\n\n\n\n<li><strong>R\u00e4nteniv\u00e5er:<\/strong> Hur ser r\u00e4nteniv\u00e5erna ut p\u00e5 marknaden?<\/li>\n<\/ul>\n\n\n\n<p><strong>Viktigt att t\u00e4nka p\u00e5:<\/strong><\/p>\n\n\n\n<ul class=\"wp-block-list\">\n<li><strong>L\u00e4s l\u00e5neavtalet noggrant:<\/strong> Innan du tecknar ett f\u00f6retagsl\u00e5n \u00e4r det viktigt att l\u00e4sa igenom l\u00e5neavtalet noggrant f\u00f6r att f\u00f6rst\u00e5 alla villkor, inklusive amorteringskraven.<\/li>\n\n\n\n<li><strong>R\u00e5dfr\u00e5ga en expert:<\/strong> Om du \u00e4r os\u00e4ker p\u00e5 vilken amorterings modell som passar b\u00e4st f\u00f6r ditt f\u00f6retag kan du r\u00e5dfr\u00e5ga en ekonomisk r\u00e5dgivare.<\/li>\n<\/ul>\n\n\n\n<h3 class=\"wp-block-heading\">Sammanfattning<\/h3>\n\n\n\n<p>Valet av amortering modell \u00e4r en viktig del av att teckna ett f\u00f6retagsl\u00e5n. Genom att v\u00e4lja r\u00e4tt amorterings modell kan du optimera din ekonomi och s\u00e4kerst\u00e4lla att du kan hantera dina l\u00e5n p\u00e5 ett ansvarsfullt s\u00e4tt.<\/p>\n\n\n\n<h3 class=\"wp-block-heading\"><strong>Rak amortering<\/strong><\/h3>\n\n\n\n<p>Med rak amortering p\u00e5 ditt f\u00f6retagsl\u00e5n, betalar du samma summa i amortering varje m\u00e5nad, och sen tillkommer r\u00e4ntan. Det inneb\u00e4r att m\u00e5nadskostnaden d\u00e5 blir mindre f\u00f6r varje tillf\u00e4lle, d\u00e5 r\u00e4ntekostnaden sjunker n\u00e5got vid varje betalning. \u00c4ven den totala m\u00e5nadskostnaden minskar f\u00f6r varje avbetalning.<\/p>\n\n\n\n<p>Vid rak amortering, delas allts\u00e5 hela skulden upp p\u00e5 antalet amorterings tillf\u00e4llen du har kommit fram till tillsammans med l\u00e5ngivaren.<\/p>\n\n\n\n<p><strong>Exempel:<\/strong><\/p>\n\n\n\n<p><em>Ditt f\u00f6retag har l\u00e5nat 2 miljoner kronor, som ska betalas tillbaka p\u00e5 fem \u00e5r.<\/em><em><br><\/em><em>Du amorterar en g\u00e5ng i m\u00e5naden, vilket blir fem \u00e5r g\u00e5nger tolv m\u00e5nader, det vill s\u00e4ga totalt 60 amorterings tillf\u00e4llen. Dela sen 2 miljoner p\u00e5 60 amorterings betalningar, vilket blir 33 333 kronor att betala varje tillf\u00e4lle.<\/em><\/p>\n\n\n\n<p>Allts\u00e5 g\u00f6r rak amortering att din skuld minskar med varje amortering du g\u00f6r, vilket \u00e4ven leder till att r\u00e4ntan (dvs kostnaden f\u00f6r sj\u00e4lva l\u00e5net) minskar lite varje g\u00e5ng, s\u00e5 l\u00e4nge l\u00e5ner\u00e4ntan inte h\u00f6js under avbetalningstiden vill s\u00e4ga.<\/p>\n\n\n\n<p><strong>F\u00f6rdelar med rak amortering<\/strong>:<\/p>\n\n\n\n<ul class=\"wp-block-list\">\n<li>J\u00e4mf\u00f6rt med annuitet minskar skulden snabbare.<\/li>\n\n\n\n<li>V\u00e4ljer du rak amortering f\u00f6r ditt f\u00f6retagsl\u00e5n blir den totala r\u00e4ntekostnaden i stort sett alltid l\u00e4gre.<\/li>\n<\/ul>\n\n\n\n<p><strong>Nackdelen med rak amortering<\/strong>:<\/p>\n\n\n\n<ul class=\"wp-block-list\">\n<li>I b\u00f6rjan blir avbetalningsbeloppet h\u00f6gre, eftersom l\u00e5nebeloppet \u00e4r som allra st\u00f6rst d\u00e5.<\/li>\n<\/ul>\n\n\n\n<p>\n<a href=\"https:\/\/creddo.com\/se\/\" class=\"btn btn-blue\">P\u00e5b\u00f6rja ans\u00f6kan<\/a>\n<\/p>\n\n\n\n<p>V\u00e4ljer du ist\u00e4llet Amortering med annuitet, \u00e5terbetalar du samma summa p\u00e5 f\u00f6retagsl\u00e5net vid varje betalningstillf\u00e4lle. Totalsumman ska d\u00e5 t\u00e4cka b\u00e5de r\u00e4nta och amorteringskostnad, och eftersom r\u00e4ntedelen i regel minskar med tiden, amorterar du snabbare ju l\u00e4ngre in i l\u00e5netiden du kommer.<br><br>I b\u00f6rjan betalar du allts\u00e5 mest r\u00e4ntekostnader, men ju l\u00e4ngre slutet p\u00e5 l\u00e5netiden du kommer, \u00e4ndras detta och du betalar ist\u00e4llet mer amortering. Detta beror p\u00e5 att eftersom du hela tiden amorterar lite grannlitegrann p\u00e5 l\u00e5net, sjunker r\u00e4ntekostnaden med tiden.<\/p>\n\n\n\n<p>Allts\u00e5 blir n\u00e4sta betalning hela tiden en n\u00e5got st\u00f6rre amortering, eftersom en h\u00f6gre procent g\u00e5r till \u00e5terbetalningen av l\u00e5net, ist\u00e4llet f\u00f6r r\u00e4nta.<\/p>\n\n\n\n<p><strong>F\u00f6rdelar med annuitet<\/strong>:<\/p>\n\n\n\n<ul class=\"wp-block-list\">\n<li>Du h\u00e5ller utgifterna nere i b\u00f6rjan av amorteringstiden.amorteringsperioden.<\/li>\n\n\n\n<li>Eftersom du betalar ett fast belopp varje betalningstillf\u00e4lle, blir det inga otrevliga \u00f6verraskningar.<\/li>\n<\/ul>\n\n\n\n<p><strong>Nackdelar med annuitet:<\/strong><\/p>\n\n\n\n<ul class=\"wp-block-list\">\n<li>R\u00e4ntekostnaden blir h\u00f6gre \u00e4n om du v\u00e4ljer rak amortering.<\/li>\n\n\n\n<li>Eftersom r\u00e4nteniv\u00e5n kan f\u00f6r\u00e4ndras utan att annuitets beloppetannuitetsbeloppet g\u00f6r det, tj\u00e4nar bankerna ofta mer pengar p\u00e5 detta alternativ.<\/li>\n\n\n\n<li>P\u00e5 grund av r\u00e4nteh\u00f6jningar kan avbetalnings sperioden bli l\u00e4ngre \u00e4n vad du r\u00e4knade med. Detta kan dock undvikas om du binder r\u00e4ntan n\u00e4r du tecknar f\u00f6retagsl\u00e5net.<\/li>\n<\/ul>\n\n\n\n<h4 class=\"wp-block-heading\"><strong>Bibeh\u00e5llen annuitet<\/strong><\/h4>\n\n\n\n<p>Bibeh\u00e5llen annuitet kallas \u00e4ven falsk annuitet. Det betyder att annuiteten inte \u00e4ndras i samband med r\u00e4nte\u00e4ndringar. Om r\u00e4ntan skulle h\u00f6jas, betalar du samma summa till l\u00e5ngivaren vid varje betalningstillf\u00e4lle.<\/p>\n\n\n\n<p>Skillnaden h\u00e4r \u00e4r att om r\u00e4ntekostnaden skulle stiga, utg\u00f6r amorteringsbeloppet en st\u00f6rre del av r\u00e4ntekostnaden. Om r\u00e4ntan s\u00e4nks under avbetalnings perioden, kan l\u00e5net allts\u00e5 vara f\u00e4rdigbetalt innan l\u00f6ptidens slut, eftersom en mindre andel g\u00e5r \u00e5t till r\u00e4ntebetalningen \u00e4n vad som var planerat fr\u00e5n b\u00f6rjan.<\/p>\n\n\n\n<p><strong>F\u00f6rdelen med bibeh\u00e5llen annuitet:<\/strong><\/p>\n\n\n\n<ul class=\"wp-block-list\">\n<li>Du vet hur mycket du kommer att betala, oavsett hur r\u00e4ntan ligger.<\/li>\n<\/ul>\n\n\n\n<p><strong>Nackdelen med bibeh\u00e5llen annuitet:<\/strong><\/p>\n\n\n\n<ul class=\"wp-block-list\">\n<li>Du kan inte vara helt s\u00e4ker p\u00e5 hur l\u00e5ng avbetalnings perioden kommer att bli, eftersom den kan ta olika l\u00e5ng tid beroende p\u00e5 r\u00e4nteniv\u00e5n.<\/li>\n\n\n\n<li>Om r\u00e4nteniv\u00e5n stiger ganska h\u00f6gt, kan det i v\u00e4rsta fall leda till att din annuitet inte r\u00e4cker till <a href=\"https:\/\/creddo.com\/se\/foretagslan\/ranta\/\">att betala r\u00e4ntan p\u00e5 ditt f\u00f6retagsl\u00e5n<\/a>, och d\u00e5 v\u00e4xer ist\u00e4llet skulden.<\/li>\n<\/ul>\n\n\n\n<h4 class=\"wp-block-heading\"><strong>\u00c4ndrad annuitet<\/strong><\/h4>\n\n\n\n<p>\u00c4ndrad annuitet kan \u00e4ven kallas \u00e4kta annuitet. H\u00e4r r\u00e4knar l\u00e5ngivaren ist\u00e4llet om annuiteten vid varje f\u00f6r\u00e4ndring av r\u00e4nteniv\u00e5n.<\/p>\n\n\n\n<p><strong>F\u00f6rdelen med \u00e4ndrad annuitet:<\/strong><\/p>\n\n\n\n<ul class=\"wp-block-list\">\n<li>L\u00f6ptiden blir lika l\u00e5ng som det har best\u00e4mts fr\u00e5n b\u00f6rjan.<\/li>\n<\/ul>\n\n\n\n<p><strong>Nackdelen med \u00e4ndrad annuitet:<\/strong><\/p>\n\n\n\n<ul class=\"wp-block-list\">\n<li>H\u00e4r \u00e4r det ist\u00e4llet os\u00e4kert vilket belopp du kommer att betala varje m\u00e5nad.<\/li>\n<\/ul>\n\n\n\n<h3 class=\"wp-block-heading\"><strong>Serieamortering (seriel\u00e5n)<\/strong><\/h3>\n\n\n\n<p>F\u00f6rutom de amorteringstyper vi redan n\u00e4mnt, finns \u00e4ven serieamortering. Detta till\u00e4mpas p\u00e5 s\u00e5 kallade seriel\u00e5n, och inneb\u00e4r att amorteringen trappas upp efter hand. Det inneb\u00e4r att du kan betala till exempel en procent av skulden det f\u00f6rsta \u00e5ret, tv\u00e5 procent det andra, och s\u00e5 forts\u00e4tter det tills skulden \u00e4r betald.<\/p>\n\n\n\n<h2 class=\"wp-block-heading\"><strong>Amorteringsfritt f\u00f6retagsl\u00e5n<\/strong><\/h2>\n\n\n\n<p>De flesta f\u00f6retagsl\u00e5n kommer med amorteringskrav, men idag finns \u00e4ven l\u00e5ngivare som kan erbjuda amorteringsfritt l\u00e5n. Detta g\u00e4ller oftast de f\u00f6rsta m\u00e5naderna, upp till det f\u00f6rstaf\u00f6rst\u00e5 \u00e5ret p\u00e5 avbetalningstiden.<\/p>\n\n\n\n<p>Detta inneb\u00e4r allts\u00e5 att du under den perioden inte betalar n\u00e5gon amortering alls, och ist\u00e4llet betalar hela beloppet i slutet.<\/p>\n\n\n\n<p><em>F\u00f6r att ta reda p\u00e5 vilken typ av l\u00e5n och vilken l\u00e5ngivare som passar b\u00e4st f\u00f6r just er, \u00e4r det viktigt att snabbt och enkelt kunna j\u00e4mf\u00f6ra de olika alternativen. Hos oss p\u00e5 <\/em><a href=\"https:\/\/creddo.com\/se\/\"><em>Creddo<\/em><\/a><em> g\u00f6r du ans\u00f6kan online, snabbt, enkelt och kostnadsfritt. Du f\u00e5r erbjudande fr\u00e5n l\u00e5ngivarna inom 24 timmar p\u00e5 vardagar, och kan enkelt j\u00e4mf\u00f6ra f\u00f6rslagen.<\/em><\/p>\n\n\n\n<p>\n<a href=\"https:\/\/creddo.com\/se\/\" class=\"btn btn-blue\">Ans\u00f6k hos Creddo<\/a>\n<\/p>\n","protected":false},"excerpt":{"rendered":"<p>En av de mest grundl\u00e4ggande f\u00f6ruts\u00e4ttningarna f\u00f6r ditt bolag \u00e4r att kunna finansiera din verksamhet &#8211; och f\u00f6r att kunna g\u00f6ra det tar man oftast ett f\u00f6retagsl\u00e5n. Det bra att bredda sina kunskaper och vara insatt i hur amortering p\u00e5 f\u00f6retagsl\u00e5n fungerar och vad det inneb\u00e4r. N\u00e4r du tar ett f\u00f6retagsl\u00e5n beh\u00f6ver du \u00e4ven amortera, [&hellip;]<\/p>\n","protected":false},"author":8,"featured_media":0,"parent":1141,"menu_order":0,"comment_status":"closed","ping_status":"closed","template":"creddopage.php","meta":{"_acf_changed":false,"footnotes":""},"class_list":["post-1064","page","type-page","status-publish","hentry"],"acf":[],"yoast_head":"<!-- This site is optimized with the Yoast SEO Premium plugin v26.6 (Yoast SEO v26.8) - https:\/\/yoast.com\/product\/yoast-seo-premium-wordpress\/ -->\n<title>Amortering p\u00e5 f\u00f6retagsl\u00e5n - s\u00e5 fungerar det | J\u00e4mf\u00f6r via Creddo<\/title>\n<meta name=\"description\" content=\"Det finns olika amorteringstyper f\u00f6r l\u00e5n till f\u00f6retag - s\u00e5 h\u00e4r fungerar amortering p\u00e5 f\u00f6retagsl\u00e5n. Ans\u00f6k med Creddo och endast 1 UC.\" \/>\n<meta name=\"robots\" content=\"index, follow, max-snippet:-1, max-image-preview:large, max-video-preview:-1\" \/>\n<link rel=\"canonical\" href=\"https:\/\/creddo.com\/se\/foretagslan\/amortering\/\" \/>\n<meta property=\"og:locale\" content=\"sv_SE\" \/>\n<meta property=\"og:type\" content=\"article\" \/>\n<meta property=\"og:title\" content=\"Amortering p\u00e5 f\u00f6retagsl\u00e5n\" \/>\n<meta property=\"og:description\" content=\"En av de mest grundl\u00e4ggande f\u00f6ruts\u00e4ttningarna f\u00f6r ditt bolag \u00e4r att kunna finansiera din verksamhet - och f\u00f6r att kunna g\u00f6ra det tar man oftast ett\" \/>\n<meta property=\"og:url\" content=\"https:\/\/creddo.com\/se\/foretagslan\/amortering\/\" \/>\n<meta property=\"og:site_name\" content=\"Creddo\" \/>\n<meta property=\"article:publisher\" content=\"https:\/\/www.facebook.com\/creddose\" \/>\n<meta property=\"article:modified_time\" content=\"2025-10-17T13:11:37+00:00\" \/>\n<meta property=\"og:image\" content=\"https:\/\/creddo.com\/se\/wp-content\/uploads\/2024\/07\/52.jpg\" \/>\n\t<meta property=\"og:image:width\" content=\"1200\" \/>\n\t<meta property=\"og:image:height\" content=\"630\" \/>\n\t<meta property=\"og:image:type\" content=\"image\/jpeg\" \/>\n<meta name=\"twitter:card\" content=\"summary_large_image\" \/>\n<meta name=\"twitter:label1\" content=\"Ber\u00e4knad l\u00e4stid\" \/>\n\t<meta name=\"twitter:data1\" content=\"7 minuter\" \/>\n<script type=\"application\/ld+json\" class=\"yoast-schema-graph\">{\"@context\":\"https:\/\/schema.org\",\"@graph\":[{\"@type\":\"WebPage\",\"@id\":\"https:\/\/creddo.com\/se\/foretagslan\/amortering\/\",\"url\":\"https:\/\/creddo.com\/se\/foretagslan\/amortering\/\",\"name\":\"Amortering p\u00e5 f\u00f6retagsl\u00e5n - s\u00e5 fungerar det | J\u00e4mf\u00f6r via Creddo\",\"isPartOf\":{\"@id\":\"https:\/\/creddo.com\/se\/#website\"},\"datePublished\":\"2020-10-29T10:23:33+00:00\",\"dateModified\":\"2025-10-17T13:11:37+00:00\",\"description\":\"Det finns olika amorteringstyper f\u00f6r l\u00e5n till f\u00f6retag - s\u00e5 h\u00e4r fungerar amortering p\u00e5 f\u00f6retagsl\u00e5n. Ans\u00f6k med Creddo och endast 1 UC.\",\"breadcrumb\":{\"@id\":\"https:\/\/creddo.com\/se\/foretagslan\/amortering\/#breadcrumb\"},\"inLanguage\":\"sv-SE\",\"potentialAction\":[{\"@type\":\"ReadAction\",\"target\":[\"https:\/\/creddo.com\/se\/foretagslan\/amortering\/\"]}]},{\"@type\":\"BreadcrumbList\",\"@id\":\"https:\/\/creddo.com\/se\/foretagslan\/amortering\/#breadcrumb\",\"itemListElement\":[{\"@type\":\"ListItem\",\"position\":1,\"name\":\"Creddo.com\",\"item\":\"https:\/\/creddo.com\/se\/\"},{\"@type\":\"ListItem\",\"position\":2,\"name\":\"F\u00f6retagsl\u00e5n\",\"item\":\"https:\/\/creddo.com\/se\/foretagslan\/\"},{\"@type\":\"ListItem\",\"position\":3,\"name\":\"Amortering p\u00e5 f\u00f6retagsl\u00e5n\"}]},{\"@type\":\"WebSite\",\"@id\":\"https:\/\/creddo.com\/se\/#website\",\"url\":\"https:\/\/creddo.com\/se\/\",\"name\":\"Creddo\",\"description\":\"J\u00e4mf\u00f6r f\u00f6retagsl\u00e5n upp till 10 miljoner\",\"publisher\":{\"@id\":\"https:\/\/creddo.com\/se\/#organization\"},\"potentialAction\":[{\"@type\":\"SearchAction\",\"target\":{\"@type\":\"EntryPoint\",\"urlTemplate\":\"https:\/\/creddo.com\/se\/?s={search_term_string}\"},\"query-input\":{\"@type\":\"PropertyValueSpecification\",\"valueRequired\":true,\"valueName\":\"search_term_string\"}}],\"inLanguage\":\"sv-SE\"},{\"@type\":\"Organization\",\"@id\":\"https:\/\/creddo.com\/se\/#organization\",\"name\":\"Creddo AB\",\"url\":\"https:\/\/creddo.com\/se\/\",\"logo\":{\"@type\":\"ImageObject\",\"inLanguage\":\"sv-SE\",\"@id\":\"https:\/\/creddo.com\/se\/#\/schema\/logo\/image\/\",\"url\":\"https:\/\/creddo.com\/se\/wp-content\/uploads\/2024\/04\/Creddo-logo-square.png\",\"contentUrl\":\"https:\/\/creddo.com\/se\/wp-content\/uploads\/2024\/04\/Creddo-logo-square.png\",\"width\":720,\"height\":720,\"caption\":\"Creddo AB\"},\"image\":{\"@id\":\"https:\/\/creddo.com\/se\/#\/schema\/logo\/image\/\"},\"sameAs\":[\"https:\/\/www.facebook.com\/creddose\",\"https:\/\/www.linkedin.com\/company\/creddo-ab\/\"]}]}<\/script>\n<!-- \/ Yoast SEO Premium plugin. -->","yoast_head_json":{"title":"Amortering p\u00e5 f\u00f6retagsl\u00e5n - s\u00e5 fungerar det | J\u00e4mf\u00f6r via Creddo","description":"Det finns olika amorteringstyper f\u00f6r l\u00e5n till f\u00f6retag - s\u00e5 h\u00e4r fungerar amortering p\u00e5 f\u00f6retagsl\u00e5n. Ans\u00f6k med Creddo och endast 1 UC.","robots":{"index":"index","follow":"follow","max-snippet":"max-snippet:-1","max-image-preview":"max-image-preview:large","max-video-preview":"max-video-preview:-1"},"canonical":"https:\/\/creddo.com\/se\/foretagslan\/amortering\/","og_locale":"sv_SE","og_type":"article","og_title":"Amortering p\u00e5 f\u00f6retagsl\u00e5n","og_description":"En av de mest grundl\u00e4ggande f\u00f6ruts\u00e4ttningarna f\u00f6r ditt bolag \u00e4r att kunna finansiera din verksamhet - och f\u00f6r att kunna g\u00f6ra det tar man oftast ett","og_url":"https:\/\/creddo.com\/se\/foretagslan\/amortering\/","og_site_name":"Creddo","article_publisher":"https:\/\/www.facebook.com\/creddose","article_modified_time":"2025-10-17T13:11:37+00:00","og_image":[{"width":1200,"height":630,"url":"https:\/\/creddo.com\/se\/wp-content\/uploads\/2024\/07\/52.jpg","type":"image\/jpeg"}],"twitter_card":"summary_large_image","twitter_misc":{"Ber\u00e4knad l\u00e4stid":"7 minuter"},"schema":{"@context":"https:\/\/schema.org","@graph":[{"@type":"WebPage","@id":"https:\/\/creddo.com\/se\/foretagslan\/amortering\/","url":"https:\/\/creddo.com\/se\/foretagslan\/amortering\/","name":"Amortering p\u00e5 f\u00f6retagsl\u00e5n - s\u00e5 fungerar det | J\u00e4mf\u00f6r via Creddo","isPartOf":{"@id":"https:\/\/creddo.com\/se\/#website"},"datePublished":"2020-10-29T10:23:33+00:00","dateModified":"2025-10-17T13:11:37+00:00","description":"Det finns olika amorteringstyper f\u00f6r l\u00e5n till f\u00f6retag - s\u00e5 h\u00e4r fungerar amortering p\u00e5 f\u00f6retagsl\u00e5n. Ans\u00f6k med Creddo och endast 1 UC.","breadcrumb":{"@id":"https:\/\/creddo.com\/se\/foretagslan\/amortering\/#breadcrumb"},"inLanguage":"sv-SE","potentialAction":[{"@type":"ReadAction","target":["https:\/\/creddo.com\/se\/foretagslan\/amortering\/"]}]},{"@type":"BreadcrumbList","@id":"https:\/\/creddo.com\/se\/foretagslan\/amortering\/#breadcrumb","itemListElement":[{"@type":"ListItem","position":1,"name":"Creddo.com","item":"https:\/\/creddo.com\/se\/"},{"@type":"ListItem","position":2,"name":"F\u00f6retagsl\u00e5n","item":"https:\/\/creddo.com\/se\/foretagslan\/"},{"@type":"ListItem","position":3,"name":"Amortering p\u00e5 f\u00f6retagsl\u00e5n"}]},{"@type":"WebSite","@id":"https:\/\/creddo.com\/se\/#website","url":"https:\/\/creddo.com\/se\/","name":"Creddo","description":"J\u00e4mf\u00f6r f\u00f6retagsl\u00e5n upp till 10 miljoner","publisher":{"@id":"https:\/\/creddo.com\/se\/#organization"},"potentialAction":[{"@type":"SearchAction","target":{"@type":"EntryPoint","urlTemplate":"https:\/\/creddo.com\/se\/?s={search_term_string}"},"query-input":{"@type":"PropertyValueSpecification","valueRequired":true,"valueName":"search_term_string"}}],"inLanguage":"sv-SE"},{"@type":"Organization","@id":"https:\/\/creddo.com\/se\/#organization","name":"Creddo AB","url":"https:\/\/creddo.com\/se\/","logo":{"@type":"ImageObject","inLanguage":"sv-SE","@id":"https:\/\/creddo.com\/se\/#\/schema\/logo\/image\/","url":"https:\/\/creddo.com\/se\/wp-content\/uploads\/2024\/04\/Creddo-logo-square.png","contentUrl":"https:\/\/creddo.com\/se\/wp-content\/uploads\/2024\/04\/Creddo-logo-square.png","width":720,"height":720,"caption":"Creddo AB"},"image":{"@id":"https:\/\/creddo.com\/se\/#\/schema\/logo\/image\/"},"sameAs":["https:\/\/www.facebook.com\/creddose","https:\/\/www.linkedin.com\/company\/creddo-ab\/"]}]}},"lang":"sv","translations":{"sv":1064},"pll_sync_post":[],"_links":{"self":[{"href":"https:\/\/creddo.com\/se\/wp-json\/wp\/v2\/pages\/1064","targetHints":{"allow":["GET"]}}],"collection":[{"href":"https:\/\/creddo.com\/se\/wp-json\/wp\/v2\/pages"}],"about":[{"href":"https:\/\/creddo.com\/se\/wp-json\/wp\/v2\/types\/page"}],"author":[{"embeddable":true,"href":"https:\/\/creddo.com\/se\/wp-json\/wp\/v2\/users\/8"}],"replies":[{"embeddable":true,"href":"https:\/\/creddo.com\/se\/wp-json\/wp\/v2\/comments?post=1064"}],"version-history":[{"count":19,"href":"https:\/\/creddo.com\/se\/wp-json\/wp\/v2\/pages\/1064\/revisions"}],"predecessor-version":[{"id":5025,"href":"https:\/\/creddo.com\/se\/wp-json\/wp\/v2\/pages\/1064\/revisions\/5025"}],"up":[{"embeddable":true,"href":"https:\/\/creddo.com\/se\/wp-json\/wp\/v2\/pages\/1141"}],"wp:attachment":[{"href":"https:\/\/creddo.com\/se\/wp-json\/wp\/v2\/media?parent=1064"}],"curies":[{"name":"wp","href":"https:\/\/api.w.org\/{rel}","templated":true}]}}