{"id":1141,"date":"2021-02-18T13:44:23","date_gmt":"2021-02-18T12:44:23","guid":{"rendered":"https:\/\/creddo.com\/se\/?page_id=1141"},"modified":"2026-03-30T13:33:02","modified_gmt":"2026-03-30T11:33:02","slug":"foretagslan","status":"publish","type":"page","link":"https:\/\/creddo.com\/se\/foretagslan\/","title":{"rendered":"F\u00f6retagsl\u00e5n"},"content":{"rendered":"\t\t<div data-elementor-type=\"wp-page\" data-elementor-id=\"1141\" class=\"elementor elementor-1141\">\n\t\t\t\t<div class=\"elementor-element elementor-element-1c129c67 e-flex e-con-boxed e-con e-parent\" data-id=\"1c129c67\" data-element_type=\"container\">\n\t\t\t\t\t<div class=\"e-con-inner\">\n\t\t\t\t<div class=\"elementor-element elementor-element-59a12b4e elementor-widget elementor-widget-text-editor\" data-id=\"59a12b4e\" data-element_type=\"widget\" data-widget_type=\"text-editor.default\">\n\t\t\t\t\t\t\t\t\t<p><\/p>\n<p>Ett f\u00f6retagsl\u00e5n kan vara ett bra s\u00e4tt att v\u00e4xa din verksamhet. Det beh\u00f6vs kapital f\u00f6r att ett f\u00f6retag ska v\u00e4xa. L\u00e5ngt ifr\u00e5n alla f\u00f6retagare har m\u00f6jlighet att g\u00f6ra de investeringar som kr\u00e4vs med sina existerande tillg\u00e5ngar. D\u00e5 kan ett l\u00e5n till f\u00f6retag vara ett alternativ f\u00f6r dina behov.<\/p>\n<p><\/p>\n<p>H\u00e4r kan du l\u00e4ra dig mer om hur f\u00f6retagsl\u00e5n och olika l\u00e5n till f\u00f6retag fungerar och hur det kan underl\u00e4tta f\u00f6retagets tillv\u00e4xt. L\u00e4ngre ner p\u00e5 den h\u00e4r sidan kan du hitta tips p\u00e5 hur du hittar den b\u00e4sta f\u00f6retagsfinansieringen genom ett f\u00f6retagsl\u00e5n \u00e4ven k\u00e4nt som l\u00e5n till f\u00f6retag. Dessutom f\u00e5r du veta vilka banker och finansbolag Creddo samarbetar med.<\/p>\n<p><\/p>\n<p>H\u00e4r hos Creddo kan du j\u00e4mf\u00f6ra och f\u00e5 f\u00f6rslag p\u00e5 f\u00f6retagsl\u00e5n fr\u00e5n olika banker och l\u00e5ngivare inom 24 timmar. Det \u00e4r dessutom helt kostnadsfritt att j\u00e4mf\u00f6r l\u00e5n till f\u00f6retag. Dessutom f\u00e5r du f\u00f6retagsl\u00e5nen med endast en <a href=\"https:\/\/creddo.com\/se\/foretagslan\/kreditupplysning\/\">kreditupplysning<\/a> och ans\u00f6kan. Ett annat tips \u00e4r att j\u00e4mf\u00f6ra hur snabbt olika l\u00e5ngivare betalar ut pengarna f\u00f6r l\u00e5n till f\u00f6retag, till exempel inom hur m\u00e5nga arbetsdagar. F\u00f6r m\u00e5nga f\u00f6retagare kan det vara avg\u00f6rande att f\u00e5 svar direkt n\u00e4r n\u00e5got h\u00e4nder i verksamheten. En l\u00e5ngivare som \u00e4r l\u00e4tt att n\u00e5 och som \u00e4r tydlig i sin kommunikation g\u00e4llande l\u00e5n till f\u00f6retag \u00e4r ocks\u00e5 viktigt. Kort sagt: ta dig tiden att l\u00e4sa p\u00e5 ordentligt. F\u00f6retagsl\u00e5n kan vara ett bra verktyg n\u00e4r det anv\u00e4nds r\u00e4tt, och ju mer du vet i f\u00f6rv\u00e4g, desto tryggare blir hela processen n\u00e4r du funderar p\u00e5 nytt l\u00e5n.<\/p>\n<p><\/p>\n<div class=\"wp-block-yoast-seo-ai-summarize yoast-ai-summarize\">\n<h2>F\u00f6retagsfinansiering i Sverige idag<\/h2>\n<p><\/p>\n<ul class=\"wp-block-list yoast-ai-summarize-list\">\n<li style=\"list-style-type: none;\">\n<ul class=\"wp-block-list yoast-ai-summarize-list\"><\/ul>\n<\/li>\n<\/ul>\n<ul class=\"wp-block-list yoast-ai-summarize-list\">\n<li style=\"list-style-type: none;\">\n<ul class=\"wp-block-list yoast-ai-summarize-list\">\n<li>Idag finns det drygt 1,9 miljoner registrerade f\u00f6retag i Sverige och 1,2 miljoner aktiva. 99 % av dem \u00e4r sm\u00e5f\u00f6retagare, det vill s\u00e4ga f\u00f6retag med f\u00e4rre \u00e4n 50 anst\u00e4llda.<\/li>\n<\/ul>\n<\/li>\n<\/ul>\n<p><\/p>\n<ul class=\"wp-block-list yoast-ai-summarize-list\">\n<li style=\"list-style-type: none;\">\n<ul class=\"wp-block-list yoast-ai-summarize-list\">\n<li>M\u00e5nga av dessa sm\u00e5f\u00f6retagare \u00e4r enskilda n\u00e4ringsidkare \u2013 det \u00e4r en av de vanligaste bolagsformerna i Sverige. Detta avspeglar sig \u00e4ven n\u00e4r det kommer till att l\u00e5na pengar till f\u00f6retag d\u00e5 det \u00e4r vanligt med <a href=\"https:\/\/creddo.com\/se\/foretagslan\/enskild-firma\/\">ans\u00f6kningar om f\u00f6retagsl\u00e5n till enskild firma<\/a>.<\/li>\n<\/ul>\n<\/li>\n<\/ul>\n<p><\/p>\n<ul class=\"wp-block-list yoast-ai-summarize-list\">\n<li style=\"list-style-type: none;\">\n<ul class=\"wp-block-list yoast-ai-summarize-list\">\n<li>Idag \u00e4r det dessutom mycket vanligare att ans\u00f6ka om f\u00f6retagsl\u00e5n p\u00e5 n\u00e4tet. F\u00f6retagsl\u00e5n hanteras av m\u00e5nga l\u00e5ngivare som f\u00f6redrar att hantera ans\u00f6kningar \u00f6ver n\u00e4tet. Med hj\u00e4lp av BankID som identifiering, blir processen f\u00f6r l\u00e5n till f\u00f6retag dessutom trygg b\u00e5de f\u00f6r dig som ans\u00f6ker om f\u00f6retagsl\u00e5n och f\u00f6r banken.<\/li>\n<\/ul>\n<\/li>\n<\/ul>\n<p><\/p>\n<p><\/p>\n<\/div>\n<p><\/p>\t\t\t\t\t\t\t\t<\/div>\n\t\t\t\t\t<\/div>\n\t\t\t\t<\/div>\n\t\t\t\t<\/div>\n\t\t","protected":false},"excerpt":{"rendered":"<p>Ett f\u00f6retagsl\u00e5n kan vara ett bra s\u00e4tt att v\u00e4xa din verksamhet. Det beh\u00f6vs kapital f\u00f6r att ett f\u00f6retag ska v\u00e4xa. L\u00e5ngt ifr\u00e5n alla f\u00f6retagare har m\u00f6jlighet att g\u00f6ra de investeringar som kr\u00e4vs med sina existerande tillg\u00e5ngar. D\u00e5 kan ett l\u00e5n till f\u00f6retag vara ett alternativ f\u00f6r dina behov. H\u00e4r kan du l\u00e4ra dig mer om [&hellip;]<\/p>\n","protected":false},"author":15,"featured_media":0,"parent":0,"menu_order":0,"comment_status":"closed","ping_status":"closed","template":"creddo_foretagslan.php","meta":{"_acf_changed":false,"footnotes":""},"class_list":["post-1141","page","type-page","status-publish","hentry"],"acf":[],"yoast_head":"<!-- This site is optimized with the Yoast SEO Premium plugin v26.6 (Yoast SEO v26.8) - https:\/\/yoast.com\/product\/yoast-seo-premium-wordpress\/ -->\n<title>F\u00f6retagsl\u00e5n - J\u00e4mf\u00f6r de b\u00e4sta f\u00f6retagsl\u00e5nen i mars 2026<\/title>\n<meta name=\"description\" content=\"J\u00e4mf\u00f6r f\u00f6retagsl\u00e5n snabbt och enkelt hos Creddo. Endast en UC- l\u00e5n till f\u00f6retag och svar inom 24h, \u00f6ver 25 l\u00e5ngivare att v\u00e4lja mellan.\" \/>\n<meta name=\"robots\" content=\"index, follow, max-snippet:-1, max-image-preview:large, max-video-preview:-1\" \/>\n<link rel=\"canonical\" href=\"https:\/\/creddo.com\/se\/foretagslan\/\" \/>\n<meta property=\"og:locale\" content=\"sv_SE\" \/>\n<meta property=\"og:type\" content=\"article\" \/>\n<meta property=\"og:title\" content=\"F\u00f6retagsl\u00e5n\" \/>\n<meta property=\"og:description\" content=\"Ett f\u00f6retagsl\u00e5n kan vara ett bra s\u00e4tt att v\u00e4xa din verksamhet. Det beh\u00f6vs kapital f\u00f6r att ett f\u00f6retag ska v\u00e4xa. L\u00e5ngt ifr\u00e5n alla f\u00f6retagare har m\u00f6jlighet\" \/>\n<meta property=\"og:url\" content=\"https:\/\/creddo.com\/se\/foretagslan\/\" \/>\n<meta property=\"og:site_name\" content=\"Creddo\" \/>\n<meta property=\"article:publisher\" content=\"https:\/\/www.facebook.com\/creddose\" \/>\n<meta property=\"article:modified_time\" content=\"2026-03-30T11:33:02+00:00\" \/>\n<meta property=\"og:image\" content=\"https:\/\/creddo.com\/se\/wp-content\/uploads\/2024\/07\/52.jpg\" \/>\n\t<meta property=\"og:image:width\" content=\"1200\" \/>\n\t<meta property=\"og:image:height\" content=\"630\" \/>\n\t<meta property=\"og:image:type\" content=\"image\/jpeg\" \/>\n<meta name=\"twitter:card\" content=\"summary_large_image\" \/>\n<meta name=\"twitter:label1\" content=\"Ber\u00e4knad l\u00e4stid\" \/>\n\t<meta name=\"twitter:data1\" content=\"2 minuter\" \/>\n<script type=\"application\/ld+json\" class=\"yoast-schema-graph\">{\"@context\":\"https:\/\/schema.org\",\"@graph\":[{\"@type\":\"WebPage\",\"@id\":\"https:\/\/creddo.com\/se\/foretagslan\/\",\"url\":\"https:\/\/creddo.com\/se\/foretagslan\/\",\"name\":\"F\u00f6retagsl\u00e5n - J\u00e4mf\u00f6r de b\u00e4sta f\u00f6retagsl\u00e5nen i mars 2026\",\"isPartOf\":{\"@id\":\"https:\/\/creddo.com\/se\/#website\"},\"datePublished\":\"2021-02-18T12:44:23+00:00\",\"dateModified\":\"2026-03-30T11:33:02+00:00\",\"description\":\"J\u00e4mf\u00f6r f\u00f6retagsl\u00e5n snabbt och enkelt hos Creddo. Endast en UC- l\u00e5n till f\u00f6retag och svar inom 24h, \u00f6ver 25 l\u00e5ngivare att v\u00e4lja mellan.\",\"breadcrumb\":{\"@id\":\"https:\/\/creddo.com\/se\/foretagslan\/#breadcrumb\"},\"inLanguage\":\"sv-SE\",\"potentialAction\":[{\"@type\":\"ReadAction\",\"target\":[\"https:\/\/creddo.com\/se\/foretagslan\/\"]}]},{\"@type\":\"BreadcrumbList\",\"@id\":\"https:\/\/creddo.com\/se\/foretagslan\/#breadcrumb\",\"itemListElement\":[{\"@type\":\"ListItem\",\"position\":1,\"name\":\"Creddo.com\",\"item\":\"https:\/\/creddo.com\/se\/\"},{\"@type\":\"ListItem\",\"position\":2,\"name\":\"F\u00f6retagsl\u00e5n\"}]},{\"@type\":\"WebSite\",\"@id\":\"https:\/\/creddo.com\/se\/#website\",\"url\":\"https:\/\/creddo.com\/se\/\",\"name\":\"Creddo\",\"description\":\"J\u00e4mf\u00f6r f\u00f6retagsl\u00e5n upp till 10 miljoner\",\"publisher\":{\"@id\":\"https:\/\/creddo.com\/se\/#organization\"},\"potentialAction\":[{\"@type\":\"SearchAction\",\"target\":{\"@type\":\"EntryPoint\",\"urlTemplate\":\"https:\/\/creddo.com\/se\/?s={search_term_string}\"},\"query-input\":{\"@type\":\"PropertyValueSpecification\",\"valueRequired\":true,\"valueName\":\"search_term_string\"}}],\"inLanguage\":\"sv-SE\"},{\"@type\":\"Organization\",\"@id\":\"https:\/\/creddo.com\/se\/#organization\",\"name\":\"Creddo AB\",\"url\":\"https:\/\/creddo.com\/se\/\",\"logo\":{\"@type\":\"ImageObject\",\"inLanguage\":\"sv-SE\",\"@id\":\"https:\/\/creddo.com\/se\/#\/schema\/logo\/image\/\",\"url\":\"https:\/\/creddo.com\/se\/wp-content\/uploads\/2024\/04\/Creddo-logo-square.png\",\"contentUrl\":\"https:\/\/creddo.com\/se\/wp-content\/uploads\/2024\/04\/Creddo-logo-square.png\",\"width\":720,\"height\":720,\"caption\":\"Creddo AB\"},\"image\":{\"@id\":\"https:\/\/creddo.com\/se\/#\/schema\/logo\/image\/\"},\"sameAs\":[\"https:\/\/www.facebook.com\/creddose\",\"https:\/\/www.linkedin.com\/company\/creddo-ab\/\"]}]}<\/script>\n<!-- \/ Yoast SEO Premium plugin. -->","yoast_head_json":{"title":"F\u00f6retagsl\u00e5n - J\u00e4mf\u00f6r de b\u00e4sta f\u00f6retagsl\u00e5nen i mars 2026","description":"J\u00e4mf\u00f6r f\u00f6retagsl\u00e5n snabbt och enkelt hos Creddo. Endast en UC- l\u00e5n till f\u00f6retag och svar inom 24h, \u00f6ver 25 l\u00e5ngivare att v\u00e4lja mellan.","robots":{"index":"index","follow":"follow","max-snippet":"max-snippet:-1","max-image-preview":"max-image-preview:large","max-video-preview":"max-video-preview:-1"},"canonical":"https:\/\/creddo.com\/se\/foretagslan\/","og_locale":"sv_SE","og_type":"article","og_title":"F\u00f6retagsl\u00e5n","og_description":"Ett f\u00f6retagsl\u00e5n kan vara ett bra s\u00e4tt att v\u00e4xa din verksamhet. Det beh\u00f6vs kapital f\u00f6r att ett f\u00f6retag ska v\u00e4xa. L\u00e5ngt ifr\u00e5n alla f\u00f6retagare har m\u00f6jlighet","og_url":"https:\/\/creddo.com\/se\/foretagslan\/","og_site_name":"Creddo","article_publisher":"https:\/\/www.facebook.com\/creddose","article_modified_time":"2026-03-30T11:33:02+00:00","og_image":[{"width":1200,"height":630,"url":"https:\/\/creddo.com\/se\/wp-content\/uploads\/2024\/07\/52.jpg","type":"image\/jpeg"}],"twitter_card":"summary_large_image","twitter_misc":{"Ber\u00e4knad l\u00e4stid":"2 minuter"},"schema":{"@context":"https:\/\/schema.org","@graph":[{"@type":"WebPage","@id":"https:\/\/creddo.com\/se\/foretagslan\/","url":"https:\/\/creddo.com\/se\/foretagslan\/","name":"F\u00f6retagsl\u00e5n - J\u00e4mf\u00f6r de b\u00e4sta f\u00f6retagsl\u00e5nen i mars 2026","isPartOf":{"@id":"https:\/\/creddo.com\/se\/#website"},"datePublished":"2021-02-18T12:44:23+00:00","dateModified":"2026-03-30T11:33:02+00:00","description":"J\u00e4mf\u00f6r f\u00f6retagsl\u00e5n snabbt och enkelt hos Creddo. Endast en UC- l\u00e5n till f\u00f6retag och svar inom 24h, \u00f6ver 25 l\u00e5ngivare att v\u00e4lja mellan.","breadcrumb":{"@id":"https:\/\/creddo.com\/se\/foretagslan\/#breadcrumb"},"inLanguage":"sv-SE","potentialAction":[{"@type":"ReadAction","target":["https:\/\/creddo.com\/se\/foretagslan\/"]}]},{"@type":"BreadcrumbList","@id":"https:\/\/creddo.com\/se\/foretagslan\/#breadcrumb","itemListElement":[{"@type":"ListItem","position":1,"name":"Creddo.com","item":"https:\/\/creddo.com\/se\/"},{"@type":"ListItem","position":2,"name":"F\u00f6retagsl\u00e5n"}]},{"@type":"WebSite","@id":"https:\/\/creddo.com\/se\/#website","url":"https:\/\/creddo.com\/se\/","name":"Creddo","description":"J\u00e4mf\u00f6r f\u00f6retagsl\u00e5n upp till 10 miljoner","publisher":{"@id":"https:\/\/creddo.com\/se\/#organization"},"potentialAction":[{"@type":"SearchAction","target":{"@type":"EntryPoint","urlTemplate":"https:\/\/creddo.com\/se\/?s={search_term_string}"},"query-input":{"@type":"PropertyValueSpecification","valueRequired":true,"valueName":"search_term_string"}}],"inLanguage":"sv-SE"},{"@type":"Organization","@id":"https:\/\/creddo.com\/se\/#organization","name":"Creddo AB","url":"https:\/\/creddo.com\/se\/","logo":{"@type":"ImageObject","inLanguage":"sv-SE","@id":"https:\/\/creddo.com\/se\/#\/schema\/logo\/image\/","url":"https:\/\/creddo.com\/se\/wp-content\/uploads\/2024\/04\/Creddo-logo-square.png","contentUrl":"https:\/\/creddo.com\/se\/wp-content\/uploads\/2024\/04\/Creddo-logo-square.png","width":720,"height":720,"caption":"Creddo AB"},"image":{"@id":"https:\/\/creddo.com\/se\/#\/schema\/logo\/image\/"},"sameAs":["https:\/\/www.facebook.com\/creddose","https:\/\/www.linkedin.com\/company\/creddo-ab\/"]}]}},"lang":"sv","translations":{"sv":1141},"pll_sync_post":[],"_links":{"self":[{"href":"https:\/\/creddo.com\/se\/wp-json\/wp\/v2\/pages\/1141","targetHints":{"allow":["GET"]}}],"collection":[{"href":"https:\/\/creddo.com\/se\/wp-json\/wp\/v2\/pages"}],"about":[{"href":"https:\/\/creddo.com\/se\/wp-json\/wp\/v2\/types\/page"}],"author":[{"embeddable":true,"href":"https:\/\/creddo.com\/se\/wp-json\/wp\/v2\/users\/15"}],"replies":[{"embeddable":true,"href":"https:\/\/creddo.com\/se\/wp-json\/wp\/v2\/comments?post=1141"}],"version-history":[{"count":228,"href":"https:\/\/creddo.com\/se\/wp-json\/wp\/v2\/pages\/1141\/revisions"}],"predecessor-version":[{"id":5589,"href":"https:\/\/creddo.com\/se\/wp-json\/wp\/v2\/pages\/1141\/revisions\/5589"}],"wp:attachment":[{"href":"https:\/\/creddo.com\/se\/wp-json\/wp\/v2\/media?parent=1141"}],"curies":[{"name":"wp","href":"https:\/\/api.w.org\/{rel}","templated":true}]}}