{"id":1183,"date":"2021-03-11T14:23:56","date_gmt":"2021-03-11T13:23:56","guid":{"rendered":"https:\/\/creddo.com\/se\/?page_id=1183"},"modified":"2026-01-05T16:17:32","modified_gmt":"2026-01-05T15:17:32","slug":"stipendium","status":"publish","type":"page","link":"https:\/\/creddo.com\/se\/stipendium\/","title":{"rendered":"Stipendium fr\u00e5n Creddo"},"content":{"rendered":"\n<figure class=\"wp-block-image size-full is-resized\"><img fetchpriority=\"high\" decoding=\"async\" width=\"1290\" height=\"726\" src=\"https:\/\/creddo.com\/se\/wp-content\/uploads\/2021\/11\/creddo-stipendium.jpg\" alt=\"Creddo stipendium\" class=\"wp-image-2081\" style=\"width:645px;height:363px\" srcset=\"https:\/\/creddo.com\/se\/wp-content\/uploads\/2021\/11\/creddo-stipendium.jpg 1290w, https:\/\/creddo.com\/se\/wp-content\/uploads\/2021\/11\/creddo-stipendium-300x169.jpg 300w, https:\/\/creddo.com\/se\/wp-content\/uploads\/2021\/11\/creddo-stipendium-1024x576.jpg 1024w, https:\/\/creddo.com\/se\/wp-content\/uploads\/2021\/11\/creddo-stipendium-768x432.jpg 768w\" sizes=\"(max-width: 1290px) 100vw, 1290px\" \/><\/figure>\n\n\n\n<p><strong><em>Nu \u00e4r ans\u00f6kan \u00f6ppen f\u00f6r Creddos stipendium p\u00e5 10\u202f000 kr<\/em><\/strong>!<\/p>\n\n\n\n<p>Nu finns det m\u00f6jlighet att ans\u00f6ka om ett stipendium p\u00e5 10 000 kr fr\u00e5n <a href=\"https:\/\/creddo.com\/se\/\">Creddo<\/a>.<\/p>\n\n\n\n<p class=\"has-text-align-left\">Stipendiet riktar sig till dig som \u00e4r aktivt studerande p\u00e5 heltid p\u00e5 en svensk h\u00f6gskola eller ett universitet.<\/p>\n\n\n\n<p>Creddos stipendium syftar att belysa f\u00f6retagares <a href=\"https:\/\/creddo.com\/se\/foretagslan\/\">m\u00f6jligheter till f\u00f6retagsl\u00e5n<\/a> och extern finansiering.<\/p>\n\n\n\n<h2 class=\"wp-block-heading\">Vem kan ans\u00f6ka om ett stipendium fr\u00e5n Creddo?<\/h2>\n\n\n\n<p>F\u00f6r att ans\u00f6ka skall du ha skrivit eller skriva en C- eller D-uppsats vid en svensk h\u00f6gskola eller universitet. Du skriver f\u00f6rmodligen uppsatsen inom ramen f\u00f6r f\u00f6retagsekonomi samt redovisning eller ekonomistyrning men \u00e4ven uppsatser inom ramen f\u00f6r utbildningar inom entrepren\u00f6rskap eller marknadsf\u00f6ring \u00e4r v\u00e4lkomna.&nbsp;<\/p>\n\n\n\n<p>Studier ska bedrivas p\u00e5 heltid och du ska vara folkbokf\u00f6rd i Sverige.<\/p>\n\n\n\n<h3 class=\"wp-block-heading\">Hur stort \u00e4r stipendiumet fr\u00e5n Creddo?<\/h3>\n\n\n\n<p>Aktuell stipendiesumma \u00e4r 10 000 kr.<\/p>\n\n\n\n<h3 class=\"wp-block-heading\">Hur ans\u00f6ker man?<\/h3>\n\n\n\n<p>F\u00f6r att ans\u00f6ka, skicka din ans\u00f6kan via e-post till <strong><a href=\"kundservice@creddo.se\">kundservice@creddo.se<\/a><\/strong>.<br>Vi ser fram emot din ans\u00f6kan<\/p>\n\n\n\n<p>Ange f\u00f6ljande saker i din ans\u00f6kan:<\/p>\n\n\n\n<ul class=\"wp-block-list\">\n<li>Kontaktuppgifter\/namn<\/li>\n\n\n\n<li>Program\/utbildningsinriktning<\/li>\n\n\n\n<li>Vilket universitet\/h\u00f6gskola (bifoga ett studentintyg fr\u00e5n ditt universitet)<\/li>\n\n\n\n<li>Titel p\u00e5 uppsatsen<\/li>\n\n\n\n<li>En motivering p\u00e5 max 400 ord till varf\u00f6r du b\u00f6r utdelas stipendiet. <br><\/li>\n<\/ul>\n\n\n\n<h3 class=\"wp-block-heading\" id=\"h-villkor\">Villkor<\/h3>\n\n\n\n<ul class=\"wp-block-list\">\n<li>Endast en ans\u00f6kan genom mail till angiven mailadress per person eller projekt\/uppsatts godtas. Ans\u00f6ker fler personer ihop skall detta framg\u00e5 i mailet.<\/li>\n\n\n\n<li>Mottagaren av stipendiet kan vara en eller flera individer som gemensamt ans\u00f6ker med en uppsats eller ett projekt.<\/li>\n\n\n\n<li>Stipendiesumman \u00e4r totalt 10,000 SEK och den utbetalas vid ett tillf\u00e4lle till ett bankkonto som st\u00e5r i mottagarens namn. <\/li>\n\n\n\n<li>Eventuell skatt p\u00e5 stipendiumsumman betalas utav mottagaren.<\/li>\n\n\n\n<li>Endast ans\u00f6kningar inskickade under angiven ans\u00f6kningsperioden \u00e4r kvalificerade f\u00f6r stipendiet.<\/li>\n\n\n\n<li>Creddo kan komma att utf\u00f6ra en identitetskontroll av den som ans\u00f6ker om stipendiet, f\u00f6r att s\u00e4kerhetsst\u00e4lla att det \u00e4r en beh\u00f6rig person.<\/li>\n\n\n\n<li>Personuppgifter behandlas enligt <a href=\"https:\/\/creddo.com\/se\/personuppgiftspolicy\/\">v\u00e5r personuppgiftspolicy<\/a> i enlighet med GDPR. Personuppgifter angivna i syfte att ans\u00f6ka om Creddos stipendium behandlas endast i syfte att bed\u00f6ma stipendieans\u00f6kningar och f\u00f6r att utse en vinnare.<\/li>\n\n\n\n<li>Mottagare av stipendiet utses av medarbetare p\u00e5 Creddo, beslutet av vinnare g\u00e5r inte att \u00f6verklaga.<\/li>\n<\/ul>\n\n\n\n<h2 class=\"wp-block-heading\" id=\"h-tidigare-mottagare\">Tidigare mottagare<\/h2>\n\n\n\n<p>H\u00e4r presenteras tidigare mottagare av Creddos stipendium.<\/p>\n\n\n<div class=\"wp-block-image is-style-default\">\n<figure class=\"alignleft size-full is-resized\"><img decoding=\"async\" width=\"871\" height=\"902\" src=\"https:\/\/creddo.com\/se\/wp-content\/uploads\/2021\/11\/vinnare-creddo-stipendium-2021.jpg\" alt=\"Corentin Arnou och Marcus Hammarstedt, vinnare av Creddos stipendium 2021\" class=\"wp-image-2180\" style=\"width:218px;height:226px\" srcset=\"https:\/\/creddo.com\/se\/wp-content\/uploads\/2021\/11\/vinnare-creddo-stipendium-2021.jpg 871w, https:\/\/creddo.com\/se\/wp-content\/uploads\/2021\/11\/vinnare-creddo-stipendium-2021-290x300.jpg 290w, https:\/\/creddo.com\/se\/wp-content\/uploads\/2021\/11\/vinnare-creddo-stipendium-2021-768x795.jpg 768w\" sizes=\"(max-width: 871px) 100vw, 871px\" \/><\/figure><\/div>\n\n\n<blockquote class=\"wp-block-quote is-layout-flow wp-block-quote-is-layout-flow\">\n<p><\/p>\n\n\n\n<p>&#8221;<em>Vi \u00e4r verkligen glada \u00f6ver att v\u00e5r uppsats uts\u00e5gs till vinnare av Creddos uppsatsstipendium! Vi hoppas att v\u00e5rt arbete\u00a0kan bidra till \u00f6kad\u00a0f\u00f6rst\u00e5else f\u00f6r h\u00e5llbara bolags tillg\u00e5ng till kapital. H\u00e5llbarhet \u00e4r v\u00e5r tids viktigaste utmaning och det finns mycket att l\u00e4ra. Tack Creddo f\u00f6r priset!<\/em>&#8221;<br><\/p>\n<cite><strong>Corentin Arnou och Marcus Hammarstedt, vinnare av Creddos stipendium 2021.<\/strong><\/cite><\/blockquote>\n\n\n\n<div style=\"height:14px\" aria-hidden=\"true\" class=\"wp-block-spacer\"><\/div>\n","protected":false},"excerpt":{"rendered":"<p>Nu \u00e4r ans\u00f6kan \u00f6ppen f\u00f6r Creddos stipendium p\u00e5 10\u202f000 kr! Nu finns det m\u00f6jlighet att ans\u00f6ka om ett stipendium p\u00e5 10 000 kr fr\u00e5n Creddo. Stipendiet riktar sig till dig som \u00e4r aktivt studerande p\u00e5 heltid p\u00e5 en svensk h\u00f6gskola eller ett universitet. Creddos stipendium syftar att belysa f\u00f6retagares m\u00f6jligheter till f\u00f6retagsl\u00e5n och extern finansiering. [&hellip;]<\/p>\n","protected":false},"author":8,"featured_media":2081,"parent":0,"menu_order":0,"comment_status":"closed","ping_status":"closed","template":"creddopage.php","meta":{"_acf_changed":false,"footnotes":""},"class_list":["post-1183","page","type-page","status-publish","has-post-thumbnail","hentry"],"acf":[],"yoast_head":"<!-- This site is optimized with the Yoast SEO Premium plugin v26.6 (Yoast SEO v26.8) - https:\/\/yoast.com\/product\/yoast-seo-premium-wordpress\/ -->\n<title>Stipendium Creddo - F\u00f6r dig som l\u00e4ser f\u00f6retagsekonomi<\/title>\n<meta name=\"description\" content=\"Vi p\u00e5 Creddo tycker att studier \u00e4r viktigt. D\u00e4rf\u00f6r finns det m\u00f6jlighet f\u00f6r dig som \u00e4r student att ans\u00f6ka om ett stipendium fr\u00e5n oss.\" \/>\n<meta name=\"robots\" content=\"index, follow, max-snippet:-1, max-image-preview:large, max-video-preview:-1\" \/>\n<link rel=\"canonical\" href=\"https:\/\/creddo.com\/se\/stipendium\/\" \/>\n<meta property=\"og:locale\" content=\"sv_SE\" \/>\n<meta property=\"og:type\" content=\"article\" \/>\n<meta property=\"og:title\" content=\"Stipendium fr\u00e5n Creddo\" \/>\n<meta property=\"og:description\" content=\"Nu \u00e4r ans\u00f6kan \u00f6ppen f\u00f6r Creddos stipendium p\u00e5 10\u202f000 kr! Nu finns det m\u00f6jlighet att ans\u00f6ka om ett stipendium p\u00e5 10 000 kr fr\u00e5n Creddo. Stipendiet riktar\" \/>\n<meta property=\"og:url\" content=\"https:\/\/creddo.com\/se\/stipendium\/\" \/>\n<meta property=\"og:site_name\" content=\"Creddo\" \/>\n<meta property=\"article:publisher\" content=\"https:\/\/www.facebook.com\/creddose\" \/>\n<meta property=\"article:modified_time\" content=\"2026-01-05T15:17:32+00:00\" \/>\n<meta property=\"og:image\" content=\"https:\/\/creddo.com\/se\/wp-content\/uploads\/2021\/11\/creddo-stipendium.jpg\" \/>\n\t<meta property=\"og:image:width\" content=\"1290\" \/>\n\t<meta property=\"og:image:height\" content=\"726\" \/>\n\t<meta property=\"og:image:type\" content=\"image\/jpeg\" \/>\n<meta name=\"twitter:card\" content=\"summary_large_image\" \/>\n<meta name=\"twitter:label1\" content=\"Ber\u00e4knad l\u00e4stid\" \/>\n\t<meta name=\"twitter:data1\" content=\"3 minuter\" \/>\n<script type=\"application\/ld+json\" class=\"yoast-schema-graph\">{\"@context\":\"https:\/\/schema.org\",\"@graph\":[{\"@type\":\"WebPage\",\"@id\":\"https:\/\/creddo.com\/se\/stipendium\/\",\"url\":\"https:\/\/creddo.com\/se\/stipendium\/\",\"name\":\"Stipendium Creddo - F\u00f6r dig som l\u00e4ser f\u00f6retagsekonomi\",\"isPartOf\":{\"@id\":\"https:\/\/creddo.com\/se\/#website\"},\"primaryImageOfPage\":{\"@id\":\"https:\/\/creddo.com\/se\/stipendium\/#primaryimage\"},\"image\":{\"@id\":\"https:\/\/creddo.com\/se\/stipendium\/#primaryimage\"},\"thumbnailUrl\":\"https:\/\/creddo.com\/se\/wp-content\/uploads\/2021\/11\/creddo-stipendium.jpg\",\"datePublished\":\"2021-03-11T13:23:56+00:00\",\"dateModified\":\"2026-01-05T15:17:32+00:00\",\"description\":\"Vi p\u00e5 Creddo tycker att studier \u00e4r viktigt. D\u00e4rf\u00f6r finns det m\u00f6jlighet f\u00f6r dig som \u00e4r student att ans\u00f6ka om ett stipendium fr\u00e5n oss.\",\"breadcrumb\":{\"@id\":\"https:\/\/creddo.com\/se\/stipendium\/#breadcrumb\"},\"inLanguage\":\"sv-SE\",\"potentialAction\":[{\"@type\":\"ReadAction\",\"target\":[\"https:\/\/creddo.com\/se\/stipendium\/\"]}]},{\"@type\":\"ImageObject\",\"inLanguage\":\"sv-SE\",\"@id\":\"https:\/\/creddo.com\/se\/stipendium\/#primaryimage\",\"url\":\"https:\/\/creddo.com\/se\/wp-content\/uploads\/2021\/11\/creddo-stipendium.jpg\",\"contentUrl\":\"https:\/\/creddo.com\/se\/wp-content\/uploads\/2021\/11\/creddo-stipendium.jpg\",\"width\":1290,\"height\":726,\"caption\":\"Creddo stipendium\"},{\"@type\":\"BreadcrumbList\",\"@id\":\"https:\/\/creddo.com\/se\/stipendium\/#breadcrumb\",\"itemListElement\":[{\"@type\":\"ListItem\",\"position\":1,\"name\":\"Creddo.com\",\"item\":\"https:\/\/creddo.com\/se\/\"},{\"@type\":\"ListItem\",\"position\":2,\"name\":\"Stipendium fr\u00e5n Creddo\"}]},{\"@type\":\"WebSite\",\"@id\":\"https:\/\/creddo.com\/se\/#website\",\"url\":\"https:\/\/creddo.com\/se\/\",\"name\":\"Creddo\",\"description\":\"J\u00e4mf\u00f6r f\u00f6retagsl\u00e5n upp till 10 miljoner\",\"publisher\":{\"@id\":\"https:\/\/creddo.com\/se\/#organization\"},\"potentialAction\":[{\"@type\":\"SearchAction\",\"target\":{\"@type\":\"EntryPoint\",\"urlTemplate\":\"https:\/\/creddo.com\/se\/?s={search_term_string}\"},\"query-input\":{\"@type\":\"PropertyValueSpecification\",\"valueRequired\":true,\"valueName\":\"search_term_string\"}}],\"inLanguage\":\"sv-SE\"},{\"@type\":\"Organization\",\"@id\":\"https:\/\/creddo.com\/se\/#organization\",\"name\":\"Creddo AB\",\"url\":\"https:\/\/creddo.com\/se\/\",\"logo\":{\"@type\":\"ImageObject\",\"inLanguage\":\"sv-SE\",\"@id\":\"https:\/\/creddo.com\/se\/#\/schema\/logo\/image\/\",\"url\":\"https:\/\/creddo.com\/se\/wp-content\/uploads\/2024\/04\/Creddo-logo-square.png\",\"contentUrl\":\"https:\/\/creddo.com\/se\/wp-content\/uploads\/2024\/04\/Creddo-logo-square.png\",\"width\":720,\"height\":720,\"caption\":\"Creddo AB\"},\"image\":{\"@id\":\"https:\/\/creddo.com\/se\/#\/schema\/logo\/image\/\"},\"sameAs\":[\"https:\/\/www.facebook.com\/creddose\",\"https:\/\/www.linkedin.com\/company\/creddo-ab\/\"]}]}<\/script>\n<!-- \/ Yoast SEO Premium plugin. -->","yoast_head_json":{"title":"Stipendium Creddo - F\u00f6r dig som l\u00e4ser f\u00f6retagsekonomi","description":"Vi p\u00e5 Creddo tycker att studier \u00e4r viktigt. D\u00e4rf\u00f6r finns det m\u00f6jlighet f\u00f6r dig som \u00e4r student att ans\u00f6ka om ett stipendium fr\u00e5n oss.","robots":{"index":"index","follow":"follow","max-snippet":"max-snippet:-1","max-image-preview":"max-image-preview:large","max-video-preview":"max-video-preview:-1"},"canonical":"https:\/\/creddo.com\/se\/stipendium\/","og_locale":"sv_SE","og_type":"article","og_title":"Stipendium fr\u00e5n Creddo","og_description":"Nu \u00e4r ans\u00f6kan \u00f6ppen f\u00f6r Creddos stipendium p\u00e5 10\u202f000 kr! Nu finns det m\u00f6jlighet att ans\u00f6ka om ett stipendium p\u00e5 10 000 kr fr\u00e5n Creddo. Stipendiet riktar","og_url":"https:\/\/creddo.com\/se\/stipendium\/","og_site_name":"Creddo","article_publisher":"https:\/\/www.facebook.com\/creddose","article_modified_time":"2026-01-05T15:17:32+00:00","og_image":[{"width":1290,"height":726,"url":"https:\/\/creddo.com\/se\/wp-content\/uploads\/2021\/11\/creddo-stipendium.jpg","type":"image\/jpeg"}],"twitter_card":"summary_large_image","twitter_misc":{"Ber\u00e4knad l\u00e4stid":"3 minuter"},"schema":{"@context":"https:\/\/schema.org","@graph":[{"@type":"WebPage","@id":"https:\/\/creddo.com\/se\/stipendium\/","url":"https:\/\/creddo.com\/se\/stipendium\/","name":"Stipendium Creddo - F\u00f6r dig som l\u00e4ser f\u00f6retagsekonomi","isPartOf":{"@id":"https:\/\/creddo.com\/se\/#website"},"primaryImageOfPage":{"@id":"https:\/\/creddo.com\/se\/stipendium\/#primaryimage"},"image":{"@id":"https:\/\/creddo.com\/se\/stipendium\/#primaryimage"},"thumbnailUrl":"https:\/\/creddo.com\/se\/wp-content\/uploads\/2021\/11\/creddo-stipendium.jpg","datePublished":"2021-03-11T13:23:56+00:00","dateModified":"2026-01-05T15:17:32+00:00","description":"Vi p\u00e5 Creddo tycker att studier \u00e4r viktigt. D\u00e4rf\u00f6r finns det m\u00f6jlighet f\u00f6r dig som \u00e4r student att ans\u00f6ka om ett stipendium fr\u00e5n oss.","breadcrumb":{"@id":"https:\/\/creddo.com\/se\/stipendium\/#breadcrumb"},"inLanguage":"sv-SE","potentialAction":[{"@type":"ReadAction","target":["https:\/\/creddo.com\/se\/stipendium\/"]}]},{"@type":"ImageObject","inLanguage":"sv-SE","@id":"https:\/\/creddo.com\/se\/stipendium\/#primaryimage","url":"https:\/\/creddo.com\/se\/wp-content\/uploads\/2021\/11\/creddo-stipendium.jpg","contentUrl":"https:\/\/creddo.com\/se\/wp-content\/uploads\/2021\/11\/creddo-stipendium.jpg","width":1290,"height":726,"caption":"Creddo stipendium"},{"@type":"BreadcrumbList","@id":"https:\/\/creddo.com\/se\/stipendium\/#breadcrumb","itemListElement":[{"@type":"ListItem","position":1,"name":"Creddo.com","item":"https:\/\/creddo.com\/se\/"},{"@type":"ListItem","position":2,"name":"Stipendium fr\u00e5n Creddo"}]},{"@type":"WebSite","@id":"https:\/\/creddo.com\/se\/#website","url":"https:\/\/creddo.com\/se\/","name":"Creddo","description":"J\u00e4mf\u00f6r f\u00f6retagsl\u00e5n upp till 10 miljoner","publisher":{"@id":"https:\/\/creddo.com\/se\/#organization"},"potentialAction":[{"@type":"SearchAction","target":{"@type":"EntryPoint","urlTemplate":"https:\/\/creddo.com\/se\/?s={search_term_string}"},"query-input":{"@type":"PropertyValueSpecification","valueRequired":true,"valueName":"search_term_string"}}],"inLanguage":"sv-SE"},{"@type":"Organization","@id":"https:\/\/creddo.com\/se\/#organization","name":"Creddo AB","url":"https:\/\/creddo.com\/se\/","logo":{"@type":"ImageObject","inLanguage":"sv-SE","@id":"https:\/\/creddo.com\/se\/#\/schema\/logo\/image\/","url":"https:\/\/creddo.com\/se\/wp-content\/uploads\/2024\/04\/Creddo-logo-square.png","contentUrl":"https:\/\/creddo.com\/se\/wp-content\/uploads\/2024\/04\/Creddo-logo-square.png","width":720,"height":720,"caption":"Creddo AB"},"image":{"@id":"https:\/\/creddo.com\/se\/#\/schema\/logo\/image\/"},"sameAs":["https:\/\/www.facebook.com\/creddose","https:\/\/www.linkedin.com\/company\/creddo-ab\/"]}]}},"lang":"sv","translations":{"sv":1183},"pll_sync_post":[],"_links":{"self":[{"href":"https:\/\/creddo.com\/se\/wp-json\/wp\/v2\/pages\/1183","targetHints":{"allow":["GET"]}}],"collection":[{"href":"https:\/\/creddo.com\/se\/wp-json\/wp\/v2\/pages"}],"about":[{"href":"https:\/\/creddo.com\/se\/wp-json\/wp\/v2\/types\/page"}],"author":[{"embeddable":true,"href":"https:\/\/creddo.com\/se\/wp-json\/wp\/v2\/users\/8"}],"replies":[{"embeddable":true,"href":"https:\/\/creddo.com\/se\/wp-json\/wp\/v2\/comments?post=1183"}],"version-history":[{"count":50,"href":"https:\/\/creddo.com\/se\/wp-json\/wp\/v2\/pages\/1183\/revisions"}],"predecessor-version":[{"id":4623,"href":"https:\/\/creddo.com\/se\/wp-json\/wp\/v2\/pages\/1183\/revisions\/4623"}],"wp:featuredmedia":[{"embeddable":true,"href":"https:\/\/creddo.com\/se\/wp-json\/wp\/v2\/media\/2081"}],"wp:attachment":[{"href":"https:\/\/creddo.com\/se\/wp-json\/wp\/v2\/media?parent=1183"}],"curies":[{"name":"wp","href":"https:\/\/api.w.org\/{rel}","templated":true}]}}