{"id":1398,"date":"2021-05-04T17:12:08","date_gmt":"2021-05-04T15:12:08","guid":{"rendered":"https:\/\/creddo.com\/se\/?page_id=1398"},"modified":"2026-02-18T14:33:53","modified_gmt":"2026-02-18T13:33:53","slug":"om-partner","status":"publish","type":"page","link":"https:\/\/creddo.com\/se\/om-partner\/","title":{"rendered":"Erbjudande f\u00f6r Creddo Partners"},"content":{"rendered":"\n<p>Creddo \u00e4r en l\u00e5nef\u00f6rmedlare inom f\u00f6retagsl\u00e5n som hj\u00e4lper sm\u00e5 och medelstora f\u00f6retag att navigera sig fram till r\u00e4tt finansiering. Vi lanserar nu tj\u00e4nsten Creddo Partner (till exempel <a href=\"https:\/\/creddo.com\/se\/creddo-partner\/linneekonomi\/\">Linn\u00e9 Ekonomi<\/a>), s\u00e5 att du genom att registrera dig som partner till Creddo enkelt kan hj\u00e4lpa dina kunder att hitta r\u00e4tt l\u00e5n och f\u00e5 provision p\u00e5 f\u00f6rmedlad aff\u00e4r.&nbsp;<\/p>\n\n\n\n<h3 class=\"wp-block-heading\" id=\"h-guide-for-creddo-partner-nbsp\"><strong>Guide f\u00f6r Creddo Partner&nbsp;<\/strong><\/h3>\n\n\n\n<p>Genom att fylla i formul\u00e4ret anm\u00e4ler du dig som partner och f\u00e5r en l\u00e4nk skickad till din registrerade e-post.<strong> <\/strong>N\u00e4r du eller din kund anv\u00e4nder l\u00e4nken f\u00f6r att g\u00f6ra en ans\u00f6kan kan vi h\u00e4rleda detta till er.&nbsp;<\/p>\n\n\n\n<p>Nedan hur processen fr\u00e5n registrering till fakturering av ers\u00e4ttning g\u00e5r till steg f\u00f6r steg.&nbsp;&nbsp;<\/p>\n\n\n\n<h6 class=\"wp-block-heading\" id=\"h-1-teckna-er-som-partner\">1. Teckna er som partner<\/h6>\n\n\n\n<h6 class=\"wp-block-heading\">2. Erh\u00e5ll l\u00e4nk via angiven mail<\/h6>\n\n\n\n<h6 class=\"wp-block-heading\">3. Anv\u00e4nd l\u00e4nk i kommunikation med f\u00f6retagare i behov av finansiering<\/h6>\n\n\n\n<h6 class=\"wp-block-heading\">4. L\u00e4nken sp\u00e5rar ans\u00f6kningar &amp; utbetalningar<\/h6>\n\n\n\n<h6 class=\"wp-block-heading\">5. Faktureringsunderlag f\u00f6r ers\u00e4ttning skickas m\u00e5nadsvis fr\u00e5n Creddo<\/h6>\n\n\n\n<h6 class=\"wp-block-heading\">6. Rapport av resultat skickas kvartalsvis fr\u00e5n Creddo&nbsp;<\/h6>\n\n\n\n<h3 class=\"wp-block-heading\" id=\"h-vad-gor-creddo\"><strong>Vad g\u00f6r Creddo<\/strong><\/h3>\n\n\n\n<p>Creddo ger f\u00f6retagare m\u00f6jlighet att snabbt och enkelt j\u00e4mf\u00f6ra f\u00f6retagets l\u00e5neutrymme och hitta r\u00e4tt l\u00e5ngivare f\u00f6r f\u00f6retagsfinansiering. Vi \u00e4r registrerade hos finansinspektionen liksom alla v\u00e5ra l\u00e5ngivare och har hittills hj\u00e4lpt f\u00f6rmedla ungef\u00e4r 7% av f\u00f6retagsakutens f\u00f6rdelade medel.<\/p>\n\n\n\n<p>Med en ans\u00f6kan tas en kreditpr\u00f6vning p\u00e5 bolaget och skickas till v\u00e5ra 25+ l\u00e5ngivare. Inom 24h \u00e4r ans\u00f6kan f\u00e4rdigbehandlad och f\u00f6retagaren kan via \u201cmina sidor\u201d se och j\u00e4mf\u00f6ra de f\u00f6rslag som inkommit. Ans\u00f6kan \u00e4r kostnadsfri och inte bindande.\u00a0<br><br>S\u00e5 h\u00e4r ser processen ut fr\u00e5n ans\u00f6kan till utbetalning f\u00f6r en f\u00f6retagare;<\/p>\n\n\n\n<h6 class=\"wp-block-heading\" id=\"h-1-ansokan\">1. <strong>Ans\u00f6kan<\/strong><\/h6>\n\n\n\n<p>F\u00f6retagaren laddar upp efterfr\u00e5gad information f\u00f6r korrekt bed\u00f6mning, s\u00e5som Balans &amp; Resultatr\u00e4kning.<\/p>\n\n\n\n<h6 class=\"wp-block-heading\" id=\"h-2-besked\">2. <strong>Besked<\/strong><\/h6>\n\n\n\n<p>Inom 24h \u00e4r f\u00f6retagarens ans\u00f6kan klar. P\u00e5 &#8221;mina sidor&#8221; kan f\u00f6retagaren se sina erbjudanden och j\u00e4mf\u00f6ra till exempel kostnader, r\u00e4ntor och beviljad l\u00e5netid.<\/p>\n\n\n\n<h6 class=\"wp-block-heading\" id=\"h-3-val\">3. <strong>Val<\/strong><\/h6>\n\n\n\n<p>F\u00f6retagaren v\u00e4ljer (vid intresse) det erbjudande som passar f\u00f6retaget b\u00e4st.<\/p>\n\n\n\n<h6 class=\"wp-block-heading\">4. <strong>Personlig kontakt<\/strong><\/h6>\n\n\n\n<p>F\u00f6retagaren blir kontaktad av sin valda l\u00e5ngivare, och signerar avtal n\u00e4r de \u00e4r \u00f6verens om villkor.<\/p>\n\n\n\n<h6 class=\"wp-block-heading\" id=\"h-5-utbetalning\">5. <strong>Utbetalning<\/strong><\/h6>\n\n\n\n<p>Kan ske samma dag upp till 2 dagar fr\u00e5n signerat avtal beroende p\u00e5 vilken bank f\u00f6retagaren har.<\/p>\n\n\n\n<h3 class=\"wp-block-heading\" id=\"h-om-creddo-nbsp\"><strong>Om Creddo<\/strong>&nbsp;<\/h3>\n\n\n\n<p>Att enkelt kunna j\u00e4mf\u00f6ra sina olika alternativ oavsett produkt\/tj\u00e4nst \u00e4r numera vardag f\u00f6r konsumenter. Vi p\u00e5 Creddo, som alla har erfarenhet av att driva bolag, fr\u00e5gade oss varf\u00f6r det ska vara s\u00e5 mycket sv\u00e5rare att j\u00e4mf\u00f6ra sina valm\u00f6jligheter som f\u00f6retagare \u00e4n som konsument.<\/p>\n\n\n\n<p>En av de mest grundl\u00e4ggande f\u00f6ruts\u00e4ttningarna f\u00f6r bolag \u00e4r att kunna finansiera sin verksamhet. Det b\u00f6r d\u00e4rf\u00f6r vara enkelt att j\u00e4mf\u00f6ra sina olika alternativ n\u00e4r det kommer till f\u00f6retagsl\u00e5n. L\u00f6sningen blev helt enkelt att starta Creddo!<\/p>\n\n\n\n<p>Vi som grundat Creddo har erfarenhet fr\u00e5n f\u00f6rmedlingstj\u00e4nster och fintech vilket ger oss unika f\u00f6rdelar f\u00f6r att ta branschen in i den digitala framtiden och hj\u00e4lpa sm\u00e5- och medelstora f\u00f6retag hitta s\u00e5 bra l\u00e5nealternativ som m\u00f6jligt.<\/p>\n\n\n\n<div style=\"height:100px\" aria-hidden=\"true\" class=\"wp-block-spacer\"><\/div>\n\n\n\n<div class=\"wp-block-buttons is-horizontal is-content-justification-center is-layout-flex wp-container-core-buttons-is-layout-1 wp-block-buttons-is-layout-flex\">\n<div class=\"wp-block-button has-custom-width wp-block-button__width-50 is-style-fill\"><a class=\"wp-block-button__link has-white-color has-text-color has-background wp-element-button\" href=\"https:\/\/creddo.com\/se\/loan\/partner\" style=\"border-radius:50px;background-color:#2b7df6\"><span style=\"background-color:rgba(0, 0, 0, 0)\" class=\"has-inline-color has-white-color\">Registrera dig som partner<\/span><\/a><\/div>\n<\/div>\n\n\n\n<div class=\"wp-block-buttons is-horizontal is-content-justification-center is-layout-flex wp-container-core-buttons-is-layout-2 wp-block-buttons-is-layout-flex\"><\/div>\n\n\n\n<p><\/p>\n","protected":false},"excerpt":{"rendered":"<p>Creddo \u00e4r en l\u00e5nef\u00f6rmedlare inom f\u00f6retagsl\u00e5n som hj\u00e4lper sm\u00e5 och medelstora f\u00f6retag att navigera sig fram till r\u00e4tt finansiering. Vi lanserar nu tj\u00e4nsten Creddo Partner (till exempel Linn\u00e9 Ekonomi), s\u00e5 att du genom att registrera dig som partner till Creddo enkelt kan hj\u00e4lpa dina kunder att hitta r\u00e4tt l\u00e5n och f\u00e5 provision p\u00e5 f\u00f6rmedlad aff\u00e4r.&nbsp; [&hellip;]<\/p>\n","protected":false},"author":8,"featured_media":0,"parent":0,"menu_order":0,"comment_status":"closed","ping_status":"closed","template":"creddopage.php","meta":{"_acf_changed":false,"_uag_custom_page_level_css":"","footnotes":""},"class_list":["post-1398","page","type-page","status-publish","hentry"],"acf":[],"yoast_head":"<!-- This site is optimized with the Yoast SEO Premium plugin v26.6 (Yoast SEO v26.8) - https:\/\/yoast.com\/product\/yoast-seo-premium-wordpress\/ -->\n<title>Creddo partner - Creddo.com<\/title>\n<meta name=\"description\" content=\"P\u00e5 Creddo kan du j\u00e4mf\u00f6ra f\u00f6retagsl\u00e5n och hitta de b\u00e4sta villkoren p\u00e5 marknaden.\" \/>\n<meta name=\"robots\" content=\"noindex, nofollow\" \/>\n<meta property=\"og:locale\" content=\"sv_SE\" \/>\n<meta property=\"og:type\" content=\"article\" \/>\n<meta property=\"og:title\" content=\"Erbjudande f\u00f6r Creddo Partners\" \/>\n<meta property=\"og:description\" content=\"Creddo \u00e4r en l\u00e5nef\u00f6rmedlare inom f\u00f6retagsl\u00e5n som hj\u00e4lper sm\u00e5 och medelstora f\u00f6retag att navigera sig fram till r\u00e4tt finansiering. Vi lanserar nu tj\u00e4nsten\" \/>\n<meta property=\"og:url\" content=\"https:\/\/creddo.com\/se\/om-partner\/\" \/>\n<meta property=\"og:site_name\" content=\"Creddo\" \/>\n<meta property=\"article:publisher\" content=\"https:\/\/www.facebook.com\/creddose\" \/>\n<meta property=\"article:modified_time\" content=\"2026-02-18T13:33:53+00:00\" \/>\n<meta property=\"og:image\" content=\"https:\/\/creddo.com\/se\/wp-content\/uploads\/2024\/07\/52.jpg\" \/>\n\t<meta property=\"og:image:width\" content=\"1200\" \/>\n\t<meta property=\"og:image:height\" content=\"630\" \/>\n\t<meta property=\"og:image:type\" content=\"image\/jpeg\" \/>\n<meta name=\"twitter:card\" content=\"summary_large_image\" \/>\n<meta name=\"twitter:label1\" content=\"Ber\u00e4knad l\u00e4stid\" \/>\n\t<meta name=\"twitter:data1\" content=\"3 minuter\" \/>\n<script type=\"application\/ld+json\" class=\"yoast-schema-graph\">{\"@context\":\"https:\/\/schema.org\",\"@graph\":[{\"@type\":\"WebPage\",\"@id\":\"https:\/\/creddo.com\/se\/om-partner\/\",\"url\":\"https:\/\/creddo.com\/se\/om-partner\/\",\"name\":\"Creddo partner - Creddo.com\",\"isPartOf\":{\"@id\":\"https:\/\/creddo.com\/se\/#website\"},\"datePublished\":\"2021-05-04T15:12:08+00:00\",\"dateModified\":\"2026-02-18T13:33:53+00:00\",\"description\":\"P\u00e5 Creddo kan du j\u00e4mf\u00f6ra f\u00f6retagsl\u00e5n och hitta de b\u00e4sta villkoren p\u00e5 marknaden.\",\"breadcrumb\":{\"@id\":\"https:\/\/creddo.com\/se\/om-partner\/#breadcrumb\"},\"inLanguage\":\"sv-SE\",\"potentialAction\":[{\"@type\":\"ReadAction\",\"target\":[\"https:\/\/creddo.com\/se\/om-partner\/\"]}]},{\"@type\":\"BreadcrumbList\",\"@id\":\"https:\/\/creddo.com\/se\/om-partner\/#breadcrumb\",\"itemListElement\":[{\"@type\":\"ListItem\",\"position\":1,\"name\":\"Creddo.com\",\"item\":\"https:\/\/creddo.com\/se\/\"},{\"@type\":\"ListItem\",\"position\":2,\"name\":\"Erbjudande f\u00f6r Creddo Partners\"}]},{\"@type\":\"WebSite\",\"@id\":\"https:\/\/creddo.com\/se\/#website\",\"url\":\"https:\/\/creddo.com\/se\/\",\"name\":\"Creddo\",\"description\":\"J\u00e4mf\u00f6r f\u00f6retagsl\u00e5n upp till 10 miljoner\",\"publisher\":{\"@id\":\"https:\/\/creddo.com\/se\/#organization\"},\"potentialAction\":[{\"@type\":\"SearchAction\",\"target\":{\"@type\":\"EntryPoint\",\"urlTemplate\":\"https:\/\/creddo.com\/se\/?s={search_term_string}\"},\"query-input\":{\"@type\":\"PropertyValueSpecification\",\"valueRequired\":true,\"valueName\":\"search_term_string\"}}],\"inLanguage\":\"sv-SE\"},{\"@type\":\"Organization\",\"@id\":\"https:\/\/creddo.com\/se\/#organization\",\"name\":\"Creddo AB\",\"url\":\"https:\/\/creddo.com\/se\/\",\"logo\":{\"@type\":\"ImageObject\",\"inLanguage\":\"sv-SE\",\"@id\":\"https:\/\/creddo.com\/se\/#\/schema\/logo\/image\/\",\"url\":\"https:\/\/creddo.com\/se\/wp-content\/uploads\/2024\/04\/Creddo-logo-square.png\",\"contentUrl\":\"https:\/\/creddo.com\/se\/wp-content\/uploads\/2024\/04\/Creddo-logo-square.png\",\"width\":720,\"height\":720,\"caption\":\"Creddo AB\"},\"image\":{\"@id\":\"https:\/\/creddo.com\/se\/#\/schema\/logo\/image\/\"},\"sameAs\":[\"https:\/\/www.facebook.com\/creddose\",\"https:\/\/www.linkedin.com\/company\/creddo-ab\/\"]}]}<\/script>\n<!-- \/ Yoast SEO Premium plugin. -->","yoast_head_json":{"title":"Creddo partner - Creddo.com","description":"P\u00e5 Creddo kan du j\u00e4mf\u00f6ra f\u00f6retagsl\u00e5n och hitta de b\u00e4sta villkoren p\u00e5 marknaden.","robots":{"index":"noindex","follow":"nofollow"},"og_locale":"sv_SE","og_type":"article","og_title":"Erbjudande f\u00f6r Creddo Partners","og_description":"Creddo \u00e4r en l\u00e5nef\u00f6rmedlare inom f\u00f6retagsl\u00e5n som hj\u00e4lper sm\u00e5 och medelstora f\u00f6retag att navigera sig fram till r\u00e4tt finansiering. Vi lanserar nu tj\u00e4nsten","og_url":"https:\/\/creddo.com\/se\/om-partner\/","og_site_name":"Creddo","article_publisher":"https:\/\/www.facebook.com\/creddose","article_modified_time":"2026-02-18T13:33:53+00:00","og_image":[{"width":1200,"height":630,"url":"https:\/\/creddo.com\/se\/wp-content\/uploads\/2024\/07\/52.jpg","type":"image\/jpeg"}],"twitter_card":"summary_large_image","twitter_misc":{"Ber\u00e4knad l\u00e4stid":"3 minuter"},"schema":{"@context":"https:\/\/schema.org","@graph":[{"@type":"WebPage","@id":"https:\/\/creddo.com\/se\/om-partner\/","url":"https:\/\/creddo.com\/se\/om-partner\/","name":"Creddo partner - Creddo.com","isPartOf":{"@id":"https:\/\/creddo.com\/se\/#website"},"datePublished":"2021-05-04T15:12:08+00:00","dateModified":"2026-02-18T13:33:53+00:00","description":"P\u00e5 Creddo kan du j\u00e4mf\u00f6ra f\u00f6retagsl\u00e5n och hitta de b\u00e4sta villkoren p\u00e5 marknaden.","breadcrumb":{"@id":"https:\/\/creddo.com\/se\/om-partner\/#breadcrumb"},"inLanguage":"sv-SE","potentialAction":[{"@type":"ReadAction","target":["https:\/\/creddo.com\/se\/om-partner\/"]}]},{"@type":"BreadcrumbList","@id":"https:\/\/creddo.com\/se\/om-partner\/#breadcrumb","itemListElement":[{"@type":"ListItem","position":1,"name":"Creddo.com","item":"https:\/\/creddo.com\/se\/"},{"@type":"ListItem","position":2,"name":"Erbjudande f\u00f6r Creddo Partners"}]},{"@type":"WebSite","@id":"https:\/\/creddo.com\/se\/#website","url":"https:\/\/creddo.com\/se\/","name":"Creddo","description":"J\u00e4mf\u00f6r f\u00f6retagsl\u00e5n upp till 10 miljoner","publisher":{"@id":"https:\/\/creddo.com\/se\/#organization"},"potentialAction":[{"@type":"SearchAction","target":{"@type":"EntryPoint","urlTemplate":"https:\/\/creddo.com\/se\/?s={search_term_string}"},"query-input":{"@type":"PropertyValueSpecification","valueRequired":true,"valueName":"search_term_string"}}],"inLanguage":"sv-SE"},{"@type":"Organization","@id":"https:\/\/creddo.com\/se\/#organization","name":"Creddo AB","url":"https:\/\/creddo.com\/se\/","logo":{"@type":"ImageObject","inLanguage":"sv-SE","@id":"https:\/\/creddo.com\/se\/#\/schema\/logo\/image\/","url":"https:\/\/creddo.com\/se\/wp-content\/uploads\/2024\/04\/Creddo-logo-square.png","contentUrl":"https:\/\/creddo.com\/se\/wp-content\/uploads\/2024\/04\/Creddo-logo-square.png","width":720,"height":720,"caption":"Creddo AB"},"image":{"@id":"https:\/\/creddo.com\/se\/#\/schema\/logo\/image\/"},"sameAs":["https:\/\/www.facebook.com\/creddose","https:\/\/www.linkedin.com\/company\/creddo-ab\/"]}]}},"lang":"sv","translations":{"sv":1398},"uagb_featured_image_src":{"full":false,"thumbnail":false,"medium":false,"medium_large":false,"large":false,"1536x1536":false,"2048x2048":false},"uagb_author_info":{"display_name":"Anndala Ehrstedt","author_link":"https:\/\/creddo.com\/se\/experthornan\/author\/anndala\/"},"uagb_comment_info":0,"uagb_excerpt":"Creddo \u00e4r en l\u00e5nef\u00f6rmedlare inom f\u00f6retagsl\u00e5n som hj\u00e4lper sm\u00e5 och medelstora f\u00f6retag att navigera sig fram till r\u00e4tt finansiering. Vi lanserar nu tj\u00e4nsten Creddo Partner (till exempel Linn\u00e9 Ekonomi), s\u00e5 att du genom att registrera dig som partner till Creddo enkelt kan hj\u00e4lpa dina kunder att hitta r\u00e4tt l\u00e5n och f\u00e5 provision p\u00e5 f\u00f6rmedlad aff\u00e4r.&nbsp;&hellip;","pll_sync_post":[],"_links":{"self":[{"href":"https:\/\/creddo.com\/se\/wp-json\/wp\/v2\/pages\/1398","targetHints":{"allow":["GET"]}}],"collection":[{"href":"https:\/\/creddo.com\/se\/wp-json\/wp\/v2\/pages"}],"about":[{"href":"https:\/\/creddo.com\/se\/wp-json\/wp\/v2\/types\/page"}],"author":[{"embeddable":true,"href":"https:\/\/creddo.com\/se\/wp-json\/wp\/v2\/users\/8"}],"replies":[{"embeddable":true,"href":"https:\/\/creddo.com\/se\/wp-json\/wp\/v2\/comments?post=1398"}],"version-history":[{"count":44,"href":"https:\/\/creddo.com\/se\/wp-json\/wp\/v2\/pages\/1398\/revisions"}],"predecessor-version":[{"id":5511,"href":"https:\/\/creddo.com\/se\/wp-json\/wp\/v2\/pages\/1398\/revisions\/5511"}],"wp:attachment":[{"href":"https:\/\/creddo.com\/se\/wp-json\/wp\/v2\/media?parent=1398"}],"curies":[{"name":"wp","href":"https:\/\/api.w.org\/{rel}","templated":true}]}}