{"id":14,"date":"2019-07-05T15:28:41","date_gmt":"2019-07-05T15:28:41","guid":{"rendered":"http:\/\/creddo.se\/?page_id=11"},"modified":"2025-12-30T16:08:22","modified_gmt":"2025-12-30T15:08:22","slug":"om-creddo","status":"publish","type":"page","link":"https:\/\/creddo.com\/se\/om-creddo\/","title":{"rendered":"Om Creddo"},"content":{"rendered":"\n<p>Creddo \u00e4r en <a href=\"https:\/\/creddo.com\/se\/foretagslan\/laneformedlare\/\">l\u00e5nef\u00f6rmedlare<\/a> som specialiserar sig p\u00e5 att hj\u00e4lpa sm\u00e5- och medelstora f\u00f6retag att hitta <a href=\"https:\/\/creddo.com\/se\/foretagslan\/basta-foretagslanet\/\">b\u00e4sta f\u00f6retagsl\u00e5net<\/a> f\u00f6r sin verksamhet. Vi har sedan starten \u00e5r 2019 hanterat tusentals ans\u00f6kningar om f\u00f6retagsl\u00e5n fr\u00e5n f\u00f6retagare inom flera olika branscher, som till exempel bygg, restaurang, handel &amp; e-handel och h\u00e4lsa &amp; sk\u00f6nhet.<\/p>\n\n\n\n<p>Creddo grundades av ett par svenska entrepren\u00f6rer som sj\u00e4lva har st\u00f6tt p\u00e5 sv\u00e5righeterna med att hitta r\u00e4tt finansiering f\u00f6r mindre bolag. Creddo v\u00e4xte fram som en l\u00f6sning p\u00e5 hur sm\u00e5- och medelstora f\u00f6retag enklare kan j\u00e4mf\u00f6ra och hitta r\u00e4tt f\u00f6retagsl\u00e5n, via en helt digital ans\u00f6kningsprocess. Idag finns vi i Sverige, Finland och Nederl\u00e4nderna med huvudkontor i Stockholm.<\/p>\n\n\n\n<p>F\u00f6r sm\u00e5- och medelstora f\u00f6retag f\u00f6rmedlar vi vanligtvis l\u00e5n fr\u00e5n 10,000 kronor upp till 10 miljoner kronor. P\u00e5 <a href=\"https:\/\/creddo.com\/se\/\">v\u00e5r startsida<\/a> kan du p\u00e5b\u00f6rja en kostnadsfri ans\u00f6kan som ej \u00e4r bindande.<\/p>\n\n\n\n<div class=\"wp-block-group\"><div class=\"wp-block-group__inner-container is-layout-flow wp-block-group-is-layout-flow\"><div class=\"wp-block-image height-auto\">\n<figure class=\"aligncenter size-full is-resized\"><img fetchpriority=\"high\" decoding=\"async\" width=\"1399\" height=\"787\" src=\"https:\/\/creddo.com\/se\/wp-content\/uploads\/2021\/03\/foretagare-planerar-kassaflode.jpg\" alt=\"foretagare planerar kassaflode\" class=\"wp-image-1988\" style=\"width:700px;height:394px\" srcset=\"https:\/\/creddo.com\/se\/wp-content\/uploads\/2021\/03\/foretagare-planerar-kassaflode.jpg 1399w, https:\/\/creddo.com\/se\/wp-content\/uploads\/2021\/03\/foretagare-planerar-kassaflode-300x169.jpg 300w, https:\/\/creddo.com\/se\/wp-content\/uploads\/2021\/03\/foretagare-planerar-kassaflode-1024x576.jpg 1024w, https:\/\/creddo.com\/se\/wp-content\/uploads\/2021\/03\/foretagare-planerar-kassaflode-768x432.jpg 768w\" sizes=\"(max-width: 1399px) 100vw, 1399px\" \/><\/figure><\/div>\n\n\n<h2 class=\"wp-block-heading\" id=\"h-creddo-formedlar-aven-storre-belopp\">Creddo f\u00f6rmedlar \u00e4ven st\u00f6rre belopp<\/h2>\n\n\n\n<p>Ut\u00f6ver v\u00e5rt fokus p\u00e5 sm\u00e5- och medelstora f\u00f6retag har vi \u00e4ven m\u00f6jligheten att hj\u00e4lpa st\u00f6rre f\u00f6retag med en mycket h\u00f6g oms\u00e4ttning att hitta r\u00e4tt l\u00e5n. Vi har tidigare f\u00f6rmedlat l\u00e5n p\u00e5 \u00f6ver 100 miljoner kronor \u2013 om du representerar eller driver ett st\u00f6rre bolag s\u00e5 kan du kontakta v\u00e5ra l\u00e5nespecialister direkt via <a href=\"mailto:kundservice@creddo.se\">kundservice@creddo.se<\/a> eller genom att ringa 010-551 67 02.<\/p>\n\n\n\n<div style=\"height:32px\" aria-hidden=\"true\" class=\"wp-block-spacer\"><\/div>\n\n\n\n<div class=\"wp-block-columns wp-block-columns-logos is-layout-flex wp-container-core-columns-is-layout-1 wp-block-columns-is-layout-flex\">\n<div class=\"wp-block-column is-layout-flow wp-block-column-is-layout-flow\" style=\"flex-basis:50%\"><div class=\"wp-block-image\">\n<figure class=\"aligncenter size-full is-resized\"><a href=\"https:\/\/www.fi.se\/sv\/vara-register\/foretagsregistret\/?query=creddo#results\" target=\"_blank\" rel=\"noopener\"><img decoding=\"async\" width=\"246\" height=\"55\" src=\"https:\/\/creddo.com\/se\/wp-content\/uploads\/2021\/11\/creddo-finansinspektionen.png\" alt=\"creddo finansinspektionen\" class=\"wp-image-2053\" style=\"width:250px;height:56px\"\/><\/a><\/figure><\/div><\/div>\n\n\n\n<div class=\"wp-block-column is-layout-flow wp-block-column-is-layout-flow\" style=\"flex-basis:50%\"><div class=\"wp-block-image foretagarna\">\n<figure class=\"aligncenter size-large is-resized\"><img decoding=\"async\" width=\"1024\" height=\"296\" src=\"https:\/\/creddo.com\/se\/wp-content\/uploads\/2022\/02\/foretagarna-1024x296.png\" alt=\"f\u00f6retagarna\" class=\"wp-image-2440\" style=\"height:55px\" srcset=\"https:\/\/creddo.com\/se\/wp-content\/uploads\/2022\/02\/foretagarna-1024x296.png 1024w, https:\/\/creddo.com\/se\/wp-content\/uploads\/2022\/02\/foretagarna-300x87.png 300w, https:\/\/creddo.com\/se\/wp-content\/uploads\/2022\/02\/foretagarna-768x222.png 768w, https:\/\/creddo.com\/se\/wp-content\/uploads\/2022\/02\/foretagarna-1536x444.png 1536w, https:\/\/creddo.com\/se\/wp-content\/uploads\/2022\/02\/foretagarna-2048x592.png 2048w\" sizes=\"(max-width: 1024px) 100vw, 1024px\" \/><figcaption class=\"wp-element-caption\">Creddo \u00e4r medlem i <em>F\u00f6retagarna<\/em><\/figcaption><\/figure><\/div><\/div>\n<\/div>\n\n\n\n<h2 class=\"wp-block-heading\">Mer om Creddo<\/h2>\n\n\n\n<h3 class=\"wp-block-heading\" id=\"h-bli-partner\">Bli partner!<\/h3>\n\n\n\n<p>Vi \u00e4r alltid intresserade av att hitta nya partners att arbeta med p\u00e5 samtliga marknader d\u00e4r vi \u00e4r aktiva (Sverige, Finland och Nederl\u00e4nderna). Om du representerar en bank, finansiell r\u00e5dgivare eller en l\u00e5ngivare inom f\u00f6retagsl\u00e5n som vill veta mer om Creddo s\u00e5 kan du kontakta oss p\u00e5 <a href=\"mailto:kundservice@creddo.com\">kundservice@creddo.com<\/a><strong>.<\/strong><\/p>\n\n\n\n<h3 class=\"wp-block-heading\">Jobba hos Creddo<\/h3>\n\n\n\n<p>Vi \u00e4r ett litet, men trevligt team med duktiga medarbetare, inom omr\u00e5den som aff\u00e4rsutveckling, finans, programmering och digital marknadsf\u00f6ring, som alltid v\u00e4lkomnar nya talanger till Creddo. Creddo \u00e4r en arbetsplats som erbjuder flexibilitet med tydliga strukturer och m\u00f6jligheten att arbeta p\u00e5 distans finns.<\/p>\n\n\n\n<p>Om du har en profil och en kompetens som du tror hade passat in v\u00e4l hos Creddo s\u00e5 \u00e4r du varmt v\u00e4lkommen att maila in en \u00f6ppen ans\u00f6kan med ditt CV till kundservice@creddo.se.<\/p>\n<\/div><\/div>\n","protected":false},"excerpt":{"rendered":"<p>Creddo \u00e4r en l\u00e5nef\u00f6rmedlare som specialiserar sig p\u00e5 att hj\u00e4lpa sm\u00e5- och medelstora f\u00f6retag att hitta b\u00e4sta f\u00f6retagsl\u00e5net f\u00f6r sin verksamhet. Vi har sedan starten \u00e5r 2019 hanterat tusentals ans\u00f6kningar om f\u00f6retagsl\u00e5n fr\u00e5n f\u00f6retagare inom flera olika branscher, som till exempel bygg, restaurang, handel &amp; e-handel och h\u00e4lsa &amp; sk\u00f6nhet. Creddo grundades av ett par [&hellip;]<\/p>\n","protected":false},"author":1,"featured_media":0,"parent":0,"menu_order":0,"comment_status":"closed","ping_status":"closed","template":"creddopage.php","meta":{"_acf_changed":false,"footnotes":""},"class_list":["post-14","page","type-page","status-publish","hentry"],"acf":[],"yoast_head":"<!-- This site is optimized with the Yoast SEO Premium plugin v26.6 (Yoast SEO v26.8) - https:\/\/yoast.com\/product\/yoast-seo-premium-wordpress\/ -->\n<title>Om Creddo - L\u00e4s om v\u00e5rt team och verksamhet - Creddo<\/title>\n<meta name=\"description\" content=\"Det h\u00e4r \u00e4r Creddo - l\u00e4s om hur v\u00e5r verksamhet fungerar, vilka som \u00e4r teamet bakom och kom i kontakt med oss f\u00f6r samarbeten.\" \/>\n<meta name=\"robots\" content=\"index, follow, max-snippet:-1, max-image-preview:large, max-video-preview:-1\" \/>\n<link rel=\"canonical\" href=\"https:\/\/creddo.com\/se\/om-creddo\/\" \/>\n<meta property=\"og:locale\" content=\"sv_SE\" \/>\n<meta property=\"og:type\" content=\"article\" \/>\n<meta property=\"og:title\" content=\"Om Creddo\" \/>\n<meta property=\"og:description\" content=\"Creddo \u00e4r en l\u00e5nef\u00f6rmedlare som specialiserar sig p\u00e5 att hj\u00e4lpa sm\u00e5- och medelstora f\u00f6retag att hitta b\u00e4sta f\u00f6retagsl\u00e5net f\u00f6r sin verksamhet. Vi har sedan\" \/>\n<meta property=\"og:url\" content=\"https:\/\/creddo.com\/se\/om-creddo\/\" \/>\n<meta property=\"og:site_name\" content=\"Creddo\" \/>\n<meta property=\"article:publisher\" content=\"https:\/\/www.facebook.com\/creddose\" \/>\n<meta property=\"article:modified_time\" content=\"2025-12-30T15:08:22+00:00\" \/>\n<meta property=\"og:image\" content=\"https:\/\/creddo.com\/se\/wp-content\/uploads\/2021\/03\/foretagare-planerar-kassaflode.jpg\" \/>\n\t<meta property=\"og:image:width\" content=\"1399\" \/>\n\t<meta property=\"og:image:height\" content=\"787\" \/>\n\t<meta property=\"og:image:type\" content=\"image\/jpeg\" \/>\n<meta name=\"twitter:card\" content=\"summary_large_image\" \/>\n<meta name=\"twitter:label1\" content=\"Ber\u00e4knad l\u00e4stid\" \/>\n\t<meta name=\"twitter:data1\" content=\"3 minuter\" \/>\n<script type=\"application\/ld+json\" class=\"yoast-schema-graph\">{\"@context\":\"https:\/\/schema.org\",\"@graph\":[{\"@type\":\"WebPage\",\"@id\":\"https:\/\/creddo.com\/se\/om-creddo\/\",\"url\":\"https:\/\/creddo.com\/se\/om-creddo\/\",\"name\":\"Om Creddo - L\u00e4s om v\u00e5rt team och verksamhet - Creddo\",\"isPartOf\":{\"@id\":\"https:\/\/creddo.com\/se\/#website\"},\"primaryImageOfPage\":{\"@id\":\"https:\/\/creddo.com\/se\/om-creddo\/#primaryimage\"},\"image\":{\"@id\":\"https:\/\/creddo.com\/se\/om-creddo\/#primaryimage\"},\"thumbnailUrl\":\"https:\/\/creddo.com\/se\/wp-content\/uploads\/2021\/03\/foretagare-planerar-kassaflode.jpg\",\"datePublished\":\"2019-07-05T15:28:41+00:00\",\"dateModified\":\"2025-12-30T15:08:22+00:00\",\"description\":\"Det h\u00e4r \u00e4r Creddo - l\u00e4s om hur v\u00e5r verksamhet fungerar, vilka som \u00e4r teamet bakom och kom i kontakt med oss f\u00f6r samarbeten.\",\"breadcrumb\":{\"@id\":\"https:\/\/creddo.com\/se\/om-creddo\/#breadcrumb\"},\"inLanguage\":\"sv-SE\",\"potentialAction\":[{\"@type\":\"ReadAction\",\"target\":[\"https:\/\/creddo.com\/se\/om-creddo\/\"]}]},{\"@type\":\"ImageObject\",\"inLanguage\":\"sv-SE\",\"@id\":\"https:\/\/creddo.com\/se\/om-creddo\/#primaryimage\",\"url\":\"https:\/\/creddo.com\/se\/wp-content\/uploads\/2021\/03\/foretagare-planerar-kassaflode.jpg\",\"contentUrl\":\"https:\/\/creddo.com\/se\/wp-content\/uploads\/2021\/03\/foretagare-planerar-kassaflode.jpg\",\"width\":1399,\"height\":787,\"caption\":\"f\u00f6retagare planerar kassafl\u00f6de\"},{\"@type\":\"BreadcrumbList\",\"@id\":\"https:\/\/creddo.com\/se\/om-creddo\/#breadcrumb\",\"itemListElement\":[{\"@type\":\"ListItem\",\"position\":1,\"name\":\"Creddo.com\",\"item\":\"https:\/\/creddo.com\/se\/\"},{\"@type\":\"ListItem\",\"position\":2,\"name\":\"Om Creddo\"}]},{\"@type\":\"WebSite\",\"@id\":\"https:\/\/creddo.com\/se\/#website\",\"url\":\"https:\/\/creddo.com\/se\/\",\"name\":\"Creddo\",\"description\":\"J\u00e4mf\u00f6r f\u00f6retagsl\u00e5n upp till 10 miljoner\",\"publisher\":{\"@id\":\"https:\/\/creddo.com\/se\/#organization\"},\"potentialAction\":[{\"@type\":\"SearchAction\",\"target\":{\"@type\":\"EntryPoint\",\"urlTemplate\":\"https:\/\/creddo.com\/se\/?s={search_term_string}\"},\"query-input\":{\"@type\":\"PropertyValueSpecification\",\"valueRequired\":true,\"valueName\":\"search_term_string\"}}],\"inLanguage\":\"sv-SE\"},{\"@type\":\"Organization\",\"@id\":\"https:\/\/creddo.com\/se\/#organization\",\"name\":\"Creddo AB\",\"url\":\"https:\/\/creddo.com\/se\/\",\"logo\":{\"@type\":\"ImageObject\",\"inLanguage\":\"sv-SE\",\"@id\":\"https:\/\/creddo.com\/se\/#\/schema\/logo\/image\/\",\"url\":\"https:\/\/creddo.com\/se\/wp-content\/uploads\/2024\/04\/Creddo-logo-square.png\",\"contentUrl\":\"https:\/\/creddo.com\/se\/wp-content\/uploads\/2024\/04\/Creddo-logo-square.png\",\"width\":720,\"height\":720,\"caption\":\"Creddo AB\"},\"image\":{\"@id\":\"https:\/\/creddo.com\/se\/#\/schema\/logo\/image\/\"},\"sameAs\":[\"https:\/\/www.facebook.com\/creddose\",\"https:\/\/www.linkedin.com\/company\/creddo-ab\/\"]}]}<\/script>\n<!-- \/ Yoast SEO Premium plugin. -->","yoast_head_json":{"title":"Om Creddo - L\u00e4s om v\u00e5rt team och verksamhet - Creddo","description":"Det h\u00e4r \u00e4r Creddo - l\u00e4s om hur v\u00e5r verksamhet fungerar, vilka som \u00e4r teamet bakom och kom i kontakt med oss f\u00f6r samarbeten.","robots":{"index":"index","follow":"follow","max-snippet":"max-snippet:-1","max-image-preview":"max-image-preview:large","max-video-preview":"max-video-preview:-1"},"canonical":"https:\/\/creddo.com\/se\/om-creddo\/","og_locale":"sv_SE","og_type":"article","og_title":"Om Creddo","og_description":"Creddo \u00e4r en l\u00e5nef\u00f6rmedlare som specialiserar sig p\u00e5 att hj\u00e4lpa sm\u00e5- och medelstora f\u00f6retag att hitta b\u00e4sta f\u00f6retagsl\u00e5net f\u00f6r sin verksamhet. Vi har sedan","og_url":"https:\/\/creddo.com\/se\/om-creddo\/","og_site_name":"Creddo","article_publisher":"https:\/\/www.facebook.com\/creddose","article_modified_time":"2025-12-30T15:08:22+00:00","og_image":[{"width":1399,"height":787,"url":"https:\/\/creddo.com\/se\/wp-content\/uploads\/2021\/03\/foretagare-planerar-kassaflode.jpg","type":"image\/jpeg"}],"twitter_card":"summary_large_image","twitter_misc":{"Ber\u00e4knad l\u00e4stid":"3 minuter"},"schema":{"@context":"https:\/\/schema.org","@graph":[{"@type":"WebPage","@id":"https:\/\/creddo.com\/se\/om-creddo\/","url":"https:\/\/creddo.com\/se\/om-creddo\/","name":"Om Creddo - L\u00e4s om v\u00e5rt team och verksamhet - Creddo","isPartOf":{"@id":"https:\/\/creddo.com\/se\/#website"},"primaryImageOfPage":{"@id":"https:\/\/creddo.com\/se\/om-creddo\/#primaryimage"},"image":{"@id":"https:\/\/creddo.com\/se\/om-creddo\/#primaryimage"},"thumbnailUrl":"https:\/\/creddo.com\/se\/wp-content\/uploads\/2021\/03\/foretagare-planerar-kassaflode.jpg","datePublished":"2019-07-05T15:28:41+00:00","dateModified":"2025-12-30T15:08:22+00:00","description":"Det h\u00e4r \u00e4r Creddo - l\u00e4s om hur v\u00e5r verksamhet fungerar, vilka som \u00e4r teamet bakom och kom i kontakt med oss f\u00f6r samarbeten.","breadcrumb":{"@id":"https:\/\/creddo.com\/se\/om-creddo\/#breadcrumb"},"inLanguage":"sv-SE","potentialAction":[{"@type":"ReadAction","target":["https:\/\/creddo.com\/se\/om-creddo\/"]}]},{"@type":"ImageObject","inLanguage":"sv-SE","@id":"https:\/\/creddo.com\/se\/om-creddo\/#primaryimage","url":"https:\/\/creddo.com\/se\/wp-content\/uploads\/2021\/03\/foretagare-planerar-kassaflode.jpg","contentUrl":"https:\/\/creddo.com\/se\/wp-content\/uploads\/2021\/03\/foretagare-planerar-kassaflode.jpg","width":1399,"height":787,"caption":"f\u00f6retagare planerar kassafl\u00f6de"},{"@type":"BreadcrumbList","@id":"https:\/\/creddo.com\/se\/om-creddo\/#breadcrumb","itemListElement":[{"@type":"ListItem","position":1,"name":"Creddo.com","item":"https:\/\/creddo.com\/se\/"},{"@type":"ListItem","position":2,"name":"Om Creddo"}]},{"@type":"WebSite","@id":"https:\/\/creddo.com\/se\/#website","url":"https:\/\/creddo.com\/se\/","name":"Creddo","description":"J\u00e4mf\u00f6r f\u00f6retagsl\u00e5n upp till 10 miljoner","publisher":{"@id":"https:\/\/creddo.com\/se\/#organization"},"potentialAction":[{"@type":"SearchAction","target":{"@type":"EntryPoint","urlTemplate":"https:\/\/creddo.com\/se\/?s={search_term_string}"},"query-input":{"@type":"PropertyValueSpecification","valueRequired":true,"valueName":"search_term_string"}}],"inLanguage":"sv-SE"},{"@type":"Organization","@id":"https:\/\/creddo.com\/se\/#organization","name":"Creddo AB","url":"https:\/\/creddo.com\/se\/","logo":{"@type":"ImageObject","inLanguage":"sv-SE","@id":"https:\/\/creddo.com\/se\/#\/schema\/logo\/image\/","url":"https:\/\/creddo.com\/se\/wp-content\/uploads\/2024\/04\/Creddo-logo-square.png","contentUrl":"https:\/\/creddo.com\/se\/wp-content\/uploads\/2024\/04\/Creddo-logo-square.png","width":720,"height":720,"caption":"Creddo AB"},"image":{"@id":"https:\/\/creddo.com\/se\/#\/schema\/logo\/image\/"},"sameAs":["https:\/\/www.facebook.com\/creddose","https:\/\/www.linkedin.com\/company\/creddo-ab\/"]}]}},"lang":"sv","translations":{"sv":14},"pll_sync_post":[],"_links":{"self":[{"href":"https:\/\/creddo.com\/se\/wp-json\/wp\/v2\/pages\/14","targetHints":{"allow":["GET"]}}],"collection":[{"href":"https:\/\/creddo.com\/se\/wp-json\/wp\/v2\/pages"}],"about":[{"href":"https:\/\/creddo.com\/se\/wp-json\/wp\/v2\/types\/page"}],"author":[{"embeddable":true,"href":"https:\/\/creddo.com\/se\/wp-json\/wp\/v2\/users\/1"}],"replies":[{"embeddable":true,"href":"https:\/\/creddo.com\/se\/wp-json\/wp\/v2\/comments?post=14"}],"version-history":[{"count":95,"href":"https:\/\/creddo.com\/se\/wp-json\/wp\/v2\/pages\/14\/revisions"}],"predecessor-version":[{"id":5381,"href":"https:\/\/creddo.com\/se\/wp-json\/wp\/v2\/pages\/14\/revisions\/5381"}],"wp:attachment":[{"href":"https:\/\/creddo.com\/se\/wp-json\/wp\/v2\/media?parent=14"}],"curies":[{"name":"wp","href":"https:\/\/api.w.org\/{rel}","templated":true}]}}