{"id":1838,"date":"2021-09-07T14:37:34","date_gmt":"2021-09-07T12:37:34","guid":{"rendered":"https:\/\/creddo.com\/se\/?page_id=1838"},"modified":"2025-12-16T15:54:40","modified_gmt":"2025-12-16T14:54:40","slug":"personlig-borgen","status":"publish","type":"page","link":"https:\/\/creddo.com\/se\/foretagslan\/personlig-borgen\/","title":{"rendered":"Personlig borgen: Allt du beh\u00f6ver veta f\u00f6r att s\u00e4kra ditt f\u00f6retagsl\u00e5n"},"content":{"rendered":"\n<p>Det finns flera olika varianter av f\u00f6retagsl\u00e5n och krediter som f\u00f6retagare kan anv\u00e4nda sig av f\u00f6r att f\u00f6rb\u00e4ttra likviditeten eller f\u00f6r att m\u00f6jligg\u00f6ra investeringar. Dessa har i sin tur vissa krav och villkor som bankerna och finansbolagen kr\u00e4ver. I den h\u00e4r artiklen kommer vi bekanta oss med en vanligt s\u00e4kerhet: personlig borgen. Vad inneb\u00e4r begreppet personlig borgen?<\/p>\n\n\n\n<p>De allra flesta av dessa har en sak gemensamt: de kr\u00e4ver n\u00e5gon form av s\u00e4kerhet. Personlig borgen \u00e4r en s\u00e5dan s\u00e4kerhet som ofta kr\u00e4vs f\u00f6r att en kreditgivare ska vara beredd att l\u00e5na ut pengar till f\u00f6retaget.<\/p>\n\n\n\n<p>Det \u00e4r vanligare att borgens\u00e5tagande kr\u00e4vs n\u00e4r <a href=\"https:\/\/creddo.com\/se\/foretagslan\/\">f\u00f6retaget som ans\u00f6ker om ett l\u00e5n<\/a> \u00e4r lite mindre eller inte g\u00f6r n\u00e5gon st\u00f6rre vinst. F\u00f6retr\u00e4dare f\u00f6r bolag som har en h\u00f6gre oms\u00e4ttning och vinst beh\u00f6ver inte lika ofta g\u00e5 i personlig borgen f\u00f6r ett f\u00f6retagsl\u00e5n.<\/p>\n\n\n\n<p>\n<a href=\"https:\/\/creddo.com\/se\/\" class=\"btn btn-blue\">Ans\u00f6k om f\u00f6retagsfinansiering<\/a>\n<\/p>\n\n\n\n<h2 class=\"wp-block-heading\" id=\"h-personlig-borgen-for-handelsbolag-sakerstall-finansiering-med-ratt-bolagsform\"><strong>Personlig borgen f\u00f6r handelsbolag: S\u00e4kerst\u00e4ll finansiering med r\u00e4tt bolagsform<\/strong><\/h2>\n\n\n\n<p>N\u00e4r du ans\u00f6ker om ett f\u00f6retagsl\u00e5n som handelsbolag kan kravet p\u00e5 borgen variera beroende p\u00e5 din specifika bolagsform. I den h\u00e4r guiden belyser vi hur olika bolagsstrukturer p\u00e5verkar behovet av personlig borgen och hur du kan optimera dina chanser till ett beviljat l\u00e5n utan on\u00f6diga personliga risker.<\/p>\n\n\n\n<h3 class=\"wp-block-heading\" id=\"h-aktiebolag-och-personlig-borgen\"><strong>Aktiebolag och personlig borgen:<\/strong><\/h3>\n\n\n\n<ul class=\"wp-block-list\">\n<li><strong>Begr\u00e4nsat personligt ansvar:<\/strong> I aktiebolag \u00e4r bolaget en juridisk person, vilket inneb\u00e4r att du som aktie\u00e4gare inte automatiskt \u00e4r personligt ansvarig f\u00f6r bolagets skulder.<\/li>\n\n\n\n<li>Personlig borgen<strong> <\/strong>och krav<strong>:<\/strong> Undantag finns, t.ex. vid oaktsamhet eller om du har avtalat om personligt betalningsansvar. Sm\u00e5 och nystartade aktiebolag med l\u00e5g oms\u00e4ttning kan oftare beh\u00f6va erbjuda borgen.<\/li>\n\n\n\n<li><strong>Alternativ till personlig borgen:<\/strong> St\u00f6rre och mer v\u00e4letablerade aktiebolag kan ofta anv\u00e4nda andra typer av s\u00e4kerheter, t.ex. fastigheter eller inventarier, f\u00f6r att slippa borgen.<\/li>\n<\/ul>\n\n\n\n<h3 class=\"wp-block-heading\" id=\"h-enskild-firma-och-personlig-borgen\"><strong>Enskild firma <strong>och personlig borgen<\/strong>:<\/strong><\/h3>\n\n\n\n<ul class=\"wp-block-list\">\n<li><strong>F\u00f6retagaren = juridisk person:<\/strong> I en enskild firma sammanblandas inte din personliga ekonomi med firman. Du \u00e4r dock personligt ansvarig f\u00f6r alla skulder och \u00e5taganden.<\/li>\n\n\n\n<li><strong>Ingen borgen kr\u00e4vs:<\/strong> Eftersom man redan har fullt ansvar beh\u00f6vs ingen personlig borgen vid l\u00e5neans\u00f6kan.<\/li>\n<\/ul>\n\n\n\n<h3 class=\"wp-block-heading\" id=\"h-handelsbolag-kommanditbolag-och-personlig-borgen\"><strong>Handelsbolag, kommanditbolag <strong>och personlig borgen<\/strong>:<\/strong><\/h3>\n\n\n\n<ul class=\"wp-block-list\">\n<li><strong>Solidariskt ansvar:<\/strong> Del\u00e4gare i handelsbolag och kommanditbolag har solidariskt ansvar, vilket inneb\u00e4r att de delar ansvaret f\u00f6r skulder och kan bli personligt kr\u00e4vda.<\/li>\n\n\n\n<li><strong>Huvudm\u00e4n kan beh\u00f6va borgen:<\/strong> I vissa fall kan l\u00e5ngivare kr\u00e4va borgen fr\u00e5n bolagets huvudm\u00e4n, t.ex. om bolaget har en svag ekonomi eller begr\u00e4nsad kreditv\u00e4rdighet.<\/li>\n<\/ul>\n\n\n\n<h3 class=\"wp-block-heading\" id=\"h-sammanfattning-personlig-borgen\"><strong>Sammanfattning personlig borgen: <\/strong><\/h3>\n\n\n\n<ul class=\"wp-block-list\">\n<li>Bolagsformen p\u00e5verkar kraven p\u00e5 personlig borgen vid f\u00f6retagsl\u00e5n.<\/li>\n\n\n\n<li>Aktiebolag kan beh\u00f6va borgen oftare, speciellt vid starten.<\/li>\n\n\n\n<li>Enskilda firmor kr\u00e4ver generellt sett ingen borgen.<\/li>\n\n\n\n<li>I handelsbolag och kommanditbolag kan huvudm\u00e4nnen beh\u00f6va personlig borgen.<\/li>\n<\/ul>\n\n\n\n<h3 class=\"wp-block-heading\" id=\"h-borja-din-ansokan\"><strong>B\u00f6rja din ans\u00f6kan:<\/strong><\/h3>\n\n\n\n<p>Genom att v\u00e4lja r\u00e4tt bolagsform och f\u00f6rbereda din ans\u00f6kan noggrant kan du optimera dina chanser till ett beviljat f\u00f6retagsl\u00e5n utan on\u00f6diga personliga risker. V\u00e5r tj\u00e4nst kan guida dig genom processen och koppla dig samman med relevanta l\u00e5ngivare och vi bist\u00e5r g\u00e4rna med mer infromation kring personlig borgen och vad det inneb\u00e4r<\/p>\n\n\n\n<p>\n<a href=\"https:\/\/creddo.com\/se\/\" class=\"btn btn-blue\">P\u00e5b\u00f6rja ans\u00f6kan<\/a>\n<\/p>\n\n\n\n<h2 class=\"wp-block-heading\" id=\"h-proprieborgen-vs-enkel-borgen-sakerstall-ratt-skydd-for-ditt-foretagslan\">Proprieborgen VS enkel borgen: S\u00e4kerst\u00e4ll r\u00e4tt skydd f\u00f6r ditt f\u00f6retagsl\u00e5n<\/h2>\n\n\n\n<p>N\u00e4r du ans\u00f6ker om ett f\u00f6retagsl\u00e5n kan kravet p\u00e5 borgen bli aktuellt. Att f\u00f6rst\u00e5 de olika typerna av borgen och hur de p\u00e5verkar dig som borgensman \u00e4r avg\u00f6rande f\u00f6r att fatta r\u00e4tt beslut. I den h\u00e4r guiden belyser vi de tv\u00e5 vanligaste typerna av borgen &#8211; proprieborgen och enkel borgen &#8211; och ger dig v\u00e4rdefulla tips f\u00f6r att v\u00e4lja den optimala l\u00f6sningen f\u00f6r din situation.<\/p>\n\n\n\n<h3 class=\"wp-block-heading\">Proprieborgen:<\/h3>\n\n\n\n<ul class=\"wp-block-list\">\n<li><strong>Solidariskt betalningsansvar:<\/strong> Den vanligaste typen p\u00e5 borgen\u00e5tagande vid f\u00f6retagsl\u00e5n. B\u00e5de g\u00e4lden\u00e4ren (f\u00f6retaget) och borgensmannen kan bli solidariskt betalningsskyldiga f\u00f6r hela l\u00e5nebeloppet.<\/li>\n\n\n\n<li><strong>F\u00f6rdelar f\u00f6r l\u00e5ngivaren:<\/strong> Ger l\u00e5ngivaren \u00f6kad s\u00e4kerhet och underl\u00e4ttar \u00e5terbetalning av l\u00e5net.<\/li>\n\n\n\n<li><strong>Flera borgensm\u00e4n:<\/strong> M\u00f6jlighet att anv\u00e4nda flera borgensm\u00e4n som s\u00e4kerhet f\u00f6r l\u00e5net.<\/li>\n<\/ul>\n\n\n\n<h3 class=\"wp-block-heading\">Enkel borgen:<\/h3>\n\n\n\n<ul class=\"wp-block-list\">\n<li><strong>Subsidi\u00e4rt betalningsansvar:<\/strong> Borgensmannen blir betalningsskyldig f\u00f6rst om g\u00e4lden\u00e4ren inte kan betala sin skuld.<\/li>\n\n\n\n<li><strong>Mindre vanligt:<\/strong> Vanligare vid konsumentl\u00e5n \u00e4n vid f\u00f6retagsl\u00e5n.<\/li>\n\n\n\n<li><strong>Konkurs eller utm\u00e4tning kr\u00e4vs:<\/strong> G\u00e4lden\u00e4rens of\u00f6rm\u00e5ga att betala m\u00e5ste styrkas genom en konkurs eller f\u00f6rs\u00f6k till utm\u00e4tning.<\/li>\n<\/ul>\n\n\n\n<h3 class=\"wp-block-heading\">Vem kan bli borgensman?<\/h3>\n\n\n\n<ul class=\"wp-block-list\">\n<li><strong>Kreditv\u00e4rdig och villig:<\/strong> En person med god kreditv\u00e4rdighet och som \u00e4r villig att ta p\u00e5 sig borgensansvaret.<\/li>\n\n\n\n<li><strong>Insyn i bolaget:<\/strong> Oftast \u00e4gare, vd eller styrelsemedlemmar som har insyn i f\u00f6retagets ekonomi och aff\u00e4rer.<\/li>\n\n\n\n<li><strong>\u00c5lderskrav:<\/strong> Mellan 18 och 70 \u00e5r gammal och folkbokf\u00f6rd i Sverige.<\/li>\n\n\n\n<li><strong>Tv\u00e5 borgensm\u00e4n:<\/strong> I vissa fall kan det beh\u00f6vas tv\u00e5 borgensm\u00e4n.<\/li>\n<\/ul>\n\n\n\n<h3 class=\"wp-block-heading\" id=\"h-att-tanka-pa-som-personlig-borgen\">Att t\u00e4nka p\u00e5 som personlig borgen:<\/h3>\n\n\n\n<ul class=\"wp-block-list\">\n<li><strong>P\u00e5verkan p\u00e5 <\/strong>din<strong> kreditv\u00e4rdighet:<\/strong> Den personliga kreditv\u00e4rdigheten och ekonomiska situation p\u00e5verkas av borgens\u00e5tagandet.<\/li>\n\n\n\n<li><strong>Personligt betalningsansvar:<\/strong> Om f\u00f6retaget inte betalar tillbaka l\u00e5net kan du bli personligt betalningsskyldig.<\/li>\n\n\n\n<li><strong>Noggrann granskning av l\u00e5neavtalet:<\/strong> det \u00e4r bra att l\u00e4sa igenom l\u00e5neavtalet noggrant och st\u00e4ll fr\u00e5gor f\u00f6r att undvika oklarheter.<\/li>\n\n\n\n<li><strong>Ansvarsfull anv\u00e4ndning av l\u00e5nade medel:<\/strong> L\u00e5net b\u00f6r anv\u00e4ndas p\u00e5 ett ansvarsfullt s\u00e4tt f\u00f6r att \u00f6ka chanserna till \u00e5terbetalning.<\/li>\n<\/ul>\n\n\n\n<h3 class=\"wp-block-heading\">Sammanfattning:<\/h3>\n\n\n\n<p>Valet av borgen beror p\u00e5 individuella behov och riskbed\u00f6mning. Proprieborgen ger l\u00e5ngivaren starkare s\u00e4kerhet, medan enkel borgen inneb\u00e4r ett l\u00e4gre initialt ansvar f\u00f6r borgensmannen. Oavsett vilken typ du v\u00e4ljer, var noggrann med att f\u00f6rst\u00e5 villkoren och de potentiella riskerna innan du ing\u00e5r ett borgensavtal.<\/p>\n\n\n\n<h2 class=\"wp-block-heading\"><strong>Detta betyder de olika begreppen<\/strong><\/h2>\n\n\n\n<p>Det finns flera facktermer som anv\u00e4nds vid borgensavtal. De olika begreppen kan vara sv\u00e5ra att f\u00f6rst\u00e5 och d\u00e4rf\u00f6r f\u00f6rklarar vi dessa h\u00e4r:<\/p>\n\n\n\n<ul class=\"wp-block-list\">\n<li><strong>Avtalsfrihet.<\/strong> Avtalsfrihet g\u00e4ller f\u00f6r borgensavtal. Det betyder att man kan avtala om att begr\u00e4nsa borgensansvaret till en viss tidsperiod och\/eller ett visst belopp.<\/li>\n\n\n\n<li><strong>Borgen.<\/strong> En borgen inneb\u00e4r att en juridisk eller fysisk person \u00e5tar sig ett ekonomiskt ansvar p\u00e5 n\u00e5gon annans v\u00e4gnar. N\u00e4r det g\u00e4ller f\u00f6retagsl\u00e5n handlar det ofta om en personlig borgen. En eller flera f\u00f6retr\u00e4dare f\u00f6r f\u00f6retaget tar d\u00e5 p\u00e5 sig ett ekonomiskt ansvar f\u00f6r l\u00e5neskulden.<\/li>\n\n\n\n<li><strong>Borgen\u00e4r.<\/strong> Borgen\u00e4ren \u00e4r den part som har en fordran. I detta fall \u00e4r det allts\u00e5 l\u00e5ngivaren som l\u00e5nar ut pengar till ett f\u00f6retag.<\/li>\n\n\n\n<li><strong>Borgensman.<\/strong> Borgensmannen\/-m\u00e4nnen \u00e4r de juridiska eller fysiska personer som \u00e4r betalningsansvariga f\u00f6r l\u00e5net.<\/li>\n\n\n\n<li><strong>G\u00e4lden\u00e4r.<\/strong> G\u00e4lden\u00e4ren \u00e4r den part som st\u00e5r i skuld till en annan part. H\u00e4r \u00e4r det allts\u00e5 det f\u00f6retag som l\u00e5nar pengar fr\u00e5n l\u00e5ngivaren som \u00e4r g\u00e4lden\u00e4r.<\/li>\n\n\n\n<li><strong>Personlig borgen.<\/strong> Personlig borgen \u00e4r vad man i folkmun kallar propieborgen. Detta \u00e4r den vanligaste borgenstypen och den g\u00f6r det m\u00f6jligt f\u00f6r borgen\u00e4ren att anv\u00e4nda sig av flera borgensm\u00e4n som s\u00e4kerhet.<\/li>\n\n\n\n<li><strong>Preskription.<\/strong> I borgensavtalet kan det finnas en preskriptionstid angiven. Om s\u00e5 \u00e4r fallet f\u00f6rsvinner borgensansvaret n\u00e4r denna tid l\u00f6per ut.<\/li>\n<\/ul>\n\n\n\n<p>\n<a href=\"https:\/\/creddo.com\/se\/\" class=\"btn btn-blue\">Ans\u00f6k och j\u00e4mf\u00f6r via Creddo<\/a>\n<\/p>\n","protected":false},"excerpt":{"rendered":"<p>Det finns flera olika varianter av f\u00f6retagsl\u00e5n och krediter som f\u00f6retagare kan anv\u00e4nda sig av f\u00f6r att f\u00f6rb\u00e4ttra likviditeten eller f\u00f6r att m\u00f6jligg\u00f6ra investeringar. Dessa har i sin tur vissa krav och villkor som bankerna och finansbolagen kr\u00e4ver. I den h\u00e4r artiklen kommer vi bekanta oss med en vanligt s\u00e4kerhet: personlig borgen. Vad inneb\u00e4r begreppet [&hellip;]<\/p>\n","protected":false},"author":12,"featured_media":0,"parent":1141,"menu_order":0,"comment_status":"closed","ping_status":"closed","template":"creddopage.php","meta":{"_acf_changed":false,"footnotes":""},"class_list":["post-1838","page","type-page","status-publish","hentry"],"acf":[],"yoast_head":"<!-- This site is optimized with the Yoast SEO Premium plugin v26.6 (Yoast SEO v26.8) - https:\/\/yoast.com\/product\/yoast-seo-premium-wordpress\/ -->\n<title>Personlig borgen f\u00f6r ett f\u00f6retagsl\u00e5n - T\u00e4nk p\u00e5 detta innan! - Creddo<\/title>\n<meta name=\"description\" content=\"Att g\u00e5 i personlig borgen f\u00f6r ditt f\u00f6retag kan vara en n\u00f6dv\u00e4ndighet f\u00f6r att f\u00e5 l\u00e5n. H\u00e4r f\u00e5r du koll p\u00e5 hur det fungerar.\" \/>\n<meta name=\"robots\" content=\"index, follow, max-snippet:-1, max-image-preview:large, max-video-preview:-1\" \/>\n<link rel=\"canonical\" href=\"https:\/\/creddo.com\/se\/foretagslan\/personlig-borgen\/\" \/>\n<meta property=\"og:locale\" content=\"sv_SE\" \/>\n<meta property=\"og:type\" content=\"article\" \/>\n<meta property=\"og:title\" content=\"Personlig borgen: Allt du beh\u00f6ver veta f\u00f6r att s\u00e4kra ditt f\u00f6retagsl\u00e5n\" \/>\n<meta property=\"og:description\" content=\"Det finns flera olika varianter av f\u00f6retagsl\u00e5n och krediter som f\u00f6retagare kan anv\u00e4nda sig av f\u00f6r att f\u00f6rb\u00e4ttra likviditeten eller f\u00f6r att m\u00f6jligg\u00f6ra\" \/>\n<meta property=\"og:url\" content=\"https:\/\/creddo.com\/se\/foretagslan\/personlig-borgen\/\" \/>\n<meta property=\"og:site_name\" content=\"Creddo\" \/>\n<meta property=\"article:publisher\" content=\"https:\/\/www.facebook.com\/creddose\" \/>\n<meta property=\"article:modified_time\" content=\"2025-12-16T14:54:40+00:00\" \/>\n<meta property=\"og:image\" content=\"https:\/\/creddo.com\/se\/wp-content\/uploads\/2024\/07\/52.jpg\" \/>\n\t<meta property=\"og:image:width\" content=\"1200\" \/>\n\t<meta property=\"og:image:height\" content=\"630\" \/>\n\t<meta property=\"og:image:type\" content=\"image\/jpeg\" \/>\n<meta name=\"twitter:card\" content=\"summary_large_image\" \/>\n<meta name=\"twitter:label1\" content=\"Ber\u00e4knad l\u00e4stid\" \/>\n\t<meta name=\"twitter:data1\" content=\"6 minuter\" \/>\n<script type=\"application\/ld+json\" class=\"yoast-schema-graph\">{\"@context\":\"https:\/\/schema.org\",\"@graph\":[{\"@type\":\"WebPage\",\"@id\":\"https:\/\/creddo.com\/se\/foretagslan\/personlig-borgen\/\",\"url\":\"https:\/\/creddo.com\/se\/foretagslan\/personlig-borgen\/\",\"name\":\"Personlig borgen f\u00f6r ett f\u00f6retagsl\u00e5n - T\u00e4nk p\u00e5 detta innan! - Creddo\",\"isPartOf\":{\"@id\":\"https:\/\/creddo.com\/se\/#website\"},\"datePublished\":\"2021-09-07T12:37:34+00:00\",\"dateModified\":\"2025-12-16T14:54:40+00:00\",\"description\":\"Att g\u00e5 i personlig borgen f\u00f6r ditt f\u00f6retag kan vara en n\u00f6dv\u00e4ndighet f\u00f6r att f\u00e5 l\u00e5n. H\u00e4r f\u00e5r du koll p\u00e5 hur det fungerar.\",\"breadcrumb\":{\"@id\":\"https:\/\/creddo.com\/se\/foretagslan\/personlig-borgen\/#breadcrumb\"},\"inLanguage\":\"sv-SE\",\"potentialAction\":[{\"@type\":\"ReadAction\",\"target\":[\"https:\/\/creddo.com\/se\/foretagslan\/personlig-borgen\/\"]}]},{\"@type\":\"BreadcrumbList\",\"@id\":\"https:\/\/creddo.com\/se\/foretagslan\/personlig-borgen\/#breadcrumb\",\"itemListElement\":[{\"@type\":\"ListItem\",\"position\":1,\"name\":\"Creddo.com\",\"item\":\"https:\/\/creddo.com\/se\/\"},{\"@type\":\"ListItem\",\"position\":2,\"name\":\"F\u00f6retagsl\u00e5n\",\"item\":\"https:\/\/creddo.com\/se\/foretagslan\/\"},{\"@type\":\"ListItem\",\"position\":3,\"name\":\"Personlig borgen\"}]},{\"@type\":\"WebSite\",\"@id\":\"https:\/\/creddo.com\/se\/#website\",\"url\":\"https:\/\/creddo.com\/se\/\",\"name\":\"Creddo\",\"description\":\"J\u00e4mf\u00f6r f\u00f6retagsl\u00e5n upp till 10 miljoner\",\"publisher\":{\"@id\":\"https:\/\/creddo.com\/se\/#organization\"},\"potentialAction\":[{\"@type\":\"SearchAction\",\"target\":{\"@type\":\"EntryPoint\",\"urlTemplate\":\"https:\/\/creddo.com\/se\/?s={search_term_string}\"},\"query-input\":{\"@type\":\"PropertyValueSpecification\",\"valueRequired\":true,\"valueName\":\"search_term_string\"}}],\"inLanguage\":\"sv-SE\"},{\"@type\":\"Organization\",\"@id\":\"https:\/\/creddo.com\/se\/#organization\",\"name\":\"Creddo AB\",\"url\":\"https:\/\/creddo.com\/se\/\",\"logo\":{\"@type\":\"ImageObject\",\"inLanguage\":\"sv-SE\",\"@id\":\"https:\/\/creddo.com\/se\/#\/schema\/logo\/image\/\",\"url\":\"https:\/\/creddo.com\/se\/wp-content\/uploads\/2024\/04\/Creddo-logo-square.png\",\"contentUrl\":\"https:\/\/creddo.com\/se\/wp-content\/uploads\/2024\/04\/Creddo-logo-square.png\",\"width\":720,\"height\":720,\"caption\":\"Creddo AB\"},\"image\":{\"@id\":\"https:\/\/creddo.com\/se\/#\/schema\/logo\/image\/\"},\"sameAs\":[\"https:\/\/www.facebook.com\/creddose\",\"https:\/\/www.linkedin.com\/company\/creddo-ab\/\"]}]}<\/script>\n<!-- \/ Yoast SEO Premium plugin. -->","yoast_head_json":{"title":"Personlig borgen f\u00f6r ett f\u00f6retagsl\u00e5n - T\u00e4nk p\u00e5 detta innan! - Creddo","description":"Att g\u00e5 i personlig borgen f\u00f6r ditt f\u00f6retag kan vara en n\u00f6dv\u00e4ndighet f\u00f6r att f\u00e5 l\u00e5n. H\u00e4r f\u00e5r du koll p\u00e5 hur det fungerar.","robots":{"index":"index","follow":"follow","max-snippet":"max-snippet:-1","max-image-preview":"max-image-preview:large","max-video-preview":"max-video-preview:-1"},"canonical":"https:\/\/creddo.com\/se\/foretagslan\/personlig-borgen\/","og_locale":"sv_SE","og_type":"article","og_title":"Personlig borgen: Allt du beh\u00f6ver veta f\u00f6r att s\u00e4kra ditt f\u00f6retagsl\u00e5n","og_description":"Det finns flera olika varianter av f\u00f6retagsl\u00e5n och krediter som f\u00f6retagare kan anv\u00e4nda sig av f\u00f6r att f\u00f6rb\u00e4ttra likviditeten eller f\u00f6r att m\u00f6jligg\u00f6ra","og_url":"https:\/\/creddo.com\/se\/foretagslan\/personlig-borgen\/","og_site_name":"Creddo","article_publisher":"https:\/\/www.facebook.com\/creddose","article_modified_time":"2025-12-16T14:54:40+00:00","og_image":[{"width":1200,"height":630,"url":"https:\/\/creddo.com\/se\/wp-content\/uploads\/2024\/07\/52.jpg","type":"image\/jpeg"}],"twitter_card":"summary_large_image","twitter_misc":{"Ber\u00e4knad l\u00e4stid":"6 minuter"},"schema":{"@context":"https:\/\/schema.org","@graph":[{"@type":"WebPage","@id":"https:\/\/creddo.com\/se\/foretagslan\/personlig-borgen\/","url":"https:\/\/creddo.com\/se\/foretagslan\/personlig-borgen\/","name":"Personlig borgen f\u00f6r ett f\u00f6retagsl\u00e5n - T\u00e4nk p\u00e5 detta innan! - Creddo","isPartOf":{"@id":"https:\/\/creddo.com\/se\/#website"},"datePublished":"2021-09-07T12:37:34+00:00","dateModified":"2025-12-16T14:54:40+00:00","description":"Att g\u00e5 i personlig borgen f\u00f6r ditt f\u00f6retag kan vara en n\u00f6dv\u00e4ndighet f\u00f6r att f\u00e5 l\u00e5n. H\u00e4r f\u00e5r du koll p\u00e5 hur det fungerar.","breadcrumb":{"@id":"https:\/\/creddo.com\/se\/foretagslan\/personlig-borgen\/#breadcrumb"},"inLanguage":"sv-SE","potentialAction":[{"@type":"ReadAction","target":["https:\/\/creddo.com\/se\/foretagslan\/personlig-borgen\/"]}]},{"@type":"BreadcrumbList","@id":"https:\/\/creddo.com\/se\/foretagslan\/personlig-borgen\/#breadcrumb","itemListElement":[{"@type":"ListItem","position":1,"name":"Creddo.com","item":"https:\/\/creddo.com\/se\/"},{"@type":"ListItem","position":2,"name":"F\u00f6retagsl\u00e5n","item":"https:\/\/creddo.com\/se\/foretagslan\/"},{"@type":"ListItem","position":3,"name":"Personlig borgen"}]},{"@type":"WebSite","@id":"https:\/\/creddo.com\/se\/#website","url":"https:\/\/creddo.com\/se\/","name":"Creddo","description":"J\u00e4mf\u00f6r f\u00f6retagsl\u00e5n upp till 10 miljoner","publisher":{"@id":"https:\/\/creddo.com\/se\/#organization"},"potentialAction":[{"@type":"SearchAction","target":{"@type":"EntryPoint","urlTemplate":"https:\/\/creddo.com\/se\/?s={search_term_string}"},"query-input":{"@type":"PropertyValueSpecification","valueRequired":true,"valueName":"search_term_string"}}],"inLanguage":"sv-SE"},{"@type":"Organization","@id":"https:\/\/creddo.com\/se\/#organization","name":"Creddo AB","url":"https:\/\/creddo.com\/se\/","logo":{"@type":"ImageObject","inLanguage":"sv-SE","@id":"https:\/\/creddo.com\/se\/#\/schema\/logo\/image\/","url":"https:\/\/creddo.com\/se\/wp-content\/uploads\/2024\/04\/Creddo-logo-square.png","contentUrl":"https:\/\/creddo.com\/se\/wp-content\/uploads\/2024\/04\/Creddo-logo-square.png","width":720,"height":720,"caption":"Creddo AB"},"image":{"@id":"https:\/\/creddo.com\/se\/#\/schema\/logo\/image\/"},"sameAs":["https:\/\/www.facebook.com\/creddose","https:\/\/www.linkedin.com\/company\/creddo-ab\/"]}]}},"lang":"sv","translations":{"sv":1838},"pll_sync_post":[],"_links":{"self":[{"href":"https:\/\/creddo.com\/se\/wp-json\/wp\/v2\/pages\/1838","targetHints":{"allow":["GET"]}}],"collection":[{"href":"https:\/\/creddo.com\/se\/wp-json\/wp\/v2\/pages"}],"about":[{"href":"https:\/\/creddo.com\/se\/wp-json\/wp\/v2\/types\/page"}],"author":[{"embeddable":true,"href":"https:\/\/creddo.com\/se\/wp-json\/wp\/v2\/users\/12"}],"replies":[{"embeddable":true,"href":"https:\/\/creddo.com\/se\/wp-json\/wp\/v2\/comments?post=1838"}],"version-history":[{"count":26,"href":"https:\/\/creddo.com\/se\/wp-json\/wp\/v2\/pages\/1838\/revisions"}],"predecessor-version":[{"id":5287,"href":"https:\/\/creddo.com\/se\/wp-json\/wp\/v2\/pages\/1838\/revisions\/5287"}],"up":[{"embeddable":true,"href":"https:\/\/creddo.com\/se\/wp-json\/wp\/v2\/pages\/1141"}],"wp:attachment":[{"href":"https:\/\/creddo.com\/se\/wp-json\/wp\/v2\/media?parent=1838"}],"curies":[{"name":"wp","href":"https:\/\/api.w.org\/{rel}","templated":true}]}}