{"id":1866,"date":"2021-09-24T11:41:41","date_gmt":"2021-09-24T09:41:41","guid":{"rendered":"https:\/\/creddo.com\/se\/?page_id=1866"},"modified":"2025-12-16T15:36:28","modified_gmt":"2025-12-16T14:36:28","slug":"smaforetag","status":"publish","type":"page","link":"https:\/\/creddo.com\/se\/foretagslan\/smaforetag\/","title":{"rendered":"F\u00f6retagsl\u00e5n f\u00f6r sm\u00e5f\u00f6retagare"},"content":{"rendered":"\n<p>I dag finns ett stort antal banker och finansbolag som erbjuder f\u00f6retagsl\u00e5n f\u00f6r sm\u00e5f\u00f6retag. Det breda utbudet ger fantastiska m\u00f6jligheter \u2013 men kan ocks\u00e5 g\u00f6ra det sv\u00e5rt att veta vilket l\u00e5n som faktiskt passar b\u00e4st f\u00f6r just din verksamhet och dig.<\/p>\n\n\n\n<p>Vi p\u00e5 Creddo kan hj\u00e4lpa dig att j\u00e4mf\u00f6ra f\u00f6retagsl\u00e5n f\u00f6r sm\u00e5f\u00f6retagare. Hos oss kan du <a href=\"https:\/\/creddo.com\/se\/foretagslan\/\">j\u00e4mf\u00f6ra f\u00f6retagsl\u00e5n<\/a> hos fler \u00e4n 25 l\u00e5ngivare med en enda ans\u00f6kan!<\/p>\n\n\n\n<h2 class=\"wp-block-heading\" id=\"h-jamfor-foretagslan-for-smaforetag\"><a><\/a>J\u00e4mf\u00f6r f\u00f6retagsl\u00e5n f\u00f6r sm\u00e5f\u00f6retag<\/h2>\n\n\n\n<p>N\u00e4r du ans\u00f6ker om ett l\u00e5n vill du s\u00e5klart f\u00e5 de b\u00e4sta m\u00f6jliga villkoren f\u00f6r l\u00e5net. D\u00e4rf\u00f6r \u00e4r det viktigt att du j\u00e4mf\u00f6r f\u00f6retagsl\u00e5n f\u00f6r sm\u00e5f\u00f6retag och st\u00e4ller de olika l\u00e5ngivarnas erbjudanden mot varandra.<\/p>\n\n\n\n<p>F\u00f6r att j\u00e4mf\u00f6relsen ska bli r\u00e4ttvis \u00e4r det viktigt att du:<\/p>\n\n\n\n<ul class=\"wp-block-list\">\n<li>J\u00e4mf\u00f6r den sammanlagda kostnaden f\u00f6r l\u00e5net. Den effektiva <a href=\"https:\/\/creddo.com\/se\/foretagslan\/ranta\/\">r\u00e4ntan <\/a>\u00e4r den mest intressanta m\u00e4tpunkten, det vill s\u00e4ga  summan av all r\u00e4nta och alla avgifter under hela l\u00f6ptiden.<\/li>\n\n\n\n<li>S\u00e4kerst\u00e4ller att de olika l\u00e5nen \u00e4r p\u00e5 liknande belopp och har samma l\u00f6ptid.<\/li>\n\n\n\n<li>V\u00e4ger in huruvida du beh\u00f6ver l\u00e4mna en s\u00e4kerhet f\u00f6r l\u00e5net, s\u00e5som en borgensman.<\/li>\n\n\n\n<li>Tar h\u00e4nsyn till utbetalningstiden f\u00f6r l\u00e5net. N\u00e4r det g\u00e4ller f\u00f6retagsl\u00e5n f\u00f6r sm\u00e5f\u00f6retag \u00e4r det ofta viktigt f\u00f6r f\u00f6retaget att snabbt f\u00e5 tillg\u00e5ng till pengarna. Detta d\u00e5 mindre f\u00f6retag vanligtvis \u00e4r mer snabbfotade och ibland kan ha lite sn\u00e4vare tidsramar.<\/li>\n<\/ul>\n\n\n\n<p>T\u00e4nk ocks\u00e5 p\u00e5 att ett l\u00e5n som har en l\u00e4ngre l\u00f6ptid ofta har en l\u00e4gre r\u00e4nta \u00e4n mer kortfristiga f\u00f6retagsl\u00e5n. \u00c5 andra sidan blir den totala kostnaden f\u00f6r l\u00e5net vanligtvis h\u00f6gre n\u00e4r \u00e5terbetalningstiden \u00e4r l\u00e4ngre.<\/p>\n\n\n\n<p>\n<a href=\"https:\/\/creddo.com\/se\/\" class=\"btn btn-blue\">Ans\u00f6k om f\u00f6retagsfinansiering<\/a>\n<\/p>\n\n\n\n<h2 class=\"wp-block-heading\" id=\"h-mindre-langivare-ofta-mer-vanliga-gallande-foretagslan-for-smaforetagare-an-bankerna\">Mindre l\u00e5ngivare ofta mer <strong>\u201cv\u00e4nliga\u201d <\/strong>g\u00e4llande f\u00f6retagsl\u00e5n f\u00f6r sm\u00e5f\u00f6retagare \u00e4n bankerna<\/h2>\n\n\n\n<h3 class=\"wp-block-heading\" id=\"h-problem-med-storbanker\"><strong>Problem med storbanker<\/strong><\/h3>\n\n\n\n<p>Sm\u00e5f\u00f6retagare har ofta <strong>sv\u00e5rt att f\u00e5 l\u00e5n hos storbankerna<\/strong>. De har ofta strikta krav och tar inte alltid h\u00e4nsyn till sm\u00e5f\u00f6retagares unika behov.<\/p>\n\n\n\n<h3 class=\"wp-block-heading\" id=\"h-alternativ-till-storbanker\"><strong>Alternativ till storbanker?<\/strong><\/h3>\n\n\n\n<p>Lyckligtvis finns det m\u00e5nga <strong>alternativ till storbankerna<\/strong>. <strong>Nischade l\u00e5ngivare<\/strong> specialiserar sig ofta p\u00e5 <strong>f\u00f6retagsl\u00e5n f\u00f6r sm\u00e5f\u00f6retagare. <\/strong>. De kan erbjuda mer flexibla villkor och l\u00e4gre r\u00e4ntor.<\/p>\n\n\n\n<h3 class=\"wp-block-heading\" id=\"h-jamfor-lan-med-creddo\"><strong>J\u00e4mf\u00f6r l\u00e5n med Creddo<\/strong><\/h3>\n\n\n\n<p>Med <strong>Creddo<\/strong> kan du snabbt och enkelt <strong>j\u00e4mf\u00f6ra f\u00f6retagsfinansiering<\/strong> hos flera olika <strong>l\u00e5ngivare<\/strong>. Du kan ans\u00f6ka om l\u00e5n fr\u00e5n <strong>10 000 kr<\/strong> upp till <strong>flera miljoner kronor<\/strong>.<\/p>\n\n\n\n<h3 class=\"wp-block-heading\" id=\"h-hitta-den-basta-losningen\"><strong>Hitta den b\u00e4sta l\u00f6sningen<\/strong><\/h3>\n\n\n\n<p>Det finns ingen <strong>enkel l\u00f6sning<\/strong> som passar alla sm\u00e5f\u00f6retagare, d\u00e4rf\u00f6r \u00e4r det viktigt att <strong>j\u00e4mf\u00f6ra<\/strong> de <strong>f\u00f6retagsl\u00e5n<\/strong> som b\u00e4st passar ditt <strong>behov<\/strong>.<\/p>\n\n\n\n<h3 class=\"wp-block-heading\" id=\"h-fordelar-med-nischade-langivare\"><strong>F\u00f6rdelar med nischade l\u00e5ngivare:<\/strong><\/h3>\n\n\n\n<ul class=\"wp-block-list\">\n<li>Mer flexibla villkor<\/li>\n\n\n\n<li>L\u00e4gre r\u00e4ntor<\/li>\n\n\n\n<li>B\u00e4ttre kundservice<\/li>\n\n\n\n<li>St\u00f6rre f\u00f6rst\u00e5else f\u00f6r sm\u00e5 f\u00f6retags behov<\/li>\n<\/ul>\n\n\n\n<h3 class=\"wp-block-heading\" id=\"h-ta-steget-mot-finansiering\"><strong>Ta steget mot finansiering<\/strong><\/h3>\n\n\n\n<p>\u00c4r du redo att hitta den perfekta<strong> finansieringsl\u00f6sningen<\/strong> f\u00f6r ditt <strong>f\u00f6retag?<\/strong> J\u00e4mf\u00f6r <strong>f\u00f6retagsl\u00e5n<\/strong> med Creddo idag och \u00f6ka dina chanser att f\u00e5 ett <strong>l\u00e5n med goda villkor<\/strong>.<\/p>\n\n\n\n<h2 class=\"wp-block-heading\" id=\"h-nodvandigt-for-smaforetagare-att-lana-pengar-for-att-vaxa\"><a><\/a>N\u00f6dv\u00e4ndigt f\u00f6r sm\u00e5f\u00f6retagare att l\u00e5na pengar f\u00f6r att v\u00e4xa<\/h2>\n\n\n\n<h3 class=\"wp-block-heading\" id=\"h-foretagslan-for-tillvaxt\"><strong>F\u00f6retagsl\u00e5n f\u00f6r tillv\u00e4xt<\/strong><\/h3>\n\n\n\n<p>Ett <strong>f\u00f6retagsl\u00e5n f\u00f6r sm\u00e5 och medelstora f\u00f6retag<\/strong> kan vara en avg\u00f6rande faktor f\u00f6r att f\u00f6rverkliga nya <strong>aff\u00e4rsm\u00f6jligheter<\/strong> och driva <strong>tillv\u00e4x fram\u00e5t.<\/strong> De flesta f\u00f6retag startar p\u00e5 en mindre skala, men med r\u00e4tt investeringar kan de bli l\u00f6nsamma och v\u00e4xa sig stora. D\u00e4rf\u00f6r \u00e4r det avg\u00f6rande att <strong>sm\u00e5 och medelstoraf\u00f6retag<\/strong> i Sverige har tillg\u00e5ng till <strong>finansiering<\/strong> f\u00f6r att investera i sin verksamhet.<\/p>\n\n\n\n<h3 class=\"wp-block-heading\" id=\"h-smaforetagens-betydelse\"><strong>Sm\u00e5f\u00f6retagens betydelse<\/strong><\/h3>\n\n\n\n<p>Drygt 4 av 5 nya jobb skapas av <strong>sm\u00e5 och medelstora f\u00f6retag<\/strong> med f\u00e4rre \u00e4n 50 anst\u00e4llda. Det g\u00f6r dem till en betydande och drivande <strong>motor<\/strong> p\u00e5 <strong>arbetsmarknaden<\/strong> och en viktig del av den <strong>svenska ekonomin<\/strong>.<\/p>\n\n\n\n<h3 class=\"wp-block-heading\" id=\"h-lan-verktyg-for-framgang\"><strong>L\u00e5n &#8211; verktyg f\u00f6r framg\u00e5ng<\/strong><\/h3>\n\n\n\n<p>Att ett f\u00f6retag beh\u00f6ver <strong>l\u00e5na pengar<\/strong> \u00e4r inte ett tecken p\u00e5 svaghet. Tv\u00e4rtom \u00e4r det ofta <strong>n\u00f6dv\u00e4ndigt<\/strong> f\u00f6r att kunna <strong>expandera<\/strong> och vinna s\u00e5 kallad <strong>ny mark<\/strong>. Att ta ett <strong>f\u00f6retagsl\u00e5n under r\u00e4tt tidpunkt<\/strong> kan vara en nyckel till <strong>framg\u00e5ng<\/strong> f\u00f6r ditt <strong>sm\u00e5f\u00f6retag<\/strong>.<\/p>\n\n\n\n<h3 class=\"wp-block-heading\" id=\"h-exempel-pa-anvandningsomraden\"><strong>Exempel p\u00e5 anv\u00e4ndningsomr\u00e5den:<\/strong><\/h3>\n\n\n\n<p>Pengarna fr\u00e5n ett <strong>f\u00f6retagsl\u00e5n<\/strong> kan anv\u00e4ndas till en rad olika \u00e4ndam\u00e5l, till exempel:<\/p>\n\n\n\n<ul class=\"wp-block-list\">\n<li><strong>Investeringar:<\/strong> Fordon, maskiner, annan utrustning<\/li>\n\n\n\n<li><strong>Kompetens:<\/strong> Konsulttj\u00e4nster, rekrytering av personal<\/li>\n\n\n\n<li><strong>Lokaler:<\/strong> Hyra eller k\u00f6p av nya lokaler<\/li>\n\n\n\n<li><strong>Tillv\u00e4xt:<\/strong> Produktutveckling, marknadsf\u00f6ring<\/li>\n\n\n\n<li><strong>Kassafl\u00f6de:<\/strong> Finansiering av l\u00f6pande utgifter vid l\u00e4gre ordering\u00e5ng<\/li>\n<\/ul>\n\n\n\n<h3 class=\"wp-block-heading\" id=\"h-ta-steget-mot-tillvaxt\"><strong>Ta steget mot tillv\u00e4xt<\/strong><\/h3>\n\n\n\n<p>\u00c4r du redo att ta ditt <strong>f\u00f6retag<\/strong> till n\u00e4sta niv\u00e5? Ett <strong>f\u00f6retagsl\u00e5n<\/strong> kan vara den perfekta l\u00f6sningen f\u00f6r att finansiera din <strong>tillv\u00e4xt<\/strong>. Kontakta en av v\u00e5ra r\u00e5dgivare idag f\u00f6r att diskutera dina alternativ.<\/p>\n\n\n\n<p><\/p>\n\n\n\n<h2 class=\"wp-block-heading\" id=\"h-vanligt-att-borgen-kravs-nar-smaforetag-lanar\"><a><\/a>Vanligt att borgen kr\u00e4vs n\u00e4r sm\u00e5f\u00f6retag l\u00e5nar<\/h2>\n\n\n\n<h3 class=\"wp-block-heading\" id=\"h-varfor-kravs-borgen\"><strong>Varf\u00f6r kr\u00e4vs borgen?<\/strong><\/h3>\n\n\n\n<p>Stora och v\u00e4letablerade f\u00f6retag har ofta st\u00f6rre chans att l\u00e5na stora belopp utan borgen eller med begr\u00e4nsade borgens\u00e5tagande, men f\u00f6r <strong>mindre f\u00f6retag<\/strong> \u00e4r det generellt sett <strong>sv\u00e5rare att f\u00e5 ett l\u00e5n<\/strong>.<\/p>\n\n\n\n<h3 class=\"wp-block-heading\" id=\"h-bedomning-av-aterbetalningsformaga\"><strong>Bed\u00f6mning av \u00e5terbetalningsf\u00f6rm\u00e5ga:<\/strong><\/h3>\n\n\n\n<p>Grunden f\u00f6r att f\u00e5 ett positivt besked p\u00e5 en l\u00e5neans\u00f6kan \u00e4r densamma: f\u00f6retaget m\u00e5ste bed\u00f6mas kunna <strong>betala tillbaka l\u00e5net<\/strong>. Denna <strong>\u00e5terbetalningsf\u00f6rm\u00e5ga<\/strong> avg\u00f6rs av l\u00e5ngivaren genom en <strong>kreditpr\u00f6vning<\/strong>.<\/p>\n\n\n\n<h3 class=\"wp-block-heading\" id=\"h-borgensatagande-for-extra-sakerhet\"><strong>Borgens\u00e5tagande f\u00f6r extra s\u00e4kerhet:<\/strong><\/h3>\n\n\n\n<p>F\u00f6r att ett <strong>mindre f\u00f6retag<\/strong> ska kunna l\u00e5na pengar kr\u00e4vs ofta att <strong>\u00e4garen g\u00e5r i borgen<\/strong>. Detta g\u00f6rs f\u00f6r att ge l\u00e5ngivaren en <strong>extra s\u00e4kerhet<\/strong> f\u00f6r l\u00e5net om f\u00f6retaget inte skulle kunna betala tillbaka pengarna.<\/p>\n\n\n\n<h3 class=\"wp-block-heading\" id=\"h-vad-innebar-ett-borgensatagande\"><strong>Vad inneb\u00e4r ett borgens\u00e5tagande?<\/strong><\/h3>\n\n\n\n<p>Som <strong>borgensman<\/strong> blir du <strong>skyldig att \u00e5terbetala l\u00e5net<\/strong> om f\u00f6retaget inte skulle kunna g\u00f6ra det. Om du driver en <strong>enskild firma<\/strong> beh\u00f6vs inget borgensavtal, d\u00e5 du redan \u00e4r <strong>personligt ansvarig<\/strong> f\u00f6r f\u00f6retagets ekonomi.<\/p>\n\n\n\n<p>\n<a href=\"https:\/\/creddo.com\/se\/\" class=\"btn btn-blue\">P\u00e5b\u00f6rja en kostnadsfri ans\u00f6kan<\/a>\n<\/p>\n\n\n\n<h2 class=\"wp-block-heading\" id=\"h-tank-pa-detta-innan-du-ansoker-om-ett-foretagslan-till-ditt-smaforetag\"><a><\/a>T\u00e4nk p\u00e5 detta innan du ans\u00f6ker om ett f\u00f6retagsl\u00e5n till ditt sm\u00e5f\u00f6retag<\/h2>\n\n\n\n<p>Som vi redan har n\u00e4mnt \u00e4r det viktigt att du j\u00e4mf\u00f6r f\u00f6retagsl\u00e5n f\u00f6r sm\u00e5f\u00f6retag. Detta f\u00f6r att du ska f\u00e5 s\u00e5 bra villkor som m\u00f6jligt. Men det finns ocks\u00e5 vissa andra saker som du b\u00f6r t\u00e4nka p\u00e5 innan du skickar in din ans\u00f6kan. Det g\u00e4ller framf\u00f6r allt om l\u00e5nebeloppet \u00e4r stort eller om f\u00f6retagets oms\u00e4ttning \u00e4r l\u00e5g.<\/p>\n\n\n\n<p>Du kan till exempel st\u00e4lla dig sj\u00e4lv f\u00f6ljande fr\u00e5gor:<\/p>\n\n\n\n<ul class=\"wp-block-list\">\n<li><strong>Hur mycket pengar beh\u00f6ver f\u00f6retaget l\u00e5na?<\/strong> L\u00e5nebeloppet b\u00f6r vara lagom stort \u2013 det \u00e4r varken bra att l\u00e5na f\u00f6r lite pengar eller f\u00f6r mycket.<\/li>\n\n\n\n<li><strong>Skapar l\u00e5net ett v\u00e4rde i f\u00f6retaget?<\/strong> Ett exempel kan vara att de l\u00e5nade pengarna m\u00f6jligg\u00f6r en viktig investering.<\/li>\n\n\n\n<li><strong>Kommer l\u00e5net st\u00e4rka f\u00f6retaget ekonomiskt?<\/strong> De pengar som l\u00e5nas beh\u00f6ver betalas tillbaka och b\u00f6r dessutom ge en avkastning p\u00e5 den investering som g\u00f6rs.<\/li>\n\n\n\n<li><strong>Kan du som privatperson ta sm\u00e4llen om f\u00f6retaget inte betalar tillbaka l\u00e5net?<\/strong> Oavsett om du driver en enskild firma eller ett <a href=\"https:\/\/creddo.com\/se\/foretagslan\/aktiebolag\/\">aktiebolag<\/a> d\u00e4r borgen kr\u00e4vs f\u00f6r l\u00e5net beh\u00f6ver du vara beredd p\u00e5 det v\u00e4rsta. Om ditt f\u00f6retag inte kan \u00e5terbetala l\u00e5net i tid kommer du att f\u00e5 ett personligt betalningsansvar.<\/li>\n\n\n\n<li><strong>Beh\u00f6ver du ofta l\u00e5na mindre belopp?<\/strong> D\u00e5 kan en <a href=\"https:\/\/creddo.com\/se\/checkkredit\/\">checkkredit<\/a> vara en b\u00e4ttre finansieringsl\u00f6sning \u00e4n ett f\u00f6retagsl\u00e5n. F\u00f6r sm\u00e5f\u00f6retag med ett frekvent behov av pengar kan denna l\u00f6sning underl\u00e4tta. Detta d\u00e5 du kan utnyttja krediten flera g\u00e5nger utan att g\u00f6ra en ny ans\u00f6kan.<\/li>\n\n\n\n<li><strong>Har du gjort en ans\u00f6kan om ett f\u00f6retagsl\u00e5n f\u00f6r sm\u00e5f\u00f6retag men f\u00e5tt avslag?<\/strong> D\u00e5 kan du f\u00f6rs\u00f6ka att ans\u00f6ka igen men med l\u00e4gre belopp eller en l\u00e4ngre l\u00f6ptid, samt ge en b\u00e4ttre s\u00e4kerhet f\u00f6r l\u00e5net.<\/li>\n<\/ul>\n\n\n\n<p>\n<a href=\"https:\/\/creddo.com\/se\/\" class=\"btn btn-blue\">Ans\u00f6k via Creddo (ej bindande)<\/a>\n<\/p>\n\n\n\n<p><\/p>\n","protected":false},"excerpt":{"rendered":"<p>I dag finns ett stort antal banker och finansbolag som erbjuder f\u00f6retagsl\u00e5n f\u00f6r sm\u00e5f\u00f6retag. Det breda utbudet ger fantastiska m\u00f6jligheter \u2013 men kan ocks\u00e5 g\u00f6ra det sv\u00e5rt att veta vilket l\u00e5n som faktiskt passar b\u00e4st f\u00f6r just din verksamhet och dig. Vi p\u00e5 Creddo kan hj\u00e4lpa dig att j\u00e4mf\u00f6ra f\u00f6retagsl\u00e5n f\u00f6r sm\u00e5f\u00f6retagare. Hos oss kan [&hellip;]<\/p>\n","protected":false},"author":12,"featured_media":0,"parent":1141,"menu_order":0,"comment_status":"closed","ping_status":"closed","template":"creddopage.php","meta":{"_acf_changed":false,"footnotes":""},"class_list":["post-1866","page","type-page","status-publish","hentry"],"acf":[],"yoast_head":"<!-- This site is optimized with the Yoast SEO Premium plugin v26.6 (Yoast SEO v26.8) - https:\/\/yoast.com\/product\/yoast-seo-premium-wordpress\/ -->\n<title>F\u00f6retagsl\u00e5n f\u00f6r sm\u00e5f\u00f6retagare - J\u00e4mf\u00f6r och ans\u00f6k enkelt | Creddo<\/title>\n<meta name=\"description\" content=\"J\u00e4mf\u00f6r f\u00f6retagsl\u00e5n f\u00f6r sm\u00e5f\u00f6retag \u2013 ans\u00f6k enkelt hos \u00f6ver 25 l\u00e5ngivare med Creddo. Snabbt, tydligt och utan bindning\" \/>\n<meta name=\"robots\" content=\"index, follow, max-snippet:-1, max-image-preview:large, max-video-preview:-1\" \/>\n<link rel=\"canonical\" href=\"https:\/\/creddo.com\/se\/foretagslan\/smaforetag\/\" \/>\n<meta property=\"og:locale\" content=\"sv_SE\" \/>\n<meta property=\"og:type\" content=\"article\" \/>\n<meta property=\"og:title\" content=\"F\u00f6retagsl\u00e5n f\u00f6r sm\u00e5f\u00f6retagare\" \/>\n<meta property=\"og:description\" content=\"I dag finns ett stort antal banker och finansbolag som erbjuder f\u00f6retagsl\u00e5n f\u00f6r sm\u00e5f\u00f6retag. Det breda utbudet ger fantastiska m\u00f6jligheter \u2013 men kan ocks\u00e5\" \/>\n<meta property=\"og:url\" content=\"https:\/\/creddo.com\/se\/foretagslan\/smaforetag\/\" \/>\n<meta property=\"og:site_name\" content=\"Creddo\" \/>\n<meta property=\"article:publisher\" content=\"https:\/\/www.facebook.com\/creddose\" \/>\n<meta property=\"article:modified_time\" content=\"2025-12-16T14:36:28+00:00\" \/>\n<meta property=\"og:image\" content=\"https:\/\/creddo.com\/se\/wp-content\/uploads\/2024\/07\/52.jpg\" \/>\n\t<meta property=\"og:image:width\" content=\"1200\" \/>\n\t<meta property=\"og:image:height\" content=\"630\" \/>\n\t<meta property=\"og:image:type\" content=\"image\/jpeg\" \/>\n<meta name=\"twitter:card\" content=\"summary_large_image\" \/>\n<meta name=\"twitter:label1\" content=\"Ber\u00e4knad l\u00e4stid\" \/>\n\t<meta name=\"twitter:data1\" content=\"6 minuter\" \/>\n<script type=\"application\/ld+json\" class=\"yoast-schema-graph\">{\"@context\":\"https:\/\/schema.org\",\"@graph\":[{\"@type\":\"WebPage\",\"@id\":\"https:\/\/creddo.com\/se\/foretagslan\/smaforetag\/\",\"url\":\"https:\/\/creddo.com\/se\/foretagslan\/smaforetag\/\",\"name\":\"F\u00f6retagsl\u00e5n f\u00f6r sm\u00e5f\u00f6retagare - J\u00e4mf\u00f6r och ans\u00f6k enkelt | Creddo\",\"isPartOf\":{\"@id\":\"https:\/\/creddo.com\/se\/#website\"},\"datePublished\":\"2021-09-24T09:41:41+00:00\",\"dateModified\":\"2025-12-16T14:36:28+00:00\",\"description\":\"J\u00e4mf\u00f6r f\u00f6retagsl\u00e5n f\u00f6r sm\u00e5f\u00f6retag \u2013 ans\u00f6k enkelt hos \u00f6ver 25 l\u00e5ngivare med Creddo. Snabbt, tydligt och utan bindning\",\"breadcrumb\":{\"@id\":\"https:\/\/creddo.com\/se\/foretagslan\/smaforetag\/#breadcrumb\"},\"inLanguage\":\"sv-SE\",\"potentialAction\":[{\"@type\":\"ReadAction\",\"target\":[\"https:\/\/creddo.com\/se\/foretagslan\/smaforetag\/\"]}]},{\"@type\":\"BreadcrumbList\",\"@id\":\"https:\/\/creddo.com\/se\/foretagslan\/smaforetag\/#breadcrumb\",\"itemListElement\":[{\"@type\":\"ListItem\",\"position\":1,\"name\":\"Creddo.com\",\"item\":\"https:\/\/creddo.com\/se\/\"},{\"@type\":\"ListItem\",\"position\":2,\"name\":\"F\u00f6retagsl\u00e5n\",\"item\":\"https:\/\/creddo.com\/se\/foretagslan\/\"},{\"@type\":\"ListItem\",\"position\":3,\"name\":\"F\u00f6retagsl\u00e5n f\u00f6r sm\u00e5f\u00f6retagare\"}]},{\"@type\":\"WebSite\",\"@id\":\"https:\/\/creddo.com\/se\/#website\",\"url\":\"https:\/\/creddo.com\/se\/\",\"name\":\"Creddo\",\"description\":\"J\u00e4mf\u00f6r f\u00f6retagsl\u00e5n upp till 10 miljoner\",\"publisher\":{\"@id\":\"https:\/\/creddo.com\/se\/#organization\"},\"potentialAction\":[{\"@type\":\"SearchAction\",\"target\":{\"@type\":\"EntryPoint\",\"urlTemplate\":\"https:\/\/creddo.com\/se\/?s={search_term_string}\"},\"query-input\":{\"@type\":\"PropertyValueSpecification\",\"valueRequired\":true,\"valueName\":\"search_term_string\"}}],\"inLanguage\":\"sv-SE\"},{\"@type\":\"Organization\",\"@id\":\"https:\/\/creddo.com\/se\/#organization\",\"name\":\"Creddo AB\",\"url\":\"https:\/\/creddo.com\/se\/\",\"logo\":{\"@type\":\"ImageObject\",\"inLanguage\":\"sv-SE\",\"@id\":\"https:\/\/creddo.com\/se\/#\/schema\/logo\/image\/\",\"url\":\"https:\/\/creddo.com\/se\/wp-content\/uploads\/2024\/04\/Creddo-logo-square.png\",\"contentUrl\":\"https:\/\/creddo.com\/se\/wp-content\/uploads\/2024\/04\/Creddo-logo-square.png\",\"width\":720,\"height\":720,\"caption\":\"Creddo AB\"},\"image\":{\"@id\":\"https:\/\/creddo.com\/se\/#\/schema\/logo\/image\/\"},\"sameAs\":[\"https:\/\/www.facebook.com\/creddose\",\"https:\/\/www.linkedin.com\/company\/creddo-ab\/\"]}]}<\/script>\n<!-- \/ Yoast SEO Premium plugin. -->","yoast_head_json":{"title":"F\u00f6retagsl\u00e5n f\u00f6r sm\u00e5f\u00f6retagare - J\u00e4mf\u00f6r och ans\u00f6k enkelt | Creddo","description":"J\u00e4mf\u00f6r f\u00f6retagsl\u00e5n f\u00f6r sm\u00e5f\u00f6retag \u2013 ans\u00f6k enkelt hos \u00f6ver 25 l\u00e5ngivare med Creddo. Snabbt, tydligt och utan bindning","robots":{"index":"index","follow":"follow","max-snippet":"max-snippet:-1","max-image-preview":"max-image-preview:large","max-video-preview":"max-video-preview:-1"},"canonical":"https:\/\/creddo.com\/se\/foretagslan\/smaforetag\/","og_locale":"sv_SE","og_type":"article","og_title":"F\u00f6retagsl\u00e5n f\u00f6r sm\u00e5f\u00f6retagare","og_description":"I dag finns ett stort antal banker och finansbolag som erbjuder f\u00f6retagsl\u00e5n f\u00f6r sm\u00e5f\u00f6retag. Det breda utbudet ger fantastiska m\u00f6jligheter \u2013 men kan ocks\u00e5","og_url":"https:\/\/creddo.com\/se\/foretagslan\/smaforetag\/","og_site_name":"Creddo","article_publisher":"https:\/\/www.facebook.com\/creddose","article_modified_time":"2025-12-16T14:36:28+00:00","og_image":[{"width":1200,"height":630,"url":"https:\/\/creddo.com\/se\/wp-content\/uploads\/2024\/07\/52.jpg","type":"image\/jpeg"}],"twitter_card":"summary_large_image","twitter_misc":{"Ber\u00e4knad l\u00e4stid":"6 minuter"},"schema":{"@context":"https:\/\/schema.org","@graph":[{"@type":"WebPage","@id":"https:\/\/creddo.com\/se\/foretagslan\/smaforetag\/","url":"https:\/\/creddo.com\/se\/foretagslan\/smaforetag\/","name":"F\u00f6retagsl\u00e5n f\u00f6r sm\u00e5f\u00f6retagare - J\u00e4mf\u00f6r och ans\u00f6k enkelt | Creddo","isPartOf":{"@id":"https:\/\/creddo.com\/se\/#website"},"datePublished":"2021-09-24T09:41:41+00:00","dateModified":"2025-12-16T14:36:28+00:00","description":"J\u00e4mf\u00f6r f\u00f6retagsl\u00e5n f\u00f6r sm\u00e5f\u00f6retag \u2013 ans\u00f6k enkelt hos \u00f6ver 25 l\u00e5ngivare med Creddo. Snabbt, tydligt och utan bindning","breadcrumb":{"@id":"https:\/\/creddo.com\/se\/foretagslan\/smaforetag\/#breadcrumb"},"inLanguage":"sv-SE","potentialAction":[{"@type":"ReadAction","target":["https:\/\/creddo.com\/se\/foretagslan\/smaforetag\/"]}]},{"@type":"BreadcrumbList","@id":"https:\/\/creddo.com\/se\/foretagslan\/smaforetag\/#breadcrumb","itemListElement":[{"@type":"ListItem","position":1,"name":"Creddo.com","item":"https:\/\/creddo.com\/se\/"},{"@type":"ListItem","position":2,"name":"F\u00f6retagsl\u00e5n","item":"https:\/\/creddo.com\/se\/foretagslan\/"},{"@type":"ListItem","position":3,"name":"F\u00f6retagsl\u00e5n f\u00f6r sm\u00e5f\u00f6retagare"}]},{"@type":"WebSite","@id":"https:\/\/creddo.com\/se\/#website","url":"https:\/\/creddo.com\/se\/","name":"Creddo","description":"J\u00e4mf\u00f6r f\u00f6retagsl\u00e5n upp till 10 miljoner","publisher":{"@id":"https:\/\/creddo.com\/se\/#organization"},"potentialAction":[{"@type":"SearchAction","target":{"@type":"EntryPoint","urlTemplate":"https:\/\/creddo.com\/se\/?s={search_term_string}"},"query-input":{"@type":"PropertyValueSpecification","valueRequired":true,"valueName":"search_term_string"}}],"inLanguage":"sv-SE"},{"@type":"Organization","@id":"https:\/\/creddo.com\/se\/#organization","name":"Creddo AB","url":"https:\/\/creddo.com\/se\/","logo":{"@type":"ImageObject","inLanguage":"sv-SE","@id":"https:\/\/creddo.com\/se\/#\/schema\/logo\/image\/","url":"https:\/\/creddo.com\/se\/wp-content\/uploads\/2024\/04\/Creddo-logo-square.png","contentUrl":"https:\/\/creddo.com\/se\/wp-content\/uploads\/2024\/04\/Creddo-logo-square.png","width":720,"height":720,"caption":"Creddo AB"},"image":{"@id":"https:\/\/creddo.com\/se\/#\/schema\/logo\/image\/"},"sameAs":["https:\/\/www.facebook.com\/creddose","https:\/\/www.linkedin.com\/company\/creddo-ab\/"]}]}},"lang":"sv","translations":{"sv":1866},"pll_sync_post":[],"_links":{"self":[{"href":"https:\/\/creddo.com\/se\/wp-json\/wp\/v2\/pages\/1866","targetHints":{"allow":["GET"]}}],"collection":[{"href":"https:\/\/creddo.com\/se\/wp-json\/wp\/v2\/pages"}],"about":[{"href":"https:\/\/creddo.com\/se\/wp-json\/wp\/v2\/types\/page"}],"author":[{"embeddable":true,"href":"https:\/\/creddo.com\/se\/wp-json\/wp\/v2\/users\/12"}],"replies":[{"embeddable":true,"href":"https:\/\/creddo.com\/se\/wp-json\/wp\/v2\/comments?post=1866"}],"version-history":[{"count":15,"href":"https:\/\/creddo.com\/se\/wp-json\/wp\/v2\/pages\/1866\/revisions"}],"predecessor-version":[{"id":5291,"href":"https:\/\/creddo.com\/se\/wp-json\/wp\/v2\/pages\/1866\/revisions\/5291"}],"up":[{"embeddable":true,"href":"https:\/\/creddo.com\/se\/wp-json\/wp\/v2\/pages\/1141"}],"wp:attachment":[{"href":"https:\/\/creddo.com\/se\/wp-json\/wp\/v2\/media?parent=1866"}],"curies":[{"name":"wp","href":"https:\/\/api.w.org\/{rel}","templated":true}]}}