{"id":2533,"date":"2022-04-12T10:43:18","date_gmt":"2022-04-12T08:43:18","guid":{"rendered":"https:\/\/creddo.com\/se\/?page_id=2533"},"modified":"2025-10-21T16:01:43","modified_gmt":"2025-10-21T14:01:43","slug":"factoring","status":"publish","type":"page","link":"https:\/\/creddo.com\/se\/factoring\/","title":{"rendered":"Factoring"},"content":{"rendered":"\n<h2 class=\"wp-block-heading\" id=\"h-vad-ar-factoring-fakturakop\">Vad \u00e4r factoring (fakturak\u00f6p)?<\/h2>\n\n\n\n<p>Beh\u00f6ver ditt f\u00f6retag snabbare tillg\u00e5ng till pengar utan att ta ett traditionellt l\u00e5n? D\u00e5 kan factoring vara l\u00f6sningen \u2013 en flexibel finansieringsform som bygger p\u00e5 att s\u00e4lja eller bel\u00e5na fakturor.<\/p>\n\n\n\n<p>Factoring betyder att n\u00e5gon s\u00e4ljer eller bel\u00e5nar fakturor hos en bank eller ett annat finansinstitut. Det \u00e4r ett alternativ <a href=\"https:\/\/creddo.com\/se\/foretagslan\/\">till ett f\u00f6retagsl\u00e5n<\/a>, och en metod f\u00f6r att snabbt f\u00e5 loss kontanter till sin verksamhet.<\/p>\n\n\n\n<p>Begreppet factoring brukar \u00f6vers\u00e4ttas till fakturakredit p\u00e5 svenska, men det kallas ofta f\u00f6r fakturak\u00f6p.<\/p>\n\n\n\n<h2 class=\"wp-block-heading\" id=\"h-hur-fungerar-factoring\">Hur fungerar factoring?<\/h2>\n\n\n\n<h3 class=\"wp-block-heading\" id=\"h-nbsp-enklare-och-mer-direkt\"><strong>&nbsp;Enklare och mer direkt<\/strong><\/h3>\n\n\n\n<p>Har du fakturor som ligger obetalda och v\u00e4ntar? Med factoring kan du f\u00e5 betalt f\u00f6r dem direkt. Ist\u00e4llet f\u00f6r att v\u00e4nta p\u00e5 att dina kunder betalar, s\u00e4ljer eller bel\u00e5nar du fakturorna till ett finansbolag. P\u00e5 s\u00e5 s\u00e4tt f\u00e5r du tillg\u00e5ng till pengarna direkt och kan anv\u00e4nda dem i din verksamhet.<\/p>\n\n\n\n<h3 class=\"wp-block-heading\" id=\"h-med-mer-fokus-pa-fordelarna\"><strong>Med mer fokus p\u00e5 f\u00f6rdelarna<\/strong><\/h3>\n\n\n\n<p>Tr\u00f6tt p\u00e5 att v\u00e4nta p\u00e5 kundbetalningar? Factoring ger dig snabbare tillg\u00e5ng till dina pengar. Genom att s\u00e4lja eller bel\u00e5na dina utest\u00e5ende fakturor kan du f\u00f6rb\u00e4ttra ditt kassafl\u00f6de och investera i tillv\u00e4xt. Det \u00e4r ett enkelt och smidigt s\u00e4tt att s\u00e4kra din ekonomi.<\/p>\n\n\n\n<h2 class=\"wp-block-heading\" id=\"h-varfor-ar-factoring-en-bra-losning\"><strong>Varf\u00f6r \u00e4r factoring en bra l\u00f6sning?<\/strong><\/h2>\n\n\n\n<p>Den fr\u00e4msta orsaken till att factoring kan vara intressant \u00e4r att det ger m\u00f6jlighet till snabba kontanter i verksamheten. Kundernas betalningar dr\u00f6jer vanligtvis mellan 10 och 120 dagar fr\u00e5n fakturadatumet.<\/p>\n\n\n\n<p>N\u00e4r du anv\u00e4nder factoring kan du ist\u00e4llet f\u00e5 in beloppet inom n\u00e5gra dagar. P\u00e5 s\u00e5 s\u00e4tt kan du snabbt agera p\u00e5 investeringar och andra aff\u00e4rsm\u00f6jligheter.<\/p>\n\n\n\n<p>Eftersom factoringbolaget ocks\u00e5 tar \u00f6ver det administrativa arbetet (fakturor, betalningsp\u00e5minnelser, inkassokrav med mera) \u00e4r det ocks\u00e5 en l\u00f6sning som frig\u00f6r tid f\u00f6r ditt f\u00f6retag. Du beh\u00f6ver l\u00e4gga mindre resurser p\u00e5 s\u00e5v\u00e4l kundservice som annat arbete kring fakturorna.<\/p>\n\n\n\n<h2 class=\"wp-block-heading\" id=\"h-vilken-typ-av-factoring-ar-bast\">Vilken typ av factoring \u00e4r b\u00e4st?<\/h2>\n\n\n\n<p>N\u00e4r du b\u00f6rjar med factoring \u00e4r det framf\u00f6r allt tv\u00e5 saker att du beh\u00f6ver best\u00e4mma dig f\u00f6r: fakturak\u00f6p eller fakturabel\u00e5ning, och om eventuell fakturaf\u00f6rs\u00e4ljning ska g\u00f6ras med eller utan regress. H\u00e4r tittar vi n\u00e4rmare p\u00e5 skillnaderna och vad det \u00e4r bra att t\u00e4nka p\u00e5.<\/p>\n\n\n\n<p><strong>Factoring med och utan regress \u2013 vad inneb\u00e4r det?<\/strong><\/p>\n\n\n\n<p>N\u00e4r du v\u00e4ljer factoring beh\u00f6ver du ta st\u00e4llning till om du vill ha factoring <strong>med<\/strong> eller <strong>utan regress<\/strong>. Regress betyder helt enkelt att du som f\u00f6retagare kan bli \u00e5terbetalnings ansvarig om en kund inte betalar sin faktura.<\/p>\n\n\n\n<ul class=\"wp-block-list\">\n<li><strong>Factoring med regress:<\/strong> H\u00e4r beh\u00e5ller du en del av den finansiella risken. Om en kund inte betalar inom en viss tid, kan factoringbolaget &#8221;s\u00e4lja tillbaka&#8221; fakturan till dig. D\u00e5 m\u00e5ste du betala tillbaka de pengar du f\u00e5tt i f\u00f6rskott. F\u00f6rdelen \u00e4r oftast en l\u00e4gre kostnad, men du b\u00e4r en del av risken.<\/li>\n\n\n\n<li><strong>Factoring utan regress:<\/strong> H\u00e4r tar factoringbolaget \u00f6ver hela den finansiella risken f\u00f6r fakturorna. Oavsett om kunden betalar eller inte, s\u00e5 beh\u00f6ver du inte betala tillbaka n\u00e5got. F\u00f6rdelen \u00e4r trygghet, men det kostar ofta mer.<\/li>\n<\/ul>\n\n\n\n<p><strong>Vilket alternativ passar dig b\u00e4st?<\/strong> Det beror p\u00e5 din riskvilja och hur s\u00e4ker du \u00e4r p\u00e5 att dina kunder betalar. Om du har kunder med god betalningsf\u00f6rm\u00e5ga kan factoring med regress vara ett bra alternativ. Men om du vill minimera risken kan factoring utan regress vara att f\u00f6redra.<\/p>\n\n\n\n<p><strong>Sammanfattningsvis:<\/strong> Att v\u00e4lja mellan factoring med och utan regress \u00e4r ett viktigt beslut som p\u00e5verkar b\u00e5de kostnad och risk. T\u00e4nk noga igenom vad som \u00e4r viktigast f\u00f6r ditt f\u00f6retag innan du fattar ditt beslut.&#8221;<\/p>\n\n\n\n<h2 class=\"wp-block-heading\">Fakturak\u00f6p eller fakturabel\u00e5ning \u2013 vad passar dig b\u00e4st?<\/h2>\n\n\n\n<p>N\u00e4r man pratar om factoring anv\u00e4nds ofta begreppet &#8221;fakturak\u00f6p&#8221;, men det finns tv\u00e5 huvudalternativ: fakturak\u00f6p och fakturabel\u00e5ning. Skillnaden ligger i hur du finansierar dina utest\u00e5ende fakturor.<\/p>\n\n\n\n<ul class=\"wp-block-list\">\n<li><strong>Fakturak\u00f6p:<\/strong> H\u00e4r s\u00e4ljer du helt enkelt dina fakturor till ett factoringbolag. De blir d\u00e5 \u00e4gare till fakturorna och betalar dig ett belopp, vanligtvis mellan 80-95% av fakturabeloppet, direkt. F\u00f6rdelen \u00e4r att du f\u00e5r in pengar snabbt och att fakturorna f\u00f6rsvinner fr\u00e5n din balansr\u00e4kning, vilket kan f\u00f6rb\u00e4ttra dina finansiella nyckeltal.<\/li>\n\n\n\n<li><strong>Fakturabel\u00e5ning:<\/strong> H\u00e4r anv\u00e4nder du dina fakturor som s\u00e4kerhet f\u00f6r ett l\u00e5n. Du beh\u00e5ller \u00e4gander\u00e4tten till fakturorna, men factoringbolaget l\u00e5nar ut en viss del av fakturabeloppet till dig. N\u00e4r kunderna betalar dina fakturor betalar du tillbaka l\u00e5net. F\u00f6rdelen \u00e4r att du kan beh\u00e5lla kontrollen \u00f6ver dina fakturor, men du f\u00e5r inte lika mycket pengar direkt som vid ett fakturak\u00f6p.<\/li>\n<\/ul>\n\n\n\n<p><strong>Vilket alternativ ska du v\u00e4lja?<\/strong> Det beror p\u00e5 dina specifika behov och \u00f6nskem\u00e5l. Om du beh\u00f6ver snabba pengar och vill f\u00f6rb\u00e4ttra dina finansiella nyckeltal kan fakturak\u00f6p vara ett bra alternativ. Om du vill beh\u00e5lla mer kontroll \u00f6ver dina fakturor och inte beh\u00f6ver pengarna lika snabbt kan fakturabel\u00e5ning vara ett b\u00e4ttre val.<\/p>\n\n\n\n<h2 class=\"wp-block-heading\"><strong>Vad kostar factoring?<\/strong><\/h2>\n\n\n\n<p>Kostnaden f\u00f6r factoring varierar mellan olika bolag. Oftast brukar det handla om n\u00e5gra procent i avdrag samt eventuella hanterings- och fakturaavgifter.<\/p>\n\n\n\n<p>Det l\u00f6nar sig att j\u00e4mf\u00f6ra och skapa en bild av hur marknaden ser ut. Ibland kan det ocks\u00e5 finnas utrymme f\u00f6r att f\u00f6rhandla, eftersom konkurrensen bland factoringbolagen \u00e4r h\u00e5rd. St\u00f6rre volymer (fler fakturor) kan g\u00f6ra det billigare.<\/p>\n\n\n\n<h2 class=\"wp-block-heading\"><strong>Kan alla f\u00f6retag anv\u00e4nda factoring?<\/strong><\/h2>\n\n\n\n<p>Alla f\u00f6retag som skickar ut fakturor kan anv\u00e4nda sig av factoring. Antalet fakturor och deras storlek brukar inte p\u00e5verka m\u00f6jligheten att hitta en factoring partner. Fakturak\u00f6p kan dock vara ett extra anv\u00e4ndbart alternativ f\u00f6r f\u00f6retag som \u00e4r i en tillv\u00e4xtfas och snabbt beh\u00f6ver f\u00e5 tag i likvida kapital.<\/p>\n\n\n\n<p>Din betalningsf\u00f6rm\u00e5ga avg\u00f6r vilken typ av factoring du kan f\u00e5 tillg\u00e5ng till och vilka villkor du f\u00e5r. Vid factoring brukar \u00e4ven kundernas betalningsf\u00f6rm\u00e5ga utv\u00e4rderas, eftersom de \u00e4r ansvariga f\u00f6r att betala in fakturorna och p\u00e5 s\u00e5 s\u00e4tt p\u00e5verkar m\u00f6jligheterna att f\u00e5 in pengarna p\u00e5 ett smidigt s\u00e4tt.<\/p>\n\n\n\n<h2 class=\"wp-block-heading\"><strong>Branscher d\u00e4r factoring \u00e4r vanligast<\/strong><\/h2>\n\n\n\n<p>Factoring f\u00f6rekommer inom i princip alla branscher, men det \u00e4r allra vanligast inom de med l\u00e5nga kredittider, som till exempel:<\/p>\n\n\n\n<ul class=\"wp-block-list\">\n<li>Bygg<\/li>\n\n\n\n<li>Entreprenad<\/li>\n\n\n\n<li>Hantverk<\/li>\n\n\n\n<li>Transport<\/li>\n<\/ul>\n\n\n\n<p>Eftersom dessa f\u00f6retag skickar ut m\u00e5nga fakturor med l\u00e5nga kredittider har de mycket att vinna p\u00e5 att snabbt f\u00e5 in pengarna ist\u00e4llet f\u00f6r att v\u00e4nta p\u00e5 dem. Nackdelen med att betala f\u00f6r factoring l\u00f6sningen \u00f6verv\u00e4gs av f\u00f6rdelarna med att snabbt kunna agera p\u00e5 marknaden.<\/p>\n\n\n\n<p>Dessa branscher \u00e4r dock l\u00e5ngt ifr\u00e5n de enda som anv\u00e4nder factoring. Tv\u00e4rtom f\u00f6rekommer fakturak\u00f6p inom de flesta aff\u00e4rsomr\u00e5dena i viss utstr\u00e4ckning. Och allt fler f\u00f6retag f\u00e5r upp \u00f6gonen f\u00f6r f\u00f6rdelarna.<\/p>\n\n\n\n<h2 class=\"wp-block-heading\"><strong>G\u00e5r det att s\u00e4lja alla fakturor? \u00c4ven gamla?<\/strong><\/h2>\n\n\n\n<p>Det brukar normalt sett inte g\u00e5 att s\u00e4lja gamla fakturor till ett factoringbolag, men i \u00f6vrigt brukar du kunna \u00f6verl\u00e5ta alla dina kommande kundfakturor. Om du skulle beh\u00f6va s\u00e4lja gamla fakturor finns det dock f\u00f6retag som \u00e4r specialiserade p\u00e5 just den biten.<\/p>\n\n\n\n<p>Processen kan dock vara mer invecklad \u00e4n vanlig factoring. Med det i \u00e5tanke \u00e4r det definitivt l\u00e4ttare att b\u00f6rja med factoring utan att inkludera gamla fakturor.<\/p>\n\n\n\n<h2 class=\"wp-block-heading\"><strong>\u00c4r factoring ett b\u00e4ttre alternativ \u00e4n f\u00f6retagsl\u00e5n?<\/strong><\/h2>\n\n\n\n<p>M\u00e5nga som <a href=\"https:\/\/creddo.com\/se\/\">letar f\u00f6retagsfinansiering<\/a> undrar s\u00e5 klart om factoring eller ett traditionellt f\u00f6retagsl\u00e5n \u00e4r b\u00e4st. Dessv\u00e4rre g\u00e5r det inte att svara p\u00e5 det p\u00e5 rak arm. Precis som vid j\u00e4mf\u00f6relser av l\u00e5n \u00e4r det ditt f\u00f6retags unika f\u00f6ruts\u00e4ttningar och behov som avg\u00f6r vad som \u00e4r b\u00e4st.<\/p>\n\n\n\n<p>Factoring har f\u00f6rdelar och nackdelar, men det har \u00e4ven f\u00f6retagsl\u00e5n. D\u00e4rf\u00f6r kan det l\u00f6na sig att ta en titt p\u00e5 b\u00e5da delarna och j\u00e4mf\u00f6ra. Eftersom villkoren varierar mellan olika bolag \u00e4r det bra att anv\u00e4nda j\u00e4mf\u00f6relsetj\u00e4nster d\u00e4r man f\u00e5r m\u00e5nga erbjudanden p\u00e5 en g\u00e5ng.<\/p>\n\n\n\n<h2 class=\"wp-block-heading\"><strong>Att t\u00e4nka p\u00e5<\/strong><\/h2>\n\n\n\n<p>Eftersom factoring kostar en del och dessutom kan p\u00e5verka dina kundrelationer \u00e4r det viktigt att t\u00e4nka till. Dels beh\u00f6ver de ekonomiska f\u00f6rdelarna vara st\u00f6rre \u00e4n nackdelarna, dels beh\u00f6ver du hitta en bra leverant\u00f6r som behandlar dina kunder p\u00e5 r\u00e4tt s\u00e4tt.<\/p>\n\n\n\n<p>N\u00e4r du anv\u00e4nder ett factoringbolag kommer de att sk\u00f6ta kundkommunikationen, till exempel n\u00e4r det g\u00e4ller betalningsp\u00e5minnelser och inkasso f\u00f6rfaranden. Och detta beh\u00f6ver s\u00e5 klart ske p\u00e5 ett respektfullt och effektivt s\u00e4tt s\u00e5 att det inte p\u00e5verkar relationen med dina kunder.<\/p>\n\n\n\n<p>D\u00e4rf\u00f6r kan det vara bra att be om att f\u00e5 se hur fakturap\u00e5minnelser, dr\u00f6jsm\u00e5lsr\u00e4ntor och annat som hamnar hos dina kunder ser ut.<\/p>\n\n\n\n<p>Det \u00e4r ocks\u00e5 bra att j\u00e4mf\u00f6ra de olika alternativen p\u00e5 marknaden. Om du hittar en factoringl\u00f6sning med l\u00e4gre avgift kan det spara en hel del pengar \u00f6ver tid.<\/p>\n\n\n\n<p>T\u00e4nk p\u00e5 att f\u00f6rs\u00f6ka j\u00e4mf\u00f6ra de effektiva utgifterna, inklusive eventuella extra kostnader och avgifter. \u00c4ven utbetalningstiden kan variera. Att f\u00e5 tag i snabba kontanter \u00e4r en av de stora f\u00f6rdelarna med factoring, och d\u00e4rf\u00f6r \u00e4r det bra att titta noga p\u00e5 de olika erbjudandena.<\/p>\n\n\n\n<h2 class=\"wp-block-heading\"><strong>Creddo hj\u00e4lper dig att hitta ett b\u00e4st finansiering<\/strong><\/h2>\n\n\n\n<p>Vi i p\u00e5 Creddo erbjuder en j\u00e4mf\u00f6relsetj\u00e4nst f\u00f6r f\u00f6retagsl\u00e5n men \u00e4ven l\u00f6sningar f\u00f6r factoring och s\u00e5 kallade \u201ck\u00f6p nu och betala sedan\u201d tj\u00e4nster.. Hos oss kan du j\u00e4mf\u00f6ra \u00f6ver 25 olika l\u00e5ngivare, och vi \u00e4r specialiserade p\u00e5 att hj\u00e4lpa sm\u00e5f\u00f6retag.Du f\u00e5r en m\u00e4ngd f\u00f6rslag p\u00e5 l\u00e5n att ta st\u00e4llning till med endast en kreditupplysning, och du \u00e4r inte bunden f\u00f6rr\u00e4n du skrivit p\u00e5 ett avtal avtal med l\u00e5ngivaren.<\/p>\n\n\n\n<p>\n<a href=\"https:\/\/creddo.com\/se\/\" class=\"btn btn-blue\">G\u00f6r en kostnadsfri ans\u00f6kan<\/a>\n<\/p>\n","protected":false},"excerpt":{"rendered":"<p>Vad \u00e4r factoring (fakturak\u00f6p)? Beh\u00f6ver ditt f\u00f6retag snabbare tillg\u00e5ng till pengar utan att ta ett traditionellt l\u00e5n? D\u00e5 kan factoring vara l\u00f6sningen \u2013 en flexibel finansieringsform som bygger p\u00e5 att s\u00e4lja eller bel\u00e5na fakturor. Factoring betyder att n\u00e5gon s\u00e4ljer eller bel\u00e5nar fakturor hos en bank eller ett annat finansinstitut. Det \u00e4r ett alternativ till ett [&hellip;]<\/p>\n","protected":false},"author":12,"featured_media":0,"parent":0,"menu_order":0,"comment_status":"closed","ping_status":"closed","template":"new-creddo-page-with-slider.php","meta":{"_acf_changed":false,"_uag_custom_page_level_css":"","footnotes":""},"class_list":["post-2533","page","type-page","status-publish","hentry"],"acf":[],"yoast_head":"<!-- This site is optimized with the Yoast SEO Premium plugin v26.6 (Yoast SEO v26.8) - https:\/\/yoast.com\/product\/yoast-seo-premium-wordpress\/ -->\n<title>Factoring - F\u00f6r- och nackdelar med faktura k\u00f6p - Creddo<\/title>\n<meta name=\"description\" content=\"Factoring inneb\u00e4r att s\u00e4lja eller bel\u00e5na fakturor och kan vara ett alternativ till att l\u00e5na pengar f\u00f6r ett f\u00f6retag.\" \/>\n<meta name=\"robots\" content=\"index, follow, max-snippet:-1, max-image-preview:large, max-video-preview:-1\" \/>\n<link rel=\"canonical\" href=\"https:\/\/creddo.com\/se\/factoring\/\" \/>\n<meta property=\"og:locale\" content=\"sv_SE\" \/>\n<meta property=\"og:type\" content=\"article\" \/>\n<meta property=\"og:title\" content=\"Factoring\" \/>\n<meta property=\"og:description\" content=\"Vad \u00e4r factoring (fakturak\u00f6p)? Beh\u00f6ver ditt f\u00f6retag snabbare tillg\u00e5ng till pengar utan att ta ett traditionellt l\u00e5n? D\u00e5 kan factoring vara l\u00f6sningen \u2013 en\" \/>\n<meta property=\"og:url\" content=\"https:\/\/creddo.com\/se\/factoring\/\" \/>\n<meta property=\"og:site_name\" content=\"Creddo\" \/>\n<meta property=\"article:publisher\" content=\"https:\/\/www.facebook.com\/creddose\" \/>\n<meta property=\"article:modified_time\" content=\"2025-10-21T14:01:43+00:00\" \/>\n<meta property=\"og:image\" content=\"https:\/\/creddo.com\/se\/wp-content\/uploads\/2024\/07\/52.jpg\" \/>\n\t<meta property=\"og:image:width\" content=\"1200\" \/>\n\t<meta property=\"og:image:height\" content=\"630\" \/>\n\t<meta property=\"og:image:type\" content=\"image\/jpeg\" \/>\n<meta name=\"twitter:card\" content=\"summary_large_image\" \/>\n<meta name=\"twitter:label1\" content=\"Ber\u00e4knad l\u00e4stid\" \/>\n\t<meta name=\"twitter:data1\" content=\"8 minuter\" \/>\n<script type=\"application\/ld+json\" class=\"yoast-schema-graph\">{\"@context\":\"https:\/\/schema.org\",\"@graph\":[{\"@type\":\"WebPage\",\"@id\":\"https:\/\/creddo.com\/se\/factoring\/\",\"url\":\"https:\/\/creddo.com\/se\/factoring\/\",\"name\":\"Factoring - F\u00f6r- och nackdelar med faktura k\u00f6p - Creddo\",\"isPartOf\":{\"@id\":\"https:\/\/creddo.com\/se\/#website\"},\"datePublished\":\"2022-04-12T08:43:18+00:00\",\"dateModified\":\"2025-10-21T14:01:43+00:00\",\"description\":\"Factoring inneb\u00e4r att s\u00e4lja eller bel\u00e5na fakturor och kan vara ett alternativ till att l\u00e5na pengar f\u00f6r ett f\u00f6retag.\",\"breadcrumb\":{\"@id\":\"https:\/\/creddo.com\/se\/factoring\/#breadcrumb\"},\"inLanguage\":\"sv-SE\",\"potentialAction\":[{\"@type\":\"ReadAction\",\"target\":[\"https:\/\/creddo.com\/se\/factoring\/\"]}]},{\"@type\":\"BreadcrumbList\",\"@id\":\"https:\/\/creddo.com\/se\/factoring\/#breadcrumb\",\"itemListElement\":[{\"@type\":\"ListItem\",\"position\":1,\"name\":\"Creddo.com\",\"item\":\"https:\/\/creddo.com\/se\/\"},{\"@type\":\"ListItem\",\"position\":2,\"name\":\"Factoring\"}]},{\"@type\":\"WebSite\",\"@id\":\"https:\/\/creddo.com\/se\/#website\",\"url\":\"https:\/\/creddo.com\/se\/\",\"name\":\"Creddo\",\"description\":\"J\u00e4mf\u00f6r f\u00f6retagsl\u00e5n upp till 10 miljoner\",\"publisher\":{\"@id\":\"https:\/\/creddo.com\/se\/#organization\"},\"potentialAction\":[{\"@type\":\"SearchAction\",\"target\":{\"@type\":\"EntryPoint\",\"urlTemplate\":\"https:\/\/creddo.com\/se\/?s={search_term_string}\"},\"query-input\":{\"@type\":\"PropertyValueSpecification\",\"valueRequired\":true,\"valueName\":\"search_term_string\"}}],\"inLanguage\":\"sv-SE\"},{\"@type\":\"Organization\",\"@id\":\"https:\/\/creddo.com\/se\/#organization\",\"name\":\"Creddo AB\",\"url\":\"https:\/\/creddo.com\/se\/\",\"logo\":{\"@type\":\"ImageObject\",\"inLanguage\":\"sv-SE\",\"@id\":\"https:\/\/creddo.com\/se\/#\/schema\/logo\/image\/\",\"url\":\"https:\/\/creddo.com\/se\/wp-content\/uploads\/2024\/04\/Creddo-logo-square.png\",\"contentUrl\":\"https:\/\/creddo.com\/se\/wp-content\/uploads\/2024\/04\/Creddo-logo-square.png\",\"width\":720,\"height\":720,\"caption\":\"Creddo AB\"},\"image\":{\"@id\":\"https:\/\/creddo.com\/se\/#\/schema\/logo\/image\/\"},\"sameAs\":[\"https:\/\/www.facebook.com\/creddose\",\"https:\/\/www.linkedin.com\/company\/creddo-ab\/\"]}]}<\/script>\n<!-- \/ Yoast SEO Premium plugin. -->","yoast_head_json":{"title":"Factoring - F\u00f6r- och nackdelar med faktura k\u00f6p - Creddo","description":"Factoring inneb\u00e4r att s\u00e4lja eller bel\u00e5na fakturor och kan vara ett alternativ till att l\u00e5na pengar f\u00f6r ett f\u00f6retag.","robots":{"index":"index","follow":"follow","max-snippet":"max-snippet:-1","max-image-preview":"max-image-preview:large","max-video-preview":"max-video-preview:-1"},"canonical":"https:\/\/creddo.com\/se\/factoring\/","og_locale":"sv_SE","og_type":"article","og_title":"Factoring","og_description":"Vad \u00e4r factoring (fakturak\u00f6p)? Beh\u00f6ver ditt f\u00f6retag snabbare tillg\u00e5ng till pengar utan att ta ett traditionellt l\u00e5n? D\u00e5 kan factoring vara l\u00f6sningen \u2013 en","og_url":"https:\/\/creddo.com\/se\/factoring\/","og_site_name":"Creddo","article_publisher":"https:\/\/www.facebook.com\/creddose","article_modified_time":"2025-10-21T14:01:43+00:00","og_image":[{"width":1200,"height":630,"url":"https:\/\/creddo.com\/se\/wp-content\/uploads\/2024\/07\/52.jpg","type":"image\/jpeg"}],"twitter_card":"summary_large_image","twitter_misc":{"Ber\u00e4knad l\u00e4stid":"8 minuter"},"schema":{"@context":"https:\/\/schema.org","@graph":[{"@type":"WebPage","@id":"https:\/\/creddo.com\/se\/factoring\/","url":"https:\/\/creddo.com\/se\/factoring\/","name":"Factoring - F\u00f6r- och nackdelar med faktura k\u00f6p - Creddo","isPartOf":{"@id":"https:\/\/creddo.com\/se\/#website"},"datePublished":"2022-04-12T08:43:18+00:00","dateModified":"2025-10-21T14:01:43+00:00","description":"Factoring inneb\u00e4r att s\u00e4lja eller bel\u00e5na fakturor och kan vara ett alternativ till att l\u00e5na pengar f\u00f6r ett f\u00f6retag.","breadcrumb":{"@id":"https:\/\/creddo.com\/se\/factoring\/#breadcrumb"},"inLanguage":"sv-SE","potentialAction":[{"@type":"ReadAction","target":["https:\/\/creddo.com\/se\/factoring\/"]}]},{"@type":"BreadcrumbList","@id":"https:\/\/creddo.com\/se\/factoring\/#breadcrumb","itemListElement":[{"@type":"ListItem","position":1,"name":"Creddo.com","item":"https:\/\/creddo.com\/se\/"},{"@type":"ListItem","position":2,"name":"Factoring"}]},{"@type":"WebSite","@id":"https:\/\/creddo.com\/se\/#website","url":"https:\/\/creddo.com\/se\/","name":"Creddo","description":"J\u00e4mf\u00f6r f\u00f6retagsl\u00e5n upp till 10 miljoner","publisher":{"@id":"https:\/\/creddo.com\/se\/#organization"},"potentialAction":[{"@type":"SearchAction","target":{"@type":"EntryPoint","urlTemplate":"https:\/\/creddo.com\/se\/?s={search_term_string}"},"query-input":{"@type":"PropertyValueSpecification","valueRequired":true,"valueName":"search_term_string"}}],"inLanguage":"sv-SE"},{"@type":"Organization","@id":"https:\/\/creddo.com\/se\/#organization","name":"Creddo AB","url":"https:\/\/creddo.com\/se\/","logo":{"@type":"ImageObject","inLanguage":"sv-SE","@id":"https:\/\/creddo.com\/se\/#\/schema\/logo\/image\/","url":"https:\/\/creddo.com\/se\/wp-content\/uploads\/2024\/04\/Creddo-logo-square.png","contentUrl":"https:\/\/creddo.com\/se\/wp-content\/uploads\/2024\/04\/Creddo-logo-square.png","width":720,"height":720,"caption":"Creddo AB"},"image":{"@id":"https:\/\/creddo.com\/se\/#\/schema\/logo\/image\/"},"sameAs":["https:\/\/www.facebook.com\/creddose","https:\/\/www.linkedin.com\/company\/creddo-ab\/"]}]}},"lang":"sv","translations":{"sv":2533},"uagb_featured_image_src":{"full":false,"thumbnail":false,"medium":false,"medium_large":false,"large":false,"1536x1536":false,"2048x2048":false},"uagb_author_info":{"display_name":"Anette Isaksson","author_link":"https:\/\/creddo.com\/se\/experthornan\/author\/anette\/"},"uagb_comment_info":0,"uagb_excerpt":"Vad \u00e4r factoring (fakturak\u00f6p)? Beh\u00f6ver ditt f\u00f6retag snabbare tillg\u00e5ng till pengar utan att ta ett traditionellt l\u00e5n? D\u00e5 kan factoring vara l\u00f6sningen \u2013 en flexibel finansieringsform som bygger p\u00e5 att s\u00e4lja eller bel\u00e5na fakturor. Factoring betyder att n\u00e5gon s\u00e4ljer eller bel\u00e5nar fakturor hos en bank eller ett annat finansinstitut. Det \u00e4r ett alternativ till ett&hellip;","pll_sync_post":[],"_links":{"self":[{"href":"https:\/\/creddo.com\/se\/wp-json\/wp\/v2\/pages\/2533","targetHints":{"allow":["GET"]}}],"collection":[{"href":"https:\/\/creddo.com\/se\/wp-json\/wp\/v2\/pages"}],"about":[{"href":"https:\/\/creddo.com\/se\/wp-json\/wp\/v2\/types\/page"}],"author":[{"embeddable":true,"href":"https:\/\/creddo.com\/se\/wp-json\/wp\/v2\/users\/12"}],"replies":[{"embeddable":true,"href":"https:\/\/creddo.com\/se\/wp-json\/wp\/v2\/comments?post=2533"}],"version-history":[{"count":11,"href":"https:\/\/creddo.com\/se\/wp-json\/wp\/v2\/pages\/2533\/revisions"}],"predecessor-version":[{"id":5027,"href":"https:\/\/creddo.com\/se\/wp-json\/wp\/v2\/pages\/2533\/revisions\/5027"}],"wp:attachment":[{"href":"https:\/\/creddo.com\/se\/wp-json\/wp\/v2\/media?parent=2533"}],"curies":[{"name":"wp","href":"https:\/\/api.w.org\/{rel}","templated":true}]}}