{"id":2571,"date":"2022-05-02T15:41:51","date_gmt":"2022-05-02T13:41:51","guid":{"rendered":"https:\/\/creddo.com\/se\/?page_id=2571"},"modified":"2025-12-29T16:00:39","modified_gmt":"2025-12-29T15:00:39","slug":"foretagsinteckning","status":"publish","type":"page","link":"https:\/\/creddo.com\/se\/foretagslan\/foretagsinteckning\/","title":{"rendered":"Vad \u00e4r en f\u00f6retagsinteckning (f\u00f6retagshypotek)?"},"content":{"rendered":"\n<p>Att anv\u00e4nda <strong>f\u00f6retagsinteckning<\/strong> (\u00e4ven kallat f\u00f6retagshypotek) kan vara nyckeln till att du f\u00e5r ett <strong>b\u00e4ttre f\u00f6retagsl\u00e5n<\/strong> \u2014 med anpassade villkor, h\u00f6gre belopp och med en \u00f6kad flexibilitet. Med r\u00e4tt s\u00e4kerhet fr\u00e5n din r\u00f6relseegendom\u2014som maskiner, inventarier, varulager eller kundfordringar\u2014f\u00e5r l\u00e5ngivaren den trygghet som ofta kr\u00e4vs f\u00f6r att erbjudanden ska bli mer f\u00f6rdelaktiga.<\/p>\n\n\n\n<p>I den h\u00e4r artikeln dyker vi in i hur f\u00f6retagsinteckning fungerar:<\/p>\n\n\n\n<ul class=\"wp-block-list\">\n<li>Vad \u00e4r skillnaden mellan f\u00f6retagsinteckning och andra s\u00e4kerheter?<\/li>\n\n\n\n<li>Hur g\u00e5r det till att ans\u00f6ka om ett f\u00f6retagshypotek hos Bolagsverket?<\/li>\n\n\n\n<li>Vilka egendomar kan intecknas och vilka begr\u00e4nsningar g\u00e4ller?<\/li>\n\n\n\n<li>Hur p\u00e5verkar inteckningen dina l\u00e5nevillkor \u2013 och vilka risker b\u00f6r du vara medveten om?<\/li>\n<\/ul>\n\n\n\n<p>Oavsett om du vill v\u00e4xa, stabilisera kassafl\u00f6det eller f\u00e5 fler investeringsm\u00f6jligheter f\u00f6r din verksamhet, s\u00e5 ger f\u00f6retagsinteckning dig ett kraftfullt verktyg. L\u00e5t oss visa dig hur du anv\u00e4nder s\u00e4kerhet p\u00e5 smartast s\u00e4tt f\u00f6r att st\u00e4rka din kreditprofil och f\u00e5 de l\u00e5n du beh\u00f6ver, utan \u00f6verraskningar.<\/p>\n\n\n\n<h2 class=\"wp-block-heading\" id=\"h-vad-ar-en-foretagsinteckning-foretagshypotek\">Vad \u00e4r en f\u00f6retagsinteckning (f\u00f6retagshypotek)?<\/h2>\n\n\n\n<p>En f\u00f6retagsinteckning \u00e4r ett s\u00e4tt f\u00f6r f\u00f6retag att anv\u00e4nda sin fasta egendom eller r\u00f6relseegendom som s\u00e4kerhet f\u00f6r krediter. Det \u00e4r en garanti f\u00f6r banken som l\u00e5nar ut pengar till f\u00f6retaget.<\/p>\n\n\n\n<p>En f\u00f6retagsinteckning styrks genom ett f\u00f6retagsinteckningsbrev, och du hittar alla f\u00f6retagsinteckningar i f\u00f6retagsinteckningsregistret. F\u00f6retagsinteckningar kallas \u00e4ven f\u00f6r f\u00f6retagshypotek (company mortgage p\u00e5 engelska). Inteckning \u00e4r det gamla begreppet som sedan ersatts av hypotek, men b\u00e5da anv\u00e4nds och betyder samma sak.<\/p>\n\n\n\n<h2 class=\"wp-block-heading\" id=\"h-hur-gor-du-en-inteckning-for-foretaget-och-vad-kostar-det\">Hur g\u00f6r du en inteckning f\u00f6r f\u00f6retaget och vad kostar det?<\/h2>\n\n\n\n<p>Du kan g\u00f6ra en f\u00f6retags inteckning p\u00e5 Bolagsverkets hemsida. Kostnaden f\u00f6r att g\u00f6ra det \u00e4r en procent av det intecknade beloppet (s\u00e5 kallad st\u00e4mpelskatt). B\u00e5de fysiska och juridiska personer kan ans\u00f6ka.<\/p>\n\n\n\n<h2 class=\"wp-block-heading\">S\u00e4kra b\u00e4ttre l\u00e5nevillkor med f\u00f6retagsinteckning<\/h2>\n\n\n\n<p>En f\u00f6retagsinteckning fungerar som en s\u00e4kerhet f\u00f6r l\u00e5ngivaren n\u00e4r ett f\u00f6retag tar ett l\u00e5n. Genom att st\u00e4lla sin egendom som s\u00e4kerhet kan f\u00f6retaget ofta f\u00e5 b\u00e4ttre l\u00e5nevillkor, s\u00e5som l\u00e4gre r\u00e4nta och l\u00e4ngre \u00e5terbetalningstid.<\/p>\n\n\n\n<h3 class=\"wp-block-heading\">Varf\u00f6r \u00e4r f\u00f6retagsinteckning en bra id\u00e9?<\/h3>\n\n\n\n<ul class=\"wp-block-list\">\n<li><strong>B\u00e4ttre l\u00e5nevillkor:<\/strong> Den \u00f6kar din trov\u00e4rdighet som l\u00e5ntagare och ger dig m\u00f6jlighet att f\u00f6rhandla om b\u00e4ttre villkor.<\/li>\n\n\n\n<li><strong>St\u00f6rre l\u00e5nebelopp:<\/strong> Genom att erbjuda s\u00e4kerhet kan du ofta l\u00e5na st\u00f6rre belopp \u00e4n vad som annars skulle vara m\u00f6jligt.<\/li>\n\n\n\n<li><strong>L\u00e4ngre \u00e5terbetalningstid:<\/strong> En f\u00f6retagsinteckning kan ge dig en l\u00e4ngre \u00e5terbetalningstid, vilket kan underl\u00e4tta din ekonomiska planering.<\/li>\n<\/ul>\n\n\n\n<h3 class=\"wp-block-heading\">Vad \u00e4r viktigt att t\u00e4nka p\u00e5?<\/h3>\n\n\n\n<ul class=\"wp-block-list\">\n<li><strong>F\u00f6rlustrisk:<\/strong> Om f\u00f6retaget inte kan betala tillbaka l\u00e5net kan l\u00e5ngivaren tvingas s\u00e4lja den egendom som omfattas av f\u00f6retagsinteckningen.<\/li>\n\n\n\n<li><strong>Begr\u00e4nsad handlingsfrihet:<\/strong> En f\u00f6retagsinteckning kan begr\u00e4nsa din m\u00f6jlighet att s\u00e4lja eller bel\u00e5na den egendom som omfattas av s\u00e4kerheten.<\/li>\n\n\n\n<li><strong>R\u00e5dfr\u00e5ga en expert:<\/strong> Det \u00e4r viktigt att noga \u00f6verv\u00e4ga f\u00f6rdelarna och nackdelarna med en f\u00f6retagsinteckning innan du fattar ett beslut. R\u00e5dfr\u00e5ga en ekonomisk r\u00e5dgivare eller jurist f\u00f6r att f\u00e5 personlig r\u00e5dgivning.<\/li>\n<\/ul>\n\n\n\n<h2 class=\"wp-block-heading\">Sammanfattning<\/h2>\n\n\n\n<p>En f\u00f6retagsinteckning kan vara ett v\u00e4rdefullt verktyg f\u00f6r f\u00f6retag som beh\u00f6ver finansiering. Genom att erbjuda s\u00e4kerhet kan du f\u00e5 b\u00e4ttre l\u00e5nevillkor och \u00f6ka din finansiella flexibilitet. Det \u00e4r dock viktigt att vara medveten om riskerna och att noga \u00f6verv\u00e4ga om en f\u00f6retagsinteckning \u00e4r r\u00e4tt l\u00f6sning f\u00f6r ditt f\u00f6retag.<\/p>\n\n\n\n<h3 class=\"wp-block-heading\" id=\"h-vad-raknas-som-rorelseegendom\">Vad r\u00e4knas som r\u00f6relseegendom?<\/h3>\n\n\n\n<p>En stor f\u00f6rdel med f\u00f6retagshypotek \u00e4r att du kan inteckna f\u00f6retagets s\u00e5 kallade r\u00f6relseegendom. N\u00e5gra exempel p\u00e5 r\u00f6relseegendom som kan ing\u00e5 i f\u00f6retagsinteckningar \u00e4r:<\/p>\n\n\n\n<ul class=\"wp-block-list\">\n<li>Inventarier<\/li>\n\n\n\n<li>Kontorsmaterial<\/li>\n\n\n\n<li>Kundfordringar (fakturor)<\/li>\n\n\n\n<li>Maskiner<\/li>\n\n\n\n<li>M\u00f6bler<\/li>\n\n\n\n<li>Varulager<\/li>\n<\/ul>\n\n\n\n<p>Det \u00e4r bra att ha i \u00e5tanke att en f\u00f6retagsinteckning inte \u00e4r bunden till viss best\u00e4md egendom. Om du g\u00f6r inteckningen vid en viss tidpunkt kan inneh\u00e5llet f\u00f6r\u00e4ndras \u00f6ver tid. R\u00f6relsegendomen ska kunna vara f\u00f6r\u00e4nderlig s\u00e5 att f\u00f6retaget kan utnyttja den i verksamheten, trots att den fungerar som s\u00e4kerhet f\u00f6r en kredit.<\/p>\n\n\n\n<h3 class=\"wp-block-heading\" id=\"h-vad-kan-du-inte-ta-med-i-en-foretagsinteckning\">Vad kan du inte ta med i en f\u00f6retagsinteckning?<\/h3>\n\n\n\n<p>Kassamedel, bankmedel och v\u00e4rdepapper kan inte f\u00f6retagsintecknas. Detsamma g\u00e4ller egendom som inte kan utm\u00e4tas eller egendom som andra har s\u00e4kerhetsr\u00e4tt till. Privat egendom omfattas inte heller.<\/p>\n\n\n\n<h3 class=\"wp-block-heading\" id=\"h-doda-foretagsinteckning\">D\u00f6da f\u00f6retagsinteckning<\/h3>\n\n\n\n<p>N\u00e4r du inte l\u00e4ngre beh\u00f6ver en f\u00f6retagsinteckning kan du avsluta den genom att d\u00f6da den. Detta g\u00f6r du genom att fylla i en blankett fr\u00e5n Bolagsverket. Du beh\u00f6ver f\u00e5 ett medgivande fr\u00e5n innehavaren av inteckningen, vilket vanligtvis \u00e4r borgen\u00e4ren som l\u00e5nat ut pengar till ditt f\u00f6retag.<\/p>\n\n\n\n<h3 class=\"wp-block-heading\" id=\"h-bokforing-av-foretagsinteckningar\">Bokf\u00f6ring av f\u00f6retagsinteckningar<\/h3>\n\n\n\n<p>En f\u00f6retagsinteckning \u00e4r inte n\u00e5got som beh\u00f6ver bokf\u00f6ras som en skuld i balansr\u00e4kningen \u2013 d\u00e4remot beh\u00f6ver den noteras under st\u00e4llda panter i \u00e5rsredovisningen. Avgifterna kring inteckningen, till exempel st\u00e4mpelskatt, beh\u00f6ver dock tas med i balansr\u00e4kningen.<\/p>\n\n\n\n<h3 class=\"wp-block-heading\" id=\"h-foretagsinteckning-och-foretagslan\">F\u00f6retagsinteckning och f\u00f6retagsl\u00e5n<\/h3>\n\n\n\n<p>M\u00f6jligheten att inteckna varulager, inventarier och annan l\u00f6s egendom kan hj\u00e4lpa dig att f\u00e5 tag i <a href=\"https:\/\/creddo.com\/se\/foretagslan\/\">ett f\u00f6retagsl\u00e5n med b\u00e4ttre villkor<\/a>. Men det \u00e4r ocks\u00e5 viktigt att j\u00e4mf\u00f6ra, s\u00e5 att du f\u00f6rst\u00e5r hur l\u00e5n marknaden ser ut.<\/p>\n\n\n\n<p>H\u00e4r p\u00e5 Creddo kan du snabbt och enkelt j\u00e4mf\u00f6ra \u00f6ver 20 olika l\u00e5ngivare och hitta det b\u00e4sta l\u00e5net efter dina f\u00f6ruts\u00e4ttningar. Det \u00e4r kostnadsfritt f\u00f6r dig som tecknar l\u00e5net och g\u00f6rs med endast en kreditupplysning.<\/p>\n\n\n\n<p>\n<a href=\"https:\/\/creddo.com\/se\/foretagslan\" class=\"btn btn-blue\">J\u00e4mf\u00f6r l\u00e5ngivare via Creddo<\/a>\n<\/p>\n","protected":false},"excerpt":{"rendered":"<p>Att anv\u00e4nda f\u00f6retagsinteckning (\u00e4ven kallat f\u00f6retagshypotek) kan vara nyckeln till att du f\u00e5r ett b\u00e4ttre f\u00f6retagsl\u00e5n \u2014 med anpassade villkor, h\u00f6gre belopp och med en \u00f6kad flexibilitet. Med r\u00e4tt s\u00e4kerhet fr\u00e5n din r\u00f6relseegendom\u2014som maskiner, inventarier, varulager eller kundfordringar\u2014f\u00e5r l\u00e5ngivaren den trygghet som ofta kr\u00e4vs f\u00f6r att erbjudanden ska bli mer f\u00f6rdelaktiga. I den h\u00e4r artikeln [&hellip;]<\/p>\n","protected":false},"author":12,"featured_media":0,"parent":1141,"menu_order":0,"comment_status":"closed","ping_status":"closed","template":"new-creddo-page-with-slider.php","meta":{"_acf_changed":false,"footnotes":""},"class_list":["post-2571","page","type-page","status-publish","hentry"],"acf":[],"yoast_head":"<!-- This site is optimized with the Yoast SEO Premium plugin v26.6 (Yoast SEO v26.8) - https:\/\/yoast.com\/product\/yoast-seo-premium-wordpress\/ -->\n<title>F\u00f6retagsinteckning \u2013 F\u00f6retagsl\u00e5n med f\u00f6retagshypotek via Creddo<\/title>\n<meta name=\"description\" content=\"Utforska hur en f\u00f6retagsinteckning kan f\u00f6rb\u00e4ttra dina l\u00e5nevillkor. L\u00e4r dig processen, kostnader och f\u00f6rdelar med f\u00f6retagshypotek via Creddo.\" \/>\n<meta name=\"robots\" content=\"index, follow, max-snippet:-1, max-image-preview:large, max-video-preview:-1\" \/>\n<link rel=\"canonical\" href=\"https:\/\/creddo.com\/se\/foretagslan\/foretagsinteckning\/\" \/>\n<meta property=\"og:locale\" content=\"sv_SE\" \/>\n<meta property=\"og:type\" content=\"article\" \/>\n<meta property=\"og:title\" content=\"Vad \u00e4r en f\u00f6retagsinteckning (f\u00f6retagshypotek)?\" \/>\n<meta property=\"og:description\" content=\"Att anv\u00e4nda f\u00f6retagsinteckning (\u00e4ven kallat f\u00f6retagshypotek) kan vara nyckeln till att du f\u00e5r ett b\u00e4ttre f\u00f6retagsl\u00e5n \u2014 med anpassade villkor, h\u00f6gre belopp\" \/>\n<meta property=\"og:url\" content=\"https:\/\/creddo.com\/se\/foretagslan\/foretagsinteckning\/\" \/>\n<meta property=\"og:site_name\" content=\"Creddo\" \/>\n<meta property=\"article:publisher\" content=\"https:\/\/www.facebook.com\/creddose\" \/>\n<meta property=\"article:modified_time\" content=\"2025-12-29T15:00:39+00:00\" \/>\n<meta property=\"og:image\" content=\"https:\/\/creddo.com\/se\/wp-content\/uploads\/2024\/07\/52.jpg\" \/>\n\t<meta property=\"og:image:width\" content=\"1200\" \/>\n\t<meta property=\"og:image:height\" content=\"630\" \/>\n\t<meta property=\"og:image:type\" content=\"image\/jpeg\" \/>\n<meta name=\"twitter:card\" content=\"summary_large_image\" \/>\n<meta name=\"twitter:label1\" content=\"Ber\u00e4knad l\u00e4stid\" \/>\n\t<meta name=\"twitter:data1\" content=\"4 minuter\" \/>\n<script type=\"application\/ld+json\" class=\"yoast-schema-graph\">{\"@context\":\"https:\/\/schema.org\",\"@graph\":[{\"@type\":\"WebPage\",\"@id\":\"https:\/\/creddo.com\/se\/foretagslan\/foretagsinteckning\/\",\"url\":\"https:\/\/creddo.com\/se\/foretagslan\/foretagsinteckning\/\",\"name\":\"F\u00f6retagsinteckning \u2013 F\u00f6retagsl\u00e5n med f\u00f6retagshypotek via Creddo\",\"isPartOf\":{\"@id\":\"https:\/\/creddo.com\/se\/#website\"},\"datePublished\":\"2022-05-02T13:41:51+00:00\",\"dateModified\":\"2025-12-29T15:00:39+00:00\",\"description\":\"Utforska hur en f\u00f6retagsinteckning kan f\u00f6rb\u00e4ttra dina l\u00e5nevillkor. L\u00e4r dig processen, kostnader och f\u00f6rdelar med f\u00f6retagshypotek via Creddo.\",\"breadcrumb\":{\"@id\":\"https:\/\/creddo.com\/se\/foretagslan\/foretagsinteckning\/#breadcrumb\"},\"inLanguage\":\"sv-SE\",\"potentialAction\":[{\"@type\":\"ReadAction\",\"target\":[\"https:\/\/creddo.com\/se\/foretagslan\/foretagsinteckning\/\"]}]},{\"@type\":\"BreadcrumbList\",\"@id\":\"https:\/\/creddo.com\/se\/foretagslan\/foretagsinteckning\/#breadcrumb\",\"itemListElement\":[{\"@type\":\"ListItem\",\"position\":1,\"name\":\"Creddo.com\",\"item\":\"https:\/\/creddo.com\/se\/\"},{\"@type\":\"ListItem\",\"position\":2,\"name\":\"F\u00f6retagsl\u00e5n\",\"item\":\"https:\/\/creddo.com\/se\/foretagslan\/\"},{\"@type\":\"ListItem\",\"position\":3,\"name\":\"Vad \u00e4r en f\u00f6retagsinteckning (f\u00f6retagshypotek)?\"}]},{\"@type\":\"WebSite\",\"@id\":\"https:\/\/creddo.com\/se\/#website\",\"url\":\"https:\/\/creddo.com\/se\/\",\"name\":\"Creddo\",\"description\":\"J\u00e4mf\u00f6r f\u00f6retagsl\u00e5n upp till 10 miljoner\",\"publisher\":{\"@id\":\"https:\/\/creddo.com\/se\/#organization\"},\"potentialAction\":[{\"@type\":\"SearchAction\",\"target\":{\"@type\":\"EntryPoint\",\"urlTemplate\":\"https:\/\/creddo.com\/se\/?s={search_term_string}\"},\"query-input\":{\"@type\":\"PropertyValueSpecification\",\"valueRequired\":true,\"valueName\":\"search_term_string\"}}],\"inLanguage\":\"sv-SE\"},{\"@type\":\"Organization\",\"@id\":\"https:\/\/creddo.com\/se\/#organization\",\"name\":\"Creddo AB\",\"url\":\"https:\/\/creddo.com\/se\/\",\"logo\":{\"@type\":\"ImageObject\",\"inLanguage\":\"sv-SE\",\"@id\":\"https:\/\/creddo.com\/se\/#\/schema\/logo\/image\/\",\"url\":\"https:\/\/creddo.com\/se\/wp-content\/uploads\/2024\/04\/Creddo-logo-square.png\",\"contentUrl\":\"https:\/\/creddo.com\/se\/wp-content\/uploads\/2024\/04\/Creddo-logo-square.png\",\"width\":720,\"height\":720,\"caption\":\"Creddo AB\"},\"image\":{\"@id\":\"https:\/\/creddo.com\/se\/#\/schema\/logo\/image\/\"},\"sameAs\":[\"https:\/\/www.facebook.com\/creddose\",\"https:\/\/www.linkedin.com\/company\/creddo-ab\/\"]}]}<\/script>\n<!-- \/ Yoast SEO Premium plugin. -->","yoast_head_json":{"title":"F\u00f6retagsinteckning \u2013 F\u00f6retagsl\u00e5n med f\u00f6retagshypotek via Creddo","description":"Utforska hur en f\u00f6retagsinteckning kan f\u00f6rb\u00e4ttra dina l\u00e5nevillkor. L\u00e4r dig processen, kostnader och f\u00f6rdelar med f\u00f6retagshypotek via Creddo.","robots":{"index":"index","follow":"follow","max-snippet":"max-snippet:-1","max-image-preview":"max-image-preview:large","max-video-preview":"max-video-preview:-1"},"canonical":"https:\/\/creddo.com\/se\/foretagslan\/foretagsinteckning\/","og_locale":"sv_SE","og_type":"article","og_title":"Vad \u00e4r en f\u00f6retagsinteckning (f\u00f6retagshypotek)?","og_description":"Att anv\u00e4nda f\u00f6retagsinteckning (\u00e4ven kallat f\u00f6retagshypotek) kan vara nyckeln till att du f\u00e5r ett b\u00e4ttre f\u00f6retagsl\u00e5n \u2014 med anpassade villkor, h\u00f6gre belopp","og_url":"https:\/\/creddo.com\/se\/foretagslan\/foretagsinteckning\/","og_site_name":"Creddo","article_publisher":"https:\/\/www.facebook.com\/creddose","article_modified_time":"2025-12-29T15:00:39+00:00","og_image":[{"width":1200,"height":630,"url":"https:\/\/creddo.com\/se\/wp-content\/uploads\/2024\/07\/52.jpg","type":"image\/jpeg"}],"twitter_card":"summary_large_image","twitter_misc":{"Ber\u00e4knad l\u00e4stid":"4 minuter"},"schema":{"@context":"https:\/\/schema.org","@graph":[{"@type":"WebPage","@id":"https:\/\/creddo.com\/se\/foretagslan\/foretagsinteckning\/","url":"https:\/\/creddo.com\/se\/foretagslan\/foretagsinteckning\/","name":"F\u00f6retagsinteckning \u2013 F\u00f6retagsl\u00e5n med f\u00f6retagshypotek via Creddo","isPartOf":{"@id":"https:\/\/creddo.com\/se\/#website"},"datePublished":"2022-05-02T13:41:51+00:00","dateModified":"2025-12-29T15:00:39+00:00","description":"Utforska hur en f\u00f6retagsinteckning kan f\u00f6rb\u00e4ttra dina l\u00e5nevillkor. L\u00e4r dig processen, kostnader och f\u00f6rdelar med f\u00f6retagshypotek via Creddo.","breadcrumb":{"@id":"https:\/\/creddo.com\/se\/foretagslan\/foretagsinteckning\/#breadcrumb"},"inLanguage":"sv-SE","potentialAction":[{"@type":"ReadAction","target":["https:\/\/creddo.com\/se\/foretagslan\/foretagsinteckning\/"]}]},{"@type":"BreadcrumbList","@id":"https:\/\/creddo.com\/se\/foretagslan\/foretagsinteckning\/#breadcrumb","itemListElement":[{"@type":"ListItem","position":1,"name":"Creddo.com","item":"https:\/\/creddo.com\/se\/"},{"@type":"ListItem","position":2,"name":"F\u00f6retagsl\u00e5n","item":"https:\/\/creddo.com\/se\/foretagslan\/"},{"@type":"ListItem","position":3,"name":"Vad \u00e4r en f\u00f6retagsinteckning (f\u00f6retagshypotek)?"}]},{"@type":"WebSite","@id":"https:\/\/creddo.com\/se\/#website","url":"https:\/\/creddo.com\/se\/","name":"Creddo","description":"J\u00e4mf\u00f6r f\u00f6retagsl\u00e5n upp till 10 miljoner","publisher":{"@id":"https:\/\/creddo.com\/se\/#organization"},"potentialAction":[{"@type":"SearchAction","target":{"@type":"EntryPoint","urlTemplate":"https:\/\/creddo.com\/se\/?s={search_term_string}"},"query-input":{"@type":"PropertyValueSpecification","valueRequired":true,"valueName":"search_term_string"}}],"inLanguage":"sv-SE"},{"@type":"Organization","@id":"https:\/\/creddo.com\/se\/#organization","name":"Creddo AB","url":"https:\/\/creddo.com\/se\/","logo":{"@type":"ImageObject","inLanguage":"sv-SE","@id":"https:\/\/creddo.com\/se\/#\/schema\/logo\/image\/","url":"https:\/\/creddo.com\/se\/wp-content\/uploads\/2024\/04\/Creddo-logo-square.png","contentUrl":"https:\/\/creddo.com\/se\/wp-content\/uploads\/2024\/04\/Creddo-logo-square.png","width":720,"height":720,"caption":"Creddo AB"},"image":{"@id":"https:\/\/creddo.com\/se\/#\/schema\/logo\/image\/"},"sameAs":["https:\/\/www.facebook.com\/creddose","https:\/\/www.linkedin.com\/company\/creddo-ab\/"]}]}},"lang":"sv","translations":{"sv":2571},"pll_sync_post":[],"_links":{"self":[{"href":"https:\/\/creddo.com\/se\/wp-json\/wp\/v2\/pages\/2571","targetHints":{"allow":["GET"]}}],"collection":[{"href":"https:\/\/creddo.com\/se\/wp-json\/wp\/v2\/pages"}],"about":[{"href":"https:\/\/creddo.com\/se\/wp-json\/wp\/v2\/types\/page"}],"author":[{"embeddable":true,"href":"https:\/\/creddo.com\/se\/wp-json\/wp\/v2\/users\/12"}],"replies":[{"embeddable":true,"href":"https:\/\/creddo.com\/se\/wp-json\/wp\/v2\/comments?post=2571"}],"version-history":[{"count":9,"href":"https:\/\/creddo.com\/se\/wp-json\/wp\/v2\/pages\/2571\/revisions"}],"predecessor-version":[{"id":5346,"href":"https:\/\/creddo.com\/se\/wp-json\/wp\/v2\/pages\/2571\/revisions\/5346"}],"up":[{"embeddable":true,"href":"https:\/\/creddo.com\/se\/wp-json\/wp\/v2\/pages\/1141"}],"wp:attachment":[{"href":"https:\/\/creddo.com\/se\/wp-json\/wp\/v2\/media?parent=2571"}],"curies":[{"name":"wp","href":"https:\/\/api.w.org\/{rel}","templated":true}]}}