{"id":2597,"date":"2022-06-03T10:08:52","date_gmt":"2022-06-03T08:08:52","guid":{"rendered":"https:\/\/creddo.com\/se\/?page_id=2597"},"modified":"2025-12-11T16:36:23","modified_gmt":"2025-12-11T15:36:23","slug":"kreditera-faktura","status":"publish","type":"page","link":"https:\/\/creddo.com\/se\/kreditera-faktura\/","title":{"rendered":"Vad inneb\u00e4r det att kreditera en faktura?"},"content":{"rendered":"\n<p>Du kan v\u00e4lja att kreditera fakturor d\u00e4r n\u00e5got g\u00e5tt fel. Men vad inneb\u00e4r det mer exakt och hur g\u00e5r du tillv\u00e4ga? Finns det n\u00e5got mer som \u00e4r viktigt att t\u00e4nka p\u00e5?<\/p>\n\n\n\n<h2 class=\"wp-block-heading\" id=\"h-att-kreditera-en-faktura\">Att kreditera en faktura<\/h2>\n\n\n\n<p>En faktura \u00e4r ett betalningskrav som skickas ut till en kund, exempelvis vid k\u00f6p av en vara eller tj\u00e4nst. Den inneh\u00e5ller till exempel belopp, f\u00f6rfallodatum och betalningsinformation. I de flesta fall \u00e4r fakturor korrekta och betalas av kunden utan \u00e5tg\u00e4rd, men vissa kan beh\u00f6va krediteras. Processen med att kreditera en faktura kan kr\u00e4va noggrannhet f\u00f6r att s\u00e4kerst\u00e4lla att alla detaljer \u00e4r korrekta.<\/p>\n\n\n\n<p>Att kreditera en faktura inneb\u00e4r att du stryker den eller minskar betalningsbeloppet. N\u00e5gra vanliga orsaker \u00e4r skador, returer och kompensationer. Ibland kan fakturor ocks\u00e5 ha utg\u00e5tt felaktigt, d\u00e5 brukar processen ist\u00e4llet kallas f\u00f6r makulering.<\/p>\n\n\n\n<figure class=\"wp-block-gallery aligncenter has-nested-images columns-default is-cropped wp-block-gallery-1 is-layout-flex wp-block-gallery-is-layout-flex\">\n<figure class=\"wp-block-image size-large\"><img fetchpriority=\"high\" decoding=\"async\" width=\"1024\" height=\"633\" data-id=\"5083\" src=\"https:\/\/creddo.com\/se\/wp-content\/uploads\/2025\/10\/kreditera-faktura-creddo-min-1024x633.png\" alt=\"\" class=\"wp-image-5083\" srcset=\"https:\/\/creddo.com\/se\/wp-content\/uploads\/2025\/10\/kreditera-faktura-creddo-min-1024x633.png 1024w, https:\/\/creddo.com\/se\/wp-content\/uploads\/2025\/10\/kreditera-faktura-creddo-min-300x185.png 300w, https:\/\/creddo.com\/se\/wp-content\/uploads\/2025\/10\/kreditera-faktura-creddo-min-768x475.png 768w, https:\/\/creddo.com\/se\/wp-content\/uploads\/2025\/10\/kreditera-faktura-creddo-min.png 1446w\" sizes=\"(max-width: 1024px) 100vw, 1024px\" \/><\/figure>\n<\/figure>\n\n\n\n<p>D\u00e5 skapas en s\u00e5 kallad kreditfaktura. Kreditfakturor kallas ocks\u00e5 f\u00f6r kreditnotor, omv\u00e4nda fakturor eller minusfakturor. De skickas ut till kunden p\u00e5 samma s\u00e4tt som den f\u00f6reg\u00e5ende fakturan.<\/p>\n\n\n\n<hr class=\"wp-block-separator has-css-opacity\"\/>\n\n\n\n<p class=\"has-text-align-center\"><strong>Tips! <\/strong>L\u00e4s mer om <a href=\"https:\/\/creddo.com\/se\/bokforing\/leverantorsreskontra\/\">leverant\u00f6rsreskontra<\/a>.<\/p>\n\n\n\n<hr class=\"wp-block-separator has-css-opacity\"\/>\n\n\n\n<h3 class=\"wp-block-heading\" id=\"h-hur-ser-en-krediterad-faktura-ut\">Hur ser en krediterad faktura ut?<\/h3>\n\n\n\n<p>En krediterad faktura ser ut som den ursprungliga fakturan, med skillnaden att artiklar, rader och beloppet tagits bort eller \u00e4ndrats. Det nya beloppet f\u00e5r dock inte \u00f6verstiga det ursprungliga fakturabeloppet. Vid kreditera en faktura f\u00e5r du d\u00e4rmed endast ange ett mindre belopp \u00e4n tidigare.<\/p>\n\n\n\n<p>En kreditfaktura brukar dessutom ha ett negativt belopp tillgodo eller att erh\u00e5lla, ist\u00e4llet f\u00f6r en summa att betala in. Om du anv\u00e4nder ett faktura- eller ekonomiprogram kan du ofta kreditera fakturor direkt i systemet.<\/p>\n\n\n\n<h3 class=\"wp-block-heading\" id=\"h-kreditering-inom-bokforing\">Kreditering inom bokf\u00f6ring<\/h3>\n\n\n\n<p>Det kan ocks\u00e5 vara bra att veta att kreditering kan ha en annan betydelse. N\u00e4r vi talar om <a href=\"https:\/\/creddo.com\/se\/bokforing\/\">bokf\u00f6ring<\/a> har kreditering en n\u00e5got annorlunda inneb\u00f6rd. Inom bokf\u00f6ring betyder kreditera att du minskar n\u00e5got, vilket \u00e4r motsatsen till debitera. D\u00e4rf\u00f6r kan det vara bra att ha sammanhanget i \u00e5tanke n\u00e4r det talas om att kreditera. Detta \u00e4r s\u00e4rskilt viktigt vid kreditera en faktura.<\/p>\n\n\n\n<p>\n<a href=\"https:\/\/creddo.com\/se\/foretagslan\" class=\"btn btn-blue\">J\u00e4mf\u00f6r f\u00f6retagsl\u00e5n via Creddo<\/a>\n<\/p>\n\n\n\n<p><strong>J\u00e4mf\u00f6r r\u00e4ntor p\u00e5 f\u00f6retagsl\u00e5n \u2013 det l\u00f6nar sig<\/strong><\/p>\n\n\n\n<p><br>R\u00e4ntor och avgifter p\u00e5 f\u00f6retagsl\u00e5n kan skilja sig mycket mellan olika banker och l\u00e5ngivare, \u00e4ven f\u00f6r samma typ av l\u00e5n. D\u00e4rf\u00f6r \u00e4r det viktigt att j\u00e4mf\u00f6ra flera alternativ innan du fattar ett beslut. P\u00e5<a href=\"https:\/\/creddo.com\/se\/foretagslan\/\"> Creddo<\/a> g\u00f6r vi det enkelt f\u00f6r dig att j\u00e4mf\u00f6ra r\u00e4ntor p\u00e5 f\u00f6retagsl\u00e5n. V\u00e5rt m\u00e5l \u00e4r att f\u00f6retagare och entrepren\u00f6rer ska ha samma m\u00f6jlighet att j\u00e4mf\u00f6ra finansieringsalternativ som konsumenter har n\u00e4r de v\u00e4ljer produkter och tj\u00e4nster. J\u00e4mf\u00f6r g\u00e4rna hos oss \u2013 s\u00e5 hittar du det l\u00e5n som passar din verksamhet b\u00e4st, med exempelvis s\u00e5 l\u00e5g effektiv r\u00e4nta som m\u00f6jligt.<\/p>\n\n\n\n<p><\/p>\n","protected":false},"excerpt":{"rendered":"<p>Du kan v\u00e4lja att kreditera fakturor d\u00e4r n\u00e5got g\u00e5tt fel. Men vad inneb\u00e4r det mer exakt och hur g\u00e5r du tillv\u00e4ga? Finns det n\u00e5got mer som \u00e4r viktigt att t\u00e4nka p\u00e5? Att kreditera en faktura En faktura \u00e4r ett betalningskrav som skickas ut till en kund, exempelvis vid k\u00f6p av en vara eller tj\u00e4nst. Den [&hellip;]<\/p>\n","protected":false},"author":12,"featured_media":5083,"parent":0,"menu_order":0,"comment_status":"closed","ping_status":"closed","template":"creddopage.php","meta":{"_acf_changed":false,"_uag_custom_page_level_css":"","footnotes":""},"class_list":["post-2597","page","type-page","status-publish","has-post-thumbnail","hentry"],"acf":[],"yoast_head":"<!-- This site is optimized with the Yoast SEO Premium plugin v26.6 (Yoast SEO v26.8) - https:\/\/yoast.com\/product\/yoast-seo-premium-wordpress\/ -->\n<title>Att kreditera en faktura och vad det inneb\u00e4r - Creddo<\/title>\n<meta name=\"description\" content=\"Vad inneb\u00e4r det att kreditera en faktura? N\u00e4r n\u00e5got har blivit fel i faktureringen s\u00e5 kan fakturan beh\u00f6va strykas. L\u00e4s mer och j\u00e4mf\u00f6r - Creddo\" \/>\n<meta name=\"robots\" content=\"index, follow, max-snippet:-1, max-image-preview:large, max-video-preview:-1\" \/>\n<link rel=\"canonical\" href=\"https:\/\/creddo.com\/se\/kreditera-faktura\/\" \/>\n<meta property=\"og:locale\" content=\"sv_SE\" \/>\n<meta property=\"og:type\" content=\"article\" \/>\n<meta property=\"og:title\" content=\"Vad inneb\u00e4r det att kreditera en faktura?\" \/>\n<meta property=\"og:description\" content=\"Du kan v\u00e4lja att kreditera fakturor d\u00e4r n\u00e5got g\u00e5tt fel. Men vad inneb\u00e4r det mer exakt och hur g\u00e5r du tillv\u00e4ga? Finns det n\u00e5got mer som \u00e4r viktigt att\" \/>\n<meta property=\"og:url\" content=\"https:\/\/creddo.com\/se\/kreditera-faktura\/\" \/>\n<meta property=\"og:site_name\" content=\"Creddo\" \/>\n<meta property=\"article:publisher\" content=\"https:\/\/www.facebook.com\/creddose\" \/>\n<meta property=\"article:modified_time\" content=\"2025-12-11T15:36:23+00:00\" \/>\n<meta property=\"og:image\" content=\"https:\/\/creddo.com\/se\/wp-content\/uploads\/2025\/10\/kreditera-faktura-creddo-min.png\" \/>\n\t<meta property=\"og:image:width\" content=\"1446\" \/>\n\t<meta property=\"og:image:height\" content=\"894\" \/>\n\t<meta property=\"og:image:type\" content=\"image\/png\" \/>\n<meta name=\"twitter:card\" content=\"summary_large_image\" \/>\n<meta name=\"twitter:label1\" content=\"Ber\u00e4knad l\u00e4stid\" \/>\n\t<meta name=\"twitter:data1\" content=\"3 minuter\" \/>\n<script type=\"application\/ld+json\" class=\"yoast-schema-graph\">{\"@context\":\"https:\/\/schema.org\",\"@graph\":[{\"@type\":\"WebPage\",\"@id\":\"https:\/\/creddo.com\/se\/kreditera-faktura\/\",\"url\":\"https:\/\/creddo.com\/se\/kreditera-faktura\/\",\"name\":\"Att kreditera en faktura och vad det inneb\u00e4r - Creddo\",\"isPartOf\":{\"@id\":\"https:\/\/creddo.com\/se\/#website\"},\"primaryImageOfPage\":{\"@id\":\"https:\/\/creddo.com\/se\/kreditera-faktura\/#primaryimage\"},\"image\":{\"@id\":\"https:\/\/creddo.com\/se\/kreditera-faktura\/#primaryimage\"},\"thumbnailUrl\":\"https:\/\/creddo.com\/se\/wp-content\/uploads\/2025\/10\/kreditera-faktura-creddo-min.png\",\"datePublished\":\"2022-06-03T08:08:52+00:00\",\"dateModified\":\"2025-12-11T15:36:23+00:00\",\"description\":\"Vad inneb\u00e4r det att kreditera en faktura? N\u00e4r n\u00e5got har blivit fel i faktureringen s\u00e5 kan fakturan beh\u00f6va strykas. L\u00e4s mer och j\u00e4mf\u00f6r - Creddo\",\"breadcrumb\":{\"@id\":\"https:\/\/creddo.com\/se\/kreditera-faktura\/#breadcrumb\"},\"inLanguage\":\"sv-SE\",\"potentialAction\":[{\"@type\":\"ReadAction\",\"target\":[\"https:\/\/creddo.com\/se\/kreditera-faktura\/\"]}]},{\"@type\":\"ImageObject\",\"inLanguage\":\"sv-SE\",\"@id\":\"https:\/\/creddo.com\/se\/kreditera-faktura\/#primaryimage\",\"url\":\"https:\/\/creddo.com\/se\/wp-content\/uploads\/2025\/10\/kreditera-faktura-creddo-min.png\",\"contentUrl\":\"https:\/\/creddo.com\/se\/wp-content\/uploads\/2025\/10\/kreditera-faktura-creddo-min.png\",\"width\":1446,\"height\":894,\"caption\":\"att kreditera en faktura\"},{\"@type\":\"BreadcrumbList\",\"@id\":\"https:\/\/creddo.com\/se\/kreditera-faktura\/#breadcrumb\",\"itemListElement\":[{\"@type\":\"ListItem\",\"position\":1,\"name\":\"Creddo.com\",\"item\":\"https:\/\/creddo.com\/se\/\"},{\"@type\":\"ListItem\",\"position\":2,\"name\":\"Vad inneb\u00e4r det att kreditera en faktura?\"}]},{\"@type\":\"WebSite\",\"@id\":\"https:\/\/creddo.com\/se\/#website\",\"url\":\"https:\/\/creddo.com\/se\/\",\"name\":\"Creddo\",\"description\":\"J\u00e4mf\u00f6r f\u00f6retagsl\u00e5n upp till 10 miljoner\",\"publisher\":{\"@id\":\"https:\/\/creddo.com\/se\/#organization\"},\"potentialAction\":[{\"@type\":\"SearchAction\",\"target\":{\"@type\":\"EntryPoint\",\"urlTemplate\":\"https:\/\/creddo.com\/se\/?s={search_term_string}\"},\"query-input\":{\"@type\":\"PropertyValueSpecification\",\"valueRequired\":true,\"valueName\":\"search_term_string\"}}],\"inLanguage\":\"sv-SE\"},{\"@type\":\"Organization\",\"@id\":\"https:\/\/creddo.com\/se\/#organization\",\"name\":\"Creddo AB\",\"url\":\"https:\/\/creddo.com\/se\/\",\"logo\":{\"@type\":\"ImageObject\",\"inLanguage\":\"sv-SE\",\"@id\":\"https:\/\/creddo.com\/se\/#\/schema\/logo\/image\/\",\"url\":\"https:\/\/creddo.com\/se\/wp-content\/uploads\/2024\/04\/Creddo-logo-square.png\",\"contentUrl\":\"https:\/\/creddo.com\/se\/wp-content\/uploads\/2024\/04\/Creddo-logo-square.png\",\"width\":720,\"height\":720,\"caption\":\"Creddo AB\"},\"image\":{\"@id\":\"https:\/\/creddo.com\/se\/#\/schema\/logo\/image\/\"},\"sameAs\":[\"https:\/\/www.facebook.com\/creddose\",\"https:\/\/www.linkedin.com\/company\/creddo-ab\/\"]}]}<\/script>\n<!-- \/ Yoast SEO Premium plugin. -->","yoast_head_json":{"title":"Att kreditera en faktura och vad det inneb\u00e4r - Creddo","description":"Vad inneb\u00e4r det att kreditera en faktura? N\u00e4r n\u00e5got har blivit fel i faktureringen s\u00e5 kan fakturan beh\u00f6va strykas. L\u00e4s mer och j\u00e4mf\u00f6r - Creddo","robots":{"index":"index","follow":"follow","max-snippet":"max-snippet:-1","max-image-preview":"max-image-preview:large","max-video-preview":"max-video-preview:-1"},"canonical":"https:\/\/creddo.com\/se\/kreditera-faktura\/","og_locale":"sv_SE","og_type":"article","og_title":"Vad inneb\u00e4r det att kreditera en faktura?","og_description":"Du kan v\u00e4lja att kreditera fakturor d\u00e4r n\u00e5got g\u00e5tt fel. Men vad inneb\u00e4r det mer exakt och hur g\u00e5r du tillv\u00e4ga? Finns det n\u00e5got mer som \u00e4r viktigt att","og_url":"https:\/\/creddo.com\/se\/kreditera-faktura\/","og_site_name":"Creddo","article_publisher":"https:\/\/www.facebook.com\/creddose","article_modified_time":"2025-12-11T15:36:23+00:00","og_image":[{"width":1446,"height":894,"url":"https:\/\/creddo.com\/se\/wp-content\/uploads\/2025\/10\/kreditera-faktura-creddo-min.png","type":"image\/png"}],"twitter_card":"summary_large_image","twitter_misc":{"Ber\u00e4knad l\u00e4stid":"3 minuter"},"schema":{"@context":"https:\/\/schema.org","@graph":[{"@type":"WebPage","@id":"https:\/\/creddo.com\/se\/kreditera-faktura\/","url":"https:\/\/creddo.com\/se\/kreditera-faktura\/","name":"Att kreditera en faktura och vad det inneb\u00e4r - Creddo","isPartOf":{"@id":"https:\/\/creddo.com\/se\/#website"},"primaryImageOfPage":{"@id":"https:\/\/creddo.com\/se\/kreditera-faktura\/#primaryimage"},"image":{"@id":"https:\/\/creddo.com\/se\/kreditera-faktura\/#primaryimage"},"thumbnailUrl":"https:\/\/creddo.com\/se\/wp-content\/uploads\/2025\/10\/kreditera-faktura-creddo-min.png","datePublished":"2022-06-03T08:08:52+00:00","dateModified":"2025-12-11T15:36:23+00:00","description":"Vad inneb\u00e4r det att kreditera en faktura? N\u00e4r n\u00e5got har blivit fel i faktureringen s\u00e5 kan fakturan beh\u00f6va strykas. L\u00e4s mer och j\u00e4mf\u00f6r - Creddo","breadcrumb":{"@id":"https:\/\/creddo.com\/se\/kreditera-faktura\/#breadcrumb"},"inLanguage":"sv-SE","potentialAction":[{"@type":"ReadAction","target":["https:\/\/creddo.com\/se\/kreditera-faktura\/"]}]},{"@type":"ImageObject","inLanguage":"sv-SE","@id":"https:\/\/creddo.com\/se\/kreditera-faktura\/#primaryimage","url":"https:\/\/creddo.com\/se\/wp-content\/uploads\/2025\/10\/kreditera-faktura-creddo-min.png","contentUrl":"https:\/\/creddo.com\/se\/wp-content\/uploads\/2025\/10\/kreditera-faktura-creddo-min.png","width":1446,"height":894,"caption":"att kreditera en faktura"},{"@type":"BreadcrumbList","@id":"https:\/\/creddo.com\/se\/kreditera-faktura\/#breadcrumb","itemListElement":[{"@type":"ListItem","position":1,"name":"Creddo.com","item":"https:\/\/creddo.com\/se\/"},{"@type":"ListItem","position":2,"name":"Vad inneb\u00e4r det att kreditera en faktura?"}]},{"@type":"WebSite","@id":"https:\/\/creddo.com\/se\/#website","url":"https:\/\/creddo.com\/se\/","name":"Creddo","description":"J\u00e4mf\u00f6r f\u00f6retagsl\u00e5n upp till 10 miljoner","publisher":{"@id":"https:\/\/creddo.com\/se\/#organization"},"potentialAction":[{"@type":"SearchAction","target":{"@type":"EntryPoint","urlTemplate":"https:\/\/creddo.com\/se\/?s={search_term_string}"},"query-input":{"@type":"PropertyValueSpecification","valueRequired":true,"valueName":"search_term_string"}}],"inLanguage":"sv-SE"},{"@type":"Organization","@id":"https:\/\/creddo.com\/se\/#organization","name":"Creddo AB","url":"https:\/\/creddo.com\/se\/","logo":{"@type":"ImageObject","inLanguage":"sv-SE","@id":"https:\/\/creddo.com\/se\/#\/schema\/logo\/image\/","url":"https:\/\/creddo.com\/se\/wp-content\/uploads\/2024\/04\/Creddo-logo-square.png","contentUrl":"https:\/\/creddo.com\/se\/wp-content\/uploads\/2024\/04\/Creddo-logo-square.png","width":720,"height":720,"caption":"Creddo AB"},"image":{"@id":"https:\/\/creddo.com\/se\/#\/schema\/logo\/image\/"},"sameAs":["https:\/\/www.facebook.com\/creddose","https:\/\/www.linkedin.com\/company\/creddo-ab\/"]}]}},"lang":"sv","translations":{"sv":2597},"uagb_featured_image_src":{"full":["https:\/\/creddo.com\/se\/wp-content\/uploads\/2025\/10\/kreditera-faktura-creddo-min.png",1446,894,false],"thumbnail":["https:\/\/creddo.com\/se\/wp-content\/uploads\/2025\/10\/kreditera-faktura-creddo-min-150x150.png",150,150,true],"medium":["https:\/\/creddo.com\/se\/wp-content\/uploads\/2025\/10\/kreditera-faktura-creddo-min-300x185.png",300,185,true],"medium_large":["https:\/\/creddo.com\/se\/wp-content\/uploads\/2025\/10\/kreditera-faktura-creddo-min-768x475.png",768,475,true],"large":["https:\/\/creddo.com\/se\/wp-content\/uploads\/2025\/10\/kreditera-faktura-creddo-min-1024x633.png",1024,633,true],"1536x1536":["https:\/\/creddo.com\/se\/wp-content\/uploads\/2025\/10\/kreditera-faktura-creddo-min.png",1446,894,false],"2048x2048":["https:\/\/creddo.com\/se\/wp-content\/uploads\/2025\/10\/kreditera-faktura-creddo-min.png",1446,894,false]},"uagb_author_info":{"display_name":"Anette Isaksson","author_link":"https:\/\/creddo.com\/se\/experthornan\/author\/anette\/"},"uagb_comment_info":0,"uagb_excerpt":"Du kan v\u00e4lja att kreditera fakturor d\u00e4r n\u00e5got g\u00e5tt fel. Men vad inneb\u00e4r det mer exakt och hur g\u00e5r du tillv\u00e4ga? Finns det n\u00e5got mer som \u00e4r viktigt att t\u00e4nka p\u00e5? Att kreditera en faktura En faktura \u00e4r ett betalningskrav som skickas ut till en kund, exempelvis vid k\u00f6p av en vara eller tj\u00e4nst. Den&hellip;","pll_sync_post":[],"_links":{"self":[{"href":"https:\/\/creddo.com\/se\/wp-json\/wp\/v2\/pages\/2597","targetHints":{"allow":["GET"]}}],"collection":[{"href":"https:\/\/creddo.com\/se\/wp-json\/wp\/v2\/pages"}],"about":[{"href":"https:\/\/creddo.com\/se\/wp-json\/wp\/v2\/types\/page"}],"author":[{"embeddable":true,"href":"https:\/\/creddo.com\/se\/wp-json\/wp\/v2\/users\/12"}],"replies":[{"embeddable":true,"href":"https:\/\/creddo.com\/se\/wp-json\/wp\/v2\/comments?post=2597"}],"version-history":[{"count":12,"href":"https:\/\/creddo.com\/se\/wp-json\/wp\/v2\/pages\/2597\/revisions"}],"predecessor-version":[{"id":5251,"href":"https:\/\/creddo.com\/se\/wp-json\/wp\/v2\/pages\/2597\/revisions\/5251"}],"wp:featuredmedia":[{"embeddable":true,"href":"https:\/\/creddo.com\/se\/wp-json\/wp\/v2\/media\/5083"}],"wp:attachment":[{"href":"https:\/\/creddo.com\/se\/wp-json\/wp\/v2\/media?parent=2597"}],"curies":[{"name":"wp","href":"https:\/\/api.w.org\/{rel}","templated":true}]}}