{"id":2601,"date":"2022-06-03T10:20:08","date_gmt":"2022-06-03T08:20:08","guid":{"rendered":"https:\/\/creddo.com\/se\/?page_id=2601"},"modified":"2025-12-29T16:02:19","modified_gmt":"2025-12-29T15:02:19","slug":"leverantorsreskontra","status":"publish","type":"page","link":"https:\/\/creddo.com\/se\/bokforing\/leverantorsreskontra\/","title":{"rendered":"Vad \u00e4r leverant\u00f6rsreskontra och vad brukar en inneh\u00e5lla?"},"content":{"rendered":"\n<p>En leverant\u00f6rsreskontra inneh\u00e5ller information om ett f\u00f6retags leverant\u00f6rer, n\u00e4rmare best\u00e4mt fakturor och skulder. Det \u00e4r en av flera olika typer av reskontra (ett annat exempel \u00e4r kundreskontra d\u00e4r f\u00f6retag samlar kundinformation som fakturor, transaktioner och p\u00e5minnelser). <\/p>\n\n\n\n<p>H\u00e4r tittar vi n\u00e4rmare p\u00e5 hur det fungerar och vad en leverant\u00f6rsreskontra brukar inneh\u00e5lla.<\/p>\n\n\n\n<h2 class=\"wp-block-heading\" id=\"h-leverantorsreskontra-en-typ-av-reskontra\">Leverant\u00f6rsreskontra &#8211; en typ av reskontra<\/h2>\n\n\n\n<p>Reskontror \u00e4r <a href=\"https:\/\/creddo.com\/se\/bokforing\/\">del av bokf\u00f6ringen<\/a>. De inneh\u00e5ller information som till exempel l\u00f6ner, fakturor, <a href=\"https:\/\/creddo.com\/se\/kreditera-faktura\/\">kreditfakturor<\/a> och p\u00e5minnelser. Leverant\u00f6rsreskontran fokuserar p\u00e5 leverant\u00f6rerna och \u00e4r ett bra verktyg f\u00f6r att se hur ekonomin ser ut och h\u00e5lla koll p\u00e5 att betalningar g\u00f6rs i tid. <\/p>\n\n\n\n<p>Alla inkommande leverant\u00f6rsfakturor samlas i en s\u00e5 kallad leverant\u00f6rsfakturajournal. Det som vanligtvis ing\u00e5r \u00e4r fakturadatum, f\u00f6rfallodatum och fakturabelopp.<\/p>\n\n\n\n<h3 class=\"wp-block-heading\" id=\"h-hur-gor-du-en-leverantorsreskontra-och-hur-ofta-behover-du-uppdatera-den\">Hur g\u00f6r du en leverant\u00f6rsreskontra och hur ofta beh\u00f6ver du uppdatera den?<\/h3>\n\n\n\n<p>Du bokf\u00f6r f\u00f6retagets leverant\u00f6rsreskontra under en skuldpost som heter leverant\u00f6rsskulder. Det \u00e4r viktigt att h\u00e5lla koll p\u00e5 dina kund- och leverant\u00f6rsreskontror. Rutiner och avst\u00e4mningar beh\u00f6ver vara p\u00e5 plats s\u00e5 att allt blir r\u00e4tt och st\u00e4mmer \u00f6verens. Om n\u00e5got skulle g\u00e5 fel kan det till exempel g\u00f6ra att balansr\u00e4kningen inte st\u00e4mmer, vilket kan leda till en hel del administrativt jobb.<\/p>\n\n\n\n<p>Ett s\u00e4tt att g\u00f6ra rutinerna enklare \u00e4r att anv\u00e4nda ett bokf\u00f6ringsprogram d\u00e4r du kan koppla ihop den ordinarie bokf\u00f6ringen och din leverant\u00f6rsreskontra. D\u00e5 g\u00e5r det mesta automatiskt och risken f\u00f6r misstag och missf\u00f6rst\u00e5nd minskar.<\/p>\n\n\n\n<h3 class=\"wp-block-heading\" id=\"h-maste-du-ha-reskontra\">M\u00e5ste du ha reskontra?<\/h3>\n\n\n\n<p>Det finns inte n\u00e5gra lagkrav p\u00e5 att ha en leverant\u00f6rsreskontra eller andra reskontror i sin bokf\u00f6ring, men det g\u00f6r det ofta l\u00e4ttare att h\u00e5lla koll p\u00e5 f\u00f6retagets kunder och leverant\u00f6rer. Ju st\u00f6rre f\u00f6retaget v\u00e4xer sig, desto st\u00f6rre brukar behovet bli; sm\u00e5f\u00f6retag eller enmansf\u00f6retag har oftast bra koll p\u00e5 sina kunder och leverant\u00f6rer \u00e4nd\u00e5. <\/p>\n\n\n\n<p>N\u00e4r f\u00f6retag v\u00e4xer sig riktigt stora brukar det skapas flera olika reskontran f\u00f6r att ha koll p\u00e5 fakturor och annan ekonomisk information.<\/p>\n\n\n\n<p><strong>Beh\u00f6ver ditt f\u00f6retag l\u00e5na \u00f6ver 10 miljoner kronor?<\/strong><\/p>\n\n\n\n<p>Om du representerar ett st\u00f6rre bolag med h\u00f6g oms\u00e4ttning och mer komplexa finansieringsbehov, finns m\u00f6jligheten att ans\u00f6ka om st\u00f6rre l\u00e5n via Creddo. Vi har tidigare f\u00f6rmedlat f\u00f6retagsl\u00e5n p\u00e5 \u00f6ver 100 miljoner kronor, och v\u00e5ra erfarna l\u00e5nespecialister hj\u00e4lper dig g\u00e4rna att hitta en skr\u00e4ddarsydd l\u00f6sning som passar just ditt f\u00f6retag.<\/p>\n\n\n\n<p>Kontakta oss direkt f\u00f6r personlig r\u00e5dgivning via <strong><a>kundservice@creddo.se<\/a><\/strong> eller ring oss p\u00e5 <strong>010-551 67 02<\/strong>.<\/p>\n\n\n\n<p>\n<a href=\"https:\/\/creddo.com\/se\/foretagslan\" class=\"btn btn-blue\">J\u00e4mf\u00f6r f\u00f6retagsl\u00e5n via Creddo<\/a>\n<\/p>\n","protected":false},"excerpt":{"rendered":"<p>En leverant\u00f6rsreskontra inneh\u00e5ller information om ett f\u00f6retags leverant\u00f6rer, n\u00e4rmare best\u00e4mt fakturor och skulder. Det \u00e4r en av flera olika typer av reskontra (ett annat exempel \u00e4r kundreskontra d\u00e4r f\u00f6retag samlar kundinformation som fakturor, transaktioner och p\u00e5minnelser). H\u00e4r tittar vi n\u00e4rmare p\u00e5 hur det fungerar och vad en leverant\u00f6rsreskontra brukar inneh\u00e5lla. Leverant\u00f6rsreskontra &#8211; en typ av [&hellip;]<\/p>\n","protected":false},"author":12,"featured_media":0,"parent":2577,"menu_order":0,"comment_status":"closed","ping_status":"closed","template":"creddopage.php","meta":{"_acf_changed":false,"_uag_custom_page_level_css":"","footnotes":""},"class_list":["post-2601","page","type-page","status-publish","hentry"],"acf":[],"yoast_head":"<!-- This site is optimized with the Yoast SEO Premium plugin v26.6 (Yoast SEO v26.8) - https:\/\/yoast.com\/product\/yoast-seo-premium-wordpress\/ -->\n<title>Leverant\u00f6rsreskontra - en typ av reskontra f\u00f6r bokf\u00f6ring<\/title>\n<meta name=\"description\" content=\"Att anv\u00e4nda sig utav leverant\u00f6rsreskontra i bokf\u00f6ringen kan g\u00f6ra det l\u00e4ttare att h\u00e5lla koll p\u00e5 f\u00f6retagets leverant\u00f6rsskulder.\" \/>\n<meta name=\"robots\" content=\"index, follow, max-snippet:-1, max-image-preview:large, max-video-preview:-1\" \/>\n<link rel=\"canonical\" href=\"https:\/\/creddo.com\/se\/bokforing\/leverantorsreskontra\/\" \/>\n<meta property=\"og:locale\" content=\"sv_SE\" \/>\n<meta property=\"og:type\" content=\"article\" \/>\n<meta property=\"og:title\" content=\"Vad \u00e4r leverant\u00f6rsreskontra och vad brukar en inneh\u00e5lla?\" \/>\n<meta property=\"og:description\" content=\"En leverant\u00f6rsreskontra inneh\u00e5ller information om ett f\u00f6retags leverant\u00f6rer, n\u00e4rmare best\u00e4mt fakturor och skulder. Det \u00e4r en av flera olika typer av\" \/>\n<meta property=\"og:url\" content=\"https:\/\/creddo.com\/se\/bokforing\/leverantorsreskontra\/\" \/>\n<meta property=\"og:site_name\" content=\"Creddo\" \/>\n<meta property=\"article:publisher\" content=\"https:\/\/www.facebook.com\/creddose\" \/>\n<meta property=\"article:modified_time\" content=\"2025-12-29T15:02:19+00:00\" \/>\n<meta property=\"og:image\" content=\"https:\/\/creddo.com\/se\/wp-content\/uploads\/2024\/07\/52.jpg\" \/>\n\t<meta property=\"og:image:width\" content=\"1200\" \/>\n\t<meta property=\"og:image:height\" content=\"630\" \/>\n\t<meta property=\"og:image:type\" content=\"image\/jpeg\" \/>\n<meta name=\"twitter:card\" content=\"summary_large_image\" \/>\n<meta name=\"twitter:label1\" content=\"Ber\u00e4knad l\u00e4stid\" \/>\n\t<meta name=\"twitter:data1\" content=\"2 minuter\" \/>\n<script type=\"application\/ld+json\" class=\"yoast-schema-graph\">{\"@context\":\"https:\/\/schema.org\",\"@graph\":[{\"@type\":\"WebPage\",\"@id\":\"https:\/\/creddo.com\/se\/bokforing\/leverantorsreskontra\/\",\"url\":\"https:\/\/creddo.com\/se\/bokforing\/leverantorsreskontra\/\",\"name\":\"Leverant\u00f6rsreskontra - en typ av reskontra f\u00f6r bokf\u00f6ring\",\"isPartOf\":{\"@id\":\"https:\/\/creddo.com\/se\/#website\"},\"datePublished\":\"2022-06-03T08:20:08+00:00\",\"dateModified\":\"2025-12-29T15:02:19+00:00\",\"description\":\"Att anv\u00e4nda sig utav leverant\u00f6rsreskontra i bokf\u00f6ringen kan g\u00f6ra det l\u00e4ttare att h\u00e5lla koll p\u00e5 f\u00f6retagets leverant\u00f6rsskulder.\",\"breadcrumb\":{\"@id\":\"https:\/\/creddo.com\/se\/bokforing\/leverantorsreskontra\/#breadcrumb\"},\"inLanguage\":\"sv-SE\",\"potentialAction\":[{\"@type\":\"ReadAction\",\"target\":[\"https:\/\/creddo.com\/se\/bokforing\/leverantorsreskontra\/\"]}]},{\"@type\":\"BreadcrumbList\",\"@id\":\"https:\/\/creddo.com\/se\/bokforing\/leverantorsreskontra\/#breadcrumb\",\"itemListElement\":[{\"@type\":\"ListItem\",\"position\":1,\"name\":\"Creddo.com\",\"item\":\"https:\/\/creddo.com\/se\/\"},{\"@type\":\"ListItem\",\"position\":2,\"name\":\"Hur fungerar bokf\u00f6ring och vad beh\u00f6ver du t\u00e4nka p\u00e5?\",\"item\":\"https:\/\/creddo.com\/se\/bokforing\/\"},{\"@type\":\"ListItem\",\"position\":3,\"name\":\"Vad \u00e4r leverant\u00f6rsreskontra och vad brukar en inneh\u00e5lla?\"}]},{\"@type\":\"WebSite\",\"@id\":\"https:\/\/creddo.com\/se\/#website\",\"url\":\"https:\/\/creddo.com\/se\/\",\"name\":\"Creddo\",\"description\":\"J\u00e4mf\u00f6r f\u00f6retagsl\u00e5n upp till 10 miljoner\",\"publisher\":{\"@id\":\"https:\/\/creddo.com\/se\/#organization\"},\"potentialAction\":[{\"@type\":\"SearchAction\",\"target\":{\"@type\":\"EntryPoint\",\"urlTemplate\":\"https:\/\/creddo.com\/se\/?s={search_term_string}\"},\"query-input\":{\"@type\":\"PropertyValueSpecification\",\"valueRequired\":true,\"valueName\":\"search_term_string\"}}],\"inLanguage\":\"sv-SE\"},{\"@type\":\"Organization\",\"@id\":\"https:\/\/creddo.com\/se\/#organization\",\"name\":\"Creddo AB\",\"url\":\"https:\/\/creddo.com\/se\/\",\"logo\":{\"@type\":\"ImageObject\",\"inLanguage\":\"sv-SE\",\"@id\":\"https:\/\/creddo.com\/se\/#\/schema\/logo\/image\/\",\"url\":\"https:\/\/creddo.com\/se\/wp-content\/uploads\/2024\/04\/Creddo-logo-square.png\",\"contentUrl\":\"https:\/\/creddo.com\/se\/wp-content\/uploads\/2024\/04\/Creddo-logo-square.png\",\"width\":720,\"height\":720,\"caption\":\"Creddo AB\"},\"image\":{\"@id\":\"https:\/\/creddo.com\/se\/#\/schema\/logo\/image\/\"},\"sameAs\":[\"https:\/\/www.facebook.com\/creddose\",\"https:\/\/www.linkedin.com\/company\/creddo-ab\/\"]}]}<\/script>\n<!-- \/ Yoast SEO Premium plugin. -->","yoast_head_json":{"title":"Leverant\u00f6rsreskontra - en typ av reskontra f\u00f6r bokf\u00f6ring","description":"Att anv\u00e4nda sig utav leverant\u00f6rsreskontra i bokf\u00f6ringen kan g\u00f6ra det l\u00e4ttare att h\u00e5lla koll p\u00e5 f\u00f6retagets leverant\u00f6rsskulder.","robots":{"index":"index","follow":"follow","max-snippet":"max-snippet:-1","max-image-preview":"max-image-preview:large","max-video-preview":"max-video-preview:-1"},"canonical":"https:\/\/creddo.com\/se\/bokforing\/leverantorsreskontra\/","og_locale":"sv_SE","og_type":"article","og_title":"Vad \u00e4r leverant\u00f6rsreskontra och vad brukar en inneh\u00e5lla?","og_description":"En leverant\u00f6rsreskontra inneh\u00e5ller information om ett f\u00f6retags leverant\u00f6rer, n\u00e4rmare best\u00e4mt fakturor och skulder. Det \u00e4r en av flera olika typer av","og_url":"https:\/\/creddo.com\/se\/bokforing\/leverantorsreskontra\/","og_site_name":"Creddo","article_publisher":"https:\/\/www.facebook.com\/creddose","article_modified_time":"2025-12-29T15:02:19+00:00","og_image":[{"width":1200,"height":630,"url":"https:\/\/creddo.com\/se\/wp-content\/uploads\/2024\/07\/52.jpg","type":"image\/jpeg"}],"twitter_card":"summary_large_image","twitter_misc":{"Ber\u00e4knad l\u00e4stid":"2 minuter"},"schema":{"@context":"https:\/\/schema.org","@graph":[{"@type":"WebPage","@id":"https:\/\/creddo.com\/se\/bokforing\/leverantorsreskontra\/","url":"https:\/\/creddo.com\/se\/bokforing\/leverantorsreskontra\/","name":"Leverant\u00f6rsreskontra - en typ av reskontra f\u00f6r bokf\u00f6ring","isPartOf":{"@id":"https:\/\/creddo.com\/se\/#website"},"datePublished":"2022-06-03T08:20:08+00:00","dateModified":"2025-12-29T15:02:19+00:00","description":"Att anv\u00e4nda sig utav leverant\u00f6rsreskontra i bokf\u00f6ringen kan g\u00f6ra det l\u00e4ttare att h\u00e5lla koll p\u00e5 f\u00f6retagets leverant\u00f6rsskulder.","breadcrumb":{"@id":"https:\/\/creddo.com\/se\/bokforing\/leverantorsreskontra\/#breadcrumb"},"inLanguage":"sv-SE","potentialAction":[{"@type":"ReadAction","target":["https:\/\/creddo.com\/se\/bokforing\/leverantorsreskontra\/"]}]},{"@type":"BreadcrumbList","@id":"https:\/\/creddo.com\/se\/bokforing\/leverantorsreskontra\/#breadcrumb","itemListElement":[{"@type":"ListItem","position":1,"name":"Creddo.com","item":"https:\/\/creddo.com\/se\/"},{"@type":"ListItem","position":2,"name":"Hur fungerar bokf\u00f6ring och vad beh\u00f6ver du t\u00e4nka p\u00e5?","item":"https:\/\/creddo.com\/se\/bokforing\/"},{"@type":"ListItem","position":3,"name":"Vad \u00e4r leverant\u00f6rsreskontra och vad brukar en inneh\u00e5lla?"}]},{"@type":"WebSite","@id":"https:\/\/creddo.com\/se\/#website","url":"https:\/\/creddo.com\/se\/","name":"Creddo","description":"J\u00e4mf\u00f6r f\u00f6retagsl\u00e5n upp till 10 miljoner","publisher":{"@id":"https:\/\/creddo.com\/se\/#organization"},"potentialAction":[{"@type":"SearchAction","target":{"@type":"EntryPoint","urlTemplate":"https:\/\/creddo.com\/se\/?s={search_term_string}"},"query-input":{"@type":"PropertyValueSpecification","valueRequired":true,"valueName":"search_term_string"}}],"inLanguage":"sv-SE"},{"@type":"Organization","@id":"https:\/\/creddo.com\/se\/#organization","name":"Creddo AB","url":"https:\/\/creddo.com\/se\/","logo":{"@type":"ImageObject","inLanguage":"sv-SE","@id":"https:\/\/creddo.com\/se\/#\/schema\/logo\/image\/","url":"https:\/\/creddo.com\/se\/wp-content\/uploads\/2024\/04\/Creddo-logo-square.png","contentUrl":"https:\/\/creddo.com\/se\/wp-content\/uploads\/2024\/04\/Creddo-logo-square.png","width":720,"height":720,"caption":"Creddo AB"},"image":{"@id":"https:\/\/creddo.com\/se\/#\/schema\/logo\/image\/"},"sameAs":["https:\/\/www.facebook.com\/creddose","https:\/\/www.linkedin.com\/company\/creddo-ab\/"]}]}},"lang":"sv","translations":{"sv":2601},"uagb_featured_image_src":{"full":false,"thumbnail":false,"medium":false,"medium_large":false,"large":false,"1536x1536":false,"2048x2048":false},"uagb_author_info":{"display_name":"Anette Isaksson","author_link":"https:\/\/creddo.com\/se\/experthornan\/author\/anette\/"},"uagb_comment_info":0,"uagb_excerpt":"En leverant\u00f6rsreskontra inneh\u00e5ller information om ett f\u00f6retags leverant\u00f6rer, n\u00e4rmare best\u00e4mt fakturor och skulder. Det \u00e4r en av flera olika typer av reskontra (ett annat exempel \u00e4r kundreskontra d\u00e4r f\u00f6retag samlar kundinformation som fakturor, transaktioner och p\u00e5minnelser). H\u00e4r tittar vi n\u00e4rmare p\u00e5 hur det fungerar och vad en leverant\u00f6rsreskontra brukar inneh\u00e5lla. Leverant\u00f6rsreskontra &#8211; en typ av&hellip;","pll_sync_post":[],"_links":{"self":[{"href":"https:\/\/creddo.com\/se\/wp-json\/wp\/v2\/pages\/2601","targetHints":{"allow":["GET"]}}],"collection":[{"href":"https:\/\/creddo.com\/se\/wp-json\/wp\/v2\/pages"}],"about":[{"href":"https:\/\/creddo.com\/se\/wp-json\/wp\/v2\/types\/page"}],"author":[{"embeddable":true,"href":"https:\/\/creddo.com\/se\/wp-json\/wp\/v2\/users\/12"}],"replies":[{"embeddable":true,"href":"https:\/\/creddo.com\/se\/wp-json\/wp\/v2\/comments?post=2601"}],"version-history":[{"count":3,"href":"https:\/\/creddo.com\/se\/wp-json\/wp\/v2\/pages\/2601\/revisions"}],"predecessor-version":[{"id":4850,"href":"https:\/\/creddo.com\/se\/wp-json\/wp\/v2\/pages\/2601\/revisions\/4850"}],"up":[{"embeddable":true,"href":"https:\/\/creddo.com\/se\/wp-json\/wp\/v2\/pages\/2577"}],"wp:attachment":[{"href":"https:\/\/creddo.com\/se\/wp-json\/wp\/v2\/media?parent=2601"}],"curies":[{"name":"wp","href":"https:\/\/api.w.org\/{rel}","templated":true}]}}