{"id":2603,"date":"2022-06-03T10:27:43","date_gmt":"2022-06-03T08:27:43","guid":{"rendered":"https:\/\/creddo.com\/se\/?page_id=2603"},"modified":"2025-12-29T15:58:01","modified_gmt":"2025-12-29T14:58:01","slug":"momsdeklaration","status":"publish","type":"page","link":"https:\/\/creddo.com\/se\/momsdeklaration\/","title":{"rendered":"Momsdeklaration &#8211; hur g\u00f6r du och hur ofta?"},"content":{"rendered":"\n<p>En av de plikter som f\u00f6retag har gentemot Skatteverket \u00e4r att redovisa momsen i en s\u00e5 kallad momsdeklaration. Du beh\u00f6ver \u00e4ven g\u00f6ra detta trots att du inte betalat in n\u00e5gon moms under den g\u00e4llande perioden (d\u00e5 anger du beloppet 0 kronor ist\u00e4llet). Ibland kallas momsdeklaration \u00e4ven f\u00f6r merv\u00e4rdesskattedeklaration.&nbsp;<\/p>\n\n\n\n<p>Moms heter <em>VAT (value added tax) <\/em>p\u00e5 engelska<em>.<\/em> Momsdeklaration brukar kallas f\u00f6r <em>VAT return<\/em> eller <em>VAT declaration<\/em>.<\/p>\n\n\n\n<h2 class=\"wp-block-heading\" id=\"h-om-moms-och-momsdeklarationer\">Om moms och momsdeklarationer<\/h2>\n\n\n\n<p>Moms betyder merv\u00e4rdesskatt och \u00e4r en skatt som l\u00e4ggs till vid k\u00f6p av varor och tj\u00e4nster. F\u00f6r privatpersoner ing\u00e5r momsen oftast i priset, och vi beh\u00f6ver inte t\u00e4nka p\u00e5 den. Men f\u00f6retag beh\u00f6ver d\u00e4remot deklarera sin moms.<\/p>\n\n\n\n<p>De flesta f\u00f6retag g\u00f6r b\u00e5de ink\u00f6p och f\u00f6rs\u00e4ljningar. Dessa inneb\u00e4r moms, b\u00e5de utg\u00e5ende och ing\u00e5ende. Beloppet du f\u00e5r tillbaka eller f\u00e5r betala vid momsdeklarationen avg\u00f6rs av balansen mellan dem. P\u00e5 s\u00e5 s\u00e4tt \u00e4r det ganska likt en vanlig skattedeklaration. Tidigare gick det \u00e4ven att redovisa sin moms i inkomstdeklarationen, men det \u00e4r inte l\u00e4ngre m\u00f6jligt.&nbsp;<\/p>\n\n\n\n<p>Du kan se dina kommande momsdeklarationer p\u00e5 Skatteverkets hemsida. Detta kan vara extra anv\u00e4ndbart om du driver flera olika f\u00f6retag p\u00e5 samma g\u00e5ng.<\/p>\n\n\n\n<h3 class=\"wp-block-heading\" id=\"h-vad-behover-ett-foretag-betala-moms-for\">Vad beh\u00f6ver ett f\u00f6retag betala moms f\u00f6r?<\/h3>\n\n\n\n<p>F\u00f6retag beh\u00f6ver betala och deklarera moms f\u00f6r m\u00e5nga produkter och tj\u00e4nster, men inte alla.&nbsp;<\/p>\n\n\n\n<p>Det finns b\u00e5de momspliktig och momsfri f\u00f6rs\u00e4ljning, och momsandelen kan dessutom variera (till exempel 6, 12 eller 25 %).&nbsp;<\/p>\n\n\n\n<p>Endast sjukv\u00e5rd och n\u00e5gra andra verksamheter \u00e4r helt undantagna fr\u00e5n att betala och redovisa moms. Eftersom det varierar kraftigt mellan olika produkter och verksamheter \u00e4r det bra att ha koll p\u00e5 de olika momssatserna som g\u00e4ller.<\/p>\n\n\n\n<h3 class=\"wp-block-heading\" id=\"h-hur-gor-du-en-momsdeklaration\">Hur g\u00f6r du en momsdeklaration?<\/h3>\n\n\n\n<p>Det enklaste s\u00e4ttet att momsdeklarera \u00e4r att g\u00f6ra det genom e-tj\u00e4nsten p\u00e5 Skatteverkets hemsida. M\u00e5nga bokf\u00f6ringsprogram skapar automatiska momsrapporter som kan skickas direkt till Skatteverket. Sedan kan du och\/eller andra ansvariga p\u00e5 f\u00f6retaget godk\u00e4nna dem med BankID.<\/p>\n\n\n\n<p>En del v\u00e4ljer att momsdeklarera p\u00e5 papper. Du kan best\u00e4lla en momsdeklaration att fylla i p\u00e5 Skatteverkets hemsida.<\/p>\n\n\n\n<h3 class=\"wp-block-heading\" id=\"h-hur-ofta-behover-du-lamna-in-en-momsdeklaration\">Hur ofta beh\u00f6ver du l\u00e4mna in en momsdeklaration?<\/h3>\n\n\n\n<p>Antalet momsdeklarationer per \u00e5r avg\u00f6rs av f\u00f6retagets momspliktiga oms\u00e4ttning. Det brukar handla om \u00e5rsvis, kvartalsvis eller m\u00e5nadsvis. Du hittar dina datum p\u00e5 Skatteverkets hemsida.&nbsp;<\/p>\n\n\n\n<p>Eventuella utbetalningar brukar g\u00f6ras ungef\u00e4r 14 dagar efter att deklarationen kommit in.<\/p>\n\n\n\n<h3 class=\"wp-block-heading\" id=\"h-senaste-nytt\">Senaste Nytt<\/h3>\n\n\n\n<p>Oms\u00e4ttningsgr\u00e4nsen f\u00f6r sm\u00e5 f\u00f6retag \u00e4r t\u00e4nkt att vara en f\u00f6renkling f\u00f6r de f\u00f6retag som vill st\u00e5 utanf\u00f6r momssystemet. I praktiken \u00e4r dock regelerna sv\u00e5ra att till\u00e4mpa. Den som har en liten \u00e5rsoms\u00e4ttning kan v\u00e4lja momsbefrielse. Fr\u00e5n och med den 1 januari 2025 \u00e4r gr\u00e4nsen f\u00f6r \u00e5rsoms\u00e4ttningen 120.000 kr, exkl. moms \u2013 dvs. en f\u00f6rs\u00e4ljning p\u00e5 150 000 kr, inkl. 25 % moms.\u00a0<\/p>\n\n\n\n<h3 class=\"wp-block-heading\" id=\"h-att-tanka-pa\">Att t\u00e4nka p\u00e5<\/h3>\n\n\n\n<p>Reglerna f\u00f6r momsdeklaration f\u00f6r\u00e4ndras d\u00e5 och d\u00e5, och det \u00e4r ditt ansvar att f\u00f6lja med i utvecklingen. D\u00e4rf\u00f6r det viktigt att h\u00e5lla dig uppdaterad om vad som g\u00e4ller, s\u00e5 att du inte missar n\u00e5got som beh\u00f6ver g\u00f6ras.<\/p>\n\n\n\n<p>\n<a href=\"https:\/\/creddo.com\/se\/foretagslan\" class=\"btn btn-blue\">J\u00e4mf\u00f6r f\u00f6retagsl\u00e5n via Creddo<\/a>\n<\/p>\n","protected":false},"excerpt":{"rendered":"<p>En av de plikter som f\u00f6retag har gentemot Skatteverket \u00e4r att redovisa momsen i en s\u00e5 kallad momsdeklaration. Du beh\u00f6ver \u00e4ven g\u00f6ra detta trots att du inte betalat in n\u00e5gon moms under den g\u00e4llande perioden (d\u00e5 anger du beloppet 0 kronor ist\u00e4llet). Ibland kallas momsdeklaration \u00e4ven f\u00f6r merv\u00e4rdesskattedeklaration.&nbsp; Moms heter VAT (value added tax) p\u00e5 [&hellip;]<\/p>\n","protected":false},"author":12,"featured_media":0,"parent":0,"menu_order":0,"comment_status":"closed","ping_status":"closed","template":"creddopage.php","meta":{"_acf_changed":false,"footnotes":""},"class_list":["post-2603","page","type-page","status-publish","hentry"],"acf":[],"yoast_head":"<!-- This site is optimized with the Yoast SEO Premium plugin v26.6 (Yoast SEO v26.8) - https:\/\/yoast.com\/product\/yoast-seo-premium-wordpress\/ -->\n<title>Momsdeklaration - hur g\u00f6r du och hur ofta? - Creddo<\/title>\n<meta name=\"description\" content=\"F\u00f6retag \u00e4r skyldiga att redovisa moms till Skatteverket, vilket kallas momsdeklaration. Det \u00e4r viktigt att skicka in deklarationen i tid.\" \/>\n<meta name=\"robots\" content=\"index, follow, max-snippet:-1, max-image-preview:large, max-video-preview:-1\" \/>\n<link rel=\"canonical\" href=\"https:\/\/creddo.com\/se\/momsdeklaration\/\" \/>\n<meta property=\"og:locale\" content=\"sv_SE\" \/>\n<meta property=\"og:type\" content=\"article\" \/>\n<meta property=\"og:title\" content=\"Momsdeklaration - hur g\u00f6r du och hur ofta?\" \/>\n<meta property=\"og:description\" content=\"En av de plikter som f\u00f6retag har gentemot Skatteverket \u00e4r att redovisa momsen i en s\u00e5 kallad momsdeklaration. Du beh\u00f6ver \u00e4ven g\u00f6ra detta trots att du inte\" \/>\n<meta property=\"og:url\" content=\"https:\/\/creddo.com\/se\/momsdeklaration\/\" \/>\n<meta property=\"og:site_name\" content=\"Creddo\" \/>\n<meta property=\"article:publisher\" content=\"https:\/\/www.facebook.com\/creddose\" \/>\n<meta property=\"article:modified_time\" content=\"2025-12-29T14:58:01+00:00\" \/>\n<meta property=\"og:image\" content=\"https:\/\/creddo.com\/se\/wp-content\/uploads\/2024\/07\/52.jpg\" \/>\n\t<meta property=\"og:image:width\" content=\"1200\" \/>\n\t<meta property=\"og:image:height\" content=\"630\" \/>\n\t<meta property=\"og:image:type\" content=\"image\/jpeg\" \/>\n<meta name=\"twitter:card\" content=\"summary_large_image\" \/>\n<meta name=\"twitter:label1\" content=\"Ber\u00e4knad l\u00e4stid\" \/>\n\t<meta name=\"twitter:data1\" content=\"3 minuter\" \/>\n<script type=\"application\/ld+json\" class=\"yoast-schema-graph\">{\"@context\":\"https:\/\/schema.org\",\"@graph\":[{\"@type\":\"WebPage\",\"@id\":\"https:\/\/creddo.com\/se\/momsdeklaration\/\",\"url\":\"https:\/\/creddo.com\/se\/momsdeklaration\/\",\"name\":\"Momsdeklaration - hur g\u00f6r du och hur ofta? - Creddo\",\"isPartOf\":{\"@id\":\"https:\/\/creddo.com\/se\/#website\"},\"datePublished\":\"2022-06-03T08:27:43+00:00\",\"dateModified\":\"2025-12-29T14:58:01+00:00\",\"description\":\"F\u00f6retag \u00e4r skyldiga att redovisa moms till Skatteverket, vilket kallas momsdeklaration. Det \u00e4r viktigt att skicka in deklarationen i tid.\",\"breadcrumb\":{\"@id\":\"https:\/\/creddo.com\/se\/momsdeklaration\/#breadcrumb\"},\"inLanguage\":\"sv-SE\",\"potentialAction\":[{\"@type\":\"ReadAction\",\"target\":[\"https:\/\/creddo.com\/se\/momsdeklaration\/\"]}]},{\"@type\":\"BreadcrumbList\",\"@id\":\"https:\/\/creddo.com\/se\/momsdeklaration\/#breadcrumb\",\"itemListElement\":[{\"@type\":\"ListItem\",\"position\":1,\"name\":\"Creddo.com\",\"item\":\"https:\/\/creddo.com\/se\/\"},{\"@type\":\"ListItem\",\"position\":2,\"name\":\"Momsdeklaration &#8211; hur g\u00f6r du och hur ofta?\"}]},{\"@type\":\"WebSite\",\"@id\":\"https:\/\/creddo.com\/se\/#website\",\"url\":\"https:\/\/creddo.com\/se\/\",\"name\":\"Creddo\",\"description\":\"J\u00e4mf\u00f6r f\u00f6retagsl\u00e5n upp till 10 miljoner\",\"publisher\":{\"@id\":\"https:\/\/creddo.com\/se\/#organization\"},\"potentialAction\":[{\"@type\":\"SearchAction\",\"target\":{\"@type\":\"EntryPoint\",\"urlTemplate\":\"https:\/\/creddo.com\/se\/?s={search_term_string}\"},\"query-input\":{\"@type\":\"PropertyValueSpecification\",\"valueRequired\":true,\"valueName\":\"search_term_string\"}}],\"inLanguage\":\"sv-SE\"},{\"@type\":\"Organization\",\"@id\":\"https:\/\/creddo.com\/se\/#organization\",\"name\":\"Creddo AB\",\"url\":\"https:\/\/creddo.com\/se\/\",\"logo\":{\"@type\":\"ImageObject\",\"inLanguage\":\"sv-SE\",\"@id\":\"https:\/\/creddo.com\/se\/#\/schema\/logo\/image\/\",\"url\":\"https:\/\/creddo.com\/se\/wp-content\/uploads\/2024\/04\/Creddo-logo-square.png\",\"contentUrl\":\"https:\/\/creddo.com\/se\/wp-content\/uploads\/2024\/04\/Creddo-logo-square.png\",\"width\":720,\"height\":720,\"caption\":\"Creddo AB\"},\"image\":{\"@id\":\"https:\/\/creddo.com\/se\/#\/schema\/logo\/image\/\"},\"sameAs\":[\"https:\/\/www.facebook.com\/creddose\",\"https:\/\/www.linkedin.com\/company\/creddo-ab\/\"]}]}<\/script>\n<!-- \/ Yoast SEO Premium plugin. -->","yoast_head_json":{"title":"Momsdeklaration - hur g\u00f6r du och hur ofta? - Creddo","description":"F\u00f6retag \u00e4r skyldiga att redovisa moms till Skatteverket, vilket kallas momsdeklaration. Det \u00e4r viktigt att skicka in deklarationen i tid.","robots":{"index":"index","follow":"follow","max-snippet":"max-snippet:-1","max-image-preview":"max-image-preview:large","max-video-preview":"max-video-preview:-1"},"canonical":"https:\/\/creddo.com\/se\/momsdeklaration\/","og_locale":"sv_SE","og_type":"article","og_title":"Momsdeklaration - hur g\u00f6r du och hur ofta?","og_description":"En av de plikter som f\u00f6retag har gentemot Skatteverket \u00e4r att redovisa momsen i en s\u00e5 kallad momsdeklaration. Du beh\u00f6ver \u00e4ven g\u00f6ra detta trots att du inte","og_url":"https:\/\/creddo.com\/se\/momsdeklaration\/","og_site_name":"Creddo","article_publisher":"https:\/\/www.facebook.com\/creddose","article_modified_time":"2025-12-29T14:58:01+00:00","og_image":[{"width":1200,"height":630,"url":"https:\/\/creddo.com\/se\/wp-content\/uploads\/2024\/07\/52.jpg","type":"image\/jpeg"}],"twitter_card":"summary_large_image","twitter_misc":{"Ber\u00e4knad l\u00e4stid":"3 minuter"},"schema":{"@context":"https:\/\/schema.org","@graph":[{"@type":"WebPage","@id":"https:\/\/creddo.com\/se\/momsdeklaration\/","url":"https:\/\/creddo.com\/se\/momsdeklaration\/","name":"Momsdeklaration - hur g\u00f6r du och hur ofta? - Creddo","isPartOf":{"@id":"https:\/\/creddo.com\/se\/#website"},"datePublished":"2022-06-03T08:27:43+00:00","dateModified":"2025-12-29T14:58:01+00:00","description":"F\u00f6retag \u00e4r skyldiga att redovisa moms till Skatteverket, vilket kallas momsdeklaration. Det \u00e4r viktigt att skicka in deklarationen i tid.","breadcrumb":{"@id":"https:\/\/creddo.com\/se\/momsdeklaration\/#breadcrumb"},"inLanguage":"sv-SE","potentialAction":[{"@type":"ReadAction","target":["https:\/\/creddo.com\/se\/momsdeklaration\/"]}]},{"@type":"BreadcrumbList","@id":"https:\/\/creddo.com\/se\/momsdeklaration\/#breadcrumb","itemListElement":[{"@type":"ListItem","position":1,"name":"Creddo.com","item":"https:\/\/creddo.com\/se\/"},{"@type":"ListItem","position":2,"name":"Momsdeklaration &#8211; hur g\u00f6r du och hur ofta?"}]},{"@type":"WebSite","@id":"https:\/\/creddo.com\/se\/#website","url":"https:\/\/creddo.com\/se\/","name":"Creddo","description":"J\u00e4mf\u00f6r f\u00f6retagsl\u00e5n upp till 10 miljoner","publisher":{"@id":"https:\/\/creddo.com\/se\/#organization"},"potentialAction":[{"@type":"SearchAction","target":{"@type":"EntryPoint","urlTemplate":"https:\/\/creddo.com\/se\/?s={search_term_string}"},"query-input":{"@type":"PropertyValueSpecification","valueRequired":true,"valueName":"search_term_string"}}],"inLanguage":"sv-SE"},{"@type":"Organization","@id":"https:\/\/creddo.com\/se\/#organization","name":"Creddo AB","url":"https:\/\/creddo.com\/se\/","logo":{"@type":"ImageObject","inLanguage":"sv-SE","@id":"https:\/\/creddo.com\/se\/#\/schema\/logo\/image\/","url":"https:\/\/creddo.com\/se\/wp-content\/uploads\/2024\/04\/Creddo-logo-square.png","contentUrl":"https:\/\/creddo.com\/se\/wp-content\/uploads\/2024\/04\/Creddo-logo-square.png","width":720,"height":720,"caption":"Creddo AB"},"image":{"@id":"https:\/\/creddo.com\/se\/#\/schema\/logo\/image\/"},"sameAs":["https:\/\/www.facebook.com\/creddose","https:\/\/www.linkedin.com\/company\/creddo-ab\/"]}]}},"lang":"sv","translations":{"sv":2603},"pll_sync_post":[],"_links":{"self":[{"href":"https:\/\/creddo.com\/se\/wp-json\/wp\/v2\/pages\/2603","targetHints":{"allow":["GET"]}}],"collection":[{"href":"https:\/\/creddo.com\/se\/wp-json\/wp\/v2\/pages"}],"about":[{"href":"https:\/\/creddo.com\/se\/wp-json\/wp\/v2\/types\/page"}],"author":[{"embeddable":true,"href":"https:\/\/creddo.com\/se\/wp-json\/wp\/v2\/users\/12"}],"replies":[{"embeddable":true,"href":"https:\/\/creddo.com\/se\/wp-json\/wp\/v2\/comments?post=2603"}],"version-history":[{"count":5,"href":"https:\/\/creddo.com\/se\/wp-json\/wp\/v2\/pages\/2603\/revisions"}],"predecessor-version":[{"id":4663,"href":"https:\/\/creddo.com\/se\/wp-json\/wp\/v2\/pages\/2603\/revisions\/4663"}],"wp:attachment":[{"href":"https:\/\/creddo.com\/se\/wp-json\/wp\/v2\/media?parent=2603"}],"curies":[{"name":"wp","href":"https:\/\/api.w.org\/{rel}","templated":true}]}}