{"id":2608,"date":"2022-06-03T11:33:13","date_gmt":"2022-06-03T09:33:13","guid":{"rendered":"https:\/\/creddo.com\/se\/?page_id=2608"},"modified":"2025-11-20T12:54:31","modified_gmt":"2025-11-20T11:54:31","slug":"foretagsforsakring","status":"publish","type":"page","link":"https:\/\/creddo.com\/se\/foretagsforsakring\/","title":{"rendered":"F\u00f6retagsf\u00f6rs\u00e4kring &#8211; beh\u00f6vs det och vad brukar ing\u00e5?"},"content":{"rendered":"\n<p>Att driva f\u00f6retag inneb\u00e4r att ta olika risker \u2013 men med r\u00e4tt f\u00f6rs\u00e4kring kan du st\u00e5 stadigare om n\u00e5got ov\u00e4ntat h\u00e4nder. En f\u00f6retagsf\u00f6rs\u00e4kring \u00e4r inte obligatorisk enligt lag, men f\u00f6r de flesta verksamheter \u00e4r det ett klokt val och en viktig del av f\u00f6retagets trygghet. F\u00f6r att f\u00f6rs\u00e4kringen ska vara giltig m\u00e5ste den tecknas av firmatecknaren. H\u00e4r g\u00e5r vi igenom vad du som f\u00f6retagare b\u00f6r ha koll p\u00e5 n\u00e4r du v\u00e4ljer skydd f\u00f6r ditt bolag<\/p>\n\n\n\n<h2 class=\"wp-block-heading\" id=\"h-varfor-behover-jag-en-foretagsforsakring\">Varf\u00f6r beh\u00f6ver jag en f\u00f6retagsf\u00f6rs\u00e4kring?<\/h2>\n\n\n\n<p>N\u00e4r du driver ett f\u00f6retag finns det risker som \u00e4r kopplade till verksamheten. Med en bra och anpassad f\u00f6retagsf\u00f6rs\u00e4kring kan du skydda dig mot dem. Det handlar till exempel om att skydda f\u00f6retagets ekonomi, personal och egendom.&nbsp;<\/p>\n\n\n\n<p>En vanlig hemf\u00f6rs\u00e4kring r\u00e4cker s\u00e4llan till f\u00f6r att ge ett tillr\u00e4ckligt bra skydd f\u00f6r f\u00f6retag. Ett typiskt scenario \u00e4r att n\u00e5got som \u00e4r k\u00f6pt till f\u00f6retaget blir stulet i hemmet. D\u00e5 \u00e4r det l\u00e5ngt ifr\u00e5n s\u00e4kert att det blir ersatt av f\u00f6retagsf\u00f6rs\u00e4kringen.&nbsp;<\/p>\n\n\n\n<h3 class=\"wp-block-heading\" id=\"h-vad-brukar-inga-i-en-foretagsforsakring\">Vad brukar ing\u00e5 i en f\u00f6retagsf\u00f6rs\u00e4kring?<\/h3>\n\n\n\n<p>N\u00e5gra vanliga saker som brukar ing\u00e5 i f\u00f6retagsf\u00f6rs\u00e4kringar \u00e4r:<\/p>\n\n\n\n<ul class=\"wp-block-list\">\n<li>Ansvarsf\u00f6rs\u00e4kring<\/li>\n\n\n\n<li>Avbrottsskydd<\/li>\n\n\n\n<li>Egendomsskydd<\/li>\n\n\n\n<li>R\u00e4ttsskydd<\/li>\n\n\n\n<li>Tj\u00e4nsteresef\u00f6rs\u00e4kring<\/li>\n<\/ul>\n\n\n\n<h4 class=\"wp-block-heading\" id=\"h-ansvarsforsakring\">Ansvarsf\u00f6rs\u00e4kring<\/h4>\n\n\n\n<p>F\u00f6retag kan bli skadest\u00e5ndsskyldiga n\u00e4r de r\u00e5kar orsaka skador p\u00e5 en person eller n\u00e5gon annans egendom. Genom en ansvarsf\u00f6rs\u00e4kring \u00e4r du skyddad upp till en viss niv\u00e5. Den kan ocks\u00e5 t\u00e4cka eventuella r\u00e4tteg\u00e5ngskostnader. Det kan ses som en form av drullef\u00f6rs\u00e4kring f\u00f6r f\u00f6retag.&nbsp;<\/p>\n\n\n\n<h4 class=\"wp-block-heading\" id=\"h-avbrottsskydd\">Avbrottsskydd<\/h4>\n\n\n\n<p>Of\u00f6rutsedda h\u00e4ndelser kan g\u00f6ra att f\u00f6retagets verksamhet inte fungerar som planerat under en period. Avbrotten kan minska eller helt stoppa f\u00f6retagets inkomster. N\u00e5gra exempel \u00e4r om problem med lokalerna skulle uppst\u00e5 eller om en egendomsskada skulle s\u00e4tta stopp f\u00f6r verksamheten under en l\u00e4ngre tid. <\/p>\n\n\n\n<p>Ett avbrottsskydd s\u00e4kerst\u00e4ller att f\u00f6retaget kan betala sina l\u00f6ner och andra utgifter under avbrottet.<\/p>\n\n\n\n<h4 class=\"wp-block-heading\" id=\"h-egendomsskydd\">Egendomsskydd<\/h4>\n\n\n\n<p>Egendomsskydd ger dig ers\u00e4ttning om saker skadas eller blir stulna. Det kan till exempel handla om verktyg, varor, utrustning och datorer, men motordrivna fordon brukar inte ing\u00e5 i egendomsskyddet. Omfattningen varierar, och det kan vara bra att kolla upp vad just din f\u00f6retagsf\u00f6rs\u00e4kring t\u00e4cker n\u00e4r det g\u00e4ller egendomsskydd.<\/p>\n\n\n\n<h4 class=\"wp-block-heading\" id=\"h-rattsskydd\">R\u00e4ttsskydd<\/h4>\n\n\n\n<p>Ett r\u00e4ttsskydd hj\u00e4lper dig om du skulle hamna i en tvistsituation, till exempel med en kund eller en leverant\u00f6r. Det kan exempelvis handla om sk\u00e4liga kostnader f\u00f6r juridiska ombud eller bitr\u00e4den vid r\u00e4tteg\u00e5ngar. Vissa f\u00f6rs\u00e4kringar erbjuder en egen juridisk f\u00f6retr\u00e4dare som hanterar tvisten \u00e5t dig.<\/p>\n\n\n\n<h4 class=\"wp-block-heading\" id=\"h-tjanstereseforsakring\">Tj\u00e4nsteresef\u00f6rs\u00e4kring<\/h4>\n\n\n\n<p>Mycket kan h\u00e4nda under tj\u00e4nsteresor. D\u00e4rf\u00f6r \u00e4r en tj\u00e4nsteresef\u00f6rs\u00e4kring del av m\u00e5nga f\u00f6retagsf\u00f6rs\u00e4kringar. Det handlar till exempel om skydd mot sjukdom, olycksfall, f\u00f6rseningar och annat som kan uppst\u00e5 under resans g\u00e5ng.<\/p>\n\n\n\n<h3 class=\"wp-block-heading\" id=\"h-kontrollera-villkoren-noga\">Kontrollera villkoren noga<\/h3>\n\n\n\n<p>Oavsett vilket f\u00f6rs\u00e4kringsbolag och vilken l\u00f6sning du v\u00e4ljer \u00e4r det viktigt att g\u00e5 igenom villkoren ordentligt. Det kan framf\u00f6r allt vara bra att se hur h\u00f6g sj\u00e4lvrisken \u00e4r vid olika skador, och vad det finns f\u00f6r krav f\u00f6r att uppn\u00e5 villkoren, till exempel g\u00e4llande f\u00f6retagets utrustning som s\u00e4kerhetsl\u00e5s och annat.<\/p>\n\n\n\n<h3 class=\"wp-block-heading\" id=\"h-foretagsforsakring-for-enskild-firma\">F\u00f6retagsf\u00f6rs\u00e4kring f\u00f6r enskild firma<\/h3>\n\n\n\n<p>N\u00e4r du driver en enskild firma \u00e4r din privatekonomi och f\u00f6retagsekonomi t\u00e4tt sammankopplad. Du \u00e4r personligt ansvarig f\u00f6r allt som h\u00e4nder med f\u00f6retagets verksamhet och ekonomi. <\/p>\n\n\n\n<p>Av den orsaken \u00e4r det mycket viktigt att ha en f\u00f6retagsf\u00f6rs\u00e4kring som t\u00e4cker alla saker som kan t\u00e4nkas h\u00e4nda. Fundera \u00f6ver vad verksamhetens st\u00f6rsta risker \u00e4r och hitta en f\u00f6rs\u00e4kring som t\u00e4cker dem p\u00e5 b\u00e4sta s\u00e4tt.<\/p>\n\n\n\n<h3 class=\"wp-block-heading\" id=\"h-foretagsforsakring-for-aktiebolag\">F\u00f6retagsf\u00f6rs\u00e4kring f\u00f6r aktiebolag<\/h3>\n\n\n\n<p>Aktiebolag \u00e4r en egen juridisk person; bolagets ansvar och ekonomi \u00e4r allts\u00e5 inte lika kopplade till det privata som hos en enskild firma. Men \u00e4ven i detta fall finns det mycket of\u00f6rutsett som kan h\u00e4nda och ha konsekvenser f\u00f6r verksamheten. \u00c5terigen \u00e4r det bra att fundera \u00f6ver vad de st\u00f6rsta riskerna \u00e4r, och hitta en f\u00f6rs\u00e4kring som t\u00e4cker dem p\u00e5 b\u00e4sta s\u00e4tt.<\/p>\n\n\n\n<h3 class=\"wp-block-heading\" id=\"h-forsakring-for-handelsbolag\">F\u00f6rs\u00e4kring f\u00f6r handelsbolag<\/h3>\n\n\n\n<p>\u00c4ven handelsbolag, d\u00e4r n\u00e5gra personligt ansvariga bolagsm\u00e4n driver f\u00f6retaget, beh\u00f6ver en bra f\u00f6rs\u00e4kring. Eftersom bolagsm\u00e4nnen \u00e4r personligt ansvariga n\u00e4r det g\u00e4ller ekonomi och avtal \u00e4r det viktigt med ett bra skydd.<\/p>\n\n\n\n<h3 class=\"wp-block-heading\" id=\"h-behover-en-konsult-en-foretagsforsakring\">Beh\u00f6ver en konsult en f\u00f6retagsf\u00f6rs\u00e4kring?<\/h3>\n\n\n\n<p>Ja, \u00e4ven konsulter har ett behov av en bra f\u00f6rs\u00e4kring, och det finns m\u00e5nga skr\u00e4ddarsydda konsultf\u00f6rs\u00e4kringar p\u00e5 marknaden. Vissa delar, till exempel avbrottsskydd vid sjukdom och olycksfall, kan vara \u00e4nnu viktigare f\u00f6r en konsult, som p\u00e5 s\u00e5 s\u00e4tt ofta \u00e4r k\u00e4nsligare \u00e4n st\u00f6rre f\u00f6retag. <\/p>\n\n\n\n<p>Det finns ocks\u00e5 personf\u00f6rs\u00e4kringar som kan vara bra att t\u00e4nka p\u00e5 n\u00e4r du har ett konsultf\u00f6retag. N\u00e5gra exempel \u00e4r arbetsl\u00f6shetsf\u00f6rs\u00e4kring, pensionsf\u00f6rs\u00e4kring och olycksfallsf\u00f6rs\u00e4kring<\/p>\n\n\n\n<h3 class=\"wp-block-heading\" id=\"h-bokforing-av-foretagsforsakring\">Bokf\u00f6ring av f\u00f6retagsf\u00f6rs\u00e4kring<\/h3>\n\n\n\n<p>Premierna f\u00f6r f\u00f6retagsf\u00f6rs\u00e4kringar saknar <a href=\"https:\/\/creddo.com\/se\/momsdeklaration\/\">moms<\/a>, vilket regleras i merv\u00e4rdesskattelagen (1994:200). Kostnaderna f\u00f6r ers\u00e4ttningar vid skador \u00e4r d\u00e4remot skattepliktiga, men det g\u00e5r att g\u00f6ra avdrag f\u00f6r sj\u00e4lvrisk och eventuella reparationskostnader som \u00e4r kopplade till skadan. <\/p>\n\n\n\n<p>Premierna brukar <a href=\"https:\/\/creddo.com\/se\/bokforing\/\">bokf\u00f6ras<\/a> som kostnader f\u00f6r f\u00f6retagsf\u00f6rs\u00e4kring under \u00f6vriga externa kostnader.<\/p>\n\n\n\n<h3 class=\"wp-block-heading\" id=\"h-5-goda-rad-kring-foretagsforsakringar\">5 goda r\u00e5d kring f\u00f6retagsf\u00f6rs\u00e4kringar<\/h3>\n\n\n\n<p>H\u00e4r \u00e4r fem goda r\u00e5d kring f\u00f6retagsf\u00f6rs\u00e4kringar som kan g\u00f6ra det s\u00e4krare, enklare och billigare.<\/p>\n\n\n\n<ol class=\"wp-block-list\">\n<li><strong>H\u00e5ll din information uppdaterad<\/strong><\/li>\n<\/ol>\n\n\n\n<p>T\u00e4nk p\u00e5 att regelbundet uppdatera din information, till exempel g\u00e4llande f\u00f6retagets oms\u00e4ttning. Det kan p\u00e5verka premien och f\u00f6rs\u00e4kringsskyddet. Om du inte har angett r\u00e4tt information riskerar du att bli utan ers\u00e4ttning om n\u00e5got skulle h\u00e4nda.&nbsp;<\/p>\n\n\n\n<ol start=\"2\" class=\"wp-block-list\">\n<li><strong>Hitta en passande branschf\u00f6rs\u00e4kring<\/strong><\/li>\n<\/ol>\n\n\n\n<p>M\u00e5nga f\u00f6rs\u00e4kringar \u00e4r branschinriktade, och det kan finnas mycket att vinna p\u00e5 att hitta en som \u00e4r anpassad till ditt f\u00f6retags verksamhet. Det finns till exempel hotell- och restaurangf\u00f6rs\u00e4kringar, bygg- och entreprenadf\u00f6rs\u00e4kringar, juristf\u00f6rs\u00e4kringar och m\u00e5nga andra skr\u00e4ddarsydda l\u00f6sningar. Skyddet kan bli mer anpassat f\u00f6r din typ av f\u00f6retag och de risker just din verksamhet st\u00e5r inf\u00f6r.<\/p>\n\n\n\n<ol start=\"3\" class=\"wp-block-list\">\n<li><strong>Unders\u00f6k flera alternativ p\u00e5 marknaden<\/strong><\/li>\n<\/ol>\n\n\n\n<p>Det \u00e4r inte bara traditionella f\u00f6rs\u00e4kringsbolag som tillhandah\u00e5ller f\u00f6retagsf\u00f6rs\u00e4kringar. Gl\u00f6m inte att fackf\u00f6rbund och andra organisationer kan ha f\u00f6rs\u00e4kringar med f\u00f6rdelaktiga villkor. Det g\u00e4ller framf\u00f6r allt om du driver en enskild firma. Unders\u00f6k och j\u00e4mf\u00f6r olika alternativ &#8211; det kan finnas pengar att spara!<\/p>\n\n\n\n<ol start=\"4\" class=\"wp-block-list\">\n<li><strong>Fundera \u00f6ver dina unika behov<\/strong><\/li>\n<\/ol>\n\n\n\n<p>Alla f\u00f6retag \u00e4r olika och st\u00e5r inf\u00f6r olika typer av risker. Vilken del av f\u00f6retagsf\u00f6rs\u00e4kringen kan vara bra att f\u00f6rst\u00e4rka? Kanske r\u00e4ttsskyddet eller tj\u00e4nsteresef\u00f6rs\u00e4kringen? Finns det n\u00e5got som inte k\u00e4nns lika relevant? N\u00e4r du funderat och vet vad du \u00e4r ute efter blir det l\u00e4ttare att j\u00e4mf\u00f6ra olika f\u00f6retagsf\u00f6rs\u00e4kringar.<\/p>\n\n\n\n<ol start=\"5\" class=\"wp-block-list\">\n<li><strong>Anv\u00e4nd en j\u00e4mf\u00f6relsetj\u00e4nst<\/strong><\/li>\n<\/ol>\n\n\n\n<p>Ett sista tips \u00e4r att det \u00e4r viktigt att j\u00e4mf\u00f6ra olika alternativ, och det finns m\u00e5nga bra j\u00e4mf\u00f6relsetj\u00e4nster p\u00e5 n\u00e4tet d\u00e4r du kan f\u00e5 f\u00f6rslag fr\u00e5n flera f\u00f6rs\u00e4kringsbolag p\u00e5 en g\u00e5ng. P\u00e5 s\u00e5 s\u00e4tt kan du snabbt och enkelt f\u00e5 koll p\u00e5 marknaden och hitta en bra f\u00f6retagsf\u00f6rs\u00e4kring. Om du \u00e4r jakt efter ett riktigt <a href=\"https:\/\/creddo.com\/se\/foretagslan\/basta-foretagslanet\/\">bra f\u00f6retagsl\u00e5n<\/a> kan du j\u00e4mf\u00f6ra l\u00e5n h\u00e4r p\u00e5 Creddo.<\/p>\n\n\n\n<h3 class=\"wp-block-heading\" id=\"h-foretagsforsakring-ar-inte-det-enda-som-ar-viktigt-att-jamfora\">F\u00f6retagsf\u00f6rs\u00e4kring \u00e4r inte det enda som \u00e4r viktigt att j\u00e4mf\u00f6ra<\/h3>\n\n\n\n<p>F\u00f6retagsf\u00f6rs\u00e4kringen \u00e4r en av m\u00e5nga saker som beh\u00f6ver st\u00e4mma f\u00f6r optimera verksamheten. Men det \u00e4r l\u00e5ngt ifr\u00e5n det enda d\u00e4r det l\u00f6nar sig att j\u00e4mf\u00f6ra. M\u00e5nga f\u00f6retag beh\u00f6ver l\u00e5na f\u00f6r att investera och driva verksamheten fram\u00e5t.<\/p>\n\n\n\n<p>Precis som n\u00e4r det g\u00e4ller f\u00f6rs\u00e4kringar \u00e4r det dock viktigt att hitta r\u00e4tt, och alla f\u00f6retag skiljer sig \u00e5t. D\u00e4rf\u00f6r finns <a href=\"https:\/\/creddo.com\/se\/om-creddo\/\">vi p\u00e5 Creddo<\/a> h\u00e4r f\u00f6r att hj\u00e4lpa dig att hitta det b\u00e4sta f\u00f6retagsl\u00e5net efter dina unika f\u00f6ruts\u00e4ttningar. Snabbt, enkelt och med endast en <a href=\"https:\/\/creddo.com\/se\/foretagslan\/kreditupplysning\/\">kreditupplysning<\/a>. Och du betalar inte mer f\u00f6r l\u00e5net \u00e4n om du sj\u00e4lv skulle lagt ned tid och energi p\u00e5 att hitta det! V\u00e4lkommen till Creddo!<\/p>\n\n\n\n<p>\n<a href=\"https:\/\/creddo.com\/se\/foretagslan\" class=\"btn btn-blue\">J\u00e4mf\u00f6r l\u00e5ngivare via Creddo<\/a>\n<\/p>\n","protected":false},"excerpt":{"rendered":"<p>Att driva f\u00f6retag inneb\u00e4r att ta olika risker \u2013 men med r\u00e4tt f\u00f6rs\u00e4kring kan du st\u00e5 stadigare om n\u00e5got ov\u00e4ntat h\u00e4nder. En f\u00f6retagsf\u00f6rs\u00e4kring \u00e4r inte obligatorisk enligt lag, men f\u00f6r de flesta verksamheter \u00e4r det ett klokt val och en viktig del av f\u00f6retagets trygghet. F\u00f6r att f\u00f6rs\u00e4kringen ska vara giltig m\u00e5ste den tecknas av [&hellip;]<\/p>\n","protected":false},"author":12,"featured_media":0,"parent":0,"menu_order":0,"comment_status":"closed","ping_status":"closed","template":"creddopage.php","meta":{"_acf_changed":false,"footnotes":""},"class_list":["post-2608","page","type-page","status-publish","hentry"],"acf":[],"yoast_head":"<!-- This site is optimized with the Yoast SEO Premium plugin v26.6 (Yoast SEO v26.8) - https:\/\/yoast.com\/product\/yoast-seo-premium-wordpress\/ -->\n<title>F\u00f6retagsf\u00f6rs\u00e4kring - d\u00e4rf\u00f6r \u00e4r det viktigt att f\u00f6rs\u00e4kra f\u00f6retaget<\/title>\n<meta name=\"description\" content=\"Att ha r\u00e4tt f\u00f6retagsf\u00f6rs\u00e4kringar \u00e4r en viktig del f\u00f6r att skydda verksamheten mot of\u00f6rutsedda h\u00e4ndelser eller skadest\u00e5ndsanspr\u00e5k.\" \/>\n<meta name=\"robots\" content=\"index, follow, max-snippet:-1, max-image-preview:large, max-video-preview:-1\" \/>\n<link rel=\"canonical\" href=\"https:\/\/creddo.com\/se\/foretagsforsakring\/\" \/>\n<meta property=\"og:locale\" content=\"sv_SE\" \/>\n<meta property=\"og:type\" content=\"article\" \/>\n<meta property=\"og:title\" content=\"F\u00f6retagsf\u00f6rs\u00e4kring - beh\u00f6vs det och vad brukar ing\u00e5?\" \/>\n<meta property=\"og:description\" content=\"Att driva f\u00f6retag inneb\u00e4r att ta olika risker \u2013 men med r\u00e4tt f\u00f6rs\u00e4kring kan du st\u00e5 stadigare om n\u00e5got ov\u00e4ntat h\u00e4nder. En f\u00f6retagsf\u00f6rs\u00e4kring \u00e4r inte\" \/>\n<meta property=\"og:url\" content=\"https:\/\/creddo.com\/se\/foretagsforsakring\/\" \/>\n<meta property=\"og:site_name\" content=\"Creddo\" \/>\n<meta property=\"article:publisher\" content=\"https:\/\/www.facebook.com\/creddose\" \/>\n<meta property=\"article:modified_time\" content=\"2025-11-20T11:54:31+00:00\" \/>\n<meta property=\"og:image\" content=\"https:\/\/creddo.com\/se\/wp-content\/uploads\/2024\/07\/52.jpg\" \/>\n\t<meta property=\"og:image:width\" content=\"1200\" \/>\n\t<meta property=\"og:image:height\" content=\"630\" \/>\n\t<meta property=\"og:image:type\" content=\"image\/jpeg\" \/>\n<meta name=\"twitter:card\" content=\"summary_large_image\" \/>\n<meta name=\"twitter:label1\" content=\"Ber\u00e4knad l\u00e4stid\" \/>\n\t<meta name=\"twitter:data1\" content=\"6 minuter\" \/>\n<script type=\"application\/ld+json\" class=\"yoast-schema-graph\">{\"@context\":\"https:\/\/schema.org\",\"@graph\":[{\"@type\":\"WebPage\",\"@id\":\"https:\/\/creddo.com\/se\/foretagsforsakring\/\",\"url\":\"https:\/\/creddo.com\/se\/foretagsforsakring\/\",\"name\":\"F\u00f6retagsf\u00f6rs\u00e4kring - d\u00e4rf\u00f6r \u00e4r det viktigt att f\u00f6rs\u00e4kra f\u00f6retaget\",\"isPartOf\":{\"@id\":\"https:\/\/creddo.com\/se\/#website\"},\"datePublished\":\"2022-06-03T09:33:13+00:00\",\"dateModified\":\"2025-11-20T11:54:31+00:00\",\"description\":\"Att ha r\u00e4tt f\u00f6retagsf\u00f6rs\u00e4kringar \u00e4r en viktig del f\u00f6r att skydda verksamheten mot of\u00f6rutsedda h\u00e4ndelser eller skadest\u00e5ndsanspr\u00e5k.\",\"breadcrumb\":{\"@id\":\"https:\/\/creddo.com\/se\/foretagsforsakring\/#breadcrumb\"},\"inLanguage\":\"sv-SE\",\"potentialAction\":[{\"@type\":\"ReadAction\",\"target\":[\"https:\/\/creddo.com\/se\/foretagsforsakring\/\"]}]},{\"@type\":\"BreadcrumbList\",\"@id\":\"https:\/\/creddo.com\/se\/foretagsforsakring\/#breadcrumb\",\"itemListElement\":[{\"@type\":\"ListItem\",\"position\":1,\"name\":\"Creddo.com\",\"item\":\"https:\/\/creddo.com\/se\/\"},{\"@type\":\"ListItem\",\"position\":2,\"name\":\"F\u00f6retagsf\u00f6rs\u00e4kring &#8211; beh\u00f6vs det och vad brukar ing\u00e5?\"}]},{\"@type\":\"WebSite\",\"@id\":\"https:\/\/creddo.com\/se\/#website\",\"url\":\"https:\/\/creddo.com\/se\/\",\"name\":\"Creddo\",\"description\":\"J\u00e4mf\u00f6r f\u00f6retagsl\u00e5n upp till 10 miljoner\",\"publisher\":{\"@id\":\"https:\/\/creddo.com\/se\/#organization\"},\"potentialAction\":[{\"@type\":\"SearchAction\",\"target\":{\"@type\":\"EntryPoint\",\"urlTemplate\":\"https:\/\/creddo.com\/se\/?s={search_term_string}\"},\"query-input\":{\"@type\":\"PropertyValueSpecification\",\"valueRequired\":true,\"valueName\":\"search_term_string\"}}],\"inLanguage\":\"sv-SE\"},{\"@type\":\"Organization\",\"@id\":\"https:\/\/creddo.com\/se\/#organization\",\"name\":\"Creddo AB\",\"url\":\"https:\/\/creddo.com\/se\/\",\"logo\":{\"@type\":\"ImageObject\",\"inLanguage\":\"sv-SE\",\"@id\":\"https:\/\/creddo.com\/se\/#\/schema\/logo\/image\/\",\"url\":\"https:\/\/creddo.com\/se\/wp-content\/uploads\/2024\/04\/Creddo-logo-square.png\",\"contentUrl\":\"https:\/\/creddo.com\/se\/wp-content\/uploads\/2024\/04\/Creddo-logo-square.png\",\"width\":720,\"height\":720,\"caption\":\"Creddo AB\"},\"image\":{\"@id\":\"https:\/\/creddo.com\/se\/#\/schema\/logo\/image\/\"},\"sameAs\":[\"https:\/\/www.facebook.com\/creddose\",\"https:\/\/www.linkedin.com\/company\/creddo-ab\/\"]}]}<\/script>\n<!-- \/ Yoast SEO Premium plugin. -->","yoast_head_json":{"title":"F\u00f6retagsf\u00f6rs\u00e4kring - d\u00e4rf\u00f6r \u00e4r det viktigt att f\u00f6rs\u00e4kra f\u00f6retaget","description":"Att ha r\u00e4tt f\u00f6retagsf\u00f6rs\u00e4kringar \u00e4r en viktig del f\u00f6r att skydda verksamheten mot of\u00f6rutsedda h\u00e4ndelser eller skadest\u00e5ndsanspr\u00e5k.","robots":{"index":"index","follow":"follow","max-snippet":"max-snippet:-1","max-image-preview":"max-image-preview:large","max-video-preview":"max-video-preview:-1"},"canonical":"https:\/\/creddo.com\/se\/foretagsforsakring\/","og_locale":"sv_SE","og_type":"article","og_title":"F\u00f6retagsf\u00f6rs\u00e4kring - beh\u00f6vs det och vad brukar ing\u00e5?","og_description":"Att driva f\u00f6retag inneb\u00e4r att ta olika risker \u2013 men med r\u00e4tt f\u00f6rs\u00e4kring kan du st\u00e5 stadigare om n\u00e5got ov\u00e4ntat h\u00e4nder. En f\u00f6retagsf\u00f6rs\u00e4kring \u00e4r inte","og_url":"https:\/\/creddo.com\/se\/foretagsforsakring\/","og_site_name":"Creddo","article_publisher":"https:\/\/www.facebook.com\/creddose","article_modified_time":"2025-11-20T11:54:31+00:00","og_image":[{"width":1200,"height":630,"url":"https:\/\/creddo.com\/se\/wp-content\/uploads\/2024\/07\/52.jpg","type":"image\/jpeg"}],"twitter_card":"summary_large_image","twitter_misc":{"Ber\u00e4knad l\u00e4stid":"6 minuter"},"schema":{"@context":"https:\/\/schema.org","@graph":[{"@type":"WebPage","@id":"https:\/\/creddo.com\/se\/foretagsforsakring\/","url":"https:\/\/creddo.com\/se\/foretagsforsakring\/","name":"F\u00f6retagsf\u00f6rs\u00e4kring - d\u00e4rf\u00f6r \u00e4r det viktigt att f\u00f6rs\u00e4kra f\u00f6retaget","isPartOf":{"@id":"https:\/\/creddo.com\/se\/#website"},"datePublished":"2022-06-03T09:33:13+00:00","dateModified":"2025-11-20T11:54:31+00:00","description":"Att ha r\u00e4tt f\u00f6retagsf\u00f6rs\u00e4kringar \u00e4r en viktig del f\u00f6r att skydda verksamheten mot of\u00f6rutsedda h\u00e4ndelser eller skadest\u00e5ndsanspr\u00e5k.","breadcrumb":{"@id":"https:\/\/creddo.com\/se\/foretagsforsakring\/#breadcrumb"},"inLanguage":"sv-SE","potentialAction":[{"@type":"ReadAction","target":["https:\/\/creddo.com\/se\/foretagsforsakring\/"]}]},{"@type":"BreadcrumbList","@id":"https:\/\/creddo.com\/se\/foretagsforsakring\/#breadcrumb","itemListElement":[{"@type":"ListItem","position":1,"name":"Creddo.com","item":"https:\/\/creddo.com\/se\/"},{"@type":"ListItem","position":2,"name":"F\u00f6retagsf\u00f6rs\u00e4kring &#8211; beh\u00f6vs det och vad brukar ing\u00e5?"}]},{"@type":"WebSite","@id":"https:\/\/creddo.com\/se\/#website","url":"https:\/\/creddo.com\/se\/","name":"Creddo","description":"J\u00e4mf\u00f6r f\u00f6retagsl\u00e5n upp till 10 miljoner","publisher":{"@id":"https:\/\/creddo.com\/se\/#organization"},"potentialAction":[{"@type":"SearchAction","target":{"@type":"EntryPoint","urlTemplate":"https:\/\/creddo.com\/se\/?s={search_term_string}"},"query-input":{"@type":"PropertyValueSpecification","valueRequired":true,"valueName":"search_term_string"}}],"inLanguage":"sv-SE"},{"@type":"Organization","@id":"https:\/\/creddo.com\/se\/#organization","name":"Creddo AB","url":"https:\/\/creddo.com\/se\/","logo":{"@type":"ImageObject","inLanguage":"sv-SE","@id":"https:\/\/creddo.com\/se\/#\/schema\/logo\/image\/","url":"https:\/\/creddo.com\/se\/wp-content\/uploads\/2024\/04\/Creddo-logo-square.png","contentUrl":"https:\/\/creddo.com\/se\/wp-content\/uploads\/2024\/04\/Creddo-logo-square.png","width":720,"height":720,"caption":"Creddo AB"},"image":{"@id":"https:\/\/creddo.com\/se\/#\/schema\/logo\/image\/"},"sameAs":["https:\/\/www.facebook.com\/creddose","https:\/\/www.linkedin.com\/company\/creddo-ab\/"]}]}},"lang":"sv","translations":{"sv":2608},"pll_sync_post":[],"_links":{"self":[{"href":"https:\/\/creddo.com\/se\/wp-json\/wp\/v2\/pages\/2608","targetHints":{"allow":["GET"]}}],"collection":[{"href":"https:\/\/creddo.com\/se\/wp-json\/wp\/v2\/pages"}],"about":[{"href":"https:\/\/creddo.com\/se\/wp-json\/wp\/v2\/types\/page"}],"author":[{"embeddable":true,"href":"https:\/\/creddo.com\/se\/wp-json\/wp\/v2\/users\/12"}],"replies":[{"embeddable":true,"href":"https:\/\/creddo.com\/se\/wp-json\/wp\/v2\/comments?post=2608"}],"version-history":[{"count":7,"href":"https:\/\/creddo.com\/se\/wp-json\/wp\/v2\/pages\/2608\/revisions"}],"predecessor-version":[{"id":4635,"href":"https:\/\/creddo.com\/se\/wp-json\/wp\/v2\/pages\/2608\/revisions\/4635"}],"wp:attachment":[{"href":"https:\/\/creddo.com\/se\/wp-json\/wp\/v2\/media?parent=2608"}],"curies":[{"name":"wp","href":"https:\/\/api.w.org\/{rel}","templated":true}]}}