{"id":2614,"date":"2022-06-03T11:45:47","date_gmt":"2022-06-03T09:45:47","guid":{"rendered":"https:\/\/creddo.com\/se\/?page_id=2614"},"modified":"2025-11-20T12:58:03","modified_gmt":"2025-11-20T11:58:03","slug":"arsredovisning","status":"publish","type":"page","link":"https:\/\/creddo.com\/se\/bokforing\/arsredovisning\/","title":{"rendered":"Vad \u00e4r en \u00e5rsredovisning? Vad beh\u00f6ver du t\u00e4nka p\u00e5?"},"content":{"rendered":"\n<p>En \u00e5rsredovisning \u00e4r en \u00e5rlig ekonomisk sammanst\u00e4llning som l\u00e4mnas in till Bolagsverket. H\u00e4r tittar vi n\u00e4rmare p\u00e5 vilka f\u00f6retag som beh\u00f6ver l\u00e4mna in en, och vad som i \u00f6vrigt kan vara bra att veta kring \u00e5rsredovisningar. \u00c5rsredovisning heter <em>annual report<\/em> p\u00e5 engelska.<\/p>\n\n\n\n<p>Du kan v\u00e4lja mellan att l\u00e4mna in ditt f\u00f6retags \u00e5rsredovisning digitalt eller p\u00e5 papper. Den m\u00e5ste vara p\u00e5 svenska. Hos <strong><a href=\"https:\/\/creddo.com\/se\/foretagslan\/\">Creddo<\/a><\/strong> kan du enkelt j\u00e4mf\u00f6ra f\u00f6retagsl\u00e5n fr\u00e5n flera banker och finansbolag samtidigt. En stark \u00e5rsredovisning kan \u00f6ka dina chanser att f\u00e5 bra l\u00e5nevillkor, eftersom den visar att ditt f\u00f6retag har ordning p\u00e5 ekonomin.<\/p>\n\n\n\n<h2 class=\"wp-block-heading\" id=\"h-vilka-foretag-behover-gora-en-arsredovisning\">Vilka f\u00f6retag beh\u00f6ver g\u00f6ra en \u00e5rsredovisning?<\/h2>\n\n\n\n<p>Alla f\u00f6retag beh\u00f6ver inte l\u00e4mna in en \u00e5rsredovisning. Det g\u00e4ller vissa f\u00f6retagsformer och storlekar och regleras i bokf\u00f6ringslagens sj\u00e4tte kapitel. Ekonomiska f\u00f6reningar och aktiebolag beh\u00f6ver exempelvis alltid uppr\u00e4tta en \u00e5rsredovisning. P\u00e5 Bolagsverkets hemsida och i bokf\u00f6ringslagen kan du hitta vad som g\u00e4ller f\u00f6r just ditt f\u00f6retag.<\/p>\n\n\n\n<h3 class=\"wp-block-heading\" id=\"h-principer-for-arsredovisningar\">Principer f\u00f6r \u00e5rsredovisningar<\/h3>\n\n\n\n<p>\u00c5rsredovisningar beh\u00f6ver f\u00f6lja en viss utformning, s\u00e5 att de \u00e4r r\u00e4ttvisande och m\u00f6jliga att tolka. Det finns fyra huvudsakliga redovisningsprinciper att efterf\u00f6lja:<\/p>\n\n\n\n<ul class=\"wp-block-list\">\n<li><strong>Fortlevnadsprincipen<\/strong> &#8211; utg\u00e5ngspunkten att f\u00f6retag kommer att forts\u00e4tta sin verksamhet \u00e4ven i framtiden. Ibland kallas den ocks\u00e5 f\u00f6r going concern-principen<\/li>\n\n\n\n<li><strong>F\u00f6rsiktighetsprincipen<\/strong> &#8211; att v\u00e4rdera f\u00f6retagets tillg\u00e5ngar med f\u00f6rsiktighet. Om det finns en os\u00e4kerhet kring f\u00f6retagets ekonomi b\u00f6r tillg\u00e5ngarna v\u00e4rderas l\u00e4gre och skulderna h\u00f6gre<\/li>\n\n\n\n<li><strong>Konsekvensprincipen<\/strong> &#8211; anv\u00e4nd samma v\u00e4rderingsprinciper \u00e5r efter \u00e5r. Det g\u00f6r det l\u00e4ttare att j\u00e4mf\u00f6ra olika \u00e5rsredovisningar f\u00f6r att tolka utvecklingen<\/li>\n\n\n\n<li><strong>Kontinuitetsprincipen<\/strong> &#8211; den ing\u00e5ende balansen f\u00f6r ett r\u00e4kenskaps\u00e5r ska st\u00e4mma \u00f6verens med f\u00f6rra \u00e5rets utg\u00e5ende balans<\/li>\n<\/ul>\n\n\n\n<h3 class=\"wp-block-heading\" id=\"h-vad-ingar-i-en-arsredovisning\">Vad ing\u00e5r i en \u00e5rsredovisning?<\/h3>\n\n\n\n<p>N\u00e5gra saker som m\u00e5ste ing\u00e5 i en \u00e5rsredovisning \u00e4r:<\/p>\n\n\n\n<ul class=\"wp-block-list\">\n<li>Balansr\u00e4kning<\/li>\n\n\n\n<li>Resultatr\u00e4kning<\/li>\n\n\n\n<li>F\u00f6rvaltningsber\u00e4ttelse<\/li>\n\n\n\n<li>Noter (kompletterande information, till exempel v\u00e4rderingar)<\/li>\n\n\n\n<li>Underskrifter<\/li>\n<\/ul>\n\n\n\n<h4 class=\"wp-block-heading\" id=\"h-balansrakning\">Balansr\u00e4kning<\/h4>\n\n\n\n<p>I balansr\u00e4kningen redovisas f\u00f6retagets finansiella st\u00e4llning. Den \u00e4r uppdelad i en debetsida och en kreditsida. I debetsidan hittar du tillg\u00e5ngar som anl\u00e4ggningstillg\u00e5ngar och oms\u00e4ttningstillg\u00e5ngar. I kreditsidan hittar du f\u00f6retagets egna kapital och skulder. Debetsidan och kreditsidan beh\u00f6ver vara i balans f\u00f6r att balansr\u00e4kningen ska st\u00e4mma.<\/p>\n\n\n\n<h4 class=\"wp-block-heading\" id=\"h-resultatrakning\">Resultatr\u00e4kning<\/h4>\n\n\n\n<p>I resultatr\u00e4kningen hittar du f\u00f6retagets resultat under r\u00e4kenskapsperioden. Du ser int\u00e4kterna och kostnaderna och kan p\u00e5 s\u00e5 s\u00e4tt avl\u00e4sa om f\u00f6retaget g\u00e5tt med vinst eller f\u00f6rlust. N\u00e5gra exempel p\u00e5 poster i resultatr\u00e4kningen \u00e4r r\u00f6relseresultat, resultat efter finansiella poster och skatter. Det finns tv\u00e5 varianter: kostnadsslagsindelad resultatr\u00e4kning och funktionsindelad resultatr\u00e4kning.<\/p>\n\n\n\n<h4 class=\"wp-block-heading\" id=\"h-forvaltningsberattelse\">F\u00f6rvaltningsber\u00e4ttelse<\/h4>\n\n\n\n<p>I f\u00f6rvaltningsber\u00e4ttelsen hittar du en \u00f6versikt av hur ett f\u00f6retags resultat, st\u00e4llning och verksamhet utvecklats. De viktigaste h\u00e4ndelserna under \u00e5ret och en del annan information beh\u00f6ver ing\u00e5.<\/p>\n\n\n\n<p>N\u00e5gra exempel p\u00e5 det som beh\u00f6ver ing\u00e5 \u00e4r f\u00f6retagets kommun, verksamhetsomr\u00e5de och annan relevant information som inte finns med i balansr\u00e4kningen eller resultatr\u00e4kningen. Om f\u00f6retaget varit inaktivt under \u00e5ret beh\u00f6ver det f\u00f6rklaras i f\u00f6rvaltningsber\u00e4ttelsen.<\/p>\n\n\n\n<h4 class=\"wp-block-heading\" id=\"h-noter\">Noter<\/h4>\n\n\n\n<p>En \u00e5rsredovisning beh\u00f6ver ocks\u00e5 ha med noter, och vad som ska ing\u00e5 i noterna beror p\u00e5 f\u00f6retagets storlek. Noterna specificerar inneh\u00e5llet i resultatr\u00e4kningen och balansr\u00e4kningen. De brukar ocks\u00e5 kallas f\u00f6r till\u00e4ggsupplysningar.<\/p>\n\n\n\n<h4 class=\"wp-block-heading\" id=\"h-underskrifter\">Underskrifter<\/h4>\n\n\n\n<p>En \u00e5rsredovisning beh\u00f6ver skrivas under av vd:n, alla styrelseledam\u00f6ter och de arbetstagarrepresentanter som \u00e4r med i f\u00f6retagets styrelse. F\u00f6rutom underskriften i sig beh\u00f6vs det \u00e4ven namnf\u00f6rtydliganden och datum. \u00c5rsredovisningar kan ocks\u00e5 skrivas under digitalt, till exempel med BankID.<\/p>\n\n\n\n<hr class=\"wp-block-separator has-css-opacity\"\/>\n\n\n\n<p class=\"has-text-align-center\"><strong>Tips! <\/strong>L\u00e4s mer om <a href=\"https:\/\/creddo.com\/se\/bokforing\/leverantorsreskontra\/\">leverant\u00f6rsreskontra<\/a>.<\/p>\n\n\n\n<hr class=\"wp-block-separator has-css-opacity\"\/>\n\n\n\n<h3 class=\"wp-block-heading\" id=\"h-arsredovisningar-ar-offentliga-handlingar\">\u00c5rsredovisningar \u00e4r offentliga handlingar<\/h3>\n\n\n\n<p>Eftersom \u00e5rsredovisningar \u00e4r offentliga kan du f\u00e5 tag i all information som ing\u00e5r i dem. Bolagsverket har en e-tj\u00e4nst d\u00e4r du kan k\u00f6pa \u00e5rsredovisningar fr\u00e5n 1997 och fram\u00e5t. Det kan vara ett bra verktyg f\u00f6r att utv\u00e4rdera en potentiell kund, partner eller arbetsgivare.<\/p>\n\n\n\n<h3 class=\"wp-block-heading\" id=\"h-arsredovisningslagen\">\u00c5rsredovisningslagen<\/h3>\n\n\n\n<p>Best\u00e4mmelserna kring \u00e5rsredovisningar styrs i \u00c5rsredovisningslagen (1995:1560). Den \u00e4r baserad p\u00e5 EU-direktiv och inneh\u00e5ller 10 kapitel om hur uppr\u00e4ttandet och offentligg\u00f6randet av \u00e5rsredovisningar ska g\u00e5 till.<\/p>\n\n\n\n<h3 class=\"wp-block-heading\" id=\"h-efter-att-du-skickat-in-din-arsredovisning\">Efter att du skickat in din \u00e5rsredovisning<\/h3>\n\n\n\n<p>Om allt \u00e4r korrekt i en \u00e5rsredovisning skickas en bekr\u00e4ftelse ut. Om n\u00e5got skulle beh\u00f6va \u00e4ndras skickas det ist\u00e4llet ut ett f\u00f6rel\u00e4ggande med de \u00e4ndringar och kompletteringar som beh\u00f6ver g\u00f6ras.<\/p>\n\n\n\n<h2 class=\"wp-block-heading\">Beh\u00f6ver ditt f\u00f6retag extra kapital? <\/h2>\n\n\n\n<p>H\u00e4r hos oss p\u00e5 Creddo s\u00e5 kan du j\u00e4mf\u00f6ra f\u00f6retagsl\u00e5n hos \u00f6ver 25 olika slags l\u00e5ngivare. Ange l\u00e5nebeloppet som din verksamhet beh\u00f6ver direkt i ans\u00f6kan och f\u00e5 erbjudanden inom 24 timmar. Kontakta oss p\u00e5 Creddo s\u00e5 v\u00e4gleder vi dig g\u00e4rna vidare. Med hj\u00e4lp av knappen nedan kan du skapa en icke bindande ans\u00f6kan med endast en UC p\u00e5 bolaget.<\/p>\n\n\n\n<p>\n<a href=\"https:\/\/creddo.com\/se\/foretagslan\" class=\"btn btn-blue\">J\u00e4mf\u00f6r l\u00e5ngivare via Creddo<\/a>\n<\/p>\n","protected":false},"excerpt":{"rendered":"<p>En \u00e5rsredovisning \u00e4r en \u00e5rlig ekonomisk sammanst\u00e4llning som l\u00e4mnas in till Bolagsverket. H\u00e4r tittar vi n\u00e4rmare p\u00e5 vilka f\u00f6retag som beh\u00f6ver l\u00e4mna in en, och vad som i \u00f6vrigt kan vara bra att veta kring \u00e5rsredovisningar. \u00c5rsredovisning heter annual report p\u00e5 engelska. Du kan v\u00e4lja mellan att l\u00e4mna in ditt f\u00f6retags \u00e5rsredovisning digitalt eller p\u00e5 [&hellip;]<\/p>\n","protected":false},"author":12,"featured_media":0,"parent":2577,"menu_order":0,"comment_status":"closed","ping_status":"closed","template":"creddopage.php","meta":{"_acf_changed":false,"footnotes":""},"class_list":["post-2614","page","type-page","status-publish","hentry"],"acf":[],"yoast_head":"<!-- This site is optimized with the Yoast SEO Premium plugin v26.6 (Yoast SEO v26.8) - https:\/\/yoast.com\/product\/yoast-seo-premium-wordpress\/ -->\n<title>\u00c5rsredovisning - T\u00e4nk p\u00e5 detta n\u00e4r du l\u00e4mnar in \u00e5rsredovisningen<\/title>\n<meta name=\"description\" content=\"Alla f\u00f6retag beh\u00f6ver inte l\u00e4mna in sin \u00e5rsredovisning till Bolagsverket, men f\u00f6r v\u00e4ldigt m\u00e5nga \u00e4r det en skyldighet.\" \/>\n<meta name=\"robots\" content=\"index, follow, max-snippet:-1, max-image-preview:large, max-video-preview:-1\" \/>\n<link rel=\"canonical\" href=\"https:\/\/creddo.com\/se\/bokforing\/arsredovisning\/\" \/>\n<meta property=\"og:locale\" content=\"sv_SE\" \/>\n<meta property=\"og:type\" content=\"article\" \/>\n<meta property=\"og:title\" content=\"Vad \u00e4r en \u00e5rsredovisning? Vad beh\u00f6ver du t\u00e4nka p\u00e5?\" \/>\n<meta property=\"og:description\" content=\"En \u00e5rsredovisning \u00e4r en \u00e5rlig ekonomisk sammanst\u00e4llning som l\u00e4mnas in till Bolagsverket. H\u00e4r tittar vi n\u00e4rmare p\u00e5 vilka f\u00f6retag som beh\u00f6ver l\u00e4mna in en,\" \/>\n<meta property=\"og:url\" content=\"https:\/\/creddo.com\/se\/bokforing\/arsredovisning\/\" \/>\n<meta property=\"og:site_name\" content=\"Creddo\" \/>\n<meta property=\"article:publisher\" content=\"https:\/\/www.facebook.com\/creddose\" \/>\n<meta property=\"article:modified_time\" content=\"2025-11-20T11:58:03+00:00\" \/>\n<meta property=\"og:image\" content=\"https:\/\/creddo.com\/se\/wp-content\/uploads\/2024\/07\/52.jpg\" \/>\n\t<meta property=\"og:image:width\" content=\"1200\" \/>\n\t<meta property=\"og:image:height\" content=\"630\" \/>\n\t<meta property=\"og:image:type\" content=\"image\/jpeg\" \/>\n<meta name=\"twitter:card\" content=\"summary_large_image\" \/>\n<meta name=\"twitter:label1\" content=\"Ber\u00e4knad l\u00e4stid\" \/>\n\t<meta name=\"twitter:data1\" content=\"4 minuter\" \/>\n<script type=\"application\/ld+json\" class=\"yoast-schema-graph\">{\"@context\":\"https:\/\/schema.org\",\"@graph\":[{\"@type\":\"WebPage\",\"@id\":\"https:\/\/creddo.com\/se\/bokforing\/arsredovisning\/\",\"url\":\"https:\/\/creddo.com\/se\/bokforing\/arsredovisning\/\",\"name\":\"\u00c5rsredovisning - T\u00e4nk p\u00e5 detta n\u00e4r du l\u00e4mnar in \u00e5rsredovisningen\",\"isPartOf\":{\"@id\":\"https:\/\/creddo.com\/se\/#website\"},\"datePublished\":\"2022-06-03T09:45:47+00:00\",\"dateModified\":\"2025-11-20T11:58:03+00:00\",\"description\":\"Alla f\u00f6retag beh\u00f6ver inte l\u00e4mna in sin \u00e5rsredovisning till Bolagsverket, men f\u00f6r v\u00e4ldigt m\u00e5nga \u00e4r det en skyldighet.\",\"breadcrumb\":{\"@id\":\"https:\/\/creddo.com\/se\/bokforing\/arsredovisning\/#breadcrumb\"},\"inLanguage\":\"sv-SE\",\"potentialAction\":[{\"@type\":\"ReadAction\",\"target\":[\"https:\/\/creddo.com\/se\/bokforing\/arsredovisning\/\"]}]},{\"@type\":\"BreadcrumbList\",\"@id\":\"https:\/\/creddo.com\/se\/bokforing\/arsredovisning\/#breadcrumb\",\"itemListElement\":[{\"@type\":\"ListItem\",\"position\":1,\"name\":\"Creddo.com\",\"item\":\"https:\/\/creddo.com\/se\/\"},{\"@type\":\"ListItem\",\"position\":2,\"name\":\"Hur fungerar bokf\u00f6ring och vad beh\u00f6ver du t\u00e4nka p\u00e5?\",\"item\":\"https:\/\/creddo.com\/se\/bokforing\/\"},{\"@type\":\"ListItem\",\"position\":3,\"name\":\"Vad \u00e4r en \u00e5rsredovisning? Vad beh\u00f6ver du t\u00e4nka p\u00e5?\"}]},{\"@type\":\"WebSite\",\"@id\":\"https:\/\/creddo.com\/se\/#website\",\"url\":\"https:\/\/creddo.com\/se\/\",\"name\":\"Creddo\",\"description\":\"J\u00e4mf\u00f6r f\u00f6retagsl\u00e5n upp till 10 miljoner\",\"publisher\":{\"@id\":\"https:\/\/creddo.com\/se\/#organization\"},\"potentialAction\":[{\"@type\":\"SearchAction\",\"target\":{\"@type\":\"EntryPoint\",\"urlTemplate\":\"https:\/\/creddo.com\/se\/?s={search_term_string}\"},\"query-input\":{\"@type\":\"PropertyValueSpecification\",\"valueRequired\":true,\"valueName\":\"search_term_string\"}}],\"inLanguage\":\"sv-SE\"},{\"@type\":\"Organization\",\"@id\":\"https:\/\/creddo.com\/se\/#organization\",\"name\":\"Creddo AB\",\"url\":\"https:\/\/creddo.com\/se\/\",\"logo\":{\"@type\":\"ImageObject\",\"inLanguage\":\"sv-SE\",\"@id\":\"https:\/\/creddo.com\/se\/#\/schema\/logo\/image\/\",\"url\":\"https:\/\/creddo.com\/se\/wp-content\/uploads\/2024\/04\/Creddo-logo-square.png\",\"contentUrl\":\"https:\/\/creddo.com\/se\/wp-content\/uploads\/2024\/04\/Creddo-logo-square.png\",\"width\":720,\"height\":720,\"caption\":\"Creddo AB\"},\"image\":{\"@id\":\"https:\/\/creddo.com\/se\/#\/schema\/logo\/image\/\"},\"sameAs\":[\"https:\/\/www.facebook.com\/creddose\",\"https:\/\/www.linkedin.com\/company\/creddo-ab\/\"]}]}<\/script>\n<!-- \/ Yoast SEO Premium plugin. -->","yoast_head_json":{"title":"\u00c5rsredovisning - T\u00e4nk p\u00e5 detta n\u00e4r du l\u00e4mnar in \u00e5rsredovisningen","description":"Alla f\u00f6retag beh\u00f6ver inte l\u00e4mna in sin \u00e5rsredovisning till Bolagsverket, men f\u00f6r v\u00e4ldigt m\u00e5nga \u00e4r det en skyldighet.","robots":{"index":"index","follow":"follow","max-snippet":"max-snippet:-1","max-image-preview":"max-image-preview:large","max-video-preview":"max-video-preview:-1"},"canonical":"https:\/\/creddo.com\/se\/bokforing\/arsredovisning\/","og_locale":"sv_SE","og_type":"article","og_title":"Vad \u00e4r en \u00e5rsredovisning? Vad beh\u00f6ver du t\u00e4nka p\u00e5?","og_description":"En \u00e5rsredovisning \u00e4r en \u00e5rlig ekonomisk sammanst\u00e4llning som l\u00e4mnas in till Bolagsverket. H\u00e4r tittar vi n\u00e4rmare p\u00e5 vilka f\u00f6retag som beh\u00f6ver l\u00e4mna in en,","og_url":"https:\/\/creddo.com\/se\/bokforing\/arsredovisning\/","og_site_name":"Creddo","article_publisher":"https:\/\/www.facebook.com\/creddose","article_modified_time":"2025-11-20T11:58:03+00:00","og_image":[{"width":1200,"height":630,"url":"https:\/\/creddo.com\/se\/wp-content\/uploads\/2024\/07\/52.jpg","type":"image\/jpeg"}],"twitter_card":"summary_large_image","twitter_misc":{"Ber\u00e4knad l\u00e4stid":"4 minuter"},"schema":{"@context":"https:\/\/schema.org","@graph":[{"@type":"WebPage","@id":"https:\/\/creddo.com\/se\/bokforing\/arsredovisning\/","url":"https:\/\/creddo.com\/se\/bokforing\/arsredovisning\/","name":"\u00c5rsredovisning - T\u00e4nk p\u00e5 detta n\u00e4r du l\u00e4mnar in \u00e5rsredovisningen","isPartOf":{"@id":"https:\/\/creddo.com\/se\/#website"},"datePublished":"2022-06-03T09:45:47+00:00","dateModified":"2025-11-20T11:58:03+00:00","description":"Alla f\u00f6retag beh\u00f6ver inte l\u00e4mna in sin \u00e5rsredovisning till Bolagsverket, men f\u00f6r v\u00e4ldigt m\u00e5nga \u00e4r det en skyldighet.","breadcrumb":{"@id":"https:\/\/creddo.com\/se\/bokforing\/arsredovisning\/#breadcrumb"},"inLanguage":"sv-SE","potentialAction":[{"@type":"ReadAction","target":["https:\/\/creddo.com\/se\/bokforing\/arsredovisning\/"]}]},{"@type":"BreadcrumbList","@id":"https:\/\/creddo.com\/se\/bokforing\/arsredovisning\/#breadcrumb","itemListElement":[{"@type":"ListItem","position":1,"name":"Creddo.com","item":"https:\/\/creddo.com\/se\/"},{"@type":"ListItem","position":2,"name":"Hur fungerar bokf\u00f6ring och vad beh\u00f6ver du t\u00e4nka p\u00e5?","item":"https:\/\/creddo.com\/se\/bokforing\/"},{"@type":"ListItem","position":3,"name":"Vad \u00e4r en \u00e5rsredovisning? Vad beh\u00f6ver du t\u00e4nka p\u00e5?"}]},{"@type":"WebSite","@id":"https:\/\/creddo.com\/se\/#website","url":"https:\/\/creddo.com\/se\/","name":"Creddo","description":"J\u00e4mf\u00f6r f\u00f6retagsl\u00e5n upp till 10 miljoner","publisher":{"@id":"https:\/\/creddo.com\/se\/#organization"},"potentialAction":[{"@type":"SearchAction","target":{"@type":"EntryPoint","urlTemplate":"https:\/\/creddo.com\/se\/?s={search_term_string}"},"query-input":{"@type":"PropertyValueSpecification","valueRequired":true,"valueName":"search_term_string"}}],"inLanguage":"sv-SE"},{"@type":"Organization","@id":"https:\/\/creddo.com\/se\/#organization","name":"Creddo AB","url":"https:\/\/creddo.com\/se\/","logo":{"@type":"ImageObject","inLanguage":"sv-SE","@id":"https:\/\/creddo.com\/se\/#\/schema\/logo\/image\/","url":"https:\/\/creddo.com\/se\/wp-content\/uploads\/2024\/04\/Creddo-logo-square.png","contentUrl":"https:\/\/creddo.com\/se\/wp-content\/uploads\/2024\/04\/Creddo-logo-square.png","width":720,"height":720,"caption":"Creddo AB"},"image":{"@id":"https:\/\/creddo.com\/se\/#\/schema\/logo\/image\/"},"sameAs":["https:\/\/www.facebook.com\/creddose","https:\/\/www.linkedin.com\/company\/creddo-ab\/"]}]}},"lang":"sv","translations":{"sv":2614},"pll_sync_post":[],"_links":{"self":[{"href":"https:\/\/creddo.com\/se\/wp-json\/wp\/v2\/pages\/2614","targetHints":{"allow":["GET"]}}],"collection":[{"href":"https:\/\/creddo.com\/se\/wp-json\/wp\/v2\/pages"}],"about":[{"href":"https:\/\/creddo.com\/se\/wp-json\/wp\/v2\/types\/page"}],"author":[{"embeddable":true,"href":"https:\/\/creddo.com\/se\/wp-json\/wp\/v2\/users\/12"}],"replies":[{"embeddable":true,"href":"https:\/\/creddo.com\/se\/wp-json\/wp\/v2\/comments?post=2614"}],"version-history":[{"count":7,"href":"https:\/\/creddo.com\/se\/wp-json\/wp\/v2\/pages\/2614\/revisions"}],"predecessor-version":[{"id":5141,"href":"https:\/\/creddo.com\/se\/wp-json\/wp\/v2\/pages\/2614\/revisions\/5141"}],"up":[{"embeddable":true,"href":"https:\/\/creddo.com\/se\/wp-json\/wp\/v2\/pages\/2577"}],"wp:attachment":[{"href":"https:\/\/creddo.com\/se\/wp-json\/wp\/v2\/media?parent=2614"}],"curies":[{"name":"wp","href":"https:\/\/api.w.org\/{rel}","templated":true}]}}