{"id":2664,"date":"2022-10-14T13:59:45","date_gmt":"2022-10-14T11:59:45","guid":{"rendered":"https:\/\/creddo.com\/se\/?page_id=2664"},"modified":"2025-12-18T15:46:43","modified_gmt":"2025-12-18T14:46:43","slug":"lagerfinansiering","status":"publish","type":"page","link":"https:\/\/creddo.com\/se\/foretagslan\/lagerfinansiering\/","title":{"rendered":"Lagerfinansiering"},"content":{"rendered":"\n<p>Lagerfinansiering &#8211; beh\u00f6ver du finansiera ditt lager snabbt och smidigt? <\/p>\n\n\n\n<p>Det finns olika l\u00f6sningar som kan hj\u00e4lpa dig att hantera snabba behov av att finansiera lager. Lagerfinansiering \u00e4r ett popul\u00e4rt val f\u00f6r f\u00f6retag som till exempel grossister och import\u00f6rer. Om du som driver eget och \u00e4r verksam inom tillverkningsindustrin eller har hand om \u00e5terf\u00f6rs\u00e4ljning av varor kan just den h\u00e4r slags finansieringen vara ett passande alternativ. Black Friday i november och jultid i december brukar vara viktiga moment f\u00f6r m\u00e5nga egenf\u00f6retagare som sysslar med \u00e5terf\u00f6rs\u00e4ljning av varor. D\u00e5 kan det vara bra att vara ute i god tid f\u00f6r att m\u00f6ta dina kunders behov och satsa p\u00e5 en lagerfinansering.<\/p>\n\n\n\n<h3 class=\"wp-block-heading\" id=\"h-undersok-dina-mojligheter-har-hos-oss-for-lagerfinansiering\"><strong>Unders\u00f6k dina m\u00f6jligheter h\u00e4r hos oss<\/strong> f\u00f6r lagerfinansiering\u2192<\/h3>\n\n\n\n<p>Finansiera ditt lager med f\u00f6retagsl\u00e5n:<\/p>\n\n\n\n<ul class=\"wp-block-list\">\n<li>Snabbhet \u2013 500 000 kr \u2013 vi f\u00e5r saker och ting gjorda snabbt. V\u00e5rt rekord ligger p\u00e5 1,5 timmar.<\/li>\n\n\n\n<li>Flexibilitet \u2013 vi hj\u00e4lper dig personligen och helt kostnadsfritt att skaffa finansiering.<\/li>\n\n\n\n<li>Upp till 10 miljoner kr genom en ans\u00f6kan som inte \u00e4r bindande<\/li>\n<\/ul>\n\n\n\n<p>\n<a href=\"https:\/\/creddo.com\/se\/\" class=\"btn btn-blue\">Ans\u00f6k om lagerfinansiering<\/a>\n<\/p>\n\n\n\n<h2 class=\"wp-block-heading\" id=\"h-hur-snabbt-behov-s-lagerfinansiering\"><strong><strong>Hur snabbt beh\u00f6v<\/strong><\/strong>s<strong><strong> lagerfinansiering?<\/strong><\/strong><\/h2>\n\n\n\n<p>\u00d6ka ditt kassafl\u00f6de och se till att ditt lager \u00e4r fyllt med varor p\u00e5 l\u00f6pande basis. Men viktigaste av allt, se till att dina kunder \u00e4r n\u00f6jda och f\u00f6rblir det ocks\u00e5. T\u00e4nk d\u00e5 p\u00e5 att finansiera ditt lager. Oavsett om du har en butik, en webbutik eller b\u00e5da\u2026 d\u00e5 vet du hur viktigt det \u00e4r att h\u00e5lla ditt lager uppdaterat med varor p\u00e5 l\u00f6pande bas.&nbsp;<\/p>\n\n\n\n<p><strong><strong><strong>Ink\u00f6psfinansiering via Creddo \u2013 en flexibel l\u00f6sning f\u00f6r dina ink\u00f6p<\/strong><\/strong><\/strong><\/p>\n\n\n\n<p>Ett nytt och popul\u00e4rt finansieringsalternativ f\u00f6r lagerfinansiering \u00e4r ink\u00f6psfinansiering \u2013 genom Creddo kan du enkelt j\u00e4mf\u00f6ra och hitta r\u00e4tt l\u00f6sning f\u00f6r ditt f\u00f6retag och prova just den h\u00e4r typen av finansiering.<\/p>\n\n\n\n<p>Med ink\u00f6psfinansiering betalas dina leverant\u00f6rsfakturor direkt av finansbolaget , och du betalar tillbaka senare \u2013 vanligtvis inom 60 till 120 dagar. Det fungerar lite som en <strong>&#8221;k\u00f6p nu, betala sen l\u00f6sning&#8221;,<\/strong> fast f\u00f6r f\u00f6retagets ink\u00f6p.<\/p>\n\n\n\n<p><strong>F\u00f6rdelar med ink\u00f6psfinansiering via Creddo:<\/strong><\/p>\n\n\n\n<ul class=\"wp-block-list\">\n<li>Du kan f\u00e5 en relativt h\u00f6g kreditgr\u00e4ns<\/li>\n\n\n\n<li>Ofta kr\u00e4vs ingen personlig borgen<\/li>\n\n\n\n<li>L\u00f6sningen passar bra f\u00f6r mindre men snabbv\u00e4xande f\u00f6retag  som beh\u00f6ver finansiera st\u00f6rre ink\u00f6p <\/li>\n<\/ul>\n\n\n\n<p>Allt fler svenskar k\u00f6per saker via internet. \u00c5r 2024 var de 71 procent av den svenska befolkningen som uppgav att de under de senaste 30 dagarna har handlat n\u00e5got p\u00e5 n\u00e4tet. I \u00e5ldersgruppen 25-44 \u00e5r \u00e4r det till och med 80 procent som uppger att de handlat \u00f6ver n\u00e4tet de senaste 30 dagarna. Den st\u00f6rsta \u00f6kningen kom \u00f6verraskande nog fr\u00e5n personer \u00f6ver 65 \u00e5r. \u00c5r 2019 handlade 63 procent av 65-75-\u00e5ringarna p\u00e5 n\u00e4tet. Det \u00e4r en \u00f6kning med 45 procent fr\u00e5n fyra \u00e5r tidigare. S\u00e5 \u00e4ven bland \u00e4ldre m\u00e4nniskor \u00e4r det vanligt att handla p\u00e5 n\u00e4tet.<\/p>\n\n\n\n<p>Beh\u00f6ver du 500 000 kr eller mer f\u00f6r att kunna k\u00f6pa in nya varor till ditt lager med hj\u00e4lp av en lagerfinansiering? Unders\u00f6k i s\u00e5dana fall dina m\u00f6jligheter med Creddo. Det \u00e4r helt gratis att ans\u00f6ka om lager finansiering. Tyv\u00e4rr \u00e4r det s\u00e5 att om en kund vill ha en produkt som inte finns i lager, \u00e4r det inte troligt att han eller hon v\u00e4ntar tills just du har mer\u2026. Ist\u00e4llet kan du f\u00f6rlora kunden till en konkurrent som hanterar sitt lager b\u00e4ttre. Hur ska man hantera det p\u00e5 b\u00e4sta s\u00e4tt?<\/p>\n\n\n\n<p>Hur ser du till att ha tillr\u00e4ckligt med lager? Har du ett kassafl\u00f6de p\u00e5 500 000 kr eller mer f\u00f6r att forts\u00e4tta v\u00e4xa? Om inte s\u00e5 kan det vara v\u00e4rt att \u00f6verv\u00e4ga att ans\u00f6ka om lagerfinansiering med hj\u00e4lp av Creddo. Det \u00e4r ett popul\u00e4rt val f\u00f6r f\u00f6retag som till exempel grossister och import\u00f6rer.<\/p>\n\n\n\n<p>Om ni som driver eget sysslar med tillverkningsindustrin eller \u00e5terf\u00f6rs\u00e4ljning av varor kan just lagerfinansiering vara ett passande alternativ. Den h\u00e4r finansieringsl\u00f6sningen \u00e4r lockande f\u00f6r mindre eller medelstora f\u00f6retag som \u00e4r verksamma inom e-handel eller butiker \u00f6verlag. Just p\u00e5 grund av att s\u00e5dana f\u00f6retag \u00e4r beroende av st\u00f6rre volym av lagervaror speciellt inf\u00f6r vissa perioder av \u00e5ret. <\/p>\n\n\n\n<p>Det finns inte ett enda s\u00e4tt att finansiera lager, eftersom det beror p\u00e5 vilken typ av f\u00f6retag du driver och vilka tillg\u00e5ngar du redan har. D\u00e4rf\u00f6r \u00e4r det viktigt att arbeta med en oberoende part som Creddo. Vi kan hj\u00e4lpa dig att hitta den b\u00e4sta l\u00e5ngivaren f\u00f6r dina nuvarande och framtida behov.<\/p>\n\n\n\n<h2 class=\"wp-block-heading\" id=\"h-lagerfinansering-vad-behover-du-veta\"><strong>Lagerfinansering \u2013 vad beh\u00f6ver du veta?<\/strong><\/h2>\n\n\n\n<p>E-handelns v\u00e4rld r\u00f6r sig snabbt. Det \u00e4r ingen \u00f6verraskning att m\u00e5nga traditionella l\u00e5ngivare, t.ex. banker, \u00e4nnu inte \u00e4r uppdaterade. N\u00e4thandlarna m\u00e5ste ocks\u00e5 ta h\u00e4nsyn till m\u00e5nga driftskostnader varje \u00e5r. T\u00e4nk bara p\u00e5 lagerh\u00e5llning, leverans, personalens l\u00f6ner. Men ocks\u00e5 p\u00e5 frakt och retur av produkter. Sedan tillkommer kostnader f\u00f6r dom\u00e4n och webbhotell. Det \u00e4r d\u00e4rf\u00f6r man snabbt kommer upp i ett belopp p\u00e5&nbsp; 500 000 kr.<\/p>\n\n\n\n<p>S\u00e5 om du vill finansiera det nya lagret f\u00e5r du absolut inte gl\u00f6mma bort att ta med alla dessa betalningar i ber\u00e4kningen. Det finns en del saker att t\u00e4nka p\u00e5. Det \u00e4r ett stort problem f\u00f6r n\u00e4tbutiker som \u00e4r beroende av s\u00e4songsf\u00f6rs\u00e4ljning som till exempel julgranskulor eller halloween masker. De flesta f\u00f6rs\u00e4ljningar ska helst ske under en viss tid p\u00e5 \u00e5ret som till exempel julperioden, Black Friday i november. Dessa perioder \u00e4r m\u00f6jligheter f\u00f6r f\u00f6retag att tj\u00e4na pengar snabbt.<\/p>\n\n\n\n<h2 class=\"wp-block-heading\" id=\"h-snabb-lagerfinansiering-med-hjalp-av-creddo\"><strong>Snabb lagerfinansiering med hj\u00e4lp av Creddo<\/strong><\/h2>\n\n\n\n<p>Har du k\u00e4mpat och haft det tufft p\u00e5 senaste tiden? P\u00e5 grund av inflation eller stigande priser? Vi lever i os\u00e4kra tider. Ett exempel p\u00e5 det \u00e4r bristen p\u00e5 r\u00e5varor som tr\u00e4, cement och isolering. Under \u00e5r 2024 fortsatte e-handeln i Sverige att v\u00e4xa i rask takt, vilket skapade nya m\u00f6jligheter f\u00f6r entrepren\u00f6rer och \u00e5terf\u00f6rs\u00e4ljare. En av trenderna var den kraftiga \u00f6kningen av ink\u00f6p fr\u00e5n utl\u00e4ndska l\u00e5gprisplattformar som till exampel Temu. Oms\u00e4ttningen fr\u00e5n den h\u00e4r typen av akt\u00f6rer uppskattas ha \u00f6kat med \u00f6ver 50 procent j\u00e4mf\u00f6rt med \u00e5r 2023, motsvarande cirka 18 miljarder kronor. F\u00f6r att dra nytta av dessa m\u00f6jligheter kr\u00e4vs snabbhet n\u00e4r det kommer till hantering av kapital. <\/p>\n\n\n\n<p>Genom att snabbt kunna finansiera ink\u00f6p och anpassa sig till st\u00e4ndigt f\u00f6r\u00e4ndrade marknadsf\u00f6rh\u00e5llanden kan sm\u00e5 och medelstora f\u00f6retag effektivt s\u00e4lja produkter p\u00e5 plattformar som Amazon, eBay eller via sin egen Shopify-webbplats. Det \u00e4r d\u00e4rf\u00f6r viktigt att ha tillg\u00e5ng till finansiella l\u00f6sningar som m\u00f6jligg\u00f6r snabba och flexibla ink\u00f6p av lager.<\/p>\n\n\n\n<p>Funderar du p\u00e5 att g\u00e5 till din vanliga bank? D\u00e5 \u00e4r det b\u00e4st att ha en plan b f\u00f6r s\u00e4kerhets skull \u2013 bankerna \u00e4r trots allt mycket l\u00e5ngsamma samt s\u00e5 brukar de vara mycket f\u00f6rsiktiga just i samband med lager finansiering. Men det kan vara annorlunda.<\/p>\n\n\n\n<p>Du har trots allt fler m\u00f6jligheter \u00e4n de traditionella bankerna. Nu har du chansen att v\u00e4xa och g\u00f6ra en snabb vinst. N\u00e4r allt kommer omkring m\u00e5ste e-handelsf\u00f6retag vara snabba och viktigast av allt \u2013 snabbare \u00e4n sina konkurrenter p\u00e5 marknaden.&nbsp;<\/p>\n\n\n\n<p>Snabba krediter \u00e4r n\u00e5got som bankerna ofta inte kan erbjuda. Genom Creddo hj\u00e4lper vi dig att hitta en l\u00e5ngivare som svarar snabbt och \u00e4r lyh\u00f6rd f\u00f6r ditt f\u00f6retags behov.<\/p>\n\n\n\n<h2 class=\"wp-block-heading\" id=\"h-en-revolverande-losning-for-finansiering-av-lager\"><strong><strong>En revolverande l\u00f6sning f\u00f6r finansiering av lager<\/strong><\/strong><\/h2>\n\n\n\n<p>En revolverande kredit \u00e4r ett annat namn p\u00e5 ett flexibelt l\u00e5n som kan anv\u00e4ndas som lagerfinansiering. Det \u00e4r ett l\u00e5n som ger dig en kreditgr\u00e4ns och stor frihet. Upp till denna kreditgr\u00e4ns kan du ta ut pengar vid behov och n\u00e4r det passar dig. R\u00e4nta tas endast ut p\u00e5 de pengar du har nyttjat, inte p\u00e5 resten av kreditgr\u00e4nsen.&nbsp;<\/p>\n\n\n\n<p>Kompar samarbetar med l\u00e5ngivare som kan bist\u00e5 med en s\u00e5dan l\u00f6sning. Ska du finansiera ditt lager men beh\u00f6ver flexibilitet? D\u00e5 kan det h\u00e4r vara n\u00e5got f\u00f6r dig.&nbsp;<\/p>\n\n\n\n<p>Du betalar tillbaka ditt l\u00e5n varje m\u00e5nad. Men vanligtvis \u00e4r m\u00e5nadsbetalningen ett fast belopp av kreditgr\u00e4nsen. Pengarna du betalar tillbaka kan tas ut om och om igen. Det g\u00f6r l\u00e5net s\u00e5 enkelt att anv\u00e4nda.<\/p>\n\n\n\n<p>Ett flexibelt l\u00e5n har ingen fast l\u00f6ptid. Detta beror p\u00e5 att du kan forts\u00e4tta att ta ut pengar fr\u00e5n kontot. L\u00e5net forts\u00e4tter s\u00e5 l\u00e4nge du tar ut pengar. Du best\u00e4mmer sj\u00e4lv n\u00e4r du ska sluta l\u00e5na pengar och n\u00e4r du ska betala tillbaka hela l\u00e5net.<\/p>\n\n\n\n<p>Observera att r\u00e4ntan p\u00e5 ett flexibelt l\u00e5n kan \u00e4ndras. Det inneb\u00e4r att r\u00e4ntan p\u00e5 l\u00e5net kan stiga eller sjunka. Om r\u00e4ntan sjunker, sjunker det belopp som du m\u00e5ste betala f\u00f6r att l\u00e5na pengar med en del. Om r\u00e4ntan stiger, \u00f6kar kostnaden f\u00f6r ditt l\u00e5n.<\/p>\n\n\n\n<h2 class=\"wp-block-heading\" id=\"h-finansiering-av-lager-via-factoring\"><strong><strong>Finansiering av lager via factoring<\/strong><\/strong><\/h2>\n\n\n\n<p>S\u00e4ljer du online via plattformar som Amazon, eBay, Fiverr, bol.com eller via plattformar som tillverkar digitala produkter (t.ex. apputvecklare)? Om s\u00e5 \u00e4r fallet m\u00e5ste du ofta v\u00e4nta 30, 60 eller till och med 90 dagar p\u00e5 att f\u00e5 betalt efter en f\u00f6rs\u00e4ljning. Irriterande, eller hur?<\/p>\n\n\n\n<p>Genom factoring av e-handelsutdrag, dina fakturor, kan du f\u00e5 dina pengar omedelbart. Med den h\u00e4r l\u00f6sningen kan du snabbt f\u00e5 ig\u00e5ng kassafl\u00f6det igen. Och \u00e4nnu viktigare \u00e4r att du kan dra nytta av alla m\u00f6jligheter som dyker upp p\u00e5 marknaden utan on\u00f6dig stress.<\/p>\n\n\n\n<p>Om ditt e-handelsf\u00f6retag har den h\u00e4r typen av lagerfinansiering kan det \u00e5terinvestera omedelbart. Du kan forts\u00e4tta att fokusera p\u00e5 att s\u00e4lja, utf\u00f6ra best\u00e4llningar och utveckla ditt f\u00f6retag. Om du har den st\u00f6rsta delen av din verksamhet p\u00e5 Amazon eller Bol kan den h\u00e4r l\u00f6sningen hj\u00e4lpa dig att f\u00e5 betalt snabbare i st\u00e4llet f\u00f6r att v\u00e4nta p\u00e5 betalningar fr\u00e5n plattformar.<\/p>\n\n\n\n<h2 class=\"wp-block-heading\" id=\"h-hur-finansierar-du-ditt-lager-med-creddo-nbsp\"><strong>Hur finansierar du ditt lager med Creddo?&nbsp;<\/strong><\/h2>\n\n\n\n<p>Du har best\u00e4mt dig f\u00f6r att du beh\u00f6ver pengar f\u00f6r att investera i lager, men \u00e4r inte s\u00e4ker p\u00e5 vilken l\u00f6sning som \u00e4r b\u00e4st f\u00f6r dig? D\u00e5 \u00e4r det b\u00e4st att g\u00f6ra en ans\u00f6kan via Creddo.&nbsp;<\/p>\n\n\n\n<p>Genom att arbeta med en oberoende akt\u00f6r kan du vara lugn eftersom vi s\u00f6ker igenom hela marknaden f\u00f6r att hitta den b\u00e4sta l\u00f6sningen f\u00f6r lagerfinansiering \u00e5t dig. N\u00e4r du v\u00e4ljer Creddo f\u00e5r du omedelbart f\u00f6ljande f\u00f6rdelar:<\/p>\n\n\n\n<p>\u2013 Expertis inom din bransch och tillg\u00e5ng till l\u00e5ngivare som \u00e4r specialiserade p\u00e5 e-handel.<\/p>\n\n\n\n<p>\u2013 Ett stort utbud av m\u00f6jliga finansieringsformer<\/p>\n\n\n\n<p>\u2013 Snabbhet: V\u00e5rt rekord ligger p\u00e5 1,5 timmar fr\u00e5n ans\u00f6kan till undertecknat f\u00f6retagsl\u00e5n.<\/p>\n\n\n\n<p>\u2013 Tillg\u00e5ng till l\u00e5ngivare som enkelt kan hantera en investering p\u00e5 500 000 kr eller mer.<\/p>\n\n\n\n<p>\u2013 R\u00e4ntesatser som \u00e4r optimalt f\u00f6rhandlade.<\/p>\n\n\n\n<p>\u2013 Sist men inte minst: vi arbetar med ett personligt f\u00f6rh\u00e5llningss\u00e4tt och helt gratis service.<\/p>\n\n\n\n<p>P\u00e5 Creddo kan vi hj\u00e4lpa dig att unders\u00f6ka alla dina finansieringsm\u00f6jligheter. Med v\u00e5ra r\u00e5d h\u00e5ller vi ditt f\u00f6retag ig\u00e5ng.&nbsp;<br><em>F\u00f6r att ta reda p\u00e5 vilken typ av f\u00f6retagsl\u00e5n och vilken l\u00e5ngivare som passar b\u00e4st f\u00f6r just er, \u00e4r det viktigt att snabbt och enkelt kunna j\u00e4mf\u00f6ra de olika alternativen. Hos oss p\u00e5 <\/em><a href=\"https:\/\/creddo.com\/se\/\"><em>Creddo<\/em><\/a><em> g\u00f6r du ans\u00f6kan online, snabbt, enkelt och kostnadsfritt. Du f\u00e5r erbjudande fr\u00e5n l\u00e5ngivarna inom 24 timmar p\u00e5 vardagar, och kan enkelt j\u00e4mf\u00f6ra f\u00f6rslagen.<\/em><\/p>\n\n\n\n<p>\n<a href=\"https:\/\/creddo.com\/se\/\" class=\"btn btn-blue\">Ans\u00f6k hos Creddo<\/a>\n<\/p>\n","protected":false},"excerpt":{"rendered":"<p>Lagerfinansiering &#8211; beh\u00f6ver du finansiera ditt lager snabbt och smidigt? Det finns olika l\u00f6sningar som kan hj\u00e4lpa dig att hantera snabba behov av att finansiera lager. Lagerfinansiering \u00e4r ett popul\u00e4rt val f\u00f6r f\u00f6retag som till exempel grossister och import\u00f6rer. Om du som driver eget och \u00e4r verksam inom tillverkningsindustrin eller har hand om \u00e5terf\u00f6rs\u00e4ljning av [&hellip;]<\/p>\n","protected":false},"author":8,"featured_media":0,"parent":1141,"menu_order":0,"comment_status":"closed","ping_status":"closed","template":"creddopage.php","meta":{"_acf_changed":false,"_uag_custom_page_level_css":"","footnotes":""},"class_list":["post-2664","page","type-page","status-publish","hentry"],"acf":[],"yoast_head":"<!-- This site is optimized with the Yoast SEO Premium plugin v26.6 (Yoast SEO v26.8) - https:\/\/yoast.com\/product\/yoast-seo-premium-wordpress\/ -->\n<title>Lagerfinansiering - Creddo hj\u00e4lper dig att finansera ditt lager!<\/title>\n<meta name=\"description\" content=\"Beh\u00f6ver du lagerfinansiering inf\u00f6r black friday i november och jultiden snabbt? Ans\u00f6k via Creddo f\u00f6r en snabb och smidig finansering.\" \/>\n<meta name=\"robots\" content=\"index, follow, max-snippet:-1, max-image-preview:large, max-video-preview:-1\" \/>\n<link rel=\"canonical\" href=\"https:\/\/creddo.com\/se\/foretagslan\/lagerfinansiering\/\" \/>\n<meta property=\"og:locale\" content=\"sv_SE\" \/>\n<meta property=\"og:type\" content=\"article\" \/>\n<meta property=\"og:title\" content=\"Lagerfinansiering\" \/>\n<meta property=\"og:description\" content=\"Lagerfinansiering - beh\u00f6ver du finansiera ditt lager snabbt och smidigt? Det finns olika l\u00f6sningar som kan hj\u00e4lpa dig att hantera snabba behov av att\" \/>\n<meta property=\"og:url\" content=\"https:\/\/creddo.com\/se\/foretagslan\/lagerfinansiering\/\" \/>\n<meta property=\"og:site_name\" content=\"Creddo\" \/>\n<meta property=\"article:publisher\" content=\"https:\/\/www.facebook.com\/creddose\" \/>\n<meta property=\"article:modified_time\" content=\"2025-12-18T14:46:43+00:00\" \/>\n<meta property=\"og:image\" content=\"https:\/\/creddo.com\/se\/wp-content\/uploads\/2024\/07\/52.jpg\" \/>\n\t<meta property=\"og:image:width\" content=\"1200\" \/>\n\t<meta property=\"og:image:height\" content=\"630\" \/>\n\t<meta property=\"og:image:type\" content=\"image\/jpeg\" \/>\n<meta name=\"twitter:card\" content=\"summary_large_image\" \/>\n<meta name=\"twitter:label1\" content=\"Ber\u00e4knad l\u00e4stid\" \/>\n\t<meta name=\"twitter:data1\" content=\"9 minuter\" \/>\n<script type=\"application\/ld+json\" class=\"yoast-schema-graph\">{\"@context\":\"https:\/\/schema.org\",\"@graph\":[{\"@type\":\"WebPage\",\"@id\":\"https:\/\/creddo.com\/se\/foretagslan\/lagerfinansiering\/\",\"url\":\"https:\/\/creddo.com\/se\/foretagslan\/lagerfinansiering\/\",\"name\":\"Lagerfinansiering - Creddo hj\u00e4lper dig att finansera ditt lager!\",\"isPartOf\":{\"@id\":\"https:\/\/creddo.com\/se\/#website\"},\"datePublished\":\"2022-10-14T11:59:45+00:00\",\"dateModified\":\"2025-12-18T14:46:43+00:00\",\"description\":\"Beh\u00f6ver du lagerfinansiering inf\u00f6r black friday i november och jultiden snabbt? Ans\u00f6k via Creddo f\u00f6r en snabb och smidig finansering.\",\"breadcrumb\":{\"@id\":\"https:\/\/creddo.com\/se\/foretagslan\/lagerfinansiering\/#breadcrumb\"},\"inLanguage\":\"sv-SE\",\"potentialAction\":[{\"@type\":\"ReadAction\",\"target\":[\"https:\/\/creddo.com\/se\/foretagslan\/lagerfinansiering\/\"]}]},{\"@type\":\"BreadcrumbList\",\"@id\":\"https:\/\/creddo.com\/se\/foretagslan\/lagerfinansiering\/#breadcrumb\",\"itemListElement\":[{\"@type\":\"ListItem\",\"position\":1,\"name\":\"Creddo.com\",\"item\":\"https:\/\/creddo.com\/se\/\"},{\"@type\":\"ListItem\",\"position\":2,\"name\":\"F\u00f6retagsl\u00e5n\",\"item\":\"https:\/\/creddo.com\/se\/foretagslan\/\"},{\"@type\":\"ListItem\",\"position\":3,\"name\":\"Lagerfinansiering\"}]},{\"@type\":\"WebSite\",\"@id\":\"https:\/\/creddo.com\/se\/#website\",\"url\":\"https:\/\/creddo.com\/se\/\",\"name\":\"Creddo\",\"description\":\"J\u00e4mf\u00f6r f\u00f6retagsl\u00e5n upp till 10 miljoner\",\"publisher\":{\"@id\":\"https:\/\/creddo.com\/se\/#organization\"},\"potentialAction\":[{\"@type\":\"SearchAction\",\"target\":{\"@type\":\"EntryPoint\",\"urlTemplate\":\"https:\/\/creddo.com\/se\/?s={search_term_string}\"},\"query-input\":{\"@type\":\"PropertyValueSpecification\",\"valueRequired\":true,\"valueName\":\"search_term_string\"}}],\"inLanguage\":\"sv-SE\"},{\"@type\":\"Organization\",\"@id\":\"https:\/\/creddo.com\/se\/#organization\",\"name\":\"Creddo AB\",\"url\":\"https:\/\/creddo.com\/se\/\",\"logo\":{\"@type\":\"ImageObject\",\"inLanguage\":\"sv-SE\",\"@id\":\"https:\/\/creddo.com\/se\/#\/schema\/logo\/image\/\",\"url\":\"https:\/\/creddo.com\/se\/wp-content\/uploads\/2024\/04\/Creddo-logo-square.png\",\"contentUrl\":\"https:\/\/creddo.com\/se\/wp-content\/uploads\/2024\/04\/Creddo-logo-square.png\",\"width\":720,\"height\":720,\"caption\":\"Creddo AB\"},\"image\":{\"@id\":\"https:\/\/creddo.com\/se\/#\/schema\/logo\/image\/\"},\"sameAs\":[\"https:\/\/www.facebook.com\/creddose\",\"https:\/\/www.linkedin.com\/company\/creddo-ab\/\"]}]}<\/script>\n<!-- \/ Yoast SEO Premium plugin. -->","yoast_head_json":{"title":"Lagerfinansiering - Creddo hj\u00e4lper dig att finansera ditt lager!","description":"Beh\u00f6ver du lagerfinansiering inf\u00f6r black friday i november och jultiden snabbt? Ans\u00f6k via Creddo f\u00f6r en snabb och smidig finansering.","robots":{"index":"index","follow":"follow","max-snippet":"max-snippet:-1","max-image-preview":"max-image-preview:large","max-video-preview":"max-video-preview:-1"},"canonical":"https:\/\/creddo.com\/se\/foretagslan\/lagerfinansiering\/","og_locale":"sv_SE","og_type":"article","og_title":"Lagerfinansiering","og_description":"Lagerfinansiering - beh\u00f6ver du finansiera ditt lager snabbt och smidigt? Det finns olika l\u00f6sningar som kan hj\u00e4lpa dig att hantera snabba behov av att","og_url":"https:\/\/creddo.com\/se\/foretagslan\/lagerfinansiering\/","og_site_name":"Creddo","article_publisher":"https:\/\/www.facebook.com\/creddose","article_modified_time":"2025-12-18T14:46:43+00:00","og_image":[{"width":1200,"height":630,"url":"https:\/\/creddo.com\/se\/wp-content\/uploads\/2024\/07\/52.jpg","type":"image\/jpeg"}],"twitter_card":"summary_large_image","twitter_misc":{"Ber\u00e4knad l\u00e4stid":"9 minuter"},"schema":{"@context":"https:\/\/schema.org","@graph":[{"@type":"WebPage","@id":"https:\/\/creddo.com\/se\/foretagslan\/lagerfinansiering\/","url":"https:\/\/creddo.com\/se\/foretagslan\/lagerfinansiering\/","name":"Lagerfinansiering - Creddo hj\u00e4lper dig att finansera ditt lager!","isPartOf":{"@id":"https:\/\/creddo.com\/se\/#website"},"datePublished":"2022-10-14T11:59:45+00:00","dateModified":"2025-12-18T14:46:43+00:00","description":"Beh\u00f6ver du lagerfinansiering inf\u00f6r black friday i november och jultiden snabbt? Ans\u00f6k via Creddo f\u00f6r en snabb och smidig finansering.","breadcrumb":{"@id":"https:\/\/creddo.com\/se\/foretagslan\/lagerfinansiering\/#breadcrumb"},"inLanguage":"sv-SE","potentialAction":[{"@type":"ReadAction","target":["https:\/\/creddo.com\/se\/foretagslan\/lagerfinansiering\/"]}]},{"@type":"BreadcrumbList","@id":"https:\/\/creddo.com\/se\/foretagslan\/lagerfinansiering\/#breadcrumb","itemListElement":[{"@type":"ListItem","position":1,"name":"Creddo.com","item":"https:\/\/creddo.com\/se\/"},{"@type":"ListItem","position":2,"name":"F\u00f6retagsl\u00e5n","item":"https:\/\/creddo.com\/se\/foretagslan\/"},{"@type":"ListItem","position":3,"name":"Lagerfinansiering"}]},{"@type":"WebSite","@id":"https:\/\/creddo.com\/se\/#website","url":"https:\/\/creddo.com\/se\/","name":"Creddo","description":"J\u00e4mf\u00f6r f\u00f6retagsl\u00e5n upp till 10 miljoner","publisher":{"@id":"https:\/\/creddo.com\/se\/#organization"},"potentialAction":[{"@type":"SearchAction","target":{"@type":"EntryPoint","urlTemplate":"https:\/\/creddo.com\/se\/?s={search_term_string}"},"query-input":{"@type":"PropertyValueSpecification","valueRequired":true,"valueName":"search_term_string"}}],"inLanguage":"sv-SE"},{"@type":"Organization","@id":"https:\/\/creddo.com\/se\/#organization","name":"Creddo AB","url":"https:\/\/creddo.com\/se\/","logo":{"@type":"ImageObject","inLanguage":"sv-SE","@id":"https:\/\/creddo.com\/se\/#\/schema\/logo\/image\/","url":"https:\/\/creddo.com\/se\/wp-content\/uploads\/2024\/04\/Creddo-logo-square.png","contentUrl":"https:\/\/creddo.com\/se\/wp-content\/uploads\/2024\/04\/Creddo-logo-square.png","width":720,"height":720,"caption":"Creddo AB"},"image":{"@id":"https:\/\/creddo.com\/se\/#\/schema\/logo\/image\/"},"sameAs":["https:\/\/www.facebook.com\/creddose","https:\/\/www.linkedin.com\/company\/creddo-ab\/"]}]}},"lang":"sv","translations":{"sv":2664},"uagb_featured_image_src":{"full":false,"thumbnail":false,"medium":false,"medium_large":false,"large":false,"1536x1536":false,"2048x2048":false},"uagb_author_info":{"display_name":"Anndala Ehrstedt","author_link":"https:\/\/creddo.com\/se\/experthornan\/author\/anndala\/"},"uagb_comment_info":0,"uagb_excerpt":"Lagerfinansiering &#8211; beh\u00f6ver du finansiera ditt lager snabbt och smidigt? Det finns olika l\u00f6sningar som kan hj\u00e4lpa dig att hantera snabba behov av att finansiera lager. Lagerfinansiering \u00e4r ett popul\u00e4rt val f\u00f6r f\u00f6retag som till exempel grossister och import\u00f6rer. Om du som driver eget och \u00e4r verksam inom tillverkningsindustrin eller har hand om \u00e5terf\u00f6rs\u00e4ljning av&hellip;","pll_sync_post":[],"_links":{"self":[{"href":"https:\/\/creddo.com\/se\/wp-json\/wp\/v2\/pages\/2664","targetHints":{"allow":["GET"]}}],"collection":[{"href":"https:\/\/creddo.com\/se\/wp-json\/wp\/v2\/pages"}],"about":[{"href":"https:\/\/creddo.com\/se\/wp-json\/wp\/v2\/types\/page"}],"author":[{"embeddable":true,"href":"https:\/\/creddo.com\/se\/wp-json\/wp\/v2\/users\/8"}],"replies":[{"embeddable":true,"href":"https:\/\/creddo.com\/se\/wp-json\/wp\/v2\/comments?post=2664"}],"version-history":[{"count":16,"href":"https:\/\/creddo.com\/se\/wp-json\/wp\/v2\/pages\/2664\/revisions"}],"predecessor-version":[{"id":5296,"href":"https:\/\/creddo.com\/se\/wp-json\/wp\/v2\/pages\/2664\/revisions\/5296"}],"up":[{"embeddable":true,"href":"https:\/\/creddo.com\/se\/wp-json\/wp\/v2\/pages\/1141"}],"wp:attachment":[{"href":"https:\/\/creddo.com\/se\/wp-json\/wp\/v2\/media?parent=2664"}],"curies":[{"name":"wp","href":"https:\/\/api.w.org\/{rel}","templated":true}]}}