{"id":2684,"date":"2022-12-19T08:39:28","date_gmt":"2022-12-19T07:39:28","guid":{"rendered":"https:\/\/creddo.com\/se\/?page_id=2684"},"modified":"2025-12-31T12:00:31","modified_gmt":"2025-12-31T11:00:31","slug":"foretagskort","status":"publish","type":"page","link":"https:\/\/creddo.com\/se\/foretagskort\/","title":{"rendered":"6 egenskaper att h\u00e5lla utkik efter hos ett f\u00f6retagskort"},"content":{"rendered":"\n<p>Det \u00e4r inte ovanligt att f\u00f6retagare finansierar uppstarten av sitt f\u00f6retag ur egen ficka. Detta kan bland annat ske genom att f\u00f6retagaren tillf\u00f6r sina egna besparingar som startkapital. I vissa fall sker det ist\u00e4llet med hj\u00e4lp av privata l\u00e5n eller genom att anv\u00e4nda det privata kreditkortet. Men i l\u00e4ngden blir det on\u00f6digt kr\u00e5ngligt att l\u00e5na ut pengar till f\u00f6retaget p\u00e5 detta s\u00e4tt och att sedan ers\u00e4tta dessa utl\u00e4gg ur f\u00f6retagets kassa. D\u00e4rf\u00f6r kan det vara b\u00e4ttre att skaffa ett s\u00e4rskilt f\u00f6retagskort med kredit att anv\u00e4nda till de utgifter som f\u00f6retaget ackumulerar.<\/p>\n\n\n\n<p>Vi p\u00e5 Creddo hj\u00e4lper dig g\u00e4rna att ans\u00f6ka om ett f\u00f6retagskort. Vi \u00e4r \u00e4ven behj\u00e4lpliga n\u00e4r du \u00f6nskar ans\u00f6ka om ett <a href=\"https:\/\/creddo.com\/se\/foretagslan\/\">f\u00f6retagsl\u00e5n<\/a>!<\/p>\n\n\n\n<p>\n<a href=\"https:\/\/creddo.com\/se\/\" class=\"btn btn-blue\">Ans\u00f6k om f\u00f6retagsfinansiering<\/a>\n<\/p>\n\n\n\n<h2 class=\"wp-block-heading\" id=\"h-sa-kan-ett-foretagskort-underlatta-ditt-foretagande\"><a><\/a>S\u00e5 kan ett f\u00f6retagskort underl\u00e4tta ditt f\u00f6retagande<\/h2>\n\n\n\n<p>Ett f\u00f6retagskort kan vara ett effektivt verktyg f\u00f6r att s\u00e4rskilja f\u00f6retagets ekonomi fr\u00e5n den egna privatekonomin. Dessutom f\u00f6renklar kortet hanteringen och bokf\u00f6ringen av f\u00f6retagskostnader. N\u00e4r man \u00e4ven tar i beaktande att ett kreditkort f\u00f6r f\u00f6retag kan erbjuda en stor flexibilitet samt m\u00f6jlighet till f\u00f6rm\u00e5ner av olika slag kan det k\u00e4nnas ganska givet att skaffa ett s\u00e5dant. F\u00f6rutsatt att kortet anv\u00e4nds p\u00e5 ett ansvarsfullt s\u00e4tt kan det ge f\u00f6retaget lite mer k\u00f6pkraft och d\u00e4rmed bidra till att driva verksamheten fram\u00e5t.<\/p>\n\n\n\n<p>\u00c4ven den person som ansvarar f\u00f6r f\u00f6retagets ekonomi kan ha gl\u00e4dje av att du v\u00e4ljer att skaffa ett f\u00f6retagskort. Ut\u00f6ver att vara anv\u00e4ndbart som ett s\u00e4tt att b\u00e4ttre hantera kassafl\u00f6det kan kortet n\u00e4mligen f\u00f6renkla bokf\u00f6ringen av de kostnader som ditt f\u00f6retag har. Inte s\u00e4llan erbjuder utf\u00e4rdaren av s\u00e5dana h\u00e4r kreditkort m\u00f6jligheten till smidig rapportering samt integrering i popul\u00e4ra mjukvarusystem f\u00f6r bokf\u00f6ring. D\u00e4rmed kan du enklare h\u00e5lla koll p\u00e5 utgiftssidan i f\u00f6retaget i takt med att ditt f\u00f6retag v\u00e4xer sig st\u00f6rre och starkare.<\/p>\n\n\n\n<p>Men vilka egenskaper b\u00f6r man d\u00e5 h\u00e5lla utkik efter hos ett f\u00f6retagskort? L\u00e4s vidare s\u00e5 ger vi dig insikt i detta!<\/p>\n\n\n\n<p>\n<a href=\"https:\/\/track.adtraction.com\/t\/t?a=1674316025&#038;as=1723424594&#038;t=2&#038;tk=1\" class=\"btn btn-blue\" rel=nofollow>Ans\u00f6k om f\u00f6retagskort<\/a>\n<\/p>\n\n\n\n<h2 class=\"wp-block-heading\" id=\"h-jamfor-garna-kreditkort-for-foretag-utifran-foljande-egenskaper\"><a><\/a>J\u00e4mf\u00f6r g\u00e4rna kreditkort f\u00f6r f\u00f6retag utifr\u00e5n f\u00f6ljande egenskaper<\/h2>\n\n\n\n<p>N\u00e4r du j\u00e4mf\u00f6r f\u00f6retagskort fr\u00e5n olika utf\u00e4rdare av kreditkort kan det vara v\u00e4rt att g\u00f6ra en omfattande och r\u00e4ttvis j\u00e4mf\u00f6relse. Detta f\u00f6r att dels kunna hitta ett kort som du uppfyller de grundl\u00e4ggande villkoren f\u00f6r att kunna f\u00e5 utf\u00e4rdat. Men du b\u00f6r ocks\u00e5 g\u00f6ra en s\u00e5dan j\u00e4mf\u00f6relse f\u00f6r att f\u00e5 reda p\u00e5 vilket kort som \u00e4r det r\u00e4tta f\u00f6r dig och ditt f\u00f6retag. Detta \u00e4r s\u00e5v\u00e4l ett personligt som ett praktiskt beslut som du m\u00e5ste fatta.<\/p>\n\n\n\n<p>N\u00e4r du botaniserar i utbudet av f\u00f6retagskort med kredit kan du s\u00e5lla agnarna fr\u00e5n vetet genom att st\u00e4lla dig sj\u00e4lv dessa fr\u00e5gor:<\/p>\n\n\n\n<h3 class=\"wp-block-heading\" id=\"h-1-hur-lang-ar-den-rantefria-kredittiden-for-respektive-kort\"><a><\/a>1. Hur l\u00e5ng \u00e4r den r\u00e4ntefria kredittiden f\u00f6r respektive kort?<\/h3>\n\n\n\n<p>Du vill sannolikt kunna anv\u00e4nda ditt f\u00f6retagskort f\u00f6r att kunna finansiera stora ink\u00f6p. Genom att kunna g\u00f6ra st\u00f6rre ink\u00f6p p\u00e5 kredit med kortet kan du dels underl\u00e4tta ditt f\u00f6retagande medan f\u00f6retaget befinner sig i sin linda. Dessutom kan du p\u00e5 detta vis enklare hj\u00e4lpa f\u00f6retaget att v\u00e4xa sig st\u00f6rre och ta sig till n\u00e4sta niv\u00e5.<\/p>\n\n\n\n<p>D\u00e4rf\u00f6r kan det vara v\u00e4rt att kika p\u00e5 hur l\u00e5ng den r\u00e4ntefria kredittiden \u00e4r f\u00f6r respektive kort. M\u00e5nga kreditkort f\u00f6r f\u00f6retag har n\u00e4mligen en viss tidsperiod d\u00e4r dina ink\u00f6p \u00e4r r\u00e4ntefria under ett visst antal dagar. Det kan till exempel r\u00f6ra sig om 30, 45 eller 60 dagar beroende p\u00e5 vilka villkor som g\u00e4ller.<\/p>\n\n\n\n<h3 class=\"wp-block-heading\" id=\"h-2-far-du-en-cashback-pa-de-kop-som-gors-med-ditt-foretagskort\"><a><\/a>2. F\u00e5r du en cashback p\u00e5 de k\u00f6p som g\u00f6rs med ditt f\u00f6retagskort?<\/h3>\n\n\n\n<p>En annan faktor som du kan vilja ta i beaktande \u00e4r huruvida du f\u00e5r en cashback p\u00e5 de k\u00f6p som du g\u00f6r med ditt f\u00f6retagskort. Beroende p\u00e5 hur dina ink\u00f6psvanor ser ut kan du ofta tj\u00e4na en del p\u00e5 att v\u00e4lja ett kreditkort med cashback. Du kan till exempel f\u00e5 allt fr\u00e5n 1 % till 5 % av pengarna tillbaka n\u00e4r du betalar f\u00f6r exempelvis kontorstillbeh\u00f6r, bredband och telefoni eller aff\u00e4rsresor.<\/p>\n\n\n\n<p>Unders\u00f6k d\u00e4rf\u00f6r hur du spenderar f\u00f6retagets pengar f\u00f6r att f\u00f6rs\u00f6ka hitta de butiker eller tj\u00e4nsteleverant\u00f6rer d\u00e4r du ofta handlar mycket. Om du har m\u00f6jlighet att f\u00e5 cashback p\u00e5 dessa k\u00f6p genom att anv\u00e4nda ditt f\u00f6retagskort kan du som sagt spara en del pengar. Om dina ink\u00f6psvanor \u00e4r ganska breda och varierade kan det l\u00f6na sig att skaffa ett kort som ger dig en cashback p\u00e5 alla k\u00f6p du g\u00f6r, oavsett var dessa g\u00f6rs.<\/p>\n\n\n\n<h3 class=\"wp-block-heading\" id=\"h-3-har-de-olika-korten-arsavgifter\"><a><\/a>3. Har de olika korten \u00e5rsavgifter?<\/h3>\n\n\n\n<p>Det finns ofta s\u00e5v\u00e4l f\u00f6r- som nackdelar med olika f\u00f6retagskort. Till exempel kan det finnas ett kreditkort f\u00f6r f\u00f6retag som inte har n\u00e5gra s\u00e4rskilda f\u00f6rm\u00e5ner men som ist\u00e4llet saknar en \u00e5rsavgift. Samtidigt har de kort som ger dig betydande f\u00f6rm\u00e5ner ofta en lite h\u00f6gre \u00e5rsavgift. D\u00e4rf\u00f6r beh\u00f6ver du hitta den r\u00e4tta balansen mellan f\u00f6rm\u00e5ner och \u00e5rliga kostnader f\u00f6r dig och ditt f\u00f6retag.<\/p>\n\n\n\n<h3 class=\"wp-block-heading\" id=\"h-4-hur-hog-ar-kreditgransen-for-de-olika-foretagskorten\"><a><\/a>4. Hur h\u00f6g \u00e4r kreditgr\u00e4nsen f\u00f6r de olika f\u00f6retagskorten?<\/h3>\n\n\n\n<p>Du b\u00f6r \u00e4ven unders\u00f6ka hur h\u00f6g kreditgr\u00e4nsen \u00e4r f\u00f6r de olika f\u00f6retagskort som du j\u00e4mf\u00f6r. Detta belopp \u00e4r n\u00e4mligen viktigt d\u00e5 det p\u00e5 s\u00e4tt och vis begr\u00e4nsar ditt f\u00f6retags k\u00f6pkraft. Kreditgr\u00e4nsen s\u00e4tts ofta individuellt utifr\u00e5n ditt f\u00f6retags oms\u00e4ttning och kreditv\u00e4rdighet. Ju b\u00e4ttre ekonomi ditt f\u00f6retag har desto h\u00f6gre kreditgr\u00e4ns kan du vanligtvis beviljas.<\/p>\n\n\n\n<h3 class=\"wp-block-heading\" id=\"h-5-kan-du-fa-ytterligare-kreditkort-att-dela-ut-till-dina-medarbetare\"><a><\/a>5. Kan du f\u00e5 ytterligare kreditkort att dela ut till dina medarbetare?<\/h3>\n\n\n\n<p>Det kanske inte bara \u00e4r du sj\u00e4lv som p\u00e5 f\u00f6retaget som \u00e4r i behov av ett kreditkort \u2013 du skulle \u00e4ven kunna dela ut ett s\u00e5dant till vissa av dina anst\u00e4llda. Detta kan bland annat vara en smidig l\u00f6sning f\u00f6r att l\u00e5ta medarbetarna betala f\u00f6r vissa utgifter i verksamheten med hj\u00e4lp av kortet ist\u00e4llet f\u00f6r att g\u00f6ra utl\u00e4gg f\u00f6r dessa kostnader. P\u00e5 s\u00e5 vis f\u00f6renklas hanteringen av utgifterna, och s\u00e5v\u00e4l administrationen som bokf\u00f6ringen av dessa underl\u00e4ttas.<\/p>\n\n\n\n<p>Till exempel kanske du har anst\u00e4llda p\u00e5 f\u00f6retaget som ofta reser i tj\u00e4nsten. Om s\u00e5 \u00e4r fallet skulle du kunna h\u00e5lla utkik efter f\u00f6retagskort med kredit d\u00e4r du kan ge dessa medarbetare ett eget kort att anv\u00e4nda f\u00f6r aff\u00e4rsresor.<\/p>\n\n\n\n<h3 class=\"wp-block-heading\" id=\"h-6-erbjuder-foretagskortet-dig-mojligheter-till-kostnadskontroll\"><a><\/a>6. Erbjuder f\u00f6retagskortet dig m\u00f6jligheter till kostnadskontroll?<\/h3>\n\n\n\n<p>N\u00e4r vi \u00e4nd\u00e5 \u00e4r inne p\u00e5 det h\u00e4r med medarbetare och f\u00f6retagskort kan det \u00e4ven vara v\u00e4rt att diskutera kostnadskontroll. M\u00e5nga kreditkort f\u00f6r f\u00f6retag erbjuder n\u00e4mligen m\u00f6jligheten att begr\u00e4nsa hur mycket pengar en viss anst\u00e4lld kan spendera med sitt kort. Detta \u00e4r en kontrollfunktion som kan vara viktig att ha p\u00e5 plats. Allra helst b\u00f6r du kunna s\u00e4tta individuella kreditgr\u00e4nser f\u00f6r respektive kort utifr\u00e5n hur stort kreditutrymme respektive medarbetare b\u00f6r tilldelas.<\/p>\n\n\n\n<p>Du som \u00e4r kund hos Creddo kan ans\u00f6ka om ett kreditkort. Vi hj\u00e4lper dig ocks\u00e5 med din ans\u00f6kan om ett f\u00f6retagskort!<\/p>\n\n\n\n<p>\n<a href=\"https:\/\/track.adtraction.com\/t\/t?a=1674316025&#038;as=1723424594&#038;t=2&#038;tk=1\" class=\"btn btn-blue\" rel=nofollow>Ans\u00f6k om f\u00f6retagskort<\/a>\n<\/p>\n","protected":false},"excerpt":{"rendered":"<p>Det \u00e4r inte ovanligt att f\u00f6retagare finansierar uppstarten av sitt f\u00f6retag ur egen ficka. Detta kan bland annat ske genom att f\u00f6retagaren tillf\u00f6r sina egna besparingar som startkapital. I vissa fall sker det ist\u00e4llet med hj\u00e4lp av privata l\u00e5n eller genom att anv\u00e4nda det privata kreditkortet. Men i l\u00e4ngden blir det on\u00f6digt kr\u00e5ngligt att l\u00e5na [&hellip;]<\/p>\n","protected":false},"author":15,"featured_media":0,"parent":0,"menu_order":0,"comment_status":"closed","ping_status":"closed","template":"creddopage.php","meta":{"_acf_changed":false,"_uag_custom_page_level_css":"","footnotes":""},"class_list":["post-2684","page","type-page","status-publish","hentry"],"acf":[],"yoast_head":"<!-- This site is optimized with the Yoast SEO Premium plugin v26.6 (Yoast SEO v26.8) - https:\/\/yoast.com\/product\/yoast-seo-premium-wordpress\/ -->\n<title>6 egenskaper att h\u00e5lla utkik efter hos ett f\u00f6retagskort - Creddo<\/title>\n<meta name=\"description\" content=\"Ans\u00f6k om f\u00f6retagskort i Creddo. Du kan f\u00e5 ditt kort inom 24 timmar. S\u00e5 kan ett f\u00f6retagskort underl\u00e4tta ditt f\u00f6retagande.\" \/>\n<meta name=\"robots\" content=\"index, follow, max-snippet:-1, max-image-preview:large, max-video-preview:-1\" \/>\n<link rel=\"canonical\" href=\"https:\/\/creddo.com\/se\/foretagskort\/\" \/>\n<meta property=\"og:locale\" content=\"sv_SE\" \/>\n<meta property=\"og:type\" content=\"article\" \/>\n<meta property=\"og:title\" content=\"6 egenskaper att h\u00e5lla utkik efter hos ett f\u00f6retagskort\" \/>\n<meta property=\"og:description\" content=\"Det \u00e4r inte ovanligt att f\u00f6retagare finansierar uppstarten av sitt f\u00f6retag ur egen ficka. Detta kan bland annat ske genom att f\u00f6retagaren tillf\u00f6r sina\" \/>\n<meta property=\"og:url\" content=\"https:\/\/creddo.com\/se\/foretagskort\/\" \/>\n<meta property=\"og:site_name\" content=\"Creddo\" \/>\n<meta property=\"article:publisher\" content=\"https:\/\/www.facebook.com\/creddose\" \/>\n<meta property=\"article:modified_time\" content=\"2025-12-31T11:00:31+00:00\" \/>\n<meta property=\"og:image\" content=\"https:\/\/creddo.com\/se\/wp-content\/uploads\/2024\/07\/52.jpg\" \/>\n\t<meta property=\"og:image:width\" content=\"1200\" \/>\n\t<meta property=\"og:image:height\" content=\"630\" \/>\n\t<meta property=\"og:image:type\" content=\"image\/jpeg\" \/>\n<meta name=\"twitter:card\" content=\"summary_large_image\" \/>\n<meta name=\"twitter:label1\" content=\"Ber\u00e4knad l\u00e4stid\" \/>\n\t<meta name=\"twitter:data1\" content=\"6 minuter\" \/>\n<script type=\"application\/ld+json\" class=\"yoast-schema-graph\">{\"@context\":\"https:\/\/schema.org\",\"@graph\":[{\"@type\":\"WebPage\",\"@id\":\"https:\/\/creddo.com\/se\/foretagskort\/\",\"url\":\"https:\/\/creddo.com\/se\/foretagskort\/\",\"name\":\"6 egenskaper att h\u00e5lla utkik efter hos ett f\u00f6retagskort - Creddo\",\"isPartOf\":{\"@id\":\"https:\/\/creddo.com\/se\/#website\"},\"datePublished\":\"2022-12-19T07:39:28+00:00\",\"dateModified\":\"2025-12-31T11:00:31+00:00\",\"description\":\"Ans\u00f6k om f\u00f6retagskort i Creddo. Du kan f\u00e5 ditt kort inom 24 timmar. S\u00e5 kan ett f\u00f6retagskort underl\u00e4tta ditt f\u00f6retagande.\",\"breadcrumb\":{\"@id\":\"https:\/\/creddo.com\/se\/foretagskort\/#breadcrumb\"},\"inLanguage\":\"sv-SE\",\"potentialAction\":[{\"@type\":\"ReadAction\",\"target\":[\"https:\/\/creddo.com\/se\/foretagskort\/\"]}]},{\"@type\":\"BreadcrumbList\",\"@id\":\"https:\/\/creddo.com\/se\/foretagskort\/#breadcrumb\",\"itemListElement\":[{\"@type\":\"ListItem\",\"position\":1,\"name\":\"Creddo.com\",\"item\":\"https:\/\/creddo.com\/se\/\"},{\"@type\":\"ListItem\",\"position\":2,\"name\":\"6 egenskaper att h\u00e5lla utkik efter hos ett f\u00f6retagskort\"}]},{\"@type\":\"WebSite\",\"@id\":\"https:\/\/creddo.com\/se\/#website\",\"url\":\"https:\/\/creddo.com\/se\/\",\"name\":\"Creddo\",\"description\":\"J\u00e4mf\u00f6r f\u00f6retagsl\u00e5n upp till 10 miljoner\",\"publisher\":{\"@id\":\"https:\/\/creddo.com\/se\/#organization\"},\"potentialAction\":[{\"@type\":\"SearchAction\",\"target\":{\"@type\":\"EntryPoint\",\"urlTemplate\":\"https:\/\/creddo.com\/se\/?s={search_term_string}\"},\"query-input\":{\"@type\":\"PropertyValueSpecification\",\"valueRequired\":true,\"valueName\":\"search_term_string\"}}],\"inLanguage\":\"sv-SE\"},{\"@type\":\"Organization\",\"@id\":\"https:\/\/creddo.com\/se\/#organization\",\"name\":\"Creddo AB\",\"url\":\"https:\/\/creddo.com\/se\/\",\"logo\":{\"@type\":\"ImageObject\",\"inLanguage\":\"sv-SE\",\"@id\":\"https:\/\/creddo.com\/se\/#\/schema\/logo\/image\/\",\"url\":\"https:\/\/creddo.com\/se\/wp-content\/uploads\/2024\/04\/Creddo-logo-square.png\",\"contentUrl\":\"https:\/\/creddo.com\/se\/wp-content\/uploads\/2024\/04\/Creddo-logo-square.png\",\"width\":720,\"height\":720,\"caption\":\"Creddo AB\"},\"image\":{\"@id\":\"https:\/\/creddo.com\/se\/#\/schema\/logo\/image\/\"},\"sameAs\":[\"https:\/\/www.facebook.com\/creddose\",\"https:\/\/www.linkedin.com\/company\/creddo-ab\/\"]}]}<\/script>\n<!-- \/ Yoast SEO Premium plugin. -->","yoast_head_json":{"title":"6 egenskaper att h\u00e5lla utkik efter hos ett f\u00f6retagskort - Creddo","description":"Ans\u00f6k om f\u00f6retagskort i Creddo. Du kan f\u00e5 ditt kort inom 24 timmar. S\u00e5 kan ett f\u00f6retagskort underl\u00e4tta ditt f\u00f6retagande.","robots":{"index":"index","follow":"follow","max-snippet":"max-snippet:-1","max-image-preview":"max-image-preview:large","max-video-preview":"max-video-preview:-1"},"canonical":"https:\/\/creddo.com\/se\/foretagskort\/","og_locale":"sv_SE","og_type":"article","og_title":"6 egenskaper att h\u00e5lla utkik efter hos ett f\u00f6retagskort","og_description":"Det \u00e4r inte ovanligt att f\u00f6retagare finansierar uppstarten av sitt f\u00f6retag ur egen ficka. Detta kan bland annat ske genom att f\u00f6retagaren tillf\u00f6r sina","og_url":"https:\/\/creddo.com\/se\/foretagskort\/","og_site_name":"Creddo","article_publisher":"https:\/\/www.facebook.com\/creddose","article_modified_time":"2025-12-31T11:00:31+00:00","og_image":[{"width":1200,"height":630,"url":"https:\/\/creddo.com\/se\/wp-content\/uploads\/2024\/07\/52.jpg","type":"image\/jpeg"}],"twitter_card":"summary_large_image","twitter_misc":{"Ber\u00e4knad l\u00e4stid":"6 minuter"},"schema":{"@context":"https:\/\/schema.org","@graph":[{"@type":"WebPage","@id":"https:\/\/creddo.com\/se\/foretagskort\/","url":"https:\/\/creddo.com\/se\/foretagskort\/","name":"6 egenskaper att h\u00e5lla utkik efter hos ett f\u00f6retagskort - Creddo","isPartOf":{"@id":"https:\/\/creddo.com\/se\/#website"},"datePublished":"2022-12-19T07:39:28+00:00","dateModified":"2025-12-31T11:00:31+00:00","description":"Ans\u00f6k om f\u00f6retagskort i Creddo. Du kan f\u00e5 ditt kort inom 24 timmar. S\u00e5 kan ett f\u00f6retagskort underl\u00e4tta ditt f\u00f6retagande.","breadcrumb":{"@id":"https:\/\/creddo.com\/se\/foretagskort\/#breadcrumb"},"inLanguage":"sv-SE","potentialAction":[{"@type":"ReadAction","target":["https:\/\/creddo.com\/se\/foretagskort\/"]}]},{"@type":"BreadcrumbList","@id":"https:\/\/creddo.com\/se\/foretagskort\/#breadcrumb","itemListElement":[{"@type":"ListItem","position":1,"name":"Creddo.com","item":"https:\/\/creddo.com\/se\/"},{"@type":"ListItem","position":2,"name":"6 egenskaper att h\u00e5lla utkik efter hos ett f\u00f6retagskort"}]},{"@type":"WebSite","@id":"https:\/\/creddo.com\/se\/#website","url":"https:\/\/creddo.com\/se\/","name":"Creddo","description":"J\u00e4mf\u00f6r f\u00f6retagsl\u00e5n upp till 10 miljoner","publisher":{"@id":"https:\/\/creddo.com\/se\/#organization"},"potentialAction":[{"@type":"SearchAction","target":{"@type":"EntryPoint","urlTemplate":"https:\/\/creddo.com\/se\/?s={search_term_string}"},"query-input":{"@type":"PropertyValueSpecification","valueRequired":true,"valueName":"search_term_string"}}],"inLanguage":"sv-SE"},{"@type":"Organization","@id":"https:\/\/creddo.com\/se\/#organization","name":"Creddo AB","url":"https:\/\/creddo.com\/se\/","logo":{"@type":"ImageObject","inLanguage":"sv-SE","@id":"https:\/\/creddo.com\/se\/#\/schema\/logo\/image\/","url":"https:\/\/creddo.com\/se\/wp-content\/uploads\/2024\/04\/Creddo-logo-square.png","contentUrl":"https:\/\/creddo.com\/se\/wp-content\/uploads\/2024\/04\/Creddo-logo-square.png","width":720,"height":720,"caption":"Creddo AB"},"image":{"@id":"https:\/\/creddo.com\/se\/#\/schema\/logo\/image\/"},"sameAs":["https:\/\/www.facebook.com\/creddose","https:\/\/www.linkedin.com\/company\/creddo-ab\/"]}]}},"lang":"sv","translations":{"sv":2684},"uagb_featured_image_src":{"full":false,"thumbnail":false,"medium":false,"medium_large":false,"large":false,"1536x1536":false,"2048x2048":false},"uagb_author_info":{"display_name":"Miko\u0142aj \u015al\u0119zak","author_link":"https:\/\/creddo.com\/se\/experthornan\/author\/mikolaj\/"},"uagb_comment_info":0,"uagb_excerpt":"Det \u00e4r inte ovanligt att f\u00f6retagare finansierar uppstarten av sitt f\u00f6retag ur egen ficka. Detta kan bland annat ske genom att f\u00f6retagaren tillf\u00f6r sina egna besparingar som startkapital. I vissa fall sker det ist\u00e4llet med hj\u00e4lp av privata l\u00e5n eller genom att anv\u00e4nda det privata kreditkortet. Men i l\u00e4ngden blir det on\u00f6digt kr\u00e5ngligt att l\u00e5na&hellip;","pll_sync_post":[],"_links":{"self":[{"href":"https:\/\/creddo.com\/se\/wp-json\/wp\/v2\/pages\/2684","targetHints":{"allow":["GET"]}}],"collection":[{"href":"https:\/\/creddo.com\/se\/wp-json\/wp\/v2\/pages"}],"about":[{"href":"https:\/\/creddo.com\/se\/wp-json\/wp\/v2\/types\/page"}],"author":[{"embeddable":true,"href":"https:\/\/creddo.com\/se\/wp-json\/wp\/v2\/users\/15"}],"replies":[{"embeddable":true,"href":"https:\/\/creddo.com\/se\/wp-json\/wp\/v2\/comments?post=2684"}],"version-history":[{"count":3,"href":"https:\/\/creddo.com\/se\/wp-json\/wp\/v2\/pages\/2684\/revisions"}],"predecessor-version":[{"id":3905,"href":"https:\/\/creddo.com\/se\/wp-json\/wp\/v2\/pages\/2684\/revisions\/3905"}],"wp:attachment":[{"href":"https:\/\/creddo.com\/se\/wp-json\/wp\/v2\/media?parent=2684"}],"curies":[{"name":"wp","href":"https:\/\/api.w.org\/{rel}","templated":true}]}}