{"id":2704,"date":"2023-01-12T16:01:47","date_gmt":"2023-01-12T15:01:47","guid":{"rendered":"https:\/\/creddo.com\/se\/?page_id=2704"},"modified":"2025-12-11T16:48:47","modified_gmt":"2025-12-11T15:48:47","slug":"foretagslan-utan-uc","status":"publish","type":"page","link":"https:\/\/creddo.com\/se\/foretagslan\/foretagslan-utan-uc\/","title":{"rendered":"F\u00f6retagsl\u00e5n utan UC &#8211; att t\u00e4nka p\u00e5 som egenf\u00f6retagare"},"content":{"rendered":"\n<p>Det finns gott om olika finansieringsl\u00f6sningar f\u00f6r egenf\u00f6retagare, bland annat alternativ som f\u00f6retagsl\u00e5n utan UC, och det kan d\u00e4rf\u00f6r vara klokt att h\u00e5lla koll p\u00e5 vilka alternativ som kan vara relevanta f\u00f6r just dig och ditt f\u00f6retag. Som f\u00f6retagare \u00e4r det viktigt att du j\u00e4mf\u00f6r olika m\u00f6jligheter och v\u00e4ljer det alternativ som b\u00e4st st\u00f6djer ditt f\u00f6retags behov.<\/p>\n\n\n\n<h2 class=\"wp-block-heading\" id=\"h-vad-ar-ett-foretagslan-utan-uc\">Vad \u00e4r ett <strong>f\u00f6retagsl\u00e5n utan UC<\/strong>?<\/h2>\n\n\n\n<p>Letar du efter finansiering till ditt f\u00f6retag och vill inte oroa dig f\u00f6r din kreditv\u00e4rdighet? Ett f\u00f6retagsl\u00e5n utan UC kan vara den perfekta l\u00f6sningen! Till skillnad fr\u00e5n traditionella l\u00e5n kr\u00e4ver inte dessa l\u00e5n en UC-upplysning, vilket inneb\u00e4r att din kreditv\u00e4rdighet inte p\u00e5verkas av ans\u00f6kan. Detta g\u00f6r dem till ett attraktivt alternativ f\u00f6r nya f\u00f6retag, f\u00f6retag med svag kreditv\u00e4rdighet eller f\u00f6retag som vill undvika att samla p\u00e5 sig f\u00f6r m\u00e5nga UC-kontroller.<\/p>\n\n\n\n<p>F\u00f6retagsl\u00e5n utan UC finns tillg\u00e4ngliga i olika former, inklusive l\u00e5n utan s\u00e4kerhet och l\u00e5n med s\u00e4kerhet. L\u00e5n utan s\u00e4kerhet kr\u00e4ver ingen garanti, medan l\u00e5n med s\u00e4kerhet kr\u00e4ver att du l\u00e4gger en pant, till exempel en fastighet eller annan tillg\u00e5ng.<\/p>\n\n\n\n<p>Innan du ans\u00f6ker om ett l\u00e5n utan UC \u00e4r det viktigt att ha en realistisk budget och en l\u00e5ngsiktig plan f\u00f6r hur du ska betala tillbaka l\u00e5net. Detta hj\u00e4lper dig att undvika ekonomiska problem i framtiden.<\/p>\n\n\n\n<h2 class=\"wp-block-heading\" id=\"h-vilka-andra-kreditupplysningsforetag-finns-det-forutom-uc-upplysningscentralen\"><strong>Vilka andra kreditupplysningsf\u00f6retag finns det f\u00f6rutom UC Upplysningscentralen?<\/strong><\/h2>\n\n\n\n<h3 class=\"wp-block-heading\" id=\"h-det-finns-flera-olika-kreditupplysnings-foretag-utover-uc-som-till-exempel\"><strong>Det finns flera olika kreditupplysnings f\u00f6retag ut\u00f6ver UC som till exempel:<\/strong><\/h3>\n\n\n\n<ul class=\"wp-block-list\">\n<li>Creditsafe: Ett kreditupplysningsf\u00f6retag som erbjuder kreditupplysningar och andra verktyg f\u00f6r att hj\u00e4lpa f\u00f6retag att fatta v\u00e4lgrundade beslut om kreditgivning och aff\u00e4rsbeslut.<\/li>\n\n\n\n<li>Bisnode (\u00e4gd av Dun &amp; Bradstreet): Ett kreditupplysningsf\u00f6retag som erbjuder kreditupplysningar, aff\u00e4rsinformation och andra verktyg f\u00f6r f\u00f6retag.<\/li>\n<\/ul>\n\n\n\n<h3 class=\"wp-block-heading\" id=\"h-det-finns-en-del-fordelar-med-att-ta-ett-foretagslan-utan-uc\"><strong>Det finns en del f\u00f6rdelar med att ta ett f\u00f6retagsl\u00e5n utan UC:<\/strong><\/h3>\n\n\n\n<ul class=\"wp-block-list\">\n<li>Genom att inte g\u00f6ra en kreditupplysning hos UC slipper f\u00f6retaget att ha en notering hos UC, vilket kan p\u00e5verka deras kreditv\u00e4rdighet negativt.<\/li>\n\n\n\n<li>Snabbare process, eftersom l\u00e5ngivaren inte beh\u00f6ver g\u00f6ra en kreditpr\u00f6vning genom UCs register kan ans\u00f6kningsprocessen bli snabbare.<\/li>\n\n\n\n<li>M\u00f6jlighet att f\u00e5 l\u00e5n trots betalningsanm\u00e4rkningar: Vissa l\u00e5ngivare som erbjuder f\u00f6retagsl\u00e5n utan UC kan vara mer villiga att bevilja l\u00e5n \u00e4ven om f\u00f6retaget har betalningsanm\u00e4rkningar, eftersom de inte g\u00f6r en kreditupplysning hos UC.<\/li>\n\n\n\n<li>Flexibel \u00e5terbetalning: M\u00e5nga l\u00e5ngivare som erbjuder f\u00f6retagsl\u00e5n utan UC erbjuder ocks\u00e5 flexibla \u00e5terbetalnings planer, s\u00e5som m\u00f6jlighet att betala tillbaka l\u00e5net p\u00e5 m\u00e5nadsbasis eller genom att betala en procentuell andel av sin oms\u00e4ttning.<\/li>\n<\/ul>\n\n\n\n<h3 class=\"wp-block-heading\" id=\"h-om-du-overvager-att-ansoka-om-ett-foretagslan-utan-uc-finns-det-en-del-saker-som-du-bor-tanka-pa\"><strong>Om du \u00f6verv\u00e4ger att ans\u00f6ka om ett f\u00f6retagsl\u00e5n utan UC, finns det en del saker som du b\u00f6r t\u00e4nka p\u00e5:<\/strong><\/h3>\n\n\n\n<ul class=\"wp-block-list\">\n<li>R\u00e4ntor och avgifter: Eftersom f\u00f6retagsl\u00e5n utan UC ofta kommer med h\u00f6gre r\u00e4ntor och avgifter \u00e4n traditionella l\u00e5n, \u00e4r det viktigt att j\u00e4mf\u00f6ra olika l\u00e5nealternativ och v\u00e4ga f\u00f6r- och nackdelar innan du beslutar dig f\u00f6r ett l\u00e5n.<\/li>\n\n\n\n<li>L\u00e5nevillkor: Var noga med att l\u00e4sa igenom och f\u00f6rst\u00e5 alla villkor och krav som g\u00e4ller f\u00f6r l\u00e5net, s\u00e5som \u00e5terbetalningstider, r\u00e4ntor och avgifter.<\/li>\n\n\n\n<li>L\u00e5ngsiktig plan: Se till att du har en l\u00e5ngsiktig plan f\u00f6r hur du ska betala tillbaka l\u00e5net, s\u00e5 att du inte hamnar i ekonomiska sv\u00e5righeter.<\/li>\n\n\n\n<li>Finansiella m\u00f6jligheter: Se till att du har r\u00e5d att betala tillbaka l\u00e5net och att f\u00f6retaget har den kapacitet som kr\u00e4vs f\u00f6r att hantera ytterligare en skuld.<\/li>\n\n\n\n<li>Alternativa l\u00e5n: \u00d6verv\u00e4g att j\u00e4mf\u00f6ra olika l\u00e5n och v\u00e4lja det l\u00e5n som b\u00e4st passar dina behov och f\u00f6retagets finansiella situation.<\/li>\n\n\n\n<li>L\u00e5ngivaren: V\u00e4lj en p\u00e5litlig och seri\u00f6s l\u00e5ngivare som du kan lita p\u00e5 och som har en god historik av att leverera p\u00e5 sina l\u00e5neavtal.<\/li>\n<\/ul>\n\n\n\n<h2 class=\"wp-block-heading\" id=\"h-varfor-ska-man-ansoka-om-foretagslan-med-hjalp-av-creddo\"><strong>Varf\u00f6r ska man ans\u00f6ka om f\u00f6retagsl\u00e5n med hj\u00e4lp av Creddo?<\/strong><\/h2>\n\n\n\n<p>Creddo \u00e4r en l\u00e5nef\u00f6rmedlare som hj\u00e4lper f\u00f6retag att olika l\u00f6sningar f\u00f6r finansiering. Vi p\u00e5 Creddo erbjuder ett brett utbud av f\u00f6retagsl\u00e5n fr\u00e5n olika l\u00e5ngivare, d\u00e4r vissa anv\u00e4nder sig av andra kreditupplysningsf\u00f6retag \u00e4n UC. F\u00f6r n\u00e4rvarande samarbetar vi med \u00f6ver 25 stycken olika banker och finansbolag som \u00e4r inriktade p\u00e5 att <a href=\"https:\/\/creddo.com\/se\/\">erbjuda finansiering f\u00f6r egenf\u00f6retagare<\/a>. En av f\u00f6rdelarna med att ans\u00f6ka om f\u00f6retagsl\u00e5n genom Creddo \u00e4r att du som egenf\u00f6retagare kan j\u00e4mf\u00f6ra olika l\u00f6sningar fr\u00e5n flera l\u00e5ngivare p\u00e5 en och samma plats, vilket kan underl\u00e4tta processen att hitta det l\u00e5n som passar b\u00e4st f\u00f6r ditt f\u00f6retag. Creddo kan ocks\u00e5 hj\u00e4lpa dig att f\u00f6rst\u00e5 l\u00e5nevillkoren och guida dig genom hela ans\u00f6kningsprocessen. Det \u00e4r viktigt att notera att Creddo inte sj\u00e4lva l\u00e5nar ut pengar, utan fungerar som en f\u00f6rmedlare mellan f\u00f6retag och l\u00e5ngivare.&nbsp;<\/p>\n\n\n\n<p>\n<a href=\"https:\/\/creddo.com\/se\/foretagslan\" class=\"btn btn-blue\">J\u00e4mf\u00f6r l\u00e5ngivare via Creddo<\/a>\n<\/p>\n","protected":false},"excerpt":{"rendered":"<p>Det finns gott om olika finansieringsl\u00f6sningar f\u00f6r egenf\u00f6retagare, bland annat alternativ som f\u00f6retagsl\u00e5n utan UC, och det kan d\u00e4rf\u00f6r vara klokt att h\u00e5lla koll p\u00e5 vilka alternativ som kan vara relevanta f\u00f6r just dig och ditt f\u00f6retag. Som f\u00f6retagare \u00e4r det viktigt att du j\u00e4mf\u00f6r olika m\u00f6jligheter och v\u00e4ljer det alternativ som b\u00e4st st\u00f6djer ditt [&hellip;]<\/p>\n","protected":false},"author":12,"featured_media":0,"parent":1141,"menu_order":0,"comment_status":"closed","ping_status":"closed","template":"creddopage.php","meta":{"_acf_changed":false,"footnotes":""},"class_list":["post-2704","page","type-page","status-publish","hentry"],"acf":[],"yoast_head":"<!-- This site is optimized with the Yoast SEO Premium plugin v26.6 (Yoast SEO v26.8) - https:\/\/yoast.com\/product\/yoast-seo-premium-wordpress\/ -->\n<title>F\u00f6retagsl\u00e5n utan UC - att t\u00e4nka p\u00e5 som egenf\u00f6retagare - Creddo<\/title>\n<meta name=\"description\" content=\"Beh\u00f6ver du f\u00f6retagsl\u00e5n utan UC? Via Creddo kan du j\u00e4mf\u00f6ra snabba l\u00e5n f\u00f6r f\u00f6retag \u2013 med flexibla villkor och utan p\u00e5verkan p\u00e5 kreditv\u00e4rdighet.\" \/>\n<meta name=\"robots\" content=\"index, follow, max-snippet:-1, max-image-preview:large, max-video-preview:-1\" \/>\n<link rel=\"canonical\" href=\"https:\/\/creddo.com\/se\/foretagslan\/foretagslan-utan-uc\/\" \/>\n<meta property=\"og:locale\" content=\"sv_SE\" \/>\n<meta property=\"og:type\" content=\"article\" \/>\n<meta property=\"og:title\" content=\"F\u00f6retagsl\u00e5n utan UC - att t\u00e4nka p\u00e5 som egenf\u00f6retagare\" \/>\n<meta property=\"og:description\" content=\"Det finns gott om olika finansieringsl\u00f6sningar f\u00f6r egenf\u00f6retagare, bland annat alternativ som f\u00f6retagsl\u00e5n utan UC, och det kan d\u00e4rf\u00f6r vara klokt att h\u00e5lla\" \/>\n<meta property=\"og:url\" content=\"https:\/\/creddo.com\/se\/foretagslan\/foretagslan-utan-uc\/\" \/>\n<meta property=\"og:site_name\" content=\"Creddo\" \/>\n<meta property=\"article:publisher\" content=\"https:\/\/www.facebook.com\/creddose\" \/>\n<meta property=\"article:modified_time\" content=\"2025-12-11T15:48:47+00:00\" \/>\n<meta property=\"og:image\" content=\"https:\/\/creddo.com\/se\/wp-content\/uploads\/2024\/07\/52.jpg\" \/>\n\t<meta property=\"og:image:width\" content=\"1200\" \/>\n\t<meta property=\"og:image:height\" content=\"630\" \/>\n\t<meta property=\"og:image:type\" content=\"image\/jpeg\" \/>\n<meta name=\"twitter:card\" content=\"summary_large_image\" \/>\n<meta name=\"twitter:label1\" content=\"Ber\u00e4knad l\u00e4stid\" \/>\n\t<meta name=\"twitter:data1\" content=\"4 minuter\" \/>\n<script type=\"application\/ld+json\" class=\"yoast-schema-graph\">{\"@context\":\"https:\/\/schema.org\",\"@graph\":[{\"@type\":\"WebPage\",\"@id\":\"https:\/\/creddo.com\/se\/foretagslan\/foretagslan-utan-uc\/\",\"url\":\"https:\/\/creddo.com\/se\/foretagslan\/foretagslan-utan-uc\/\",\"name\":\"F\u00f6retagsl\u00e5n utan UC - att t\u00e4nka p\u00e5 som egenf\u00f6retagare - Creddo\",\"isPartOf\":{\"@id\":\"https:\/\/creddo.com\/se\/#website\"},\"datePublished\":\"2023-01-12T15:01:47+00:00\",\"dateModified\":\"2025-12-11T15:48:47+00:00\",\"description\":\"Beh\u00f6ver du f\u00f6retagsl\u00e5n utan UC? Via Creddo kan du j\u00e4mf\u00f6ra snabba l\u00e5n f\u00f6r f\u00f6retag \u2013 med flexibla villkor och utan p\u00e5verkan p\u00e5 kreditv\u00e4rdighet.\",\"breadcrumb\":{\"@id\":\"https:\/\/creddo.com\/se\/foretagslan\/foretagslan-utan-uc\/#breadcrumb\"},\"inLanguage\":\"sv-SE\",\"potentialAction\":[{\"@type\":\"ReadAction\",\"target\":[\"https:\/\/creddo.com\/se\/foretagslan\/foretagslan-utan-uc\/\"]}]},{\"@type\":\"BreadcrumbList\",\"@id\":\"https:\/\/creddo.com\/se\/foretagslan\/foretagslan-utan-uc\/#breadcrumb\",\"itemListElement\":[{\"@type\":\"ListItem\",\"position\":1,\"name\":\"Creddo.com\",\"item\":\"https:\/\/creddo.com\/se\/\"},{\"@type\":\"ListItem\",\"position\":2,\"name\":\"F\u00f6retagsl\u00e5n\",\"item\":\"https:\/\/creddo.com\/se\/foretagslan\/\"},{\"@type\":\"ListItem\",\"position\":3,\"name\":\"F\u00f6retagsl\u00e5n utan UC\"}]},{\"@type\":\"WebSite\",\"@id\":\"https:\/\/creddo.com\/se\/#website\",\"url\":\"https:\/\/creddo.com\/se\/\",\"name\":\"Creddo\",\"description\":\"J\u00e4mf\u00f6r f\u00f6retagsl\u00e5n upp till 10 miljoner\",\"publisher\":{\"@id\":\"https:\/\/creddo.com\/se\/#organization\"},\"potentialAction\":[{\"@type\":\"SearchAction\",\"target\":{\"@type\":\"EntryPoint\",\"urlTemplate\":\"https:\/\/creddo.com\/se\/?s={search_term_string}\"},\"query-input\":{\"@type\":\"PropertyValueSpecification\",\"valueRequired\":true,\"valueName\":\"search_term_string\"}}],\"inLanguage\":\"sv-SE\"},{\"@type\":\"Organization\",\"@id\":\"https:\/\/creddo.com\/se\/#organization\",\"name\":\"Creddo AB\",\"url\":\"https:\/\/creddo.com\/se\/\",\"logo\":{\"@type\":\"ImageObject\",\"inLanguage\":\"sv-SE\",\"@id\":\"https:\/\/creddo.com\/se\/#\/schema\/logo\/image\/\",\"url\":\"https:\/\/creddo.com\/se\/wp-content\/uploads\/2024\/04\/Creddo-logo-square.png\",\"contentUrl\":\"https:\/\/creddo.com\/se\/wp-content\/uploads\/2024\/04\/Creddo-logo-square.png\",\"width\":720,\"height\":720,\"caption\":\"Creddo AB\"},\"image\":{\"@id\":\"https:\/\/creddo.com\/se\/#\/schema\/logo\/image\/\"},\"sameAs\":[\"https:\/\/www.facebook.com\/creddose\",\"https:\/\/www.linkedin.com\/company\/creddo-ab\/\"]}]}<\/script>\n<!-- \/ Yoast SEO Premium plugin. -->","yoast_head_json":{"title":"F\u00f6retagsl\u00e5n utan UC - att t\u00e4nka p\u00e5 som egenf\u00f6retagare - Creddo","description":"Beh\u00f6ver du f\u00f6retagsl\u00e5n utan UC? Via Creddo kan du j\u00e4mf\u00f6ra snabba l\u00e5n f\u00f6r f\u00f6retag \u2013 med flexibla villkor och utan p\u00e5verkan p\u00e5 kreditv\u00e4rdighet.","robots":{"index":"index","follow":"follow","max-snippet":"max-snippet:-1","max-image-preview":"max-image-preview:large","max-video-preview":"max-video-preview:-1"},"canonical":"https:\/\/creddo.com\/se\/foretagslan\/foretagslan-utan-uc\/","og_locale":"sv_SE","og_type":"article","og_title":"F\u00f6retagsl\u00e5n utan UC - att t\u00e4nka p\u00e5 som egenf\u00f6retagare","og_description":"Det finns gott om olika finansieringsl\u00f6sningar f\u00f6r egenf\u00f6retagare, bland annat alternativ som f\u00f6retagsl\u00e5n utan UC, och det kan d\u00e4rf\u00f6r vara klokt att h\u00e5lla","og_url":"https:\/\/creddo.com\/se\/foretagslan\/foretagslan-utan-uc\/","og_site_name":"Creddo","article_publisher":"https:\/\/www.facebook.com\/creddose","article_modified_time":"2025-12-11T15:48:47+00:00","og_image":[{"width":1200,"height":630,"url":"https:\/\/creddo.com\/se\/wp-content\/uploads\/2024\/07\/52.jpg","type":"image\/jpeg"}],"twitter_card":"summary_large_image","twitter_misc":{"Ber\u00e4knad l\u00e4stid":"4 minuter"},"schema":{"@context":"https:\/\/schema.org","@graph":[{"@type":"WebPage","@id":"https:\/\/creddo.com\/se\/foretagslan\/foretagslan-utan-uc\/","url":"https:\/\/creddo.com\/se\/foretagslan\/foretagslan-utan-uc\/","name":"F\u00f6retagsl\u00e5n utan UC - att t\u00e4nka p\u00e5 som egenf\u00f6retagare - Creddo","isPartOf":{"@id":"https:\/\/creddo.com\/se\/#website"},"datePublished":"2023-01-12T15:01:47+00:00","dateModified":"2025-12-11T15:48:47+00:00","description":"Beh\u00f6ver du f\u00f6retagsl\u00e5n utan UC? Via Creddo kan du j\u00e4mf\u00f6ra snabba l\u00e5n f\u00f6r f\u00f6retag \u2013 med flexibla villkor och utan p\u00e5verkan p\u00e5 kreditv\u00e4rdighet.","breadcrumb":{"@id":"https:\/\/creddo.com\/se\/foretagslan\/foretagslan-utan-uc\/#breadcrumb"},"inLanguage":"sv-SE","potentialAction":[{"@type":"ReadAction","target":["https:\/\/creddo.com\/se\/foretagslan\/foretagslan-utan-uc\/"]}]},{"@type":"BreadcrumbList","@id":"https:\/\/creddo.com\/se\/foretagslan\/foretagslan-utan-uc\/#breadcrumb","itemListElement":[{"@type":"ListItem","position":1,"name":"Creddo.com","item":"https:\/\/creddo.com\/se\/"},{"@type":"ListItem","position":2,"name":"F\u00f6retagsl\u00e5n","item":"https:\/\/creddo.com\/se\/foretagslan\/"},{"@type":"ListItem","position":3,"name":"F\u00f6retagsl\u00e5n utan UC"}]},{"@type":"WebSite","@id":"https:\/\/creddo.com\/se\/#website","url":"https:\/\/creddo.com\/se\/","name":"Creddo","description":"J\u00e4mf\u00f6r f\u00f6retagsl\u00e5n upp till 10 miljoner","publisher":{"@id":"https:\/\/creddo.com\/se\/#organization"},"potentialAction":[{"@type":"SearchAction","target":{"@type":"EntryPoint","urlTemplate":"https:\/\/creddo.com\/se\/?s={search_term_string}"},"query-input":{"@type":"PropertyValueSpecification","valueRequired":true,"valueName":"search_term_string"}}],"inLanguage":"sv-SE"},{"@type":"Organization","@id":"https:\/\/creddo.com\/se\/#organization","name":"Creddo AB","url":"https:\/\/creddo.com\/se\/","logo":{"@type":"ImageObject","inLanguage":"sv-SE","@id":"https:\/\/creddo.com\/se\/#\/schema\/logo\/image\/","url":"https:\/\/creddo.com\/se\/wp-content\/uploads\/2024\/04\/Creddo-logo-square.png","contentUrl":"https:\/\/creddo.com\/se\/wp-content\/uploads\/2024\/04\/Creddo-logo-square.png","width":720,"height":720,"caption":"Creddo AB"},"image":{"@id":"https:\/\/creddo.com\/se\/#\/schema\/logo\/image\/"},"sameAs":["https:\/\/www.facebook.com\/creddose","https:\/\/www.linkedin.com\/company\/creddo-ab\/"]}]}},"lang":"sv","translations":{"sv":2704},"pll_sync_post":[],"_links":{"self":[{"href":"https:\/\/creddo.com\/se\/wp-json\/wp\/v2\/pages\/2704","targetHints":{"allow":["GET"]}}],"collection":[{"href":"https:\/\/creddo.com\/se\/wp-json\/wp\/v2\/pages"}],"about":[{"href":"https:\/\/creddo.com\/se\/wp-json\/wp\/v2\/types\/page"}],"author":[{"embeddable":true,"href":"https:\/\/creddo.com\/se\/wp-json\/wp\/v2\/users\/12"}],"replies":[{"embeddable":true,"href":"https:\/\/creddo.com\/se\/wp-json\/wp\/v2\/comments?post=2704"}],"version-history":[{"count":16,"href":"https:\/\/creddo.com\/se\/wp-json\/wp\/v2\/pages\/2704\/revisions"}],"predecessor-version":[{"id":5257,"href":"https:\/\/creddo.com\/se\/wp-json\/wp\/v2\/pages\/2704\/revisions\/5257"}],"up":[{"embeddable":true,"href":"https:\/\/creddo.com\/se\/wp-json\/wp\/v2\/pages\/1141"}],"wp:attachment":[{"href":"https:\/\/creddo.com\/se\/wp-json\/wp\/v2\/media?parent=2704"}],"curies":[{"name":"wp","href":"https:\/\/api.w.org\/{rel}","templated":true}]}}