{"id":2712,"date":"2023-01-17T11:14:28","date_gmt":"2023-01-17T10:14:28","guid":{"rendered":"https:\/\/creddo.com\/se\/?page_id=2712"},"modified":"2025-12-30T15:45:12","modified_gmt":"2025-12-30T14:45:12","slug":"uppstartslan","status":"publish","type":"page","link":"https:\/\/creddo.com\/se\/foretagslan\/uppstartslan\/","title":{"rendered":"Uppstartsl\u00e5n &#8211; allt du beh\u00f6ver veta"},"content":{"rendered":"\n<p>Nystartade f\u00f6retag kan ha sv\u00e5rt att f\u00e5 f\u00f6retagsl\u00e5n fr\u00e5n traditionella banker och kreditinstitut eftersom de saknar historisk ekonomisk data. <a href=\"https:\/\/creddo.com\/se\/foretagslan\/\">Uppstartsl\u00e5n<\/a> \u00e4r ett bra alternativ f\u00f6r dessa f\u00f6retag eftersom det ger dem m\u00f6jlighet att finansiera sina verksamheter och v\u00e4xa. \u00c4ven om det \u00e4r en sv\u00e5r process finns det viktiga saker att t\u00e4nka p\u00e5. Det \u00f6kar chanserna att f\u00e5 ett uppstartsl\u00e5n:<\/p>\n\n\n\n<p>F\u00f6rst och fr\u00e4mst \u00e4r det viktigt att ha en detaljerad aff\u00e4rsplan redo. Den b\u00f6r inneh\u00e5lla information om f\u00f6retagets m\u00e5l och strategier. Det b\u00f6r ocks\u00e5 inkludera marknadsunders\u00f6kningar, konkurrensanalys, f\u00f6rs\u00e4ljningsprognoser och finansiella projektioner. Det \u00e4r ocks\u00e5 viktigt att visa p\u00e5 hur l\u00e5net kommer att anv\u00e4ndas, till exempel f\u00f6r att k\u00f6pa inventarier eller hyra lokaler.&nbsp;<\/p>\n\n\n\n<p>Det \u00e4r positivt om du \u00e4r erfaren och har den kompetensen som kr\u00e4vs f\u00f6r att driva de bolaget du \u00e4mnar att driva. Att ge en sj\u00e4lvs\u00e4ker bild samt kunna p\u00e5visa att man tidigare jobbat med det hj\u00e4lper att st\u00e4rka bilden att du vet vad du pratar om. N\u00e5got som l\u00e5ngivare v\u00e4ger in i sin bed\u00f6mning.<\/p>\n\n\n\n<p>Det \u00e4r ocks\u00e5 viktigt att du har en god personlig kreditv\u00e4rdighet. De flesta l\u00e5ngivarna kommer mest sannolikt beg\u00e4ra en personlig borgen p\u00e5 ett uppstartsl\u00e5n. Detta eftersom det inte finns n\u00e5gon bolagshistorik att g\u00e5 p\u00e5.<\/p>\n\n\n\n<p>Det \u00e4r viktigt att j\u00e4mf\u00f6ra olika uppstartsl\u00e5n innan man v\u00e4ljer en l\u00e5ngivare. Eftersom det kan skilja sig mycket i r\u00e4ntor och avgifter mellan olika akt\u00f6rer. J\u00e4mf\u00f6relse av l\u00e5n kan ocks\u00e5 hj\u00e4lpa till att hitta den b\u00e4sta l\u00f6sningen. Det b\u00f6r baseras p\u00e5 det specifika f\u00f6retagets behov och f\u00f6ruts\u00e4ttningar.<\/p>\n\n\n\n<p>\n<a href=\"https:\/\/creddo.com\/se\/foretagslan\" class=\"btn btn-blue\">Ans\u00f6k och j\u00e4mf\u00f6r uppstartsl\u00e5n<\/a>\n<\/p>\n\n\n\n<h2 class=\"wp-block-heading\" id=\"h-varfor-ska-du-jamfora-uppstartslan-hos-just-creddo\">Varf\u00f6r ska du j\u00e4mf\u00f6ra uppstartsl\u00e5n hos just Creddo?<\/h2>\n\n\n\n<ol class=\"wp-block-list\">\n<li>M\u00f6jlighet att j\u00e4mf\u00f6ra ett brett <strong>utbud av l\u00e5ngivare<\/strong>: En l\u00e5nef\u00f6rmedlare som Creddo erbjuder j\u00e4mf\u00f6relse av flera olika l\u00e5ngivare och finansieringsalternativ p\u00e5 en och samma plattform. Det ger f\u00f6retaget en b\u00e4ttre m\u00f6jlighet att j\u00e4mf\u00f6ra och v\u00e4lja det b\u00e4sta alternativet f\u00f6r deras verksamhet.<\/li>\n\n\n\n<li>Spara tid och pengar: Genom att anv\u00e4nda en l\u00e5nef\u00f6rmedlare som Creddo kan f\u00f6retag undvika att beh\u00f6va s\u00f6ka l\u00e5n hos flera olika l\u00e5ngivare. Det kan spara tid och kostnader. L\u00e5nef\u00f6rmedlaren g\u00f6r det enklare att j\u00e4mf\u00f6ra l\u00e5n och hitta det b\u00e4sta alternativet.<\/li>\n\n\n\n<li>Expertr\u00e5dgivning: En l\u00e5nef\u00f6rmedlare som Creddo erbjuder <strong>expertr\u00e5dgivning <\/strong>f\u00f6r att hj\u00e4lpa f\u00f6retag att v\u00e4lja det b\u00e4sta finansieringsalternativet f\u00f6r deras verksamhet. Detta kan vara anv\u00e4ndbart f\u00f6r f\u00f6retag som inte har tid eller kunskap att j\u00e4mf\u00f6ra l\u00e5n och finansieringsalternativ sj\u00e4lva.<\/li>\n<\/ol>\n\n\n\n<p><strong>Uppstartsl\u00e5n med hj\u00e4lp av Creddo <\/strong><\/p>\n\n\n\n<p>Creddo har en j\u00e4mf\u00f6relsetj\u00e4nst som hj\u00e4lper nystartade f\u00f6retag att j\u00e4mf\u00f6ra uppstartsl\u00e5n fr\u00e5n olika akt\u00f6rer. Tj\u00e4nsten g\u00f6r det enkelt f\u00f6r f\u00f6retag att hitta r\u00e4tt l\u00e5ngivare genom att j\u00e4mf\u00f6ra l\u00e5nevillkor, r\u00e4ntor och avgifter. Genom att anv\u00e4nda Creddo kan f\u00f6retag spara tid och pengar genom att hitta det b\u00e4sta l\u00e5net f\u00f6r deras verksamhet.<\/p>\n\n\n\n<p>Trots att det finns olika alternativ f\u00f6r nystartade f\u00f6retag att f\u00e5 finansiering, \u00e4r det fortfarande sv\u00e5rt f\u00f6r m\u00e5nga f\u00f6retag att f\u00e5 tillg\u00e5ng till kapital. Detta \u00e4r ofta p\u00e5 grund av att l\u00e5ngivare \u00e4r f\u00f6rsiktiga med att l\u00e5na ut pengar till nya f\u00f6retag som saknar historiska finansiella data. D\u00e4rf\u00f6r \u00e4r det viktigt f\u00f6r nystartade f\u00f6retag att vara kreativa n\u00e4r det g\u00e4ller att f\u00e5 finansiering. De m\u00e5ste utforska alla m\u00f6jliga alternativ.<\/p>\n\n\n\n<p>Till slut, \u00e4r det viktigt att vara realistisk om dina f\u00f6rv\u00e4ntningar och f\u00f6rst\u00e5 att det kan ta tid att f\u00e5 l\u00e5net beviljat. Var beredd p\u00e5 att f\u00e5 avslag. Var inte r\u00e4dd f\u00f6r att ans\u00f6ka igen med f\u00f6rb\u00e4ttrad dokumentation och information.<\/p>\n\n\n\n<p>Genom att f\u00f6lja dessa r\u00e5d och vara f\u00f6rberedd p\u00e5 att arbeta h\u00e5rt kan du \u00f6ka chansen att f\u00e5 ditt uppstartsl\u00e5n beviljat. Det hj\u00e4lper dig att ta ditt nystartade f\u00f6retag till n\u00e4sta niv\u00e5.<\/p>\n\n\n\n<p>\n<a href=\"https:\/\/creddo.com\/se\/foretagslan\" class=\"btn btn-blue\">Ans\u00f6k och j\u00e4mf\u00f6r f\u00f6retagsl\u00e5n<\/a>\n<\/p>\n","protected":false},"excerpt":{"rendered":"<p>Nystartade f\u00f6retag kan ha sv\u00e5rt att f\u00e5 f\u00f6retagsl\u00e5n fr\u00e5n traditionella banker och kreditinstitut eftersom de saknar historisk ekonomisk data. Uppstartsl\u00e5n \u00e4r ett bra alternativ f\u00f6r dessa f\u00f6retag eftersom det ger dem m\u00f6jlighet att finansiera sina verksamheter och v\u00e4xa. \u00c4ven om det \u00e4r en sv\u00e5r process finns det viktiga saker att t\u00e4nka p\u00e5. Det \u00f6kar chanserna [&hellip;]<\/p>\n","protected":false},"author":15,"featured_media":0,"parent":1141,"menu_order":0,"comment_status":"closed","ping_status":"closed","template":"creddopage.php","meta":{"_acf_changed":false,"_uag_custom_page_level_css":"","footnotes":""},"class_list":["post-2712","page","type-page","status-publish","hentry"],"acf":[],"yoast_head":"<!-- This site is optimized with the Yoast SEO Premium plugin v26.6 (Yoast SEO v26.8) - https:\/\/yoast.com\/product\/yoast-seo-premium-wordpress\/ -->\n<title>Uppstartsl\u00e5n \u2013 Trygg Finansiering f\u00f6r Nystartade F\u00f6retag | Creddo<\/title>\n<meta name=\"description\" content=\"Startar du f\u00f6retag och beh\u00f6ver kapital? J\u00e4mf\u00f6r uppstartsl\u00e5n fr\u00e5n flera l\u00e5ngivare via Creddo. Ans\u00f6k gratis och f\u00e5 svar inom 24 timmar\" \/>\n<meta name=\"robots\" content=\"index, follow, max-snippet:-1, max-image-preview:large, max-video-preview:-1\" \/>\n<link rel=\"canonical\" href=\"https:\/\/creddo.com\/se\/foretagslan\/uppstartslan\/\" \/>\n<meta property=\"og:locale\" content=\"sv_SE\" \/>\n<meta property=\"og:type\" content=\"article\" \/>\n<meta property=\"og:title\" content=\"Uppstartsl\u00e5n - allt du beh\u00f6ver veta\" \/>\n<meta property=\"og:description\" content=\"Nystartade f\u00f6retag kan ha sv\u00e5rt att f\u00e5 f\u00f6retagsl\u00e5n fr\u00e5n traditionella banker och kreditinstitut eftersom de saknar historisk ekonomisk data. Uppstartsl\u00e5n\" \/>\n<meta property=\"og:url\" content=\"https:\/\/creddo.com\/se\/foretagslan\/uppstartslan\/\" \/>\n<meta property=\"og:site_name\" content=\"Creddo\" \/>\n<meta property=\"article:publisher\" content=\"https:\/\/www.facebook.com\/creddose\" \/>\n<meta property=\"article:modified_time\" content=\"2025-12-30T14:45:12+00:00\" \/>\n<meta property=\"og:image\" content=\"https:\/\/creddo.com\/se\/wp-content\/uploads\/2024\/07\/52.jpg\" \/>\n\t<meta property=\"og:image:width\" content=\"1200\" \/>\n\t<meta property=\"og:image:height\" content=\"630\" \/>\n\t<meta property=\"og:image:type\" content=\"image\/jpeg\" \/>\n<meta name=\"twitter:card\" content=\"summary_large_image\" \/>\n<meta name=\"twitter:label1\" content=\"Ber\u00e4knad l\u00e4stid\" \/>\n\t<meta name=\"twitter:data1\" content=\"3 minuter\" \/>\n<script type=\"application\/ld+json\" class=\"yoast-schema-graph\">{\"@context\":\"https:\/\/schema.org\",\"@graph\":[{\"@type\":\"WebPage\",\"@id\":\"https:\/\/creddo.com\/se\/foretagslan\/uppstartslan\/\",\"url\":\"https:\/\/creddo.com\/se\/foretagslan\/uppstartslan\/\",\"name\":\"Uppstartsl\u00e5n \u2013 Trygg Finansiering f\u00f6r Nystartade F\u00f6retag | Creddo\",\"isPartOf\":{\"@id\":\"https:\/\/creddo.com\/se\/#website\"},\"datePublished\":\"2023-01-17T10:14:28+00:00\",\"dateModified\":\"2025-12-30T14:45:12+00:00\",\"description\":\"Startar du f\u00f6retag och beh\u00f6ver kapital? J\u00e4mf\u00f6r uppstartsl\u00e5n fr\u00e5n flera l\u00e5ngivare via Creddo. Ans\u00f6k gratis och f\u00e5 svar inom 24 timmar\",\"breadcrumb\":{\"@id\":\"https:\/\/creddo.com\/se\/foretagslan\/uppstartslan\/#breadcrumb\"},\"inLanguage\":\"sv-SE\",\"potentialAction\":[{\"@type\":\"ReadAction\",\"target\":[\"https:\/\/creddo.com\/se\/foretagslan\/uppstartslan\/\"]}]},{\"@type\":\"BreadcrumbList\",\"@id\":\"https:\/\/creddo.com\/se\/foretagslan\/uppstartslan\/#breadcrumb\",\"itemListElement\":[{\"@type\":\"ListItem\",\"position\":1,\"name\":\"Creddo.com\",\"item\":\"https:\/\/creddo.com\/se\/\"},{\"@type\":\"ListItem\",\"position\":2,\"name\":\"F\u00f6retagsl\u00e5n\",\"item\":\"https:\/\/creddo.com\/se\/foretagslan\/\"},{\"@type\":\"ListItem\",\"position\":3,\"name\":\"Uppstartsl\u00e5n &#8211; allt du beh\u00f6ver veta\"}]},{\"@type\":\"WebSite\",\"@id\":\"https:\/\/creddo.com\/se\/#website\",\"url\":\"https:\/\/creddo.com\/se\/\",\"name\":\"Creddo\",\"description\":\"J\u00e4mf\u00f6r f\u00f6retagsl\u00e5n upp till 10 miljoner\",\"publisher\":{\"@id\":\"https:\/\/creddo.com\/se\/#organization\"},\"potentialAction\":[{\"@type\":\"SearchAction\",\"target\":{\"@type\":\"EntryPoint\",\"urlTemplate\":\"https:\/\/creddo.com\/se\/?s={search_term_string}\"},\"query-input\":{\"@type\":\"PropertyValueSpecification\",\"valueRequired\":true,\"valueName\":\"search_term_string\"}}],\"inLanguage\":\"sv-SE\"},{\"@type\":\"Organization\",\"@id\":\"https:\/\/creddo.com\/se\/#organization\",\"name\":\"Creddo AB\",\"url\":\"https:\/\/creddo.com\/se\/\",\"logo\":{\"@type\":\"ImageObject\",\"inLanguage\":\"sv-SE\",\"@id\":\"https:\/\/creddo.com\/se\/#\/schema\/logo\/image\/\",\"url\":\"https:\/\/creddo.com\/se\/wp-content\/uploads\/2024\/04\/Creddo-logo-square.png\",\"contentUrl\":\"https:\/\/creddo.com\/se\/wp-content\/uploads\/2024\/04\/Creddo-logo-square.png\",\"width\":720,\"height\":720,\"caption\":\"Creddo AB\"},\"image\":{\"@id\":\"https:\/\/creddo.com\/se\/#\/schema\/logo\/image\/\"},\"sameAs\":[\"https:\/\/www.facebook.com\/creddose\",\"https:\/\/www.linkedin.com\/company\/creddo-ab\/\"]}]}<\/script>\n<!-- \/ Yoast SEO Premium plugin. -->","yoast_head_json":{"title":"Uppstartsl\u00e5n \u2013 Trygg Finansiering f\u00f6r Nystartade F\u00f6retag | Creddo","description":"Startar du f\u00f6retag och beh\u00f6ver kapital? J\u00e4mf\u00f6r uppstartsl\u00e5n fr\u00e5n flera l\u00e5ngivare via Creddo. Ans\u00f6k gratis och f\u00e5 svar inom 24 timmar","robots":{"index":"index","follow":"follow","max-snippet":"max-snippet:-1","max-image-preview":"max-image-preview:large","max-video-preview":"max-video-preview:-1"},"canonical":"https:\/\/creddo.com\/se\/foretagslan\/uppstartslan\/","og_locale":"sv_SE","og_type":"article","og_title":"Uppstartsl\u00e5n - allt du beh\u00f6ver veta","og_description":"Nystartade f\u00f6retag kan ha sv\u00e5rt att f\u00e5 f\u00f6retagsl\u00e5n fr\u00e5n traditionella banker och kreditinstitut eftersom de saknar historisk ekonomisk data. Uppstartsl\u00e5n","og_url":"https:\/\/creddo.com\/se\/foretagslan\/uppstartslan\/","og_site_name":"Creddo","article_publisher":"https:\/\/www.facebook.com\/creddose","article_modified_time":"2025-12-30T14:45:12+00:00","og_image":[{"width":1200,"height":630,"url":"https:\/\/creddo.com\/se\/wp-content\/uploads\/2024\/07\/52.jpg","type":"image\/jpeg"}],"twitter_card":"summary_large_image","twitter_misc":{"Ber\u00e4knad l\u00e4stid":"3 minuter"},"schema":{"@context":"https:\/\/schema.org","@graph":[{"@type":"WebPage","@id":"https:\/\/creddo.com\/se\/foretagslan\/uppstartslan\/","url":"https:\/\/creddo.com\/se\/foretagslan\/uppstartslan\/","name":"Uppstartsl\u00e5n \u2013 Trygg Finansiering f\u00f6r Nystartade F\u00f6retag | Creddo","isPartOf":{"@id":"https:\/\/creddo.com\/se\/#website"},"datePublished":"2023-01-17T10:14:28+00:00","dateModified":"2025-12-30T14:45:12+00:00","description":"Startar du f\u00f6retag och beh\u00f6ver kapital? J\u00e4mf\u00f6r uppstartsl\u00e5n fr\u00e5n flera l\u00e5ngivare via Creddo. Ans\u00f6k gratis och f\u00e5 svar inom 24 timmar","breadcrumb":{"@id":"https:\/\/creddo.com\/se\/foretagslan\/uppstartslan\/#breadcrumb"},"inLanguage":"sv-SE","potentialAction":[{"@type":"ReadAction","target":["https:\/\/creddo.com\/se\/foretagslan\/uppstartslan\/"]}]},{"@type":"BreadcrumbList","@id":"https:\/\/creddo.com\/se\/foretagslan\/uppstartslan\/#breadcrumb","itemListElement":[{"@type":"ListItem","position":1,"name":"Creddo.com","item":"https:\/\/creddo.com\/se\/"},{"@type":"ListItem","position":2,"name":"F\u00f6retagsl\u00e5n","item":"https:\/\/creddo.com\/se\/foretagslan\/"},{"@type":"ListItem","position":3,"name":"Uppstartsl\u00e5n &#8211; allt du beh\u00f6ver veta"}]},{"@type":"WebSite","@id":"https:\/\/creddo.com\/se\/#website","url":"https:\/\/creddo.com\/se\/","name":"Creddo","description":"J\u00e4mf\u00f6r f\u00f6retagsl\u00e5n upp till 10 miljoner","publisher":{"@id":"https:\/\/creddo.com\/se\/#organization"},"potentialAction":[{"@type":"SearchAction","target":{"@type":"EntryPoint","urlTemplate":"https:\/\/creddo.com\/se\/?s={search_term_string}"},"query-input":{"@type":"PropertyValueSpecification","valueRequired":true,"valueName":"search_term_string"}}],"inLanguage":"sv-SE"},{"@type":"Organization","@id":"https:\/\/creddo.com\/se\/#organization","name":"Creddo AB","url":"https:\/\/creddo.com\/se\/","logo":{"@type":"ImageObject","inLanguage":"sv-SE","@id":"https:\/\/creddo.com\/se\/#\/schema\/logo\/image\/","url":"https:\/\/creddo.com\/se\/wp-content\/uploads\/2024\/04\/Creddo-logo-square.png","contentUrl":"https:\/\/creddo.com\/se\/wp-content\/uploads\/2024\/04\/Creddo-logo-square.png","width":720,"height":720,"caption":"Creddo AB"},"image":{"@id":"https:\/\/creddo.com\/se\/#\/schema\/logo\/image\/"},"sameAs":["https:\/\/www.facebook.com\/creddose","https:\/\/www.linkedin.com\/company\/creddo-ab\/"]}]}},"lang":"sv","translations":{"sv":2712},"uagb_featured_image_src":{"full":false,"thumbnail":false,"medium":false,"medium_large":false,"large":false,"1536x1536":false,"2048x2048":false},"uagb_author_info":{"display_name":"Miko\u0142aj \u015al\u0119zak","author_link":"https:\/\/creddo.com\/se\/experthornan\/author\/mikolaj\/"},"uagb_comment_info":0,"uagb_excerpt":"Nystartade f\u00f6retag kan ha sv\u00e5rt att f\u00e5 f\u00f6retagsl\u00e5n fr\u00e5n traditionella banker och kreditinstitut eftersom de saknar historisk ekonomisk data. Uppstartsl\u00e5n \u00e4r ett bra alternativ f\u00f6r dessa f\u00f6retag eftersom det ger dem m\u00f6jlighet att finansiera sina verksamheter och v\u00e4xa. \u00c4ven om det \u00e4r en sv\u00e5r process finns det viktiga saker att t\u00e4nka p\u00e5. Det \u00f6kar chanserna&hellip;","pll_sync_post":[],"_links":{"self":[{"href":"https:\/\/creddo.com\/se\/wp-json\/wp\/v2\/pages\/2712","targetHints":{"allow":["GET"]}}],"collection":[{"href":"https:\/\/creddo.com\/se\/wp-json\/wp\/v2\/pages"}],"about":[{"href":"https:\/\/creddo.com\/se\/wp-json\/wp\/v2\/types\/page"}],"author":[{"embeddable":true,"href":"https:\/\/creddo.com\/se\/wp-json\/wp\/v2\/users\/15"}],"replies":[{"embeddable":true,"href":"https:\/\/creddo.com\/se\/wp-json\/wp\/v2\/comments?post=2712"}],"version-history":[{"count":6,"href":"https:\/\/creddo.com\/se\/wp-json\/wp\/v2\/pages\/2712\/revisions"}],"predecessor-version":[{"id":5369,"href":"https:\/\/creddo.com\/se\/wp-json\/wp\/v2\/pages\/2712\/revisions\/5369"}],"up":[{"embeddable":true,"href":"https:\/\/creddo.com\/se\/wp-json\/wp\/v2\/pages\/1141"}],"wp:attachment":[{"href":"https:\/\/creddo.com\/se\/wp-json\/wp\/v2\/media?parent=2712"}],"curies":[{"name":"wp","href":"https:\/\/api.w.org\/{rel}","templated":true}]}}