{"id":2752,"date":"2023-02-28T16:10:15","date_gmt":"2023-02-28T15:10:15","guid":{"rendered":"https:\/\/creddo.com\/se\/?page_id=2752"},"modified":"2025-12-30T15:38:08","modified_gmt":"2025-12-30T14:38:08","slug":"banklan-foretag","status":"publish","type":"page","link":"https:\/\/creddo.com\/se\/foretagslan\/banklan-foretag\/","title":{"rendered":"Bankl\u00e5n f\u00f6retag"},"content":{"rendered":"\n<p>Som egen f\u00f6retagare s\u00e5 \u00e4r det inte alltid m\u00f6jligt att finansiera allt man vill g\u00f6ra helt sj\u00e4lv, d\u00e4rf\u00f6r anser m\u00e5nga f\u00f6retagare att bankl\u00e5n \u00e4r den viktigaste formen av extern finansiering.<\/p>\n\n\n\n<p>Bankl\u00e5n \u00e4r en viktig finansieringsk\u00e4lla f\u00f6r m\u00e5nga f\u00f6retag d\u00e5 man kan beh\u00f6va detta f\u00f6r m\u00e5nga olika \u00e4ndam\u00e5l.<\/p>\n\n\n\n<p>De vanligaste anledningarna till varf\u00f6r f\u00f6retag s\u00f6ker bankl\u00e5n innefattar:<\/p>\n\n\n\n<ul class=\"wp-block-list\">\n<li><strong>Expansion:<\/strong> F\u00f6retag kan beh\u00f6va pengar f\u00f6r att expandera sin verksamhet, till exempel genom att k\u00f6pa mer lager, \u00f6ppna nya butiker eller anst\u00e4lla mer personal<\/li>\n\n\n\n<li><strong>Investeringar:<\/strong> F\u00f6retag kan beh\u00f6va investera i ny utrustning eller teknik som kan hj\u00e4lpa dem att \u00f6ka sin effektivitet och produktivitet<\/li>\n\n\n\n<li><strong>Likviditet:<\/strong> F\u00f6retag kan hamna i en situation d\u00e4r de inte har tillr\u00e4ckligt med likvida medel f\u00f6r att t\u00e4cka sina kortsiktiga utgifter, som l\u00f6ner eller leverant\u00f6rsbetalningar.<\/li>\n\n\n\n<li><strong>\u00d6verlevnad:<\/strong> F\u00f6retag kan s\u00f6ka bankl\u00e5n f\u00f6r att \u00f6verleva en sv\u00e5r ekonomisk period, som en l\u00e5gkonjunktur eller en pandemi.<\/li>\n<\/ul>\n\n\n\n<p>Bankl\u00e5n kan vara en av de mest p\u00e5litliga finansieringsalternativen f\u00f6r f\u00f6retag, men det kan ocks\u00e5 vara en av de mest kr\u00e4vande och tids\u00f6dande processerna att g\u00e5 igenom. Banker har ofta str\u00e4nga krav n\u00e4r det g\u00e4ller bankl\u00e5n, och f\u00f6r m\u00e5nga f\u00f6retag kan det vara sv\u00e5rt att uppfylla dessa krav.<\/p>\n\n\n\n<h2 class=\"wp-block-heading\" id=\"h-flera-utmaningar-med-att-ansoka-om-banklan-for-foretag\"><strong>Flera utmaningar med att ans\u00f6ka om bankl\u00e5n<\/strong> f\u00f6r f\u00f6retag<\/h2>\n\n\n\n<p>En av de st\u00f6rsta utmaningarna med att ans\u00f6ka om bankl\u00e5n \u00e4r att f\u00f6retaget beh\u00f6ver visa upp en god kreditv\u00e4rdighet. Ut\u00f6ver en god kreditv\u00e4rdighet s\u00e5 kommer banken att beh\u00f6va g\u00f6ra en helhetsbed\u00f6mning d\u00e4r dom tittar p\u00e5 en rad olika parametrar, s\u00e5 som:<\/p>\n\n\n\n<ul class=\"wp-block-list\">\n<li>F\u00f6retagets f\u00f6retr\u00e4dare: personlig ekonomi samt erfarenhet som f\u00f6retagare<\/li>\n\n\n\n<li>Finansiella dokument s\u00e5 som resultat- &amp; balansr\u00e4kning samt senaste \u00e5rsredovisning<\/li>\n\n\n\n<li>Budget och prognos f\u00f6r kommande \u00e5r<\/li>\n\n\n\n<li>Om f\u00f6retaget anv\u00e4nder revisor eller inte<\/li>\n<\/ul>\n\n\n\n<p>En annan utmaning \u00e4r att bankerna ofta vill ta s\u00e4kerhet f\u00f6r l\u00e5net, s\u00e5 som fastighetspant eller i utrustning. En annan variant av s\u00e4kerhet kan vara f\u00f6retagsinteckningar i aktuellt varulager. F\u00f6r m\u00e5nga f\u00f6retag kan det vara sv\u00e5rt att uppfylla, speciellt om man \u00e4r i en tidig fas eller inte har s\u00e5 mycket tillg\u00e5ngar.<\/p>\n\n\n\n<p>\u00c4ven om ett f\u00f6retag uppfyller alla bankens krav s\u00e5 kan det fortfarande vara sv\u00e5rt att f\u00e5 ett bankl\u00e5n, s\u00e4rskilt med tanke p\u00e5 det nuvarande v\u00e4rldsl\u00e4get. H\u00f6jda r\u00e4ntor och en \u00f6kande inflation inneb\u00e4r att vi g\u00e5r in i en l\u00e5gkonjunktur och detta g\u00f6r bankerna mer f\u00f6rsiktiga att l\u00e5na ut pengar.<\/p>\n\n\n\n<p><\/p>\n\n\n\n<h2 class=\"wp-block-heading\" id=\"h-tips-for-att-fa-banklan-till-foretag-2025\">\ud83d\udca1 Tips f\u00f6r att f\u00e5 bankl\u00e5n till f\u00f6retag 2025<\/h2>\n\n\n\n<p>H\u00e4r \u00e4r n\u00e5gra tips p\u00e5 vad som \u00e4r bra att t\u00e4nka p\u00e5 ifall du vill ta l\u00e5n \u00e5r 2025<\/p>\n\n\n\n<ol class=\"wp-block-list\">\n<li>Ha uppdaterade och v\u00e4lgjorda bokf\u00f6ringsdokument<\/li>\n\n\n\n<li>Visa god likviditet och sund skulds\u00e4ttning<\/li>\n\n\n\n<li>Bygg en relation med din bankr\u00e5dgivare<\/li>\n\n\n\n<li>J\u00e4mf\u00f6r r\u00e4ntor &amp; villkor via l\u00e5nef\u00f6rmedlare<\/li>\n<\/ol>\n\n\n\n<p><\/p>\n\n\n\n<p>Sammanfattningsvis \u00e4r bankl\u00e5n en viktig finansieringsk\u00e4lla f\u00f6r m\u00e5nga f\u00f6retag, men det finns vissa utmaningar med att ans\u00f6ka om det. Det \u00e4r d\u00e4rf\u00f6r viktigt att du f\u00f6rbereder dig ordentligt och tar fram s\u00e5 mycket dokumentation som m\u00f6jligt i f\u00f6rv\u00e4g f\u00f6r att snabba p\u00e5 processerna. Det \u00e4r \u00e4ven viktigt att f\u00f6rst\u00e5 att det tar tid att f\u00e5 allt f\u00e4rdigt. Om du har all n\u00f6dv\u00e4ndig dokumentation och \u00e4r beredd p\u00e5 att l\u00e4gga tiden som kr\u00e4vs f\u00f6r att f\u00e5 ett bankl\u00e5n s\u00e5 \u00e4r det ofta det b\u00e4sta alternativet f\u00f6r dig och ditt f\u00f6retag.<\/p>\n\n\n\n<h2 class=\"wp-block-heading\"><strong>J\u00e4mf\u00f6r f\u00f6retagsl\u00e5n med Creddo<\/strong><\/h2>\n\n\n\n<p>Om du inte har m\u00f6jlighet eller inte har tid att ans\u00f6ka om ett vanligt bankl\u00e5n s\u00e5 kan det vara ett alternativ att anv\u00e4nda en l\u00e5nef\u00f6rmedlare som Creddo. Creddo hj\u00e4lper f\u00f6retag att hitta r\u00e4tt <a href=\"https:\/\/creddo.com\/se\/foretagslan\/basta-foretagslanet\/\">f\u00f6retagsl\u00e5n<\/a> genom att koppla ihop dom med l\u00e5ngivare som erbjuder skr\u00e4ddarsydda l\u00f6sningar.<\/p>\n\n\n\n<p>En av de st\u00f6rsta f\u00f6rdelarna med Creddo \u00e4r att vi kan hj\u00e4lpa f\u00f6retag som tidigare har haft sv\u00e5rt att f\u00e5 bankl\u00e5n. Creddo har ett n\u00e4tverk med l\u00e5ngivare som har st\u00f6rre m\u00f6jlighet att bevilja f\u00f6retagsl\u00e5n till f\u00f6retag som har mindre god kreditv\u00e4rdighet eller som inte har tillr\u00e4ckligt med s\u00e4kerheter.<\/p>\n\n\n\n<p>Creddo kan \u00e4ven hj\u00e4lpa f\u00f6retag som beh\u00f6ver tillg\u00e5ng till finansiering snabbt. Bankl\u00e5n tar ofta tid att godk\u00e4nnas och utbetalas, men med Creddo kan vi hitta alternativ som g\u00e5r snabbare \u00e4n vad det g\u00f6r hos en bank.<\/p>\n\n\n\n<p>Hos Creddo hittar du en marknadsplats f\u00f6r f\u00f6retagsl\u00e5n som ansluter f\u00f6retag med l\u00e5ngivare som erbjuder skr\u00e4ddarsydda l\u00f6sningar.<\/p>\n\n\n\n<p>\n<a href=\"https:\/\/creddo.com\/se\/\" class=\"btn btn-blue\">J\u00e4mf\u00f6r f\u00f6retagsl\u00e5n p\u00e5 Creddo<\/a>\n<\/p>\n","protected":false},"excerpt":{"rendered":"<p>Som egen f\u00f6retagare s\u00e5 \u00e4r det inte alltid m\u00f6jligt att finansiera allt man vill g\u00f6ra helt sj\u00e4lv, d\u00e4rf\u00f6r anser m\u00e5nga f\u00f6retagare att bankl\u00e5n \u00e4r den viktigaste formen av extern finansiering. Bankl\u00e5n \u00e4r en viktig finansieringsk\u00e4lla f\u00f6r m\u00e5nga f\u00f6retag d\u00e5 man kan beh\u00f6va detta f\u00f6r m\u00e5nga olika \u00e4ndam\u00e5l. De vanligaste anledningarna till varf\u00f6r f\u00f6retag s\u00f6ker bankl\u00e5n [&hellip;]<\/p>\n","protected":false},"author":15,"featured_media":2754,"parent":1141,"menu_order":0,"comment_status":"closed","ping_status":"closed","template":"creddopage.php","meta":{"_acf_changed":false,"footnotes":""},"class_list":["post-2752","page","type-page","status-publish","has-post-thumbnail","hentry"],"acf":[],"yoast_head":"<!-- This site is optimized with the Yoast SEO Premium plugin v26.6 (Yoast SEO v26.8) - https:\/\/yoast.com\/product\/yoast-seo-premium-wordpress\/ -->\n<title>Bankl\u00e5n f\u00f6retag - Creddo<\/title>\n<meta name=\"description\" content=\"Bankl\u00e5n f\u00f6r f\u00f6retag \u00e4r en finansieringsl\u00f6sning f\u00f6r f\u00f6retag som beh\u00f6ver kapital eller hantera likviditetsproblem. J\u00e4mf\u00f6r med Creddo och 1 UC\" \/>\n<meta name=\"robots\" content=\"index, follow, max-snippet:-1, max-image-preview:large, max-video-preview:-1\" \/>\n<link rel=\"canonical\" href=\"https:\/\/creddo.com\/se\/foretagslan\/banklan-foretag\/\" \/>\n<meta property=\"og:locale\" content=\"sv_SE\" \/>\n<meta property=\"og:type\" content=\"article\" \/>\n<meta property=\"og:title\" content=\"Bankl\u00e5n f\u00f6retag\" \/>\n<meta property=\"og:description\" content=\"Som egen f\u00f6retagare s\u00e5 \u00e4r det inte alltid m\u00f6jligt att finansiera allt man vill g\u00f6ra helt sj\u00e4lv, d\u00e4rf\u00f6r anser m\u00e5nga f\u00f6retagare att bankl\u00e5n \u00e4r den\" \/>\n<meta property=\"og:url\" content=\"https:\/\/creddo.com\/se\/foretagslan\/banklan-foretag\/\" \/>\n<meta property=\"og:site_name\" content=\"Creddo\" \/>\n<meta property=\"article:publisher\" content=\"https:\/\/www.facebook.com\/creddose\" \/>\n<meta property=\"article:modified_time\" content=\"2025-12-30T14:38:08+00:00\" \/>\n<meta property=\"og:image\" content=\"https:\/\/creddo.com\/se\/wp-content\/uploads\/2023\/02\/Banklan-foretag.jpg\" \/>\n\t<meta property=\"og:image:width\" content=\"1425\" \/>\n\t<meta property=\"og:image:height\" content=\"951\" \/>\n\t<meta property=\"og:image:type\" content=\"image\/jpeg\" \/>\n<meta name=\"twitter:card\" content=\"summary_large_image\" \/>\n<meta name=\"twitter:label1\" content=\"Ber\u00e4knad l\u00e4stid\" \/>\n\t<meta name=\"twitter:data1\" content=\"4 minuter\" \/>\n<script type=\"application\/ld+json\" class=\"yoast-schema-graph\">{\"@context\":\"https:\/\/schema.org\",\"@graph\":[{\"@type\":\"WebPage\",\"@id\":\"https:\/\/creddo.com\/se\/foretagslan\/banklan-foretag\/\",\"url\":\"https:\/\/creddo.com\/se\/foretagslan\/banklan-foretag\/\",\"name\":\"Bankl\u00e5n f\u00f6retag - Creddo\",\"isPartOf\":{\"@id\":\"https:\/\/creddo.com\/se\/#website\"},\"primaryImageOfPage\":{\"@id\":\"https:\/\/creddo.com\/se\/foretagslan\/banklan-foretag\/#primaryimage\"},\"image\":{\"@id\":\"https:\/\/creddo.com\/se\/foretagslan\/banklan-foretag\/#primaryimage\"},\"thumbnailUrl\":\"https:\/\/creddo.com\/se\/wp-content\/uploads\/2023\/02\/Banklan-foretag.jpg\",\"datePublished\":\"2023-02-28T15:10:15+00:00\",\"dateModified\":\"2025-12-30T14:38:08+00:00\",\"description\":\"Bankl\u00e5n f\u00f6r f\u00f6retag \u00e4r en finansieringsl\u00f6sning f\u00f6r f\u00f6retag som beh\u00f6ver kapital eller hantera likviditetsproblem. J\u00e4mf\u00f6r med Creddo och 1 UC\",\"breadcrumb\":{\"@id\":\"https:\/\/creddo.com\/se\/foretagslan\/banklan-foretag\/#breadcrumb\"},\"inLanguage\":\"sv-SE\",\"potentialAction\":[{\"@type\":\"ReadAction\",\"target\":[\"https:\/\/creddo.com\/se\/foretagslan\/banklan-foretag\/\"]}]},{\"@type\":\"ImageObject\",\"inLanguage\":\"sv-SE\",\"@id\":\"https:\/\/creddo.com\/se\/foretagslan\/banklan-foretag\/#primaryimage\",\"url\":\"https:\/\/creddo.com\/se\/wp-content\/uploads\/2023\/02\/Banklan-foretag.jpg\",\"contentUrl\":\"https:\/\/creddo.com\/se\/wp-content\/uploads\/2023\/02\/Banklan-foretag.jpg\",\"width\":1425,\"height\":951,\"caption\":\"Bankl\u00e5n f\u00f6retag\"},{\"@type\":\"BreadcrumbList\",\"@id\":\"https:\/\/creddo.com\/se\/foretagslan\/banklan-foretag\/#breadcrumb\",\"itemListElement\":[{\"@type\":\"ListItem\",\"position\":1,\"name\":\"Creddo.com\",\"item\":\"https:\/\/creddo.com\/se\/\"},{\"@type\":\"ListItem\",\"position\":2,\"name\":\"F\u00f6retagsl\u00e5n\",\"item\":\"https:\/\/creddo.com\/se\/foretagslan\/\"},{\"@type\":\"ListItem\",\"position\":3,\"name\":\"Bankl\u00e5n f\u00f6retag\"}]},{\"@type\":\"WebSite\",\"@id\":\"https:\/\/creddo.com\/se\/#website\",\"url\":\"https:\/\/creddo.com\/se\/\",\"name\":\"Creddo\",\"description\":\"J\u00e4mf\u00f6r f\u00f6retagsl\u00e5n upp till 10 miljoner\",\"publisher\":{\"@id\":\"https:\/\/creddo.com\/se\/#organization\"},\"potentialAction\":[{\"@type\":\"SearchAction\",\"target\":{\"@type\":\"EntryPoint\",\"urlTemplate\":\"https:\/\/creddo.com\/se\/?s={search_term_string}\"},\"query-input\":{\"@type\":\"PropertyValueSpecification\",\"valueRequired\":true,\"valueName\":\"search_term_string\"}}],\"inLanguage\":\"sv-SE\"},{\"@type\":\"Organization\",\"@id\":\"https:\/\/creddo.com\/se\/#organization\",\"name\":\"Creddo AB\",\"url\":\"https:\/\/creddo.com\/se\/\",\"logo\":{\"@type\":\"ImageObject\",\"inLanguage\":\"sv-SE\",\"@id\":\"https:\/\/creddo.com\/se\/#\/schema\/logo\/image\/\",\"url\":\"https:\/\/creddo.com\/se\/wp-content\/uploads\/2024\/04\/Creddo-logo-square.png\",\"contentUrl\":\"https:\/\/creddo.com\/se\/wp-content\/uploads\/2024\/04\/Creddo-logo-square.png\",\"width\":720,\"height\":720,\"caption\":\"Creddo AB\"},\"image\":{\"@id\":\"https:\/\/creddo.com\/se\/#\/schema\/logo\/image\/\"},\"sameAs\":[\"https:\/\/www.facebook.com\/creddose\",\"https:\/\/www.linkedin.com\/company\/creddo-ab\/\"]}]}<\/script>\n<!-- \/ Yoast SEO Premium plugin. -->","yoast_head_json":{"title":"Bankl\u00e5n f\u00f6retag - Creddo","description":"Bankl\u00e5n f\u00f6r f\u00f6retag \u00e4r en finansieringsl\u00f6sning f\u00f6r f\u00f6retag som beh\u00f6ver kapital eller hantera likviditetsproblem. J\u00e4mf\u00f6r med Creddo och 1 UC","robots":{"index":"index","follow":"follow","max-snippet":"max-snippet:-1","max-image-preview":"max-image-preview:large","max-video-preview":"max-video-preview:-1"},"canonical":"https:\/\/creddo.com\/se\/foretagslan\/banklan-foretag\/","og_locale":"sv_SE","og_type":"article","og_title":"Bankl\u00e5n f\u00f6retag","og_description":"Som egen f\u00f6retagare s\u00e5 \u00e4r det inte alltid m\u00f6jligt att finansiera allt man vill g\u00f6ra helt sj\u00e4lv, d\u00e4rf\u00f6r anser m\u00e5nga f\u00f6retagare att bankl\u00e5n \u00e4r den","og_url":"https:\/\/creddo.com\/se\/foretagslan\/banklan-foretag\/","og_site_name":"Creddo","article_publisher":"https:\/\/www.facebook.com\/creddose","article_modified_time":"2025-12-30T14:38:08+00:00","og_image":[{"width":1425,"height":951,"url":"https:\/\/creddo.com\/se\/wp-content\/uploads\/2023\/02\/Banklan-foretag.jpg","type":"image\/jpeg"}],"twitter_card":"summary_large_image","twitter_misc":{"Ber\u00e4knad l\u00e4stid":"4 minuter"},"schema":{"@context":"https:\/\/schema.org","@graph":[{"@type":"WebPage","@id":"https:\/\/creddo.com\/se\/foretagslan\/banklan-foretag\/","url":"https:\/\/creddo.com\/se\/foretagslan\/banklan-foretag\/","name":"Bankl\u00e5n f\u00f6retag - Creddo","isPartOf":{"@id":"https:\/\/creddo.com\/se\/#website"},"primaryImageOfPage":{"@id":"https:\/\/creddo.com\/se\/foretagslan\/banklan-foretag\/#primaryimage"},"image":{"@id":"https:\/\/creddo.com\/se\/foretagslan\/banklan-foretag\/#primaryimage"},"thumbnailUrl":"https:\/\/creddo.com\/se\/wp-content\/uploads\/2023\/02\/Banklan-foretag.jpg","datePublished":"2023-02-28T15:10:15+00:00","dateModified":"2025-12-30T14:38:08+00:00","description":"Bankl\u00e5n f\u00f6r f\u00f6retag \u00e4r en finansieringsl\u00f6sning f\u00f6r f\u00f6retag som beh\u00f6ver kapital eller hantera likviditetsproblem. J\u00e4mf\u00f6r med Creddo och 1 UC","breadcrumb":{"@id":"https:\/\/creddo.com\/se\/foretagslan\/banklan-foretag\/#breadcrumb"},"inLanguage":"sv-SE","potentialAction":[{"@type":"ReadAction","target":["https:\/\/creddo.com\/se\/foretagslan\/banklan-foretag\/"]}]},{"@type":"ImageObject","inLanguage":"sv-SE","@id":"https:\/\/creddo.com\/se\/foretagslan\/banklan-foretag\/#primaryimage","url":"https:\/\/creddo.com\/se\/wp-content\/uploads\/2023\/02\/Banklan-foretag.jpg","contentUrl":"https:\/\/creddo.com\/se\/wp-content\/uploads\/2023\/02\/Banklan-foretag.jpg","width":1425,"height":951,"caption":"Bankl\u00e5n f\u00f6retag"},{"@type":"BreadcrumbList","@id":"https:\/\/creddo.com\/se\/foretagslan\/banklan-foretag\/#breadcrumb","itemListElement":[{"@type":"ListItem","position":1,"name":"Creddo.com","item":"https:\/\/creddo.com\/se\/"},{"@type":"ListItem","position":2,"name":"F\u00f6retagsl\u00e5n","item":"https:\/\/creddo.com\/se\/foretagslan\/"},{"@type":"ListItem","position":3,"name":"Bankl\u00e5n f\u00f6retag"}]},{"@type":"WebSite","@id":"https:\/\/creddo.com\/se\/#website","url":"https:\/\/creddo.com\/se\/","name":"Creddo","description":"J\u00e4mf\u00f6r f\u00f6retagsl\u00e5n upp till 10 miljoner","publisher":{"@id":"https:\/\/creddo.com\/se\/#organization"},"potentialAction":[{"@type":"SearchAction","target":{"@type":"EntryPoint","urlTemplate":"https:\/\/creddo.com\/se\/?s={search_term_string}"},"query-input":{"@type":"PropertyValueSpecification","valueRequired":true,"valueName":"search_term_string"}}],"inLanguage":"sv-SE"},{"@type":"Organization","@id":"https:\/\/creddo.com\/se\/#organization","name":"Creddo AB","url":"https:\/\/creddo.com\/se\/","logo":{"@type":"ImageObject","inLanguage":"sv-SE","@id":"https:\/\/creddo.com\/se\/#\/schema\/logo\/image\/","url":"https:\/\/creddo.com\/se\/wp-content\/uploads\/2024\/04\/Creddo-logo-square.png","contentUrl":"https:\/\/creddo.com\/se\/wp-content\/uploads\/2024\/04\/Creddo-logo-square.png","width":720,"height":720,"caption":"Creddo AB"},"image":{"@id":"https:\/\/creddo.com\/se\/#\/schema\/logo\/image\/"},"sameAs":["https:\/\/www.facebook.com\/creddose","https:\/\/www.linkedin.com\/company\/creddo-ab\/"]}]}},"lang":"sv","translations":{"sv":2752},"pll_sync_post":[],"_links":{"self":[{"href":"https:\/\/creddo.com\/se\/wp-json\/wp\/v2\/pages\/2752","targetHints":{"allow":["GET"]}}],"collection":[{"href":"https:\/\/creddo.com\/se\/wp-json\/wp\/v2\/pages"}],"about":[{"href":"https:\/\/creddo.com\/se\/wp-json\/wp\/v2\/types\/page"}],"author":[{"embeddable":true,"href":"https:\/\/creddo.com\/se\/wp-json\/wp\/v2\/users\/15"}],"replies":[{"embeddable":true,"href":"https:\/\/creddo.com\/se\/wp-json\/wp\/v2\/comments?post=2752"}],"version-history":[{"count":7,"href":"https:\/\/creddo.com\/se\/wp-json\/wp\/v2\/pages\/2752\/revisions"}],"predecessor-version":[{"id":5096,"href":"https:\/\/creddo.com\/se\/wp-json\/wp\/v2\/pages\/2752\/revisions\/5096"}],"up":[{"embeddable":true,"href":"https:\/\/creddo.com\/se\/wp-json\/wp\/v2\/pages\/1141"}],"wp:featuredmedia":[{"embeddable":true,"href":"https:\/\/creddo.com\/se\/wp-json\/wp\/v2\/media\/2754"}],"wp:attachment":[{"href":"https:\/\/creddo.com\/se\/wp-json\/wp\/v2\/media?parent=2752"}],"curies":[{"name":"wp","href":"https:\/\/api.w.org\/{rel}","templated":true}]}}