{"id":2770,"date":"2023-03-21T15:28:34","date_gmt":"2023-03-21T14:28:34","guid":{"rendered":"https:\/\/creddo.com\/se\/?page_id=2770"},"modified":"2025-12-30T15:55:13","modified_gmt":"2025-12-30T14:55:13","slug":"finansiering-for-teknikbolag","status":"publish","type":"page","link":"https:\/\/creddo.com\/se\/foretagslan\/finansiering-for-teknikbolag\/","title":{"rendered":"Finansiering f\u00f6r teknikbolag"},"content":{"rendered":"\n<p>Under det senaste decenniet s\u00e5 har det poppat upp en rad teknikbolag i v\u00e4rlden, men framf\u00f6rallt i Sverige. Dessa bolag har ofta en innovativ produkt eller l\u00f6sning som f\u00f6renklar eller tar bort on\u00f6diga moment i vardagen. F\u00f6r att framst\u00e4lla en f\u00e4rdig l\u00f6sning och n\u00e5 ett kommersiellt stadie s\u00e5 beh\u00f6ver ofta dessa typer av bolag ofta \u00e5tkomst till extern finansiering f\u00f6r teknikbolag, vare sig det \u00e4r venture capital eller f\u00f6retagsl\u00e5n. En bank som har varit framg\u00e5ngsrik i att investera och finansiera tekniksektorn \u00e4r Silicon Valley Bank.<\/p>\n\n\n\n<p>Silicon Valley Bank (Silicon Valley Bank), \u00e4r en av de ledande bankerna i v\u00e4rlden f\u00f6r teknikbolag. Banken grundades 1983 i Kalifornien och har sedan dess etablerat sig som en viktig akt\u00f6r f\u00f6r teknikbolag runt om i v\u00e4rlden. Sedan 2004 s\u00e5 har Silicon Valley Bank varit verksamma i Sverige d\u00e4r man hj\u00e4lpt m\u00e5nga teknikbolag med finansiering f\u00f6r att v\u00e4xa och utvecklas.<\/p>\n\n\n\n<p>En av de stora f\u00f6rdelarna med Silicon Valley Bank har varit deras f\u00f6rst\u00e5else f\u00f6r den snabbt f\u00f6r\u00e4nderliga teknikbranschen och en god flexibilitet n\u00e4r det kommer till att anpassa sig till nya trender och teknologier. Silicon Valley Bank erbjuder finansiella tj\u00e4nster som passar behoven hos de snabbv\u00e4xande teknikbolagen, vilket kan vara allt fr\u00e5n f\u00f6retagsl\u00e5n, checkkredit men ocks\u00e5 r\u00e5dgivning samt valutahantering.<\/p>\n\n\n\n<figure class=\"wp-block-image size-large is-style-rounded\"><img fetchpriority=\"high\" decoding=\"async\" width=\"1024\" height=\"682\" src=\"https:\/\/creddo.com\/se\/wp-content\/uploads\/2023\/03\/Silicon-Valley-Bank-1-1024x682.jpg\" alt=\"Silicon Valley Bank\" class=\"wp-image-2773\" srcset=\"https:\/\/creddo.com\/se\/wp-content\/uploads\/2023\/03\/Silicon-Valley-Bank-1-1024x682.jpg 1024w, https:\/\/creddo.com\/se\/wp-content\/uploads\/2023\/03\/Silicon-Valley-Bank-1-300x200.jpg 300w, https:\/\/creddo.com\/se\/wp-content\/uploads\/2023\/03\/Silicon-Valley-Bank-1-768x512.jpg 768w, https:\/\/creddo.com\/se\/wp-content\/uploads\/2023\/03\/Silicon-Valley-Bank-1-1536x1024.jpg 1536w, https:\/\/creddo.com\/se\/wp-content\/uploads\/2023\/03\/Silicon-Valley-Bank-1.jpg 2000w\" sizes=\"(max-width: 1024px) 100vw, 1024px\" \/><\/figure>\n\n\n\n<p>I Sverige s\u00e5 har Silicon Valley Bank haft en betydande roll i att st\u00f6dja tech- samt startup-f\u00f6retag i deras tillv\u00e4xtresa. Finansiering f\u00f6r teknikbolag \u00e4r centralt, och Silicon Valley Bank har en stark n\u00e4rvaro i Stockholm och har etablerat sig som en viktig partner f\u00f6r m\u00e5nga svenska teknikbolag, speciellt inom omr\u00e5den som fintech, life science och cleantech.&nbsp;<\/p>\n\n\n\n<p>En annan viktig aspekt till varf\u00f6r Silicon Valley Bank har varit s\u00e5 viktig f\u00f6r Sverige \u00e4r att de har spelat en betydande roll i att locka till sig amerikanska investerare till de svenska teknikbolagen. Tack vare sitt globala n\u00e4tverk av investerare och r\u00e5dgivare s\u00e5 har Silicon Valley Bank kunnat hj\u00e4lpa m\u00e5nga svenska teknikbolag genom att ansluta potentiella investerare och partners i USA och andra delar i v\u00e4rlden. Finansiering f\u00f6r teknikbolag har d\u00e4rmed m\u00f6jliggjorts.<\/p>\n\n\n\n<p>Den senaste tiden s\u00e5 har dock Silicon Valley Bank skapat flera turbulenta rubriker d\u00e5 man hamnat i en likviditetskris, n\u00e5got som utl\u00f6st en stor os\u00e4kerhet i banksektorn. Anledningen till likviditetsbristen \u00e4r att man har investerat en stor andel av kunders ins\u00e4ttningar i obligationer med l\u00e5nga l\u00f6ptider vilket skapat problem nu n\u00e4r kunderna vill plocka ut sina pengar. I samband med senaste tidens r\u00e4nteuppg\u00e5ng s\u00e5 har Silicon Valley Banks obligationsportf\u00f6lj minskat i v\u00e4rde till den utstr\u00e4ckning att man har sv\u00e5rt att t\u00e4cka kundernas uttag, d\u00e4rav har man tvingats s\u00e4lja av tillg\u00e5ngar med stora f\u00f6rluster.<\/p>\n\n\n\n<h2 class=\"wp-block-heading\" id=\"h-jamfor-foretagslan-for-teknikbolag-med-creddo\"><strong>J\u00e4mf\u00f6r f\u00f6retagsl\u00e5n f\u00f6r teknikbolag med Creddo<\/strong><\/h2>\n\n\n\n<p>Vi p\u00e5 Creddo samarbetar med \u00f6ver 25 olika l\u00e5neinstitut och banker och vi kan vara ett bra alternativ f\u00f6r teknikbolag som vill f\u00e5 tillg\u00e5ng till extern finansiering. Creddo hj\u00e4lper f\u00f6retag att hitta r\u00e4tt f\u00f6retagsl\u00e5n genom att koppla ihop dom med l\u00e5ngivare som erbjuder skr\u00e4ddarsydda l\u00f6sningar. Det finns m\u00f6jligheter f\u00f6r finansiering f\u00f6r teknikbolag att bli j\u00e4mf\u00f6rda hos Creddo.<\/p>\n\n\n\n<p>En av de st\u00f6rsta f\u00f6rdelarna med Creddo \u00e4r att vi kan hj\u00e4lpa f\u00f6retag som tidigare har haft sv\u00e5rt att f\u00e5 <a href=\"https:\/\/creddo.com\/se\/foretagslan\/banklan-foretag\/\">bankl\u00e5n<\/a>. Creddo har ett n\u00e4tverk med l\u00e5ngivare som har st\u00f6rre m\u00f6jlighet att bevilja <a href=\"https:\/\/creddo.com\/se\/foretagslan\/\">f\u00f6retagsl\u00e5n till f\u00f6retag <\/a>som har mindre god kreditv\u00e4rdighet eller som inte har tillr\u00e4ckligt med s\u00e4kerheter.<\/p>\n\n\n\n<p>Creddo kan \u00e4ven hj\u00e4lpa f\u00f6retag som beh\u00f6ver tillg\u00e5ng till finansiering snabbt. Bankl\u00e5n tar ofta tid att godk\u00e4nnas och utbetalas, men med Creddo kan vi hitta alternativ som g\u00e5r snabbare \u00e4n vad det g\u00f6r hos en bank.<\/p>\n\n\n\n<p>Hos Creddo hittar du en marknadsplats f\u00f6r f\u00f6retagsl\u00e5n som ansluter f\u00f6retag med l\u00e5ngivare som erbjuder skr\u00e4ddarsydda l\u00f6sningar.<\/p>\n\n\n\n<p>\n<a href=\"https:\/\/creddo.com\/se\/foretagslan\" class=\"btn btn-blue\">J\u00e4mf\u00f6r f\u00f6retagsl\u00e5n p\u00e5 Creddo<\/a>\n<\/p>\n","protected":false},"excerpt":{"rendered":"<p>Under det senaste decenniet s\u00e5 har det poppat upp en rad teknikbolag i v\u00e4rlden, men framf\u00f6rallt i Sverige. Dessa bolag har ofta en innovativ produkt eller l\u00f6sning som f\u00f6renklar eller tar bort on\u00f6diga moment i vardagen. F\u00f6r att framst\u00e4lla en f\u00e4rdig l\u00f6sning och n\u00e5 ett kommersiellt stadie s\u00e5 beh\u00f6ver ofta dessa typer av bolag ofta [&hellip;]<\/p>\n","protected":false},"author":15,"featured_media":2768,"parent":1141,"menu_order":0,"comment_status":"closed","ping_status":"closed","template":"creddopage.php","meta":{"_acf_changed":false,"_uag_custom_page_level_css":"","footnotes":""},"class_list":["post-2770","page","type-page","status-publish","has-post-thumbnail","hentry"],"acf":[],"yoast_head":"<!-- This site is optimized with the Yoast SEO Premium plugin v26.6 (Yoast SEO v26.8) - https:\/\/yoast.com\/product\/yoast-seo-premium-wordpress\/ -->\n<title>Finansiering f\u00f6r teknikbolag - Creddo<\/title>\n<meta name=\"description\" content=\"Hitta alternativ f\u00f6r finansiering f\u00f6r teknikbolag och se hur du kan f\u00e5 tillg\u00e5ng till n\u00f6dv\u00e4ndigt kapital f\u00f6r din verksamhet. Creddo 1 UC\" \/>\n<meta name=\"robots\" content=\"index, follow, max-snippet:-1, max-image-preview:large, max-video-preview:-1\" \/>\n<link rel=\"canonical\" href=\"https:\/\/creddo.com\/se\/foretagslan\/finansiering-for-teknikbolag\/\" \/>\n<meta property=\"og:locale\" content=\"sv_SE\" \/>\n<meta property=\"og:type\" content=\"article\" \/>\n<meta property=\"og:title\" content=\"Finansiering f\u00f6r teknikbolag\" \/>\n<meta property=\"og:description\" content=\"Under det senaste decenniet s\u00e5 har det poppat upp en rad teknikbolag i v\u00e4rlden, men framf\u00f6rallt i Sverige. Dessa bolag har ofta en innovativ produkt eller\" \/>\n<meta property=\"og:url\" content=\"https:\/\/creddo.com\/se\/foretagslan\/finansiering-for-teknikbolag\/\" \/>\n<meta property=\"og:site_name\" content=\"Creddo\" \/>\n<meta property=\"article:publisher\" content=\"https:\/\/www.facebook.com\/creddose\" \/>\n<meta property=\"article:modified_time\" content=\"2025-12-30T14:55:13+00:00\" \/>\n<meta property=\"og:image\" content=\"https:\/\/creddo.com\/se\/wp-content\/uploads\/2023\/03\/Silicon-Valley-Bank.jpg\" \/>\n\t<meta property=\"og:image:width\" content=\"2000\" \/>\n\t<meta property=\"og:image:height\" content=\"1333\" \/>\n\t<meta property=\"og:image:type\" content=\"image\/jpeg\" \/>\n<meta name=\"twitter:card\" content=\"summary_large_image\" \/>\n<meta name=\"twitter:label1\" content=\"Ber\u00e4knad l\u00e4stid\" \/>\n\t<meta name=\"twitter:data1\" content=\"4 minuter\" \/>\n<script type=\"application\/ld+json\" class=\"yoast-schema-graph\">{\"@context\":\"https:\/\/schema.org\",\"@graph\":[{\"@type\":\"WebPage\",\"@id\":\"https:\/\/creddo.com\/se\/foretagslan\/finansiering-for-teknikbolag\/\",\"url\":\"https:\/\/creddo.com\/se\/foretagslan\/finansiering-for-teknikbolag\/\",\"name\":\"Finansiering f\u00f6r teknikbolag - Creddo\",\"isPartOf\":{\"@id\":\"https:\/\/creddo.com\/se\/#website\"},\"primaryImageOfPage\":{\"@id\":\"https:\/\/creddo.com\/se\/foretagslan\/finansiering-for-teknikbolag\/#primaryimage\"},\"image\":{\"@id\":\"https:\/\/creddo.com\/se\/foretagslan\/finansiering-for-teknikbolag\/#primaryimage\"},\"thumbnailUrl\":\"https:\/\/creddo.com\/se\/wp-content\/uploads\/2023\/03\/Silicon-Valley-Bank.jpg\",\"datePublished\":\"2023-03-21T14:28:34+00:00\",\"dateModified\":\"2025-12-30T14:55:13+00:00\",\"description\":\"Hitta alternativ f\u00f6r finansiering f\u00f6r teknikbolag och se hur du kan f\u00e5 tillg\u00e5ng till n\u00f6dv\u00e4ndigt kapital f\u00f6r din verksamhet. Creddo 1 UC\",\"breadcrumb\":{\"@id\":\"https:\/\/creddo.com\/se\/foretagslan\/finansiering-for-teknikbolag\/#breadcrumb\"},\"inLanguage\":\"sv-SE\",\"potentialAction\":[{\"@type\":\"ReadAction\",\"target\":[\"https:\/\/creddo.com\/se\/foretagslan\/finansiering-for-teknikbolag\/\"]}]},{\"@type\":\"ImageObject\",\"inLanguage\":\"sv-SE\",\"@id\":\"https:\/\/creddo.com\/se\/foretagslan\/finansiering-for-teknikbolag\/#primaryimage\",\"url\":\"https:\/\/creddo.com\/se\/wp-content\/uploads\/2023\/03\/Silicon-Valley-Bank.jpg\",\"contentUrl\":\"https:\/\/creddo.com\/se\/wp-content\/uploads\/2023\/03\/Silicon-Valley-Bank.jpg\",\"width\":2000,\"height\":1333,\"caption\":\"Silicon Valley Bank\"},{\"@type\":\"BreadcrumbList\",\"@id\":\"https:\/\/creddo.com\/se\/foretagslan\/finansiering-for-teknikbolag\/#breadcrumb\",\"itemListElement\":[{\"@type\":\"ListItem\",\"position\":1,\"name\":\"Creddo.com\",\"item\":\"https:\/\/creddo.com\/se\/\"},{\"@type\":\"ListItem\",\"position\":2,\"name\":\"F\u00f6retagsl\u00e5n\",\"item\":\"https:\/\/creddo.com\/se\/foretagslan\/\"},{\"@type\":\"ListItem\",\"position\":3,\"name\":\"Finansiering f\u00f6r teknikbolag\"}]},{\"@type\":\"WebSite\",\"@id\":\"https:\/\/creddo.com\/se\/#website\",\"url\":\"https:\/\/creddo.com\/se\/\",\"name\":\"Creddo\",\"description\":\"J\u00e4mf\u00f6r f\u00f6retagsl\u00e5n upp till 10 miljoner\",\"publisher\":{\"@id\":\"https:\/\/creddo.com\/se\/#organization\"},\"potentialAction\":[{\"@type\":\"SearchAction\",\"target\":{\"@type\":\"EntryPoint\",\"urlTemplate\":\"https:\/\/creddo.com\/se\/?s={search_term_string}\"},\"query-input\":{\"@type\":\"PropertyValueSpecification\",\"valueRequired\":true,\"valueName\":\"search_term_string\"}}],\"inLanguage\":\"sv-SE\"},{\"@type\":\"Organization\",\"@id\":\"https:\/\/creddo.com\/se\/#organization\",\"name\":\"Creddo AB\",\"url\":\"https:\/\/creddo.com\/se\/\",\"logo\":{\"@type\":\"ImageObject\",\"inLanguage\":\"sv-SE\",\"@id\":\"https:\/\/creddo.com\/se\/#\/schema\/logo\/image\/\",\"url\":\"https:\/\/creddo.com\/se\/wp-content\/uploads\/2024\/04\/Creddo-logo-square.png\",\"contentUrl\":\"https:\/\/creddo.com\/se\/wp-content\/uploads\/2024\/04\/Creddo-logo-square.png\",\"width\":720,\"height\":720,\"caption\":\"Creddo AB\"},\"image\":{\"@id\":\"https:\/\/creddo.com\/se\/#\/schema\/logo\/image\/\"},\"sameAs\":[\"https:\/\/www.facebook.com\/creddose\",\"https:\/\/www.linkedin.com\/company\/creddo-ab\/\"]}]}<\/script>\n<!-- \/ Yoast SEO Premium plugin. -->","yoast_head_json":{"title":"Finansiering f\u00f6r teknikbolag - Creddo","description":"Hitta alternativ f\u00f6r finansiering f\u00f6r teknikbolag och se hur du kan f\u00e5 tillg\u00e5ng till n\u00f6dv\u00e4ndigt kapital f\u00f6r din verksamhet. Creddo 1 UC","robots":{"index":"index","follow":"follow","max-snippet":"max-snippet:-1","max-image-preview":"max-image-preview:large","max-video-preview":"max-video-preview:-1"},"canonical":"https:\/\/creddo.com\/se\/foretagslan\/finansiering-for-teknikbolag\/","og_locale":"sv_SE","og_type":"article","og_title":"Finansiering f\u00f6r teknikbolag","og_description":"Under det senaste decenniet s\u00e5 har det poppat upp en rad teknikbolag i v\u00e4rlden, men framf\u00f6rallt i Sverige. Dessa bolag har ofta en innovativ produkt eller","og_url":"https:\/\/creddo.com\/se\/foretagslan\/finansiering-for-teknikbolag\/","og_site_name":"Creddo","article_publisher":"https:\/\/www.facebook.com\/creddose","article_modified_time":"2025-12-30T14:55:13+00:00","og_image":[{"width":2000,"height":1333,"url":"https:\/\/creddo.com\/se\/wp-content\/uploads\/2023\/03\/Silicon-Valley-Bank.jpg","type":"image\/jpeg"}],"twitter_card":"summary_large_image","twitter_misc":{"Ber\u00e4knad l\u00e4stid":"4 minuter"},"schema":{"@context":"https:\/\/schema.org","@graph":[{"@type":"WebPage","@id":"https:\/\/creddo.com\/se\/foretagslan\/finansiering-for-teknikbolag\/","url":"https:\/\/creddo.com\/se\/foretagslan\/finansiering-for-teknikbolag\/","name":"Finansiering f\u00f6r teknikbolag - Creddo","isPartOf":{"@id":"https:\/\/creddo.com\/se\/#website"},"primaryImageOfPage":{"@id":"https:\/\/creddo.com\/se\/foretagslan\/finansiering-for-teknikbolag\/#primaryimage"},"image":{"@id":"https:\/\/creddo.com\/se\/foretagslan\/finansiering-for-teknikbolag\/#primaryimage"},"thumbnailUrl":"https:\/\/creddo.com\/se\/wp-content\/uploads\/2023\/03\/Silicon-Valley-Bank.jpg","datePublished":"2023-03-21T14:28:34+00:00","dateModified":"2025-12-30T14:55:13+00:00","description":"Hitta alternativ f\u00f6r finansiering f\u00f6r teknikbolag och se hur du kan f\u00e5 tillg\u00e5ng till n\u00f6dv\u00e4ndigt kapital f\u00f6r din verksamhet. Creddo 1 UC","breadcrumb":{"@id":"https:\/\/creddo.com\/se\/foretagslan\/finansiering-for-teknikbolag\/#breadcrumb"},"inLanguage":"sv-SE","potentialAction":[{"@type":"ReadAction","target":["https:\/\/creddo.com\/se\/foretagslan\/finansiering-for-teknikbolag\/"]}]},{"@type":"ImageObject","inLanguage":"sv-SE","@id":"https:\/\/creddo.com\/se\/foretagslan\/finansiering-for-teknikbolag\/#primaryimage","url":"https:\/\/creddo.com\/se\/wp-content\/uploads\/2023\/03\/Silicon-Valley-Bank.jpg","contentUrl":"https:\/\/creddo.com\/se\/wp-content\/uploads\/2023\/03\/Silicon-Valley-Bank.jpg","width":2000,"height":1333,"caption":"Silicon Valley Bank"},{"@type":"BreadcrumbList","@id":"https:\/\/creddo.com\/se\/foretagslan\/finansiering-for-teknikbolag\/#breadcrumb","itemListElement":[{"@type":"ListItem","position":1,"name":"Creddo.com","item":"https:\/\/creddo.com\/se\/"},{"@type":"ListItem","position":2,"name":"F\u00f6retagsl\u00e5n","item":"https:\/\/creddo.com\/se\/foretagslan\/"},{"@type":"ListItem","position":3,"name":"Finansiering f\u00f6r teknikbolag"}]},{"@type":"WebSite","@id":"https:\/\/creddo.com\/se\/#website","url":"https:\/\/creddo.com\/se\/","name":"Creddo","description":"J\u00e4mf\u00f6r f\u00f6retagsl\u00e5n upp till 10 miljoner","publisher":{"@id":"https:\/\/creddo.com\/se\/#organization"},"potentialAction":[{"@type":"SearchAction","target":{"@type":"EntryPoint","urlTemplate":"https:\/\/creddo.com\/se\/?s={search_term_string}"},"query-input":{"@type":"PropertyValueSpecification","valueRequired":true,"valueName":"search_term_string"}}],"inLanguage":"sv-SE"},{"@type":"Organization","@id":"https:\/\/creddo.com\/se\/#organization","name":"Creddo AB","url":"https:\/\/creddo.com\/se\/","logo":{"@type":"ImageObject","inLanguage":"sv-SE","@id":"https:\/\/creddo.com\/se\/#\/schema\/logo\/image\/","url":"https:\/\/creddo.com\/se\/wp-content\/uploads\/2024\/04\/Creddo-logo-square.png","contentUrl":"https:\/\/creddo.com\/se\/wp-content\/uploads\/2024\/04\/Creddo-logo-square.png","width":720,"height":720,"caption":"Creddo AB"},"image":{"@id":"https:\/\/creddo.com\/se\/#\/schema\/logo\/image\/"},"sameAs":["https:\/\/www.facebook.com\/creddose","https:\/\/www.linkedin.com\/company\/creddo-ab\/"]}]}},"lang":"sv","translations":{"sv":2770},"uagb_featured_image_src":{"full":["https:\/\/creddo.com\/se\/wp-content\/uploads\/2023\/03\/Silicon-Valley-Bank.jpg",2000,1333,false],"thumbnail":["https:\/\/creddo.com\/se\/wp-content\/uploads\/2023\/03\/Silicon-Valley-Bank-150x150.jpg",150,150,true],"medium":["https:\/\/creddo.com\/se\/wp-content\/uploads\/2023\/03\/Silicon-Valley-Bank-300x200.jpg",300,200,true],"medium_large":["https:\/\/creddo.com\/se\/wp-content\/uploads\/2023\/03\/Silicon-Valley-Bank-768x512.jpg",768,512,true],"large":["https:\/\/creddo.com\/se\/wp-content\/uploads\/2023\/03\/Silicon-Valley-Bank-1024x682.jpg",1024,682,true],"1536x1536":["https:\/\/creddo.com\/se\/wp-content\/uploads\/2023\/03\/Silicon-Valley-Bank-1536x1024.jpg",1536,1024,true],"2048x2048":["https:\/\/creddo.com\/se\/wp-content\/uploads\/2023\/03\/Silicon-Valley-Bank.jpg",2000,1333,false]},"uagb_author_info":{"display_name":"Miko\u0142aj \u015al\u0119zak","author_link":"https:\/\/creddo.com\/se\/experthornan\/author\/mikolaj\/"},"uagb_comment_info":0,"uagb_excerpt":"Under det senaste decenniet s\u00e5 har det poppat upp en rad teknikbolag i v\u00e4rlden, men framf\u00f6rallt i Sverige. Dessa bolag har ofta en innovativ produkt eller l\u00f6sning som f\u00f6renklar eller tar bort on\u00f6diga moment i vardagen. F\u00f6r att framst\u00e4lla en f\u00e4rdig l\u00f6sning och n\u00e5 ett kommersiellt stadie s\u00e5 beh\u00f6ver ofta dessa typer av bolag ofta&hellip;","pll_sync_post":[],"_links":{"self":[{"href":"https:\/\/creddo.com\/se\/wp-json\/wp\/v2\/pages\/2770","targetHints":{"allow":["GET"]}}],"collection":[{"href":"https:\/\/creddo.com\/se\/wp-json\/wp\/v2\/pages"}],"about":[{"href":"https:\/\/creddo.com\/se\/wp-json\/wp\/v2\/types\/page"}],"author":[{"embeddable":true,"href":"https:\/\/creddo.com\/se\/wp-json\/wp\/v2\/users\/15"}],"replies":[{"embeddable":true,"href":"https:\/\/creddo.com\/se\/wp-json\/wp\/v2\/comments?post=2770"}],"version-history":[{"count":8,"href":"https:\/\/creddo.com\/se\/wp-json\/wp\/v2\/pages\/2770\/revisions"}],"predecessor-version":[{"id":5373,"href":"https:\/\/creddo.com\/se\/wp-json\/wp\/v2\/pages\/2770\/revisions\/5373"}],"up":[{"embeddable":true,"href":"https:\/\/creddo.com\/se\/wp-json\/wp\/v2\/pages\/1141"}],"wp:featuredmedia":[{"embeddable":true,"href":"https:\/\/creddo.com\/se\/wp-json\/wp\/v2\/media\/2768"}],"wp:attachment":[{"href":"https:\/\/creddo.com\/se\/wp-json\/wp\/v2\/media?parent=2770"}],"curies":[{"name":"wp","href":"https:\/\/api.w.org\/{rel}","templated":true}]}}