{"id":2785,"date":"2023-03-29T15:21:41","date_gmt":"2023-03-29T13:21:41","guid":{"rendered":"https:\/\/creddo.com\/se\/?page_id=2785"},"modified":"2025-12-30T16:03:54","modified_gmt":"2025-12-30T15:03:54","slug":"foretagslan-med-creditsafe","status":"publish","type":"page","link":"https:\/\/creddo.com\/se\/foretagslan\/foretagslan-med-creditsafe\/","title":{"rendered":"F\u00f6retagsl\u00e5n med Creditsafe"},"content":{"rendered":"\n<h3 class=\"wp-block-heading\" id=\"h-hur-bedoms-kreditvardigheten-for-ditt-foretag-foretagslan-med-creditsafe\"><strong>Hur bed\u00f6ms kreditv\u00e4rdigheten f\u00f6r ditt f\u00f6retag &#8211; f\u00f6retagsl\u00e5n med Creditsafe?<\/strong><\/h3>\n\n\n\n<p>Att ans\u00f6ka om ett f\u00f6retagsl\u00e5n \u00e4r ett viktigt steg f\u00f6r att kunna v\u00e4xa och utveckla verksamheten. Innan l\u00e5net beviljas vill l\u00e5ngivaren f\u00f6rs\u00e4kra sig om att ditt f\u00f6retag har en stabil ekonomi. D\u00e4rf\u00f6r g\u00f6rs en kreditupplysning \u2013 en genomg\u00e5ng av f\u00f6retagets ekonomiska situation. Den visar bland annat betalningshistorik, skulder, oms\u00e4ttning och vinst, vilket ger l\u00e5ngivaren en tydlig bild av din kreditv\u00e4rdighet. N\u00e4r du s\u00f6ker f\u00f6retagsl\u00e5n med kreditupplysning via Creditsafe blir dessa insikter avg\u00f6rande f\u00f6r beslutet.<strong>.<\/strong><\/p>\n\n\n\n<p>I Sverige anv\u00e4nds vanligtvis kreditupplysningsf\u00f6retag som <strong>Creditsafe, Bisnode och UC Upplysningscentralen<\/strong> f\u00f6r att utf\u00f6ra kreditkontroller. Creddo samarbetar med flera olika <strong>finansbolag<\/strong> som anv\u00e4nder Creditsafe f\u00f6r att ge dig det b\u00e4sta m\u00f6jliga l\u00e5neerbjudandet. N\u00e4r ditt f\u00f6retag beh\u00f6ver finansiering kan du lita p\u00e5 Creditsafe f\u00f6r en s\u00e4ker bed\u00f6mning av din kreditv\u00e4rdighet. Genom att optimera din webbplats med relevant information om <strong><a href=\"https:\/\/creddo.com\/se\/foretagslan\/\">f\u00f6retagsl\u00e5n<\/a>, kreditupplysning<\/strong> och <strong>kreditv\u00e4rdighet<\/strong> kan du locka fler potentiella kunder och \u00f6ka dina chanser att f\u00e5 ett l\u00e5n.<\/p>\n\n\n\n<h2 class=\"wp-block-heading\"><strong>Vad \u00e4r Creditsafe f\u00f6r n\u00e5got?<\/strong><\/h2>\n\n\n\n<p><a href=\"https:\/\/www.creditsafe.com\/se\/sv.html?sp=true\">Creditsafe<\/a> \u00e4r en global leverant\u00f6r av kreditinformation och aff\u00e4rsdata som hj\u00e4lper f\u00f6retag att fatta v\u00e4lgrundade beslut. De erbjuder en rad tj\u00e4nster som kreditupplysningar, riskbed\u00f6mning, f\u00f6retagsinformation och marknadsunders\u00f6kning. Deras unika algoritm ger dig en djupg\u00e5ende insikt i dina kunder och leverant\u00f6rers kreditv\u00e4rdighet, betalningshistorik, finansiella stabilitet och mer. F\u00f6retagsl\u00e5n med Creditsafe \u00e4r ett v\u00e4rdefullt verktyg f\u00f6r att evaluera den ekonomiska stabiliteten hos leverant\u00f6rer. Oavsett om du driver ett litet eller stort f\u00f6retag kan Creditsafes tillf\u00f6rlitliga information ge dig den information du beh\u00f6ver f\u00f6r att fatta smarta aff\u00e4rsbeslut.<\/p>\n\n\n\n<h3 class=\"wp-block-heading\"><strong>Vilken information h\u00e4mtar Creditsafe i sin kreditupplysning?<\/strong><\/h3>\n\n\n\n<p>Det finns ingen skillnad mellan uppgifterna i en kreditupplysning som h\u00e4mtas fr\u00e5n de olika kreditupplysningsbolagen. Att information fr\u00e5n Creditsafe och Bisnode inte finns med UCs register \u00e4r den enda uppenbara skillnaden.<\/p>\n\n\n\n<p><strong>F\u00f6ljande information finns med p\u00e5 en upplysning fr\u00e5n Creditsafe:<\/strong><\/p>\n\n\n\n<ul class=\"wp-block-list\">\n<li>M\u00f6jligt skuldsaldo hos Kronofogden<\/li>\n\n\n\n<li>Eventuella betalningsanm\u00e4rkningar om s\u00e5dan finns<\/li>\n\n\n\n<li>Taxeringsuppgifter samt inkomster<\/li>\n\n\n\n<li>Information om kreditv\u00e4rdighet<\/li>\n\n\n\n<li>Information om skuldsanering<\/li>\n\n\n\n<li>Information i fall man st\u00e5r under f\u00f6rvaltarskap<\/li>\n<\/ul>\n\n\n\n<h2 class=\"wp-block-heading\">F\u00f6retagsl\u00e5n med Creddo: J\u00e4mf\u00f6r och hitta det b\u00e4sta erbjudandet &#8211; Endast en UC-upplysning!<\/h2>\n\n\n\n<p>Som sm\u00e5f\u00f6retagare vet du hur viktigt det \u00e4r med en enkel och effektiv ans\u00f6kningsprocess n\u00e4r du s\u00f6ker finansiering till ditt f\u00f6retag. Creddo \u00e4r h\u00e4r f\u00f6r att hj\u00e4lpa dig! Vi erbjuder en smidig plattform d\u00e4r du kan j\u00e4mf\u00f6ra l\u00e5neerbjudanden och villkor fr\u00e5n \u00f6ver 25 olika l\u00e5ngivare och banker p\u00e5 den svenska marknaden. F\u00f6retagsl\u00e5n \u00e4r enkelt med Creddo, inklusive s\u00e4kerhetsinformation fr\u00e5n Creditsafe. P\u00e5 s\u00e5 s\u00e4tt kan du enkelt hitta det b\u00e4sta alternativet f\u00f6r just ditt f\u00f6retags behov och f\u00f6ruts\u00e4ttningar.<\/p>\n\n\n\n<p>Det b\u00e4sta av allt \u00e4r att det endast h\u00e4mtas en UC-upplysning n\u00e4r du ans\u00f6ker om f\u00f6retagsl\u00e5n via Creddo. Vi v\u00e4rnar om din kreditv\u00e4rdighet och samarbetar endast med seri\u00f6sa l\u00e5ngivare. I vissa fall kan Creditsafe eller Bisnode komma att anv\u00e4ndas i senare skeden av ans\u00f6kningsprocessen, men du kommer alltid att informeras tydligt om detta under ans\u00f6kningsprocessen. Dessutom, n\u00e4r du s\u00f6ker f\u00f6retagsl\u00e5n, v\u00e4rderas m\u00e5nga aspekter av din kredit, bland annat med hj\u00e4lp av Creditsafe f\u00f6r att s\u00e4kerst\u00e4lla ett korrekt resultat.<\/p>\n\n\n\n<p>Har du fr\u00e5gor kring f\u00f6retagsl\u00e5n och hur Creditsafe kreditupplysning fungerar, UC-upplysningar eller v\u00e5r tj\u00e4nst i \u00f6vrigt? Tveka inte att kontakta oss via telefon eller e-post. Vi \u00e4r alltid glada att hj\u00e4lpa dig!<\/p>\n\n\n\n<p>\n<a href=\"https:\/\/creddo.com\/se\/\" class=\"btn btn-blue\">Unders\u00f6k dina finansieringsm\u00f6jligheter<\/a>\n<\/p>\n","protected":false},"excerpt":{"rendered":"<p>Hur bed\u00f6ms kreditv\u00e4rdigheten f\u00f6r ditt f\u00f6retag &#8211; f\u00f6retagsl\u00e5n med Creditsafe? Att ans\u00f6ka om ett f\u00f6retagsl\u00e5n \u00e4r ett viktigt steg f\u00f6r att kunna v\u00e4xa och utveckla verksamheten. Innan l\u00e5net beviljas vill l\u00e5ngivaren f\u00f6rs\u00e4kra sig om att ditt f\u00f6retag har en stabil ekonomi. D\u00e4rf\u00f6r g\u00f6rs en kreditupplysning \u2013 en genomg\u00e5ng av f\u00f6retagets ekonomiska situation. Den visar bland [&hellip;]<\/p>\n","protected":false},"author":15,"featured_media":2787,"parent":1141,"menu_order":0,"comment_status":"closed","ping_status":"closed","template":"creddopage.php","meta":{"_acf_changed":false,"footnotes":""},"class_list":["post-2785","page","type-page","status-publish","has-post-thumbnail","hentry"],"acf":[],"yoast_head":"<!-- This site is optimized with the Yoast SEO Premium plugin v26.6 (Yoast SEO v26.8) - https:\/\/yoast.com\/product\/yoast-seo-premium-wordpress\/ -->\n<title>F\u00f6retagsl\u00e5n med Creditsafe - Creddo<\/title>\n<meta name=\"description\" content=\"Vad \u00e4r f\u00f6retagsl\u00e5n med Creditsafe? Hur bed\u00f6ms kreditv\u00e4rdigheten f\u00f6r ditt f\u00f6retag? Vilken information h\u00e4mtar Creditsafe i upplysning?\" \/>\n<meta name=\"robots\" content=\"index, follow, max-snippet:-1, max-image-preview:large, max-video-preview:-1\" \/>\n<link rel=\"canonical\" href=\"https:\/\/creddo.com\/se\/foretagslan\/foretagslan-med-creditsafe\/\" \/>\n<meta property=\"og:locale\" content=\"sv_SE\" \/>\n<meta property=\"og:type\" content=\"article\" \/>\n<meta property=\"og:title\" content=\"F\u00f6retagsl\u00e5n med Creditsafe\" \/>\n<meta property=\"og:description\" content=\"Hur bed\u00f6ms kreditv\u00e4rdigheten f\u00f6r ditt f\u00f6retag - f\u00f6retagsl\u00e5n med Creditsafe? Att ans\u00f6ka om ett f\u00f6retagsl\u00e5n \u00e4r ett viktigt steg f\u00f6r att kunna v\u00e4xa och\" \/>\n<meta property=\"og:url\" content=\"https:\/\/creddo.com\/se\/foretagslan\/foretagslan-med-creditsafe\/\" \/>\n<meta property=\"og:site_name\" content=\"Creddo\" \/>\n<meta property=\"article:publisher\" content=\"https:\/\/www.facebook.com\/creddose\" \/>\n<meta property=\"article:modified_time\" content=\"2025-12-30T15:03:54+00:00\" \/>\n<meta property=\"og:image\" content=\"https:\/\/creddo.com\/se\/wp-content\/uploads\/2023\/03\/Foretagslan-med-creditsafe.jpg\" \/>\n\t<meta property=\"og:image:width\" content=\"1368\" \/>\n\t<meta property=\"og:image:height\" content=\"912\" \/>\n\t<meta property=\"og:image:type\" content=\"image\/jpeg\" \/>\n<meta name=\"twitter:card\" content=\"summary_large_image\" \/>\n<meta name=\"twitter:label1\" content=\"Ber\u00e4knad l\u00e4stid\" \/>\n\t<meta name=\"twitter:data1\" content=\"3 minuter\" \/>\n<script type=\"application\/ld+json\" class=\"yoast-schema-graph\">{\"@context\":\"https:\/\/schema.org\",\"@graph\":[{\"@type\":\"WebPage\",\"@id\":\"https:\/\/creddo.com\/se\/foretagslan\/foretagslan-med-creditsafe\/\",\"url\":\"https:\/\/creddo.com\/se\/foretagslan\/foretagslan-med-creditsafe\/\",\"name\":\"F\u00f6retagsl\u00e5n med Creditsafe - Creddo\",\"isPartOf\":{\"@id\":\"https:\/\/creddo.com\/se\/#website\"},\"primaryImageOfPage\":{\"@id\":\"https:\/\/creddo.com\/se\/foretagslan\/foretagslan-med-creditsafe\/#primaryimage\"},\"image\":{\"@id\":\"https:\/\/creddo.com\/se\/foretagslan\/foretagslan-med-creditsafe\/#primaryimage\"},\"thumbnailUrl\":\"https:\/\/creddo.com\/se\/wp-content\/uploads\/2023\/03\/Foretagslan-med-creditsafe.jpg\",\"datePublished\":\"2023-03-29T13:21:41+00:00\",\"dateModified\":\"2025-12-30T15:03:54+00:00\",\"description\":\"Vad \u00e4r f\u00f6retagsl\u00e5n med Creditsafe? Hur bed\u00f6ms kreditv\u00e4rdigheten f\u00f6r ditt f\u00f6retag? Vilken information h\u00e4mtar Creditsafe i upplysning?\",\"breadcrumb\":{\"@id\":\"https:\/\/creddo.com\/se\/foretagslan\/foretagslan-med-creditsafe\/#breadcrumb\"},\"inLanguage\":\"sv-SE\",\"potentialAction\":[{\"@type\":\"ReadAction\",\"target\":[\"https:\/\/creddo.com\/se\/foretagslan\/foretagslan-med-creditsafe\/\"]}]},{\"@type\":\"ImageObject\",\"inLanguage\":\"sv-SE\",\"@id\":\"https:\/\/creddo.com\/se\/foretagslan\/foretagslan-med-creditsafe\/#primaryimage\",\"url\":\"https:\/\/creddo.com\/se\/wp-content\/uploads\/2023\/03\/Foretagslan-med-creditsafe.jpg\",\"contentUrl\":\"https:\/\/creddo.com\/se\/wp-content\/uploads\/2023\/03\/Foretagslan-med-creditsafe.jpg\",\"width\":1368,\"height\":912,\"caption\":\"F\u00f6retagsl\u00e5n med creditsafe\"},{\"@type\":\"BreadcrumbList\",\"@id\":\"https:\/\/creddo.com\/se\/foretagslan\/foretagslan-med-creditsafe\/#breadcrumb\",\"itemListElement\":[{\"@type\":\"ListItem\",\"position\":1,\"name\":\"Creddo.com\",\"item\":\"https:\/\/creddo.com\/se\/\"},{\"@type\":\"ListItem\",\"position\":2,\"name\":\"F\u00f6retagsl\u00e5n\",\"item\":\"https:\/\/creddo.com\/se\/foretagslan\/\"},{\"@type\":\"ListItem\",\"position\":3,\"name\":\"F\u00f6retagsl\u00e5n med Creditsafe\"}]},{\"@type\":\"WebSite\",\"@id\":\"https:\/\/creddo.com\/se\/#website\",\"url\":\"https:\/\/creddo.com\/se\/\",\"name\":\"Creddo\",\"description\":\"J\u00e4mf\u00f6r f\u00f6retagsl\u00e5n upp till 10 miljoner\",\"publisher\":{\"@id\":\"https:\/\/creddo.com\/se\/#organization\"},\"potentialAction\":[{\"@type\":\"SearchAction\",\"target\":{\"@type\":\"EntryPoint\",\"urlTemplate\":\"https:\/\/creddo.com\/se\/?s={search_term_string}\"},\"query-input\":{\"@type\":\"PropertyValueSpecification\",\"valueRequired\":true,\"valueName\":\"search_term_string\"}}],\"inLanguage\":\"sv-SE\"},{\"@type\":\"Organization\",\"@id\":\"https:\/\/creddo.com\/se\/#organization\",\"name\":\"Creddo AB\",\"url\":\"https:\/\/creddo.com\/se\/\",\"logo\":{\"@type\":\"ImageObject\",\"inLanguage\":\"sv-SE\",\"@id\":\"https:\/\/creddo.com\/se\/#\/schema\/logo\/image\/\",\"url\":\"https:\/\/creddo.com\/se\/wp-content\/uploads\/2024\/04\/Creddo-logo-square.png\",\"contentUrl\":\"https:\/\/creddo.com\/se\/wp-content\/uploads\/2024\/04\/Creddo-logo-square.png\",\"width\":720,\"height\":720,\"caption\":\"Creddo AB\"},\"image\":{\"@id\":\"https:\/\/creddo.com\/se\/#\/schema\/logo\/image\/\"},\"sameAs\":[\"https:\/\/www.facebook.com\/creddose\",\"https:\/\/www.linkedin.com\/company\/creddo-ab\/\"]}]}<\/script>\n<!-- \/ Yoast SEO Premium plugin. -->","yoast_head_json":{"title":"F\u00f6retagsl\u00e5n med Creditsafe - Creddo","description":"Vad \u00e4r f\u00f6retagsl\u00e5n med Creditsafe? Hur bed\u00f6ms kreditv\u00e4rdigheten f\u00f6r ditt f\u00f6retag? Vilken information h\u00e4mtar Creditsafe i upplysning?","robots":{"index":"index","follow":"follow","max-snippet":"max-snippet:-1","max-image-preview":"max-image-preview:large","max-video-preview":"max-video-preview:-1"},"canonical":"https:\/\/creddo.com\/se\/foretagslan\/foretagslan-med-creditsafe\/","og_locale":"sv_SE","og_type":"article","og_title":"F\u00f6retagsl\u00e5n med Creditsafe","og_description":"Hur bed\u00f6ms kreditv\u00e4rdigheten f\u00f6r ditt f\u00f6retag - f\u00f6retagsl\u00e5n med Creditsafe? Att ans\u00f6ka om ett f\u00f6retagsl\u00e5n \u00e4r ett viktigt steg f\u00f6r att kunna v\u00e4xa och","og_url":"https:\/\/creddo.com\/se\/foretagslan\/foretagslan-med-creditsafe\/","og_site_name":"Creddo","article_publisher":"https:\/\/www.facebook.com\/creddose","article_modified_time":"2025-12-30T15:03:54+00:00","og_image":[{"width":1368,"height":912,"url":"https:\/\/creddo.com\/se\/wp-content\/uploads\/2023\/03\/Foretagslan-med-creditsafe.jpg","type":"image\/jpeg"}],"twitter_card":"summary_large_image","twitter_misc":{"Ber\u00e4knad l\u00e4stid":"3 minuter"},"schema":{"@context":"https:\/\/schema.org","@graph":[{"@type":"WebPage","@id":"https:\/\/creddo.com\/se\/foretagslan\/foretagslan-med-creditsafe\/","url":"https:\/\/creddo.com\/se\/foretagslan\/foretagslan-med-creditsafe\/","name":"F\u00f6retagsl\u00e5n med Creditsafe - Creddo","isPartOf":{"@id":"https:\/\/creddo.com\/se\/#website"},"primaryImageOfPage":{"@id":"https:\/\/creddo.com\/se\/foretagslan\/foretagslan-med-creditsafe\/#primaryimage"},"image":{"@id":"https:\/\/creddo.com\/se\/foretagslan\/foretagslan-med-creditsafe\/#primaryimage"},"thumbnailUrl":"https:\/\/creddo.com\/se\/wp-content\/uploads\/2023\/03\/Foretagslan-med-creditsafe.jpg","datePublished":"2023-03-29T13:21:41+00:00","dateModified":"2025-12-30T15:03:54+00:00","description":"Vad \u00e4r f\u00f6retagsl\u00e5n med Creditsafe? Hur bed\u00f6ms kreditv\u00e4rdigheten f\u00f6r ditt f\u00f6retag? Vilken information h\u00e4mtar Creditsafe i upplysning?","breadcrumb":{"@id":"https:\/\/creddo.com\/se\/foretagslan\/foretagslan-med-creditsafe\/#breadcrumb"},"inLanguage":"sv-SE","potentialAction":[{"@type":"ReadAction","target":["https:\/\/creddo.com\/se\/foretagslan\/foretagslan-med-creditsafe\/"]}]},{"@type":"ImageObject","inLanguage":"sv-SE","@id":"https:\/\/creddo.com\/se\/foretagslan\/foretagslan-med-creditsafe\/#primaryimage","url":"https:\/\/creddo.com\/se\/wp-content\/uploads\/2023\/03\/Foretagslan-med-creditsafe.jpg","contentUrl":"https:\/\/creddo.com\/se\/wp-content\/uploads\/2023\/03\/Foretagslan-med-creditsafe.jpg","width":1368,"height":912,"caption":"F\u00f6retagsl\u00e5n med creditsafe"},{"@type":"BreadcrumbList","@id":"https:\/\/creddo.com\/se\/foretagslan\/foretagslan-med-creditsafe\/#breadcrumb","itemListElement":[{"@type":"ListItem","position":1,"name":"Creddo.com","item":"https:\/\/creddo.com\/se\/"},{"@type":"ListItem","position":2,"name":"F\u00f6retagsl\u00e5n","item":"https:\/\/creddo.com\/se\/foretagslan\/"},{"@type":"ListItem","position":3,"name":"F\u00f6retagsl\u00e5n med Creditsafe"}]},{"@type":"WebSite","@id":"https:\/\/creddo.com\/se\/#website","url":"https:\/\/creddo.com\/se\/","name":"Creddo","description":"J\u00e4mf\u00f6r f\u00f6retagsl\u00e5n upp till 10 miljoner","publisher":{"@id":"https:\/\/creddo.com\/se\/#organization"},"potentialAction":[{"@type":"SearchAction","target":{"@type":"EntryPoint","urlTemplate":"https:\/\/creddo.com\/se\/?s={search_term_string}"},"query-input":{"@type":"PropertyValueSpecification","valueRequired":true,"valueName":"search_term_string"}}],"inLanguage":"sv-SE"},{"@type":"Organization","@id":"https:\/\/creddo.com\/se\/#organization","name":"Creddo AB","url":"https:\/\/creddo.com\/se\/","logo":{"@type":"ImageObject","inLanguage":"sv-SE","@id":"https:\/\/creddo.com\/se\/#\/schema\/logo\/image\/","url":"https:\/\/creddo.com\/se\/wp-content\/uploads\/2024\/04\/Creddo-logo-square.png","contentUrl":"https:\/\/creddo.com\/se\/wp-content\/uploads\/2024\/04\/Creddo-logo-square.png","width":720,"height":720,"caption":"Creddo AB"},"image":{"@id":"https:\/\/creddo.com\/se\/#\/schema\/logo\/image\/"},"sameAs":["https:\/\/www.facebook.com\/creddose","https:\/\/www.linkedin.com\/company\/creddo-ab\/"]}]}},"lang":"sv","translations":{"sv":2785},"pll_sync_post":[],"_links":{"self":[{"href":"https:\/\/creddo.com\/se\/wp-json\/wp\/v2\/pages\/2785","targetHints":{"allow":["GET"]}}],"collection":[{"href":"https:\/\/creddo.com\/se\/wp-json\/wp\/v2\/pages"}],"about":[{"href":"https:\/\/creddo.com\/se\/wp-json\/wp\/v2\/types\/page"}],"author":[{"embeddable":true,"href":"https:\/\/creddo.com\/se\/wp-json\/wp\/v2\/users\/15"}],"replies":[{"embeddable":true,"href":"https:\/\/creddo.com\/se\/wp-json\/wp\/v2\/comments?post=2785"}],"version-history":[{"count":11,"href":"https:\/\/creddo.com\/se\/wp-json\/wp\/v2\/pages\/2785\/revisions"}],"predecessor-version":[{"id":5399,"href":"https:\/\/creddo.com\/se\/wp-json\/wp\/v2\/pages\/2785\/revisions\/5399"}],"up":[{"embeddable":true,"href":"https:\/\/creddo.com\/se\/wp-json\/wp\/v2\/pages\/1141"}],"wp:featuredmedia":[{"embeddable":true,"href":"https:\/\/creddo.com\/se\/wp-json\/wp\/v2\/media\/2787"}],"wp:attachment":[{"href":"https:\/\/creddo.com\/se\/wp-json\/wp\/v2\/media?parent=2785"}],"curies":[{"name":"wp","href":"https:\/\/api.w.org\/{rel}","templated":true}]}}