{"id":2830,"date":"2023-07-25T17:01:30","date_gmt":"2023-07-25T15:01:30","guid":{"rendered":"https:\/\/stage.creddo.com\/se\/?page_id=2830"},"modified":"2025-12-30T15:22:43","modified_gmt":"2025-12-30T14:22:43","slug":"avida-finans","status":"publish","type":"page","link":"https:\/\/creddo.com\/se\/langivare\/avida-finans\/","title":{"rendered":"Avida Finans"},"content":{"rendered":"\n<h2 class=\"wp-block-heading\" id=\"h-kort-om-avida-finans-kombination-av-factoring-och-foretagslan\"><strong>Kort om Avida Finans &#8211; kombination av factoring och f\u00f6retagsl\u00e5n<\/strong><\/h2>\n\n\n\n<p><\/p>\n\n\n\n<ul class=\"wp-block-list\">\n<li>Hos Avida Finans kan du l\u00e5na mellan 5 000 000 kr &#8211; 100 000 000 kr<\/li>\n\n\n\n<li>Upp till 60 m\u00e5naders l\u00f6ptid<\/li>\n\n\n\n<li>Kombination av factoring och f\u00f6retagsl\u00e5n<\/li>\n\n\n\n<li>M\u00f6jlighet till ingen personlig borgen<\/li>\n<\/ul>\n\n\n\n<p><\/p>\n\n\n\n<p>F\u00f6r att kunna ans\u00f6ka om ett <a href=\"https:\/\/creddo.com\/se\/foretagslan\/\">f\u00f6retagsl\u00e5n <\/a>hos Avida s\u00e5 beh\u00f6ver du ha ett aktiebolag. Om bolaget och din personliga ekonomi bed\u00f6ms god s\u00e5 kr\u00e4vs det normalt ingen personlig borgen, men ibland kan det beh\u00f6vas om det r\u00e5der vissa os\u00e4kerheter. R\u00e4ntan f\u00f6r ditt f\u00f6retagsl\u00e5n hos Avida s\u00e4tts individuellt och baseras p\u00e5 ditt f\u00f6retags kreditv\u00e4rdighet, ekonomiska f\u00f6ruts\u00e4ttningar och \u00e5terbetalningsf\u00f6rm\u00e5ga. Faktorer som f\u00f6retagets historik, oms\u00e4ttning och betalningsanm\u00e4rkningar kan p\u00e5verka vilken r\u00e4nta som erbjuds. Det inneb\u00e4r att varje f\u00f6retag f\u00e5r ett l\u00e5neerbjudande anpassat efter sin specifika situation och riskprofil.<\/p>\n\n\n\n<h2 class=\"wp-block-heading\" id=\"h-varfor-ska-man-jamfora-foretagslan-med-creddo\"><strong>Varf\u00f6r ska man j\u00e4mf\u00f6ra f\u00f6retagsl\u00e5n med Creddo?<\/strong><\/h2>\n\n\n\n<p>N\u00e4r du ans\u00f6ker om ett f\u00f6retagsl\u00e5n hos Creddo s\u00e5 har du m\u00f6jlighet att f\u00e5 flera erbjudanden, men det registreras bara en kreditupplysning via UC. Via Creddo s\u00e5 f\u00e5r du en bra \u00f6verblick p\u00e5 vilka erbjudanden du f\u00e5r och vilket som passar dig och ditt f\u00f6retag b\u00e4st. Ut\u00f6ver detta s\u00e5 ist\u00e4llet f\u00f6r att ans\u00f6ka hos varje l\u00e5ngivare s\u00e5 sparar du b\u00e5de tid och energi genom att samla din ans\u00f6kan p\u00e5 samma st\u00e4lle och spara v\u00e4rdefull tid och energi.<\/p>\n\n\n\n<p><\/p>\n\n\n\n<p>Vi p\u00e5 Creddo tar inte ut n\u00e5gon avgift av dig som f\u00f6retagare. V\u00e5r tj\u00e4nst \u00e4r helt kostnadsfri att anv\u00e4nda, och ist\u00e4llet f\u00e5r vi ers\u00e4ttning fr\u00e5n l\u00e5ngivaren f\u00f6rst n\u00e4r ett l\u00e5n har beviljats och betalats ut. Det inneb\u00e4r att du kan ans\u00f6ka, j\u00e4mf\u00f6ra olika l\u00e5nealternativ och f\u00e5 hj\u00e4lp genom hela processen utan n\u00e5gra extra kostnader eller f\u00f6rpliktelser f\u00f6r ditt f\u00f6retag.<\/p>\n\n\n\n<h2 class=\"wp-block-heading\" id=\"h-sammanfattning-avida-finans\"><strong>Sammanfattning Avida Finans<\/strong><\/h2>\n\n\n\n<p><\/p>\n\n\n\n<figure class=\"wp-block-table is-style-stripes\"><table class=\"has-fixed-layout\"><tbody><tr><td>L\u00e5nebelopp<\/td><td>5 000 000 &#8211; 100 000 000 kr<\/td><\/tr><tr><td>L\u00f6ptid<\/td><td>24 &#8211; 60 m\u00e5nader<\/td><\/tr><tr><td>Uppl\u00e4ggningsavgift<\/td><td>1-2% av l\u00e5nebeloppet<\/td><\/tr><tr><td>Personlig borgen<\/td><td>Ja, ibland kr\u00e4vs en sk\u00f6tselborgen<\/td><\/tr><tr><td>Aviavgift<\/td><td>Nej<\/td><\/tr><tr><td>Autogiro<\/td><td>Ja<\/td><\/tr><tr><td>Komplettering<\/td><td>Ja<\/td><\/tr><tr><td>BankID<\/td><td>Ja<\/td><\/tr><\/tbody><\/table><\/figure>\n","protected":false},"excerpt":{"rendered":"<p>Kort om Avida Finans &#8211; kombination av factoring och f\u00f6retagsl\u00e5n F\u00f6r att kunna ans\u00f6ka om ett f\u00f6retagsl\u00e5n hos Avida s\u00e5 beh\u00f6ver du ha ett aktiebolag. Om bolaget och din personliga ekonomi bed\u00f6ms god s\u00e5 kr\u00e4vs det normalt ingen personlig borgen, men ibland kan det beh\u00f6vas om det r\u00e5der vissa os\u00e4kerheter. R\u00e4ntan f\u00f6r ditt f\u00f6retagsl\u00e5n hos [&hellip;]<\/p>\n","protected":false},"author":13,"featured_media":0,"parent":2896,"menu_order":0,"comment_status":"closed","ping_status":"closed","template":"empty-page-with-slider.php","meta":{"_acf_changed":false,"_uag_custom_page_level_css":"","footnotes":""},"class_list":["post-2830","page","type-page","status-publish","hentry"],"acf":[],"yoast_head":"<!-- This site is optimized with the Yoast SEO Premium plugin v26.6 (Yoast SEO v26.8) - https:\/\/yoast.com\/product\/yoast-seo-premium-wordpress\/ -->\n<title>Avida Finans - L\u00e5n f\u00f6r sm\u00e5 och medelstora f\u00f6retag<\/title>\n<meta name=\"description\" content=\"Avida Finans erbjuder ett brett utbud av l\u00e5n f\u00f6r sm\u00e5 och medelstora f\u00f6retag, en unik kombination av factoring och f\u00f6retagsl\u00e5n. 1 UC - Creddo\" \/>\n<meta name=\"robots\" content=\"index, follow, max-snippet:-1, max-image-preview:large, max-video-preview:-1\" \/>\n<link rel=\"canonical\" href=\"https:\/\/creddo.com\/se\/langivare\/avida-finans\/\" \/>\n<meta property=\"og:locale\" content=\"sv_SE\" \/>\n<meta property=\"og:type\" content=\"article\" \/>\n<meta property=\"og:title\" content=\"Avida Finans\" \/>\n<meta property=\"og:description\" content=\"Kort om Avida Finans - kombination av factoring och f\u00f6retagsl\u00e5n Hos Avida Finans kan du l\u00e5na mellan 5 000 000 kr - 100 000 000 kr Upp till 60 m\u00e5naders\" \/>\n<meta property=\"og:url\" content=\"https:\/\/creddo.com\/se\/langivare\/avida-finans\/\" \/>\n<meta property=\"og:site_name\" content=\"Creddo\" \/>\n<meta property=\"article:publisher\" content=\"https:\/\/www.facebook.com\/creddose\" \/>\n<meta property=\"article:modified_time\" content=\"2025-12-30T14:22:43+00:00\" \/>\n<meta property=\"og:image\" content=\"https:\/\/creddo.com\/se\/wp-content\/uploads\/2024\/07\/52.jpg\" \/>\n\t<meta property=\"og:image:width\" content=\"1200\" \/>\n\t<meta property=\"og:image:height\" content=\"630\" \/>\n\t<meta property=\"og:image:type\" content=\"image\/jpeg\" \/>\n<meta name=\"twitter:card\" content=\"summary_large_image\" \/>\n<meta name=\"twitter:label1\" content=\"Ber\u00e4knad l\u00e4stid\" \/>\n\t<meta name=\"twitter:data1\" content=\"2 minuter\" \/>\n<script type=\"application\/ld+json\" class=\"yoast-schema-graph\">{\"@context\":\"https:\/\/schema.org\",\"@graph\":[{\"@type\":\"WebPage\",\"@id\":\"https:\/\/creddo.com\/se\/langivare\/avida-finans\/\",\"url\":\"https:\/\/creddo.com\/se\/langivare\/avida-finans\/\",\"name\":\"Avida Finans - L\u00e5n f\u00f6r sm\u00e5 och medelstora f\u00f6retag\",\"isPartOf\":{\"@id\":\"https:\/\/creddo.com\/se\/#website\"},\"datePublished\":\"2023-07-25T15:01:30+00:00\",\"dateModified\":\"2025-12-30T14:22:43+00:00\",\"description\":\"Avida Finans erbjuder ett brett utbud av l\u00e5n f\u00f6r sm\u00e5 och medelstora f\u00f6retag, en unik kombination av factoring och f\u00f6retagsl\u00e5n. 1 UC - Creddo\",\"breadcrumb\":{\"@id\":\"https:\/\/creddo.com\/se\/langivare\/avida-finans\/#breadcrumb\"},\"inLanguage\":\"sv-SE\",\"potentialAction\":[{\"@type\":\"ReadAction\",\"target\":[\"https:\/\/creddo.com\/se\/langivare\/avida-finans\/\"]}]},{\"@type\":\"BreadcrumbList\",\"@id\":\"https:\/\/creddo.com\/se\/langivare\/avida-finans\/#breadcrumb\",\"itemListElement\":[{\"@type\":\"ListItem\",\"position\":1,\"name\":\"Creddo.com\",\"item\":\"https:\/\/creddo.com\/se\/\"},{\"@type\":\"ListItem\",\"position\":2,\"name\":\"L\u00e5ngivare\",\"item\":\"https:\/\/creddo.com\/se\/langivare\/\"},{\"@type\":\"ListItem\",\"position\":3,\"name\":\"Avida Finans\"}]},{\"@type\":\"WebSite\",\"@id\":\"https:\/\/creddo.com\/se\/#website\",\"url\":\"https:\/\/creddo.com\/se\/\",\"name\":\"Creddo\",\"description\":\"J\u00e4mf\u00f6r f\u00f6retagsl\u00e5n upp till 10 miljoner\",\"publisher\":{\"@id\":\"https:\/\/creddo.com\/se\/#organization\"},\"potentialAction\":[{\"@type\":\"SearchAction\",\"target\":{\"@type\":\"EntryPoint\",\"urlTemplate\":\"https:\/\/creddo.com\/se\/?s={search_term_string}\"},\"query-input\":{\"@type\":\"PropertyValueSpecification\",\"valueRequired\":true,\"valueName\":\"search_term_string\"}}],\"inLanguage\":\"sv-SE\"},{\"@type\":\"Organization\",\"@id\":\"https:\/\/creddo.com\/se\/#organization\",\"name\":\"Creddo AB\",\"url\":\"https:\/\/creddo.com\/se\/\",\"logo\":{\"@type\":\"ImageObject\",\"inLanguage\":\"sv-SE\",\"@id\":\"https:\/\/creddo.com\/se\/#\/schema\/logo\/image\/\",\"url\":\"https:\/\/creddo.com\/se\/wp-content\/uploads\/2024\/04\/Creddo-logo-square.png\",\"contentUrl\":\"https:\/\/creddo.com\/se\/wp-content\/uploads\/2024\/04\/Creddo-logo-square.png\",\"width\":720,\"height\":720,\"caption\":\"Creddo AB\"},\"image\":{\"@id\":\"https:\/\/creddo.com\/se\/#\/schema\/logo\/image\/\"},\"sameAs\":[\"https:\/\/www.facebook.com\/creddose\",\"https:\/\/www.linkedin.com\/company\/creddo-ab\/\"]}]}<\/script>\n<!-- \/ Yoast SEO Premium plugin. -->","yoast_head_json":{"title":"Avida Finans - L\u00e5n f\u00f6r sm\u00e5 och medelstora f\u00f6retag","description":"Avida Finans erbjuder ett brett utbud av l\u00e5n f\u00f6r sm\u00e5 och medelstora f\u00f6retag, en unik kombination av factoring och f\u00f6retagsl\u00e5n. 1 UC - Creddo","robots":{"index":"index","follow":"follow","max-snippet":"max-snippet:-1","max-image-preview":"max-image-preview:large","max-video-preview":"max-video-preview:-1"},"canonical":"https:\/\/creddo.com\/se\/langivare\/avida-finans\/","og_locale":"sv_SE","og_type":"article","og_title":"Avida Finans","og_description":"Kort om Avida Finans - kombination av factoring och f\u00f6retagsl\u00e5n Hos Avida Finans kan du l\u00e5na mellan 5 000 000 kr - 100 000 000 kr Upp till 60 m\u00e5naders","og_url":"https:\/\/creddo.com\/se\/langivare\/avida-finans\/","og_site_name":"Creddo","article_publisher":"https:\/\/www.facebook.com\/creddose","article_modified_time":"2025-12-30T14:22:43+00:00","og_image":[{"width":1200,"height":630,"url":"https:\/\/creddo.com\/se\/wp-content\/uploads\/2024\/07\/52.jpg","type":"image\/jpeg"}],"twitter_card":"summary_large_image","twitter_misc":{"Ber\u00e4knad l\u00e4stid":"2 minuter"},"schema":{"@context":"https:\/\/schema.org","@graph":[{"@type":"WebPage","@id":"https:\/\/creddo.com\/se\/langivare\/avida-finans\/","url":"https:\/\/creddo.com\/se\/langivare\/avida-finans\/","name":"Avida Finans - L\u00e5n f\u00f6r sm\u00e5 och medelstora f\u00f6retag","isPartOf":{"@id":"https:\/\/creddo.com\/se\/#website"},"datePublished":"2023-07-25T15:01:30+00:00","dateModified":"2025-12-30T14:22:43+00:00","description":"Avida Finans erbjuder ett brett utbud av l\u00e5n f\u00f6r sm\u00e5 och medelstora f\u00f6retag, en unik kombination av factoring och f\u00f6retagsl\u00e5n. 1 UC - Creddo","breadcrumb":{"@id":"https:\/\/creddo.com\/se\/langivare\/avida-finans\/#breadcrumb"},"inLanguage":"sv-SE","potentialAction":[{"@type":"ReadAction","target":["https:\/\/creddo.com\/se\/langivare\/avida-finans\/"]}]},{"@type":"BreadcrumbList","@id":"https:\/\/creddo.com\/se\/langivare\/avida-finans\/#breadcrumb","itemListElement":[{"@type":"ListItem","position":1,"name":"Creddo.com","item":"https:\/\/creddo.com\/se\/"},{"@type":"ListItem","position":2,"name":"L\u00e5ngivare","item":"https:\/\/creddo.com\/se\/langivare\/"},{"@type":"ListItem","position":3,"name":"Avida Finans"}]},{"@type":"WebSite","@id":"https:\/\/creddo.com\/se\/#website","url":"https:\/\/creddo.com\/se\/","name":"Creddo","description":"J\u00e4mf\u00f6r f\u00f6retagsl\u00e5n upp till 10 miljoner","publisher":{"@id":"https:\/\/creddo.com\/se\/#organization"},"potentialAction":[{"@type":"SearchAction","target":{"@type":"EntryPoint","urlTemplate":"https:\/\/creddo.com\/se\/?s={search_term_string}"},"query-input":{"@type":"PropertyValueSpecification","valueRequired":true,"valueName":"search_term_string"}}],"inLanguage":"sv-SE"},{"@type":"Organization","@id":"https:\/\/creddo.com\/se\/#organization","name":"Creddo AB","url":"https:\/\/creddo.com\/se\/","logo":{"@type":"ImageObject","inLanguage":"sv-SE","@id":"https:\/\/creddo.com\/se\/#\/schema\/logo\/image\/","url":"https:\/\/creddo.com\/se\/wp-content\/uploads\/2024\/04\/Creddo-logo-square.png","contentUrl":"https:\/\/creddo.com\/se\/wp-content\/uploads\/2024\/04\/Creddo-logo-square.png","width":720,"height":720,"caption":"Creddo AB"},"image":{"@id":"https:\/\/creddo.com\/se\/#\/schema\/logo\/image\/"},"sameAs":["https:\/\/www.facebook.com\/creddose","https:\/\/www.linkedin.com\/company\/creddo-ab\/"]}]}},"lang":"sv","translations":{"sv":2830},"uagb_featured_image_src":{"full":false,"thumbnail":false,"medium":false,"medium_large":false,"large":false,"1536x1536":false,"2048x2048":false},"uagb_author_info":{"display_name":"Jonas Smyth","author_link":"https:\/\/creddo.com\/se\/experthornan\/author\/jonas\/"},"uagb_comment_info":0,"uagb_excerpt":"Kort om Avida Finans &#8211; kombination av factoring och f\u00f6retagsl\u00e5n F\u00f6r att kunna ans\u00f6ka om ett f\u00f6retagsl\u00e5n hos Avida s\u00e5 beh\u00f6ver du ha ett aktiebolag. Om bolaget och din personliga ekonomi bed\u00f6ms god s\u00e5 kr\u00e4vs det normalt ingen personlig borgen, men ibland kan det beh\u00f6vas om det r\u00e5der vissa os\u00e4kerheter. R\u00e4ntan f\u00f6r ditt f\u00f6retagsl\u00e5n hos&hellip;","pll_sync_post":[],"_links":{"self":[{"href":"https:\/\/creddo.com\/se\/wp-json\/wp\/v2\/pages\/2830","targetHints":{"allow":["GET"]}}],"collection":[{"href":"https:\/\/creddo.com\/se\/wp-json\/wp\/v2\/pages"}],"about":[{"href":"https:\/\/creddo.com\/se\/wp-json\/wp\/v2\/types\/page"}],"author":[{"embeddable":true,"href":"https:\/\/creddo.com\/se\/wp-json\/wp\/v2\/users\/13"}],"replies":[{"embeddable":true,"href":"https:\/\/creddo.com\/se\/wp-json\/wp\/v2\/comments?post=2830"}],"version-history":[{"count":10,"href":"https:\/\/creddo.com\/se\/wp-json\/wp\/v2\/pages\/2830\/revisions"}],"predecessor-version":[{"id":5363,"href":"https:\/\/creddo.com\/se\/wp-json\/wp\/v2\/pages\/2830\/revisions\/5363"}],"up":[{"embeddable":true,"href":"https:\/\/creddo.com\/se\/wp-json\/wp\/v2\/pages\/2896"}],"wp:attachment":[{"href":"https:\/\/creddo.com\/se\/wp-json\/wp\/v2\/media?parent=2830"}],"curies":[{"name":"wp","href":"https:\/\/api.w.org\/{rel}","templated":true}]}}