{"id":2897,"date":"2023-07-26T14:22:28","date_gmt":"2023-07-26T12:22:28","guid":{"rendered":"https:\/\/stage.creddo.com\/se\/?page_id=2850"},"modified":"2025-12-30T15:10:20","modified_gmt":"2025-12-30T14:10:20","slug":"aros-kapital","status":"publish","type":"page","link":"https:\/\/creddo.com\/se\/langivare\/aros-kapital\/","title":{"rendered":"Aros Kapital"},"content":{"rendered":"\n<h2 class=\"wp-block-heading\" id=\"h-kort-om-aros-kapital-foretagslan-direkt-med-eu-stod\"><strong><strong>Kort om Aros Kapital &#8211; F\u00f6retagsl\u00e5n direkt med EU-st\u00f6d<\/strong><\/strong><\/h2>\n\n\n\n<p><\/p>\n\n\n\n<ul class=\"wp-block-list\">\n<li>L\u00e5n upp till 550 000 kr med Aros Kapital<\/li>\n\n\n\n<li>Upp till 60 m\u00e5naders l\u00f6ptid<\/li>\n\n\n\n<li>Enbart 20% personligt borgens\u00e5tagande av l\u00e5nebeloppet<\/li>\n\n\n\n<li>L\u00e4gre r\u00e4nta med EIF-mikrogaranti<\/li>\n<\/ul>\n\n\n\n<p><\/p>\n\n\n\n<h2 class=\"wp-block-heading\" id=\"h-grundkrav-for-lan-med-eu-stod\"><strong><strong>Grundkrav f\u00f6r l\u00e5n med EU-st\u00f6d<\/strong><\/strong><\/h2>\n\n\n\n<p>F\u00f6r att kvalificera sig till <a href=\"https:\/\/creddo.com\/se\/foretagslan\/eu-lanet\/\">l\u00e5n med EU<\/a>-st\u00f6d s\u00e5 beh\u00f6ver du ha ett aktiebolag som \u00e4r registrerat hos Bolagsverket. N\u00e4r du ans\u00f6ker om l\u00e5n s\u00e5 beh\u00f6ver du ofta ha minst en person som kan g\u00e5 i personlig borgen, ut\u00f6ver detta s\u00e5 beh\u00f6ver f\u00f6retaget \u00e4ven minst ett fastst\u00e4llt och registrerat bokslut.<\/p>\n\n\n\n<p><\/p>\n\n\n\n<h2 class=\"wp-block-heading\" id=\"h-foretagslan-direkt\"><strong>F\u00f6retagsl\u00e5n direkt<\/strong><\/h2>\n\n\n\n<p>Det \u00e4r m\u00f6jligt att ans\u00f6ka om <a href=\"https:\/\/creddo.com\/se\/foretagslan\/\">l\u00e5n<\/a> p\u00e5 mellan 100 000 kr &#8211; 3 000 000 kronor hos Aros Kapital genom Creddo. Allt sk\u00f6ts direkt online vilket g\u00f6r att hela processen g\u00e5r v\u00e4ldigt snabbt och smidigt. N\u00e4r du \u00f6verv\u00e4ger erbjudanden fr\u00e5n Aros Kapital, t\u00e4nka p\u00e5 att du betalar en fast m\u00e5nadskostnad som baseras p\u00e5 ditt bolags kreditv\u00e4rdighet, l\u00e5nebelopp samt l\u00f6ptid p\u00e5 l\u00e5net. Vanligtvis f\u00e5r man besked inom 24 timmar och utbetalt direkt efter det om man v\u00e4ljer ett l\u00e5n fr\u00e5n Aros Kapital.<\/p>\n\n\n\n<p><\/p>\n\n\n\n<p>Hos Aros Kapital s\u00e5 kan man v\u00e4lja en l\u00f6ptid p\u00e5 mellan 24 m\u00e5nader och upp till 60 m\u00e5nader. Skulle du vilja \u00e5terbetala l\u00e5net i f\u00f6rtid s\u00e5 tillkommer det inga extra kostnader, utan du kan f\u00f6rtidsl\u00f6sa n\u00e4r du vill och du betalar enbart f\u00f6r tiden som du nyttjat l\u00e5net.<\/p>\n\n\n\n<p><\/p>\n\n\n\n<h2 class=\"wp-block-heading\" id=\"h-foretagslan-utan-sakerhet\"><strong>F\u00f6retagsl\u00e5n utan s\u00e4kerhet<\/strong><\/h2>\n\n\n\n<p>Hos Aros Kapital s\u00e5 kr\u00e4ver de ofta personlig borgen som s\u00e4kerhet, ut\u00f6ver det s\u00e5 beh\u00f6ver du inte kr\u00e5ngla med andra s\u00e4kerheter. Om ditt f\u00f6retag kvalificerar till ett EU-l\u00e5n s\u00e5 beh\u00f6ver du enbart g\u00e5 i borgen f\u00f6r 20% av l\u00e5nebeloppet.<\/p>\n\n\n\n<p><\/p>\n\n\n\n<h2 class=\"wp-block-heading\" id=\"h-varfor-ska-man-jamfora-foretagslan-med-creddo\"><strong>Varf\u00f6r ska man j\u00e4mf\u00f6ra f\u00f6retagsl\u00e5n med Creddo?<\/strong><\/h2>\n\n\n\n<p>N\u00e4r du ans\u00f6ker om ett f\u00f6retagsl\u00e5n hos Creddo s\u00e5 har du m\u00f6jlighet att f\u00e5 flera erbjudanden, men det registreras bara en kreditupplysning via UC. Via Creddo s\u00e5 f\u00e5r du en bra \u00f6verblick p\u00e5 vilka erbjudanden du f\u00e5r och vilket som passar dig och ditt f\u00f6retag b\u00e4st. Ut\u00f6ver detta s\u00e5 ist\u00e4llet f\u00f6r att ans\u00f6ka hos varje l\u00e5ngivare s\u00e5 sparar du b\u00e5de tid och energi genom att samla din ans\u00f6kan p\u00e5 samma st\u00e4lle.&nbsp;<\/p>\n\n\n\n<p><\/p>\n\n\n\n<p>Vi p\u00e5 Creddo tar inte ut n\u00e5gon avgift mot dig som f\u00f6retagare, utan f\u00e5r ist\u00e4llet en ers\u00e4ttning fr\u00e5n l\u00e5ngivaren vid utbetalt l\u00e5n.<\/p>\n\n\n\n<h2 class=\"wp-block-heading\" id=\"h-sammanfattning-aros-kapital\"><strong><strong>Sammanfattning Aros Kapital<\/strong><\/strong><\/h2>\n\n\n\n<p><\/p>\n\n\n\n<figure class=\"wp-block-table is-style-stripes\"><table class=\"has-fixed-layout\"><tbody><tr><td>L\u00e5nebelopp<\/td><td>100 000 &#8211; 3 000 000 kr<\/td><\/tr><tr><td>L\u00f6ptid<\/td><td>24 &#8211; 60 m\u00e5nader<\/td><\/tr><tr><td>Uppl\u00e4ggningsavgift<\/td><td>1% av l\u00e5nebeloppet<\/td><\/tr><tr><td>Personlig borgen<\/td><td>Ja, begr\u00e4nsad 20%<\/td><\/tr><tr><td>Aviavgift<\/td><td>Nej<\/td><\/tr><tr><td>Autogiro<\/td><td>Ja<\/td><\/tr><tr><td>Komplettering<\/td><td>Ja, ibland<\/td><\/tr><tr><td>BankID<\/td><td>Ja<\/td><\/tr><\/tbody><\/table><\/figure>\n\n\n\n<p><\/p>\n\n\n\n<p>L\u00e4s Creddos <a href=\"https:\/\/creddo.com\/se\/langivare\/aros-kapital\/recension\/\">recension av Aros Kapital<\/a><\/p>\n","protected":false},"excerpt":{"rendered":"<p>Kort om Aros Kapital &#8211; F\u00f6retagsl\u00e5n direkt med EU-st\u00f6d Grundkrav f\u00f6r l\u00e5n med EU-st\u00f6d F\u00f6r att kvalificera sig till l\u00e5n med EU-st\u00f6d s\u00e5 beh\u00f6ver du ha ett aktiebolag som \u00e4r registrerat hos Bolagsverket. N\u00e4r du ans\u00f6ker om l\u00e5n s\u00e5 beh\u00f6ver du ofta ha minst en person som kan g\u00e5 i personlig borgen, ut\u00f6ver detta s\u00e5 [&hellip;]<\/p>\n","protected":false},"author":13,"featured_media":0,"parent":2896,"menu_order":0,"comment_status":"closed","ping_status":"closed","template":"empty-page-with-slider.php","meta":{"_acf_changed":false,"footnotes":""},"class_list":["post-2897","page","type-page","status-publish","hentry"],"acf":[],"yoast_head":"<!-- This site is optimized with the Yoast SEO Premium plugin v26.6 (Yoast SEO v26.8) - https:\/\/yoast.com\/product\/yoast-seo-premium-wordpress\/ -->\n<title>Aros Kapital - L\u00e5n f\u00f6r sm\u00e5 och medelstora f\u00f6retag Creddo<\/title>\n<meta name=\"description\" content=\"Aros Kapital kan via Creddo erbjuda f\u00f6retagare upp till 5 miljoner kr med en l\u00f6ptid p\u00e5 upp till 60 m\u00e5nader. L\u00e4gsta r\u00e4ntan f\u00f6r f\u00f6retagsl\u00e5n.\" \/>\n<meta name=\"robots\" content=\"index, follow, max-snippet:-1, max-image-preview:large, max-video-preview:-1\" \/>\n<link rel=\"canonical\" href=\"https:\/\/creddo.com\/se\/langivare\/aros-kapital\/\" \/>\n<meta property=\"og:locale\" content=\"sv_SE\" \/>\n<meta property=\"og:type\" content=\"article\" \/>\n<meta property=\"og:title\" content=\"Aros Kapital\" \/>\n<meta property=\"og:description\" content=\"Kort om Aros Kapital - F\u00f6retagsl\u00e5n direkt med EU-st\u00f6d L\u00e5n upp till 550 000 kr med Aros Kapital Upp till 60 m\u00e5naders l\u00f6ptid Enbart 20% personligt\" \/>\n<meta property=\"og:url\" content=\"https:\/\/creddo.com\/se\/langivare\/aros-kapital\/\" \/>\n<meta property=\"og:site_name\" content=\"Creddo\" \/>\n<meta property=\"article:publisher\" content=\"https:\/\/www.facebook.com\/creddose\" \/>\n<meta property=\"article:modified_time\" content=\"2025-12-30T14:10:20+00:00\" \/>\n<meta property=\"og:image\" content=\"https:\/\/creddo.com\/se\/wp-content\/uploads\/2024\/07\/52.jpg\" \/>\n\t<meta property=\"og:image:width\" content=\"1200\" \/>\n\t<meta property=\"og:image:height\" content=\"630\" \/>\n\t<meta property=\"og:image:type\" content=\"image\/jpeg\" \/>\n<meta name=\"twitter:card\" content=\"summary_large_image\" \/>\n<meta name=\"twitter:label1\" content=\"Ber\u00e4knad l\u00e4stid\" \/>\n\t<meta name=\"twitter:data1\" content=\"3 minuter\" \/>\n<script type=\"application\/ld+json\" class=\"yoast-schema-graph\">{\"@context\":\"https:\/\/schema.org\",\"@graph\":[{\"@type\":\"WebPage\",\"@id\":\"https:\/\/creddo.com\/se\/langivare\/aros-kapital\/\",\"url\":\"https:\/\/creddo.com\/se\/langivare\/aros-kapital\/\",\"name\":\"Aros Kapital - L\u00e5n f\u00f6r sm\u00e5 och medelstora f\u00f6retag Creddo\",\"isPartOf\":{\"@id\":\"https:\/\/creddo.com\/se\/#website\"},\"datePublished\":\"2023-07-26T12:22:28+00:00\",\"dateModified\":\"2025-12-30T14:10:20+00:00\",\"description\":\"Aros Kapital kan via Creddo erbjuda f\u00f6retagare upp till 5 miljoner kr med en l\u00f6ptid p\u00e5 upp till 60 m\u00e5nader. L\u00e4gsta r\u00e4ntan f\u00f6r f\u00f6retagsl\u00e5n.\",\"breadcrumb\":{\"@id\":\"https:\/\/creddo.com\/se\/langivare\/aros-kapital\/#breadcrumb\"},\"inLanguage\":\"sv-SE\",\"potentialAction\":[{\"@type\":\"ReadAction\",\"target\":[\"https:\/\/creddo.com\/se\/langivare\/aros-kapital\/\"]}]},{\"@type\":\"BreadcrumbList\",\"@id\":\"https:\/\/creddo.com\/se\/langivare\/aros-kapital\/#breadcrumb\",\"itemListElement\":[{\"@type\":\"ListItem\",\"position\":1,\"name\":\"Creddo.com\",\"item\":\"https:\/\/creddo.com\/se\/\"},{\"@type\":\"ListItem\",\"position\":2,\"name\":\"L\u00e5ngivare\",\"item\":\"https:\/\/creddo.com\/se\/langivare\/\"},{\"@type\":\"ListItem\",\"position\":3,\"name\":\"Aros Kapital\"}]},{\"@type\":\"WebSite\",\"@id\":\"https:\/\/creddo.com\/se\/#website\",\"url\":\"https:\/\/creddo.com\/se\/\",\"name\":\"Creddo\",\"description\":\"J\u00e4mf\u00f6r f\u00f6retagsl\u00e5n upp till 10 miljoner\",\"publisher\":{\"@id\":\"https:\/\/creddo.com\/se\/#organization\"},\"potentialAction\":[{\"@type\":\"SearchAction\",\"target\":{\"@type\":\"EntryPoint\",\"urlTemplate\":\"https:\/\/creddo.com\/se\/?s={search_term_string}\"},\"query-input\":{\"@type\":\"PropertyValueSpecification\",\"valueRequired\":true,\"valueName\":\"search_term_string\"}}],\"inLanguage\":\"sv-SE\"},{\"@type\":\"Organization\",\"@id\":\"https:\/\/creddo.com\/se\/#organization\",\"name\":\"Creddo AB\",\"url\":\"https:\/\/creddo.com\/se\/\",\"logo\":{\"@type\":\"ImageObject\",\"inLanguage\":\"sv-SE\",\"@id\":\"https:\/\/creddo.com\/se\/#\/schema\/logo\/image\/\",\"url\":\"https:\/\/creddo.com\/se\/wp-content\/uploads\/2024\/04\/Creddo-logo-square.png\",\"contentUrl\":\"https:\/\/creddo.com\/se\/wp-content\/uploads\/2024\/04\/Creddo-logo-square.png\",\"width\":720,\"height\":720,\"caption\":\"Creddo AB\"},\"image\":{\"@id\":\"https:\/\/creddo.com\/se\/#\/schema\/logo\/image\/\"},\"sameAs\":[\"https:\/\/www.facebook.com\/creddose\",\"https:\/\/www.linkedin.com\/company\/creddo-ab\/\"]}]}<\/script>\n<!-- \/ Yoast SEO Premium plugin. -->","yoast_head_json":{"title":"Aros Kapital - L\u00e5n f\u00f6r sm\u00e5 och medelstora f\u00f6retag Creddo","description":"Aros Kapital kan via Creddo erbjuda f\u00f6retagare upp till 5 miljoner kr med en l\u00f6ptid p\u00e5 upp till 60 m\u00e5nader. L\u00e4gsta r\u00e4ntan f\u00f6r f\u00f6retagsl\u00e5n.","robots":{"index":"index","follow":"follow","max-snippet":"max-snippet:-1","max-image-preview":"max-image-preview:large","max-video-preview":"max-video-preview:-1"},"canonical":"https:\/\/creddo.com\/se\/langivare\/aros-kapital\/","og_locale":"sv_SE","og_type":"article","og_title":"Aros Kapital","og_description":"Kort om Aros Kapital - F\u00f6retagsl\u00e5n direkt med EU-st\u00f6d L\u00e5n upp till 550 000 kr med Aros Kapital Upp till 60 m\u00e5naders l\u00f6ptid Enbart 20% personligt","og_url":"https:\/\/creddo.com\/se\/langivare\/aros-kapital\/","og_site_name":"Creddo","article_publisher":"https:\/\/www.facebook.com\/creddose","article_modified_time":"2025-12-30T14:10:20+00:00","og_image":[{"width":1200,"height":630,"url":"https:\/\/creddo.com\/se\/wp-content\/uploads\/2024\/07\/52.jpg","type":"image\/jpeg"}],"twitter_card":"summary_large_image","twitter_misc":{"Ber\u00e4knad l\u00e4stid":"3 minuter"},"schema":{"@context":"https:\/\/schema.org","@graph":[{"@type":"WebPage","@id":"https:\/\/creddo.com\/se\/langivare\/aros-kapital\/","url":"https:\/\/creddo.com\/se\/langivare\/aros-kapital\/","name":"Aros Kapital - L\u00e5n f\u00f6r sm\u00e5 och medelstora f\u00f6retag Creddo","isPartOf":{"@id":"https:\/\/creddo.com\/se\/#website"},"datePublished":"2023-07-26T12:22:28+00:00","dateModified":"2025-12-30T14:10:20+00:00","description":"Aros Kapital kan via Creddo erbjuda f\u00f6retagare upp till 5 miljoner kr med en l\u00f6ptid p\u00e5 upp till 60 m\u00e5nader. L\u00e4gsta r\u00e4ntan f\u00f6r f\u00f6retagsl\u00e5n.","breadcrumb":{"@id":"https:\/\/creddo.com\/se\/langivare\/aros-kapital\/#breadcrumb"},"inLanguage":"sv-SE","potentialAction":[{"@type":"ReadAction","target":["https:\/\/creddo.com\/se\/langivare\/aros-kapital\/"]}]},{"@type":"BreadcrumbList","@id":"https:\/\/creddo.com\/se\/langivare\/aros-kapital\/#breadcrumb","itemListElement":[{"@type":"ListItem","position":1,"name":"Creddo.com","item":"https:\/\/creddo.com\/se\/"},{"@type":"ListItem","position":2,"name":"L\u00e5ngivare","item":"https:\/\/creddo.com\/se\/langivare\/"},{"@type":"ListItem","position":3,"name":"Aros Kapital"}]},{"@type":"WebSite","@id":"https:\/\/creddo.com\/se\/#website","url":"https:\/\/creddo.com\/se\/","name":"Creddo","description":"J\u00e4mf\u00f6r f\u00f6retagsl\u00e5n upp till 10 miljoner","publisher":{"@id":"https:\/\/creddo.com\/se\/#organization"},"potentialAction":[{"@type":"SearchAction","target":{"@type":"EntryPoint","urlTemplate":"https:\/\/creddo.com\/se\/?s={search_term_string}"},"query-input":{"@type":"PropertyValueSpecification","valueRequired":true,"valueName":"search_term_string"}}],"inLanguage":"sv-SE"},{"@type":"Organization","@id":"https:\/\/creddo.com\/se\/#organization","name":"Creddo AB","url":"https:\/\/creddo.com\/se\/","logo":{"@type":"ImageObject","inLanguage":"sv-SE","@id":"https:\/\/creddo.com\/se\/#\/schema\/logo\/image\/","url":"https:\/\/creddo.com\/se\/wp-content\/uploads\/2024\/04\/Creddo-logo-square.png","contentUrl":"https:\/\/creddo.com\/se\/wp-content\/uploads\/2024\/04\/Creddo-logo-square.png","width":720,"height":720,"caption":"Creddo AB"},"image":{"@id":"https:\/\/creddo.com\/se\/#\/schema\/logo\/image\/"},"sameAs":["https:\/\/www.facebook.com\/creddose","https:\/\/www.linkedin.com\/company\/creddo-ab\/"]}]}},"lang":"sv","translations":{"sv":2897},"pll_sync_post":[],"_links":{"self":[{"href":"https:\/\/creddo.com\/se\/wp-json\/wp\/v2\/pages\/2897","targetHints":{"allow":["GET"]}}],"collection":[{"href":"https:\/\/creddo.com\/se\/wp-json\/wp\/v2\/pages"}],"about":[{"href":"https:\/\/creddo.com\/se\/wp-json\/wp\/v2\/types\/page"}],"author":[{"embeddable":true,"href":"https:\/\/creddo.com\/se\/wp-json\/wp\/v2\/users\/13"}],"replies":[{"embeddable":true,"href":"https:\/\/creddo.com\/se\/wp-json\/wp\/v2\/comments?post=2897"}],"version-history":[{"count":8,"href":"https:\/\/creddo.com\/se\/wp-json\/wp\/v2\/pages\/2897\/revisions"}],"predecessor-version":[{"id":5358,"href":"https:\/\/creddo.com\/se\/wp-json\/wp\/v2\/pages\/2897\/revisions\/5358"}],"up":[{"embeddable":true,"href":"https:\/\/creddo.com\/se\/wp-json\/wp\/v2\/pages\/2896"}],"wp:attachment":[{"href":"https:\/\/creddo.com\/se\/wp-json\/wp\/v2\/media?parent=2897"}],"curies":[{"name":"wp","href":"https:\/\/api.w.org\/{rel}","templated":true}]}}