{"id":2898,"date":"2023-07-26T14:28:38","date_gmt":"2023-07-26T12:28:38","guid":{"rendered":"https:\/\/stage.creddo.com\/se\/?page_id=2862"},"modified":"2025-12-16T15:42:26","modified_gmt":"2025-12-16T14:42:26","slug":"approva-foretagslan","status":"publish","type":"page","link":"https:\/\/creddo.com\/se\/langivare\/approva\/","title":{"rendered":"Approva"},"content":{"rendered":"\n<h2 class=\"wp-block-heading\" id=\"h-kort-om-approva-foretagslan\"><strong><strong><strong>Kort om Approva f\u00f6retagsl\u00e5n<\/strong><\/strong><\/strong><\/h2>\n\n\n\n<p><\/p>\n\n\n\n<ul class=\"wp-block-list\">\n<li>Med Approva f\u00f6retagsl\u00e5n kan du l\u00e5na mellan 30 000 kr &#8211; 300 000 kr<\/li>\n\n\n\n<li>3 &#8211; 36 m\u00e5naders l\u00f6ptid p\u00e5 Approva l\u00e5n<\/li>\n\n\n\n<li>Alla bolagsformer \u00e4r v\u00e4lkomna<\/li>\n\n\n\n<li>Beslut och utbetalning samma dag<\/li>\n\n\n\n<li>Ans\u00f6kan \u00e4r inte bindande<\/li>\n<\/ul>\n\n\n\n<p><\/p>\n\n\n\n<p>Det \u00e4r m\u00f6jligt att ans\u00f6ka om <a href=\"https:\/\/creddo.com\/se\/foretagslan\/\">f\u00f6retagsl\u00e5n<\/a> till ditt f\u00f6retag p\u00e5 mellan 30 000 &#8211; 300 000 kronor hos Approva genom Creddo. Ans\u00f6kan \u00e4r inte bindande och du kan ans\u00f6ka om l\u00e5net oavsett om du har en enskild firma, aktiebolag, handelsbolag samt kommanditbolag. Bolaget beh\u00f6ver vara registrerat i Sverige och du som ans\u00f6ker beh\u00f6ver vara folkbokf\u00f6rd i Sverige f\u00f6r att f\u00e5 f\u00f6retagsl\u00e5n fr\u00e5n Approva. M\u00f6jligheten till l\u00e5n hos Approva \u00e4r \u00f6ppen f\u00f6r alla bolagsformer, vilket underl\u00e4ttar processen f\u00f6r dem som ser f\u00f6rdelarna med Approva f\u00f6retagsl\u00e5n.<\/p>\n\n\n\n<h2 class=\"wp-block-heading\" id=\"h-lan-till-nystartade-foretag\"><strong><strong><strong>L\u00e5n till nystartade f\u00f6retag<\/strong><\/strong><\/strong><\/h2>\n\n\n\n<p>Approva har m\u00f6jlighet att erbjuda l\u00e5n till <a href=\"https:\/\/creddo.com\/se\/foretagslan\/foretagslan-till-nystartat-foretag\/\">nystartade f\u00f6retag<\/a>. Man tittar och bed\u00f6mer varje f\u00f6retags individuella f\u00f6ruts\u00e4ttningar f\u00f6r att hitta b\u00e4sta m\u00f6jlig l\u00f6sning f\u00f6r varje f\u00f6retag. Hos Approva betalar man en fast m\u00e5nadskostnad d\u00e4r amortering och avgift \u00e4r densamma under hela l\u00f6ptiden. Att \u00f6verv\u00e4ga l\u00e5net fr\u00e5n Approva kan vara klokt d\u00e5 det ger flexibilitet, s\u00e4rskilt f\u00f6r dem som t\u00e4nker p\u00e5 Approva f\u00f6retagsl\u00e5n som ett alternativ.<\/p>\n\n\n\n<p><\/p>\n\n\n\n<p>Hos Approva s\u00e5 kan man v\u00e4lja mellan 3 till 36 m\u00e5nader l\u00f6ptid p\u00e5 l\u00e5net. Skulle du vilja \u00e5terbetala l\u00e5net i f\u00f6rtid s\u00e5 tillkommer det inga extra kostnader, utan du kan f\u00f6rtidsl\u00f6sa n\u00e4r du vill och du betalar enbart f\u00f6r tiden som du nyttjat l\u00e5net. N\u00e4r du \u00f6verv\u00e4ger ett l\u00e5n via Approva, t\u00e4nk p\u00e5 att detta ger flexibilitet att betala tillbaka utan extra kostnad och att Approva f\u00f6retagsl\u00e5n \u00e4r en m\u00f6jlighet v\u00e4rd att unders\u00f6ka.<\/p>\n\n\n\n<p><\/p>\n\n\n\n<h2 class=\"wp-block-heading\" id=\"h-foretagslan-utan-sakerhet\"><strong>F\u00f6retagsl\u00e5n utan s\u00e4kerhet<\/strong><\/h2>\n\n\n\n<p>Hos Approva s\u00e5 kr\u00e4ver de ofta personlig borgen som s\u00e4kerhet, ut\u00f6ver det s\u00e5 beh\u00f6ver du inte kr\u00e5ngla med andra s\u00e4kerheter. Denna process \u00e4r en viktig del f\u00f6r dem som funderar p\u00e5 att ta Approva f\u00f6retagsl\u00e5n f\u00f6r att minska kr\u00e5nglet.<\/p>\n\n\n\n<p><\/p>\n\n\n\n<h2 class=\"wp-block-heading\" id=\"h-varfor-ska-man-jamfora-foretagslan-med-creddo\"><strong>Varf\u00f6r ska man j\u00e4mf\u00f6ra f\u00f6retagsl\u00e5n med Creddo?<\/strong><\/h2>\n\n\n\n<p>N\u00e4r du ans\u00f6ker om ett f\u00f6retagsl\u00e5n hos Creddo s\u00e5 har du m\u00f6jlighet att f\u00e5 flera erbjudanden, men det registreras bara en kreditupplysning via UC. Approva tar \u00e4ven en kompletterande upplysning via Bisnode, men detta p\u00e5verkar inte din kreditv\u00e4rdighet. Via Creddo s\u00e5 f\u00e5r du en bra \u00f6verblick p\u00e5 vilka erbjudanden du f\u00e5r och vilket som passar dig och ditt f\u00f6retag b\u00e4st. Ut\u00f6ver detta s\u00e5 ist\u00e4llet f\u00f6r att ans\u00f6ka hos varje l\u00e5ngivare s\u00e5 sparar du b\u00e5de tid och energi genom att samla din ans\u00f6kan p\u00e5 samma st\u00e4lle.&nbsp;Approva f\u00f6retagsl\u00e5n kan ses som en del av dessa erbjudanden.<\/p>\n\n\n\n<p><\/p>\n\n\n\n<p>Vi p\u00e5 Creddo tar inte ut n\u00e5gon avgift mot dig som f\u00f6retagare, utan f\u00e5r ist\u00e4llet en ers\u00e4ttning fr\u00e5n l\u00e5ngivaren vid utbetalt l\u00e5n som en del av v\u00e5r tj\u00e4nst. T\u00e4nk p\u00e5 att l\u00e5nel\u00f6sningar fr\u00e5n Approva f\u00f6retagsl\u00e5n kan ge dig m\u00f6jlighet till en flexibel l\u00f6sning, vilket g\u00f6r Approva f\u00f6retagsl\u00e5n till ett attraktivt alternativ.<\/p>\n\n\n\n<h2 class=\"wp-block-heading\" id=\"h-sammanfattning-approva-foretagslan\"><strong><strong>Sammanfattning Approva<\/strong><\/strong> f\u00f6retagsl\u00e5n<\/h2>\n\n\n\n<p><\/p>\n\n\n\n<figure class=\"wp-block-table is-style-stripes\"><table class=\"has-fixed-layout\"><tbody><tr><td>L\u00e5nebelopp<\/td><td>10 000 &#8211; 300 000 kr<\/td><\/tr><tr><td>L\u00f6ptid<\/td><td>3 &#8211; 36 m\u00e5nader<\/td><\/tr><tr><td>Uppl\u00e4ggningsavgift<\/td><td>Nej<\/td><\/tr><tr><td>Personlig borgen<\/td><td>Ja<\/td><\/tr><tr><td>Aviavgift<\/td><td>Nej<\/td><\/tr><tr><td>Autogiro<\/td><td>Ja<\/td><\/tr><tr><td>Komplettering<\/td><td>Ja, ibland<\/td><\/tr><tr><td>BankID<\/td><td>Ja<\/td><\/tr><\/tbody><\/table><\/figure>\n","protected":false},"excerpt":{"rendered":"<p>Kort om Approva f\u00f6retagsl\u00e5n Det \u00e4r m\u00f6jligt att ans\u00f6ka om f\u00f6retagsl\u00e5n till ditt f\u00f6retag p\u00e5 mellan 30 000 &#8211; 300 000 kronor hos Approva genom Creddo. Ans\u00f6kan \u00e4r inte bindande och du kan ans\u00f6ka om l\u00e5net oavsett om du har en enskild firma, aktiebolag, handelsbolag samt kommanditbolag. Bolaget beh\u00f6ver vara registrerat i Sverige och du [&hellip;]<\/p>\n","protected":false},"author":13,"featured_media":0,"parent":2896,"menu_order":0,"comment_status":"closed","ping_status":"closed","template":"empty-page-with-slider.php","meta":{"_acf_changed":false,"footnotes":""},"class_list":["post-2898","page","type-page","status-publish","hentry"],"acf":[],"yoast_head":"<!-- This site is optimized with the Yoast SEO Premium plugin v26.6 (Yoast SEO v26.8) - https:\/\/yoast.com\/product\/yoast-seo-premium-wordpress\/ -->\n<title>Approva f\u00f6retagsl\u00e5n - L\u00e5n till sm\u00e5 och medelstora f\u00f6retag<\/title>\n<meta name=\"description\" content=\"F\u00e5 erbjudanden fr\u00e5n \u00f6ver 25 l\u00e5ngivare med en ans\u00f6kan. L\u00e5nebelopp 30 000 kr - 300 000 kr. Ans\u00f6k nu och f\u00e5 svar. Approva f\u00f6retagsl\u00e5n\" \/>\n<meta name=\"robots\" content=\"index, follow, max-snippet:-1, max-image-preview:large, max-video-preview:-1\" \/>\n<link rel=\"canonical\" href=\"https:\/\/creddo.com\/se\/langivare\/approva\/\" \/>\n<meta property=\"og:locale\" content=\"sv_SE\" \/>\n<meta property=\"og:type\" content=\"article\" \/>\n<meta property=\"og:title\" content=\"Approva\" \/>\n<meta property=\"og:description\" content=\"Kort om Approva f\u00f6retagsl\u00e5n Med Approva f\u00f6retagsl\u00e5n kan du l\u00e5na mellan 30 000 kr - 300 000 kr 3 - 36 m\u00e5naders l\u00f6ptid p\u00e5 Approva l\u00e5n Alla bolagsformer \u00e4r\" \/>\n<meta property=\"og:url\" content=\"https:\/\/creddo.com\/se\/langivare\/approva\/\" \/>\n<meta property=\"og:site_name\" content=\"Creddo\" \/>\n<meta property=\"article:publisher\" content=\"https:\/\/www.facebook.com\/creddose\" \/>\n<meta property=\"article:modified_time\" content=\"2025-12-16T14:42:26+00:00\" \/>\n<meta property=\"og:image\" content=\"https:\/\/creddo.com\/se\/wp-content\/uploads\/2024\/07\/52.jpg\" \/>\n\t<meta property=\"og:image:width\" content=\"1200\" \/>\n\t<meta property=\"og:image:height\" content=\"630\" \/>\n\t<meta property=\"og:image:type\" content=\"image\/jpeg\" \/>\n<meta name=\"twitter:card\" content=\"summary_large_image\" \/>\n<meta name=\"twitter:label1\" content=\"Ber\u00e4knad l\u00e4stid\" \/>\n\t<meta name=\"twitter:data1\" content=\"3 minuter\" \/>\n<script type=\"application\/ld+json\" class=\"yoast-schema-graph\">{\"@context\":\"https:\/\/schema.org\",\"@graph\":[{\"@type\":\"WebPage\",\"@id\":\"https:\/\/creddo.com\/se\/langivare\/approva\/\",\"url\":\"https:\/\/creddo.com\/se\/langivare\/approva\/\",\"name\":\"Approva f\u00f6retagsl\u00e5n - L\u00e5n till sm\u00e5 och medelstora f\u00f6retag\",\"isPartOf\":{\"@id\":\"https:\/\/creddo.com\/se\/#website\"},\"datePublished\":\"2023-07-26T12:28:38+00:00\",\"dateModified\":\"2025-12-16T14:42:26+00:00\",\"description\":\"F\u00e5 erbjudanden fr\u00e5n \u00f6ver 25 l\u00e5ngivare med en ans\u00f6kan. L\u00e5nebelopp 30 000 kr - 300 000 kr. Ans\u00f6k nu och f\u00e5 svar. Approva f\u00f6retagsl\u00e5n\",\"breadcrumb\":{\"@id\":\"https:\/\/creddo.com\/se\/langivare\/approva\/#breadcrumb\"},\"inLanguage\":\"sv-SE\",\"potentialAction\":[{\"@type\":\"ReadAction\",\"target\":[\"https:\/\/creddo.com\/se\/langivare\/approva\/\"]}]},{\"@type\":\"BreadcrumbList\",\"@id\":\"https:\/\/creddo.com\/se\/langivare\/approva\/#breadcrumb\",\"itemListElement\":[{\"@type\":\"ListItem\",\"position\":1,\"name\":\"Creddo.com\",\"item\":\"https:\/\/creddo.com\/se\/\"},{\"@type\":\"ListItem\",\"position\":2,\"name\":\"L\u00e5ngivare\",\"item\":\"https:\/\/creddo.com\/se\/langivare\/\"},{\"@type\":\"ListItem\",\"position\":3,\"name\":\"Approva\"}]},{\"@type\":\"WebSite\",\"@id\":\"https:\/\/creddo.com\/se\/#website\",\"url\":\"https:\/\/creddo.com\/se\/\",\"name\":\"Creddo\",\"description\":\"J\u00e4mf\u00f6r f\u00f6retagsl\u00e5n upp till 10 miljoner\",\"publisher\":{\"@id\":\"https:\/\/creddo.com\/se\/#organization\"},\"potentialAction\":[{\"@type\":\"SearchAction\",\"target\":{\"@type\":\"EntryPoint\",\"urlTemplate\":\"https:\/\/creddo.com\/se\/?s={search_term_string}\"},\"query-input\":{\"@type\":\"PropertyValueSpecification\",\"valueRequired\":true,\"valueName\":\"search_term_string\"}}],\"inLanguage\":\"sv-SE\"},{\"@type\":\"Organization\",\"@id\":\"https:\/\/creddo.com\/se\/#organization\",\"name\":\"Creddo AB\",\"url\":\"https:\/\/creddo.com\/se\/\",\"logo\":{\"@type\":\"ImageObject\",\"inLanguage\":\"sv-SE\",\"@id\":\"https:\/\/creddo.com\/se\/#\/schema\/logo\/image\/\",\"url\":\"https:\/\/creddo.com\/se\/wp-content\/uploads\/2024\/04\/Creddo-logo-square.png\",\"contentUrl\":\"https:\/\/creddo.com\/se\/wp-content\/uploads\/2024\/04\/Creddo-logo-square.png\",\"width\":720,\"height\":720,\"caption\":\"Creddo AB\"},\"image\":{\"@id\":\"https:\/\/creddo.com\/se\/#\/schema\/logo\/image\/\"},\"sameAs\":[\"https:\/\/www.facebook.com\/creddose\",\"https:\/\/www.linkedin.com\/company\/creddo-ab\/\"]}]}<\/script>\n<!-- \/ Yoast SEO Premium plugin. -->","yoast_head_json":{"title":"Approva f\u00f6retagsl\u00e5n - L\u00e5n till sm\u00e5 och medelstora f\u00f6retag","description":"F\u00e5 erbjudanden fr\u00e5n \u00f6ver 25 l\u00e5ngivare med en ans\u00f6kan. L\u00e5nebelopp 30 000 kr - 300 000 kr. Ans\u00f6k nu och f\u00e5 svar. Approva f\u00f6retagsl\u00e5n","robots":{"index":"index","follow":"follow","max-snippet":"max-snippet:-1","max-image-preview":"max-image-preview:large","max-video-preview":"max-video-preview:-1"},"canonical":"https:\/\/creddo.com\/se\/langivare\/approva\/","og_locale":"sv_SE","og_type":"article","og_title":"Approva","og_description":"Kort om Approva f\u00f6retagsl\u00e5n Med Approva f\u00f6retagsl\u00e5n kan du l\u00e5na mellan 30 000 kr - 300 000 kr 3 - 36 m\u00e5naders l\u00f6ptid p\u00e5 Approva l\u00e5n Alla bolagsformer \u00e4r","og_url":"https:\/\/creddo.com\/se\/langivare\/approva\/","og_site_name":"Creddo","article_publisher":"https:\/\/www.facebook.com\/creddose","article_modified_time":"2025-12-16T14:42:26+00:00","og_image":[{"width":1200,"height":630,"url":"https:\/\/creddo.com\/se\/wp-content\/uploads\/2024\/07\/52.jpg","type":"image\/jpeg"}],"twitter_card":"summary_large_image","twitter_misc":{"Ber\u00e4knad l\u00e4stid":"3 minuter"},"schema":{"@context":"https:\/\/schema.org","@graph":[{"@type":"WebPage","@id":"https:\/\/creddo.com\/se\/langivare\/approva\/","url":"https:\/\/creddo.com\/se\/langivare\/approva\/","name":"Approva f\u00f6retagsl\u00e5n - L\u00e5n till sm\u00e5 och medelstora f\u00f6retag","isPartOf":{"@id":"https:\/\/creddo.com\/se\/#website"},"datePublished":"2023-07-26T12:28:38+00:00","dateModified":"2025-12-16T14:42:26+00:00","description":"F\u00e5 erbjudanden fr\u00e5n \u00f6ver 25 l\u00e5ngivare med en ans\u00f6kan. L\u00e5nebelopp 30 000 kr - 300 000 kr. Ans\u00f6k nu och f\u00e5 svar. Approva f\u00f6retagsl\u00e5n","breadcrumb":{"@id":"https:\/\/creddo.com\/se\/langivare\/approva\/#breadcrumb"},"inLanguage":"sv-SE","potentialAction":[{"@type":"ReadAction","target":["https:\/\/creddo.com\/se\/langivare\/approva\/"]}]},{"@type":"BreadcrumbList","@id":"https:\/\/creddo.com\/se\/langivare\/approva\/#breadcrumb","itemListElement":[{"@type":"ListItem","position":1,"name":"Creddo.com","item":"https:\/\/creddo.com\/se\/"},{"@type":"ListItem","position":2,"name":"L\u00e5ngivare","item":"https:\/\/creddo.com\/se\/langivare\/"},{"@type":"ListItem","position":3,"name":"Approva"}]},{"@type":"WebSite","@id":"https:\/\/creddo.com\/se\/#website","url":"https:\/\/creddo.com\/se\/","name":"Creddo","description":"J\u00e4mf\u00f6r f\u00f6retagsl\u00e5n upp till 10 miljoner","publisher":{"@id":"https:\/\/creddo.com\/se\/#organization"},"potentialAction":[{"@type":"SearchAction","target":{"@type":"EntryPoint","urlTemplate":"https:\/\/creddo.com\/se\/?s={search_term_string}"},"query-input":{"@type":"PropertyValueSpecification","valueRequired":true,"valueName":"search_term_string"}}],"inLanguage":"sv-SE"},{"@type":"Organization","@id":"https:\/\/creddo.com\/se\/#organization","name":"Creddo AB","url":"https:\/\/creddo.com\/se\/","logo":{"@type":"ImageObject","inLanguage":"sv-SE","@id":"https:\/\/creddo.com\/se\/#\/schema\/logo\/image\/","url":"https:\/\/creddo.com\/se\/wp-content\/uploads\/2024\/04\/Creddo-logo-square.png","contentUrl":"https:\/\/creddo.com\/se\/wp-content\/uploads\/2024\/04\/Creddo-logo-square.png","width":720,"height":720,"caption":"Creddo AB"},"image":{"@id":"https:\/\/creddo.com\/se\/#\/schema\/logo\/image\/"},"sameAs":["https:\/\/www.facebook.com\/creddose","https:\/\/www.linkedin.com\/company\/creddo-ab\/"]}]}},"lang":"sv","translations":{"sv":2898},"pll_sync_post":[],"_links":{"self":[{"href":"https:\/\/creddo.com\/se\/wp-json\/wp\/v2\/pages\/2898","targetHints":{"allow":["GET"]}}],"collection":[{"href":"https:\/\/creddo.com\/se\/wp-json\/wp\/v2\/pages"}],"about":[{"href":"https:\/\/creddo.com\/se\/wp-json\/wp\/v2\/types\/page"}],"author":[{"embeddable":true,"href":"https:\/\/creddo.com\/se\/wp-json\/wp\/v2\/users\/13"}],"replies":[{"embeddable":true,"href":"https:\/\/creddo.com\/se\/wp-json\/wp\/v2\/comments?post=2898"}],"version-history":[{"count":7,"href":"https:\/\/creddo.com\/se\/wp-json\/wp\/v2\/pages\/2898\/revisions"}],"predecessor-version":[{"id":5278,"href":"https:\/\/creddo.com\/se\/wp-json\/wp\/v2\/pages\/2898\/revisions\/5278"}],"up":[{"embeddable":true,"href":"https:\/\/creddo.com\/se\/wp-json\/wp\/v2\/pages\/2896"}],"wp:attachment":[{"href":"https:\/\/creddo.com\/se\/wp-json\/wp\/v2\/media?parent=2898"}],"curies":[{"name":"wp","href":"https:\/\/api.w.org\/{rel}","templated":true}]}}