{"id":2900,"date":"2023-07-26T14:34:21","date_gmt":"2023-07-26T12:34:21","guid":{"rendered":"https:\/\/stage.creddo.com\/se\/?page_id=2881"},"modified":"2025-12-29T14:22:17","modified_gmt":"2025-12-29T13:22:17","slug":"capitalbox","status":"publish","type":"page","link":"https:\/\/creddo.com\/se\/langivare\/capitalbox\/","title":{"rendered":"CapitalBox"},"content":{"rendered":"\n<h2 class=\"wp-block-heading\" id=\"h-kort-om-capitalbox-foretagslan\"><strong><strong><strong><strong><strong>Kort om CapitalBox f\u00f6retagsl\u00e5n<\/strong><\/strong><\/strong><\/strong><\/strong><\/h2>\n\n\n\n<p><\/p>\n\n\n\n<ul class=\"wp-block-list\">\n<li>Du kan ans\u00f6ka om upp till 5 000 000 kr via Creddo och utforska finansieringsalternativ som erbjuds av CapitalBox.<\/li>\n\n\n\n<li>Upp till 48 m\u00e5naders l\u00f6ptid hos CapitalBox<\/li>\n\n\n\n<li>F\u00f6rtidsl\u00f6sen utan extra kostnad<\/li>\n\n\n\n<li>Erbjuder l\u00e5n men \u00e4ven checkkredit l\u00f6sningar till f\u00f6retag<\/li>\n<\/ul>\n\n\n\n<p><\/p>\n\n\n\n<p>Hos Creddo s\u00e5 \u00e4r det m\u00f6jligt att ans\u00f6ka om <a href=\"https:\/\/creddo.com\/se\/foretagslan\/\">f\u00f6retagsl\u00e5n<\/a> fr\u00e5n 20 000 kr upp till 5 000 000 kr via Creddo. F\u00f6r att kunna ans\u00f6ka om ett l\u00e5n s\u00e5 beh\u00f6ver f\u00f6retagets \u00e4gare vara folkbokf\u00f6rd i Sverige, ha ett bolag registrerat hos bolagsverket samt varit aktiv i minst 6 m\u00e5nader. Ut\u00f6ver ovan s\u00e5 beh\u00f6ver du \u00e4ven ha minst 500 000 kr i oms\u00e4ttning f\u00f6r att kunna ha m\u00f6jligheten att bli beviljad ett f\u00f6retagsl\u00e5n.<\/p>\n\n\n\n<p><\/p>\n\n\n\n<p>Hos CapitalBox kan man ans\u00f6ka om mellan 6 &#8211; 48 m\u00e5nader l\u00f6ptid och \u00e5terbetalning av amortering och r\u00e4nta sker m\u00e5nadsvis. Skulle du vilja \u00e5terbetala l\u00e5net i f\u00f6rtid s\u00e5 tillkommer det inga extra kostnader, utan du kan f\u00f6rtidsl\u00f6sa n\u00e4r du vill och du betalar enbart f\u00f6r tiden som du nyttjat l\u00e5net. <a href=\"https:\/\/creddo.com\/se\/foretagslan\/ranta\/\">R\u00e4ntan p\u00e5 ditt f\u00f6retagsl\u00e5n <\/a>beror p\u00e5 ditt bolags kreditv\u00e4rdighet och vid godk\u00e4nnande s\u00e5 betalas l\u00e5net ut samma dag. Capitalbox erbjuder \u00e4ven en checkkredit l\u00f6sning  d\u00e4r uu kan ta ut pengar n\u00e4r som helst och betala endast r\u00e4nta p\u00e5 den del av krediten som du utnyttjar.<\/p>\n\n\n\n<p><\/p>\n\n\n\n<h2 class=\"wp-block-heading\" id=\"h-foretagslan-utan-sakerhet\"><strong><strong><strong><strong>F\u00f6retagsl\u00e5n utan s\u00e4kerhet<\/strong><\/strong><\/strong><\/strong><\/h2>\n\n\n\n<p>Hos CapitalBox s\u00e5 kr\u00e4ver de ofta <a href=\"https:\/\/creddo.com\/se\/foretagslan\/personlig-borgen\/\">personlig borgen<\/a> som s\u00e4kerhet, ut\u00f6ver det s\u00e5 beh\u00f6ver du inte kr\u00e5ngla med andra s\u00e4kerheter.<\/p>\n\n\n\n<p><\/p>\n\n\n\n<h2 class=\"wp-block-heading\" id=\"h-varfor-ska-man-jamfora-foretagslan-med-creddo\"><strong>Varf\u00f6r ska man j\u00e4mf\u00f6ra f\u00f6retagsl\u00e5n med Creddo?<\/strong><\/h2>\n\n\n\n<p>N\u00e4r du ans\u00f6ker om ett f\u00f6retagsl\u00e5n hos Creddo s\u00e5 har du m\u00f6jlighet att f\u00e5 flera erbjudanden bland annat fr\u00e5n CapitalBox, men det registreras bara en kreditupplysning via UC. Via Creddo s\u00e5 f\u00e5r du en bra \u00f6verblick p\u00e5 vilka erbjudanden du f\u00e5r och vilket som passar dig och ditt f\u00f6retag b\u00e4st. Ut\u00f6ver detta s\u00e5 ist\u00e4llet f\u00f6r att ans\u00f6ka hos varje l\u00e5ngivare s\u00e5 sparar du b\u00e5de tid och energi genom att samla din ans\u00f6kan p\u00e5 samma st\u00e4lle.\u00a0<\/p>\n\n\n\n<p><\/p>\n\n\n\n<p>Vi p\u00e5 Creddo tar inte ut n\u00e5gon avgift mot dig som f\u00f6retagare, utan f\u00e5r ist\u00e4llet en ers\u00e4ttning fr\u00e5n l\u00e5ngivaren vid utbetalt l\u00e5n.<\/p>\n\n\n\n<p><\/p>\n\n\n\n<h2 class=\"wp-block-heading\" id=\"h-sammanfattning-capitalbox\"><strong><strong><strong>Sammanfattning <strong>CapitalBox<\/strong><\/strong><\/strong><\/strong><\/h2>\n\n\n\n<p><\/p>\n\n\n\n<figure class=\"wp-block-table is-style-stripes\"><table class=\"has-fixed-layout\"><tbody><tr><td>L\u00e5nebelopp<\/td><td>20 000 &#8211; 5 000 000 kr<\/td><\/tr><tr><td>L\u00f6ptid<\/td><td>6 &#8211; 48 m\u00e5nader<\/td><\/tr><tr><td>Uppl\u00e4ggningsavgift<\/td><td>Nej<\/td><\/tr><tr><td>Personlig borgen<\/td><td>Ja<\/td><\/tr><tr><td>Aviavgift<\/td><td>Nej<\/td><\/tr><tr><td>Autogiro<\/td><td>Ja<\/td><\/tr><tr><td>Komplettering<\/td><td>Ja<\/td><\/tr><tr><td>BankID<\/td><td>Ja<\/td><\/tr><\/tbody><\/table><\/figure>\n","protected":false},"excerpt":{"rendered":"<p>Kort om CapitalBox f\u00f6retagsl\u00e5n Hos Creddo s\u00e5 \u00e4r det m\u00f6jligt att ans\u00f6ka om f\u00f6retagsl\u00e5n fr\u00e5n 20 000 kr upp till 5 000 000 kr via Creddo. F\u00f6r att kunna ans\u00f6ka om ett l\u00e5n s\u00e5 beh\u00f6ver f\u00f6retagets \u00e4gare vara folkbokf\u00f6rd i Sverige, ha ett bolag registrerat hos bolagsverket samt varit aktiv i minst 6 m\u00e5nader. Ut\u00f6ver [&hellip;]<\/p>\n","protected":false},"author":13,"featured_media":0,"parent":2896,"menu_order":0,"comment_status":"closed","ping_status":"closed","template":"empty-page-with-slider.php","meta":{"_acf_changed":false,"_uag_custom_page_level_css":"","footnotes":""},"class_list":["post-2900","page","type-page","status-publish","hentry"],"acf":[],"yoast_head":"<!-- This site is optimized with the Yoast SEO Premium plugin v26.6 (Yoast SEO v26.8) - https:\/\/yoast.com\/product\/yoast-seo-premium-wordpress\/ -->\n<title>CapitalBox f\u00f6retagsl\u00e5n - L\u00e5na upp till 5 miljoner kr - Creddo<\/title>\n<meta name=\"description\" content=\"CapitalBox via Creddo erbjuder f\u00f6retagare upp till 5 miljoner kr med en l\u00f6ptid p\u00e5 upp till 48 m\u00e5nader. L\u00e4gsta r\u00e4ntan 1 UC.\" \/>\n<meta name=\"robots\" content=\"index, follow, max-snippet:-1, max-image-preview:large, max-video-preview:-1\" \/>\n<link rel=\"canonical\" href=\"https:\/\/creddo.com\/se\/langivare\/capitalbox\/\" \/>\n<meta property=\"og:locale\" content=\"sv_SE\" \/>\n<meta property=\"og:type\" content=\"article\" \/>\n<meta property=\"og:title\" content=\"CapitalBox\" \/>\n<meta property=\"og:description\" content=\"Kort om CapitalBox f\u00f6retagsl\u00e5n Du kan ans\u00f6ka om upp till 5 000 000 kr via Creddo och utforska finansieringsalternativ som erbjuds av CapitalBox. Upp till\" \/>\n<meta property=\"og:url\" content=\"https:\/\/creddo.com\/se\/langivare\/capitalbox\/\" \/>\n<meta property=\"og:site_name\" content=\"Creddo\" \/>\n<meta property=\"article:publisher\" content=\"https:\/\/www.facebook.com\/creddose\" \/>\n<meta property=\"article:modified_time\" content=\"2025-12-29T13:22:17+00:00\" \/>\n<meta property=\"og:image\" content=\"https:\/\/creddo.com\/se\/wp-content\/uploads\/2024\/07\/52.jpg\" \/>\n\t<meta property=\"og:image:width\" content=\"1200\" \/>\n\t<meta property=\"og:image:height\" content=\"630\" \/>\n\t<meta property=\"og:image:type\" content=\"image\/jpeg\" \/>\n<meta name=\"twitter:card\" content=\"summary_large_image\" \/>\n<meta name=\"twitter:label1\" content=\"Ber\u00e4knad l\u00e4stid\" \/>\n\t<meta name=\"twitter:data1\" content=\"2 minuter\" \/>\n<script type=\"application\/ld+json\" class=\"yoast-schema-graph\">{\"@context\":\"https:\/\/schema.org\",\"@graph\":[{\"@type\":\"WebPage\",\"@id\":\"https:\/\/creddo.com\/se\/langivare\/capitalbox\/\",\"url\":\"https:\/\/creddo.com\/se\/langivare\/capitalbox\/\",\"name\":\"CapitalBox f\u00f6retagsl\u00e5n - L\u00e5na upp till 5 miljoner kr - Creddo\",\"isPartOf\":{\"@id\":\"https:\/\/creddo.com\/se\/#website\"},\"datePublished\":\"2023-07-26T12:34:21+00:00\",\"dateModified\":\"2025-12-29T13:22:17+00:00\",\"description\":\"CapitalBox via Creddo erbjuder f\u00f6retagare upp till 5 miljoner kr med en l\u00f6ptid p\u00e5 upp till 48 m\u00e5nader. L\u00e4gsta r\u00e4ntan 1 UC.\",\"breadcrumb\":{\"@id\":\"https:\/\/creddo.com\/se\/langivare\/capitalbox\/#breadcrumb\"},\"inLanguage\":\"sv-SE\",\"potentialAction\":[{\"@type\":\"ReadAction\",\"target\":[\"https:\/\/creddo.com\/se\/langivare\/capitalbox\/\"]}]},{\"@type\":\"BreadcrumbList\",\"@id\":\"https:\/\/creddo.com\/se\/langivare\/capitalbox\/#breadcrumb\",\"itemListElement\":[{\"@type\":\"ListItem\",\"position\":1,\"name\":\"Creddo.com\",\"item\":\"https:\/\/creddo.com\/se\/\"},{\"@type\":\"ListItem\",\"position\":2,\"name\":\"L\u00e5ngivare\",\"item\":\"https:\/\/creddo.com\/se\/langivare\/\"},{\"@type\":\"ListItem\",\"position\":3,\"name\":\"CapitalBox\"}]},{\"@type\":\"WebSite\",\"@id\":\"https:\/\/creddo.com\/se\/#website\",\"url\":\"https:\/\/creddo.com\/se\/\",\"name\":\"Creddo\",\"description\":\"J\u00e4mf\u00f6r f\u00f6retagsl\u00e5n upp till 10 miljoner\",\"publisher\":{\"@id\":\"https:\/\/creddo.com\/se\/#organization\"},\"potentialAction\":[{\"@type\":\"SearchAction\",\"target\":{\"@type\":\"EntryPoint\",\"urlTemplate\":\"https:\/\/creddo.com\/se\/?s={search_term_string}\"},\"query-input\":{\"@type\":\"PropertyValueSpecification\",\"valueRequired\":true,\"valueName\":\"search_term_string\"}}],\"inLanguage\":\"sv-SE\"},{\"@type\":\"Organization\",\"@id\":\"https:\/\/creddo.com\/se\/#organization\",\"name\":\"Creddo AB\",\"url\":\"https:\/\/creddo.com\/se\/\",\"logo\":{\"@type\":\"ImageObject\",\"inLanguage\":\"sv-SE\",\"@id\":\"https:\/\/creddo.com\/se\/#\/schema\/logo\/image\/\",\"url\":\"https:\/\/creddo.com\/se\/wp-content\/uploads\/2024\/04\/Creddo-logo-square.png\",\"contentUrl\":\"https:\/\/creddo.com\/se\/wp-content\/uploads\/2024\/04\/Creddo-logo-square.png\",\"width\":720,\"height\":720,\"caption\":\"Creddo AB\"},\"image\":{\"@id\":\"https:\/\/creddo.com\/se\/#\/schema\/logo\/image\/\"},\"sameAs\":[\"https:\/\/www.facebook.com\/creddose\",\"https:\/\/www.linkedin.com\/company\/creddo-ab\/\"]}]}<\/script>\n<!-- \/ Yoast SEO Premium plugin. -->","yoast_head_json":{"title":"CapitalBox f\u00f6retagsl\u00e5n - L\u00e5na upp till 5 miljoner kr - Creddo","description":"CapitalBox via Creddo erbjuder f\u00f6retagare upp till 5 miljoner kr med en l\u00f6ptid p\u00e5 upp till 48 m\u00e5nader. L\u00e4gsta r\u00e4ntan 1 UC.","robots":{"index":"index","follow":"follow","max-snippet":"max-snippet:-1","max-image-preview":"max-image-preview:large","max-video-preview":"max-video-preview:-1"},"canonical":"https:\/\/creddo.com\/se\/langivare\/capitalbox\/","og_locale":"sv_SE","og_type":"article","og_title":"CapitalBox","og_description":"Kort om CapitalBox f\u00f6retagsl\u00e5n Du kan ans\u00f6ka om upp till 5 000 000 kr via Creddo och utforska finansieringsalternativ som erbjuds av CapitalBox. Upp till","og_url":"https:\/\/creddo.com\/se\/langivare\/capitalbox\/","og_site_name":"Creddo","article_publisher":"https:\/\/www.facebook.com\/creddose","article_modified_time":"2025-12-29T13:22:17+00:00","og_image":[{"width":1200,"height":630,"url":"https:\/\/creddo.com\/se\/wp-content\/uploads\/2024\/07\/52.jpg","type":"image\/jpeg"}],"twitter_card":"summary_large_image","twitter_misc":{"Ber\u00e4knad l\u00e4stid":"2 minuter"},"schema":{"@context":"https:\/\/schema.org","@graph":[{"@type":"WebPage","@id":"https:\/\/creddo.com\/se\/langivare\/capitalbox\/","url":"https:\/\/creddo.com\/se\/langivare\/capitalbox\/","name":"CapitalBox f\u00f6retagsl\u00e5n - L\u00e5na upp till 5 miljoner kr - Creddo","isPartOf":{"@id":"https:\/\/creddo.com\/se\/#website"},"datePublished":"2023-07-26T12:34:21+00:00","dateModified":"2025-12-29T13:22:17+00:00","description":"CapitalBox via Creddo erbjuder f\u00f6retagare upp till 5 miljoner kr med en l\u00f6ptid p\u00e5 upp till 48 m\u00e5nader. L\u00e4gsta r\u00e4ntan 1 UC.","breadcrumb":{"@id":"https:\/\/creddo.com\/se\/langivare\/capitalbox\/#breadcrumb"},"inLanguage":"sv-SE","potentialAction":[{"@type":"ReadAction","target":["https:\/\/creddo.com\/se\/langivare\/capitalbox\/"]}]},{"@type":"BreadcrumbList","@id":"https:\/\/creddo.com\/se\/langivare\/capitalbox\/#breadcrumb","itemListElement":[{"@type":"ListItem","position":1,"name":"Creddo.com","item":"https:\/\/creddo.com\/se\/"},{"@type":"ListItem","position":2,"name":"L\u00e5ngivare","item":"https:\/\/creddo.com\/se\/langivare\/"},{"@type":"ListItem","position":3,"name":"CapitalBox"}]},{"@type":"WebSite","@id":"https:\/\/creddo.com\/se\/#website","url":"https:\/\/creddo.com\/se\/","name":"Creddo","description":"J\u00e4mf\u00f6r f\u00f6retagsl\u00e5n upp till 10 miljoner","publisher":{"@id":"https:\/\/creddo.com\/se\/#organization"},"potentialAction":[{"@type":"SearchAction","target":{"@type":"EntryPoint","urlTemplate":"https:\/\/creddo.com\/se\/?s={search_term_string}"},"query-input":{"@type":"PropertyValueSpecification","valueRequired":true,"valueName":"search_term_string"}}],"inLanguage":"sv-SE"},{"@type":"Organization","@id":"https:\/\/creddo.com\/se\/#organization","name":"Creddo AB","url":"https:\/\/creddo.com\/se\/","logo":{"@type":"ImageObject","inLanguage":"sv-SE","@id":"https:\/\/creddo.com\/se\/#\/schema\/logo\/image\/","url":"https:\/\/creddo.com\/se\/wp-content\/uploads\/2024\/04\/Creddo-logo-square.png","contentUrl":"https:\/\/creddo.com\/se\/wp-content\/uploads\/2024\/04\/Creddo-logo-square.png","width":720,"height":720,"caption":"Creddo AB"},"image":{"@id":"https:\/\/creddo.com\/se\/#\/schema\/logo\/image\/"},"sameAs":["https:\/\/www.facebook.com\/creddose","https:\/\/www.linkedin.com\/company\/creddo-ab\/"]}]}},"lang":"sv","translations":{"sv":2900},"uagb_featured_image_src":{"full":false,"thumbnail":false,"medium":false,"medium_large":false,"large":false,"1536x1536":false,"2048x2048":false},"uagb_author_info":{"display_name":"Jonas Smyth","author_link":"https:\/\/creddo.com\/se\/experthornan\/author\/jonas\/"},"uagb_comment_info":0,"uagb_excerpt":"Kort om CapitalBox f\u00f6retagsl\u00e5n Hos Creddo s\u00e5 \u00e4r det m\u00f6jligt att ans\u00f6ka om f\u00f6retagsl\u00e5n fr\u00e5n 20 000 kr upp till 5 000 000 kr via Creddo. F\u00f6r att kunna ans\u00f6ka om ett l\u00e5n s\u00e5 beh\u00f6ver f\u00f6retagets \u00e4gare vara folkbokf\u00f6rd i Sverige, ha ett bolag registrerat hos bolagsverket samt varit aktiv i minst 6 m\u00e5nader. Ut\u00f6ver&hellip;","pll_sync_post":[],"_links":{"self":[{"href":"https:\/\/creddo.com\/se\/wp-json\/wp\/v2\/pages\/2900","targetHints":{"allow":["GET"]}}],"collection":[{"href":"https:\/\/creddo.com\/se\/wp-json\/wp\/v2\/pages"}],"about":[{"href":"https:\/\/creddo.com\/se\/wp-json\/wp\/v2\/types\/page"}],"author":[{"embeddable":true,"href":"https:\/\/creddo.com\/se\/wp-json\/wp\/v2\/users\/13"}],"replies":[{"embeddable":true,"href":"https:\/\/creddo.com\/se\/wp-json\/wp\/v2\/comments?post=2900"}],"version-history":[{"count":12,"href":"https:\/\/creddo.com\/se\/wp-json\/wp\/v2\/pages\/2900\/revisions"}],"predecessor-version":[{"id":5319,"href":"https:\/\/creddo.com\/se\/wp-json\/wp\/v2\/pages\/2900\/revisions\/5319"}],"up":[{"embeddable":true,"href":"https:\/\/creddo.com\/se\/wp-json\/wp\/v2\/pages\/2896"}],"wp:attachment":[{"href":"https:\/\/creddo.com\/se\/wp-json\/wp\/v2\/media?parent=2900"}],"curies":[{"name":"wp","href":"https:\/\/api.w.org\/{rel}","templated":true}]}}