{"id":2901,"date":"2023-07-26T14:37:24","date_gmt":"2023-07-26T12:37:24","guid":{"rendered":"https:\/\/stage.creddo.com\/se\/?page_id=2887"},"modified":"2025-12-29T15:55:28","modified_gmt":"2025-12-29T14:55:28","slug":"collector","status":"publish","type":"page","link":"https:\/\/creddo.com\/se\/langivare\/collector\/","title":{"rendered":"Collector"},"content":{"rendered":"\n<h2 class=\"wp-block-heading\" id=\"h-kort-om-collector-foretagslan\"><strong><strong><strong><strong><strong><strong>Kort om Collector f\u00f6retagsl\u00e5n<\/strong><\/strong><\/strong><\/strong><\/strong><\/strong><\/h2>\n\n\n\n<p><\/p>\n\n\n\n<ul class=\"wp-block-list\">\n<li>L\u00e5n fr\u00e5n 8 000 000 kr och upp\u00e5t med Collector<\/li>\n\n\n\n<li>Upp till 60 m\u00e5nader l\u00f6ptid<\/li>\n\n\n\n<li>Begr\u00e4nsad borgen<\/li>\n\n\n\n<li>F\u00f6rdelaktig villkor, fri f\u00f6rtidsl\u00f6sen<\/li>\n<\/ul>\n\n\n\n<p><\/p>\n\n\n\n<p>Via Creddo s\u00e5 erbj\u00f6d Collector generellt st\u00f6rre <a href=\"https:\/\/creddo.com\/se\/foretagslan\/\">f\u00f6retagsl\u00e5n<\/a> som l\u00e4mpar sig till medelstora f\u00f6retag och upp\u00e5t. Collector riktade in sig p\u00e5 att  hj\u00e4lpa till med l\u00e5n till f\u00f6retag som beh\u00f6ver \u00f6kad likviditet, bryggl\u00e5n samt \u00e4ven f\u00f6rv\u00e4rvsl\u00e5n. Hos Collector var det m\u00f6jlighet att l\u00e4gga upp l\u00e5net p\u00e5 mellan 12-60 m\u00e5naders l\u00f6ptid. Skulle du vilja \u00e5terbetala l\u00e5net i f\u00f6rtid s\u00e5 tillkom det inga extra kostnader, utan du kunde f\u00f6rtidsl\u00f6sa n\u00e4r du vill och du betalar enbart f\u00f6r tiden som du nyttjat l\u00e5net. R\u00e4ntan p\u00e5 ditt f\u00f6retagsl\u00e5n var baseradp\u00e5 ditt bolags kreditv\u00e4rdighet och vid godk\u00e4nnande s\u00e5 betalas l\u00e5net ut samma dag. <\/p>\n\n\n\n<p><strong>Collector Banks f\u00f6retagsl\u00e5n finns inte l\u00e4ngre tillg\u00e4ngligt \u2013 men vi hj\u00e4lper dig att hitta ett alternativ. <\/strong>\u00c4ven om du inte l\u00e4ngre kan ans\u00f6ka om f\u00f6retagsl\u00e5n hos Collector Bank, finns det m\u00e5nga andra finansieringsl\u00f6sningar att v\u00e4lja mellan. Vi hj\u00e4lper dig att j\u00e4mf\u00f6ra och hitta ett l\u00e5n som passar just ditt f\u00f6retags behov.<\/p>\n\n\n\n<p><\/p>\n\n\n\n<h2 class=\"wp-block-heading\" id=\"h-collector-fastighetslan\"><strong><strong><strong><strong><strong>Collector fastighetsl\u00e5n<\/strong><\/strong><\/strong><\/strong><\/strong><\/h2>\n\n\n\n<p>Via Creddo s\u00e5 var det \u00e4ven m\u00f6jligt att ans\u00f6ka om <a href=\"https:\/\/creddo.com\/se\/fastighetslan\/\">fastighetsl\u00e5n<\/a> hos Collector p\u00e5 mellan 10 miljoner till max 100 miljoner kronor per objekt. Fastighetsl\u00e5nen som Collector erbj\u00f6d var fr\u00e4mst inriktad p\u00e5 toppl\u00e5n. L\u00e5nen hade en karakt\u00e4r av juniorl\u00e5n, det vill s\u00e4ga mellan seniorl\u00e5n och eget kapital och erbjuds normalt med en l\u00f6ptid p\u00e5 mellan 3 m\u00e5nader till 36 m\u00e5nader.<\/p>\n\n\n\n<p><\/p>\n\n\n\n<p>Vanliga s\u00e4kerheter i samband med fastighetsl\u00e5n \u00e4r pant i fastighet samt eventuellt aktiepant.<\/p>\n\n\n\n<p><\/p>\n\n\n\n<h2 class=\"wp-block-heading\" id=\"h-foretagslan-utan-sakerhet\"><strong><strong>F\u00f6retagsl\u00e5n utan s\u00e4kerhet<\/strong><\/strong><\/h2>\n\n\n\n<p>Hos Collector s\u00e5 var det m\u00f6jligt att bli erbjuden f\u00f6retagsl\u00e5n utan personlig borgen om f\u00f6retaget och din privata ekonomi \u00e4r god, dock s\u00e5 kan det beh\u00f6vas en s\u00e5 kallad sk\u00f6tselborgen p\u00e5 st\u00f6rre l\u00e5nebelopp.<\/p>\n\n\n\n<p><\/p>\n\n\n\n<h2 class=\"wp-block-heading\" id=\"h-fakturakop-hos-collector\"><strong>Fakturak\u00f6p hos Collector<\/strong><\/h2>\n\n\n\n<p>Ut\u00f6ver l\u00e5n till ditt f\u00f6retag s\u00e5 var det ocks\u00e5 m\u00f6jligt att f\u00e5 tillg\u00e5ng till fakturak\u00f6p hos Collector via Creddo, som \u00e4r ett finansieringsalternativ som kan vara f\u00f6rm\u00e5nligt f\u00f6r vissa branscher. F\u00f6r att kunna koppla p\u00e5 fakturak\u00f6p hos Collector s\u00e5 beh\u00f6vde du koppla ihop ditt bokf\u00f6ringsprogram med Collector f\u00f6r att de ska kunna f\u00e5 en \u00f6versikt av vilka fordringar som de vill och kan k\u00f6pa.<\/p>\n\n\n\n<p><\/p>\n\n\n\n<h2 class=\"wp-block-heading\" id=\"h-varfor-ska-man-jamfora-foretagslan-med-creddo\"><strong>Varf\u00f6r ska man j\u00e4mf\u00f6ra f\u00f6retagsl\u00e5n med Creddo?<\/strong><\/h2>\n\n\n\n<p>N\u00e4r du ans\u00f6ker om ett f\u00f6retagsl\u00e5n hos Creddo s\u00e5 har du m\u00f6jlighet att f\u00e5 flera erbjudanden, men det registreras bara en kreditupplysning via UC. Via Creddo s\u00e5 f\u00e5r du en bra \u00f6verblick p\u00e5 vilka erbjudanden du f\u00e5r och vilket som passar dig och ditt f\u00f6retag b\u00e4st. Ut\u00f6ver detta s\u00e5 ist\u00e4llet f\u00f6r att ans\u00f6ka hos varje l\u00e5ngivare s\u00e5 sparar du b\u00e5de tid och energi genom att samla din ans\u00f6kan p\u00e5 samma st\u00e4lle.&nbsp;<\/p>\n\n\n\n<p><\/p>\n\n\n\n<p>Vi p\u00e5 Creddo tar inte ut n\u00e5gon avgift mot dig som f\u00f6retagare, utan f\u00e5r ist\u00e4llet en ers\u00e4ttning fr\u00e5n l\u00e5ngivaren vid utbetalt l\u00e5n.<\/p>\n\n\n\n<p><\/p>\n\n\n\n<h2 class=\"wp-block-heading\" id=\"h-sammanfattning-collector\"><strong><strong><strong><strong>Sammanfattning Collector<\/strong><\/strong><\/strong><\/strong><\/h2>\n\n\n\n<p><\/p>\n\n\n\n<figure class=\"wp-block-table is-style-stripes\"><table class=\"has-fixed-layout\"><tbody><tr><td>L\u00e5nebelopp<\/td><td>8 000 000 &#8211; 100 000 000 kr<\/td><\/tr><tr><td>L\u00f6ptid<\/td><td>12 &#8211; 60 m\u00e5nader<\/td><\/tr><tr><td>Uppl\u00e4ggningsavgift<\/td><td>1-5% av l\u00e5nebeloppet<\/td><\/tr><tr><td>Personlig borgen<\/td><td>Ja, ibland kr\u00e4vs en sk\u00f6tselborgen<\/td><\/tr><tr><td>Aviavgift<\/td><td>Nej<\/td><\/tr><tr><td>Autogiro<\/td><td>Ja<\/td><\/tr><tr><td>Komplettering<\/td><td>Ja<\/td><\/tr><tr><td>BankID<\/td><td>Ja<\/td><\/tr><\/tbody><\/table><\/figure>\n","protected":false},"excerpt":{"rendered":"<p>Kort om Collector f\u00f6retagsl\u00e5n Via Creddo s\u00e5 erbj\u00f6d Collector generellt st\u00f6rre f\u00f6retagsl\u00e5n som l\u00e4mpar sig till medelstora f\u00f6retag och upp\u00e5t. Collector riktade in sig p\u00e5 att hj\u00e4lpa till med l\u00e5n till f\u00f6retag som beh\u00f6ver \u00f6kad likviditet, bryggl\u00e5n samt \u00e4ven f\u00f6rv\u00e4rvsl\u00e5n. Hos Collector var det m\u00f6jlighet att l\u00e4gga upp l\u00e5net p\u00e5 mellan 12-60 m\u00e5naders l\u00f6ptid. Skulle [&hellip;]<\/p>\n","protected":false},"author":13,"featured_media":0,"parent":2896,"menu_order":0,"comment_status":"closed","ping_status":"closed","template":"empty-page-with-slider.php","meta":{"_acf_changed":false,"footnotes":""},"class_list":["post-2901","page","type-page","status-publish","hentry"],"acf":[],"yoast_head":"<!-- This site is optimized with the Yoast SEO Premium plugin v26.6 (Yoast SEO v26.8) - https:\/\/yoast.com\/product\/yoast-seo-premium-wordpress\/ -->\n<title>Collector Bank f\u00f6retagsl\u00e5n - L\u00e5na p\u00e5 \u00f6ver 5 miljoner kr - Creddo<\/title>\n<meta name=\"description\" content=\"Det \u00e4r m\u00f6jligt att ans\u00f6ka om mellan 10 till 100 miljoner kr. Fastighetsl\u00e5nen som Collector erbjuder \u00e4r fr\u00e4mst inriktad p\u00e5 toppl\u00e5n. 1 UC\" \/>\n<meta name=\"robots\" content=\"index, follow, max-snippet:-1, max-image-preview:large, max-video-preview:-1\" \/>\n<link rel=\"canonical\" href=\"https:\/\/creddo.com\/se\/langivare\/collector\/\" \/>\n<meta property=\"og:locale\" content=\"sv_SE\" \/>\n<meta property=\"og:type\" content=\"article\" \/>\n<meta property=\"og:title\" content=\"Collector\" \/>\n<meta property=\"og:description\" content=\"Kort om Collector f\u00f6retagsl\u00e5n L\u00e5n fr\u00e5n 8 000 000 kr och upp\u00e5t med Collector Upp till 60 m\u00e5nader l\u00f6ptid Begr\u00e4nsad borgen F\u00f6rdelaktig villkor, fri\" \/>\n<meta property=\"og:url\" content=\"https:\/\/creddo.com\/se\/langivare\/collector\/\" \/>\n<meta property=\"og:site_name\" content=\"Creddo\" \/>\n<meta property=\"article:publisher\" content=\"https:\/\/www.facebook.com\/creddose\" \/>\n<meta property=\"article:modified_time\" content=\"2025-12-29T14:55:28+00:00\" \/>\n<meta property=\"og:image\" content=\"https:\/\/creddo.com\/se\/wp-content\/uploads\/2024\/07\/52.jpg\" \/>\n\t<meta property=\"og:image:width\" content=\"1200\" \/>\n\t<meta property=\"og:image:height\" content=\"630\" \/>\n\t<meta property=\"og:image:type\" content=\"image\/jpeg\" \/>\n<meta name=\"twitter:card\" content=\"summary_large_image\" \/>\n<meta name=\"twitter:label1\" content=\"Ber\u00e4knad l\u00e4stid\" \/>\n\t<meta name=\"twitter:data1\" content=\"3 minuter\" \/>\n<script type=\"application\/ld+json\" class=\"yoast-schema-graph\">{\"@context\":\"https:\/\/schema.org\",\"@graph\":[{\"@type\":\"WebPage\",\"@id\":\"https:\/\/creddo.com\/se\/langivare\/collector\/\",\"url\":\"https:\/\/creddo.com\/se\/langivare\/collector\/\",\"name\":\"Collector Bank f\u00f6retagsl\u00e5n - L\u00e5na p\u00e5 \u00f6ver 5 miljoner kr - Creddo\",\"isPartOf\":{\"@id\":\"https:\/\/creddo.com\/se\/#website\"},\"datePublished\":\"2023-07-26T12:37:24+00:00\",\"dateModified\":\"2025-12-29T14:55:28+00:00\",\"description\":\"Det \u00e4r m\u00f6jligt att ans\u00f6ka om mellan 10 till 100 miljoner kr. Fastighetsl\u00e5nen som Collector erbjuder \u00e4r fr\u00e4mst inriktad p\u00e5 toppl\u00e5n. 1 UC\",\"breadcrumb\":{\"@id\":\"https:\/\/creddo.com\/se\/langivare\/collector\/#breadcrumb\"},\"inLanguage\":\"sv-SE\",\"potentialAction\":[{\"@type\":\"ReadAction\",\"target\":[\"https:\/\/creddo.com\/se\/langivare\/collector\/\"]}]},{\"@type\":\"BreadcrumbList\",\"@id\":\"https:\/\/creddo.com\/se\/langivare\/collector\/#breadcrumb\",\"itemListElement\":[{\"@type\":\"ListItem\",\"position\":1,\"name\":\"Creddo.com\",\"item\":\"https:\/\/creddo.com\/se\/\"},{\"@type\":\"ListItem\",\"position\":2,\"name\":\"L\u00e5ngivare\",\"item\":\"https:\/\/creddo.com\/se\/langivare\/\"},{\"@type\":\"ListItem\",\"position\":3,\"name\":\"Collector\"}]},{\"@type\":\"WebSite\",\"@id\":\"https:\/\/creddo.com\/se\/#website\",\"url\":\"https:\/\/creddo.com\/se\/\",\"name\":\"Creddo\",\"description\":\"J\u00e4mf\u00f6r f\u00f6retagsl\u00e5n upp till 10 miljoner\",\"publisher\":{\"@id\":\"https:\/\/creddo.com\/se\/#organization\"},\"potentialAction\":[{\"@type\":\"SearchAction\",\"target\":{\"@type\":\"EntryPoint\",\"urlTemplate\":\"https:\/\/creddo.com\/se\/?s={search_term_string}\"},\"query-input\":{\"@type\":\"PropertyValueSpecification\",\"valueRequired\":true,\"valueName\":\"search_term_string\"}}],\"inLanguage\":\"sv-SE\"},{\"@type\":\"Organization\",\"@id\":\"https:\/\/creddo.com\/se\/#organization\",\"name\":\"Creddo AB\",\"url\":\"https:\/\/creddo.com\/se\/\",\"logo\":{\"@type\":\"ImageObject\",\"inLanguage\":\"sv-SE\",\"@id\":\"https:\/\/creddo.com\/se\/#\/schema\/logo\/image\/\",\"url\":\"https:\/\/creddo.com\/se\/wp-content\/uploads\/2024\/04\/Creddo-logo-square.png\",\"contentUrl\":\"https:\/\/creddo.com\/se\/wp-content\/uploads\/2024\/04\/Creddo-logo-square.png\",\"width\":720,\"height\":720,\"caption\":\"Creddo AB\"},\"image\":{\"@id\":\"https:\/\/creddo.com\/se\/#\/schema\/logo\/image\/\"},\"sameAs\":[\"https:\/\/www.facebook.com\/creddose\",\"https:\/\/www.linkedin.com\/company\/creddo-ab\/\"]}]}<\/script>\n<!-- \/ Yoast SEO Premium plugin. -->","yoast_head_json":{"title":"Collector Bank f\u00f6retagsl\u00e5n - L\u00e5na p\u00e5 \u00f6ver 5 miljoner kr - Creddo","description":"Det \u00e4r m\u00f6jligt att ans\u00f6ka om mellan 10 till 100 miljoner kr. Fastighetsl\u00e5nen som Collector erbjuder \u00e4r fr\u00e4mst inriktad p\u00e5 toppl\u00e5n. 1 UC","robots":{"index":"index","follow":"follow","max-snippet":"max-snippet:-1","max-image-preview":"max-image-preview:large","max-video-preview":"max-video-preview:-1"},"canonical":"https:\/\/creddo.com\/se\/langivare\/collector\/","og_locale":"sv_SE","og_type":"article","og_title":"Collector","og_description":"Kort om Collector f\u00f6retagsl\u00e5n L\u00e5n fr\u00e5n 8 000 000 kr och upp\u00e5t med Collector Upp till 60 m\u00e5nader l\u00f6ptid Begr\u00e4nsad borgen F\u00f6rdelaktig villkor, fri","og_url":"https:\/\/creddo.com\/se\/langivare\/collector\/","og_site_name":"Creddo","article_publisher":"https:\/\/www.facebook.com\/creddose","article_modified_time":"2025-12-29T14:55:28+00:00","og_image":[{"width":1200,"height":630,"url":"https:\/\/creddo.com\/se\/wp-content\/uploads\/2024\/07\/52.jpg","type":"image\/jpeg"}],"twitter_card":"summary_large_image","twitter_misc":{"Ber\u00e4knad l\u00e4stid":"3 minuter"},"schema":{"@context":"https:\/\/schema.org","@graph":[{"@type":"WebPage","@id":"https:\/\/creddo.com\/se\/langivare\/collector\/","url":"https:\/\/creddo.com\/se\/langivare\/collector\/","name":"Collector Bank f\u00f6retagsl\u00e5n - L\u00e5na p\u00e5 \u00f6ver 5 miljoner kr - Creddo","isPartOf":{"@id":"https:\/\/creddo.com\/se\/#website"},"datePublished":"2023-07-26T12:37:24+00:00","dateModified":"2025-12-29T14:55:28+00:00","description":"Det \u00e4r m\u00f6jligt att ans\u00f6ka om mellan 10 till 100 miljoner kr. Fastighetsl\u00e5nen som Collector erbjuder \u00e4r fr\u00e4mst inriktad p\u00e5 toppl\u00e5n. 1 UC","breadcrumb":{"@id":"https:\/\/creddo.com\/se\/langivare\/collector\/#breadcrumb"},"inLanguage":"sv-SE","potentialAction":[{"@type":"ReadAction","target":["https:\/\/creddo.com\/se\/langivare\/collector\/"]}]},{"@type":"BreadcrumbList","@id":"https:\/\/creddo.com\/se\/langivare\/collector\/#breadcrumb","itemListElement":[{"@type":"ListItem","position":1,"name":"Creddo.com","item":"https:\/\/creddo.com\/se\/"},{"@type":"ListItem","position":2,"name":"L\u00e5ngivare","item":"https:\/\/creddo.com\/se\/langivare\/"},{"@type":"ListItem","position":3,"name":"Collector"}]},{"@type":"WebSite","@id":"https:\/\/creddo.com\/se\/#website","url":"https:\/\/creddo.com\/se\/","name":"Creddo","description":"J\u00e4mf\u00f6r f\u00f6retagsl\u00e5n upp till 10 miljoner","publisher":{"@id":"https:\/\/creddo.com\/se\/#organization"},"potentialAction":[{"@type":"SearchAction","target":{"@type":"EntryPoint","urlTemplate":"https:\/\/creddo.com\/se\/?s={search_term_string}"},"query-input":{"@type":"PropertyValueSpecification","valueRequired":true,"valueName":"search_term_string"}}],"inLanguage":"sv-SE"},{"@type":"Organization","@id":"https:\/\/creddo.com\/se\/#organization","name":"Creddo AB","url":"https:\/\/creddo.com\/se\/","logo":{"@type":"ImageObject","inLanguage":"sv-SE","@id":"https:\/\/creddo.com\/se\/#\/schema\/logo\/image\/","url":"https:\/\/creddo.com\/se\/wp-content\/uploads\/2024\/04\/Creddo-logo-square.png","contentUrl":"https:\/\/creddo.com\/se\/wp-content\/uploads\/2024\/04\/Creddo-logo-square.png","width":720,"height":720,"caption":"Creddo AB"},"image":{"@id":"https:\/\/creddo.com\/se\/#\/schema\/logo\/image\/"},"sameAs":["https:\/\/www.facebook.com\/creddose","https:\/\/www.linkedin.com\/company\/creddo-ab\/"]}]}},"lang":"sv","translations":{"sv":2901},"pll_sync_post":[],"_links":{"self":[{"href":"https:\/\/creddo.com\/se\/wp-json\/wp\/v2\/pages\/2901","targetHints":{"allow":["GET"]}}],"collection":[{"href":"https:\/\/creddo.com\/se\/wp-json\/wp\/v2\/pages"}],"about":[{"href":"https:\/\/creddo.com\/se\/wp-json\/wp\/v2\/types\/page"}],"author":[{"embeddable":true,"href":"https:\/\/creddo.com\/se\/wp-json\/wp\/v2\/users\/13"}],"replies":[{"embeddable":true,"href":"https:\/\/creddo.com\/se\/wp-json\/wp\/v2\/comments?post=2901"}],"version-history":[{"count":9,"href":"https:\/\/creddo.com\/se\/wp-json\/wp\/v2\/pages\/2901\/revisions"}],"predecessor-version":[{"id":5326,"href":"https:\/\/creddo.com\/se\/wp-json\/wp\/v2\/pages\/2901\/revisions\/5326"}],"up":[{"embeddable":true,"href":"https:\/\/creddo.com\/se\/wp-json\/wp\/v2\/pages\/2896"}],"wp:attachment":[{"href":"https:\/\/creddo.com\/se\/wp-json\/wp\/v2\/media?parent=2901"}],"curies":[{"name":"wp","href":"https:\/\/api.w.org\/{rel}","templated":true}]}}