{"id":2902,"date":"2023-07-26T14:40:17","date_gmt":"2023-07-26T12:40:17","guid":{"rendered":"https:\/\/stage.creddo.com\/se\/?page_id=2893"},"modified":"2025-12-29T15:56:33","modified_gmt":"2025-12-29T14:56:33","slug":"corpia","status":"publish","type":"page","link":"https:\/\/creddo.com\/se\/langivare\/corpia\/","title":{"rendered":"Corpia"},"content":{"rendered":"\n<h2 class=\"wp-block-heading\" id=\"h-kort-om-corpia-foretagslan-ej-aktiva-i-nulaget\"><strong><strong><strong><strong><strong><strong><strong>Kort om Corpia f\u00f6retagsl\u00e5n<\/strong><\/strong><\/strong><\/strong><\/strong><\/strong><\/strong> (ej aktiva i nul\u00e4get)<\/h2>\n\n\n\n<p><\/p>\n\n\n\n<ul class=\"wp-block-list\">\n<li>L\u00e5n fr\u00e5n 500 000 kronor och upp\u00e5t<\/li>\n\n\n\n<li>12-60 m\u00e5nader l\u00f6ptid<\/li>\n\n\n\n<li>M\u00f6jlighet till begr\u00e4nsad borgen<\/li>\n\n\n\n<li>Fri f\u00f6rtidsl\u00f6sen<\/li>\n<\/ul>\n\n\n\n<p><\/p>\n\n\n\n<p>Corpia \u00e4r inte verksamma sedan cirka \u00e5r 2023, under sin aktiva period kunde de erbjuda <a href=\"https:\/\/creddo.com\/se\/foretagslan\/\">l\u00e5n till f\u00f6retag<\/a> p\u00e5 upp till 30 miljoner kronor och med en l\u00f6ptid som str\u00e4cker sig till 60 m\u00e5nader. F\u00f6r att kunna ans\u00f6ka om ett f\u00f6retagsl\u00e5n hos Corpia s\u00e5 beh\u00f6vede du ha ett svenskt aktiebolag och vara folkbokf\u00f6rd i Sverige. Ut\u00f6ver detta s\u00e5 beh\u00f6ve du ha minst ett fastst\u00e4llt och registrerat bokslut. Efter att ha accepterat ett erbjudande fr\u00e5n Corpia via Creddo s\u00e5 fick du en automatisk l\u00e4nk vid val tillf\u00e4llet d\u00e4r du snabbt kunde slutf\u00f6ra processen med BankID och Scrive f\u00f6r signering.<\/p>\n\n\n\n<p><\/p>\n\n\n\n<p>Det var m\u00f6jligt att \u00e5terbetala l\u00e5net i f\u00f6rtid utan extra kostnader, du kunde f\u00f6rtidsl\u00f6sa n\u00e4r du ville och du betalade enbart f\u00f6r tiden som du nyttjat l\u00e5net. R\u00e4ntan p\u00e5 ditt f\u00f6retagsl\u00e5n var baserad p\u00e5 ditt bolags kreditv\u00e4rdighet och vid godk\u00e4nnande s\u00e5 betalas l\u00e5net ut samma dag.<\/p>\n\n\n\n<p><\/p>\n\n\n\n<h2 class=\"wp-block-heading\" id=\"h-foretagslan-utan-sakerhet\"><strong><strong>F\u00f6retagsl\u00e5n utan s\u00e4kerhet<\/strong><\/strong><\/h2>\n\n\n\n<p>Hos Corpia s\u00e5 kr\u00e4vdes de ofta<a href=\"https:\/\/creddo.com\/se\/foretagslan\/personlig-borgen\/\"> personlig borgen<\/a> som s\u00e4kerhet, om bolaget var v\u00e4lsk\u00f6tt och hade en god ekonomi s\u00e5 kunde det ibland vara m\u00f6jligt till en sk\u00f6tselborgen om 30% av l\u00e5nebeloppet.<\/p>\n\n\n\n<p><\/p>\n\n\n\n<h2 class=\"wp-block-heading\" id=\"h-varfor-ska-man-jamfora-foretagslan-med-creddo\"><strong>Varf\u00f6r ska man j\u00e4mf\u00f6ra f\u00f6retagsl\u00e5n med Creddo?<\/strong><\/h2>\n\n\n\n<p>N\u00e4r du ans\u00f6ker om ett f\u00f6retagsl\u00e5n hos Creddo s\u00e5 har du m\u00f6jlighet att f\u00e5 flera erbjudanden, men det registreras bara en kreditupplysning via UC. Via Creddo s\u00e5 f\u00e5r du en bra \u00f6verblick p\u00e5 vilka erbjudanden du f\u00e5r och vilket som passar dig och ditt f\u00f6retag b\u00e4st. Ut\u00f6ver detta s\u00e5 ist\u00e4llet f\u00f6r att ans\u00f6ka hos varje l\u00e5ngivare s\u00e5 sparar du b\u00e5de tid och energi genom att samla din ans\u00f6kan p\u00e5 samma st\u00e4lle.&nbsp;<\/p>\n\n\n\n<p><\/p>\n\n\n\n<p>Vi p\u00e5 Creddo tar inte ut n\u00e5gon avgift mot dig som f\u00f6retagare, utan f\u00e5r ist\u00e4llet en ers\u00e4ttning fr\u00e5n l\u00e5ngivaren vid utbetalt l\u00e5n.<\/p>\n\n\n\n<p><\/p>\n\n\n\n<h2 class=\"wp-block-heading\" id=\"h-sammanfattning-corpia\"><strong><strong><strong><strong>Sammanfattning <strong>Corpia<\/strong><\/strong><\/strong><\/strong><\/strong><\/h2>\n\n\n\n<p><\/p>\n\n\n\n<figure class=\"wp-block-table is-style-stripes\"><table class=\"has-fixed-layout\"><tbody><tr><td>L\u00e5nebelopp<\/td><td>500 000 &#8211; 30 000 000 kr<\/td><\/tr><tr><td>L\u00f6ptid<\/td><td>12 &#8211; 60 m\u00e5nader<\/td><\/tr><tr><td>Uppl\u00e4ggningsavgift<\/td><td>1-2% av l\u00e5nebeloppet<\/td><\/tr><tr><td>Personlig borgen<\/td><td>Ja, i vissa fall kr\u00e4vs enbart 30% personlig borgen<\/td><\/tr><tr><td>Aviavgift<\/td><td>Nej<\/td><\/tr><tr><td>Autogiro<\/td><td>Ja<\/td><\/tr><tr><td>Komplettering<\/td><td>Ja<\/td><\/tr><tr><td>BankID<\/td><td>Ja<\/td><\/tr><\/tbody><\/table><\/figure>\n","protected":false},"excerpt":{"rendered":"<p>Kort om Corpia f\u00f6retagsl\u00e5n (ej aktiva i nul\u00e4get) Corpia \u00e4r inte verksamma sedan cirka \u00e5r 2023, under sin aktiva period kunde de erbjuda l\u00e5n till f\u00f6retag p\u00e5 upp till 30 miljoner kronor och med en l\u00f6ptid som str\u00e4cker sig till 60 m\u00e5nader. F\u00f6r att kunna ans\u00f6ka om ett f\u00f6retagsl\u00e5n hos Corpia s\u00e5 beh\u00f6vede du ha [&hellip;]<\/p>\n","protected":false},"author":13,"featured_media":0,"parent":2896,"menu_order":0,"comment_status":"closed","ping_status":"closed","template":"empty-page-with-slider.php","meta":{"_acf_changed":false,"footnotes":""},"class_list":["post-2902","page","type-page","status-publish","hentry"],"acf":[],"yoast_head":"<!-- This site is optimized with the Yoast SEO Premium plugin v26.6 (Yoast SEO v26.8) - https:\/\/yoast.com\/product\/yoast-seo-premium-wordpress\/ -->\n<title>Corpia f\u00f6retagsl\u00e5n - Creddo<\/title>\n<meta name=\"description\" content=\"Corpia kan via Creddo erbjuda f\u00f6retagare upp till 10 miljoner kr med en l\u00f6ptid p\u00e5 upp till 36 m\u00e5nader. L\u00e4gsta r\u00e4ntan f\u00f6r f\u00f6retagsfinansiering.\" \/>\n<meta name=\"robots\" content=\"index, follow, max-snippet:-1, max-image-preview:large, max-video-preview:-1\" \/>\n<link rel=\"canonical\" href=\"https:\/\/creddo.com\/se\/langivare\/corpia\/\" \/>\n<meta property=\"og:locale\" content=\"sv_SE\" \/>\n<meta property=\"og:type\" content=\"article\" \/>\n<meta property=\"og:title\" content=\"Corpia\" \/>\n<meta property=\"og:description\" content=\"Kort om Corpia f\u00f6retagsl\u00e5n (ej aktiva i nul\u00e4get) L\u00e5n fr\u00e5n 500 000 kronor och upp\u00e5t 12-60 m\u00e5nader l\u00f6ptid M\u00f6jlighet till begr\u00e4nsad borgen Fri f\u00f6rtidsl\u00f6sen\" \/>\n<meta property=\"og:url\" content=\"https:\/\/creddo.com\/se\/langivare\/corpia\/\" \/>\n<meta property=\"og:site_name\" content=\"Creddo\" \/>\n<meta property=\"article:publisher\" content=\"https:\/\/www.facebook.com\/creddose\" \/>\n<meta property=\"article:modified_time\" content=\"2025-12-29T14:56:33+00:00\" \/>\n<meta property=\"og:image\" content=\"https:\/\/creddo.com\/se\/wp-content\/uploads\/2024\/07\/52.jpg\" \/>\n\t<meta property=\"og:image:width\" content=\"1200\" \/>\n\t<meta property=\"og:image:height\" content=\"630\" \/>\n\t<meta property=\"og:image:type\" content=\"image\/jpeg\" \/>\n<meta name=\"twitter:card\" content=\"summary_large_image\" \/>\n<meta name=\"twitter:label1\" content=\"Ber\u00e4knad l\u00e4stid\" \/>\n\t<meta name=\"twitter:data1\" content=\"2 minuter\" \/>\n<script type=\"application\/ld+json\" class=\"yoast-schema-graph\">{\"@context\":\"https:\/\/schema.org\",\"@graph\":[{\"@type\":\"WebPage\",\"@id\":\"https:\/\/creddo.com\/se\/langivare\/corpia\/\",\"url\":\"https:\/\/creddo.com\/se\/langivare\/corpia\/\",\"name\":\"Corpia f\u00f6retagsl\u00e5n - Creddo\",\"isPartOf\":{\"@id\":\"https:\/\/creddo.com\/se\/#website\"},\"datePublished\":\"2023-07-26T12:40:17+00:00\",\"dateModified\":\"2025-12-29T14:56:33+00:00\",\"description\":\"Corpia kan via Creddo erbjuda f\u00f6retagare upp till 10 miljoner kr med en l\u00f6ptid p\u00e5 upp till 36 m\u00e5nader. L\u00e4gsta r\u00e4ntan f\u00f6r f\u00f6retagsfinansiering.\",\"breadcrumb\":{\"@id\":\"https:\/\/creddo.com\/se\/langivare\/corpia\/#breadcrumb\"},\"inLanguage\":\"sv-SE\",\"potentialAction\":[{\"@type\":\"ReadAction\",\"target\":[\"https:\/\/creddo.com\/se\/langivare\/corpia\/\"]}]},{\"@type\":\"BreadcrumbList\",\"@id\":\"https:\/\/creddo.com\/se\/langivare\/corpia\/#breadcrumb\",\"itemListElement\":[{\"@type\":\"ListItem\",\"position\":1,\"name\":\"Creddo.com\",\"item\":\"https:\/\/creddo.com\/se\/\"},{\"@type\":\"ListItem\",\"position\":2,\"name\":\"L\u00e5ngivare\",\"item\":\"https:\/\/creddo.com\/se\/langivare\/\"},{\"@type\":\"ListItem\",\"position\":3,\"name\":\"Corpia\"}]},{\"@type\":\"WebSite\",\"@id\":\"https:\/\/creddo.com\/se\/#website\",\"url\":\"https:\/\/creddo.com\/se\/\",\"name\":\"Creddo\",\"description\":\"J\u00e4mf\u00f6r f\u00f6retagsl\u00e5n upp till 10 miljoner\",\"publisher\":{\"@id\":\"https:\/\/creddo.com\/se\/#organization\"},\"potentialAction\":[{\"@type\":\"SearchAction\",\"target\":{\"@type\":\"EntryPoint\",\"urlTemplate\":\"https:\/\/creddo.com\/se\/?s={search_term_string}\"},\"query-input\":{\"@type\":\"PropertyValueSpecification\",\"valueRequired\":true,\"valueName\":\"search_term_string\"}}],\"inLanguage\":\"sv-SE\"},{\"@type\":\"Organization\",\"@id\":\"https:\/\/creddo.com\/se\/#organization\",\"name\":\"Creddo AB\",\"url\":\"https:\/\/creddo.com\/se\/\",\"logo\":{\"@type\":\"ImageObject\",\"inLanguage\":\"sv-SE\",\"@id\":\"https:\/\/creddo.com\/se\/#\/schema\/logo\/image\/\",\"url\":\"https:\/\/creddo.com\/se\/wp-content\/uploads\/2024\/04\/Creddo-logo-square.png\",\"contentUrl\":\"https:\/\/creddo.com\/se\/wp-content\/uploads\/2024\/04\/Creddo-logo-square.png\",\"width\":720,\"height\":720,\"caption\":\"Creddo AB\"},\"image\":{\"@id\":\"https:\/\/creddo.com\/se\/#\/schema\/logo\/image\/\"},\"sameAs\":[\"https:\/\/www.facebook.com\/creddose\",\"https:\/\/www.linkedin.com\/company\/creddo-ab\/\"]}]}<\/script>\n<!-- \/ Yoast SEO Premium plugin. -->","yoast_head_json":{"title":"Corpia f\u00f6retagsl\u00e5n - Creddo","description":"Corpia kan via Creddo erbjuda f\u00f6retagare upp till 10 miljoner kr med en l\u00f6ptid p\u00e5 upp till 36 m\u00e5nader. L\u00e4gsta r\u00e4ntan f\u00f6r f\u00f6retagsfinansiering.","robots":{"index":"index","follow":"follow","max-snippet":"max-snippet:-1","max-image-preview":"max-image-preview:large","max-video-preview":"max-video-preview:-1"},"canonical":"https:\/\/creddo.com\/se\/langivare\/corpia\/","og_locale":"sv_SE","og_type":"article","og_title":"Corpia","og_description":"Kort om Corpia f\u00f6retagsl\u00e5n (ej aktiva i nul\u00e4get) L\u00e5n fr\u00e5n 500 000 kronor och upp\u00e5t 12-60 m\u00e5nader l\u00f6ptid M\u00f6jlighet till begr\u00e4nsad borgen Fri f\u00f6rtidsl\u00f6sen","og_url":"https:\/\/creddo.com\/se\/langivare\/corpia\/","og_site_name":"Creddo","article_publisher":"https:\/\/www.facebook.com\/creddose","article_modified_time":"2025-12-29T14:56:33+00:00","og_image":[{"width":1200,"height":630,"url":"https:\/\/creddo.com\/se\/wp-content\/uploads\/2024\/07\/52.jpg","type":"image\/jpeg"}],"twitter_card":"summary_large_image","twitter_misc":{"Ber\u00e4knad l\u00e4stid":"2 minuter"},"schema":{"@context":"https:\/\/schema.org","@graph":[{"@type":"WebPage","@id":"https:\/\/creddo.com\/se\/langivare\/corpia\/","url":"https:\/\/creddo.com\/se\/langivare\/corpia\/","name":"Corpia f\u00f6retagsl\u00e5n - Creddo","isPartOf":{"@id":"https:\/\/creddo.com\/se\/#website"},"datePublished":"2023-07-26T12:40:17+00:00","dateModified":"2025-12-29T14:56:33+00:00","description":"Corpia kan via Creddo erbjuda f\u00f6retagare upp till 10 miljoner kr med en l\u00f6ptid p\u00e5 upp till 36 m\u00e5nader. L\u00e4gsta r\u00e4ntan f\u00f6r f\u00f6retagsfinansiering.","breadcrumb":{"@id":"https:\/\/creddo.com\/se\/langivare\/corpia\/#breadcrumb"},"inLanguage":"sv-SE","potentialAction":[{"@type":"ReadAction","target":["https:\/\/creddo.com\/se\/langivare\/corpia\/"]}]},{"@type":"BreadcrumbList","@id":"https:\/\/creddo.com\/se\/langivare\/corpia\/#breadcrumb","itemListElement":[{"@type":"ListItem","position":1,"name":"Creddo.com","item":"https:\/\/creddo.com\/se\/"},{"@type":"ListItem","position":2,"name":"L\u00e5ngivare","item":"https:\/\/creddo.com\/se\/langivare\/"},{"@type":"ListItem","position":3,"name":"Corpia"}]},{"@type":"WebSite","@id":"https:\/\/creddo.com\/se\/#website","url":"https:\/\/creddo.com\/se\/","name":"Creddo","description":"J\u00e4mf\u00f6r f\u00f6retagsl\u00e5n upp till 10 miljoner","publisher":{"@id":"https:\/\/creddo.com\/se\/#organization"},"potentialAction":[{"@type":"SearchAction","target":{"@type":"EntryPoint","urlTemplate":"https:\/\/creddo.com\/se\/?s={search_term_string}"},"query-input":{"@type":"PropertyValueSpecification","valueRequired":true,"valueName":"search_term_string"}}],"inLanguage":"sv-SE"},{"@type":"Organization","@id":"https:\/\/creddo.com\/se\/#organization","name":"Creddo AB","url":"https:\/\/creddo.com\/se\/","logo":{"@type":"ImageObject","inLanguage":"sv-SE","@id":"https:\/\/creddo.com\/se\/#\/schema\/logo\/image\/","url":"https:\/\/creddo.com\/se\/wp-content\/uploads\/2024\/04\/Creddo-logo-square.png","contentUrl":"https:\/\/creddo.com\/se\/wp-content\/uploads\/2024\/04\/Creddo-logo-square.png","width":720,"height":720,"caption":"Creddo AB"},"image":{"@id":"https:\/\/creddo.com\/se\/#\/schema\/logo\/image\/"},"sameAs":["https:\/\/www.facebook.com\/creddose","https:\/\/www.linkedin.com\/company\/creddo-ab\/"]}]}},"lang":"sv","translations":{"sv":2902},"pll_sync_post":[],"_links":{"self":[{"href":"https:\/\/creddo.com\/se\/wp-json\/wp\/v2\/pages\/2902","targetHints":{"allow":["GET"]}}],"collection":[{"href":"https:\/\/creddo.com\/se\/wp-json\/wp\/v2\/pages"}],"about":[{"href":"https:\/\/creddo.com\/se\/wp-json\/wp\/v2\/types\/page"}],"author":[{"embeddable":true,"href":"https:\/\/creddo.com\/se\/wp-json\/wp\/v2\/users\/13"}],"replies":[{"embeddable":true,"href":"https:\/\/creddo.com\/se\/wp-json\/wp\/v2\/comments?post=2902"}],"version-history":[{"count":9,"href":"https:\/\/creddo.com\/se\/wp-json\/wp\/v2\/pages\/2902\/revisions"}],"predecessor-version":[{"id":4626,"href":"https:\/\/creddo.com\/se\/wp-json\/wp\/v2\/pages\/2902\/revisions\/4626"}],"up":[{"embeddable":true,"href":"https:\/\/creddo.com\/se\/wp-json\/wp\/v2\/pages\/2896"}],"wp:attachment":[{"href":"https:\/\/creddo.com\/se\/wp-json\/wp\/v2\/media?parent=2902"}],"curies":[{"name":"wp","href":"https:\/\/api.w.org\/{rel}","templated":true}]}}