{"id":2903,"date":"2023-07-26T14:42:41","date_gmt":"2023-07-26T12:42:41","guid":{"rendered":"https:\/\/stage.creddo.com\/se\/?page_id=2899"},"modified":"2025-11-18T15:58:26","modified_gmt":"2025-11-18T14:58:26","slug":"credinord","status":"publish","type":"page","link":"https:\/\/creddo.com\/se\/langivare\/credinord\/","title":{"rendered":"CrediNord"},"content":{"rendered":"\n<h2 class=\"wp-block-heading\" id=\"h-kort-om-credinord-foretagslan-lan-upp-till-1-miljon-kronor\"><strong><strong><strong><strong><strong><strong><strong><strong>Kort om CrediNord f\u00f6retagsl\u00e5n &#8211; l\u00e5n upp till 1 miljon kronor<\/strong><\/strong><\/strong><\/strong><\/strong><\/strong><\/strong><\/strong><\/h2>\n\n\n\n<p><\/p>\n\n\n\n<ul class=\"wp-block-list\">\n<li>Hos CrediNord kan du l\u00e5na mellan 10 000 kronor &#8211; 1 000 000 kronor<\/li>\n\n\n\n<li>Upp till 18 m\u00e5nader l\u00f6ptid<\/li>\n\n\n\n<li>Enbart 1-2 personlig borgen<\/li>\n\n\n\n<li>Ej aktiva i Sverige f\u00f6r tillf\u00e4llet<\/li>\n<\/ul>\n\n\n\n<p><\/p>\n\n\n\n<p>CrediNord som f\u00f6r tillf\u00e4llet ej \u00e4r aktiva p\u00e5 den svenska marknaden kunde erbjuda <a href=\"https:\/\/creddo.com\/se\/foretagslan\/\">l\u00e5n till f\u00f6retag<\/a> p\u00e5 mellan 10 000 &#8211; 1 000 000 kronor med en l\u00f6ptid om upp till 18 m\u00e5nader. Ans\u00f6kan var inte bindande och \u00e4r helt kostnadsfri. Hos CrediNord \u00e4r alla bolagsformer v\u00e4lkomna (enskild firma, aktiebolag, handelsbolag och kommanditbolag) s\u00e5 l\u00e4nge man har minst 200 000 kronor i oms\u00e4ttning. Creddo samarbetar idag med ett <a href=\"https:\/\/creddo.com\/se\/foretagslan\/\">brett utbud av andra l\u00e5ngivare <\/a>med liknande uppl\u00e4gg p\u00e5 f\u00f6retagsl\u00e5n som CreiNord.<\/p>\n\n\n\n<p><\/p>\n\n\n\n<p>\u00c5terbetalning av <a href=\"https:\/\/creddo.com\/se\/foretagslan\/amortering\/\">amortering<\/a> och avgifter \u00e4r n\u00e5got som skedde m\u00e5ndagsvis hos CrediNord likt m\u00e5nga andra av Creddos l\u00e5ngivare. Om du ville \u00e5terbetala l\u00e5net i f\u00f6rtid tillkom inga extra kostnader \u2013 du kunde f\u00f6rtidsl\u00f6sa n\u00e4r som helst och betalade endast f\u00f6r den tid du hade nyttjat l\u00e5net. R\u00e4ntan p\u00e5 f\u00f6retagsl\u00e5net baserades p\u00e5 ditt bolags kreditv\u00e4rdighet, och vid godk\u00e4nnande betalades l\u00e5net ut samma dag av CrediNord.<\/p>\n\n\n\n<p><\/p>\n\n\n\n<h2 class=\"wp-block-heading\" id=\"h-foretagslan-utan-sakerhet\"><strong><strong>F\u00f6retagsl\u00e5n utan s\u00e4kerhet<\/strong><\/strong><\/h2>\n\n\n\n<p>Hos CrediNord kr\u00e4vde man ofta personlig borgen som s\u00e4kerhet. F\u00f6r l\u00e5n upp till 250 000 kronor r\u00e4ckte det vanligtvis med en borgensman. F\u00f6r l\u00e5n \u00f6ver 250 000 kronor ville man ofta ha tv\u00e5 borgensm\u00e4n.<\/p>\n\n\n\n<p><\/p>\n\n\n\n<h2 class=\"wp-block-heading\" id=\"h-varfor-ska-man-jamfora-foretagslan-med-creddo\"><strong>Varf\u00f6r ska man j\u00e4mf\u00f6ra f\u00f6retagsl\u00e5n med Creddo?<\/strong><\/h2>\n\n\n\n<p>N\u00e4r du ans\u00f6ker om ett f\u00f6retagsl\u00e5n hos Creddo s\u00e5 har du m\u00f6jlighet att f\u00e5 flera erbjudanden, men det registreras bara en kreditupplysning via UC. Via Creddo s\u00e5 f\u00e5r du en bra \u00f6verblick p\u00e5 vilka erbjudanden du f\u00e5r och vilket som passar dig och ditt f\u00f6retag b\u00e4st. Ut\u00f6ver detta s\u00e5 ist\u00e4llet f\u00f6r att ans\u00f6ka hos varje l\u00e5ngivare s\u00e5 sparar du b\u00e5de tid och energi genom att samla din ans\u00f6kan p\u00e5 samma st\u00e4lle.&nbsp;D\u00e4rf\u00f6r kan det vara smart att ha CrediNord i \u00e5tanke ocks\u00e5 n\u00e4r du j\u00e4mf\u00f6r l\u00e5n.<\/p>\n\n\n\n<p><\/p>\n\n\n\n<p>Vi p\u00e5 Creddo tar inte ut n\u00e5gon avgift mot dig som f\u00f6retagare, utan f\u00e5r ist\u00e4llet en ers\u00e4ttning fr\u00e5n l\u00e5ngivaren vid utbetalt l\u00e5n.<\/p>\n\n\n\n<p><\/p>\n\n\n\n<h2 class=\"wp-block-heading\" id=\"h-sammanfattning-credinord\"><strong><strong><strong><strong>Sammanfattning <strong><strong>CrediNord<\/strong><\/strong><\/strong><\/strong><\/strong><\/strong><\/h2>\n\n\n\n<p><\/p>\n\n\n\n<figure class=\"wp-block-table is-style-stripes\"><table class=\"has-fixed-layout\"><tbody><tr><td>L\u00e5nebelopp<\/td><td>10 000 &#8211; 1 000 000 kr<\/td><\/tr><tr><td>L\u00f6ptid<\/td><td>6 &#8211; 18 m\u00e5nader<\/td><\/tr><tr><td>Uppl\u00e4ggningsavgift<\/td><td>Nej<\/td><\/tr><tr><td>Personlig borgen<\/td><td>Ja, p\u00e5 l\u00e5n upp till 250 000 kronor s\u00e5 kr\u00e4vs en personlig borgen. P\u00e5 \u00f6ver 250 000 kronor s\u00e5 beh\u00f6vs minst tv\u00e5<\/td><\/tr><tr><td>Aviavgift<\/td><td>Nej<\/td><\/tr><tr><td>Autogiro<\/td><td>Nej<\/td><\/tr><tr><td>Komplettering<\/td><td>Ja, ibland<\/td><\/tr><tr><td>BankID<\/td><td>Ja<\/td><\/tr><\/tbody><\/table><\/figure>\n","protected":false},"excerpt":{"rendered":"<p>Kort om CrediNord f\u00f6retagsl\u00e5n &#8211; l\u00e5n upp till 1 miljon kronor CrediNord som f\u00f6r tillf\u00e4llet ej \u00e4r aktiva p\u00e5 den svenska marknaden kunde erbjuda l\u00e5n till f\u00f6retag p\u00e5 mellan 10 000 &#8211; 1 000 000 kronor med en l\u00f6ptid om upp till 18 m\u00e5nader. Ans\u00f6kan var inte bindande och \u00e4r helt kostnadsfri. Hos CrediNord \u00e4r [&hellip;]<\/p>\n","protected":false},"author":13,"featured_media":0,"parent":2896,"menu_order":0,"comment_status":"closed","ping_status":"closed","template":"empty-page-with-slider.php","meta":{"_acf_changed":false,"_uag_custom_page_level_css":"","footnotes":""},"class_list":["post-2903","page","type-page","status-publish","hentry"],"acf":[],"yoast_head":"<!-- This site is optimized with the Yoast SEO Premium plugin v26.6 (Yoast SEO v26.8) - https:\/\/yoast.com\/product\/yoast-seo-premium-wordpress\/ -->\n<title>CrediNord f\u00f6retagsl\u00e5n - L\u00e5na upp till 2 miljoner kr<\/title>\n<meta name=\"description\" content=\"CrediNord kan via Creddo erbjuda upp till 2 miljoner kr med en l\u00f6ptid p\u00e5 upp till 48 m\u00e5nader. L\u00e4gsta r\u00e4ntan f\u00f6r f\u00f6retagsfinansiering.\" \/>\n<meta name=\"robots\" content=\"index, follow, max-snippet:-1, max-image-preview:large, max-video-preview:-1\" \/>\n<link rel=\"canonical\" href=\"https:\/\/creddo.com\/se\/langivare\/credinord\/\" \/>\n<meta property=\"og:locale\" content=\"sv_SE\" \/>\n<meta property=\"og:type\" content=\"article\" \/>\n<meta property=\"og:title\" content=\"CrediNord\" \/>\n<meta property=\"og:description\" content=\"Kort om CrediNord f\u00f6retagsl\u00e5n - l\u00e5n upp till 1 miljon kronor Hos CrediNord kan du l\u00e5na mellan 10 000 kronor - 1 000 000 kronor Upp till 18 m\u00e5nader l\u00f6ptid\" \/>\n<meta property=\"og:url\" content=\"https:\/\/creddo.com\/se\/langivare\/credinord\/\" \/>\n<meta property=\"og:site_name\" content=\"Creddo\" \/>\n<meta property=\"article:publisher\" content=\"https:\/\/www.facebook.com\/creddose\" \/>\n<meta property=\"article:modified_time\" content=\"2025-11-18T14:58:26+00:00\" \/>\n<meta property=\"og:image\" content=\"https:\/\/creddo.com\/se\/wp-content\/uploads\/2024\/07\/52.jpg\" \/>\n\t<meta property=\"og:image:width\" content=\"1200\" \/>\n\t<meta property=\"og:image:height\" content=\"630\" \/>\n\t<meta property=\"og:image:type\" content=\"image\/jpeg\" \/>\n<meta name=\"twitter:card\" content=\"summary_large_image\" \/>\n<meta name=\"twitter:label1\" content=\"Ber\u00e4knad l\u00e4stid\" \/>\n\t<meta name=\"twitter:data1\" content=\"2 minuter\" \/>\n<script type=\"application\/ld+json\" class=\"yoast-schema-graph\">{\"@context\":\"https:\/\/schema.org\",\"@graph\":[{\"@type\":\"WebPage\",\"@id\":\"https:\/\/creddo.com\/se\/langivare\/credinord\/\",\"url\":\"https:\/\/creddo.com\/se\/langivare\/credinord\/\",\"name\":\"CrediNord f\u00f6retagsl\u00e5n - L\u00e5na upp till 2 miljoner kr\",\"isPartOf\":{\"@id\":\"https:\/\/creddo.com\/se\/#website\"},\"datePublished\":\"2023-07-26T12:42:41+00:00\",\"dateModified\":\"2025-11-18T14:58:26+00:00\",\"description\":\"CrediNord kan via Creddo erbjuda upp till 2 miljoner kr med en l\u00f6ptid p\u00e5 upp till 48 m\u00e5nader. L\u00e4gsta r\u00e4ntan f\u00f6r f\u00f6retagsfinansiering.\",\"breadcrumb\":{\"@id\":\"https:\/\/creddo.com\/se\/langivare\/credinord\/#breadcrumb\"},\"inLanguage\":\"sv-SE\",\"potentialAction\":[{\"@type\":\"ReadAction\",\"target\":[\"https:\/\/creddo.com\/se\/langivare\/credinord\/\"]}]},{\"@type\":\"BreadcrumbList\",\"@id\":\"https:\/\/creddo.com\/se\/langivare\/credinord\/#breadcrumb\",\"itemListElement\":[{\"@type\":\"ListItem\",\"position\":1,\"name\":\"Creddo.com\",\"item\":\"https:\/\/creddo.com\/se\/\"},{\"@type\":\"ListItem\",\"position\":2,\"name\":\"L\u00e5ngivare\",\"item\":\"https:\/\/creddo.com\/se\/langivare\/\"},{\"@type\":\"ListItem\",\"position\":3,\"name\":\"CrediNord\"}]},{\"@type\":\"WebSite\",\"@id\":\"https:\/\/creddo.com\/se\/#website\",\"url\":\"https:\/\/creddo.com\/se\/\",\"name\":\"Creddo\",\"description\":\"J\u00e4mf\u00f6r f\u00f6retagsl\u00e5n upp till 10 miljoner\",\"publisher\":{\"@id\":\"https:\/\/creddo.com\/se\/#organization\"},\"potentialAction\":[{\"@type\":\"SearchAction\",\"target\":{\"@type\":\"EntryPoint\",\"urlTemplate\":\"https:\/\/creddo.com\/se\/?s={search_term_string}\"},\"query-input\":{\"@type\":\"PropertyValueSpecification\",\"valueRequired\":true,\"valueName\":\"search_term_string\"}}],\"inLanguage\":\"sv-SE\"},{\"@type\":\"Organization\",\"@id\":\"https:\/\/creddo.com\/se\/#organization\",\"name\":\"Creddo AB\",\"url\":\"https:\/\/creddo.com\/se\/\",\"logo\":{\"@type\":\"ImageObject\",\"inLanguage\":\"sv-SE\",\"@id\":\"https:\/\/creddo.com\/se\/#\/schema\/logo\/image\/\",\"url\":\"https:\/\/creddo.com\/se\/wp-content\/uploads\/2024\/04\/Creddo-logo-square.png\",\"contentUrl\":\"https:\/\/creddo.com\/se\/wp-content\/uploads\/2024\/04\/Creddo-logo-square.png\",\"width\":720,\"height\":720,\"caption\":\"Creddo AB\"},\"image\":{\"@id\":\"https:\/\/creddo.com\/se\/#\/schema\/logo\/image\/\"},\"sameAs\":[\"https:\/\/www.facebook.com\/creddose\",\"https:\/\/www.linkedin.com\/company\/creddo-ab\/\"]}]}<\/script>\n<!-- \/ Yoast SEO Premium plugin. -->","yoast_head_json":{"title":"CrediNord f\u00f6retagsl\u00e5n - L\u00e5na upp till 2 miljoner kr","description":"CrediNord kan via Creddo erbjuda upp till 2 miljoner kr med en l\u00f6ptid p\u00e5 upp till 48 m\u00e5nader. L\u00e4gsta r\u00e4ntan f\u00f6r f\u00f6retagsfinansiering.","robots":{"index":"index","follow":"follow","max-snippet":"max-snippet:-1","max-image-preview":"max-image-preview:large","max-video-preview":"max-video-preview:-1"},"canonical":"https:\/\/creddo.com\/se\/langivare\/credinord\/","og_locale":"sv_SE","og_type":"article","og_title":"CrediNord","og_description":"Kort om CrediNord f\u00f6retagsl\u00e5n - l\u00e5n upp till 1 miljon kronor Hos CrediNord kan du l\u00e5na mellan 10 000 kronor - 1 000 000 kronor Upp till 18 m\u00e5nader l\u00f6ptid","og_url":"https:\/\/creddo.com\/se\/langivare\/credinord\/","og_site_name":"Creddo","article_publisher":"https:\/\/www.facebook.com\/creddose","article_modified_time":"2025-11-18T14:58:26+00:00","og_image":[{"width":1200,"height":630,"url":"https:\/\/creddo.com\/se\/wp-content\/uploads\/2024\/07\/52.jpg","type":"image\/jpeg"}],"twitter_card":"summary_large_image","twitter_misc":{"Ber\u00e4knad l\u00e4stid":"2 minuter"},"schema":{"@context":"https:\/\/schema.org","@graph":[{"@type":"WebPage","@id":"https:\/\/creddo.com\/se\/langivare\/credinord\/","url":"https:\/\/creddo.com\/se\/langivare\/credinord\/","name":"CrediNord f\u00f6retagsl\u00e5n - L\u00e5na upp till 2 miljoner kr","isPartOf":{"@id":"https:\/\/creddo.com\/se\/#website"},"datePublished":"2023-07-26T12:42:41+00:00","dateModified":"2025-11-18T14:58:26+00:00","description":"CrediNord kan via Creddo erbjuda upp till 2 miljoner kr med en l\u00f6ptid p\u00e5 upp till 48 m\u00e5nader. L\u00e4gsta r\u00e4ntan f\u00f6r f\u00f6retagsfinansiering.","breadcrumb":{"@id":"https:\/\/creddo.com\/se\/langivare\/credinord\/#breadcrumb"},"inLanguage":"sv-SE","potentialAction":[{"@type":"ReadAction","target":["https:\/\/creddo.com\/se\/langivare\/credinord\/"]}]},{"@type":"BreadcrumbList","@id":"https:\/\/creddo.com\/se\/langivare\/credinord\/#breadcrumb","itemListElement":[{"@type":"ListItem","position":1,"name":"Creddo.com","item":"https:\/\/creddo.com\/se\/"},{"@type":"ListItem","position":2,"name":"L\u00e5ngivare","item":"https:\/\/creddo.com\/se\/langivare\/"},{"@type":"ListItem","position":3,"name":"CrediNord"}]},{"@type":"WebSite","@id":"https:\/\/creddo.com\/se\/#website","url":"https:\/\/creddo.com\/se\/","name":"Creddo","description":"J\u00e4mf\u00f6r f\u00f6retagsl\u00e5n upp till 10 miljoner","publisher":{"@id":"https:\/\/creddo.com\/se\/#organization"},"potentialAction":[{"@type":"SearchAction","target":{"@type":"EntryPoint","urlTemplate":"https:\/\/creddo.com\/se\/?s={search_term_string}"},"query-input":{"@type":"PropertyValueSpecification","valueRequired":true,"valueName":"search_term_string"}}],"inLanguage":"sv-SE"},{"@type":"Organization","@id":"https:\/\/creddo.com\/se\/#organization","name":"Creddo AB","url":"https:\/\/creddo.com\/se\/","logo":{"@type":"ImageObject","inLanguage":"sv-SE","@id":"https:\/\/creddo.com\/se\/#\/schema\/logo\/image\/","url":"https:\/\/creddo.com\/se\/wp-content\/uploads\/2024\/04\/Creddo-logo-square.png","contentUrl":"https:\/\/creddo.com\/se\/wp-content\/uploads\/2024\/04\/Creddo-logo-square.png","width":720,"height":720,"caption":"Creddo AB"},"image":{"@id":"https:\/\/creddo.com\/se\/#\/schema\/logo\/image\/"},"sameAs":["https:\/\/www.facebook.com\/creddose","https:\/\/www.linkedin.com\/company\/creddo-ab\/"]}]}},"lang":"sv","translations":{"sv":2903},"uagb_featured_image_src":{"full":false,"thumbnail":false,"medium":false,"medium_large":false,"large":false,"1536x1536":false,"2048x2048":false},"uagb_author_info":{"display_name":"Jonas Smyth","author_link":"https:\/\/creddo.com\/se\/experthornan\/author\/jonas\/"},"uagb_comment_info":0,"uagb_excerpt":"Kort om CrediNord f\u00f6retagsl\u00e5n &#8211; l\u00e5n upp till 1 miljon kronor CrediNord som f\u00f6r tillf\u00e4llet ej \u00e4r aktiva p\u00e5 den svenska marknaden kunde erbjuda l\u00e5n till f\u00f6retag p\u00e5 mellan 10 000 &#8211; 1 000 000 kronor med en l\u00f6ptid om upp till 18 m\u00e5nader. Ans\u00f6kan var inte bindande och \u00e4r helt kostnadsfri. Hos CrediNord \u00e4r&hellip;","pll_sync_post":[],"_links":{"self":[{"href":"https:\/\/creddo.com\/se\/wp-json\/wp\/v2\/pages\/2903","targetHints":{"allow":["GET"]}}],"collection":[{"href":"https:\/\/creddo.com\/se\/wp-json\/wp\/v2\/pages"}],"about":[{"href":"https:\/\/creddo.com\/se\/wp-json\/wp\/v2\/types\/page"}],"author":[{"embeddable":true,"href":"https:\/\/creddo.com\/se\/wp-json\/wp\/v2\/users\/13"}],"replies":[{"embeddable":true,"href":"https:\/\/creddo.com\/se\/wp-json\/wp\/v2\/comments?post=2903"}],"version-history":[{"count":11,"href":"https:\/\/creddo.com\/se\/wp-json\/wp\/v2\/pages\/2903\/revisions"}],"predecessor-version":[{"id":5139,"href":"https:\/\/creddo.com\/se\/wp-json\/wp\/v2\/pages\/2903\/revisions\/5139"}],"up":[{"embeddable":true,"href":"https:\/\/creddo.com\/se\/wp-json\/wp\/v2\/pages\/2896"}],"wp:attachment":[{"href":"https:\/\/creddo.com\/se\/wp-json\/wp\/v2\/media?parent=2903"}],"curies":[{"name":"wp","href":"https:\/\/api.w.org\/{rel}","templated":true}]}}