{"id":2915,"date":"2023-07-26T14:47:33","date_gmt":"2023-07-26T12:47:33","guid":{"rendered":"https:\/\/stage.creddo.com\/se\/?page_id=2915"},"modified":"2025-12-31T10:10:56","modified_gmt":"2025-12-31T09:10:56","slug":"euro-finans","status":"publish","type":"page","link":"https:\/\/creddo.com\/se\/langivare\/euro-finans\/","title":{"rendered":"Euro Finans"},"content":{"rendered":"\n<h2 class=\"wp-block-heading\" id=\"h-kort-om-euro-finans-foretagslan-vi-snackar-inte-vi-betalar\"><strong><strong><strong><strong><strong><strong><strong><strong><strong><strong>Kort om Euro Finans f\u00f6retagsl\u00e5n &#8211; Vi snackar inte, vi betalar<\/strong><\/strong><\/strong><\/strong><\/strong><\/strong><\/strong><\/strong><\/strong><\/strong><\/h2>\n\n\n\n<p><\/p>\n\n\n\n<ul class=\"wp-block-list\">\n<li>Med Euro Finans kan du l\u00e5na upp till 1 000 000 kr<\/li>\n\n\n\n<li>Upp till 12 m\u00e5naders l\u00f6ptid<\/li>\n\n\n\n<li>Snabb hantering och utbetalning<\/li>\n\n\n\n<li>Euro Finans erbjuder amorteringsfritt <\/li>\n<\/ul>\n\n\n\n<p><\/p>\n\n\n\n<p>Om ditt bolag beh\u00f6ver l\u00e5na pengar f\u00f6r att snabbt s\u00e4kra en bra aff\u00e4r eller vara snabb p\u00e5 f\u00f6tterna kring en bra investering s\u00e5 kan Euro Finans vara ett bra alternativ. Ledorden f\u00f6r Euro Finans \u00e4r att det ska vara enkelt och g\u00e5 snabbt att ans\u00f6ka, f\u00e5 besked och ha pengarna p\u00e5 kontot. Om du bara beh\u00f6ver l\u00e5net en kort tid, kan du slippa<a href=\"https:\/\/creddo.com\/se\/foretagslan\/amortering\/\"> amortering <\/a>\u2013 d\u00e5 betalar du tillbaka hela beloppet n\u00e4r tiden \u00e4r ute.<\/p>\n\n\n\n<p><\/p>\n\n\n\n<p>Via Creddo s\u00e5 kan du ans\u00f6ka om<a href=\"https:\/\/creddo.com\/se\/foretagslan\/\"> l\u00e5n till f\u00f6retag<\/a> fr\u00e5n Euro Finans p\u00e5 upp till 1 000 000 kronor med upp till 12 m\u00e5naders l\u00f6ptid.<\/p>\n\n\n\n<p><\/p>\n\n\n\n<h2 class=\"wp-block-heading\" id=\"h-foretagslan-utan-sakerhet\"><strong><strong>F\u00f6retagsl\u00e5n utan s\u00e4kerhet<\/strong><\/strong><\/h2>\n\n\n\n<p>Hos den h\u00e4r banken s\u00e5 kr\u00e4ver de minst 2-3 personlig borgen som s\u00e4kerhet. Om du beh\u00f6ver \u00f6ver 1 miljon kronor s\u00e5 kan man beh\u00f6va pant i fastighet f\u00f6r att titta n\u00e4rmare p\u00e5 er ans\u00f6kan.<\/p>\n\n\n\n<p><\/p>\n\n\n\n<h2 class=\"wp-block-heading\" id=\"h-fakturakop-med-euro-finans\"><strong>Fakturak\u00f6p med Euro Finans<\/strong><\/h2>\n\n\n\n<p>Euro Finans vill att det ska vara enkelt f\u00f6r dig att s\u00e4lja dina fakturor. Via Creddo s\u00e5 \u00e4r det m\u00f6jligt f\u00f6r dig som <a href=\"https:\/\/creddo.com\/se\/foretagslan\/enskild-firma\/\">driver egen firma<\/a>, <a href=\"https:\/\/creddo.com\/se\/foretagslan\/aktiebolag\/\">aktiebolag<\/a>, <a href=\"https:\/\/creddo.com\/se\/foretagslan\/foretagslan-for-handelsbolag\/\">handelsbolag<\/a> eller kommanditbolag att se \u00f6ver samt s\u00e4lja fakturor om ett f\u00f6retagsl\u00e5n inte passar bolagets behov. Hos Euro Finans s\u00e5 har man kunnat hj\u00e4lpa 97,3% av alla inkommande f\u00f6rfr\u00e5gningar vilket visar p\u00e5 att dom \u00e4r enkel att ha och g\u00f6ra med.<\/p>\n\n\n\n<p><\/p>\n\n\n\n<h2 class=\"wp-block-heading\" id=\"h-varfor-ska-man-jamfora-foretagslan-med-creddo\"><strong>Varf\u00f6r ska man j\u00e4mf\u00f6ra f\u00f6retagsl\u00e5n med Creddo?<\/strong><\/h2>\n\n\n\n<p>N\u00e4r du ans\u00f6ker om ett f\u00f6retagsl\u00e5n hos Creddo s\u00e5 har du m\u00f6jlighet att f\u00e5 flera erbjudanden, men det registreras bara en kreditupplysning via UC. Via Creddo s\u00e5 f\u00e5r du en bra \u00f6verblick p\u00e5 vilka erbjudanden du f\u00e5r och vilket som passar dig och ditt f\u00f6retag b\u00e4st. Ut\u00f6ver detta s\u00e5 ist\u00e4llet f\u00f6r att ans\u00f6ka hos varje l\u00e5ngivare s\u00e5 sparar du b\u00e5de tid och energi genom att samla din ans\u00f6kan p\u00e5 samma st\u00e4lle.&nbsp;<\/p>\n\n\n\n<p><\/p>\n\n\n\n<p>Vi p\u00e5 Creddo tar inte ut n\u00e5gon avgift mot dig som f\u00f6retagare, utan f\u00e5r ist\u00e4llet en ers\u00e4ttning fr\u00e5n l\u00e5ngivaren vid utbetalt l\u00e5n.<\/p>\n\n\n\n<p><\/p>\n\n\n\n<h2 class=\"wp-block-heading\" id=\"h-sammanfattning\"><strong><strong><strong><strong><strong><strong>Sammanfattning<\/strong><\/strong><\/strong><\/strong><\/strong><\/strong><\/h2>\n\n\n\n<p><\/p>\n\n\n\n<figure class=\"wp-block-table is-style-stripes\"><table class=\"has-fixed-layout\"><tbody><tr><td>L\u00e5nebelopp<\/td><td>100 000 &#8211; 1 000 000 kr<\/td><\/tr><tr><td>L\u00f6ptid<\/td><td>1 &#8211; 12 m\u00e5nader<\/td><\/tr><tr><td>Uppl\u00e4ggningsavgift<\/td><td>Nej<\/td><\/tr><tr><td>Personlig borgen<\/td><td>Ja, minst tv\u00e5<\/td><\/tr><tr><td>Aviavgift<\/td><td>Nej<\/td><\/tr><tr><td>Autogiro<\/td><td>Nej<\/td><\/tr><tr><td>Komplettering<\/td><td>Ja<\/td><\/tr><tr><td>BankID<\/td><td>Ja<\/td><\/tr><\/tbody><\/table><\/figure>\n","protected":false},"excerpt":{"rendered":"<p>Kort om Euro Finans f\u00f6retagsl\u00e5n &#8211; Vi snackar inte, vi betalar Om ditt bolag beh\u00f6ver l\u00e5na pengar f\u00f6r att snabbt s\u00e4kra en bra aff\u00e4r eller vara snabb p\u00e5 f\u00f6tterna kring en bra investering s\u00e5 kan Euro Finans vara ett bra alternativ. Ledorden f\u00f6r Euro Finans \u00e4r att det ska vara enkelt och g\u00e5 snabbt att [&hellip;]<\/p>\n","protected":false},"author":13,"featured_media":0,"parent":2896,"menu_order":0,"comment_status":"closed","ping_status":"closed","template":"empty-page-with-slider.php","meta":{"_acf_changed":false,"footnotes":""},"class_list":["post-2915","page","type-page","status-publish","hentry"],"acf":[],"yoast_head":"<!-- This site is optimized with the Yoast SEO Premium plugin v26.6 (Yoast SEO v26.8) - https:\/\/yoast.com\/product\/yoast-seo-premium-wordpress\/ -->\n<title>Euro Finans f\u00f6retagsl\u00e5n - L\u00e5na upp till 1 miljoner kr - Creddo<\/title>\n<meta name=\"description\" content=\"Euro Finans kan via Creddo erbjuda upp till 1 miljoner kr med en l\u00f6ptid p\u00e5 upp till 12 m\u00e5nader. L\u00e4gsta r\u00e4ntan f\u00f6r f\u00f6retagsfinansiering.\" \/>\n<meta name=\"robots\" content=\"index, follow, max-snippet:-1, max-image-preview:large, max-video-preview:-1\" \/>\n<link rel=\"canonical\" href=\"https:\/\/creddo.com\/se\/langivare\/euro-finans\/\" \/>\n<meta property=\"og:locale\" content=\"sv_SE\" \/>\n<meta property=\"og:type\" content=\"article\" \/>\n<meta property=\"og:title\" content=\"Euro Finans\" \/>\n<meta property=\"og:description\" content=\"Kort om Euro Finans f\u00f6retagsl\u00e5n - Vi snackar inte, vi betalar Med Euro Finans kan du l\u00e5na upp till 1 000 000 kr Upp till 12 m\u00e5naders l\u00f6ptid Snabb\" \/>\n<meta property=\"og:url\" content=\"https:\/\/creddo.com\/se\/langivare\/euro-finans\/\" \/>\n<meta property=\"og:site_name\" content=\"Creddo\" \/>\n<meta property=\"article:publisher\" content=\"https:\/\/www.facebook.com\/creddose\" \/>\n<meta property=\"article:modified_time\" content=\"2025-12-31T09:10:56+00:00\" \/>\n<meta property=\"og:image\" content=\"https:\/\/creddo.com\/se\/wp-content\/uploads\/2024\/07\/52.jpg\" \/>\n\t<meta property=\"og:image:width\" content=\"1200\" \/>\n\t<meta property=\"og:image:height\" content=\"630\" \/>\n\t<meta property=\"og:image:type\" content=\"image\/jpeg\" \/>\n<meta name=\"twitter:card\" content=\"summary_large_image\" \/>\n<meta name=\"twitter:label1\" content=\"Ber\u00e4knad l\u00e4stid\" \/>\n\t<meta name=\"twitter:data1\" content=\"2 minuter\" \/>\n<script type=\"application\/ld+json\" class=\"yoast-schema-graph\">{\"@context\":\"https:\/\/schema.org\",\"@graph\":[{\"@type\":\"WebPage\",\"@id\":\"https:\/\/creddo.com\/se\/langivare\/euro-finans\/\",\"url\":\"https:\/\/creddo.com\/se\/langivare\/euro-finans\/\",\"name\":\"Euro Finans f\u00f6retagsl\u00e5n - L\u00e5na upp till 1 miljoner kr - Creddo\",\"isPartOf\":{\"@id\":\"https:\/\/creddo.com\/se\/#website\"},\"datePublished\":\"2023-07-26T12:47:33+00:00\",\"dateModified\":\"2025-12-31T09:10:56+00:00\",\"description\":\"Euro Finans kan via Creddo erbjuda upp till 1 miljoner kr med en l\u00f6ptid p\u00e5 upp till 12 m\u00e5nader. L\u00e4gsta r\u00e4ntan f\u00f6r f\u00f6retagsfinansiering.\",\"breadcrumb\":{\"@id\":\"https:\/\/creddo.com\/se\/langivare\/euro-finans\/#breadcrumb\"},\"inLanguage\":\"sv-SE\",\"potentialAction\":[{\"@type\":\"ReadAction\",\"target\":[\"https:\/\/creddo.com\/se\/langivare\/euro-finans\/\"]}]},{\"@type\":\"BreadcrumbList\",\"@id\":\"https:\/\/creddo.com\/se\/langivare\/euro-finans\/#breadcrumb\",\"itemListElement\":[{\"@type\":\"ListItem\",\"position\":1,\"name\":\"Creddo.com\",\"item\":\"https:\/\/creddo.com\/se\/\"},{\"@type\":\"ListItem\",\"position\":2,\"name\":\"L\u00e5ngivare\",\"item\":\"https:\/\/creddo.com\/se\/langivare\/\"},{\"@type\":\"ListItem\",\"position\":3,\"name\":\"Euro Finans\"}]},{\"@type\":\"WebSite\",\"@id\":\"https:\/\/creddo.com\/se\/#website\",\"url\":\"https:\/\/creddo.com\/se\/\",\"name\":\"Creddo\",\"description\":\"J\u00e4mf\u00f6r f\u00f6retagsl\u00e5n upp till 10 miljoner\",\"publisher\":{\"@id\":\"https:\/\/creddo.com\/se\/#organization\"},\"potentialAction\":[{\"@type\":\"SearchAction\",\"target\":{\"@type\":\"EntryPoint\",\"urlTemplate\":\"https:\/\/creddo.com\/se\/?s={search_term_string}\"},\"query-input\":{\"@type\":\"PropertyValueSpecification\",\"valueRequired\":true,\"valueName\":\"search_term_string\"}}],\"inLanguage\":\"sv-SE\"},{\"@type\":\"Organization\",\"@id\":\"https:\/\/creddo.com\/se\/#organization\",\"name\":\"Creddo AB\",\"url\":\"https:\/\/creddo.com\/se\/\",\"logo\":{\"@type\":\"ImageObject\",\"inLanguage\":\"sv-SE\",\"@id\":\"https:\/\/creddo.com\/se\/#\/schema\/logo\/image\/\",\"url\":\"https:\/\/creddo.com\/se\/wp-content\/uploads\/2024\/04\/Creddo-logo-square.png\",\"contentUrl\":\"https:\/\/creddo.com\/se\/wp-content\/uploads\/2024\/04\/Creddo-logo-square.png\",\"width\":720,\"height\":720,\"caption\":\"Creddo AB\"},\"image\":{\"@id\":\"https:\/\/creddo.com\/se\/#\/schema\/logo\/image\/\"},\"sameAs\":[\"https:\/\/www.facebook.com\/creddose\",\"https:\/\/www.linkedin.com\/company\/creddo-ab\/\"]}]}<\/script>\n<!-- \/ Yoast SEO Premium plugin. -->","yoast_head_json":{"title":"Euro Finans f\u00f6retagsl\u00e5n - L\u00e5na upp till 1 miljoner kr - Creddo","description":"Euro Finans kan via Creddo erbjuda upp till 1 miljoner kr med en l\u00f6ptid p\u00e5 upp till 12 m\u00e5nader. L\u00e4gsta r\u00e4ntan f\u00f6r f\u00f6retagsfinansiering.","robots":{"index":"index","follow":"follow","max-snippet":"max-snippet:-1","max-image-preview":"max-image-preview:large","max-video-preview":"max-video-preview:-1"},"canonical":"https:\/\/creddo.com\/se\/langivare\/euro-finans\/","og_locale":"sv_SE","og_type":"article","og_title":"Euro Finans","og_description":"Kort om Euro Finans f\u00f6retagsl\u00e5n - Vi snackar inte, vi betalar Med Euro Finans kan du l\u00e5na upp till 1 000 000 kr Upp till 12 m\u00e5naders l\u00f6ptid Snabb","og_url":"https:\/\/creddo.com\/se\/langivare\/euro-finans\/","og_site_name":"Creddo","article_publisher":"https:\/\/www.facebook.com\/creddose","article_modified_time":"2025-12-31T09:10:56+00:00","og_image":[{"width":1200,"height":630,"url":"https:\/\/creddo.com\/se\/wp-content\/uploads\/2024\/07\/52.jpg","type":"image\/jpeg"}],"twitter_card":"summary_large_image","twitter_misc":{"Ber\u00e4knad l\u00e4stid":"2 minuter"},"schema":{"@context":"https:\/\/schema.org","@graph":[{"@type":"WebPage","@id":"https:\/\/creddo.com\/se\/langivare\/euro-finans\/","url":"https:\/\/creddo.com\/se\/langivare\/euro-finans\/","name":"Euro Finans f\u00f6retagsl\u00e5n - L\u00e5na upp till 1 miljoner kr - Creddo","isPartOf":{"@id":"https:\/\/creddo.com\/se\/#website"},"datePublished":"2023-07-26T12:47:33+00:00","dateModified":"2025-12-31T09:10:56+00:00","description":"Euro Finans kan via Creddo erbjuda upp till 1 miljoner kr med en l\u00f6ptid p\u00e5 upp till 12 m\u00e5nader. L\u00e4gsta r\u00e4ntan f\u00f6r f\u00f6retagsfinansiering.","breadcrumb":{"@id":"https:\/\/creddo.com\/se\/langivare\/euro-finans\/#breadcrumb"},"inLanguage":"sv-SE","potentialAction":[{"@type":"ReadAction","target":["https:\/\/creddo.com\/se\/langivare\/euro-finans\/"]}]},{"@type":"BreadcrumbList","@id":"https:\/\/creddo.com\/se\/langivare\/euro-finans\/#breadcrumb","itemListElement":[{"@type":"ListItem","position":1,"name":"Creddo.com","item":"https:\/\/creddo.com\/se\/"},{"@type":"ListItem","position":2,"name":"L\u00e5ngivare","item":"https:\/\/creddo.com\/se\/langivare\/"},{"@type":"ListItem","position":3,"name":"Euro Finans"}]},{"@type":"WebSite","@id":"https:\/\/creddo.com\/se\/#website","url":"https:\/\/creddo.com\/se\/","name":"Creddo","description":"J\u00e4mf\u00f6r f\u00f6retagsl\u00e5n upp till 10 miljoner","publisher":{"@id":"https:\/\/creddo.com\/se\/#organization"},"potentialAction":[{"@type":"SearchAction","target":{"@type":"EntryPoint","urlTemplate":"https:\/\/creddo.com\/se\/?s={search_term_string}"},"query-input":{"@type":"PropertyValueSpecification","valueRequired":true,"valueName":"search_term_string"}}],"inLanguage":"sv-SE"},{"@type":"Organization","@id":"https:\/\/creddo.com\/se\/#organization","name":"Creddo AB","url":"https:\/\/creddo.com\/se\/","logo":{"@type":"ImageObject","inLanguage":"sv-SE","@id":"https:\/\/creddo.com\/se\/#\/schema\/logo\/image\/","url":"https:\/\/creddo.com\/se\/wp-content\/uploads\/2024\/04\/Creddo-logo-square.png","contentUrl":"https:\/\/creddo.com\/se\/wp-content\/uploads\/2024\/04\/Creddo-logo-square.png","width":720,"height":720,"caption":"Creddo AB"},"image":{"@id":"https:\/\/creddo.com\/se\/#\/schema\/logo\/image\/"},"sameAs":["https:\/\/www.facebook.com\/creddose","https:\/\/www.linkedin.com\/company\/creddo-ab\/"]}]}},"lang":"sv","translations":{"sv":2915},"pll_sync_post":[],"_links":{"self":[{"href":"https:\/\/creddo.com\/se\/wp-json\/wp\/v2\/pages\/2915","targetHints":{"allow":["GET"]}}],"collection":[{"href":"https:\/\/creddo.com\/se\/wp-json\/wp\/v2\/pages"}],"about":[{"href":"https:\/\/creddo.com\/se\/wp-json\/wp\/v2\/types\/page"}],"author":[{"embeddable":true,"href":"https:\/\/creddo.com\/se\/wp-json\/wp\/v2\/users\/13"}],"replies":[{"embeddable":true,"href":"https:\/\/creddo.com\/se\/wp-json\/wp\/v2\/comments?post=2915"}],"version-history":[{"count":9,"href":"https:\/\/creddo.com\/se\/wp-json\/wp\/v2\/pages\/2915\/revisions"}],"predecessor-version":[{"id":5403,"href":"https:\/\/creddo.com\/se\/wp-json\/wp\/v2\/pages\/2915\/revisions\/5403"}],"up":[{"embeddable":true,"href":"https:\/\/creddo.com\/se\/wp-json\/wp\/v2\/pages\/2896"}],"wp:attachment":[{"href":"https:\/\/creddo.com\/se\/wp-json\/wp\/v2\/media?parent=2915"}],"curies":[{"name":"wp","href":"https:\/\/api.w.org\/{rel}","templated":true}]}}