{"id":2921,"date":"2023-07-26T14:50:26","date_gmt":"2023-07-26T12:50:26","guid":{"rendered":"https:\/\/stage.creddo.com\/se\/?page_id=2921"},"modified":"2025-11-18T15:33:55","modified_gmt":"2025-11-18T14:33:55","slug":"fedelta","status":"publish","type":"page","link":"https:\/\/creddo.com\/se\/langivare\/fedelta\/","title":{"rendered":"Fedelta"},"content":{"rendered":"\n<h2 class=\"wp-block-heading\" id=\"h-kort-om-fedelta-foretagslan-lan-upp-till-5-000-000-kr\"><strong><strong><strong><strong><strong><strong><strong><strong><strong><strong><strong>Kort om Fedelta f\u00f6retagsl\u00e5n &#8211; l\u00e5n upp till 5 000 000 kr<\/strong><\/strong><\/strong><\/strong><\/strong><\/strong><\/strong><\/strong><\/strong><\/strong><\/strong><\/h2>\n\n\n\n<p><\/p>\n\n\n\n<ul class=\"wp-block-list\">\n<li>L\u00e5na mellan 50 000 kronor &#8211; 5 000 000 kronor via Fedela f\u00f6retagsl\u00e5n eller 40 000 000 kronor med Fedelta Fastighetsl\u00e5n<\/li>\n\n\n\n<li>Upp till 60 m\u00e5naders l\u00f6ptid<\/li>\n\n\n\n<li>Fast, f\u00f6rm\u00e5nlig m\u00e5nadsavgift<\/li>\n\n\n\n<li>Fri f\u00f6rtidsl\u00f6sen<\/li>\n<\/ul>\n\n\n\n<p><\/p>\n\n\n\n<p>Via Creddo s\u00e5 kan du nu ans\u00f6ka om <a href=\"https:\/\/creddo.com\/se\/foretagslan\/\">l\u00e5n till f\u00f6retag <\/a>fr\u00e5n Fedelta f\u00f6retagsl\u00e5n p\u00e5 upp till 5 miljon kronor och 40 000 000 kronor med Fedelta Fastighetsl\u00e5n. F\u00f6r Fedelta s\u00e5 \u00e4r det viktigt att ni som kund upplever resan hos oss som trygg, flexibel och smidig och d\u00e4rf\u00f6r g\u00e5r det ofta v\u00e4ldigt fort fr\u00e5n att du v\u00e4ljer ett erbjudande via Creddo fr\u00e5n Fedelta tills att det blir ett utbetalt l\u00e5n. Skulle du vilja \u00e5terbetala l\u00e5net i f\u00f6rtid s\u00e5 tillkommer det inga extra kostnader, utan du kan f\u00f6rtidsl\u00f6sa n\u00e4r du vill och du betalar enbart f\u00f6r tiden som du nyttjat l\u00e5net.<\/p>\n\n\n\n<p><\/p>\n\n\n\n<h2 class=\"wp-block-heading\" id=\"h-fedelta-foretagslan\"><strong>Fedelta f\u00f6retagsl\u00e5n<\/strong><\/h2>\n\n\n\n<p>Via Creddo s\u00e5 kan du ans\u00f6ka om Fedeltas f\u00f6retagsl\u00e5n som \u00e4r l\u00e5n mellan 1 och 5 miljoner kronor med upp till 60 m\u00e5naders l\u00f6ptid. Den h\u00e4r finansieringsl\u00f6sningen \u00e4r l\u00e4mpad f\u00f6r dig som vill ta sitt f\u00f6retag till nya h\u00f6jder. N\u00e4r du v\u00e4ljer ett erbjudande fr\u00e5n Fedelta f\u00f6retagsl\u00e5n via Creddo s\u00e5 kan du f\u00f6rv\u00e4nta dig en personlig och flexibel service samt snabba utbetalningar vid godk\u00e4nt l\u00e5n.<\/p>\n\n\n\n<p><\/p>\n\n\n\n<h2 class=\"wp-block-heading\" id=\"h-fedelta-fastighetslan\"><strong>Fedelta fastighetsl\u00e5n<\/strong><\/h2>\n\n\n\n<p>Sen en tid tillbaka s\u00e5 kan du via Creddo \u00e4ven ans\u00f6ka om <a href=\"https:\/\/creddo.com\/se\/fastighetslan\/\">fastighetsfinansiering<\/a> hos Fedelta F\u00f6retagsl\u00e5n p\u00e5 upp till 40 000 000 kronor. Genom v\u00e5r tj\u00e4nst s\u00e5 kan du ans\u00f6ka och bel\u00e5na din fastighet upp till 80% av marknadsv\u00e4rdet till en individuell \u00e5rsr\u00e4nta fr\u00e5n 9%.<\/p>\n\n\n\n<p><\/p>\n\n\n\n<h2 class=\"wp-block-heading\" id=\"h-lan-till-nystartade-foretag\"><strong>L\u00e5n till nystartade f\u00f6retag<\/strong><\/h2>\n\n\n\n<p>Fedelta f\u00f6retagsl\u00e5n kan \u00e4ven erbjuda<a href=\"https:\/\/creddo.com\/se\/foretagslan\/foretagslan-till-nystartat-foretag\/\"> l\u00e5n till nystartade f\u00f6retag<\/a> i Sverige. De specialiserar sig p\u00e5 att st\u00f6dja entrepren\u00f6rer och hj\u00e4lpa dem att finansiera sin verksamhet i de tidiga stadierna. Fedelta f\u00f6rst\u00e5r de specifika behoven hos nystartade f\u00f6retag och erbjuder flexibla l\u00e5nevillkor samt personlig support f\u00f6r att hj\u00e4lpa dessa f\u00f6retag att v\u00e4xa och blomstra.<\/p>\n\n\n\n<p><\/p>\n\n\n\n<h2 class=\"wp-block-heading\" id=\"h-foretagslan-utan-sakerhet\"><strong><strong>F\u00f6retagsl\u00e5n utan s\u00e4kerhet<\/strong><\/strong><\/h2>\n\n\n\n<p>Fedelta f\u00f6retagsl\u00e5n kr\u00e4ver ofta minst en person som g\u00e5r i personlig borgen som s\u00e4kerhet. P\u00e5 belopp \u00f6ver 500 000 kronor kr\u00e4vs det minst tv\u00e5 personer som g\u00e5r i <a href=\"https:\/\/creddo.com\/se\/foretagslan\/personlig-borgen\/\">personlig borgen<\/a>.<\/p>\n\n\n\n<p><\/p>\n\n\n\n<h2 class=\"wp-block-heading\" id=\"h-varfor-ska-man-jamfora-foretagslan-med-creddo\"><strong>Varf\u00f6r ska man j\u00e4mf\u00f6ra f\u00f6retagsl\u00e5n med Creddo?<\/strong><\/h2>\n\n\n\n<p>N\u00e4r du ans\u00f6ker om ett f\u00f6retagsl\u00e5n hos Creddo s\u00e5 har du m\u00f6jlighet att f\u00e5 flera erbjudanden, men det registreras bara en kreditupplysning via UC. Via Creddo s\u00e5 f\u00e5r du en bra \u00f6verblick p\u00e5 vilka erbjudanden du f\u00e5r och vilket som passar dig och ditt f\u00f6retag b\u00e4st. Ut\u00f6ver detta s\u00e5 ist\u00e4llet f\u00f6r att ans\u00f6ka hos varje l\u00e5ngivare s\u00e5 sparar du b\u00e5de tid och energi genom att samla din ans\u00f6kan p\u00e5 samma st\u00e4lle.&nbsp;<\/p>\n\n\n\n<p><\/p>\n\n\n\n<p>Vi p\u00e5 Creddo tar inte ut n\u00e5gon avgift mot dig som f\u00f6retagare, utan f\u00e5r ist\u00e4llet en ers\u00e4ttning fr\u00e5n l\u00e5ngivaren vid utbetalt l\u00e5n.<\/p>\n\n\n\n<p><\/p>\n\n\n\n<h2 class=\"wp-block-heading\" id=\"h-sammanfattning-fedelta-foretagslan\"><strong><strong><strong><strong><strong><strong>Sammanfattning Fedelta<\/strong><\/strong><\/strong><\/strong><\/strong><\/strong> f\u00f6retagsl\u00e5n<\/h2>\n\n\n\n<p><\/p>\n\n\n\n<figure class=\"wp-block-table is-style-stripes\"><table class=\"has-fixed-layout\"><tbody><tr><td>L\u00e5nebelopp<\/td><td>50 000 &#8211; 40 000 000 kr<\/td><\/tr><tr><td>L\u00f6ptid<\/td><td>6 &#8211; 60 m\u00e5nader<\/td><\/tr><tr><td>Uppl\u00e4ggningsavgift<\/td><td>3-4% av l\u00e5nebeloppet<\/td><\/tr><tr><td>Personlig borgen<\/td><td>Ja<\/td><\/tr><tr><td>Aviavgift<\/td><td>Nej<\/td><\/tr><tr><td>Autogiro<\/td><td>Ja<\/td><\/tr><tr><td>Komplettering<\/td><td>Ja<\/td><\/tr><tr><td>BankID<\/td><td>Ja<\/td><\/tr><\/tbody><\/table><\/figure>\n\n\n\n<p>L\u00e4s Creddos <a href=\"https:\/\/creddo.com\/se\/langivare\/fedelta\/recension\/\">recension av Fedelta<\/a><\/p>\n","protected":false},"excerpt":{"rendered":"<p>Kort om Fedelta f\u00f6retagsl\u00e5n &#8211; l\u00e5n upp till 5 000 000 kr Via Creddo s\u00e5 kan du nu ans\u00f6ka om l\u00e5n till f\u00f6retag fr\u00e5n Fedelta f\u00f6retagsl\u00e5n p\u00e5 upp till 5 miljon kronor och 40 000 000 kronor med Fedelta Fastighetsl\u00e5n. F\u00f6r Fedelta s\u00e5 \u00e4r det viktigt att ni som kund upplever resan hos oss som [&hellip;]<\/p>\n","protected":false},"author":13,"featured_media":0,"parent":2896,"menu_order":0,"comment_status":"closed","ping_status":"closed","template":"empty-page-with-slider.php","meta":{"_acf_changed":false,"footnotes":""},"class_list":["post-2921","page","type-page","status-publish","hentry"],"acf":[],"yoast_head":"<!-- This site is optimized with the Yoast SEO Premium plugin v26.6 (Yoast SEO v26.8) - https:\/\/yoast.com\/product\/yoast-seo-premium-wordpress\/ -->\n<title>Fedelta f\u00f6retagsl\u00e5n - L\u00e5na upp till 5 miljoner kr | Creddo<\/title>\n<meta name=\"description\" content=\"Fedelta f\u00f6retagsl\u00e5n kan via Creddo erbjuda upp till 5 miljoner kr med en l\u00f6ptid p\u00e5 upp till 60 m\u00e5nader. L\u00e4gsta r\u00e4ntan och med 1 UC - J\u00e4mf\u00f6r\" \/>\n<meta name=\"robots\" content=\"index, follow, max-snippet:-1, max-image-preview:large, max-video-preview:-1\" \/>\n<link rel=\"canonical\" href=\"https:\/\/creddo.com\/se\/langivare\/fedelta\/\" \/>\n<meta property=\"og:locale\" content=\"sv_SE\" \/>\n<meta property=\"og:type\" content=\"article\" \/>\n<meta property=\"og:title\" content=\"Fedelta\" \/>\n<meta property=\"og:description\" content=\"Kort om Fedelta f\u00f6retagsl\u00e5n - l\u00e5n upp till 5 000 000 kr L\u00e5na mellan 50 000 kronor - 5 000 000 kronor via Fedela f\u00f6retagsl\u00e5n eller 40 000 000 kronor med\" \/>\n<meta property=\"og:url\" content=\"https:\/\/creddo.com\/se\/langivare\/fedelta\/\" \/>\n<meta property=\"og:site_name\" content=\"Creddo\" \/>\n<meta property=\"article:publisher\" content=\"https:\/\/www.facebook.com\/creddose\" \/>\n<meta property=\"article:modified_time\" content=\"2025-11-18T14:33:55+00:00\" \/>\n<meta property=\"og:image\" content=\"https:\/\/creddo.com\/se\/wp-content\/uploads\/2024\/07\/52.jpg\" \/>\n\t<meta property=\"og:image:width\" content=\"1200\" \/>\n\t<meta property=\"og:image:height\" content=\"630\" \/>\n\t<meta property=\"og:image:type\" content=\"image\/jpeg\" \/>\n<meta name=\"twitter:card\" content=\"summary_large_image\" \/>\n<meta name=\"twitter:label1\" content=\"Ber\u00e4knad l\u00e4stid\" \/>\n\t<meta name=\"twitter:data1\" content=\"3 minuter\" \/>\n<script type=\"application\/ld+json\" class=\"yoast-schema-graph\">{\"@context\":\"https:\/\/schema.org\",\"@graph\":[{\"@type\":\"WebPage\",\"@id\":\"https:\/\/creddo.com\/se\/langivare\/fedelta\/\",\"url\":\"https:\/\/creddo.com\/se\/langivare\/fedelta\/\",\"name\":\"Fedelta f\u00f6retagsl\u00e5n - L\u00e5na upp till 5 miljoner kr | Creddo\",\"isPartOf\":{\"@id\":\"https:\/\/creddo.com\/se\/#website\"},\"datePublished\":\"2023-07-26T12:50:26+00:00\",\"dateModified\":\"2025-11-18T14:33:55+00:00\",\"description\":\"Fedelta f\u00f6retagsl\u00e5n kan via Creddo erbjuda upp till 5 miljoner kr med en l\u00f6ptid p\u00e5 upp till 60 m\u00e5nader. L\u00e4gsta r\u00e4ntan och med 1 UC - J\u00e4mf\u00f6r\",\"breadcrumb\":{\"@id\":\"https:\/\/creddo.com\/se\/langivare\/fedelta\/#breadcrumb\"},\"inLanguage\":\"sv-SE\",\"potentialAction\":[{\"@type\":\"ReadAction\",\"target\":[\"https:\/\/creddo.com\/se\/langivare\/fedelta\/\"]}]},{\"@type\":\"BreadcrumbList\",\"@id\":\"https:\/\/creddo.com\/se\/langivare\/fedelta\/#breadcrumb\",\"itemListElement\":[{\"@type\":\"ListItem\",\"position\":1,\"name\":\"Creddo.com\",\"item\":\"https:\/\/creddo.com\/se\/\"},{\"@type\":\"ListItem\",\"position\":2,\"name\":\"L\u00e5ngivare\",\"item\":\"https:\/\/creddo.com\/se\/langivare\/\"},{\"@type\":\"ListItem\",\"position\":3,\"name\":\"Fedelta\"}]},{\"@type\":\"WebSite\",\"@id\":\"https:\/\/creddo.com\/se\/#website\",\"url\":\"https:\/\/creddo.com\/se\/\",\"name\":\"Creddo\",\"description\":\"J\u00e4mf\u00f6r f\u00f6retagsl\u00e5n upp till 10 miljoner\",\"publisher\":{\"@id\":\"https:\/\/creddo.com\/se\/#organization\"},\"potentialAction\":[{\"@type\":\"SearchAction\",\"target\":{\"@type\":\"EntryPoint\",\"urlTemplate\":\"https:\/\/creddo.com\/se\/?s={search_term_string}\"},\"query-input\":{\"@type\":\"PropertyValueSpecification\",\"valueRequired\":true,\"valueName\":\"search_term_string\"}}],\"inLanguage\":\"sv-SE\"},{\"@type\":\"Organization\",\"@id\":\"https:\/\/creddo.com\/se\/#organization\",\"name\":\"Creddo AB\",\"url\":\"https:\/\/creddo.com\/se\/\",\"logo\":{\"@type\":\"ImageObject\",\"inLanguage\":\"sv-SE\",\"@id\":\"https:\/\/creddo.com\/se\/#\/schema\/logo\/image\/\",\"url\":\"https:\/\/creddo.com\/se\/wp-content\/uploads\/2024\/04\/Creddo-logo-square.png\",\"contentUrl\":\"https:\/\/creddo.com\/se\/wp-content\/uploads\/2024\/04\/Creddo-logo-square.png\",\"width\":720,\"height\":720,\"caption\":\"Creddo AB\"},\"image\":{\"@id\":\"https:\/\/creddo.com\/se\/#\/schema\/logo\/image\/\"},\"sameAs\":[\"https:\/\/www.facebook.com\/creddose\",\"https:\/\/www.linkedin.com\/company\/creddo-ab\/\"]}]}<\/script>\n<!-- \/ Yoast SEO Premium plugin. -->","yoast_head_json":{"title":"Fedelta f\u00f6retagsl\u00e5n - L\u00e5na upp till 5 miljoner kr | Creddo","description":"Fedelta f\u00f6retagsl\u00e5n kan via Creddo erbjuda upp till 5 miljoner kr med en l\u00f6ptid p\u00e5 upp till 60 m\u00e5nader. L\u00e4gsta r\u00e4ntan och med 1 UC - J\u00e4mf\u00f6r","robots":{"index":"index","follow":"follow","max-snippet":"max-snippet:-1","max-image-preview":"max-image-preview:large","max-video-preview":"max-video-preview:-1"},"canonical":"https:\/\/creddo.com\/se\/langivare\/fedelta\/","og_locale":"sv_SE","og_type":"article","og_title":"Fedelta","og_description":"Kort om Fedelta f\u00f6retagsl\u00e5n - l\u00e5n upp till 5 000 000 kr L\u00e5na mellan 50 000 kronor - 5 000 000 kronor via Fedela f\u00f6retagsl\u00e5n eller 40 000 000 kronor med","og_url":"https:\/\/creddo.com\/se\/langivare\/fedelta\/","og_site_name":"Creddo","article_publisher":"https:\/\/www.facebook.com\/creddose","article_modified_time":"2025-11-18T14:33:55+00:00","og_image":[{"width":1200,"height":630,"url":"https:\/\/creddo.com\/se\/wp-content\/uploads\/2024\/07\/52.jpg","type":"image\/jpeg"}],"twitter_card":"summary_large_image","twitter_misc":{"Ber\u00e4knad l\u00e4stid":"3 minuter"},"schema":{"@context":"https:\/\/schema.org","@graph":[{"@type":"WebPage","@id":"https:\/\/creddo.com\/se\/langivare\/fedelta\/","url":"https:\/\/creddo.com\/se\/langivare\/fedelta\/","name":"Fedelta f\u00f6retagsl\u00e5n - L\u00e5na upp till 5 miljoner kr | Creddo","isPartOf":{"@id":"https:\/\/creddo.com\/se\/#website"},"datePublished":"2023-07-26T12:50:26+00:00","dateModified":"2025-11-18T14:33:55+00:00","description":"Fedelta f\u00f6retagsl\u00e5n kan via Creddo erbjuda upp till 5 miljoner kr med en l\u00f6ptid p\u00e5 upp till 60 m\u00e5nader. L\u00e4gsta r\u00e4ntan och med 1 UC - J\u00e4mf\u00f6r","breadcrumb":{"@id":"https:\/\/creddo.com\/se\/langivare\/fedelta\/#breadcrumb"},"inLanguage":"sv-SE","potentialAction":[{"@type":"ReadAction","target":["https:\/\/creddo.com\/se\/langivare\/fedelta\/"]}]},{"@type":"BreadcrumbList","@id":"https:\/\/creddo.com\/se\/langivare\/fedelta\/#breadcrumb","itemListElement":[{"@type":"ListItem","position":1,"name":"Creddo.com","item":"https:\/\/creddo.com\/se\/"},{"@type":"ListItem","position":2,"name":"L\u00e5ngivare","item":"https:\/\/creddo.com\/se\/langivare\/"},{"@type":"ListItem","position":3,"name":"Fedelta"}]},{"@type":"WebSite","@id":"https:\/\/creddo.com\/se\/#website","url":"https:\/\/creddo.com\/se\/","name":"Creddo","description":"J\u00e4mf\u00f6r f\u00f6retagsl\u00e5n upp till 10 miljoner","publisher":{"@id":"https:\/\/creddo.com\/se\/#organization"},"potentialAction":[{"@type":"SearchAction","target":{"@type":"EntryPoint","urlTemplate":"https:\/\/creddo.com\/se\/?s={search_term_string}"},"query-input":{"@type":"PropertyValueSpecification","valueRequired":true,"valueName":"search_term_string"}}],"inLanguage":"sv-SE"},{"@type":"Organization","@id":"https:\/\/creddo.com\/se\/#organization","name":"Creddo AB","url":"https:\/\/creddo.com\/se\/","logo":{"@type":"ImageObject","inLanguage":"sv-SE","@id":"https:\/\/creddo.com\/se\/#\/schema\/logo\/image\/","url":"https:\/\/creddo.com\/se\/wp-content\/uploads\/2024\/04\/Creddo-logo-square.png","contentUrl":"https:\/\/creddo.com\/se\/wp-content\/uploads\/2024\/04\/Creddo-logo-square.png","width":720,"height":720,"caption":"Creddo AB"},"image":{"@id":"https:\/\/creddo.com\/se\/#\/schema\/logo\/image\/"},"sameAs":["https:\/\/www.facebook.com\/creddose","https:\/\/www.linkedin.com\/company\/creddo-ab\/"]}]}},"lang":"sv","translations":{"sv":2921},"pll_sync_post":[],"_links":{"self":[{"href":"https:\/\/creddo.com\/se\/wp-json\/wp\/v2\/pages\/2921","targetHints":{"allow":["GET"]}}],"collection":[{"href":"https:\/\/creddo.com\/se\/wp-json\/wp\/v2\/pages"}],"about":[{"href":"https:\/\/creddo.com\/se\/wp-json\/wp\/v2\/types\/page"}],"author":[{"embeddable":true,"href":"https:\/\/creddo.com\/se\/wp-json\/wp\/v2\/users\/13"}],"replies":[{"embeddable":true,"href":"https:\/\/creddo.com\/se\/wp-json\/wp\/v2\/comments?post=2921"}],"version-history":[{"count":17,"href":"https:\/\/creddo.com\/se\/wp-json\/wp\/v2\/pages\/2921\/revisions"}],"predecessor-version":[{"id":5135,"href":"https:\/\/creddo.com\/se\/wp-json\/wp\/v2\/pages\/2921\/revisions\/5135"}],"up":[{"embeddable":true,"href":"https:\/\/creddo.com\/se\/wp-json\/wp\/v2\/pages\/2896"}],"wp:attachment":[{"href":"https:\/\/creddo.com\/se\/wp-json\/wp\/v2\/media?parent=2921"}],"curies":[{"name":"wp","href":"https:\/\/api.w.org\/{rel}","templated":true}]}}