{"id":2931,"date":"2023-07-26T14:53:15","date_gmt":"2023-07-26T12:53:15","guid":{"rendered":"https:\/\/stage.creddo.com\/se\/?page_id=2931"},"modified":"2025-12-29T15:57:19","modified_gmt":"2025-12-29T14:57:19","slug":"finly","status":"publish","type":"page","link":"https:\/\/creddo.com\/se\/langivare\/finly\/","title":{"rendered":"Finly"},"content":{"rendered":"\n<h2 class=\"wp-block-heading\" id=\"h-kort-om-finly-foretagslan-pengar-nar-du-behover-det\"><strong><strong><strong><strong><strong><strong><strong><strong><strong><strong><strong><strong>Kort om Finly f\u00f6retagsl\u00e5n &#8211; pengar n\u00e4r du beh\u00f6ver det!<\/strong><\/strong><\/strong><\/strong><\/strong><\/strong><\/strong><\/strong><\/strong><\/strong><\/strong><\/strong><\/h2>\n\n\n\n<p><\/p>\n\n\n\n<ul class=\"wp-block-list\">\n<li>F\u00e5 en digital checkkredit p\u00e5 upp till 1 500 000 kr<\/li>\n\n\n\n<li>Snabb och smidig ans\u00f6kan<\/li>\n\n\n\n<li>F\u00e5 tillg\u00e5ng till pengar n\u00e4r du beh\u00f6ver och betala enbart f\u00f6r nyttjad kredit<\/li>\n\n\n\n<li>Skr\u00e4ddarsydd \u00e5terbetalning som passar dig<\/li>\n<\/ul>\n\n\n\n<p><\/p>\n\n\n\n<p>Via Creddo har du nu m\u00f6jlighet att f\u00e5 tillg\u00e5ng till ett digitalt kreditutrymme hos Finly. Tack vare modern teknik s\u00e5 har man utvecklat en helt automatisk ans\u00f6kningsprocess d\u00e4r man bed\u00f6mer ditt bolags kreditv\u00e4rdighet i realtid. F\u00f6rutom att det g\u00e5r v\u00e4ldigt fort s\u00e5 \u00f6kar det m\u00f6jligheterna att fler seri\u00f6sa f\u00f6retagare kan f\u00e5 tillg\u00e5ng till extra finansiering.<\/p>\n\n\n\n<p><\/p>\n\n\n\n<h2 class=\"wp-block-heading\" id=\"h-finly-checkkredit\"><strong><strong>Finly checkkredit<\/strong><\/strong><\/h2>\n\n\n\n<p>Med Finlys <a href=\"https:\/\/creddo.com\/se\/checkkredit\/\">checkkredit<\/a> s\u00e5 f\u00e5r du en kostnadsfri buffert p\u00e5 upp till 1 500 000 kronor som du kan v\u00e4lja att nyttja n\u00e4r ditt bolag beh\u00f6ver det. Med en checkkredit s\u00e5 betalar du inga avgifter om du inte nyttjar krediten, vilket i l\u00e4ngden kommer spara dig och ditt f\u00f6retag pengar.<\/p>\n\n\n\n<p><\/p>\n\n\n\n<p>Du v\u00e4ljer sj\u00e4lv hur du vill \u00e5terbetala per m\u00e5nad, dock minst 4% av den totala skulden. Vill du betala tillbaka allt p\u00e5 en g\u00e5ng s\u00e5 kan du g\u00f6ra det och sedan kan du l\u00e5na upp hela utrymmet igen n\u00e4r bolaget beh\u00f6ver det.<\/p>\n\n\n\n<p><\/p>\n\n\n\n<h2 class=\"wp-block-heading\" id=\"h-finly-rantesankaren\"><strong><strong>Finly r\u00e4ntes\u00e4nkaren<\/strong><\/strong><\/h2>\n\n\n\n<p>Sen en tid tillbaka s\u00e5 kan du via Creddo \u00e4ven ans\u00f6ka om fastighetsfinansiering hos Fedelta p\u00e5 upp till 100 000 000 kronor. Via Creddo s\u00e5 kan du hos Finly f\u00e5 tillg\u00e5ng till r\u00e4ntes\u00e4nkaren. Med r\u00e4ntes\u00e4nkaren s\u00e5 kan du l\u00f6sa dina dyra befintliga f\u00f6retagsl\u00e5n till nya och b\u00e4ttre villkor. Det \u00e4r m\u00f6jligt att l\u00f6sa flera krediter samtidigt p\u00e5 sammanlagt upp till 1 000 000 kronor.<\/p>\n\n\n\n<p><\/p>\n\n\n\n<h2 class=\"wp-block-heading\" id=\"h-foretagslan-utan-sakerhet\"><strong><strong>F\u00f6retagsl\u00e5n utan s\u00e4kerhet<\/strong><\/strong><\/h2>\n\n\n\n<p>Finly kr\u00e4ver att du som styrelseledamot g\u00e5r i personlig borgen som <a href=\"https:\/\/creddo.com\/se\/foretagslan\/foretagslan-utan-sakerhet\/\">s\u00e4kerhet<\/a>, ut\u00f6ver det s\u00e5 beh\u00f6ver du inte kr\u00e5ngla med andra s\u00e4kerheter.<\/p>\n\n\n\n<p><\/p>\n\n\n\n<h2 class=\"wp-block-heading\" id=\"h-varfor-ska-man-jamfora-foretagslan-med-creddo\"><strong>Varf\u00f6r ska man j\u00e4mf\u00f6ra f\u00f6retagsl\u00e5n med Creddo?<\/strong><\/h2>\n\n\n\n<p>N\u00e4r du ans\u00f6ker om ett f\u00f6retagsl\u00e5n hos Creddo s\u00e5 har du m\u00f6jlighet att f\u00e5 flera erbjudanden, men det registreras bara en kreditupplysning via UC. Via Creddo s\u00e5 f\u00e5r du en bra \u00f6verblick p\u00e5 vilka erbjudanden du f\u00e5r och vilket som passar dig och ditt f\u00f6retag b\u00e4st. Ut\u00f6ver detta s\u00e5 ist\u00e4llet f\u00f6r att ans\u00f6ka hos varje l\u00e5ngivare s\u00e5 sparar du b\u00e5de tid och energi genom att samla din ans\u00f6kan p\u00e5 samma st\u00e4lle.&nbsp;<\/p>\n\n\n\n<p><\/p>\n\n\n\n<p>Vi p\u00e5 Creddo tar inte ut n\u00e5gon avgift mot dig som f\u00f6retagare, utan f\u00e5r ist\u00e4llet en ers\u00e4ttning fr\u00e5n l\u00e5ngivaren vid utbetalt l\u00e5n.<\/p>\n\n\n\n<p><\/p>\n\n\n\n<h2 class=\"wp-block-heading\" id=\"h-sammanfattning-finly\"><strong><strong><strong><strong><strong><strong>Sammanfattning <strong>Finly<\/strong><\/strong><\/strong><\/strong><\/strong><\/strong><\/strong><\/h2>\n\n\n\n<p><\/p>\n\n\n\n<figure class=\"wp-block-table is-style-stripes\"><table class=\"has-fixed-layout\"><tbody><tr><td>L\u00e5nebelopp<\/td><td>10 000 &#8211; 1 000 000 kr<\/td><\/tr><tr><td>L\u00f6ptid<\/td><td>Flexibel, minst 4% amortering per m\u00e5nad<\/td><\/tr><tr><td>Uppl\u00e4ggningsavgift<\/td><td>Nej<\/td><\/tr><tr><td>Personlig borgen<\/td><td>Ja<\/td><\/tr><tr><td>Aviavgift<\/td><td>Nej<\/td><\/tr><tr><td>Autogiro<\/td><td>Ja<\/td><\/tr><tr><td>Komplettering<\/td><td>Ja<\/td><\/tr><tr><td>BankID<\/td><td>Ja<\/td><\/tr><\/tbody><\/table><\/figure>\n","protected":false},"excerpt":{"rendered":"<p>Kort om Finly f\u00f6retagsl\u00e5n &#8211; pengar n\u00e4r du beh\u00f6ver det! Via Creddo har du nu m\u00f6jlighet att f\u00e5 tillg\u00e5ng till ett digitalt kreditutrymme hos Finly. Tack vare modern teknik s\u00e5 har man utvecklat en helt automatisk ans\u00f6kningsprocess d\u00e4r man bed\u00f6mer ditt bolags kreditv\u00e4rdighet i realtid. F\u00f6rutom att det g\u00e5r v\u00e4ldigt fort s\u00e5 \u00f6kar det m\u00f6jligheterna [&hellip;]<\/p>\n","protected":false},"author":13,"featured_media":0,"parent":2896,"menu_order":0,"comment_status":"closed","ping_status":"closed","template":"empty-page-with-slider.php","meta":{"_acf_changed":false,"footnotes":""},"class_list":["post-2931","page","type-page","status-publish","hentry"],"acf":[],"yoast_head":"<!-- This site is optimized with the Yoast SEO Premium plugin v26.6 (Yoast SEO v26.8) - https:\/\/yoast.com\/product\/yoast-seo-premium-wordpress\/ -->\n<title>Finly - Finansiering till \u00f6ver 1.5 miljoner kr - Creddo<\/title>\n<meta name=\"description\" content=\"Med hj\u00e4lp av den senaste tekniken s\u00e5 kan du snabbt och enkelt f\u00e5 tillg\u00e5ng till finansiering till ditt f\u00f6retag fr\u00e5n Finly p\u00e5 upp till 1 500 000 kr.\" \/>\n<meta name=\"robots\" content=\"index, follow, max-snippet:-1, max-image-preview:large, max-video-preview:-1\" \/>\n<link rel=\"canonical\" href=\"https:\/\/creddo.com\/se\/langivare\/finly\/\" \/>\n<meta property=\"og:locale\" content=\"sv_SE\" \/>\n<meta property=\"og:type\" content=\"article\" \/>\n<meta property=\"og:title\" content=\"Finly\" \/>\n<meta property=\"og:description\" content=\"Kort om Finly f\u00f6retagsl\u00e5n - pengar n\u00e4r du beh\u00f6ver det! F\u00e5 en digital checkkredit p\u00e5 upp till 1 500 000 kr Snabb och smidig ans\u00f6kan F\u00e5 tillg\u00e5ng till pengar\" \/>\n<meta property=\"og:url\" content=\"https:\/\/creddo.com\/se\/langivare\/finly\/\" \/>\n<meta property=\"og:site_name\" content=\"Creddo\" \/>\n<meta property=\"article:publisher\" content=\"https:\/\/www.facebook.com\/creddose\" \/>\n<meta property=\"article:modified_time\" content=\"2025-12-29T14:57:19+00:00\" \/>\n<meta property=\"og:image\" content=\"https:\/\/creddo.com\/se\/wp-content\/uploads\/2024\/07\/52.jpg\" \/>\n\t<meta property=\"og:image:width\" content=\"1200\" \/>\n\t<meta property=\"og:image:height\" content=\"630\" \/>\n\t<meta property=\"og:image:type\" content=\"image\/jpeg\" \/>\n<meta name=\"twitter:card\" content=\"summary_large_image\" \/>\n<meta name=\"twitter:label1\" content=\"Ber\u00e4knad l\u00e4stid\" \/>\n\t<meta name=\"twitter:data1\" content=\"3 minuter\" \/>\n<script type=\"application\/ld+json\" class=\"yoast-schema-graph\">{\"@context\":\"https:\/\/schema.org\",\"@graph\":[{\"@type\":\"WebPage\",\"@id\":\"https:\/\/creddo.com\/se\/langivare\/finly\/\",\"url\":\"https:\/\/creddo.com\/se\/langivare\/finly\/\",\"name\":\"Finly - Finansiering till \u00f6ver 1.5 miljoner kr - Creddo\",\"isPartOf\":{\"@id\":\"https:\/\/creddo.com\/se\/#website\"},\"datePublished\":\"2023-07-26T12:53:15+00:00\",\"dateModified\":\"2025-12-29T14:57:19+00:00\",\"description\":\"Med hj\u00e4lp av den senaste tekniken s\u00e5 kan du snabbt och enkelt f\u00e5 tillg\u00e5ng till finansiering till ditt f\u00f6retag fr\u00e5n Finly p\u00e5 upp till 1 500 000 kr.\",\"breadcrumb\":{\"@id\":\"https:\/\/creddo.com\/se\/langivare\/finly\/#breadcrumb\"},\"inLanguage\":\"sv-SE\",\"potentialAction\":[{\"@type\":\"ReadAction\",\"target\":[\"https:\/\/creddo.com\/se\/langivare\/finly\/\"]}]},{\"@type\":\"BreadcrumbList\",\"@id\":\"https:\/\/creddo.com\/se\/langivare\/finly\/#breadcrumb\",\"itemListElement\":[{\"@type\":\"ListItem\",\"position\":1,\"name\":\"Creddo.com\",\"item\":\"https:\/\/creddo.com\/se\/\"},{\"@type\":\"ListItem\",\"position\":2,\"name\":\"L\u00e5ngivare\",\"item\":\"https:\/\/creddo.com\/se\/langivare\/\"},{\"@type\":\"ListItem\",\"position\":3,\"name\":\"Finly\"}]},{\"@type\":\"WebSite\",\"@id\":\"https:\/\/creddo.com\/se\/#website\",\"url\":\"https:\/\/creddo.com\/se\/\",\"name\":\"Creddo\",\"description\":\"J\u00e4mf\u00f6r f\u00f6retagsl\u00e5n upp till 10 miljoner\",\"publisher\":{\"@id\":\"https:\/\/creddo.com\/se\/#organization\"},\"potentialAction\":[{\"@type\":\"SearchAction\",\"target\":{\"@type\":\"EntryPoint\",\"urlTemplate\":\"https:\/\/creddo.com\/se\/?s={search_term_string}\"},\"query-input\":{\"@type\":\"PropertyValueSpecification\",\"valueRequired\":true,\"valueName\":\"search_term_string\"}}],\"inLanguage\":\"sv-SE\"},{\"@type\":\"Organization\",\"@id\":\"https:\/\/creddo.com\/se\/#organization\",\"name\":\"Creddo AB\",\"url\":\"https:\/\/creddo.com\/se\/\",\"logo\":{\"@type\":\"ImageObject\",\"inLanguage\":\"sv-SE\",\"@id\":\"https:\/\/creddo.com\/se\/#\/schema\/logo\/image\/\",\"url\":\"https:\/\/creddo.com\/se\/wp-content\/uploads\/2024\/04\/Creddo-logo-square.png\",\"contentUrl\":\"https:\/\/creddo.com\/se\/wp-content\/uploads\/2024\/04\/Creddo-logo-square.png\",\"width\":720,\"height\":720,\"caption\":\"Creddo AB\"},\"image\":{\"@id\":\"https:\/\/creddo.com\/se\/#\/schema\/logo\/image\/\"},\"sameAs\":[\"https:\/\/www.facebook.com\/creddose\",\"https:\/\/www.linkedin.com\/company\/creddo-ab\/\"]}]}<\/script>\n<!-- \/ Yoast SEO Premium plugin. -->","yoast_head_json":{"title":"Finly - Finansiering till \u00f6ver 1.5 miljoner kr - Creddo","description":"Med hj\u00e4lp av den senaste tekniken s\u00e5 kan du snabbt och enkelt f\u00e5 tillg\u00e5ng till finansiering till ditt f\u00f6retag fr\u00e5n Finly p\u00e5 upp till 1 500 000 kr.","robots":{"index":"index","follow":"follow","max-snippet":"max-snippet:-1","max-image-preview":"max-image-preview:large","max-video-preview":"max-video-preview:-1"},"canonical":"https:\/\/creddo.com\/se\/langivare\/finly\/","og_locale":"sv_SE","og_type":"article","og_title":"Finly","og_description":"Kort om Finly f\u00f6retagsl\u00e5n - pengar n\u00e4r du beh\u00f6ver det! F\u00e5 en digital checkkredit p\u00e5 upp till 1 500 000 kr Snabb och smidig ans\u00f6kan F\u00e5 tillg\u00e5ng till pengar","og_url":"https:\/\/creddo.com\/se\/langivare\/finly\/","og_site_name":"Creddo","article_publisher":"https:\/\/www.facebook.com\/creddose","article_modified_time":"2025-12-29T14:57:19+00:00","og_image":[{"width":1200,"height":630,"url":"https:\/\/creddo.com\/se\/wp-content\/uploads\/2024\/07\/52.jpg","type":"image\/jpeg"}],"twitter_card":"summary_large_image","twitter_misc":{"Ber\u00e4knad l\u00e4stid":"3 minuter"},"schema":{"@context":"https:\/\/schema.org","@graph":[{"@type":"WebPage","@id":"https:\/\/creddo.com\/se\/langivare\/finly\/","url":"https:\/\/creddo.com\/se\/langivare\/finly\/","name":"Finly - Finansiering till \u00f6ver 1.5 miljoner kr - Creddo","isPartOf":{"@id":"https:\/\/creddo.com\/se\/#website"},"datePublished":"2023-07-26T12:53:15+00:00","dateModified":"2025-12-29T14:57:19+00:00","description":"Med hj\u00e4lp av den senaste tekniken s\u00e5 kan du snabbt och enkelt f\u00e5 tillg\u00e5ng till finansiering till ditt f\u00f6retag fr\u00e5n Finly p\u00e5 upp till 1 500 000 kr.","breadcrumb":{"@id":"https:\/\/creddo.com\/se\/langivare\/finly\/#breadcrumb"},"inLanguage":"sv-SE","potentialAction":[{"@type":"ReadAction","target":["https:\/\/creddo.com\/se\/langivare\/finly\/"]}]},{"@type":"BreadcrumbList","@id":"https:\/\/creddo.com\/se\/langivare\/finly\/#breadcrumb","itemListElement":[{"@type":"ListItem","position":1,"name":"Creddo.com","item":"https:\/\/creddo.com\/se\/"},{"@type":"ListItem","position":2,"name":"L\u00e5ngivare","item":"https:\/\/creddo.com\/se\/langivare\/"},{"@type":"ListItem","position":3,"name":"Finly"}]},{"@type":"WebSite","@id":"https:\/\/creddo.com\/se\/#website","url":"https:\/\/creddo.com\/se\/","name":"Creddo","description":"J\u00e4mf\u00f6r f\u00f6retagsl\u00e5n upp till 10 miljoner","publisher":{"@id":"https:\/\/creddo.com\/se\/#organization"},"potentialAction":[{"@type":"SearchAction","target":{"@type":"EntryPoint","urlTemplate":"https:\/\/creddo.com\/se\/?s={search_term_string}"},"query-input":{"@type":"PropertyValueSpecification","valueRequired":true,"valueName":"search_term_string"}}],"inLanguage":"sv-SE"},{"@type":"Organization","@id":"https:\/\/creddo.com\/se\/#organization","name":"Creddo AB","url":"https:\/\/creddo.com\/se\/","logo":{"@type":"ImageObject","inLanguage":"sv-SE","@id":"https:\/\/creddo.com\/se\/#\/schema\/logo\/image\/","url":"https:\/\/creddo.com\/se\/wp-content\/uploads\/2024\/04\/Creddo-logo-square.png","contentUrl":"https:\/\/creddo.com\/se\/wp-content\/uploads\/2024\/04\/Creddo-logo-square.png","width":720,"height":720,"caption":"Creddo AB"},"image":{"@id":"https:\/\/creddo.com\/se\/#\/schema\/logo\/image\/"},"sameAs":["https:\/\/www.facebook.com\/creddose","https:\/\/www.linkedin.com\/company\/creddo-ab\/"]}]}},"lang":"sv","translations":{"sv":2931},"pll_sync_post":[],"_links":{"self":[{"href":"https:\/\/creddo.com\/se\/wp-json\/wp\/v2\/pages\/2931","targetHints":{"allow":["GET"]}}],"collection":[{"href":"https:\/\/creddo.com\/se\/wp-json\/wp\/v2\/pages"}],"about":[{"href":"https:\/\/creddo.com\/se\/wp-json\/wp\/v2\/types\/page"}],"author":[{"embeddable":true,"href":"https:\/\/creddo.com\/se\/wp-json\/wp\/v2\/users\/13"}],"replies":[{"embeddable":true,"href":"https:\/\/creddo.com\/se\/wp-json\/wp\/v2\/comments?post=2931"}],"version-history":[{"count":6,"href":"https:\/\/creddo.com\/se\/wp-json\/wp\/v2\/pages\/2931\/revisions"}],"predecessor-version":[{"id":3510,"href":"https:\/\/creddo.com\/se\/wp-json\/wp\/v2\/pages\/2931\/revisions\/3510"}],"up":[{"embeddable":true,"href":"https:\/\/creddo.com\/se\/wp-json\/wp\/v2\/pages\/2896"}],"wp:attachment":[{"href":"https:\/\/creddo.com\/se\/wp-json\/wp\/v2\/media?parent=2931"}],"curies":[{"name":"wp","href":"https:\/\/api.w.org\/{rel}","templated":true}]}}