{"id":2942,"date":"2023-07-26T14:56:45","date_gmt":"2023-07-26T12:56:45","guid":{"rendered":"https:\/\/stage.creddo.com\/se\/?page_id=2942"},"modified":"2025-12-29T15:15:35","modified_gmt":"2025-12-29T14:15:35","slug":"bettre","status":"publish","type":"page","link":"https:\/\/creddo.com\/se\/langivare\/bettre\/","title":{"rendered":"Bettre"},"content":{"rendered":"\n<h2 class=\"wp-block-heading\" id=\"h-kort-om-bettre-fastighetslan-besked-efter-minuter\"><strong><strong><strong><strong><strong><strong><strong><strong><strong><strong><strong><strong><strong>Kort om Bettre fastighetsl\u00e5n &#8211; besked efter minuter<\/strong><\/strong><\/strong><\/strong><\/strong><\/strong><\/strong><\/strong><\/strong><\/strong><\/strong><\/strong><\/strong><\/h2>\n\n\n\n<p><\/p>\n\n\n\n<ul class=\"wp-block-list\">\n<li>Bettre l\u00e5ter dig ans\u00f6ka om fastighetsfinansiering upp till 200 miljoner kronor<\/li>\n\n\n\n<li>Upp till 60 m\u00e5nader l\u00f6ptid\n<ul class=\"wp-block-list\">\n<li>M\u00f6jlighet till omf\u00f6rhandling vid slutet av l\u00f6ptiden<\/li>\n<\/ul>\n<\/li>\n\n\n\n<li>Snabb och smidig ans\u00f6kan<\/li>\n\n\n\n<li>Snabba besked<\/li>\n\n\n\n<li>L\u00e5ng erfarenhet i branschen och specialister p\u00e5 fastigheter<\/li>\n<\/ul>\n\n\n\n<p><\/p>\n\n\n\n<p>Via Creddo har du nu m\u00f6jlighet att ans\u00f6ka om<a href=\"https:\/\/creddo.com\/se\/fastighetslan\/\"> fastighetsrelaterad<\/a> finansiering upp till 200 miljoner kronor. En ans\u00f6kan tar bara ett par minuter och vid komplett ans\u00f6kan s\u00e5 f\u00e5r du alltid ett erbjudande inom en arbetsdag. Tack vare modern teknologi s\u00e5 har man hos Bettre utvecklat ett system som leder till snabba och effektiva kreditbeslut efter att du har accepterat ett l\u00e5neerbjudande. De erbjuder fastighetsl\u00e5n upp till 90% av marknadsv\u00e4rdet p\u00e5 din fastighet.<\/p>\n\n\n\n<p><\/p>\n\n\n\n<h2 class=\"wp-block-heading\" id=\"h-bettre-byggnadskreditiv\"><strong><strong><strong>Bettre byggnadskreditiv<\/strong><\/strong><\/strong><\/h2>\n\n\n\n<p>Det har aldrig g\u00e5tt snabbare att bli beviljad ett byggnadskreditiv \u00e4n nu. Via Creddo s\u00e5 kan du f\u00e5 skr\u00e4ddarsydda villkor som \u00e4r anpassade efter dig och ditt l\u00e5nebehov. Efter att du har accepterat ett indikativt erbjudande fr\u00e5n Bettre via oss p\u00e5 Creddo s\u00e5 granskar Bettre din ans\u00f6kan i realtid vilket leder till korta ledtider och snabba beslut. F\u00f6r att kunna bli beviljade ett byggnadskreditiv hos Bettre beh\u00f6ver du \u00e4ga fastigheten sj\u00e4lv, finansiera minst 10% av projektet sj\u00e4lv samt inte ha n\u00e5got skuldsaldo hos Kronofogden.<\/p>\n\n\n\n<p><\/p>\n\n\n\n<h2 class=\"wp-block-heading\" id=\"h-bettre-refinansiering\"><strong><strong><strong>Bettre refinansiering<\/strong><\/strong><\/strong><\/h2>\n\n\n\n<p>Om du g\u00f6r en ans\u00f6kan via Creddo s\u00e5 kan du nu \u00e4ven se \u00f6ver och f\u00f6rb\u00e4ttra dina nuvarande fastighetskrediter och f\u00e5 b\u00e4ttre villkor tillsammans med Bettre. N\u00e4r du har accepterat ett indikativt l\u00e5neerbjudande fr\u00e5n Bettre s\u00e5 kan du ha ett besked inom en arbetsdag. De kan refinansiera upp till 90% av v\u00e4rdet p\u00e5 din fastighet till b\u00e4ttre villkor \u00e4n vad du har idag.<\/p>\n\n\n\n<p><\/p>\n\n\n\n<h2 class=\"wp-block-heading\" id=\"h-bettre-brygglan\"><strong><strong><strong>Bettre bryggl\u00e5n<\/strong><\/strong><\/strong><\/h2>\n\n\n\n<p>Ett bryggl\u00e5n kan anv\u00e4ndas n\u00e4r det finns kapital inom f\u00f6retaget som \u00e4r bundet i en fastighet. Ett bryggl\u00e5n \u00e4r anv\u00e4ndbart som en tillf\u00e4llig finansiering i v\u00e4ntan p\u00e5 att du f\u00e5r loss pengarna fr\u00e5n annat h\u00e5ll, till exempel f\u00f6rs\u00e4ljning av en eller flera fastigheter. Om du g\u00f6r en ans\u00f6kan via Creddo s\u00e5 kan du nu bli erbjuden upp till 18 m\u00e5naders l\u00f6ptid p\u00e5 bryggl\u00e5n fr\u00e5n Bettre.<\/p>\n\n\n\n<p><\/p>\n\n\n\n<h2 class=\"wp-block-heading\" id=\"h-bettre-fastighetsforvarv\"><strong><strong>Bettre fastighetsf\u00f6rv\u00e4rv<\/strong><\/strong><\/h2>\n\n\n\n<p>Bettre kan hj\u00e4lpa dig som f\u00f6retagare med b\u00e5de kort- och l\u00e5ngfristiga fastighetsl\u00e5n p\u00e5 upp till 200 miljoner kronor. Fr\u00e5n att du v\u00e4ljer ett indikativt erbjudande via Creddo s\u00e5 har du ett besked inom en arbetsdag. Via Creddo s\u00e5 kan du ans\u00f6ka om finansering f\u00f6r industrifastigheter, hyresfastigheter med antingen bost\u00e4der eller lokaler, tomtmark men \u00e4ven sm\u00e5hus med kommersiellt syfte.<\/p>\n\n\n\n<p><\/p>\n\n\n\n<h2 class=\"wp-block-heading\" id=\"h-bettre-foreningslan\"><strong>Bettre f\u00f6reningsl\u00e5n<\/strong><\/h2>\n\n\n\n<p>Via Creddo s\u00e5 kan Bettre erbjuda b\u00e5de sm\u00e5 och stora bostadsr\u00e4ttsf\u00f6reningar m\u00f6jlighet till slutfinansering av nyproduktion f\u00f6r bostadsr\u00e4tter hos Bettre. Det \u00e4r \u00e4ven m\u00f6jligt f\u00f6r f\u00f6reningar d\u00e4r man ombildar fr\u00e5n hyresr\u00e4tter till bostadsr\u00e4tter att hitta r\u00e4tt slutfinansiering.&nbsp;<\/p>\n\n\n\n<p><\/p>\n\n\n\n<p>F\u00f6r att veta om du kvalificerar f\u00f6r ett f\u00f6reningsl\u00e5n hos Bettre s\u00e5 beh\u00f6ver f\u00f6reningen minst 50% anslutningsgrad p\u00e5 tilltr\u00e4desdagen f\u00f6r att upphandla f\u00f6reningsl\u00e5n.<\/p>\n\n\n\n<p><\/p>\n\n\n\n<h2 class=\"wp-block-heading\" id=\"h-foretagslan-utan-sakerhet\"><strong>F\u00f6retagsl\u00e5n utan s\u00e4kerhet<\/strong><\/h2>\n\n\n\n<p>Bettre beh\u00f6ver att du l\u00e4mnar fastighetspant i motsvarande v\u00e4rde av s\u00f6kt finansiering.<\/p>\n\n\n\n<p><\/p>\n\n\n\n<h2 class=\"wp-block-heading\" id=\"h-varfor-ska-man-jamfora-foretagslan-med-creddo\"><strong>Varf\u00f6r ska man j\u00e4mf\u00f6ra f\u00f6retagsl\u00e5n med Creddo?<\/strong><\/h2>\n\n\n\n<p>N\u00e4r du ans\u00f6ker om ett f\u00f6retagsl\u00e5n hos Creddo s\u00e5 har du m\u00f6jlighet att f\u00e5 flera erbjudanden, men det registreras bara en kreditupplysning via UC. Via Creddo s\u00e5 f\u00e5r du en bra \u00f6verblick p\u00e5 vilka erbjudanden du f\u00e5r och vilket som passar dig och ditt f\u00f6retag b\u00e4st. Ut\u00f6ver detta s\u00e5 ist\u00e4llet f\u00f6r att ans\u00f6ka hos varje l\u00e5ngivare s\u00e5 sparar du b\u00e5de tid och energi genom att samla din ans\u00f6kan p\u00e5 samma st\u00e4lle.&nbsp;<\/p>\n\n\n\n<p><\/p>\n\n\n\n<p>Vi p\u00e5 Creddo tar inte ut n\u00e5gon avgift mot dig som f\u00f6retagare, utan f\u00e5r ist\u00e4llet en ers\u00e4ttning fr\u00e5n l\u00e5ngivaren vid utbetalt l\u00e5n.<\/p>\n\n\n\n<p><\/p>\n\n\n\n<h2 class=\"wp-block-heading\" id=\"h-sammanfattning-bettre\"><strong><strong><strong><strong><strong><strong>Sammanfattning <strong><strong>Bettre<\/strong><\/strong><\/strong><\/strong><\/strong><\/strong><\/strong><\/strong><\/h2>\n\n\n\n<p><\/p>\n\n\n\n<figure class=\"wp-block-table is-style-stripes\"><table class=\"has-fixed-layout\"><tbody><tr><td>L\u00e5nebelopp<\/td><td>1 000 000 &#8211; 200 000 000 kr<\/td><\/tr><tr><td>L\u00f6ptid<\/td><td>Upp till 60 m\u00e5nader, m\u00f6jlighet till f\u00f6rl\u00e4ngning<\/td><\/tr><tr><td>Uppl\u00e4ggningsavgift<\/td><td>2-3% av l\u00e5nebeloppet<\/td><\/tr><tr><td>Personlig borgen<\/td><td>Nej, men fastighetspant beh\u00f6vs<\/td><\/tr><tr><td>Aviavgift<\/td><td>Nej<\/td><\/tr><tr><td>Autogiro<\/td><td>Ja<\/td><\/tr><tr><td>Komplettering<\/td><td>Ja<\/td><\/tr><tr><td>BankID<\/td><td>Ja<\/td><\/tr><\/tbody><\/table><\/figure>\n","protected":false},"excerpt":{"rendered":"<p>Kort om Bettre fastighetsl\u00e5n &#8211; besked efter minuter Via Creddo har du nu m\u00f6jlighet att ans\u00f6ka om fastighetsrelaterad finansiering upp till 200 miljoner kronor. En ans\u00f6kan tar bara ett par minuter och vid komplett ans\u00f6kan s\u00e5 f\u00e5r du alltid ett erbjudande inom en arbetsdag. Tack vare modern teknologi s\u00e5 har man hos Bettre utvecklat ett [&hellip;]<\/p>\n","protected":false},"author":13,"featured_media":0,"parent":2896,"menu_order":0,"comment_status":"closed","ping_status":"closed","template":"empty-page-with-slider.php","meta":{"_acf_changed":false,"footnotes":""},"class_list":["post-2942","page","type-page","status-publish","hentry"],"acf":[],"yoast_head":"<!-- This site is optimized with the Yoast SEO Premium plugin v26.6 (Yoast SEO v26.8) - https:\/\/yoast.com\/product\/yoast-seo-premium-wordpress\/ -->\n<title>Bettre fastighetsl\u00e5n - Creddo<\/title>\n<meta name=\"description\" content=\"Bettre - Grundarna av den smarta checkkrediten Finly \u00e4r tillbaka med en smart och automatiserad tj\u00e4nst f\u00f6r fastighetsl\u00e5n. 1 UC med Creddo\" \/>\n<meta name=\"robots\" content=\"index, follow, max-snippet:-1, max-image-preview:large, max-video-preview:-1\" \/>\n<link rel=\"canonical\" href=\"https:\/\/creddo.com\/se\/langivare\/bettre\/\" \/>\n<meta property=\"og:locale\" content=\"sv_SE\" \/>\n<meta property=\"og:type\" content=\"article\" \/>\n<meta property=\"og:title\" content=\"Bettre\" \/>\n<meta property=\"og:description\" content=\"Kort om Bettre fastighetsl\u00e5n - besked efter minuter Bettre l\u00e5ter dig ans\u00f6ka om fastighetsfinansiering upp till 200 miljoner kronor Upp till 60 m\u00e5nader\" \/>\n<meta property=\"og:url\" content=\"https:\/\/creddo.com\/se\/langivare\/bettre\/\" \/>\n<meta property=\"og:site_name\" content=\"Creddo\" \/>\n<meta property=\"article:publisher\" content=\"https:\/\/www.facebook.com\/creddose\" \/>\n<meta property=\"article:modified_time\" content=\"2025-12-29T14:15:35+00:00\" \/>\n<meta property=\"og:image\" content=\"https:\/\/creddo.com\/se\/wp-content\/uploads\/2024\/07\/52.jpg\" \/>\n\t<meta property=\"og:image:width\" content=\"1200\" \/>\n\t<meta property=\"og:image:height\" content=\"630\" \/>\n\t<meta property=\"og:image:type\" content=\"image\/jpeg\" \/>\n<meta name=\"twitter:card\" content=\"summary_large_image\" \/>\n<meta name=\"twitter:label1\" content=\"Ber\u00e4knad l\u00e4stid\" \/>\n\t<meta name=\"twitter:data1\" content=\"4 minuter\" \/>\n<script type=\"application\/ld+json\" class=\"yoast-schema-graph\">{\"@context\":\"https:\/\/schema.org\",\"@graph\":[{\"@type\":\"WebPage\",\"@id\":\"https:\/\/creddo.com\/se\/langivare\/bettre\/\",\"url\":\"https:\/\/creddo.com\/se\/langivare\/bettre\/\",\"name\":\"Bettre fastighetsl\u00e5n - Creddo\",\"isPartOf\":{\"@id\":\"https:\/\/creddo.com\/se\/#website\"},\"datePublished\":\"2023-07-26T12:56:45+00:00\",\"dateModified\":\"2025-12-29T14:15:35+00:00\",\"description\":\"Bettre - Grundarna av den smarta checkkrediten Finly \u00e4r tillbaka med en smart och automatiserad tj\u00e4nst f\u00f6r fastighetsl\u00e5n. 1 UC med Creddo\",\"breadcrumb\":{\"@id\":\"https:\/\/creddo.com\/se\/langivare\/bettre\/#breadcrumb\"},\"inLanguage\":\"sv-SE\",\"potentialAction\":[{\"@type\":\"ReadAction\",\"target\":[\"https:\/\/creddo.com\/se\/langivare\/bettre\/\"]}]},{\"@type\":\"BreadcrumbList\",\"@id\":\"https:\/\/creddo.com\/se\/langivare\/bettre\/#breadcrumb\",\"itemListElement\":[{\"@type\":\"ListItem\",\"position\":1,\"name\":\"Creddo.com\",\"item\":\"https:\/\/creddo.com\/se\/\"},{\"@type\":\"ListItem\",\"position\":2,\"name\":\"L\u00e5ngivare\",\"item\":\"https:\/\/creddo.com\/se\/langivare\/\"},{\"@type\":\"ListItem\",\"position\":3,\"name\":\"Bettre\"}]},{\"@type\":\"WebSite\",\"@id\":\"https:\/\/creddo.com\/se\/#website\",\"url\":\"https:\/\/creddo.com\/se\/\",\"name\":\"Creddo\",\"description\":\"J\u00e4mf\u00f6r f\u00f6retagsl\u00e5n upp till 10 miljoner\",\"publisher\":{\"@id\":\"https:\/\/creddo.com\/se\/#organization\"},\"potentialAction\":[{\"@type\":\"SearchAction\",\"target\":{\"@type\":\"EntryPoint\",\"urlTemplate\":\"https:\/\/creddo.com\/se\/?s={search_term_string}\"},\"query-input\":{\"@type\":\"PropertyValueSpecification\",\"valueRequired\":true,\"valueName\":\"search_term_string\"}}],\"inLanguage\":\"sv-SE\"},{\"@type\":\"Organization\",\"@id\":\"https:\/\/creddo.com\/se\/#organization\",\"name\":\"Creddo AB\",\"url\":\"https:\/\/creddo.com\/se\/\",\"logo\":{\"@type\":\"ImageObject\",\"inLanguage\":\"sv-SE\",\"@id\":\"https:\/\/creddo.com\/se\/#\/schema\/logo\/image\/\",\"url\":\"https:\/\/creddo.com\/se\/wp-content\/uploads\/2024\/04\/Creddo-logo-square.png\",\"contentUrl\":\"https:\/\/creddo.com\/se\/wp-content\/uploads\/2024\/04\/Creddo-logo-square.png\",\"width\":720,\"height\":720,\"caption\":\"Creddo AB\"},\"image\":{\"@id\":\"https:\/\/creddo.com\/se\/#\/schema\/logo\/image\/\"},\"sameAs\":[\"https:\/\/www.facebook.com\/creddose\",\"https:\/\/www.linkedin.com\/company\/creddo-ab\/\"]}]}<\/script>\n<!-- \/ Yoast SEO Premium plugin. -->","yoast_head_json":{"title":"Bettre fastighetsl\u00e5n - Creddo","description":"Bettre - Grundarna av den smarta checkkrediten Finly \u00e4r tillbaka med en smart och automatiserad tj\u00e4nst f\u00f6r fastighetsl\u00e5n. 1 UC med Creddo","robots":{"index":"index","follow":"follow","max-snippet":"max-snippet:-1","max-image-preview":"max-image-preview:large","max-video-preview":"max-video-preview:-1"},"canonical":"https:\/\/creddo.com\/se\/langivare\/bettre\/","og_locale":"sv_SE","og_type":"article","og_title":"Bettre","og_description":"Kort om Bettre fastighetsl\u00e5n - besked efter minuter Bettre l\u00e5ter dig ans\u00f6ka om fastighetsfinansiering upp till 200 miljoner kronor Upp till 60 m\u00e5nader","og_url":"https:\/\/creddo.com\/se\/langivare\/bettre\/","og_site_name":"Creddo","article_publisher":"https:\/\/www.facebook.com\/creddose","article_modified_time":"2025-12-29T14:15:35+00:00","og_image":[{"width":1200,"height":630,"url":"https:\/\/creddo.com\/se\/wp-content\/uploads\/2024\/07\/52.jpg","type":"image\/jpeg"}],"twitter_card":"summary_large_image","twitter_misc":{"Ber\u00e4knad l\u00e4stid":"4 minuter"},"schema":{"@context":"https:\/\/schema.org","@graph":[{"@type":"WebPage","@id":"https:\/\/creddo.com\/se\/langivare\/bettre\/","url":"https:\/\/creddo.com\/se\/langivare\/bettre\/","name":"Bettre fastighetsl\u00e5n - Creddo","isPartOf":{"@id":"https:\/\/creddo.com\/se\/#website"},"datePublished":"2023-07-26T12:56:45+00:00","dateModified":"2025-12-29T14:15:35+00:00","description":"Bettre - Grundarna av den smarta checkkrediten Finly \u00e4r tillbaka med en smart och automatiserad tj\u00e4nst f\u00f6r fastighetsl\u00e5n. 1 UC med Creddo","breadcrumb":{"@id":"https:\/\/creddo.com\/se\/langivare\/bettre\/#breadcrumb"},"inLanguage":"sv-SE","potentialAction":[{"@type":"ReadAction","target":["https:\/\/creddo.com\/se\/langivare\/bettre\/"]}]},{"@type":"BreadcrumbList","@id":"https:\/\/creddo.com\/se\/langivare\/bettre\/#breadcrumb","itemListElement":[{"@type":"ListItem","position":1,"name":"Creddo.com","item":"https:\/\/creddo.com\/se\/"},{"@type":"ListItem","position":2,"name":"L\u00e5ngivare","item":"https:\/\/creddo.com\/se\/langivare\/"},{"@type":"ListItem","position":3,"name":"Bettre"}]},{"@type":"WebSite","@id":"https:\/\/creddo.com\/se\/#website","url":"https:\/\/creddo.com\/se\/","name":"Creddo","description":"J\u00e4mf\u00f6r f\u00f6retagsl\u00e5n upp till 10 miljoner","publisher":{"@id":"https:\/\/creddo.com\/se\/#organization"},"potentialAction":[{"@type":"SearchAction","target":{"@type":"EntryPoint","urlTemplate":"https:\/\/creddo.com\/se\/?s={search_term_string}"},"query-input":{"@type":"PropertyValueSpecification","valueRequired":true,"valueName":"search_term_string"}}],"inLanguage":"sv-SE"},{"@type":"Organization","@id":"https:\/\/creddo.com\/se\/#organization","name":"Creddo AB","url":"https:\/\/creddo.com\/se\/","logo":{"@type":"ImageObject","inLanguage":"sv-SE","@id":"https:\/\/creddo.com\/se\/#\/schema\/logo\/image\/","url":"https:\/\/creddo.com\/se\/wp-content\/uploads\/2024\/04\/Creddo-logo-square.png","contentUrl":"https:\/\/creddo.com\/se\/wp-content\/uploads\/2024\/04\/Creddo-logo-square.png","width":720,"height":720,"caption":"Creddo AB"},"image":{"@id":"https:\/\/creddo.com\/se\/#\/schema\/logo\/image\/"},"sameAs":["https:\/\/www.facebook.com\/creddose","https:\/\/www.linkedin.com\/company\/creddo-ab\/"]}]}},"lang":"sv","translations":{"sv":2942},"pll_sync_post":[],"_links":{"self":[{"href":"https:\/\/creddo.com\/se\/wp-json\/wp\/v2\/pages\/2942","targetHints":{"allow":["GET"]}}],"collection":[{"href":"https:\/\/creddo.com\/se\/wp-json\/wp\/v2\/pages"}],"about":[{"href":"https:\/\/creddo.com\/se\/wp-json\/wp\/v2\/types\/page"}],"author":[{"embeddable":true,"href":"https:\/\/creddo.com\/se\/wp-json\/wp\/v2\/users\/13"}],"replies":[{"embeddable":true,"href":"https:\/\/creddo.com\/se\/wp-json\/wp\/v2\/comments?post=2942"}],"version-history":[{"count":7,"href":"https:\/\/creddo.com\/se\/wp-json\/wp\/v2\/pages\/2942\/revisions"}],"predecessor-version":[{"id":5331,"href":"https:\/\/creddo.com\/se\/wp-json\/wp\/v2\/pages\/2942\/revisions\/5331"}],"up":[{"embeddable":true,"href":"https:\/\/creddo.com\/se\/wp-json\/wp\/v2\/pages\/2896"}],"wp:attachment":[{"href":"https:\/\/creddo.com\/se\/wp-json\/wp\/v2\/media?parent=2942"}],"curies":[{"name":"wp","href":"https:\/\/api.w.org\/{rel}","templated":true}]}}