{"id":2947,"date":"2023-07-26T14:58:30","date_gmt":"2023-07-26T12:58:30","guid":{"rendered":"https:\/\/stage.creddo.com\/se\/?page_id=2947"},"modified":"2026-01-07T18:47:11","modified_gmt":"2026-01-07T17:47:11","slug":"froda","status":"publish","type":"page","link":"https:\/\/creddo.com\/se\/langivare\/froda\/","title":{"rendered":"Froda"},"content":{"rendered":"\n<h2 class=\"wp-block-heading\" id=\"h-kort-om-froda-foretagslan\"><strong><strong><strong><strong><strong><strong><strong><strong><strong><strong><strong><strong><strong><strong>Kort om Froda f\u00f6retagsl\u00e5n<\/strong><\/strong><\/strong><\/strong><\/strong><\/strong><\/strong><\/strong><\/strong><\/strong><\/strong><\/strong><\/strong><\/strong><\/h2>\n\n\n\n<p><\/p>\n\n\n\n<ul class=\"wp-block-list\">\n<li>L\u00e5na upp till 5 000 000 kronor med Froda<\/li>\n\n\n\n<li>Mellan 1 &#8211; 60 m\u00e5nader l\u00f6ptid<\/li>\n\n\n\n<li>Konkurrenskraftiga villkor<\/li>\n\n\n\n<li>M\u00f6jlighet till amorteringsfrihet<\/li>\n<\/ul>\n\n\n\n<p><\/p>\n\n\n\n<p>Hos oss p\u00e5 Creddo s\u00e5 kan du ans\u00f6ka om <a href=\"https:\/\/creddo.com\/se\/foretagslan\/\">l\u00e5n till f\u00f6retag<\/a> p\u00e5 mellan 10 000 &#8211; 5 000 000 kronor hos Froda. Froda har lagt fokus p\u00e5 att skapa ett helt digitaliserat ans\u00f6kningsfl\u00f6de och tack vare modern teknologi s\u00e5 kan Froda bed\u00f6ma ditt bolags kreditv\u00e4rdighet snabbt med egna modeller. Du f\u00e5r ofta besked inom ett par minuter och om du accepterar ett erbjudande via Creddo s\u00e5 kan l\u00e5net betalas ut inom en arbetsdag.<\/p>\n\n\n\n<p><\/p>\n\n\n\n<p>Du \u00e5terbetalar <a href=\"https:\/\/creddo.com\/se\/foretagslan\/ranta\/\">r\u00e4nta <\/a>och <a href=\"https:\/\/creddo.com\/se\/foretagslan\/amortering\/\">amortering<\/a> antingen dagligen eller veckoligen via Autogiro, vad \u00e4n som passar b\u00e4st f\u00f6r dig och ditt f\u00f6retag. Om ditt f\u00f6retag upplever s\u00e4songsvariationer som p\u00e5verkar kassafl\u00f6det s\u00e5 \u00e4r det ocks\u00e5 m\u00f6jligt att f\u00e5 amorteringsfrihet under en viss period. Skulle du vilja \u00e5terbetala l\u00e5net i f\u00f6rtid s\u00e5 tillkommer det inga extra kostnader, utan du kan f\u00f6rtidsl\u00f6sa n\u00e4r du vill och du betalar enbart f\u00f6r tiden som du nyttjat l\u00e5net.<\/p>\n\n\n\n<p><\/p>\n\n\n\n<h3 class=\"wp-block-heading\" id=\"h-foretagslan-utan-sakerhet\"><strong>F\u00f6retagsl\u00e5n utan s\u00e4kerhet<\/strong><\/h3>\n\n\n\n<p>Hos Froda s\u00e5 kr\u00e4ver de ofta <a href=\"https:\/\/creddo.com\/se\/foretagslan\/personlig-borgen\/\">personlig borgen<\/a> som s\u00e4kerhet, p\u00e5 st\u00f6rre l\u00e5nebelopp s\u00e5 kan man beh\u00f6va kompletterande s\u00e4kerheter, s\u00e5som f\u00f6retagsinteckningar.<\/p>\n\n\n\n<h3 class=\"wp-block-heading\" id=\"h-senaste-nytt\">Senaste Nytt<\/h3>\n\n\n\n<p>I april 2025 tog Froda in 224 miljoner kronor f\u00f6r att accelera expansionen i Europa.<\/p>\n\n\n\n<h3 class=\"wp-block-heading\" id=\"h-sammanfattning-froda\"><strong><strong><strong><strong><strong><strong>Sammanfattning <strong><strong><strong>Froda<\/strong><\/strong><\/strong><\/strong><\/strong><\/strong><\/strong><\/strong><\/strong><\/h3>\n\n\n\n<p><\/p>\n\n\n\n<figure class=\"wp-block-table is-style-stripes\"><table class=\"has-fixed-layout\"><tbody><tr><td>L\u00e5nebelopp<\/td><td>10 000 &#8211; 5 000 000 kr<\/td><\/tr><tr><td>L\u00f6ptid<\/td><td>1 &#8211; 60 m\u00e5nader<\/td><\/tr><tr><td>Uppl\u00e4ggningsavgift<\/td><td>Nej<\/td><\/tr><tr><td>Personlig borgen<\/td><td>Ja<\/td><\/tr><tr><td>Aviavgift<\/td><td>Nej<\/td><\/tr><tr><td>Autogiro<\/td><td>Ja<\/td><\/tr><tr><td>Komplettering<\/td><td>Ja<\/td><\/tr><tr><td>BankID<\/td><td>Ja<\/td><\/tr><\/tbody><\/table><\/figure>\n\n\n\n<p><\/p>\n\n\n\n<h2 class=\"wp-block-heading\" id=\"h-detta-ar-creddos-recension-av-langivaren-froda\"><strong>Detta \u00e4r Creddos recension av l\u00e5ngivaren Froda<\/strong><\/h2>\n\n\n\n<p>Till skillnad fr\u00e5n m\u00e5nga andra l\u00e5ngivare, fokuserar Froda p\u00e5 f\u00f6retagsl\u00e5n. Froda g\u00f6r ett starkt intryck n\u00e4r det g\u00e4ller digitala f\u00f6retagsl\u00e5n. Deras process \u00e4r snabb, smidig och helt online, vilket g\u00f6r det enkelt f\u00f6r sm\u00e5f\u00f6retagare att ans\u00f6ka och f\u00e5 besked direkt \u2013 ofta inom minuter. Automatiserad kreditbed\u00f6mning och transparent priss\u00e4ttning \u00e4r ocks\u00e5 stora plus<\/p>\n\n\n\n<p>Denna artikel riktar sig s\u00e5ledes till er som driver enskild firma, handelsbolag eller aktiebolag.&nbsp;<\/p>\n\n\n\n<h3 class=\"wp-block-heading\" id=\"h-detta-erbjuder-froda-sina-kunder\"><strong><strong><strong><strong><strong><strong><strong>Detta erbjuder Froda sina kunder<\/strong><\/strong><\/strong><\/strong><\/strong><\/strong><\/strong><\/h3>\n\n\n\n<ul class=\"wp-block-list\">\n<li>L\u00e5nebelopp som motsvarar det aktuella f\u00f6retagets m\u00e5nadsoms\u00e4ttning, ibland h\u00f6gre beroende p\u00e5 hur v\u00e4l f\u00f6retaget sk\u00f6ts.&nbsp;<\/li>\n\n\n\n<li>Snabb kundservice \u2013 du ska kostnadsfritt f\u00e5 din offert inom ett par timmar.<\/li>\n\n\n\n<li>Flexibilitet \u2013 i Frodas system kan du sj\u00e4lv reglera \u00e5terbetalningstakt och belopp, samt tempor\u00e4rt pausa din \u00e5terbetalning.<\/li>\n<\/ul>\n\n\n\n<p><\/p>\n\n\n\n<h3 class=\"wp-block-heading\" id=\"h-enkelt-och-prisvart\"><strong><strong><strong><strong><strong><strong>Enkelt och prisv\u00e4rt<\/strong><\/strong><\/strong><\/strong><\/strong><\/strong><\/h3>\n\n\n\n<p>En anledning till att Froda har blivit en favorit hos de svenska f\u00f6retagarna \u00e4r deras l\u00e4gsta prisgaranti, som inneb\u00e4r att Froda alltid ska ligga p\u00e5 ett minst lika l\u00e5gt pris som andra l\u00e5ngivare. Om du som kund f\u00e5r ett mer f\u00f6rm\u00e5nligt erbjudande av en konkurrent, s\u00e5 lovar Froda att s\u00e4nka dina kostnader f\u00f6r att matcha detta.&nbsp;<\/p>\n\n\n\n<p>N\u00e5got annat Sveriges m\u00e5nga f\u00f6retagare uppskattar \u00e4r enkelhet. Dina avbetalningar till Froda dras automatiskt, via autogiro, fr\u00e5n din bank p\u00e5 daglig basis. Detta inneb\u00e4r att du \u2013 ist\u00e4llet f\u00f6r att betala en klumpsumma p\u00e5 exempelvis 10 000 kronor en g\u00e5ng i m\u00e5naden \u2013 betalar n\u00e5gra hundralappar varje vardag. P\u00e5 s\u00e5 vis blir det enklare f\u00f6r sm\u00e5f\u00f6retagaren att h\u00e5lla sin likviditet uppe. Dessutom, om du inte skulle kunna betala under en kortare period p\u00e5 grund av tempor\u00e4rt \u00f6kade utgifter, kan du pausa din \u00e5terbetalningsplan f\u00f6r en tid.&nbsp;<\/p>\n\n\n\n<p>Froda skickar sedan ut en sammanst\u00e4llning varje m\u00e5nad, med dina avbetalningar s\u00e5 att du enkelt kan redovisa alla dragningar som har gjorts.<\/p>\n\n\n\n<p><\/p>\n\n\n\n<h3 class=\"wp-block-heading\" id=\"h-din-ansokan-beviljas-snabbt-hos-froda\"><strong><strong><strong><strong><strong><strong>Din ans\u00f6kan beviljas snabbt hos Froda<\/strong><\/strong><\/strong><\/strong><\/strong><\/strong><\/h3>\n\n\n\n<p>Froda \u00e4r ocks\u00e5 en av de svenska akt\u00f6rer som \u00e4r snabbast p\u00e5 att hantera f\u00f6retagares l\u00e5neans\u00f6kan. N\u00e4r vi testade dem fick vi \u00e5terkoppling redan samma dag, d\u00e4refter dr\u00f6jde det inte mer \u00e4n en bankdag fr\u00e5n att l\u00e5net var signerat till att pengarna fanns p\u00e5 kontot. Sett till Frodas goda kundomd\u00f6men verkar detta ocks\u00e5 vara norm snarare \u00e4n undantag.<\/p>\n\n\n\n<p>Under l\u00e5neans\u00f6kan st\u00e4llde vi flera fr\u00e5gor om l\u00e5nevillkoren och deras kundtj\u00e4nst var snabb och behj\u00e4lplig till att svara \u00e4ven p\u00e5 de mer avancerade punkterna i deras l\u00e5neavtal, exempelvis om hur r\u00e4ntan kan komma att p\u00e5verkas av ekonomiskt os\u00e4kra tider.<\/p>\n\n\n\n<p><\/p>\n\n\n\n<h3 class=\"wp-block-heading\" id=\"h-nackdelar-med-froda\"><strong><strong><strong><strong><strong><strong>Nackdelar med Froda<\/strong><\/strong><\/strong><\/strong><\/strong><\/strong><\/h3>\n\n\n\n<p>Under v\u00e5ra tester har det varit anm\u00e4rkningsv\u00e4rt sv\u00e5rt att hitta n\u00e5gra direkta nackdelar med Froda, vars flexibilitet, kundservice och prisniv\u00e5 har legat p\u00e5 mycket h\u00f6g niv\u00e5. D\u00e4remot har vi f\u00f6rst\u00e5tt att vissa f\u00f6retag, d\u00e5 och d\u00e5, har haft problem med den digitala anslutningen till sin f\u00f6retagsbank. F\u00f6r att anv\u00e4nda Froda optimalt \u00e4r det s\u00e5ledes f\u00f6rdelaktigt att ha vara bekant med sin digitala banktj\u00e4nst, \u00e4ven om det inte \u00e4r ett krav.<\/p>\n\n\n\n<p><\/p>\n\n\n\n<h3 class=\"wp-block-heading\" id=\"h-sammanfattning\"><strong><strong><strong>Sammanfattning<\/strong><\/strong><\/strong><\/h3>\n\n\n\n<p>Efter att ha testat Frodas tj\u00e4nst \u00e4r vi p\u00e5 Creddo imponerade \u00f6ver hur smidigt och enkelt det har varit att: 1) beviljas ett l\u00e5n, 2) f\u00e5 tillg\u00e5ng till det l\u00e5nade kapitalet och 3) hantera ens \u00e5terbetalningar. Allt detta sker online! Sett till deras l\u00e4gsta prisgaranti och flexibiliteten i ens \u00e5terbetalningsplan finns det inte mycket att anm\u00e4rka p\u00e5, ut\u00f6ver att det kan vara bra f\u00f6r l\u00e5ngivaren att ha grundl\u00e4ggande insikt i sin dig<\/p>\n","protected":false},"excerpt":{"rendered":"<p>Kort om Froda f\u00f6retagsl\u00e5n Hos oss p\u00e5 Creddo s\u00e5 kan du ans\u00f6ka om l\u00e5n till f\u00f6retag p\u00e5 mellan 10 000 &#8211; 5 000 000 kronor hos Froda. Froda har lagt fokus p\u00e5 att skapa ett helt digitaliserat ans\u00f6kningsfl\u00f6de och tack vare modern teknologi s\u00e5 kan Froda bed\u00f6ma ditt bolags kreditv\u00e4rdighet snabbt med egna modeller. Du [&hellip;]<\/p>\n","protected":false},"author":13,"featured_media":0,"parent":2896,"menu_order":0,"comment_status":"closed","ping_status":"closed","template":"empty-page-with-slider.php","meta":{"_acf_changed":false,"footnotes":""},"class_list":["post-2947","page","type-page","status-publish","hentry"],"acf":[],"yoast_head":"<!-- This site is optimized with the Yoast SEO Premium plugin v26.6 (Yoast SEO v26.8) - https:\/\/yoast.com\/product\/yoast-seo-premium-wordpress\/ -->\n<title>Froda f\u00f6retagsl\u00e5n - L\u00e5na upp till 5 miljoner kr - Creddo<\/title>\n<meta name=\"description\" content=\"Froda kan via Creddo erbjuda f\u00f6retagare upp till 5 miljoner kr med en l\u00f6ptid p\u00e5 upp till 60 m\u00e5nader. L\u00e4gsta r\u00e4ntan f\u00f6r f\u00f6retagsfinansiering.\" \/>\n<meta name=\"robots\" content=\"index, follow, max-snippet:-1, max-image-preview:large, max-video-preview:-1\" \/>\n<link rel=\"canonical\" href=\"https:\/\/creddo.com\/se\/langivare\/froda\/\" \/>\n<meta property=\"og:locale\" content=\"sv_SE\" \/>\n<meta property=\"og:type\" content=\"article\" \/>\n<meta property=\"og:title\" content=\"Froda\" \/>\n<meta property=\"og:description\" content=\"Kort om Froda f\u00f6retagsl\u00e5n L\u00e5na upp till 5 000 000 kronor med Froda Mellan 1 - 60 m\u00e5nader l\u00f6ptid Konkurrenskraftiga villkor M\u00f6jlighet till\" \/>\n<meta property=\"og:url\" content=\"https:\/\/creddo.com\/se\/langivare\/froda\/\" \/>\n<meta property=\"og:site_name\" content=\"Creddo\" \/>\n<meta property=\"article:publisher\" content=\"https:\/\/www.facebook.com\/creddose\" \/>\n<meta property=\"article:modified_time\" content=\"2026-01-07T17:47:11+00:00\" \/>\n<meta property=\"og:image\" content=\"https:\/\/creddo.com\/se\/wp-content\/uploads\/2024\/07\/52.jpg\" \/>\n\t<meta property=\"og:image:width\" content=\"1200\" \/>\n\t<meta property=\"og:image:height\" content=\"630\" \/>\n\t<meta property=\"og:image:type\" content=\"image\/jpeg\" \/>\n<meta name=\"twitter:card\" content=\"summary_large_image\" \/>\n<meta name=\"twitter:label1\" content=\"Ber\u00e4knad l\u00e4stid\" \/>\n\t<meta name=\"twitter:data1\" content=\"5 minuter\" \/>\n<script type=\"application\/ld+json\" class=\"yoast-schema-graph\">{\"@context\":\"https:\/\/schema.org\",\"@graph\":[{\"@type\":\"WebPage\",\"@id\":\"https:\/\/creddo.com\/se\/langivare\/froda\/\",\"url\":\"https:\/\/creddo.com\/se\/langivare\/froda\/\",\"name\":\"Froda f\u00f6retagsl\u00e5n - L\u00e5na upp till 5 miljoner kr - Creddo\",\"isPartOf\":{\"@id\":\"https:\/\/creddo.com\/se\/#website\"},\"datePublished\":\"2023-07-26T12:58:30+00:00\",\"dateModified\":\"2026-01-07T17:47:11+00:00\",\"description\":\"Froda kan via Creddo erbjuda f\u00f6retagare upp till 5 miljoner kr med en l\u00f6ptid p\u00e5 upp till 60 m\u00e5nader. L\u00e4gsta r\u00e4ntan f\u00f6r f\u00f6retagsfinansiering.\",\"breadcrumb\":{\"@id\":\"https:\/\/creddo.com\/se\/langivare\/froda\/#breadcrumb\"},\"inLanguage\":\"sv-SE\",\"potentialAction\":[{\"@type\":\"ReadAction\",\"target\":[\"https:\/\/creddo.com\/se\/langivare\/froda\/\"]}]},{\"@type\":\"BreadcrumbList\",\"@id\":\"https:\/\/creddo.com\/se\/langivare\/froda\/#breadcrumb\",\"itemListElement\":[{\"@type\":\"ListItem\",\"position\":1,\"name\":\"Creddo.com\",\"item\":\"https:\/\/creddo.com\/se\/\"},{\"@type\":\"ListItem\",\"position\":2,\"name\":\"L\u00e5ngivare\",\"item\":\"https:\/\/creddo.com\/se\/langivare\/\"},{\"@type\":\"ListItem\",\"position\":3,\"name\":\"Froda\"}]},{\"@type\":\"WebSite\",\"@id\":\"https:\/\/creddo.com\/se\/#website\",\"url\":\"https:\/\/creddo.com\/se\/\",\"name\":\"Creddo\",\"description\":\"J\u00e4mf\u00f6r f\u00f6retagsl\u00e5n upp till 10 miljoner\",\"publisher\":{\"@id\":\"https:\/\/creddo.com\/se\/#organization\"},\"potentialAction\":[{\"@type\":\"SearchAction\",\"target\":{\"@type\":\"EntryPoint\",\"urlTemplate\":\"https:\/\/creddo.com\/se\/?s={search_term_string}\"},\"query-input\":{\"@type\":\"PropertyValueSpecification\",\"valueRequired\":true,\"valueName\":\"search_term_string\"}}],\"inLanguage\":\"sv-SE\"},{\"@type\":\"Organization\",\"@id\":\"https:\/\/creddo.com\/se\/#organization\",\"name\":\"Creddo AB\",\"url\":\"https:\/\/creddo.com\/se\/\",\"logo\":{\"@type\":\"ImageObject\",\"inLanguage\":\"sv-SE\",\"@id\":\"https:\/\/creddo.com\/se\/#\/schema\/logo\/image\/\",\"url\":\"https:\/\/creddo.com\/se\/wp-content\/uploads\/2024\/04\/Creddo-logo-square.png\",\"contentUrl\":\"https:\/\/creddo.com\/se\/wp-content\/uploads\/2024\/04\/Creddo-logo-square.png\",\"width\":720,\"height\":720,\"caption\":\"Creddo AB\"},\"image\":{\"@id\":\"https:\/\/creddo.com\/se\/#\/schema\/logo\/image\/\"},\"sameAs\":[\"https:\/\/www.facebook.com\/creddose\",\"https:\/\/www.linkedin.com\/company\/creddo-ab\/\"]}]}<\/script>\n<!-- \/ Yoast SEO Premium plugin. -->","yoast_head_json":{"title":"Froda f\u00f6retagsl\u00e5n - L\u00e5na upp till 5 miljoner kr - Creddo","description":"Froda kan via Creddo erbjuda f\u00f6retagare upp till 5 miljoner kr med en l\u00f6ptid p\u00e5 upp till 60 m\u00e5nader. L\u00e4gsta r\u00e4ntan f\u00f6r f\u00f6retagsfinansiering.","robots":{"index":"index","follow":"follow","max-snippet":"max-snippet:-1","max-image-preview":"max-image-preview:large","max-video-preview":"max-video-preview:-1"},"canonical":"https:\/\/creddo.com\/se\/langivare\/froda\/","og_locale":"sv_SE","og_type":"article","og_title":"Froda","og_description":"Kort om Froda f\u00f6retagsl\u00e5n L\u00e5na upp till 5 000 000 kronor med Froda Mellan 1 - 60 m\u00e5nader l\u00f6ptid Konkurrenskraftiga villkor M\u00f6jlighet till","og_url":"https:\/\/creddo.com\/se\/langivare\/froda\/","og_site_name":"Creddo","article_publisher":"https:\/\/www.facebook.com\/creddose","article_modified_time":"2026-01-07T17:47:11+00:00","og_image":[{"width":1200,"height":630,"url":"https:\/\/creddo.com\/se\/wp-content\/uploads\/2024\/07\/52.jpg","type":"image\/jpeg"}],"twitter_card":"summary_large_image","twitter_misc":{"Ber\u00e4knad l\u00e4stid":"5 minuter"},"schema":{"@context":"https:\/\/schema.org","@graph":[{"@type":"WebPage","@id":"https:\/\/creddo.com\/se\/langivare\/froda\/","url":"https:\/\/creddo.com\/se\/langivare\/froda\/","name":"Froda f\u00f6retagsl\u00e5n - L\u00e5na upp till 5 miljoner kr - Creddo","isPartOf":{"@id":"https:\/\/creddo.com\/se\/#website"},"datePublished":"2023-07-26T12:58:30+00:00","dateModified":"2026-01-07T17:47:11+00:00","description":"Froda kan via Creddo erbjuda f\u00f6retagare upp till 5 miljoner kr med en l\u00f6ptid p\u00e5 upp till 60 m\u00e5nader. L\u00e4gsta r\u00e4ntan f\u00f6r f\u00f6retagsfinansiering.","breadcrumb":{"@id":"https:\/\/creddo.com\/se\/langivare\/froda\/#breadcrumb"},"inLanguage":"sv-SE","potentialAction":[{"@type":"ReadAction","target":["https:\/\/creddo.com\/se\/langivare\/froda\/"]}]},{"@type":"BreadcrumbList","@id":"https:\/\/creddo.com\/se\/langivare\/froda\/#breadcrumb","itemListElement":[{"@type":"ListItem","position":1,"name":"Creddo.com","item":"https:\/\/creddo.com\/se\/"},{"@type":"ListItem","position":2,"name":"L\u00e5ngivare","item":"https:\/\/creddo.com\/se\/langivare\/"},{"@type":"ListItem","position":3,"name":"Froda"}]},{"@type":"WebSite","@id":"https:\/\/creddo.com\/se\/#website","url":"https:\/\/creddo.com\/se\/","name":"Creddo","description":"J\u00e4mf\u00f6r f\u00f6retagsl\u00e5n upp till 10 miljoner","publisher":{"@id":"https:\/\/creddo.com\/se\/#organization"},"potentialAction":[{"@type":"SearchAction","target":{"@type":"EntryPoint","urlTemplate":"https:\/\/creddo.com\/se\/?s={search_term_string}"},"query-input":{"@type":"PropertyValueSpecification","valueRequired":true,"valueName":"search_term_string"}}],"inLanguage":"sv-SE"},{"@type":"Organization","@id":"https:\/\/creddo.com\/se\/#organization","name":"Creddo AB","url":"https:\/\/creddo.com\/se\/","logo":{"@type":"ImageObject","inLanguage":"sv-SE","@id":"https:\/\/creddo.com\/se\/#\/schema\/logo\/image\/","url":"https:\/\/creddo.com\/se\/wp-content\/uploads\/2024\/04\/Creddo-logo-square.png","contentUrl":"https:\/\/creddo.com\/se\/wp-content\/uploads\/2024\/04\/Creddo-logo-square.png","width":720,"height":720,"caption":"Creddo AB"},"image":{"@id":"https:\/\/creddo.com\/se\/#\/schema\/logo\/image\/"},"sameAs":["https:\/\/www.facebook.com\/creddose","https:\/\/www.linkedin.com\/company\/creddo-ab\/"]}]}},"lang":"sv","translations":{"sv":2947},"pll_sync_post":[],"_links":{"self":[{"href":"https:\/\/creddo.com\/se\/wp-json\/wp\/v2\/pages\/2947","targetHints":{"allow":["GET"]}}],"collection":[{"href":"https:\/\/creddo.com\/se\/wp-json\/wp\/v2\/pages"}],"about":[{"href":"https:\/\/creddo.com\/se\/wp-json\/wp\/v2\/types\/page"}],"author":[{"embeddable":true,"href":"https:\/\/creddo.com\/se\/wp-json\/wp\/v2\/users\/13"}],"replies":[{"embeddable":true,"href":"https:\/\/creddo.com\/se\/wp-json\/wp\/v2\/comments?post=2947"}],"version-history":[{"count":28,"href":"https:\/\/creddo.com\/se\/wp-json\/wp\/v2\/pages\/2947\/revisions"}],"predecessor-version":[{"id":5435,"href":"https:\/\/creddo.com\/se\/wp-json\/wp\/v2\/pages\/2947\/revisions\/5435"}],"up":[{"embeddable":true,"href":"https:\/\/creddo.com\/se\/wp-json\/wp\/v2\/pages\/2896"}],"wp:attachment":[{"href":"https:\/\/creddo.com\/se\/wp-json\/wp\/v2\/media?parent=2947"}],"curies":[{"name":"wp","href":"https:\/\/api.w.org\/{rel}","templated":true}]}}