{"id":2952,"date":"2023-07-26T15:00:39","date_gmt":"2023-07-26T13:00:39","guid":{"rendered":"https:\/\/stage.creddo.com\/se\/?page_id=2952"},"modified":"2025-12-29T15:33:44","modified_gmt":"2025-12-29T14:33:44","slug":"fundingpartner","status":"publish","type":"page","link":"https:\/\/creddo.com\/se\/langivare\/fundingpartner\/","title":{"rendered":"FundingPartner"},"content":{"rendered":"\n<h2 class=\"wp-block-heading\" id=\"h-fundingpartner-fastighetslan\"><strong><strong><strong><strong><strong><strong><strong><strong><strong><strong><strong><strong><strong><strong><strong>FundingPartner fastighetsl\u00e5n<\/strong><\/strong><\/strong><\/strong><\/strong><\/strong><\/strong><\/strong><\/strong><\/strong><\/strong><\/strong><\/strong><\/strong><\/strong><\/h2>\n\n\n\n<p>FundingPartner kan erbjuda flexibla <a href=\"https:\/\/creddo.com\/se\/fastighetslan\/\">fastighetsl\u00e5n<\/a> till fastighetsutvecklare och bolag som beh\u00f6ver finansiera olika slag projekt. Hos FundingPartner finns det m\u00f6jlighet att du f\u00e5r upp till 80% av fastighetens v\u00e4rde i l\u00e5n. Hos FundingPartner f\u00e5r du en dedikerad kontaktperson som st\u00f6ttar dig genom hela ans\u00f6kningsprocessen och ser till att du snabbt f\u00e5r den hj\u00e4lp du beh\u00f6ver. Tack vare en effektiv process kan banken l\u00e4mna ett slutgiltigt l\u00e5neerbjudande inom en vecka.<\/p>\n\n\n\n<p><\/p>\n\n\n\n<h2 class=\"wp-block-heading\" id=\"h-fundingpartner-byggnadskreditiv\"><strong><strong>FundingPartner byggnadskreditiv<\/strong><\/strong><\/h2>\n\n\n\n<p>FundingPartner kan \u00e4ven hj\u00e4lpa fastighetsutvecklare med byggnadskreditiv. Ett byggnadskreditiv \u00e4r en tillf\u00e4llig finansieringsl\u00f6sning som du anv\u00e4nder under tiden du bygger en ny fastighet. Ofta s\u00e5 g\u00f6r man flera olika \u201clyft\u201d n\u00e4r byggnation g\u00e5r in i n\u00e4sta steg, detta \u00e4r ofta f\u00f6rdelaktigt d\u00e5 det enbart ackumulerar r\u00e4nta p\u00e5 nyttjade lyft, p\u00e5 s\u00e5 s\u00e4tt s\u00e5 h\u00e5ller du kostnaderna nere ist\u00e4llet f\u00f6r att ta ut hela l\u00e5nebeloppet fr\u00e5n b\u00f6rjan av projektet.<\/p>\n\n\n\n<p><\/p>\n\n\n\n<h2 class=\"wp-block-heading\" id=\"h-fundingpartner-tillvaxtlan\"><strong>FundingPartner tillv\u00e4xtl\u00e5n<\/strong><\/h2>\n\n\n\n<p>Via Creddo s\u00e5 kan man ocks\u00e5 f\u00e5 tillg\u00e5ng till tillv\u00e4xtl\u00e5n hos FundingPartner. Vare sig du beh\u00f6ver \u00f6kat kapital eller medel f\u00f6r att f\u00f6rv\u00e4rva en annan verksamhet s\u00e5 kan FundingPartner \u00e4ven hj\u00e4lpa till med det. FundingPartner erbjuder tillv\u00e4xtl\u00e5n som m\u00f6jligg\u00f6r \u00f6kat r\u00f6relsekapital, f\u00f6retagsf\u00f6rv\u00e4rv, investeringar eller kortfristig bryggfinansiering \u2013 allt som bidrar till att f\u00f6retaget kan v\u00e4xa och f\u00f6rb\u00e4ttra sin l\u00f6nsamhet. <\/p>\n\n\n\n<p><\/p>\n\n\n\n<h2 class=\"wp-block-heading\" id=\"h-foretagslan-utan-sakerhet\"><strong>F\u00f6retagsl\u00e5n utan s\u00e4kerhet<\/strong><\/h2>\n\n\n\n<p>Hos FundingPartner s\u00e5 beh\u00f6ver man ofta en som kan st\u00e5 som <a href=\"https:\/\/creddo.com\/se\/foretagslan\/personlig-borgen\/\">personlig borgen<\/a>. Ut\u00f6ver det, om finansieringen \u00e4r fastighetsrelaterade s\u00e5 kommer man beh\u00f6va fastighetspant som motsvarar l\u00e5nebeloppet.<\/p>\n\n\n\n<p><\/p>\n\n\n\n<h2 class=\"wp-block-heading\" id=\"h-varfor-ska-man-jamfora-foretagslan-med-creddo\"><strong>Varf\u00f6r ska man j\u00e4mf\u00f6ra f\u00f6retagsl\u00e5n med Creddo?<\/strong><\/h2>\n\n\n\n<p>N\u00e4r du ans\u00f6ker om ett f\u00f6retagsl\u00e5n hos Creddo s\u00e5 har du m\u00f6jlighet att f\u00e5 flera erbjudanden, men det registreras bara en kreditupplysning via UC. Via Creddo s\u00e5 f\u00e5r du en bra \u00f6verblick p\u00e5 vilka erbjudanden du f\u00e5r och vilket som passar dig och ditt f\u00f6retag b\u00e4st. Ut\u00f6ver detta s\u00e5 ist\u00e4llet f\u00f6r att ans\u00f6ka hos varje l\u00e5ngivare s\u00e5 sparar du b\u00e5de tid och energi genom att samla din ans\u00f6kan p\u00e5 samma st\u00e4lle.&nbsp;<\/p>\n\n\n\n<p><\/p>\n\n\n\n<p>Vi p\u00e5 Creddo tar inte ut n\u00e5gon avgift mot dig som f\u00f6retagare, utan f\u00e5r ist\u00e4llet en ers\u00e4ttning fr\u00e5n l\u00e5ngivaren vid utbetalt l\u00e5n.<\/p>\n\n\n\n<p><\/p>\n\n\n\n<h2 class=\"wp-block-heading\" id=\"h-sammanfattning-fundingpartner\"><strong><strong><strong><strong><strong><strong>Sammanfattning <strong><strong><strong><strong>FundingPartner<\/strong><\/strong><\/strong><\/strong><\/strong><\/strong><\/strong><\/strong><\/strong><\/strong><\/h2>\n\n\n\n<p><\/p>\n\n\n\n<figure class=\"wp-block-table is-style-stripes\"><table class=\"has-fixed-layout\"><tbody><tr><td>L\u00e5nebelopp<\/td><td>1 000 000 &#8211; 50 000 000 kr<\/td><\/tr><tr><td>L\u00f6ptid<\/td><td>1 &#8211; 60 m\u00e5nader<\/td><\/tr><tr><td>Uppl\u00e4ggningsavgift<\/td><td>2-3%<\/td><\/tr><tr><td>Personlig borgen<\/td><td>Ja<\/td><\/tr><tr><td>Aviavgift<\/td><td>Nej<\/td><\/tr><tr><td>Autogiro<\/td><td>Ja<\/td><\/tr><tr><td>Komplettering<\/td><td>Ja<\/td><\/tr><tr><td>BankID<\/td><td>Ja<\/td><\/tr><\/tbody><\/table><\/figure>\n","protected":false},"excerpt":{"rendered":"<p>FundingPartner fastighetsl\u00e5n FundingPartner kan erbjuda flexibla fastighetsl\u00e5n till fastighetsutvecklare och bolag som beh\u00f6ver finansiera olika slag projekt. Hos FundingPartner finns det m\u00f6jlighet att du f\u00e5r upp till 80% av fastighetens v\u00e4rde i l\u00e5n. Hos FundingPartner f\u00e5r du en dedikerad kontaktperson som st\u00f6ttar dig genom hela ans\u00f6kningsprocessen och ser till att du snabbt f\u00e5r den hj\u00e4lp [&hellip;]<\/p>\n","protected":false},"author":13,"featured_media":0,"parent":2896,"menu_order":0,"comment_status":"closed","ping_status":"closed","template":"empty-page-with-slider.php","meta":{"_acf_changed":false,"footnotes":""},"class_list":["post-2952","page","type-page","status-publish","hentry"],"acf":[],"yoast_head":"<!-- This site is optimized with the Yoast SEO Premium plugin v26.6 (Yoast SEO v26.8) - https:\/\/yoast.com\/product\/yoast-seo-premium-wordpress\/ -->\n<title>FundingPartner - Digital crowdfundingplattform - Creddo<\/title>\n<meta name=\"description\" content=\"Beh\u00f6ver ditt f\u00f6retag snabb finansiering? Creddo erbjuder f\u00f6retagsl\u00e5n via Fundingpartner. J\u00e4mf\u00f6r l\u00e5n \u2013 utan dolda avgifter!\" \/>\n<meta name=\"robots\" content=\"index, follow, max-snippet:-1, max-image-preview:large, max-video-preview:-1\" \/>\n<link rel=\"canonical\" href=\"https:\/\/creddo.com\/se\/langivare\/fundingpartner\/\" \/>\n<meta property=\"og:locale\" content=\"sv_SE\" \/>\n<meta property=\"og:type\" content=\"article\" \/>\n<meta property=\"og:title\" content=\"FundingPartner\" \/>\n<meta property=\"og:description\" content=\"FundingPartner fastighetsl\u00e5n FundingPartner kan erbjuda flexibla fastighetsl\u00e5n till fastighetsutvecklare och bolag som beh\u00f6ver finansiera olika slag\" \/>\n<meta property=\"og:url\" content=\"https:\/\/creddo.com\/se\/langivare\/fundingpartner\/\" \/>\n<meta property=\"og:site_name\" content=\"Creddo\" \/>\n<meta property=\"article:publisher\" content=\"https:\/\/www.facebook.com\/creddose\" \/>\n<meta property=\"article:modified_time\" content=\"2025-12-29T14:33:44+00:00\" \/>\n<meta property=\"og:image\" content=\"https:\/\/creddo.com\/se\/wp-content\/uploads\/2024\/07\/52.jpg\" \/>\n\t<meta property=\"og:image:width\" content=\"1200\" \/>\n\t<meta property=\"og:image:height\" content=\"630\" \/>\n\t<meta property=\"og:image:type\" content=\"image\/jpeg\" \/>\n<meta name=\"twitter:card\" content=\"summary_large_image\" \/>\n<meta name=\"twitter:label1\" content=\"Ber\u00e4knad l\u00e4stid\" \/>\n\t<meta name=\"twitter:data1\" content=\"2 minuter\" \/>\n<script type=\"application\/ld+json\" class=\"yoast-schema-graph\">{\"@context\":\"https:\/\/schema.org\",\"@graph\":[{\"@type\":\"WebPage\",\"@id\":\"https:\/\/creddo.com\/se\/langivare\/fundingpartner\/\",\"url\":\"https:\/\/creddo.com\/se\/langivare\/fundingpartner\/\",\"name\":\"FundingPartner - Digital crowdfundingplattform - Creddo\",\"isPartOf\":{\"@id\":\"https:\/\/creddo.com\/se\/#website\"},\"datePublished\":\"2023-07-26T13:00:39+00:00\",\"dateModified\":\"2025-12-29T14:33:44+00:00\",\"description\":\"Beh\u00f6ver ditt f\u00f6retag snabb finansiering? Creddo erbjuder f\u00f6retagsl\u00e5n via Fundingpartner. J\u00e4mf\u00f6r l\u00e5n \u2013 utan dolda avgifter!\",\"breadcrumb\":{\"@id\":\"https:\/\/creddo.com\/se\/langivare\/fundingpartner\/#breadcrumb\"},\"inLanguage\":\"sv-SE\",\"potentialAction\":[{\"@type\":\"ReadAction\",\"target\":[\"https:\/\/creddo.com\/se\/langivare\/fundingpartner\/\"]}]},{\"@type\":\"BreadcrumbList\",\"@id\":\"https:\/\/creddo.com\/se\/langivare\/fundingpartner\/#breadcrumb\",\"itemListElement\":[{\"@type\":\"ListItem\",\"position\":1,\"name\":\"Creddo.com\",\"item\":\"https:\/\/creddo.com\/se\/\"},{\"@type\":\"ListItem\",\"position\":2,\"name\":\"L\u00e5ngivare\",\"item\":\"https:\/\/creddo.com\/se\/langivare\/\"},{\"@type\":\"ListItem\",\"position\":3,\"name\":\"FundingPartner\"}]},{\"@type\":\"WebSite\",\"@id\":\"https:\/\/creddo.com\/se\/#website\",\"url\":\"https:\/\/creddo.com\/se\/\",\"name\":\"Creddo\",\"description\":\"J\u00e4mf\u00f6r f\u00f6retagsl\u00e5n upp till 10 miljoner\",\"publisher\":{\"@id\":\"https:\/\/creddo.com\/se\/#organization\"},\"potentialAction\":[{\"@type\":\"SearchAction\",\"target\":{\"@type\":\"EntryPoint\",\"urlTemplate\":\"https:\/\/creddo.com\/se\/?s={search_term_string}\"},\"query-input\":{\"@type\":\"PropertyValueSpecification\",\"valueRequired\":true,\"valueName\":\"search_term_string\"}}],\"inLanguage\":\"sv-SE\"},{\"@type\":\"Organization\",\"@id\":\"https:\/\/creddo.com\/se\/#organization\",\"name\":\"Creddo AB\",\"url\":\"https:\/\/creddo.com\/se\/\",\"logo\":{\"@type\":\"ImageObject\",\"inLanguage\":\"sv-SE\",\"@id\":\"https:\/\/creddo.com\/se\/#\/schema\/logo\/image\/\",\"url\":\"https:\/\/creddo.com\/se\/wp-content\/uploads\/2024\/04\/Creddo-logo-square.png\",\"contentUrl\":\"https:\/\/creddo.com\/se\/wp-content\/uploads\/2024\/04\/Creddo-logo-square.png\",\"width\":720,\"height\":720,\"caption\":\"Creddo AB\"},\"image\":{\"@id\":\"https:\/\/creddo.com\/se\/#\/schema\/logo\/image\/\"},\"sameAs\":[\"https:\/\/www.facebook.com\/creddose\",\"https:\/\/www.linkedin.com\/company\/creddo-ab\/\"]}]}<\/script>\n<!-- \/ Yoast SEO Premium plugin. -->","yoast_head_json":{"title":"FundingPartner - Digital crowdfundingplattform - Creddo","description":"Beh\u00f6ver ditt f\u00f6retag snabb finansiering? Creddo erbjuder f\u00f6retagsl\u00e5n via Fundingpartner. J\u00e4mf\u00f6r l\u00e5n \u2013 utan dolda avgifter!","robots":{"index":"index","follow":"follow","max-snippet":"max-snippet:-1","max-image-preview":"max-image-preview:large","max-video-preview":"max-video-preview:-1"},"canonical":"https:\/\/creddo.com\/se\/langivare\/fundingpartner\/","og_locale":"sv_SE","og_type":"article","og_title":"FundingPartner","og_description":"FundingPartner fastighetsl\u00e5n FundingPartner kan erbjuda flexibla fastighetsl\u00e5n till fastighetsutvecklare och bolag som beh\u00f6ver finansiera olika slag","og_url":"https:\/\/creddo.com\/se\/langivare\/fundingpartner\/","og_site_name":"Creddo","article_publisher":"https:\/\/www.facebook.com\/creddose","article_modified_time":"2025-12-29T14:33:44+00:00","og_image":[{"width":1200,"height":630,"url":"https:\/\/creddo.com\/se\/wp-content\/uploads\/2024\/07\/52.jpg","type":"image\/jpeg"}],"twitter_card":"summary_large_image","twitter_misc":{"Ber\u00e4knad l\u00e4stid":"2 minuter"},"schema":{"@context":"https:\/\/schema.org","@graph":[{"@type":"WebPage","@id":"https:\/\/creddo.com\/se\/langivare\/fundingpartner\/","url":"https:\/\/creddo.com\/se\/langivare\/fundingpartner\/","name":"FundingPartner - Digital crowdfundingplattform - Creddo","isPartOf":{"@id":"https:\/\/creddo.com\/se\/#website"},"datePublished":"2023-07-26T13:00:39+00:00","dateModified":"2025-12-29T14:33:44+00:00","description":"Beh\u00f6ver ditt f\u00f6retag snabb finansiering? Creddo erbjuder f\u00f6retagsl\u00e5n via Fundingpartner. J\u00e4mf\u00f6r l\u00e5n \u2013 utan dolda avgifter!","breadcrumb":{"@id":"https:\/\/creddo.com\/se\/langivare\/fundingpartner\/#breadcrumb"},"inLanguage":"sv-SE","potentialAction":[{"@type":"ReadAction","target":["https:\/\/creddo.com\/se\/langivare\/fundingpartner\/"]}]},{"@type":"BreadcrumbList","@id":"https:\/\/creddo.com\/se\/langivare\/fundingpartner\/#breadcrumb","itemListElement":[{"@type":"ListItem","position":1,"name":"Creddo.com","item":"https:\/\/creddo.com\/se\/"},{"@type":"ListItem","position":2,"name":"L\u00e5ngivare","item":"https:\/\/creddo.com\/se\/langivare\/"},{"@type":"ListItem","position":3,"name":"FundingPartner"}]},{"@type":"WebSite","@id":"https:\/\/creddo.com\/se\/#website","url":"https:\/\/creddo.com\/se\/","name":"Creddo","description":"J\u00e4mf\u00f6r f\u00f6retagsl\u00e5n upp till 10 miljoner","publisher":{"@id":"https:\/\/creddo.com\/se\/#organization"},"potentialAction":[{"@type":"SearchAction","target":{"@type":"EntryPoint","urlTemplate":"https:\/\/creddo.com\/se\/?s={search_term_string}"},"query-input":{"@type":"PropertyValueSpecification","valueRequired":true,"valueName":"search_term_string"}}],"inLanguage":"sv-SE"},{"@type":"Organization","@id":"https:\/\/creddo.com\/se\/#organization","name":"Creddo AB","url":"https:\/\/creddo.com\/se\/","logo":{"@type":"ImageObject","inLanguage":"sv-SE","@id":"https:\/\/creddo.com\/se\/#\/schema\/logo\/image\/","url":"https:\/\/creddo.com\/se\/wp-content\/uploads\/2024\/04\/Creddo-logo-square.png","contentUrl":"https:\/\/creddo.com\/se\/wp-content\/uploads\/2024\/04\/Creddo-logo-square.png","width":720,"height":720,"caption":"Creddo AB"},"image":{"@id":"https:\/\/creddo.com\/se\/#\/schema\/logo\/image\/"},"sameAs":["https:\/\/www.facebook.com\/creddose","https:\/\/www.linkedin.com\/company\/creddo-ab\/"]}]}},"lang":"sv","translations":{"sv":2952},"pll_sync_post":[],"_links":{"self":[{"href":"https:\/\/creddo.com\/se\/wp-json\/wp\/v2\/pages\/2952","targetHints":{"allow":["GET"]}}],"collection":[{"href":"https:\/\/creddo.com\/se\/wp-json\/wp\/v2\/pages"}],"about":[{"href":"https:\/\/creddo.com\/se\/wp-json\/wp\/v2\/types\/page"}],"author":[{"embeddable":true,"href":"https:\/\/creddo.com\/se\/wp-json\/wp\/v2\/users\/13"}],"replies":[{"embeddable":true,"href":"https:\/\/creddo.com\/se\/wp-json\/wp\/v2\/comments?post=2952"}],"version-history":[{"count":11,"href":"https:\/\/creddo.com\/se\/wp-json\/wp\/v2\/pages\/2952\/revisions"}],"predecessor-version":[{"id":5341,"href":"https:\/\/creddo.com\/se\/wp-json\/wp\/v2\/pages\/2952\/revisions\/5341"}],"up":[{"embeddable":true,"href":"https:\/\/creddo.com\/se\/wp-json\/wp\/v2\/pages\/2896"}],"wp:attachment":[{"href":"https:\/\/creddo.com\/se\/wp-json\/wp\/v2\/media?parent=2952"}],"curies":[{"name":"wp","href":"https:\/\/api.w.org\/{rel}","templated":true}]}}