{"id":2961,"date":"2023-07-26T15:02:22","date_gmt":"2023-07-26T13:02:22","guid":{"rendered":"https:\/\/stage.creddo.com\/se\/?page_id=2961"},"modified":"2025-12-29T15:26:47","modified_gmt":"2025-12-29T14:26:47","slug":"imh-finans","status":"publish","type":"page","link":"https:\/\/creddo.com\/se\/langivare\/imh-finans\/","title":{"rendered":"IMH Finans"},"content":{"rendered":"\n<h2 class=\"wp-block-heading\" id=\"h-kort-om-imh-finans-foretagslan\"><strong><strong><strong><strong><strong><strong><strong><strong><strong><strong><strong><strong><strong><strong><strong><strong>Kort om IMH Finans f\u00f6retagsl\u00e5n<\/strong><\/strong><\/strong><\/strong><\/strong><\/strong><\/strong><\/strong><\/strong><\/strong><\/strong><\/strong><\/strong><\/strong><\/strong><\/strong><\/h2>\n\n\n\n<p><\/p>\n\n\n\n<ul class=\"wp-block-list\">\n<li>L\u00e5na mellan 500 000 kr &#8211; 50 000 000 kr hos IMH Finans f\u00f6r att v\u00e4xa din verksamhet<\/li>\n\n\n\n<li>Flexibel l\u00f6ptid<\/li>\n\n\n\n<li>Tydliga villkor<\/li>\n\n\n\n<li>Specialister p\u00e5 fastigheter<\/li>\n<\/ul>\n\n\n\n<p><\/p>\n\n\n\n<p>Genom Creddo s\u00e5 kan sm\u00e5- och medelstora f\u00f6retagare f\u00e5 hj\u00e4lp att v\u00e4xa genom <a href=\"https:\/\/creddo.com\/se\/foretagslan\/snabba-foretagslan\/\">snabba l\u00e5n<\/a> hos IMH Finans. IMH Finans f\u00f6rst\u00e5r att ibland kan ett snabbt likviditetstillskott vara skillnaden mellan att g\u00f6ra en bra aff\u00e4r till att man helt enkelt beh\u00f6ver avst\u00e5 fr\u00e5n aff\u00e4ren. Hos IMH Finans f\u00e5r du en partner som l\u00e4gger stor vikt vid flexibilitet och engagemang, h\u00e4r f\u00e5r du en partner som kan hj\u00e4lpa dig hela v\u00e4gen fr\u00e5n start till m\u00e5l med din finansiering. <\/p>\n\n\n\n<p>IMH \u00e4r specialister p\u00e5: <\/p>\n\n\n\n<ul class=\"wp-block-list\">\n<li><a href=\"https:\/\/creddo.com\/se\/fastighetslan\/\">Fastighetsfinansiering<\/a><\/li>\n\n\n\n<li>L\u00e5n f\u00f6r olika slags f\u00f6rv\u00e4rv<\/li>\n\n\n\n<li>Utveckling eller ombyggnation av olika fastigheter<\/li>\n\n\n\n<li>Byggnadskreditiv<\/li>\n\n\n\n<li>Markutveckling<\/li>\n\n\n\n<li>Kortare bryggl\u00e5n<\/li>\n<\/ul>\n\n\n\n<p><\/p>\n\n\n\n<h2 class=\"wp-block-heading\" id=\"h-foretagslan-utan-sakerhet\"><strong>F\u00f6retagsl\u00e5n utan s\u00e4kerhet<\/strong><\/h2>\n\n\n\n<p>Hos IMH Finans s\u00e5 kr\u00e4ver man alltid borgen fr\u00e5n f\u00f6retagets \u00e4gare. Ut\u00f6ver detta s\u00e5 beh\u00f6ver man \u00e4ven pants\u00e4ttning av tomter, kommersiella- och privata fastigheter.<\/p>\n\n\n\n<p><\/p>\n\n\n\n<h2 class=\"wp-block-heading\" id=\"h-varfor-ska-man-jamfora-foretagslan-med-creddo\"><strong>Varf\u00f6r ska man j\u00e4mf\u00f6ra f\u00f6retagsl\u00e5n med Creddo?<\/strong><\/h2>\n\n\n\n<p>N\u00e4r du ans\u00f6ker om ett <a href=\"https:\/\/creddo.com\/se\/foretagslan\/smaforetag\/\">f\u00f6retagsl\u00e5n<\/a> hos Creddo s\u00e5 har du m\u00f6jlighet att f\u00e5 flera erbjudanden, men det registreras bara en kreditupplysning via UC. Via Creddo s\u00e5 f\u00e5r du en bra \u00f6verblick p\u00e5 vilka erbjudanden du f\u00e5r och vilket som passar dig och ditt f\u00f6retag b\u00e4st. Ut\u00f6ver detta s\u00e5 ist\u00e4llet f\u00f6r att ans\u00f6ka hos varje l\u00e5ngivare s\u00e5 sparar du b\u00e5de tid och energi genom att samla din ans\u00f6kan p\u00e5 samma st\u00e4lle.&nbsp;<\/p>\n\n\n\n<p><\/p>\n\n\n\n<p>Vi p\u00e5 Creddo tar inte ut n\u00e5gon avgift av dig som f\u00f6retagare. V\u00e5r tj\u00e4nst \u00e4r helt kostnadsfri att anv\u00e4nda, och ist\u00e4llet f\u00f6r att du ska betala n\u00e5got till oss f\u00e5r vi ers\u00e4ttning fr\u00e5n l\u00e5ngivaren f\u00f6rst n\u00e4r ett l\u00e5n har beviljats och betalats ut. Det inneb\u00e4r att du kan j\u00e4mf\u00f6ra olika finansieringsalternativ och f\u00e5 hj\u00e4lp genom hela processen utan extra kostnad eller f\u00f6rpliktelser.<\/p>\n\n\n\n<p><\/p>\n\n\n\n<h2 class=\"wp-block-heading\" id=\"h-sammanfattning-imh-finans\"><strong><strong><strong><strong><strong><strong><strong>Sammanfattning IMH Finans<\/strong><\/strong><\/strong><\/strong><\/strong><\/strong><\/strong><\/h2>\n\n\n\n<p><\/p>\n\n\n\n<figure class=\"wp-block-table is-style-stripes\"><table class=\"has-fixed-layout\"><tbody><tr><td>L\u00e5nebelopp<\/td><td>500 000 &#8211; 50 000 000 kr<\/td><\/tr><tr><td>L\u00f6ptid<\/td><td>1 &#8211; 24 m\u00e5nader (i vissa fall upp till 36 m\u00e5nader)<\/td><\/tr><tr><td>Uppl\u00e4ggningsavgift<\/td><td>2-3%<\/td><\/tr><tr><td>Personlig borgen<\/td><td>Ja<\/td><\/tr><tr><td>Aviavgift<\/td><td>Nej<\/td><\/tr><tr><td>Autogiro<\/td><td>Ja<\/td><\/tr><tr><td>Komplettering<\/td><td>Ja<\/td><\/tr><tr><td>BankID<\/td><td>Ja<\/td><\/tr><\/tbody><\/table><\/figure>\n","protected":false},"excerpt":{"rendered":"<p>Kort om IMH Finans f\u00f6retagsl\u00e5n Genom Creddo s\u00e5 kan sm\u00e5- och medelstora f\u00f6retagare f\u00e5 hj\u00e4lp att v\u00e4xa genom snabba l\u00e5n hos IMH Finans. IMH Finans f\u00f6rst\u00e5r att ibland kan ett snabbt likviditetstillskott vara skillnaden mellan att g\u00f6ra en bra aff\u00e4r till att man helt enkelt beh\u00f6ver avst\u00e5 fr\u00e5n aff\u00e4ren. Hos IMH Finans f\u00e5r du en [&hellip;]<\/p>\n","protected":false},"author":13,"featured_media":0,"parent":2896,"menu_order":0,"comment_status":"closed","ping_status":"closed","template":"empty-page-with-slider.php","meta":{"_acf_changed":false,"footnotes":""},"class_list":["post-2961","page","type-page","status-publish","hentry"],"acf":[],"yoast_head":"<!-- This site is optimized with the Yoast SEO Premium plugin v26.6 (Yoast SEO v26.8) - https:\/\/yoast.com\/product\/yoast-seo-premium-wordpress\/ -->\n<title>IMH Finans f\u00f6retagsl\u00e5n - L\u00e5na upp till 10 miljoner kr<\/title>\n<meta name=\"description\" content=\"IMH Finans kan via Creddo erbjuda upp till 10 miljoner kr med en l\u00f6ptid p\u00e5 upp till 60 m\u00e5nader. L\u00e4gsta r\u00e4ntan f\u00f6r f\u00f6retagsfinansiering. 1 UC\" \/>\n<meta name=\"robots\" content=\"index, follow, max-snippet:-1, max-image-preview:large, max-video-preview:-1\" \/>\n<link rel=\"canonical\" href=\"https:\/\/creddo.com\/se\/langivare\/imh-finans\/\" \/>\n<meta property=\"og:locale\" content=\"sv_SE\" \/>\n<meta property=\"og:type\" content=\"article\" \/>\n<meta property=\"og:title\" content=\"IMH Finans\" \/>\n<meta property=\"og:description\" content=\"Kort om IMH Finans f\u00f6retagsl\u00e5n L\u00e5na mellan 500 000 kr - 50 000 000 kr hos IMH Finans f\u00f6r att v\u00e4xa din verksamhet Flexibel l\u00f6ptid Tydliga villkor\" \/>\n<meta property=\"og:url\" content=\"https:\/\/creddo.com\/se\/langivare\/imh-finans\/\" \/>\n<meta property=\"og:site_name\" content=\"Creddo\" \/>\n<meta property=\"article:publisher\" content=\"https:\/\/www.facebook.com\/creddose\" \/>\n<meta property=\"article:modified_time\" content=\"2025-12-29T14:26:47+00:00\" \/>\n<meta property=\"og:image\" content=\"https:\/\/creddo.com\/se\/wp-content\/uploads\/2024\/07\/52.jpg\" \/>\n\t<meta property=\"og:image:width\" content=\"1200\" \/>\n\t<meta property=\"og:image:height\" content=\"630\" \/>\n\t<meta property=\"og:image:type\" content=\"image\/jpeg\" \/>\n<meta name=\"twitter:card\" content=\"summary_large_image\" \/>\n<meta name=\"twitter:label1\" content=\"Ber\u00e4knad l\u00e4stid\" \/>\n\t<meta name=\"twitter:data1\" content=\"2 minuter\" \/>\n<script type=\"application\/ld+json\" class=\"yoast-schema-graph\">{\"@context\":\"https:\/\/schema.org\",\"@graph\":[{\"@type\":\"WebPage\",\"@id\":\"https:\/\/creddo.com\/se\/langivare\/imh-finans\/\",\"url\":\"https:\/\/creddo.com\/se\/langivare\/imh-finans\/\",\"name\":\"IMH Finans f\u00f6retagsl\u00e5n - L\u00e5na upp till 10 miljoner kr\",\"isPartOf\":{\"@id\":\"https:\/\/creddo.com\/se\/#website\"},\"datePublished\":\"2023-07-26T13:02:22+00:00\",\"dateModified\":\"2025-12-29T14:26:47+00:00\",\"description\":\"IMH Finans kan via Creddo erbjuda upp till 10 miljoner kr med en l\u00f6ptid p\u00e5 upp till 60 m\u00e5nader. L\u00e4gsta r\u00e4ntan f\u00f6r f\u00f6retagsfinansiering. 1 UC\",\"breadcrumb\":{\"@id\":\"https:\/\/creddo.com\/se\/langivare\/imh-finans\/#breadcrumb\"},\"inLanguage\":\"sv-SE\",\"potentialAction\":[{\"@type\":\"ReadAction\",\"target\":[\"https:\/\/creddo.com\/se\/langivare\/imh-finans\/\"]}]},{\"@type\":\"BreadcrumbList\",\"@id\":\"https:\/\/creddo.com\/se\/langivare\/imh-finans\/#breadcrumb\",\"itemListElement\":[{\"@type\":\"ListItem\",\"position\":1,\"name\":\"Creddo.com\",\"item\":\"https:\/\/creddo.com\/se\/\"},{\"@type\":\"ListItem\",\"position\":2,\"name\":\"L\u00e5ngivare\",\"item\":\"https:\/\/creddo.com\/se\/langivare\/\"},{\"@type\":\"ListItem\",\"position\":3,\"name\":\"IMH Finans\"}]},{\"@type\":\"WebSite\",\"@id\":\"https:\/\/creddo.com\/se\/#website\",\"url\":\"https:\/\/creddo.com\/se\/\",\"name\":\"Creddo\",\"description\":\"J\u00e4mf\u00f6r f\u00f6retagsl\u00e5n upp till 10 miljoner\",\"publisher\":{\"@id\":\"https:\/\/creddo.com\/se\/#organization\"},\"potentialAction\":[{\"@type\":\"SearchAction\",\"target\":{\"@type\":\"EntryPoint\",\"urlTemplate\":\"https:\/\/creddo.com\/se\/?s={search_term_string}\"},\"query-input\":{\"@type\":\"PropertyValueSpecification\",\"valueRequired\":true,\"valueName\":\"search_term_string\"}}],\"inLanguage\":\"sv-SE\"},{\"@type\":\"Organization\",\"@id\":\"https:\/\/creddo.com\/se\/#organization\",\"name\":\"Creddo AB\",\"url\":\"https:\/\/creddo.com\/se\/\",\"logo\":{\"@type\":\"ImageObject\",\"inLanguage\":\"sv-SE\",\"@id\":\"https:\/\/creddo.com\/se\/#\/schema\/logo\/image\/\",\"url\":\"https:\/\/creddo.com\/se\/wp-content\/uploads\/2024\/04\/Creddo-logo-square.png\",\"contentUrl\":\"https:\/\/creddo.com\/se\/wp-content\/uploads\/2024\/04\/Creddo-logo-square.png\",\"width\":720,\"height\":720,\"caption\":\"Creddo AB\"},\"image\":{\"@id\":\"https:\/\/creddo.com\/se\/#\/schema\/logo\/image\/\"},\"sameAs\":[\"https:\/\/www.facebook.com\/creddose\",\"https:\/\/www.linkedin.com\/company\/creddo-ab\/\"]}]}<\/script>\n<!-- \/ Yoast SEO Premium plugin. -->","yoast_head_json":{"title":"IMH Finans f\u00f6retagsl\u00e5n - L\u00e5na upp till 10 miljoner kr","description":"IMH Finans kan via Creddo erbjuda upp till 10 miljoner kr med en l\u00f6ptid p\u00e5 upp till 60 m\u00e5nader. L\u00e4gsta r\u00e4ntan f\u00f6r f\u00f6retagsfinansiering. 1 UC","robots":{"index":"index","follow":"follow","max-snippet":"max-snippet:-1","max-image-preview":"max-image-preview:large","max-video-preview":"max-video-preview:-1"},"canonical":"https:\/\/creddo.com\/se\/langivare\/imh-finans\/","og_locale":"sv_SE","og_type":"article","og_title":"IMH Finans","og_description":"Kort om IMH Finans f\u00f6retagsl\u00e5n L\u00e5na mellan 500 000 kr - 50 000 000 kr hos IMH Finans f\u00f6r att v\u00e4xa din verksamhet Flexibel l\u00f6ptid Tydliga villkor","og_url":"https:\/\/creddo.com\/se\/langivare\/imh-finans\/","og_site_name":"Creddo","article_publisher":"https:\/\/www.facebook.com\/creddose","article_modified_time":"2025-12-29T14:26:47+00:00","og_image":[{"width":1200,"height":630,"url":"https:\/\/creddo.com\/se\/wp-content\/uploads\/2024\/07\/52.jpg","type":"image\/jpeg"}],"twitter_card":"summary_large_image","twitter_misc":{"Ber\u00e4knad l\u00e4stid":"2 minuter"},"schema":{"@context":"https:\/\/schema.org","@graph":[{"@type":"WebPage","@id":"https:\/\/creddo.com\/se\/langivare\/imh-finans\/","url":"https:\/\/creddo.com\/se\/langivare\/imh-finans\/","name":"IMH Finans f\u00f6retagsl\u00e5n - L\u00e5na upp till 10 miljoner kr","isPartOf":{"@id":"https:\/\/creddo.com\/se\/#website"},"datePublished":"2023-07-26T13:02:22+00:00","dateModified":"2025-12-29T14:26:47+00:00","description":"IMH Finans kan via Creddo erbjuda upp till 10 miljoner kr med en l\u00f6ptid p\u00e5 upp till 60 m\u00e5nader. L\u00e4gsta r\u00e4ntan f\u00f6r f\u00f6retagsfinansiering. 1 UC","breadcrumb":{"@id":"https:\/\/creddo.com\/se\/langivare\/imh-finans\/#breadcrumb"},"inLanguage":"sv-SE","potentialAction":[{"@type":"ReadAction","target":["https:\/\/creddo.com\/se\/langivare\/imh-finans\/"]}]},{"@type":"BreadcrumbList","@id":"https:\/\/creddo.com\/se\/langivare\/imh-finans\/#breadcrumb","itemListElement":[{"@type":"ListItem","position":1,"name":"Creddo.com","item":"https:\/\/creddo.com\/se\/"},{"@type":"ListItem","position":2,"name":"L\u00e5ngivare","item":"https:\/\/creddo.com\/se\/langivare\/"},{"@type":"ListItem","position":3,"name":"IMH Finans"}]},{"@type":"WebSite","@id":"https:\/\/creddo.com\/se\/#website","url":"https:\/\/creddo.com\/se\/","name":"Creddo","description":"J\u00e4mf\u00f6r f\u00f6retagsl\u00e5n upp till 10 miljoner","publisher":{"@id":"https:\/\/creddo.com\/se\/#organization"},"potentialAction":[{"@type":"SearchAction","target":{"@type":"EntryPoint","urlTemplate":"https:\/\/creddo.com\/se\/?s={search_term_string}"},"query-input":{"@type":"PropertyValueSpecification","valueRequired":true,"valueName":"search_term_string"}}],"inLanguage":"sv-SE"},{"@type":"Organization","@id":"https:\/\/creddo.com\/se\/#organization","name":"Creddo AB","url":"https:\/\/creddo.com\/se\/","logo":{"@type":"ImageObject","inLanguage":"sv-SE","@id":"https:\/\/creddo.com\/se\/#\/schema\/logo\/image\/","url":"https:\/\/creddo.com\/se\/wp-content\/uploads\/2024\/04\/Creddo-logo-square.png","contentUrl":"https:\/\/creddo.com\/se\/wp-content\/uploads\/2024\/04\/Creddo-logo-square.png","width":720,"height":720,"caption":"Creddo AB"},"image":{"@id":"https:\/\/creddo.com\/se\/#\/schema\/logo\/image\/"},"sameAs":["https:\/\/www.facebook.com\/creddose","https:\/\/www.linkedin.com\/company\/creddo-ab\/"]}]}},"lang":"sv","translations":{"sv":2961},"pll_sync_post":[],"_links":{"self":[{"href":"https:\/\/creddo.com\/se\/wp-json\/wp\/v2\/pages\/2961","targetHints":{"allow":["GET"]}}],"collection":[{"href":"https:\/\/creddo.com\/se\/wp-json\/wp\/v2\/pages"}],"about":[{"href":"https:\/\/creddo.com\/se\/wp-json\/wp\/v2\/types\/page"}],"author":[{"embeddable":true,"href":"https:\/\/creddo.com\/se\/wp-json\/wp\/v2\/users\/13"}],"replies":[{"embeddable":true,"href":"https:\/\/creddo.com\/se\/wp-json\/wp\/v2\/comments?post=2961"}],"version-history":[{"count":14,"href":"https:\/\/creddo.com\/se\/wp-json\/wp\/v2\/pages\/2961\/revisions"}],"predecessor-version":[{"id":5587,"href":"https:\/\/creddo.com\/se\/wp-json\/wp\/v2\/pages\/2961\/revisions\/5587"}],"up":[{"embeddable":true,"href":"https:\/\/creddo.com\/se\/wp-json\/wp\/v2\/pages\/2896"}],"wp:attachment":[{"href":"https:\/\/creddo.com\/se\/wp-json\/wp\/v2\/media?parent=2961"}],"curies":[{"name":"wp","href":"https:\/\/api.w.org\/{rel}","templated":true}]}}