{"id":2970,"date":"2023-07-26T15:04:22","date_gmt":"2023-07-26T13:04:22","guid":{"rendered":"https:\/\/stage.creddo.com\/se\/?page_id=2970"},"modified":"2025-12-29T15:09:32","modified_gmt":"2025-12-29T14:09:32","slug":"marginalen-bank","status":"publish","type":"page","link":"https:\/\/creddo.com\/se\/langivare\/marginalen\/","title":{"rendered":"Marginalen Bank"},"content":{"rendered":"\n<h2 class=\"wp-block-heading\" id=\"h-kort-om-marginalen-bank-foretagslan\"><strong><strong><strong><strong><strong><strong><strong><strong><strong><strong><strong><strong><strong><strong><strong><strong><strong>Kort om Marginalen Bank f\u00f6retagsl\u00e5n<\/strong><\/strong><\/strong><\/strong><\/strong><\/strong><\/strong><\/strong><\/strong><\/strong><\/strong><\/strong><\/strong><\/strong><\/strong><\/strong><\/strong><\/h2>\n\n\n\n<p><\/p>\n\n\n\n<ul class=\"wp-block-list\">\n<li>L\u00e5na fr\u00e5n 100 000 kr &#8211; 5 000 000 kr med Marginalen Bank.<\/li>\n\n\n\n<li>Upp till 60 m\u00e5nader l\u00f6ptid<\/li>\n\n\n\n<li>F\u00e4rm\u00e5nlig r\u00e4nta<\/li>\n\n\n\n<li>M\u00f6jlighet till EU-l\u00e5n<\/li>\n<\/ul>\n\n\n\n<p><\/p>\n\n\n\n<p>Via Creddo s\u00e5 kan vi nu erbjuda<a href=\"https:\/\/creddo.com\/se\/foretagslan\/\"> f\u00f6retagsl\u00e5n<\/a> till f\u00f6retag fr\u00e5n 100 000 kr upp till 5 000 000 kr hos Marginalen Bank. \u00c5terbetalningstiden \u00e4r flexibel, h\u00e4r kan du v\u00e4lja mellan 24 &#8211; 60 m\u00e5nader. R\u00e4ntan \u00e4r individuell och baseras p\u00e5 dig och ditt f\u00f6retags kreditv\u00e4rdighet. Skulle du vilja \u00e5terbetala l\u00e5net i f\u00f6rtid s\u00e5 tillkommer det inga extra kostnader, utan du kan f\u00f6rtidsl\u00f6sa n\u00e4r du vill och du betalar enbart f\u00f6r tiden som du nyttjat l\u00e5net. Marginalen Bank har ocks\u00e5 m\u00f6jlighet att erbjuda amorteringsfrihet vid f\u00f6retagsl\u00e5n.<\/p>\n\n\n\n<p><\/p>\n\n\n\n<p>F\u00f6r att kunna bli erbjuden ett f\u00f6retagsl\u00e5n hos Marginalen Bank s\u00e5 beh\u00f6ver du ha ett svenskt f\u00f6retag registrerat hos Bolagsverket samt ha minst ett registrerat bokslut.<\/p>\n\n\n\n<p><\/p>\n\n\n\n<h2 class=\"wp-block-heading\" id=\"h-marginalen-bank-eu-lan\"><strong><strong>Marginalen Bank EU-l\u00e5n<\/strong><\/strong><\/h2>\n\n\n\n<p>Marginalen Bank \u00e4r en av de f\u00e5 l\u00e5ngivare i Sverige som har f\u00e5tt tillg\u00e5ng till finansiering fr\u00e5n <a href=\"https:\/\/creddo.com\/se\/foretagslan\/eif-lan\/\">Europeiska Investeringsfonden<\/a> (EIF). P\u00e5 l\u00e5n upp till 250 000 kronor s\u00e5 kan du via Creddo ans\u00f6ka och bli erbjuden l\u00e5n fr\u00e5n Marginalen Bank som kvalificerar f\u00f6r EU-st\u00f6d, vilket inneb\u00e4r att du f\u00e5r b\u00e4ttre villkor samt enbart 20% personlig borgen p\u00e5 l\u00e5nebeloppet. I vanliga fall s\u00e5 beh\u00f6ver man g\u00e5 i personlig borgen f\u00f6r 100% av l\u00e5nebeloppet, men tack vare EU-st\u00f6det s\u00e5 kr\u00e4vs det bara 20%.<\/p>\n\n\n\n<p><\/p>\n\n\n\n<h2 class=\"wp-block-heading\" id=\"h-foretagslan-utan-sakerhet\"><strong>F\u00f6retagsl\u00e5n utan s\u00e4kerhet<\/strong><\/h2>\n\n\n\n<p>Hos Marginalen Bank s\u00e5 kr\u00e4ver de ofta personlig borgen som <a href=\"https:\/\/creddo.com\/se\/foretagslan\/foretagslan-utan-sakerhet\/\">s\u00e4kerhet<\/a> p\u00e5 hela beloppet, men ans\u00f6ker du om upp till 250 000 kr s\u00e5 finns det m\u00f6jlighet att du kvalificerar f\u00f6r ett EU-l\u00e5n, vilket inneb\u00e4r en begr\u00e4nsad borgen om 20% av l\u00e5nebeloppet.<\/p>\n\n\n\n<p><\/p>\n\n\n\n<h2 class=\"wp-block-heading\" id=\"h-varfor-ska-man-jamfora-foretagslan-med-creddo\"><strong>Varf\u00f6r ska man j\u00e4mf\u00f6ra f\u00f6retagsl\u00e5n med Creddo?<\/strong><\/h2>\n\n\n\n<p>N\u00e4r du ans\u00f6ker om ett f\u00f6retagsl\u00e5n hos Creddo s\u00e5 har du m\u00f6jlighet att f\u00e5 flera erbjudanden, men det registreras bara en kreditupplysning via UC. Via Creddo s\u00e5 f\u00e5r du en bra \u00f6verblick p\u00e5 vilka erbjudanden du f\u00e5r och vilket som passar dig och ditt f\u00f6retag b\u00e4st. Ut\u00f6ver detta s\u00e5 ist\u00e4llet f\u00f6r att ans\u00f6ka hos varje l\u00e5ngivare s\u00e5 sparar du b\u00e5de tid och energi genom att samla din ans\u00f6kan p\u00e5 samma st\u00e4lle.&nbsp;<\/p>\n\n\n\n<p><\/p>\n\n\n\n<p>Vi p\u00e5 Creddo tar inte ut n\u00e5gon avgift mot dig som f\u00f6retagare, utan f\u00e5r ist\u00e4llet en ers\u00e4ttning fr\u00e5n l\u00e5ngivaren vid utbetalt l\u00e5n.<\/p>\n\n\n\n<p><\/p>\n\n\n\n<h2 class=\"wp-block-heading\" id=\"h-sammanfattning-marginalen-bank\"><strong><strong><strong><strong><strong><strong><strong><strong>Sammanfattning Marginalen Bank<\/strong><\/strong><\/strong><\/strong><\/strong><\/strong><\/strong><\/strong><\/h2>\n\n\n\n<p><\/p>\n\n\n\n<figure class=\"wp-block-table is-style-stripes\"><table class=\"has-fixed-layout\"><tbody><tr><td>L\u00e5nebelopp<\/td><td>100 000 &#8211; 5 000 000 kr<\/td><\/tr><tr><td>L\u00f6ptid<\/td><td>24 &#8211; 60 m\u00e5nader<\/td><\/tr><tr><td>Uppl\u00e4ggningsavgift<\/td><td>Nej<\/td><\/tr><tr><td>Personlig borgen<\/td><td>Ja<\/td><\/tr><tr><td>Aviavgift<\/td><td>Nej<\/td><\/tr><tr><td>Autogiro<\/td><td>Ja<\/td><\/tr><tr><td>Komplettering<\/td><td>Ja<\/td><\/tr><tr><td>BankID<\/td><td>Ja<\/td><\/tr><\/tbody><\/table><\/figure>\n","protected":false},"excerpt":{"rendered":"<p>Kort om Marginalen Bank f\u00f6retagsl\u00e5n Via Creddo s\u00e5 kan vi nu erbjuda f\u00f6retagsl\u00e5n till f\u00f6retag fr\u00e5n 100 000 kr upp till 5 000 000 kr hos Marginalen Bank. \u00c5terbetalningstiden \u00e4r flexibel, h\u00e4r kan du v\u00e4lja mellan 24 &#8211; 60 m\u00e5nader. R\u00e4ntan \u00e4r individuell och baseras p\u00e5 dig och ditt f\u00f6retags kreditv\u00e4rdighet. Skulle du vilja \u00e5terbetala [&hellip;]<\/p>\n","protected":false},"author":13,"featured_media":0,"parent":2896,"menu_order":0,"comment_status":"closed","ping_status":"closed","template":"empty-page-with-slider.php","meta":{"_acf_changed":false,"_uag_custom_page_level_css":"","footnotes":""},"class_list":["post-2970","page","type-page","status-publish","hentry"],"acf":[],"yoast_head":"<!-- This site is optimized with the Yoast SEO Premium plugin v26.6 (Yoast SEO v26.8) - https:\/\/yoast.com\/product\/yoast-seo-premium-wordpress\/ -->\n<title>Marginalen Bank f\u00f6retagsl\u00e5n - L\u00e5na upp till 5 miljoner kr<\/title>\n<meta name=\"description\" content=\"Marginalen Bank kan via Creddo erbjuda f\u00f6retag upp till 5 miljoner kr med en l\u00f6ptid p\u00e5 upp till 60 m\u00e5nader. L\u00e4gsta r\u00e4ntan f\u00f6r finansiering!\" \/>\n<meta name=\"robots\" content=\"index, follow, max-snippet:-1, max-image-preview:large, max-video-preview:-1\" \/>\n<link rel=\"canonical\" href=\"https:\/\/creddo.com\/se\/langivare\/marginalen\/\" \/>\n<meta property=\"og:locale\" content=\"sv_SE\" \/>\n<meta property=\"og:type\" content=\"article\" \/>\n<meta property=\"og:title\" content=\"Marginalen Bank\" \/>\n<meta property=\"og:description\" content=\"Kort om Marginalen Bank f\u00f6retagsl\u00e5n L\u00e5na fr\u00e5n 100 000 kr - 5 000 000 kr med Marginalen Bank. Upp till 60 m\u00e5nader l\u00f6ptid F\u00e4rm\u00e5nlig r\u00e4nta M\u00f6jlighet till\" \/>\n<meta property=\"og:url\" content=\"https:\/\/creddo.com\/se\/langivare\/marginalen\/\" \/>\n<meta property=\"og:site_name\" content=\"Creddo\" \/>\n<meta property=\"article:publisher\" content=\"https:\/\/www.facebook.com\/creddose\" \/>\n<meta property=\"article:modified_time\" content=\"2025-12-29T14:09:32+00:00\" \/>\n<meta property=\"og:image\" content=\"https:\/\/creddo.com\/se\/wp-content\/uploads\/2024\/07\/52.jpg\" \/>\n\t<meta property=\"og:image:width\" content=\"1200\" \/>\n\t<meta property=\"og:image:height\" content=\"630\" \/>\n\t<meta property=\"og:image:type\" content=\"image\/jpeg\" \/>\n<meta name=\"twitter:card\" content=\"summary_large_image\" \/>\n<meta name=\"twitter:label1\" content=\"Ber\u00e4knad l\u00e4stid\" \/>\n\t<meta name=\"twitter:data1\" content=\"2 minuter\" \/>\n<script type=\"application\/ld+json\" class=\"yoast-schema-graph\">{\"@context\":\"https:\/\/schema.org\",\"@graph\":[{\"@type\":\"WebPage\",\"@id\":\"https:\/\/creddo.com\/se\/langivare\/marginalen\/\",\"url\":\"https:\/\/creddo.com\/se\/langivare\/marginalen\/\",\"name\":\"Marginalen Bank f\u00f6retagsl\u00e5n - L\u00e5na upp till 5 miljoner kr\",\"isPartOf\":{\"@id\":\"https:\/\/creddo.com\/se\/#website\"},\"datePublished\":\"2023-07-26T13:04:22+00:00\",\"dateModified\":\"2025-12-29T14:09:32+00:00\",\"description\":\"Marginalen Bank kan via Creddo erbjuda f\u00f6retag upp till 5 miljoner kr med en l\u00f6ptid p\u00e5 upp till 60 m\u00e5nader. L\u00e4gsta r\u00e4ntan f\u00f6r finansiering!\",\"breadcrumb\":{\"@id\":\"https:\/\/creddo.com\/se\/langivare\/marginalen\/#breadcrumb\"},\"inLanguage\":\"sv-SE\",\"potentialAction\":[{\"@type\":\"ReadAction\",\"target\":[\"https:\/\/creddo.com\/se\/langivare\/marginalen\/\"]}]},{\"@type\":\"BreadcrumbList\",\"@id\":\"https:\/\/creddo.com\/se\/langivare\/marginalen\/#breadcrumb\",\"itemListElement\":[{\"@type\":\"ListItem\",\"position\":1,\"name\":\"Creddo.com\",\"item\":\"https:\/\/creddo.com\/se\/\"},{\"@type\":\"ListItem\",\"position\":2,\"name\":\"L\u00e5ngivare\",\"item\":\"https:\/\/creddo.com\/se\/langivare\/\"},{\"@type\":\"ListItem\",\"position\":3,\"name\":\"Marginalen Bank\"}]},{\"@type\":\"WebSite\",\"@id\":\"https:\/\/creddo.com\/se\/#website\",\"url\":\"https:\/\/creddo.com\/se\/\",\"name\":\"Creddo\",\"description\":\"J\u00e4mf\u00f6r f\u00f6retagsl\u00e5n upp till 10 miljoner\",\"publisher\":{\"@id\":\"https:\/\/creddo.com\/se\/#organization\"},\"potentialAction\":[{\"@type\":\"SearchAction\",\"target\":{\"@type\":\"EntryPoint\",\"urlTemplate\":\"https:\/\/creddo.com\/se\/?s={search_term_string}\"},\"query-input\":{\"@type\":\"PropertyValueSpecification\",\"valueRequired\":true,\"valueName\":\"search_term_string\"}}],\"inLanguage\":\"sv-SE\"},{\"@type\":\"Organization\",\"@id\":\"https:\/\/creddo.com\/se\/#organization\",\"name\":\"Creddo AB\",\"url\":\"https:\/\/creddo.com\/se\/\",\"logo\":{\"@type\":\"ImageObject\",\"inLanguage\":\"sv-SE\",\"@id\":\"https:\/\/creddo.com\/se\/#\/schema\/logo\/image\/\",\"url\":\"https:\/\/creddo.com\/se\/wp-content\/uploads\/2024\/04\/Creddo-logo-square.png\",\"contentUrl\":\"https:\/\/creddo.com\/se\/wp-content\/uploads\/2024\/04\/Creddo-logo-square.png\",\"width\":720,\"height\":720,\"caption\":\"Creddo AB\"},\"image\":{\"@id\":\"https:\/\/creddo.com\/se\/#\/schema\/logo\/image\/\"},\"sameAs\":[\"https:\/\/www.facebook.com\/creddose\",\"https:\/\/www.linkedin.com\/company\/creddo-ab\/\"]}]}<\/script>\n<!-- \/ Yoast SEO Premium plugin. -->","yoast_head_json":{"title":"Marginalen Bank f\u00f6retagsl\u00e5n - L\u00e5na upp till 5 miljoner kr","description":"Marginalen Bank kan via Creddo erbjuda f\u00f6retag upp till 5 miljoner kr med en l\u00f6ptid p\u00e5 upp till 60 m\u00e5nader. L\u00e4gsta r\u00e4ntan f\u00f6r finansiering!","robots":{"index":"index","follow":"follow","max-snippet":"max-snippet:-1","max-image-preview":"max-image-preview:large","max-video-preview":"max-video-preview:-1"},"canonical":"https:\/\/creddo.com\/se\/langivare\/marginalen\/","og_locale":"sv_SE","og_type":"article","og_title":"Marginalen Bank","og_description":"Kort om Marginalen Bank f\u00f6retagsl\u00e5n L\u00e5na fr\u00e5n 100 000 kr - 5 000 000 kr med Marginalen Bank. Upp till 60 m\u00e5nader l\u00f6ptid F\u00e4rm\u00e5nlig r\u00e4nta M\u00f6jlighet till","og_url":"https:\/\/creddo.com\/se\/langivare\/marginalen\/","og_site_name":"Creddo","article_publisher":"https:\/\/www.facebook.com\/creddose","article_modified_time":"2025-12-29T14:09:32+00:00","og_image":[{"width":1200,"height":630,"url":"https:\/\/creddo.com\/se\/wp-content\/uploads\/2024\/07\/52.jpg","type":"image\/jpeg"}],"twitter_card":"summary_large_image","twitter_misc":{"Ber\u00e4knad l\u00e4stid":"2 minuter"},"schema":{"@context":"https:\/\/schema.org","@graph":[{"@type":"WebPage","@id":"https:\/\/creddo.com\/se\/langivare\/marginalen\/","url":"https:\/\/creddo.com\/se\/langivare\/marginalen\/","name":"Marginalen Bank f\u00f6retagsl\u00e5n - L\u00e5na upp till 5 miljoner kr","isPartOf":{"@id":"https:\/\/creddo.com\/se\/#website"},"datePublished":"2023-07-26T13:04:22+00:00","dateModified":"2025-12-29T14:09:32+00:00","description":"Marginalen Bank kan via Creddo erbjuda f\u00f6retag upp till 5 miljoner kr med en l\u00f6ptid p\u00e5 upp till 60 m\u00e5nader. L\u00e4gsta r\u00e4ntan f\u00f6r finansiering!","breadcrumb":{"@id":"https:\/\/creddo.com\/se\/langivare\/marginalen\/#breadcrumb"},"inLanguage":"sv-SE","potentialAction":[{"@type":"ReadAction","target":["https:\/\/creddo.com\/se\/langivare\/marginalen\/"]}]},{"@type":"BreadcrumbList","@id":"https:\/\/creddo.com\/se\/langivare\/marginalen\/#breadcrumb","itemListElement":[{"@type":"ListItem","position":1,"name":"Creddo.com","item":"https:\/\/creddo.com\/se\/"},{"@type":"ListItem","position":2,"name":"L\u00e5ngivare","item":"https:\/\/creddo.com\/se\/langivare\/"},{"@type":"ListItem","position":3,"name":"Marginalen Bank"}]},{"@type":"WebSite","@id":"https:\/\/creddo.com\/se\/#website","url":"https:\/\/creddo.com\/se\/","name":"Creddo","description":"J\u00e4mf\u00f6r f\u00f6retagsl\u00e5n upp till 10 miljoner","publisher":{"@id":"https:\/\/creddo.com\/se\/#organization"},"potentialAction":[{"@type":"SearchAction","target":{"@type":"EntryPoint","urlTemplate":"https:\/\/creddo.com\/se\/?s={search_term_string}"},"query-input":{"@type":"PropertyValueSpecification","valueRequired":true,"valueName":"search_term_string"}}],"inLanguage":"sv-SE"},{"@type":"Organization","@id":"https:\/\/creddo.com\/se\/#organization","name":"Creddo AB","url":"https:\/\/creddo.com\/se\/","logo":{"@type":"ImageObject","inLanguage":"sv-SE","@id":"https:\/\/creddo.com\/se\/#\/schema\/logo\/image\/","url":"https:\/\/creddo.com\/se\/wp-content\/uploads\/2024\/04\/Creddo-logo-square.png","contentUrl":"https:\/\/creddo.com\/se\/wp-content\/uploads\/2024\/04\/Creddo-logo-square.png","width":720,"height":720,"caption":"Creddo AB"},"image":{"@id":"https:\/\/creddo.com\/se\/#\/schema\/logo\/image\/"},"sameAs":["https:\/\/www.facebook.com\/creddose","https:\/\/www.linkedin.com\/company\/creddo-ab\/"]}]}},"lang":"sv","translations":{"sv":2970},"uagb_featured_image_src":{"full":false,"thumbnail":false,"medium":false,"medium_large":false,"large":false,"1536x1536":false,"2048x2048":false},"uagb_author_info":{"display_name":"Jonas Smyth","author_link":"https:\/\/creddo.com\/se\/experthornan\/author\/jonas\/"},"uagb_comment_info":0,"uagb_excerpt":"Kort om Marginalen Bank f\u00f6retagsl\u00e5n Via Creddo s\u00e5 kan vi nu erbjuda f\u00f6retagsl\u00e5n till f\u00f6retag fr\u00e5n 100 000 kr upp till 5 000 000 kr hos Marginalen Bank. \u00c5terbetalningstiden \u00e4r flexibel, h\u00e4r kan du v\u00e4lja mellan 24 &#8211; 60 m\u00e5nader. R\u00e4ntan \u00e4r individuell och baseras p\u00e5 dig och ditt f\u00f6retags kreditv\u00e4rdighet. Skulle du vilja \u00e5terbetala&hellip;","pll_sync_post":[],"_links":{"self":[{"href":"https:\/\/creddo.com\/se\/wp-json\/wp\/v2\/pages\/2970","targetHints":{"allow":["GET"]}}],"collection":[{"href":"https:\/\/creddo.com\/se\/wp-json\/wp\/v2\/pages"}],"about":[{"href":"https:\/\/creddo.com\/se\/wp-json\/wp\/v2\/types\/page"}],"author":[{"embeddable":true,"href":"https:\/\/creddo.com\/se\/wp-json\/wp\/v2\/users\/13"}],"replies":[{"embeddable":true,"href":"https:\/\/creddo.com\/se\/wp-json\/wp\/v2\/comments?post=2970"}],"version-history":[{"count":11,"href":"https:\/\/creddo.com\/se\/wp-json\/wp\/v2\/pages\/2970\/revisions"}],"predecessor-version":[{"id":5328,"href":"https:\/\/creddo.com\/se\/wp-json\/wp\/v2\/pages\/2970\/revisions\/5328"}],"up":[{"embeddable":true,"href":"https:\/\/creddo.com\/se\/wp-json\/wp\/v2\/pages\/2896"}],"wp:attachment":[{"href":"https:\/\/creddo.com\/se\/wp-json\/wp\/v2\/media?parent=2970"}],"curies":[{"name":"wp","href":"https:\/\/api.w.org\/{rel}","templated":true}]}}