{"id":2980,"date":"2023-07-26T15:06:08","date_gmt":"2023-07-26T13:06:08","guid":{"rendered":"https:\/\/stage.creddo.com\/se\/?page_id=2980"},"modified":"2026-01-05T16:11:53","modified_gmt":"2026-01-05T15:11:53","slug":"mynt","status":"publish","type":"page","link":"https:\/\/creddo.com\/se\/langivare\/mynt\/","title":{"rendered":"Mynt"},"content":{"rendered":"\n<h2 class=\"wp-block-heading\" id=\"h-kort-om-mynt-en-digital-checkkredit\"><strong><strong><strong><strong><strong><strong><strong><strong><strong><strong><strong><strong><strong><strong><strong><strong><strong><strong>Kort om Mynt &#8211; En digital checkkredit<\/strong><\/strong><\/strong><\/strong><\/strong><\/strong><\/strong><\/strong><\/strong><\/strong><\/strong><\/strong><\/strong><\/strong><\/strong><\/strong><\/strong><\/strong><\/h2>\n\n\n\n<p><\/p>\n\n\n\n<ul class=\"wp-block-list\">\n<li>Checkkredit upp till 3 miljoner kronor med Mynt f\u00f6retagskort<\/li>\n\n\n\n<li>Flexibel \u00e5terbetalning<\/li>\n\n\n\n<li>Marknadsm\u00e4ssiga villkor<\/li>\n<\/ul>\n\n\n\n<p><\/p>\n\n\n\n<p>Med Mynt s\u00e5 betalar du enbart f\u00f6r det du anv\u00e4nder av <a href=\"https:\/\/creddo.com\/se\/foretagslan\/\">l\u00e5net<\/a> och det kostar inget att g\u00f6ra uttag p\u00e5 din kredit. Skulle du vilja \u00e5terbetala l\u00e5net s\u00e5 kan du g\u00f6ra det n\u00e4r du vill utan att det kostar extra. \u00c5terbetalning sker med en fast avgift i b\u00f6rjan p\u00e5 varje m\u00e5nad vilket ger dig en tydlig \u00f6verblick p\u00e5 ditt f\u00f6retags finansiella st\u00e4llning. F\u00f6r att kunna ans\u00f6ka om en checkkredit hos Mynt s\u00e5 beh\u00f6ver du ha ett svenskt f\u00f6retag registrerat hos Bolagsverket.<\/p>\n\n\n\n<p><\/p>\n\n\n\n<h2 class=\"wp-block-heading\" id=\"h-mynt-foretagskort\"><strong><strong><strong>Mynt f\u00f6retagskort<\/strong><\/strong><\/strong><\/h2>\n\n\n\n<p>Hos oss p\u00e5 Creddo \u00e4r det nu ocks\u00e5 m\u00f6jligt att ans\u00f6ka om Mynt <a href=\"https:\/\/creddo.com\/se\/kreditkort\/\">f\u00f6retagskort<\/a>. Med <a href=\"https:\/\/creddo.com\/se\/langivare\/mynt-foretagskort\/\">Mynts f\u00f6retagskort<\/a> s\u00e5 kan du och dina anst\u00e4llda f\u00e5 tillg\u00e5ng till en r\u00e4ntefri kredit i upp till 30 dagar. Krediten som f\u00f6retaget blir beviljad ligger p\u00e5 en kontoniv\u00e5, vilket betyder att alla anv\u00e4ndare p\u00e5 f\u00f6retaget delar p\u00e5 samma kreditlimit. Det \u00e4r d\u00e4rf\u00f6r m\u00f6jligt att begr\u00e4nsa hur mycket varje anst\u00e4lld kan handla f\u00f6r p\u00e5 kortet genom att s\u00e4tta individuella k\u00f6pgr\u00e4nser p\u00e5 varje kort.<\/p>\n\n\n\n<p><\/p>\n\n\n\n<h2 class=\"wp-block-heading\" id=\"h-foretagslan-utan-sakerhet\"><strong>F\u00f6retagsl\u00e5n utan s\u00e4kerhet<\/strong><\/h2>\n\n\n\n<p>Hos Mynt s\u00e5 kr\u00e4ver de ofta <a href=\"https:\/\/creddo.com\/se\/foretagslan\/personlig-borgen\/\">personlig borgen<\/a> som s\u00e4kerhet p\u00e5 hela krediten.<\/p>\n\n\n\n<p><\/p>\n\n\n\n<h2 class=\"wp-block-heading\" id=\"h-varfor-ska-man-jamfora-foretagslan-med-creddo\"><strong>Varf\u00f6r ska man j\u00e4mf\u00f6ra f\u00f6retagsl\u00e5n med Creddo?<\/strong><\/h2>\n\n\n\n<p>N\u00e4r du ans\u00f6ker om ett f\u00f6retagsl\u00e5n hos Creddo s\u00e5 har du m\u00f6jlighet att f\u00e5 flera erbjudanden, men det registreras bara en kreditupplysning via UC. Det finns \u00e4ven l\u00e5ngivare som jobbar med andra kreditf\u00f6retag, bland annat CreditSafe och Dun &amp; Bradstreet, tidigare k\u00e4nd som Bisnode. Dessa p\u00e5verkar dock inte ditt f\u00f6retags kreditv\u00e4rdighet.&nbsp;<\/p>\n\n\n\n<p><\/p>\n\n\n\n<p>Via Creddo s\u00e5 f\u00e5r du en bra \u00f6verblick p\u00e5 vilka erbjudanden du f\u00e5r och vilket som passar dig och ditt f\u00f6retag b\u00e4st. Ut\u00f6ver detta s\u00e5 ist\u00e4llet f\u00f6r att ans\u00f6ka hos varje l\u00e5ngivare s\u00e5 sparar du b\u00e5de tid och energi genom att samla din ans\u00f6kan p\u00e5 samma st\u00e4lle. Vi p\u00e5 Creddo tar inte ut n\u00e5gon avgift mot dig som f\u00f6retagare, utan f\u00e5r ist\u00e4llet en ers\u00e4ttning fr\u00e5n l\u00e5ngivaren vid utbetalt l\u00e5n.<\/p>\n\n\n\n<p><\/p>\n\n\n\n<h2 class=\"wp-block-heading\" id=\"h-sammanfattning-mynt-foretagslan\"><strong><strong><strong><strong><strong><strong><strong><strong><strong>Sammanfattning Mynt f\u00f6retagsl\u00e5n<\/strong><\/strong><\/strong><\/strong><\/strong><\/strong><\/strong><\/strong><\/strong><\/h2>\n\n\n\n<p><\/p>\n\n\n\n<figure class=\"wp-block-table is-style-stripes\"><table class=\"has-fixed-layout\"><tbody><tr><td>Kreditlimit<\/td><td>Upp till 1 000 000 kr<\/td><\/tr><tr><td>L\u00f6ptid<\/td><td>Flexibel<\/td><\/tr><tr><td>Uppl\u00e4ggningsavgift<\/td><td>Nej<\/td><\/tr><tr><td>Personlig borgen<\/td><td>Ja, fr\u00e5n f\u00f6retagets \u00e4gare<\/td><\/tr><tr><td>Aviavgift<\/td><td>Nej<\/td><\/tr><tr><td>Autogiro<\/td><td>Ja<\/td><\/tr><tr><td>Komplettering<\/td><td>Ja<\/td><\/tr><tr><td>BankID<\/td><td>Ja<\/td><\/tr><\/tbody><\/table><\/figure>\n","protected":false},"excerpt":{"rendered":"<p>Kort om Mynt &#8211; En digital checkkredit Med Mynt s\u00e5 betalar du enbart f\u00f6r det du anv\u00e4nder av l\u00e5net och det kostar inget att g\u00f6ra uttag p\u00e5 din kredit. Skulle du vilja \u00e5terbetala l\u00e5net s\u00e5 kan du g\u00f6ra det n\u00e4r du vill utan att det kostar extra. \u00c5terbetalning sker med en fast avgift i b\u00f6rjan [&hellip;]<\/p>\n","protected":false},"author":13,"featured_media":0,"parent":2896,"menu_order":0,"comment_status":"closed","ping_status":"closed","template":"empty-page-with-slider.php","meta":{"_acf_changed":false,"footnotes":""},"class_list":["post-2980","page","type-page","status-publish","hentry"],"acf":[],"yoast_head":"<!-- This site is optimized with the Yoast SEO Premium plugin v26.6 (Yoast SEO v26.8) - https:\/\/yoast.com\/product\/yoast-seo-premium-wordpress\/ -->\n<title>Mynt f\u00f6retagskort | Creddo<\/title>\n<meta name=\"description\" content=\"Mynt f\u00f6retagskort - ditt f\u00f6retag kan f\u00e5 en checkkredit p\u00e5 upp till 3 000 000 kronor | Creddo. L\u00e4gsta r\u00e4ntan f\u00f6r f\u00f6retagsfinansiering.\" \/>\n<meta name=\"robots\" content=\"index, follow, max-snippet:-1, max-image-preview:large, max-video-preview:-1\" \/>\n<link rel=\"canonical\" href=\"https:\/\/creddo.com\/se\/langivare\/mynt\/\" \/>\n<meta property=\"og:locale\" content=\"sv_SE\" \/>\n<meta property=\"og:type\" content=\"article\" \/>\n<meta property=\"og:title\" content=\"Mynt\" \/>\n<meta property=\"og:description\" content=\"Kort om Mynt - En digital checkkredit Checkkredit upp till 3 miljoner kronor med Mynt f\u00f6retagskort Flexibel \u00e5terbetalning Marknadsm\u00e4ssiga villkor Med Mynt\" \/>\n<meta property=\"og:url\" content=\"https:\/\/creddo.com\/se\/langivare\/mynt\/\" \/>\n<meta property=\"og:site_name\" content=\"Creddo\" \/>\n<meta property=\"article:publisher\" content=\"https:\/\/www.facebook.com\/creddose\" \/>\n<meta property=\"article:modified_time\" content=\"2026-01-05T15:11:53+00:00\" \/>\n<meta property=\"og:image\" content=\"https:\/\/creddo.com\/se\/wp-content\/uploads\/2024\/07\/52.jpg\" \/>\n\t<meta property=\"og:image:width\" content=\"1200\" \/>\n\t<meta property=\"og:image:height\" content=\"630\" \/>\n\t<meta property=\"og:image:type\" content=\"image\/jpeg\" \/>\n<meta name=\"twitter:card\" content=\"summary_large_image\" \/>\n<meta name=\"twitter:label1\" content=\"Ber\u00e4knad l\u00e4stid\" \/>\n\t<meta name=\"twitter:data1\" content=\"2 minuter\" \/>\n<script type=\"application\/ld+json\" class=\"yoast-schema-graph\">{\"@context\":\"https:\/\/schema.org\",\"@graph\":[{\"@type\":\"WebPage\",\"@id\":\"https:\/\/creddo.com\/se\/langivare\/mynt\/\",\"url\":\"https:\/\/creddo.com\/se\/langivare\/mynt\/\",\"name\":\"Mynt f\u00f6retagskort | Creddo\",\"isPartOf\":{\"@id\":\"https:\/\/creddo.com\/se\/#website\"},\"datePublished\":\"2023-07-26T13:06:08+00:00\",\"dateModified\":\"2026-01-05T15:11:53+00:00\",\"description\":\"Mynt f\u00f6retagskort - ditt f\u00f6retag kan f\u00e5 en checkkredit p\u00e5 upp till 3 000 000 kronor | Creddo. L\u00e4gsta r\u00e4ntan f\u00f6r f\u00f6retagsfinansiering.\",\"breadcrumb\":{\"@id\":\"https:\/\/creddo.com\/se\/langivare\/mynt\/#breadcrumb\"},\"inLanguage\":\"sv-SE\",\"potentialAction\":[{\"@type\":\"ReadAction\",\"target\":[\"https:\/\/creddo.com\/se\/langivare\/mynt\/\"]}]},{\"@type\":\"BreadcrumbList\",\"@id\":\"https:\/\/creddo.com\/se\/langivare\/mynt\/#breadcrumb\",\"itemListElement\":[{\"@type\":\"ListItem\",\"position\":1,\"name\":\"Creddo.com\",\"item\":\"https:\/\/creddo.com\/se\/\"},{\"@type\":\"ListItem\",\"position\":2,\"name\":\"L\u00e5ngivare\",\"item\":\"https:\/\/creddo.com\/se\/langivare\/\"},{\"@type\":\"ListItem\",\"position\":3,\"name\":\"Mynt\"}]},{\"@type\":\"WebSite\",\"@id\":\"https:\/\/creddo.com\/se\/#website\",\"url\":\"https:\/\/creddo.com\/se\/\",\"name\":\"Creddo\",\"description\":\"J\u00e4mf\u00f6r f\u00f6retagsl\u00e5n upp till 10 miljoner\",\"publisher\":{\"@id\":\"https:\/\/creddo.com\/se\/#organization\"},\"potentialAction\":[{\"@type\":\"SearchAction\",\"target\":{\"@type\":\"EntryPoint\",\"urlTemplate\":\"https:\/\/creddo.com\/se\/?s={search_term_string}\"},\"query-input\":{\"@type\":\"PropertyValueSpecification\",\"valueRequired\":true,\"valueName\":\"search_term_string\"}}],\"inLanguage\":\"sv-SE\"},{\"@type\":\"Organization\",\"@id\":\"https:\/\/creddo.com\/se\/#organization\",\"name\":\"Creddo AB\",\"url\":\"https:\/\/creddo.com\/se\/\",\"logo\":{\"@type\":\"ImageObject\",\"inLanguage\":\"sv-SE\",\"@id\":\"https:\/\/creddo.com\/se\/#\/schema\/logo\/image\/\",\"url\":\"https:\/\/creddo.com\/se\/wp-content\/uploads\/2024\/04\/Creddo-logo-square.png\",\"contentUrl\":\"https:\/\/creddo.com\/se\/wp-content\/uploads\/2024\/04\/Creddo-logo-square.png\",\"width\":720,\"height\":720,\"caption\":\"Creddo AB\"},\"image\":{\"@id\":\"https:\/\/creddo.com\/se\/#\/schema\/logo\/image\/\"},\"sameAs\":[\"https:\/\/www.facebook.com\/creddose\",\"https:\/\/www.linkedin.com\/company\/creddo-ab\/\"]}]}<\/script>\n<!-- \/ Yoast SEO Premium plugin. -->","yoast_head_json":{"title":"Mynt f\u00f6retagskort | Creddo","description":"Mynt f\u00f6retagskort - ditt f\u00f6retag kan f\u00e5 en checkkredit p\u00e5 upp till 3 000 000 kronor | Creddo. L\u00e4gsta r\u00e4ntan f\u00f6r f\u00f6retagsfinansiering.","robots":{"index":"index","follow":"follow","max-snippet":"max-snippet:-1","max-image-preview":"max-image-preview:large","max-video-preview":"max-video-preview:-1"},"canonical":"https:\/\/creddo.com\/se\/langivare\/mynt\/","og_locale":"sv_SE","og_type":"article","og_title":"Mynt","og_description":"Kort om Mynt - En digital checkkredit Checkkredit upp till 3 miljoner kronor med Mynt f\u00f6retagskort Flexibel \u00e5terbetalning Marknadsm\u00e4ssiga villkor Med Mynt","og_url":"https:\/\/creddo.com\/se\/langivare\/mynt\/","og_site_name":"Creddo","article_publisher":"https:\/\/www.facebook.com\/creddose","article_modified_time":"2026-01-05T15:11:53+00:00","og_image":[{"width":1200,"height":630,"url":"https:\/\/creddo.com\/se\/wp-content\/uploads\/2024\/07\/52.jpg","type":"image\/jpeg"}],"twitter_card":"summary_large_image","twitter_misc":{"Ber\u00e4knad l\u00e4stid":"2 minuter"},"schema":{"@context":"https:\/\/schema.org","@graph":[{"@type":"WebPage","@id":"https:\/\/creddo.com\/se\/langivare\/mynt\/","url":"https:\/\/creddo.com\/se\/langivare\/mynt\/","name":"Mynt f\u00f6retagskort | Creddo","isPartOf":{"@id":"https:\/\/creddo.com\/se\/#website"},"datePublished":"2023-07-26T13:06:08+00:00","dateModified":"2026-01-05T15:11:53+00:00","description":"Mynt f\u00f6retagskort - ditt f\u00f6retag kan f\u00e5 en checkkredit p\u00e5 upp till 3 000 000 kronor | Creddo. L\u00e4gsta r\u00e4ntan f\u00f6r f\u00f6retagsfinansiering.","breadcrumb":{"@id":"https:\/\/creddo.com\/se\/langivare\/mynt\/#breadcrumb"},"inLanguage":"sv-SE","potentialAction":[{"@type":"ReadAction","target":["https:\/\/creddo.com\/se\/langivare\/mynt\/"]}]},{"@type":"BreadcrumbList","@id":"https:\/\/creddo.com\/se\/langivare\/mynt\/#breadcrumb","itemListElement":[{"@type":"ListItem","position":1,"name":"Creddo.com","item":"https:\/\/creddo.com\/se\/"},{"@type":"ListItem","position":2,"name":"L\u00e5ngivare","item":"https:\/\/creddo.com\/se\/langivare\/"},{"@type":"ListItem","position":3,"name":"Mynt"}]},{"@type":"WebSite","@id":"https:\/\/creddo.com\/se\/#website","url":"https:\/\/creddo.com\/se\/","name":"Creddo","description":"J\u00e4mf\u00f6r f\u00f6retagsl\u00e5n upp till 10 miljoner","publisher":{"@id":"https:\/\/creddo.com\/se\/#organization"},"potentialAction":[{"@type":"SearchAction","target":{"@type":"EntryPoint","urlTemplate":"https:\/\/creddo.com\/se\/?s={search_term_string}"},"query-input":{"@type":"PropertyValueSpecification","valueRequired":true,"valueName":"search_term_string"}}],"inLanguage":"sv-SE"},{"@type":"Organization","@id":"https:\/\/creddo.com\/se\/#organization","name":"Creddo AB","url":"https:\/\/creddo.com\/se\/","logo":{"@type":"ImageObject","inLanguage":"sv-SE","@id":"https:\/\/creddo.com\/se\/#\/schema\/logo\/image\/","url":"https:\/\/creddo.com\/se\/wp-content\/uploads\/2024\/04\/Creddo-logo-square.png","contentUrl":"https:\/\/creddo.com\/se\/wp-content\/uploads\/2024\/04\/Creddo-logo-square.png","width":720,"height":720,"caption":"Creddo AB"},"image":{"@id":"https:\/\/creddo.com\/se\/#\/schema\/logo\/image\/"},"sameAs":["https:\/\/www.facebook.com\/creddose","https:\/\/www.linkedin.com\/company\/creddo-ab\/"]}]}},"lang":"sv","translations":{"sv":2980},"pll_sync_post":[],"_links":{"self":[{"href":"https:\/\/creddo.com\/se\/wp-json\/wp\/v2\/pages\/2980","targetHints":{"allow":["GET"]}}],"collection":[{"href":"https:\/\/creddo.com\/se\/wp-json\/wp\/v2\/pages"}],"about":[{"href":"https:\/\/creddo.com\/se\/wp-json\/wp\/v2\/types\/page"}],"author":[{"embeddable":true,"href":"https:\/\/creddo.com\/se\/wp-json\/wp\/v2\/users\/13"}],"replies":[{"embeddable":true,"href":"https:\/\/creddo.com\/se\/wp-json\/wp\/v2\/comments?post=2980"}],"version-history":[{"count":7,"href":"https:\/\/creddo.com\/se\/wp-json\/wp\/v2\/pages\/2980\/revisions"}],"predecessor-version":[{"id":5425,"href":"https:\/\/creddo.com\/se\/wp-json\/wp\/v2\/pages\/2980\/revisions\/5425"}],"up":[{"embeddable":true,"href":"https:\/\/creddo.com\/se\/wp-json\/wp\/v2\/pages\/2896"}],"wp:attachment":[{"href":"https:\/\/creddo.com\/se\/wp-json\/wp\/v2\/media?parent=2980"}],"curies":[{"name":"wp","href":"https:\/\/api.w.org\/{rel}","templated":true}]}}