{"id":2989,"date":"2023-07-26T15:07:59","date_gmt":"2023-07-26T13:07:59","guid":{"rendered":"https:\/\/stage.creddo.com\/se\/?page_id=2989"},"modified":"2025-12-30T16:00:12","modified_gmt":"2025-12-30T15:00:12","slug":"opr","status":"publish","type":"page","link":"https:\/\/creddo.com\/se\/langivare\/opr\/","title":{"rendered":"OPR"},"content":{"rendered":"\n<h2 class=\"wp-block-heading\" id=\"h-kort-om-opr-foretagslan\"><strong><strong><strong><strong><strong><strong><strong><strong><strong><strong><strong><strong><strong><strong><strong><strong><strong><strong><strong>Kort om OPR F\u00f6retagsl\u00e5n<\/strong><\/strong><\/strong><\/strong><\/strong><\/strong><\/strong><\/strong><\/strong><\/strong><\/strong><\/strong><\/strong><\/strong><\/strong><\/strong><\/strong><\/strong><\/strong><\/h2>\n\n\n\n<p><\/p>\n\n\n\n<ul class=\"wp-block-list\">\n<li>Med OPR F\u00f6retagsl\u00e5n kan du l\u00e5na upp till 1 000 000 kr<\/li>\n\n\n\n<li>V\u00e4lj mellan 6 &#8211; 24 m\u00e5naders l\u00f6ptid<\/li>\n\n\n\n<li>Tydliga villkor<\/li>\n\n\n\n<li>Enbart avgifter, ingen r\u00e4nta<\/li>\n<\/ul>\n\n\n\n<p><\/p>\n\n\n\n<p>OPR F\u00f6retagsl\u00e5n har som fokus att ge <a href=\"https:\/\/creddo.com\/se\/foretagslan\/smaforetag\/\">sm\u00e5f\u00f6retagare<\/a> tillg\u00e5ng till snabba och smidiga l\u00e5n med tydliga villkor. Via Creddo s\u00e5 kan du ans\u00f6ka om 30 000 &#8211; 1 000 000 kr i l\u00e5n hos OPR och du kan v\u00e4lja en \u00e5terbetalningstid mellan 1 &#8211; 24 m\u00e5nader, vilken som passar dig b\u00e4st. Skulle du vilja \u00e5terbetala l\u00e5net i f\u00f6rtid s\u00e5 tillkommer det inga extra kostnader, utan du kan f\u00f6rtidsl\u00f6sa n\u00e4r du vill och du betalar enbart f\u00f6r tiden som du nyttjat l\u00e5net. OPR F\u00f6retagsl\u00e5n anv\u00e4nder ingen r\u00e4nta p\u00e5 sina <a href=\"https:\/\/creddo.com\/se\/foretagslan\/\">f\u00f6retagsl\u00e5n<\/a>, utan de r\u00e4knar ut en fast avgift som beror p\u00e5 dig och ditt f\u00f6retags kreditv\u00e4rdighet. P\u00e5 s\u00e5 s\u00e4tt s\u00e5 f\u00e5r du en enkel och tydlig struktur p\u00e5 ditt f\u00f6retagsl\u00e5n. <strong>Dessutom s\u00e5 tar OPR en kreditupplysning med Creditsafe. En kreditupplysning fr\u00e5n Creditsafe p\u00e5verkar varken rating, scoring eller framtida kreditomd\u00f6men hos andra akt\u00f6rer.<\/strong><\/p>\n\n\n\n<p><\/p>\n\n\n\n<h2 class=\"wp-block-heading\" id=\"h-foretagslan-med-betalningsanmarkning\"><strong><strong><strong><strong>F\u00f6retagsl\u00e5n med betalningsanm\u00e4rkning<\/strong><\/strong><\/strong><\/strong><\/h2>\n\n\n\n<p>Hos OPR s\u00e5 kan du l\u00e5na pengar \u00e4ven om ditt f\u00f6retag har en betalningsanm\u00e4rkning. Restriktioner g\u00e4ller om du som ledamot eller \u00e4gare i bolaget har en personlig betalningsanm\u00e4rkning som kan p\u00e5verka potentialen f\u00f6r att f\u00e5 ett OPR F\u00f6retagsl\u00e5n.<\/p>\n\n\n\n<p><\/p>\n\n\n\n<h2 class=\"wp-block-heading\" id=\"h-foretagslan-utan-sakerhet\"><strong>F\u00f6retagsl\u00e5n utan s\u00e4kerhet<\/strong><\/h2>\n\n\n\n<p>Hos OPR F\u00f6retagsl\u00e5n s\u00e5 kr\u00e4ver de alltid minst en borgen p\u00e5 l\u00e5n upp till 200 000 kronor. Beh\u00f6ver du mer \u00e4n s\u00e5 beh\u00f6ver du ha tv\u00e5 personer som kan g\u00e5 i personlig borgen, vilket \u00e4r en s\u00e4krare metod n\u00e4r du \u00f6verv\u00e4ger att anlita OPR F\u00f6retagsl\u00e5n.<\/p>\n\n\n\n<p><\/p>\n\n\n\n<h2 class=\"wp-block-heading\" id=\"h-varfor-ska-man-jamfora-foretagslan-med-creddo\"><strong>Varf\u00f6r ska man j\u00e4mf\u00f6ra f\u00f6retagsl\u00e5n med Creddo?<\/strong><\/h2>\n\n\n\n<p>N\u00e4r du ans\u00f6ker om ett f\u00f6retagsl\u00e5n hos Creddo s\u00e5 har du m\u00f6jlighet att f\u00e5 flera erbjudanden, men det registreras bara en kreditupplysning via UC via oss. Det finns \u00e4ven l\u00e5ngivare som jobbar med andra kreditf\u00f6retag, bland annat CreditSafe och Dun &amp; Bradstreet, tidigare k\u00e4nd som Bisnode. Dessa p\u00e5verkar dock inte ditt f\u00f6retags kreditv\u00e4rdighet. OPR \u00e4r just en s\u00e5dan l\u00e5ngivare som <strong>endast g\u00f6r en kreditupplysning via <a href=\"https:\/\/creddo.com\/se\/foretagslan\/foretagslan-med-creditsafe\/\">CreditSafe <\/a>p\u00e5 ditt f\u00f6retag.<\/strong><\/p>\n\n\n\n<p><\/p>\n\n\n\n<p>Via Creddo s\u00e5 f\u00e5r du en bra \u00f6verblick p\u00e5 vilka erbjudanden du f\u00e5r och vilket som passar dig och ditt f\u00f6retag b\u00e4st. Ut\u00f6ver detta s\u00e5 ist\u00e4llet f\u00f6r att ans\u00f6ka hos varje l\u00e5ngivare s\u00e5 sparar du b\u00e5de tid och energi genom att samla din ans\u00f6kan p\u00e5 samma st\u00e4lle. Vi p\u00e5 Creddo tar inte ut n\u00e5gon avgift mot dig som f\u00f6retagare, utan f\u00e5r ist\u00e4llet en ers\u00e4ttning fr\u00e5n l\u00e5ngivaren vid utbetalt l\u00e5n. Att j\u00e4mf\u00f6ra l\u00e5ngivare kan hj\u00e4lpa dig att avg\u00f6ra om OPR F\u00f6retagsl\u00e5n \u00e4r r\u00e4tt val f\u00f6r f\u00f6retaget.<\/p>\n\n\n\n<p><\/p>\n\n\n\n<h2 class=\"wp-block-heading\" id=\"h-sammanfattning-opr-foretagslan\"><strong><strong><strong><strong><strong><strong><strong><strong><strong><strong>Sammanfattning OPR F\u00f6retagsl\u00e5n<\/strong><\/strong><\/strong><\/strong><\/strong><\/strong><\/strong><\/strong><\/strong><\/strong><\/h2>\n\n\n\n<p><\/p>\n\n\n\n<figure class=\"wp-block-table is-style-stripes\"><table class=\"has-fixed-layout\"><tbody><tr><td>L\u00e5nebelopp<\/td><td>Upp till 1 000 000 kr<\/td><\/tr><tr><td>L\u00f6ptid<\/td><td>1 &#8211; 24 m\u00e5nader<\/td><\/tr><tr><td>Uppl\u00e4ggningsavgift<\/td><td>Nej<\/td><\/tr><tr><td>Personlig borgen<\/td><td>Ja<\/td><\/tr><tr><td>Aviavgift<\/td><td>Nej<\/td><\/tr><tr><td>Autogiro<\/td><td>Ja<\/td><\/tr><tr><td>Komplettering<\/td><td>Ja<\/td><\/tr><tr><td>BankID<\/td><td>Ja<\/td><\/tr><\/tbody><\/table><\/figure>\n\n\n\n<p><\/p>\n\n\n\n<p>L\u00e4s Creddos <a href=\"https:\/\/creddo.com\/se\/langivare\/opr\/recension\/\">recension av OPR F\u00f6retagsl\u00e5n<\/a> f\u00f6r att f\u00f6rst\u00e5 hur OPR F\u00f6retagsl\u00e5n kan vara till nytta.<\/p>\n","protected":false},"excerpt":{"rendered":"<p>Kort om OPR F\u00f6retagsl\u00e5n OPR F\u00f6retagsl\u00e5n har som fokus att ge sm\u00e5f\u00f6retagare tillg\u00e5ng till snabba och smidiga l\u00e5n med tydliga villkor. Via Creddo s\u00e5 kan du ans\u00f6ka om 30 000 &#8211; 1 000 000 kr i l\u00e5n hos OPR och du kan v\u00e4lja en \u00e5terbetalningstid mellan 1 &#8211; 24 m\u00e5nader, vilken som passar dig b\u00e4st. [&hellip;]<\/p>\n","protected":false},"author":13,"featured_media":0,"parent":2896,"menu_order":0,"comment_status":"closed","ping_status":"closed","template":"empty-page-with-slider.php","meta":{"_acf_changed":false,"footnotes":""},"class_list":["post-2989","page","type-page","status-publish","hentry"],"acf":[],"yoast_head":"<!-- This site is optimized with the Yoast SEO Premium plugin v26.6 (Yoast SEO v26.8) - https:\/\/yoast.com\/product\/yoast-seo-premium-wordpress\/ -->\n<title>OPR f\u00f6retagsl\u00e5n - L\u00e5na upp till 1 miljoner kr<\/title>\n<meta name=\"description\" content=\"OPR F\u00f6retagsl\u00e5n riktar in sig framf\u00f6rallt p\u00e5 sm\u00e5f\u00f6retagare och hos Creddo s\u00e5 kan du ans\u00f6ka om l\u00e5n p\u00e5 upp till 1 miljon kronor med 1 UC\" \/>\n<meta name=\"robots\" content=\"index, follow, max-snippet:-1, max-image-preview:large, max-video-preview:-1\" \/>\n<link rel=\"canonical\" href=\"https:\/\/creddo.com\/se\/langivare\/opr\/\" \/>\n<meta property=\"og:locale\" content=\"sv_SE\" \/>\n<meta property=\"og:type\" content=\"article\" \/>\n<meta property=\"og:title\" content=\"OPR\" \/>\n<meta property=\"og:description\" content=\"Kort om OPR F\u00f6retagsl\u00e5n Med OPR F\u00f6retagsl\u00e5n kan du l\u00e5na upp till 1 000 000 kr V\u00e4lj mellan 6 - 24 m\u00e5naders l\u00f6ptid Tydliga villkor Enbart avgifter, ingen\" \/>\n<meta property=\"og:url\" content=\"https:\/\/creddo.com\/se\/langivare\/opr\/\" \/>\n<meta property=\"og:site_name\" content=\"Creddo\" \/>\n<meta property=\"article:publisher\" content=\"https:\/\/www.facebook.com\/creddose\" \/>\n<meta property=\"article:modified_time\" content=\"2025-12-30T15:00:12+00:00\" \/>\n<meta property=\"og:image\" content=\"https:\/\/creddo.com\/se\/wp-content\/uploads\/2024\/07\/52.jpg\" \/>\n\t<meta property=\"og:image:width\" content=\"1200\" \/>\n\t<meta property=\"og:image:height\" content=\"630\" \/>\n\t<meta property=\"og:image:type\" content=\"image\/jpeg\" \/>\n<meta name=\"twitter:card\" content=\"summary_large_image\" \/>\n<meta name=\"twitter:label1\" content=\"Ber\u00e4knad l\u00e4stid\" \/>\n\t<meta name=\"twitter:data1\" content=\"3 minuter\" \/>\n<script type=\"application\/ld+json\" class=\"yoast-schema-graph\">{\"@context\":\"https:\/\/schema.org\",\"@graph\":[{\"@type\":\"WebPage\",\"@id\":\"https:\/\/creddo.com\/se\/langivare\/opr\/\",\"url\":\"https:\/\/creddo.com\/se\/langivare\/opr\/\",\"name\":\"OPR f\u00f6retagsl\u00e5n - L\u00e5na upp till 1 miljoner kr\",\"isPartOf\":{\"@id\":\"https:\/\/creddo.com\/se\/#website\"},\"datePublished\":\"2023-07-26T13:07:59+00:00\",\"dateModified\":\"2025-12-30T15:00:12+00:00\",\"description\":\"OPR F\u00f6retagsl\u00e5n riktar in sig framf\u00f6rallt p\u00e5 sm\u00e5f\u00f6retagare och hos Creddo s\u00e5 kan du ans\u00f6ka om l\u00e5n p\u00e5 upp till 1 miljon kronor med 1 UC\",\"breadcrumb\":{\"@id\":\"https:\/\/creddo.com\/se\/langivare\/opr\/#breadcrumb\"},\"inLanguage\":\"sv-SE\",\"potentialAction\":[{\"@type\":\"ReadAction\",\"target\":[\"https:\/\/creddo.com\/se\/langivare\/opr\/\"]}]},{\"@type\":\"BreadcrumbList\",\"@id\":\"https:\/\/creddo.com\/se\/langivare\/opr\/#breadcrumb\",\"itemListElement\":[{\"@type\":\"ListItem\",\"position\":1,\"name\":\"Creddo.com\",\"item\":\"https:\/\/creddo.com\/se\/\"},{\"@type\":\"ListItem\",\"position\":2,\"name\":\"L\u00e5ngivare\",\"item\":\"https:\/\/creddo.com\/se\/langivare\/\"},{\"@type\":\"ListItem\",\"position\":3,\"name\":\"OPR\"}]},{\"@type\":\"WebSite\",\"@id\":\"https:\/\/creddo.com\/se\/#website\",\"url\":\"https:\/\/creddo.com\/se\/\",\"name\":\"Creddo\",\"description\":\"J\u00e4mf\u00f6r f\u00f6retagsl\u00e5n upp till 10 miljoner\",\"publisher\":{\"@id\":\"https:\/\/creddo.com\/se\/#organization\"},\"potentialAction\":[{\"@type\":\"SearchAction\",\"target\":{\"@type\":\"EntryPoint\",\"urlTemplate\":\"https:\/\/creddo.com\/se\/?s={search_term_string}\"},\"query-input\":{\"@type\":\"PropertyValueSpecification\",\"valueRequired\":true,\"valueName\":\"search_term_string\"}}],\"inLanguage\":\"sv-SE\"},{\"@type\":\"Organization\",\"@id\":\"https:\/\/creddo.com\/se\/#organization\",\"name\":\"Creddo AB\",\"url\":\"https:\/\/creddo.com\/se\/\",\"logo\":{\"@type\":\"ImageObject\",\"inLanguage\":\"sv-SE\",\"@id\":\"https:\/\/creddo.com\/se\/#\/schema\/logo\/image\/\",\"url\":\"https:\/\/creddo.com\/se\/wp-content\/uploads\/2024\/04\/Creddo-logo-square.png\",\"contentUrl\":\"https:\/\/creddo.com\/se\/wp-content\/uploads\/2024\/04\/Creddo-logo-square.png\",\"width\":720,\"height\":720,\"caption\":\"Creddo AB\"},\"image\":{\"@id\":\"https:\/\/creddo.com\/se\/#\/schema\/logo\/image\/\"},\"sameAs\":[\"https:\/\/www.facebook.com\/creddose\",\"https:\/\/www.linkedin.com\/company\/creddo-ab\/\"]}]}<\/script>\n<!-- \/ Yoast SEO Premium plugin. -->","yoast_head_json":{"title":"OPR f\u00f6retagsl\u00e5n - L\u00e5na upp till 1 miljoner kr","description":"OPR F\u00f6retagsl\u00e5n riktar in sig framf\u00f6rallt p\u00e5 sm\u00e5f\u00f6retagare och hos Creddo s\u00e5 kan du ans\u00f6ka om l\u00e5n p\u00e5 upp till 1 miljon kronor med 1 UC","robots":{"index":"index","follow":"follow","max-snippet":"max-snippet:-1","max-image-preview":"max-image-preview:large","max-video-preview":"max-video-preview:-1"},"canonical":"https:\/\/creddo.com\/se\/langivare\/opr\/","og_locale":"sv_SE","og_type":"article","og_title":"OPR","og_description":"Kort om OPR F\u00f6retagsl\u00e5n Med OPR F\u00f6retagsl\u00e5n kan du l\u00e5na upp till 1 000 000 kr V\u00e4lj mellan 6 - 24 m\u00e5naders l\u00f6ptid Tydliga villkor Enbart avgifter, ingen","og_url":"https:\/\/creddo.com\/se\/langivare\/opr\/","og_site_name":"Creddo","article_publisher":"https:\/\/www.facebook.com\/creddose","article_modified_time":"2025-12-30T15:00:12+00:00","og_image":[{"width":1200,"height":630,"url":"https:\/\/creddo.com\/se\/wp-content\/uploads\/2024\/07\/52.jpg","type":"image\/jpeg"}],"twitter_card":"summary_large_image","twitter_misc":{"Ber\u00e4knad l\u00e4stid":"3 minuter"},"schema":{"@context":"https:\/\/schema.org","@graph":[{"@type":"WebPage","@id":"https:\/\/creddo.com\/se\/langivare\/opr\/","url":"https:\/\/creddo.com\/se\/langivare\/opr\/","name":"OPR f\u00f6retagsl\u00e5n - L\u00e5na upp till 1 miljoner kr","isPartOf":{"@id":"https:\/\/creddo.com\/se\/#website"},"datePublished":"2023-07-26T13:07:59+00:00","dateModified":"2025-12-30T15:00:12+00:00","description":"OPR F\u00f6retagsl\u00e5n riktar in sig framf\u00f6rallt p\u00e5 sm\u00e5f\u00f6retagare och hos Creddo s\u00e5 kan du ans\u00f6ka om l\u00e5n p\u00e5 upp till 1 miljon kronor med 1 UC","breadcrumb":{"@id":"https:\/\/creddo.com\/se\/langivare\/opr\/#breadcrumb"},"inLanguage":"sv-SE","potentialAction":[{"@type":"ReadAction","target":["https:\/\/creddo.com\/se\/langivare\/opr\/"]}]},{"@type":"BreadcrumbList","@id":"https:\/\/creddo.com\/se\/langivare\/opr\/#breadcrumb","itemListElement":[{"@type":"ListItem","position":1,"name":"Creddo.com","item":"https:\/\/creddo.com\/se\/"},{"@type":"ListItem","position":2,"name":"L\u00e5ngivare","item":"https:\/\/creddo.com\/se\/langivare\/"},{"@type":"ListItem","position":3,"name":"OPR"}]},{"@type":"WebSite","@id":"https:\/\/creddo.com\/se\/#website","url":"https:\/\/creddo.com\/se\/","name":"Creddo","description":"J\u00e4mf\u00f6r f\u00f6retagsl\u00e5n upp till 10 miljoner","publisher":{"@id":"https:\/\/creddo.com\/se\/#organization"},"potentialAction":[{"@type":"SearchAction","target":{"@type":"EntryPoint","urlTemplate":"https:\/\/creddo.com\/se\/?s={search_term_string}"},"query-input":{"@type":"PropertyValueSpecification","valueRequired":true,"valueName":"search_term_string"}}],"inLanguage":"sv-SE"},{"@type":"Organization","@id":"https:\/\/creddo.com\/se\/#organization","name":"Creddo AB","url":"https:\/\/creddo.com\/se\/","logo":{"@type":"ImageObject","inLanguage":"sv-SE","@id":"https:\/\/creddo.com\/se\/#\/schema\/logo\/image\/","url":"https:\/\/creddo.com\/se\/wp-content\/uploads\/2024\/04\/Creddo-logo-square.png","contentUrl":"https:\/\/creddo.com\/se\/wp-content\/uploads\/2024\/04\/Creddo-logo-square.png","width":720,"height":720,"caption":"Creddo AB"},"image":{"@id":"https:\/\/creddo.com\/se\/#\/schema\/logo\/image\/"},"sameAs":["https:\/\/www.facebook.com\/creddose","https:\/\/www.linkedin.com\/company\/creddo-ab\/"]}]}},"lang":"sv","translations":{"sv":2989},"pll_sync_post":[],"_links":{"self":[{"href":"https:\/\/creddo.com\/se\/wp-json\/wp\/v2\/pages\/2989","targetHints":{"allow":["GET"]}}],"collection":[{"href":"https:\/\/creddo.com\/se\/wp-json\/wp\/v2\/pages"}],"about":[{"href":"https:\/\/creddo.com\/se\/wp-json\/wp\/v2\/types\/page"}],"author":[{"embeddable":true,"href":"https:\/\/creddo.com\/se\/wp-json\/wp\/v2\/users\/13"}],"replies":[{"embeddable":true,"href":"https:\/\/creddo.com\/se\/wp-json\/wp\/v2\/comments?post=2989"}],"version-history":[{"count":12,"href":"https:\/\/creddo.com\/se\/wp-json\/wp\/v2\/pages\/2989\/revisions"}],"predecessor-version":[{"id":5377,"href":"https:\/\/creddo.com\/se\/wp-json\/wp\/v2\/pages\/2989\/revisions\/5377"}],"up":[{"embeddable":true,"href":"https:\/\/creddo.com\/se\/wp-json\/wp\/v2\/pages\/2896"}],"wp:attachment":[{"href":"https:\/\/creddo.com\/se\/wp-json\/wp\/v2\/media?parent=2989"}],"curies":[{"name":"wp","href":"https:\/\/api.w.org\/{rel}","templated":true}]}}