{"id":2998,"date":"2023-07-26T15:10:02","date_gmt":"2023-07-26T13:10:02","guid":{"rendered":"https:\/\/stage.creddo.com\/se\/?page_id=2998"},"modified":"2025-11-18T15:43:06","modified_gmt":"2025-11-18T14:43:06","slug":"opr-flex","status":"publish","type":"page","link":"https:\/\/creddo.com\/se\/langivare\/opr-flex\/","title":{"rendered":"OPR Flex"},"content":{"rendered":"\n<h2 class=\"wp-block-heading\" id=\"h-kort-om-opr-foretagslan-flex\"><strong><strong><strong><strong><strong><strong><strong><strong><strong><strong><strong><strong><strong><strong><strong><strong><strong><strong><strong><strong>Kort om OPR f\u00f6retagsl\u00e5n flex<\/strong><\/strong><\/strong><\/strong><\/strong><\/strong><\/strong><\/strong><\/strong><\/strong><\/strong><\/strong><\/strong><\/strong><\/strong><\/strong><\/strong><\/strong><\/strong><\/strong><\/h2>\n\n\n\n<p><\/p>\n\n\n\n<ul class=\"wp-block-list\">\n<li>OPR f\u00f6retagsl\u00e5n flex erbjuder digital flexibel checkkredit p\u00e5 upp till 200 000 kr<\/li>\n\n\n\n<li>Flexibel \u00e5terbetalningstid<\/li>\n\n\n\n<li>Betala enbart f\u00f6r det du nyttjar!<\/li>\n\n\n\n<li>Fri l\u00f6sen<\/li>\n<\/ul>\n\n\n\n<p><\/p>\n\n\n\n<p>Sedan 2021 s\u00e5 har OPR F\u00f6retagsl\u00e5n Flex b\u00f6rjat erbjuda sm\u00e5f\u00f6retagare en digital smidig <a href=\"https:\/\/creddo.com\/se\/checkkredit\/\">checkkredit<\/a>. Hos OPR F\u00f6retagsl\u00e5n Flex s\u00e5 f\u00f6rst\u00e5r man att <a href=\"https:\/\/creddo.com\/se\/foretagslan\/smaforetag\/\">sm\u00e5f\u00f6retagare<\/a> beh\u00f6ver ha m\u00f6jlighet att f\u00e5 tillg\u00e5ng till pengar <a href=\"https:\/\/creddo.com\/se\/foretagslan\/snabba-foretagslan\/\">snabbt<\/a>, men att det inte f\u00e5r kosta alltf\u00f6r mycket. Med en digital checkkredit s\u00e5 f\u00e5r du som f\u00f6retagare ett kreditutrymme d\u00e4r du enbart betalar f\u00f6r det du nyttjar. Om du som f\u00f6retagare enbart beh\u00f6ver en smart buffert utifall att s\u00e5 kan detta vara en b\u00e4ttre l\u00f6sning \u00e4n ett traditionellt f\u00f6retagsl\u00e5n som kostar r\u00e4nta och avgifter varje m\u00e5nad.<\/p>\n\n\n\n<p><\/p>\n\n\n\n<h2 class=\"wp-block-heading\" id=\"h-foretagslan-med-betalningsanmarkning\"><strong><strong><strong><strong><strong>F\u00f6retagsl\u00e5n med betalningsanm\u00e4rkning<\/strong><\/strong><\/strong><\/strong><\/strong><\/h2>\n\n\n\n<p>Hos OPR Flex s\u00e5 kan du l\u00e5na pengar \u00e4ven om ditt f\u00f6retag har en betalningsanm\u00e4rkning. Skulle du som ledamot eller \u00e4gare i bolaget ha en betalningsanm\u00e4rkning s\u00e5 \u00e4r det inte m\u00f6jligt att f\u00e5 n\u00e5got f\u00f6retagsl\u00e5n.<\/p>\n\n\n\n<p><\/p>\n\n\n\n<h2 class=\"wp-block-heading\" id=\"h-foretagslan-utan-sakerhet\"><strong>F\u00f6retagsl\u00e5n utan s\u00e4kerhet<\/strong><\/h2>\n\n\n\n<p>Hos OPR F\u00f6retagsl\u00e5n Flex s\u00e5 kr\u00e4ver de alltid minst en borgen p\u00e5 l\u00e5n upp till 200 000 kronor. Beh\u00f6ver du mer \u00e4n s\u00e5 beh\u00f6ver du ha tv\u00e5 personer som kan g\u00e5 i personlig borgen.<\/p>\n\n\n\n<p><\/p>\n\n\n\n<h2 class=\"wp-block-heading\" id=\"h-varfor-ska-man-jamfora-foretagslan-med-creddo\"><strong>Varf\u00f6r ska man j\u00e4mf\u00f6ra f\u00f6retagsl\u00e5n med Creddo?<\/strong><\/h2>\n\n\n\n<p>N\u00e4r du ans\u00f6ker om ett <a href=\"https:\/\/creddo.com\/se\/foretagslan\/\">f\u00f6retagsl\u00e5n <\/a>hos Creddo s\u00e5 har du m\u00f6jlighet att f\u00e5 flera erbjudanden, men det registreras bara en kreditupplysning via UC. Det finns \u00e4ven l\u00e5ngivare som jobbar med andra kreditf\u00f6retag, bland annat CreditSafe och Dun &amp; Bradstreet, tidigare k\u00e4nd som Bisnode. Dessa p\u00e5verkar dock inte ditt f\u00f6retags kreditv\u00e4rdighet. OPR F\u00f6retagsl\u00e5n Flex tar en kompletterande CreditSafe p\u00e5 ditt f\u00f6retag.<\/p>\n\n\n\n<p><\/p>\n\n\n\n<p> Med Creddo f\u00e5r du snabbt och enkelt en tydlig \u00f6verblick \u00f6ver skr\u00e4ddarsydda l\u00e5neerbjudanden \u2013 s\u00e5 att du direkt ser vilket alternativ som passar dig och ditt f\u00f6retag b\u00e4st. Du slipper l\u00e4gga tid p\u00e5 att ans\u00f6ka hos varje l\u00e5ngivare separat \u2013 vi samlar allt p\u00e5 ett st\u00e4lle och g\u00f6r jobbet \u00e5t dig. Det b\u00e4sta av allt? Tj\u00e4nsten \u00e4r helt kostnadsfri f\u00f6r dig som f\u00f6retagare. Vi f\u00e5r ist\u00e4llet ers\u00e4ttning fr\u00e5n l\u00e5ngivaren f\u00f6rst n\u00e4r ett l\u00e5n betalas ut. Smidigt, smart och riskfritt!<\/p>\n\n\n\n<p><\/p>\n\n\n\n<h2 class=\"wp-block-heading\" id=\"h-sammanfattning-opr-foretagslan-flex\"><strong><strong><strong><strong><strong><strong><strong><strong><strong><strong><strong>Sammanfattning OPR F\u00f6retagsl\u00e5n Flex<\/strong><\/strong><\/strong><\/strong><\/strong><\/strong><\/strong><\/strong><\/strong><\/strong><\/strong><\/h2>\n\n\n\n<p><\/p>\n\n\n\n<figure class=\"wp-block-table is-style-stripes\"><table class=\"has-fixed-layout\"><tbody><tr><td>Kreditlimit<\/td><td>Upp till 200 000 kr<\/td><\/tr><tr><td>L\u00f6ptid<\/td><td>Flexibel<\/td><\/tr><tr><td>Uppl\u00e4ggningsavgift<\/td><td>Nej<\/td><\/tr><tr><td>Personlig borgen<\/td><td>Ja<\/td><\/tr><tr><td>Aviavgift<\/td><td>Nej<\/td><\/tr><tr><td>Autogiro<\/td><td>Ja<\/td><\/tr><tr><td>Komplettering<\/td><td>Ja<\/td><\/tr><tr><td>BankID<\/td><td>Ja<\/td><\/tr><\/tbody><\/table><\/figure>\n","protected":false},"excerpt":{"rendered":"<p>Kort om OPR f\u00f6retagsl\u00e5n flex Sedan 2021 s\u00e5 har OPR F\u00f6retagsl\u00e5n Flex b\u00f6rjat erbjuda sm\u00e5f\u00f6retagare en digital smidig checkkredit. Hos OPR F\u00f6retagsl\u00e5n Flex s\u00e5 f\u00f6rst\u00e5r man att sm\u00e5f\u00f6retagare beh\u00f6ver ha m\u00f6jlighet att f\u00e5 tillg\u00e5ng till pengar snabbt, men att det inte f\u00e5r kosta alltf\u00f6r mycket. Med en digital checkkredit s\u00e5 f\u00e5r du som f\u00f6retagare ett [&hellip;]<\/p>\n","protected":false},"author":13,"featured_media":0,"parent":2896,"menu_order":0,"comment_status":"closed","ping_status":"closed","template":"empty-page-with-slider.php","meta":{"_acf_changed":false,"_uag_custom_page_level_css":"","footnotes":""},"class_list":["post-2998","page","type-page","status-publish","hentry"],"acf":[],"yoast_head":"<!-- This site is optimized with the Yoast SEO Premium plugin v26.6 (Yoast SEO v26.8) - https:\/\/yoast.com\/product\/yoast-seo-premium-wordpress\/ -->\n<title>OPR f\u00f6retagsl\u00e5n flex - checkkredit till f\u00f6retag upp till 200k kr - Creddo<\/title>\n<meta name=\"description\" content=\"Hos OPR f\u00f6retagsl\u00e5n flex s\u00e5 f\u00f6rst\u00e5r man att sm\u00e5f\u00f6retagare beh\u00f6ver f\u00e5 tillg\u00e5ng till kapital snabbt. J\u00e4mf\u00f6r via Creddo\" \/>\n<meta name=\"robots\" content=\"index, follow, max-snippet:-1, max-image-preview:large, max-video-preview:-1\" \/>\n<link rel=\"canonical\" href=\"https:\/\/creddo.com\/se\/langivare\/opr-flex\/\" \/>\n<meta property=\"og:locale\" content=\"sv_SE\" \/>\n<meta property=\"og:type\" content=\"article\" \/>\n<meta property=\"og:title\" content=\"OPR Flex\" \/>\n<meta property=\"og:description\" content=\"Kort om OPR f\u00f6retagsl\u00e5n flex OPR f\u00f6retagsl\u00e5n flex erbjuder digital flexibel checkkredit p\u00e5 upp till 200 000 kr Flexibel \u00e5terbetalningstid Betala enbart\" \/>\n<meta property=\"og:url\" content=\"https:\/\/creddo.com\/se\/langivare\/opr-flex\/\" \/>\n<meta property=\"og:site_name\" content=\"Creddo\" \/>\n<meta property=\"article:publisher\" content=\"https:\/\/www.facebook.com\/creddose\" \/>\n<meta property=\"article:modified_time\" content=\"2025-11-18T14:43:06+00:00\" \/>\n<meta property=\"og:image\" content=\"https:\/\/creddo.com\/se\/wp-content\/uploads\/2024\/07\/52.jpg\" \/>\n\t<meta property=\"og:image:width\" content=\"1200\" \/>\n\t<meta property=\"og:image:height\" content=\"630\" \/>\n\t<meta property=\"og:image:type\" content=\"image\/jpeg\" \/>\n<meta name=\"twitter:card\" content=\"summary_large_image\" \/>\n<meta name=\"twitter:label1\" content=\"Ber\u00e4knad l\u00e4stid\" \/>\n\t<meta name=\"twitter:data1\" content=\"2 minuter\" \/>\n<script type=\"application\/ld+json\" class=\"yoast-schema-graph\">{\"@context\":\"https:\/\/schema.org\",\"@graph\":[{\"@type\":\"WebPage\",\"@id\":\"https:\/\/creddo.com\/se\/langivare\/opr-flex\/\",\"url\":\"https:\/\/creddo.com\/se\/langivare\/opr-flex\/\",\"name\":\"OPR f\u00f6retagsl\u00e5n flex - checkkredit till f\u00f6retag upp till 200k kr - Creddo\",\"isPartOf\":{\"@id\":\"https:\/\/creddo.com\/se\/#website\"},\"datePublished\":\"2023-07-26T13:10:02+00:00\",\"dateModified\":\"2025-11-18T14:43:06+00:00\",\"description\":\"Hos OPR f\u00f6retagsl\u00e5n flex s\u00e5 f\u00f6rst\u00e5r man att sm\u00e5f\u00f6retagare beh\u00f6ver f\u00e5 tillg\u00e5ng till kapital snabbt. J\u00e4mf\u00f6r via Creddo\",\"breadcrumb\":{\"@id\":\"https:\/\/creddo.com\/se\/langivare\/opr-flex\/#breadcrumb\"},\"inLanguage\":\"sv-SE\",\"potentialAction\":[{\"@type\":\"ReadAction\",\"target\":[\"https:\/\/creddo.com\/se\/langivare\/opr-flex\/\"]}]},{\"@type\":\"BreadcrumbList\",\"@id\":\"https:\/\/creddo.com\/se\/langivare\/opr-flex\/#breadcrumb\",\"itemListElement\":[{\"@type\":\"ListItem\",\"position\":1,\"name\":\"Creddo.com\",\"item\":\"https:\/\/creddo.com\/se\/\"},{\"@type\":\"ListItem\",\"position\":2,\"name\":\"L\u00e5ngivare\",\"item\":\"https:\/\/creddo.com\/se\/langivare\/\"},{\"@type\":\"ListItem\",\"position\":3,\"name\":\"OPR Flex\"}]},{\"@type\":\"WebSite\",\"@id\":\"https:\/\/creddo.com\/se\/#website\",\"url\":\"https:\/\/creddo.com\/se\/\",\"name\":\"Creddo\",\"description\":\"J\u00e4mf\u00f6r f\u00f6retagsl\u00e5n upp till 10 miljoner\",\"publisher\":{\"@id\":\"https:\/\/creddo.com\/se\/#organization\"},\"potentialAction\":[{\"@type\":\"SearchAction\",\"target\":{\"@type\":\"EntryPoint\",\"urlTemplate\":\"https:\/\/creddo.com\/se\/?s={search_term_string}\"},\"query-input\":{\"@type\":\"PropertyValueSpecification\",\"valueRequired\":true,\"valueName\":\"search_term_string\"}}],\"inLanguage\":\"sv-SE\"},{\"@type\":\"Organization\",\"@id\":\"https:\/\/creddo.com\/se\/#organization\",\"name\":\"Creddo AB\",\"url\":\"https:\/\/creddo.com\/se\/\",\"logo\":{\"@type\":\"ImageObject\",\"inLanguage\":\"sv-SE\",\"@id\":\"https:\/\/creddo.com\/se\/#\/schema\/logo\/image\/\",\"url\":\"https:\/\/creddo.com\/se\/wp-content\/uploads\/2024\/04\/Creddo-logo-square.png\",\"contentUrl\":\"https:\/\/creddo.com\/se\/wp-content\/uploads\/2024\/04\/Creddo-logo-square.png\",\"width\":720,\"height\":720,\"caption\":\"Creddo AB\"},\"image\":{\"@id\":\"https:\/\/creddo.com\/se\/#\/schema\/logo\/image\/\"},\"sameAs\":[\"https:\/\/www.facebook.com\/creddose\",\"https:\/\/www.linkedin.com\/company\/creddo-ab\/\"]}]}<\/script>\n<!-- \/ Yoast SEO Premium plugin. -->","yoast_head_json":{"title":"OPR f\u00f6retagsl\u00e5n flex - checkkredit till f\u00f6retag upp till 200k kr - Creddo","description":"Hos OPR f\u00f6retagsl\u00e5n flex s\u00e5 f\u00f6rst\u00e5r man att sm\u00e5f\u00f6retagare beh\u00f6ver f\u00e5 tillg\u00e5ng till kapital snabbt. J\u00e4mf\u00f6r via Creddo","robots":{"index":"index","follow":"follow","max-snippet":"max-snippet:-1","max-image-preview":"max-image-preview:large","max-video-preview":"max-video-preview:-1"},"canonical":"https:\/\/creddo.com\/se\/langivare\/opr-flex\/","og_locale":"sv_SE","og_type":"article","og_title":"OPR Flex","og_description":"Kort om OPR f\u00f6retagsl\u00e5n flex OPR f\u00f6retagsl\u00e5n flex erbjuder digital flexibel checkkredit p\u00e5 upp till 200 000 kr Flexibel \u00e5terbetalningstid Betala enbart","og_url":"https:\/\/creddo.com\/se\/langivare\/opr-flex\/","og_site_name":"Creddo","article_publisher":"https:\/\/www.facebook.com\/creddose","article_modified_time":"2025-11-18T14:43:06+00:00","og_image":[{"width":1200,"height":630,"url":"https:\/\/creddo.com\/se\/wp-content\/uploads\/2024\/07\/52.jpg","type":"image\/jpeg"}],"twitter_card":"summary_large_image","twitter_misc":{"Ber\u00e4knad l\u00e4stid":"2 minuter"},"schema":{"@context":"https:\/\/schema.org","@graph":[{"@type":"WebPage","@id":"https:\/\/creddo.com\/se\/langivare\/opr-flex\/","url":"https:\/\/creddo.com\/se\/langivare\/opr-flex\/","name":"OPR f\u00f6retagsl\u00e5n flex - checkkredit till f\u00f6retag upp till 200k kr - Creddo","isPartOf":{"@id":"https:\/\/creddo.com\/se\/#website"},"datePublished":"2023-07-26T13:10:02+00:00","dateModified":"2025-11-18T14:43:06+00:00","description":"Hos OPR f\u00f6retagsl\u00e5n flex s\u00e5 f\u00f6rst\u00e5r man att sm\u00e5f\u00f6retagare beh\u00f6ver f\u00e5 tillg\u00e5ng till kapital snabbt. J\u00e4mf\u00f6r via Creddo","breadcrumb":{"@id":"https:\/\/creddo.com\/se\/langivare\/opr-flex\/#breadcrumb"},"inLanguage":"sv-SE","potentialAction":[{"@type":"ReadAction","target":["https:\/\/creddo.com\/se\/langivare\/opr-flex\/"]}]},{"@type":"BreadcrumbList","@id":"https:\/\/creddo.com\/se\/langivare\/opr-flex\/#breadcrumb","itemListElement":[{"@type":"ListItem","position":1,"name":"Creddo.com","item":"https:\/\/creddo.com\/se\/"},{"@type":"ListItem","position":2,"name":"L\u00e5ngivare","item":"https:\/\/creddo.com\/se\/langivare\/"},{"@type":"ListItem","position":3,"name":"OPR Flex"}]},{"@type":"WebSite","@id":"https:\/\/creddo.com\/se\/#website","url":"https:\/\/creddo.com\/se\/","name":"Creddo","description":"J\u00e4mf\u00f6r f\u00f6retagsl\u00e5n upp till 10 miljoner","publisher":{"@id":"https:\/\/creddo.com\/se\/#organization"},"potentialAction":[{"@type":"SearchAction","target":{"@type":"EntryPoint","urlTemplate":"https:\/\/creddo.com\/se\/?s={search_term_string}"},"query-input":{"@type":"PropertyValueSpecification","valueRequired":true,"valueName":"search_term_string"}}],"inLanguage":"sv-SE"},{"@type":"Organization","@id":"https:\/\/creddo.com\/se\/#organization","name":"Creddo AB","url":"https:\/\/creddo.com\/se\/","logo":{"@type":"ImageObject","inLanguage":"sv-SE","@id":"https:\/\/creddo.com\/se\/#\/schema\/logo\/image\/","url":"https:\/\/creddo.com\/se\/wp-content\/uploads\/2024\/04\/Creddo-logo-square.png","contentUrl":"https:\/\/creddo.com\/se\/wp-content\/uploads\/2024\/04\/Creddo-logo-square.png","width":720,"height":720,"caption":"Creddo AB"},"image":{"@id":"https:\/\/creddo.com\/se\/#\/schema\/logo\/image\/"},"sameAs":["https:\/\/www.facebook.com\/creddose","https:\/\/www.linkedin.com\/company\/creddo-ab\/"]}]}},"lang":"sv","translations":{"sv":2998},"uagb_featured_image_src":{"full":false,"thumbnail":false,"medium":false,"medium_large":false,"large":false,"1536x1536":false,"2048x2048":false},"uagb_author_info":{"display_name":"Jonas Smyth","author_link":"https:\/\/creddo.com\/se\/experthornan\/author\/jonas\/"},"uagb_comment_info":0,"uagb_excerpt":"Kort om OPR f\u00f6retagsl\u00e5n flex Sedan 2021 s\u00e5 har OPR F\u00f6retagsl\u00e5n Flex b\u00f6rjat erbjuda sm\u00e5f\u00f6retagare en digital smidig checkkredit. Hos OPR F\u00f6retagsl\u00e5n Flex s\u00e5 f\u00f6rst\u00e5r man att sm\u00e5f\u00f6retagare beh\u00f6ver ha m\u00f6jlighet att f\u00e5 tillg\u00e5ng till pengar snabbt, men att det inte f\u00e5r kosta alltf\u00f6r mycket. Med en digital checkkredit s\u00e5 f\u00e5r du som f\u00f6retagare ett&hellip;","pll_sync_post":[],"_links":{"self":[{"href":"https:\/\/creddo.com\/se\/wp-json\/wp\/v2\/pages\/2998","targetHints":{"allow":["GET"]}}],"collection":[{"href":"https:\/\/creddo.com\/se\/wp-json\/wp\/v2\/pages"}],"about":[{"href":"https:\/\/creddo.com\/se\/wp-json\/wp\/v2\/types\/page"}],"author":[{"embeddable":true,"href":"https:\/\/creddo.com\/se\/wp-json\/wp\/v2\/users\/13"}],"replies":[{"embeddable":true,"href":"https:\/\/creddo.com\/se\/wp-json\/wp\/v2\/comments?post=2998"}],"version-history":[{"count":8,"href":"https:\/\/creddo.com\/se\/wp-json\/wp\/v2\/pages\/2998\/revisions"}],"predecessor-version":[{"id":5137,"href":"https:\/\/creddo.com\/se\/wp-json\/wp\/v2\/pages\/2998\/revisions\/5137"}],"up":[{"embeddable":true,"href":"https:\/\/creddo.com\/se\/wp-json\/wp\/v2\/pages\/2896"}],"wp:attachment":[{"href":"https:\/\/creddo.com\/se\/wp-json\/wp\/v2\/media?parent=2998"}],"curies":[{"name":"wp","href":"https:\/\/api.w.org\/{rel}","templated":true}]}}