{"id":3018,"date":"2023-07-26T15:13:41","date_gmt":"2023-07-26T13:13:41","guid":{"rendered":"https:\/\/stage.creddo.com\/se\/?page_id=3018"},"modified":"2025-11-14T11:54:43","modified_gmt":"2025-11-14T10:54:43","slug":"qred","status":"publish","type":"page","link":"https:\/\/creddo.com\/se\/langivare\/qred\/","title":{"rendered":"Qred Bank"},"content":{"rendered":"\n<h2 class=\"wp-block-heading\" id=\"h-kort-om-qred-bank-foretagslan\"><strong><strong><strong><strong><strong><strong><strong><strong><strong><strong><strong><strong><strong><strong><strong><strong><strong><strong><strong><strong><strong><strong>Kort om Qred Bank f\u00f6retagsl\u00e5n<\/strong><\/strong><\/strong><\/strong><\/strong><\/strong><\/strong><\/strong><\/strong><\/strong><\/strong><\/strong><\/strong><\/strong><\/strong><\/strong><\/strong><\/strong><\/strong><\/strong><\/strong><\/strong><\/h2>\n\n\n\n<p><\/p>\n\n\n\n<ul class=\"wp-block-list\">\n<li>Med Qred Bank kan du l\u00e5na upp till 5 000 000 kr<\/li>\n\n\n\n<li>Upp till 36 m\u00e5nader l\u00f6ptid<\/li>\n\n\n\n<li>Enkla och tydliga villkor<\/li>\n\n\n\n<li>Utbetalning inom 24 timmar<\/li>\n<\/ul>\n\n\n\n<p><\/p>\n\n\n\n<p>Via Creddo s\u00e5 kan vi nu erbjuda <a href=\"https:\/\/creddo.com\/se\/foretagslan\/\">l\u00e5n till f\u00f6retag<\/a> mellan 50 000 &#8211; 5 000 000 kr hos Qred Bank. Alla bolagsformer \u00e4r v\u00e4lkomna att ans\u00f6ka och vid accepterad offert s\u00e5 blir l\u00e5net utbetalt samma dag utan bindningstid.<\/p>\n\n\n\n<p><\/p>\n\n\n\n<p>Hos Qred Bank kan du v\u00e4lja mellan 6 &#8211; 36 m\u00e5nader i \u00e5terbetalningstid. Du betalar en fast avgift f\u00f6r l\u00e5net per m\u00e5nad som beror p\u00e5 ditt f\u00f6retags kreditv\u00e4rdighet. Skulle du vilja \u00e5terbetala l\u00e5net i f\u00f6rtid s\u00e5 tillkommer det inga extra kostnader, utan du kan f\u00f6rtidsl\u00f6sa n\u00e4r du vill och du betalar enbart f\u00f6r den tid som du nyttjat l\u00e5net.<\/p>\n\n\n\n<p><\/p>\n\n\n\n<h3 class=\"wp-block-heading\" id=\"h-foretagslan-med-betalningsanmarkning\"><strong><strong><strong><strong><strong><strong><strong><strong>F\u00f6retagsl\u00e5n med betalningsanm\u00e4rkning<\/strong><\/strong><\/strong><\/strong><\/strong><\/strong><\/strong><\/strong><\/h3>\n\n\n\n<p>Hos Qred Bank s\u00e5 kan du l\u00e5na pengar \u00e4ven om ditt f\u00f6retag har en betalningsanm\u00e4rkning. Skulle du som ledamot eller \u00e4gare i bolaget ha en personlig betalningsanm\u00e4rkning s\u00e5 \u00e4r det inte m\u00f6jligt att f\u00e5 ett f\u00f6retagsl\u00e5n.<\/p>\n\n\n\n<p><\/p>\n\n\n\n<h3 class=\"wp-block-heading\" id=\"h-foretagslan-utan-sakerhet\"><strong>F\u00f6retagsl\u00e5n utan s\u00e4kerhet<\/strong><\/h3>\n\n\n\n<p>Hos Qred s\u00e5 kr\u00e4ver de alltid minst en <a href=\"https:\/\/creddo.com\/se\/foretagslan\/personlig-borgen\/\">personlig borgen<\/a> p\u00e5 sina f\u00f6retagsl\u00e5n.&nbsp;<\/p>\n\n\n\n<h3 class=\"wp-block-heading\" id=\"h-sammanfattning-qred-foretagslan\"><strong><strong><strong><strong><strong><strong><strong><strong><strong><strong><strong><strong><strong>Sammanfattning Qred f\u00f6retagsl\u00e5n<\/strong><\/strong><\/strong><\/strong><\/strong><\/strong><\/strong><\/strong><\/strong><\/strong><\/strong><\/strong><\/strong><\/h3>\n\n\n\n<p><\/p>\n\n\n\n<figure class=\"wp-block-table is-style-stripes\"><table class=\"has-fixed-layout\"><tbody><tr><td>L\u00e5nebelopp<\/td><td>50 000 &#8211; 5 000 000 kr<\/td><\/tr><tr><td>L\u00f6ptid<\/td><td>6 &#8211; 36 m\u00e5nader<\/td><\/tr><tr><td>Uppl\u00e4ggningsavgift<\/td><td>Nej<\/td><\/tr><tr><td>Personlig borgen<\/td><td>Ja<\/td><\/tr><tr><td>Aviavgift<\/td><td>Nej<\/td><\/tr><tr><td>Autogiro<\/td><td>Ja<\/td><\/tr><tr><td>Komplettering<\/td><td>Ja<\/td><\/tr><tr><td>BankID<\/td><td>Ja<\/td><\/tr><\/tbody><\/table><\/figure>\n\n\n\n<h2 class=\"wp-block-heading\" id=\"h-creddos-recension\">Creddos Recension<\/h2>\n\n\n\n<h3 class=\"wp-block-heading\" id=\"h-detta-erbjuder-qred-sina-lantagare\"><strong><strong><strong><strong><strong><strong><strong><strong><strong>Detta erbjuder Qred sina l\u00e5ntagare<\/strong><\/strong><\/strong><\/strong><\/strong><\/strong><\/strong><\/strong><\/strong><\/h3>\n\n\n\n<p><\/p>\n\n\n\n<ul class=\"wp-block-list\">\n<li>Snabb och digital l\u00e5neans\u00f6kan<\/li>\n\n\n\n<li>Personlig kundservice<\/li>\n\n\n\n<li>Transparenta villkor, dvs. inga dolda avgifter<\/li>\n<\/ul>\n\n\n\n<p><\/p>\n\n\n\n<h3 class=\"wp-block-heading\" id=\"h-en-blixtsnabb-och-betrodd-langivare\"><strong><strong><strong><strong><strong><strong><strong><strong>En blixtsnabb och betrodd l\u00e5ngivare<\/strong><\/strong><\/strong><\/strong><\/strong><\/strong><\/strong><\/strong><\/h3>\n\n\n\n<p>Under de senaste \u00e5ren har Qred g\u00e5tt till att bli en av sm\u00e5f\u00f6retagarnas favoriter p\u00e5 den svenska l\u00e5nemarknaden. En anledning till detta \u00e4r deras blixtsnabba l\u00e5neans\u00f6kan, som tar drygt en minut att skicka in och d\u00e4refter besvaras inom en timme med en skr\u00e4ddarsydd f\u00f6retagsl\u00f6sning. D\u00e4refter \u00e4r det bara att signera med BankID s\u00e5 \u00f6verf\u00f6rs pengarna direkt till f\u00f6retagets konto.&nbsp;<\/p>\n\n\n\n<p>D\u00e4remot \u00e4r det inte m\u00f6jligt att beviljas l\u00e5n till att starta upp sitt f\u00f6retag, utan Qred l\u00e5nar endast ut pengar till redan registrerade och aktiva f\u00f6retag. Detta definieras av att f\u00f6retag i fr\u00e5ga m\u00e5ste ha minst ett registrerat bokslut hos Bolagsverket.<\/p>\n\n\n\n<p><\/p>\n\n\n\n<h3 class=\"wp-block-heading\" id=\"h-skraddarsydda-avtal\"><strong><strong><strong><strong><strong><strong><strong><strong><strong>Skr\u00e4ddarsydda avtal<\/strong><\/strong><\/strong><\/strong><\/strong><\/strong><\/strong><\/strong><\/strong><\/h3>\n\n\n\n<p>Till skillnad fr\u00e5n din typiska l\u00e5ngivare har Qred ett unikt system utan startkostnader, dolda avgifter, bindningstider eller n\u00e5gon standardr\u00e4nta. Ist\u00e4llet anpassas l\u00e5neavgiften efter just din l\u00e5neans\u00f6kan, som sedan ligger till grund f\u00f6r att ber\u00e4kna sj\u00e4lva l\u00e5nekostnaden. Efter att du har beviljats med ett l\u00e5n betalar du en fast m\u00e5nadskostnad, som baseras p\u00e5 l\u00e5nets l\u00f6ptid, individuell kreditv\u00e4rdering och belopp, samt en standardavskrivning. Eftersom l\u00e5net har en fast kostnad kan du v\u00e4lja att betala av hela l\u00e5net i f\u00f6rtid om s\u00e5 \u00f6nskas, utan n\u00e5gra extra avgifter.&nbsp;<\/p>\n\n\n\n<p><\/p>\n\n\n\n<h3 class=\"wp-block-heading\" id=\"h-en-kundtjanst-att-lita-pa\"><strong><strong><strong><strong><strong><strong><strong><strong>En kundtj\u00e4nst att lita p\u00e5<\/strong><\/strong><\/strong><\/strong><\/strong><\/strong><\/strong><\/strong><\/h3>\n\n\n\n<p>Det \u00e4r uppenbart att Qred anser att god kommunikation mellan l\u00e5ngivare och l\u00e5ntagare \u00e4r v\u00e4rt att prioritera. Under vardagar mellan kl. 08:00-17:00 g\u00e5r det att kontakta dem via telefon, mail eller chat. Support via b\u00e5de telefon och chat brukar ha en svarstid p\u00e5 1-2 minuter, medan det tar upp till 24 timmar att f\u00e5 svar via mail. I v\u00e5ra tester framkommer det att kundsupporten \u00e4r snabb, trevlig och inser vikten av dig som kund.<\/p>\n\n\n\n<p><\/p>\n\n\n\n<h3 class=\"wp-block-heading\" id=\"h-nackdelar-med-qred\"><strong><strong><strong><strong>Nackdelar med Qred<\/strong><\/strong><\/strong><\/strong><\/h3>\n\n\n\n<p>En stor grund till Qreds framg\u00e5ngar p\u00e5 den svenska, s\u00e5 v\u00e4l som den internationella, l\u00e5nemarknaden \u00e4r hur snabbt och enkelt det \u00e4r att skicka in sin l\u00e5neans\u00f6kan och f\u00e5 sitt l\u00e5n beviljat. F\u00f6r sm\u00e5f\u00f6retagaren finns det ocks\u00e5 en trygghet i den fasta l\u00e5nekostnaden, som best\u00e4ms i samband med att du godk\u00e4nner l\u00e5nevillkoren.Denna trygghet kan samtidigt inneb\u00e4ra att totalkostnaden f\u00f6r ett l\u00e5n hos Qred blir n\u00e5got dyrare \u00e4n hos vissa andra akt\u00f6rer. Huruvida det \u00e4r en nackdel eller inte, avg\u00f6r du b\u00e4st sj\u00e4lv.<\/p>\n\n\n\n<p><\/p>\n\n\n\n<h3 class=\"wp-block-heading\" id=\"h-sammanfattning\"><strong>Sammanfattning<\/strong><\/h3>\n\n\n\n<p>Qred \u00e4r ett tacksamt alternativ f\u00f6r sm\u00e5f\u00f6retagare som snabbt beh\u00f6ver ha ett stabilt l\u00e5n med en flexibel avbetalningsplan och tydliga l\u00e5nekostnader. Kundservicen \u00e4r dessutom utm\u00e4rkt. D\u00e4rtill erbjuder de \u00e4ven bankl\u00f6sningar f\u00f6r f\u00f6retagen som vill samla allt p\u00e5 ett och samma s<\/p>\n\n\n\n<h2 class=\"wp-block-heading\" id=\"h-qred-foretagskort\"><strong><mark style=\"background-color:rgba(0, 0, 0, 0)\" class=\"has-inline-color has-luminous-vivid-amber-color\">Qred f\u00f6retagskort<\/mark><\/strong><\/h2>\n\n\n\n<p>Via Creddo s\u00e5 kan vi nu \u00e4ven erbjuda f\u00f6retagskort hos Qred. Med Qred Visa s\u00e5 f\u00e5r du ett kreditkort som f\u00f6renklar ditt f\u00f6retags vardag och samla alla k\u00f6p du g\u00f6r inom f\u00f6retaget p\u00e5 kortet.<\/p>\n\n\n\n<h3 class=\"wp-block-heading\" id=\"h-kort-om-qred-visa\"><strong><strong><strong><strong><strong><strong><strong><strong><strong><strong><strong><strong><strong><strong><strong><strong><strong><strong><strong><strong><strong><strong><strong>Kort om Qred VISA<\/strong><\/strong><\/strong><\/strong><\/strong><\/strong><\/strong><\/strong><\/strong><\/strong><\/strong><\/strong><\/strong><\/strong><\/strong><\/strong><\/strong><\/strong><\/strong><\/strong><\/strong><\/strong><\/strong><\/h3>\n\n\n\n<p><\/p>\n\n\n\n<ul class=\"wp-block-list\">\n<li>Upp till 50 000 kr i kredit<\/li>\n\n\n\n<li>Kostnadsfritt<\/li>\n\n\n\n<li>Inga m\u00e5nads- eller \u00e5rsavgifter<\/li>\n\n\n\n<li>1% cashback p\u00e5 alla k\u00f6p<\/li>\n\n\n\n<li>Spara kvitton digitalt i appen f\u00f6r enklare bokf\u00f6ring<\/li>\n\n\n\n<li>Betala r\u00e4kningar med Qred Visa<\/li>\n\n\n\n<li>R\u00e4nta fr\u00e5n 1,95%<\/li>\n\n\n\n<li>Minsta \u00e5terbetalning 10% (eller 500 kr) av fakturans totalbelopp<\/li>\n<\/ul>\n\n\n\n<p>Med Qred VISA s\u00e5 f\u00f6renklar du din vardag genom att du kan skilja p\u00e5 privata och ditt f\u00f6retagsk\u00f6p. Vidare s\u00e5 blir din bokf\u00f6ring mycket enklare och du sparar mer tid d\u00e5 du kan spara dina kvitton och utl\u00e4gg digitalt i Qreds app. Anv\u00e4nd kortet f\u00f6r att k\u00f6pa de ditt f\u00f6retag beh\u00f6ver, s\u00e5 som verktyg, utrustning, kl\u00e4der eller andra n\u00f6dv\u00e4ndiga investeringar och samla allt p\u00e5 samma faktura f\u00f6r f\u00f6renklad administration.<\/p>\n\n\n\n<h3 class=\"wp-block-heading\" id=\"h-vanliga-fragor-om-qred-visa\"><strong><strong><strong><strong><strong><strong><strong><strong><strong>Vanliga fr\u00e5gor om Qred VISA<\/strong><\/strong><\/strong><\/strong><\/strong><\/strong><\/strong><\/strong><\/strong><\/h3>\n\n\n\n<h4 class=\"wp-block-heading\" id=\"h-vad-kostar-qred-visa\"><strong>Vad kostar Qred VISA?<\/strong><\/h4>\n\n\n\n<p>Kortet kostar ingenting och har en genomsnittlig r\u00e4ntefri period p\u00e5 45 dagar. En g\u00e5ng i m\u00e5naden f\u00e5r du en faktura med 14 dagar betalningsvillkor som du kan v\u00e4lja att betala allt p\u00e5 en g\u00e5ng eller delbetala fr\u00e5n 1,95% per m\u00e5nad.<\/p>\n\n\n\n<p><\/p>\n\n\n\n<h4 class=\"wp-block-heading\" id=\"h-hur-funkar-det\"><strong>Hur funkar det?<\/strong><\/h4>\n\n\n\n<p>Du f\u00e5r ett kort fr\u00e5n VISA med en beviljad kreditlimit. N\u00e4r du sedan laddar ner appen fr\u00e5n Qred s\u00e5 kan du aktivera kort, se din pin-kod samt se k\u00f6p i appen.<\/p>\n\n\n\n<p><\/p>\n\n\n\n<h4 class=\"wp-block-heading\" id=\"h-gar-det-att-gora-kop-online\"><strong>G\u00e5r det att g\u00f6ra k\u00f6p online?<\/strong><\/h4>\n\n\n\n<p>Ja, du kan g\u00f6ra k\u00f6p b\u00e5de online samt i fysisk butik.<\/p>\n\n\n\n<p><\/p>\n\n\n\n<h4 class=\"wp-block-heading\" id=\"h-kan-jag-ha-flera-kort-pa-foretaget\"><strong>Kan jag ha flera kort p\u00e5 f\u00f6retaget?<\/strong><\/h4>\n\n\n\n<p>Ja, du kan i princip f\u00e5 ett obegr\u00e4nsat antal kort till ditt f\u00f6retag, helt gratis. Det \u00e4r du som v\u00e4ljer hur m\u00e5nga kort du och ditt f\u00f6retag beh\u00f6ver.<\/p>\n\n\n\n<p><\/p>\n\n\n\n<h4 class=\"wp-block-heading\" id=\"h-kan-jag-anvanda-kortet-utomlands\"><strong>Kan jag anv\u00e4nda kortet utomlands?<\/strong><\/h4>\n\n\n\n<p>Ja, det g\u00e5r att anv\u00e4nda utomlands samt s\u00e5 har Qred VISA 0% i valutap\u00e5slag f\u00f6r k\u00f6p utomlands.<\/p>\n\n\n\n<p><\/p>\n\n\n\n<h4 class=\"wp-block-heading\" id=\"h-kan-jag-ta-ut-kontanter-med-qred-visa\"><strong>Kan jag ta ut kontanter med Qred VISA?<\/strong><\/h4>\n\n\n\n<p>Nej, d\u00e5 det \u00e4r ett kreditkort s\u00e5 g\u00e5r det inte att g\u00f6ra kontantuttag.<\/p>\n\n\n\n<p><\/p>\n\n\n\n<h4 class=\"wp-block-heading\" id=\"h-kan-jag-koppla-mitt-qred-visa-till-mitt-bokforingsprogram\"><strong>Kan jag koppla mitt Qred VISA till mitt bokf\u00f6ringsprogram?<\/strong><\/h4>\n\n\n\n<p>Nej, inte \u00e4n men det \u00e4r p\u00e5 g\u00e5ng! Du har dock m\u00f6jlighet att spara alla dina kvitton och utl\u00e4gg i appen som du sedan snabbt och smidigt kan skicka till din redovisningsbyr\u00e5 vid behov.<\/p>\n\n\n\n<h3 class=\"wp-block-heading\" id=\"h-sammanfattning-qred-foretagskort\"><strong><strong><strong><strong><strong><strong><strong><strong><strong><strong><strong><strong><strong><strong>Sammanfattning Qred f\u00f6retagskort<\/strong><\/strong><\/strong><\/strong><\/strong><\/strong><\/strong><\/strong><\/strong><\/strong><\/strong><\/strong><\/strong><\/strong><\/h3>\n\n\n\n<p><\/p>\n\n\n\n<figure class=\"wp-block-table is-style-stripes\"><table class=\"has-fixed-layout\"><tbody><tr><td>Kreditlimit<\/td><td>10 000 &#8211; 50 000 kronor<\/td><\/tr><tr><td>L\u00f6ptid<\/td><td>Flexibel, minsta betalning \u00e4r 10% (eller 500 kr) av fakturans totalbelopp<\/td><\/tr><tr><td>\u00c5rsavgift<\/td><td>Nej<\/td><\/tr><tr><td>R\u00e4nta<\/td><td>Fr\u00e5n 1,95% per m\u00e5nad<\/td><\/tr><tr><td>Cashback<\/td><td>1% p\u00e5 alla k\u00f6p<\/td><\/tr><tr><td>Valutap\u00e5slag vid k\u00f6p utomlands<\/td><td>0%<\/td><\/tr><tr><td>Aviavgift<\/td><td>Nej<\/td><\/tr><tr><td>E-faktura<\/td><td>Ja<\/td><\/tr><\/tbody><\/table><\/figure>\n","protected":false},"excerpt":{"rendered":"<p>Kort om Qred Bank f\u00f6retagsl\u00e5n Via Creddo s\u00e5 kan vi nu erbjuda l\u00e5n till f\u00f6retag mellan 50 000 &#8211; 5 000 000 kr hos Qred Bank. Alla bolagsformer \u00e4r v\u00e4lkomna att ans\u00f6ka och vid accepterad offert s\u00e5 blir l\u00e5net utbetalt samma dag utan bindningstid. Hos Qred Bank kan du v\u00e4lja mellan 6 &#8211; 36 m\u00e5nader [&hellip;]<\/p>\n","protected":false},"author":13,"featured_media":0,"parent":2896,"menu_order":0,"comment_status":"closed","ping_status":"closed","template":"empty-page-with-slider.php","meta":{"_acf_changed":false,"_uag_custom_page_level_css":"","footnotes":""},"class_list":["post-3018","page","type-page","status-publish","hentry"],"acf":[],"yoast_head":"<!-- This site is optimized with the Yoast SEO Premium plugin v26.6 (Yoast SEO v26.8) - https:\/\/yoast.com\/product\/yoast-seo-premium-wordpress\/ -->\n<title>Qred Bank f\u00f6retagsl\u00e5n - l\u00e5n till f\u00f6retag upp till 5 miljoner kr<\/title>\n<meta name=\"description\" content=\"Qred Bank kan via Creddo erbjuda f\u00f6retagare upp till 5 miljoner kr med en l\u00f6ptid p\u00e5 upp till 36 m\u00e5nader. 1 UC endast\" \/>\n<meta name=\"robots\" content=\"index, follow, max-snippet:-1, max-image-preview:large, max-video-preview:-1\" \/>\n<link rel=\"canonical\" href=\"https:\/\/creddo.com\/se\/langivare\/qred\/\" \/>\n<meta property=\"og:locale\" content=\"sv_SE\" \/>\n<meta property=\"og:type\" content=\"article\" \/>\n<meta property=\"og:title\" content=\"Qred Bank\" \/>\n<meta property=\"og:description\" content=\"Kort om Qred Bank f\u00f6retagsl\u00e5n Med Qred Bank kan du l\u00e5na upp till 5 000 000 kr Upp till 36 m\u00e5nader l\u00f6ptid Enkla och tydliga villkor Utbetalning inom 24\" \/>\n<meta property=\"og:url\" content=\"https:\/\/creddo.com\/se\/langivare\/qred\/\" \/>\n<meta property=\"og:site_name\" content=\"Creddo\" \/>\n<meta property=\"article:publisher\" content=\"https:\/\/www.facebook.com\/creddose\" \/>\n<meta property=\"article:modified_time\" content=\"2025-11-14T10:54:43+00:00\" \/>\n<meta property=\"og:image\" content=\"https:\/\/creddo.com\/se\/wp-content\/uploads\/2024\/07\/52.jpg\" \/>\n\t<meta property=\"og:image:width\" content=\"1200\" \/>\n\t<meta property=\"og:image:height\" content=\"630\" \/>\n\t<meta property=\"og:image:type\" content=\"image\/jpeg\" \/>\n<meta name=\"twitter:card\" content=\"summary_large_image\" \/>\n<meta name=\"twitter:label1\" content=\"Ber\u00e4knad l\u00e4stid\" \/>\n\t<meta name=\"twitter:data1\" content=\"6 minuter\" \/>\n<script type=\"application\/ld+json\" class=\"yoast-schema-graph\">{\"@context\":\"https:\/\/schema.org\",\"@graph\":[{\"@type\":\"WebPage\",\"@id\":\"https:\/\/creddo.com\/se\/langivare\/qred\/\",\"url\":\"https:\/\/creddo.com\/se\/langivare\/qred\/\",\"name\":\"Qred Bank f\u00f6retagsl\u00e5n - l\u00e5n till f\u00f6retag upp till 5 miljoner kr\",\"isPartOf\":{\"@id\":\"https:\/\/creddo.com\/se\/#website\"},\"datePublished\":\"2023-07-26T13:13:41+00:00\",\"dateModified\":\"2025-11-14T10:54:43+00:00\",\"description\":\"Qred Bank kan via Creddo erbjuda f\u00f6retagare upp till 5 miljoner kr med en l\u00f6ptid p\u00e5 upp till 36 m\u00e5nader. 1 UC endast\",\"breadcrumb\":{\"@id\":\"https:\/\/creddo.com\/se\/langivare\/qred\/#breadcrumb\"},\"inLanguage\":\"sv-SE\",\"potentialAction\":[{\"@type\":\"ReadAction\",\"target\":[\"https:\/\/creddo.com\/se\/langivare\/qred\/\"]}]},{\"@type\":\"BreadcrumbList\",\"@id\":\"https:\/\/creddo.com\/se\/langivare\/qred\/#breadcrumb\",\"itemListElement\":[{\"@type\":\"ListItem\",\"position\":1,\"name\":\"Creddo.com\",\"item\":\"https:\/\/creddo.com\/se\/\"},{\"@type\":\"ListItem\",\"position\":2,\"name\":\"L\u00e5ngivare\",\"item\":\"https:\/\/creddo.com\/se\/langivare\/\"},{\"@type\":\"ListItem\",\"position\":3,\"name\":\"Qred Bank\"}]},{\"@type\":\"WebSite\",\"@id\":\"https:\/\/creddo.com\/se\/#website\",\"url\":\"https:\/\/creddo.com\/se\/\",\"name\":\"Creddo\",\"description\":\"J\u00e4mf\u00f6r f\u00f6retagsl\u00e5n upp till 10 miljoner\",\"publisher\":{\"@id\":\"https:\/\/creddo.com\/se\/#organization\"},\"potentialAction\":[{\"@type\":\"SearchAction\",\"target\":{\"@type\":\"EntryPoint\",\"urlTemplate\":\"https:\/\/creddo.com\/se\/?s={search_term_string}\"},\"query-input\":{\"@type\":\"PropertyValueSpecification\",\"valueRequired\":true,\"valueName\":\"search_term_string\"}}],\"inLanguage\":\"sv-SE\"},{\"@type\":\"Organization\",\"@id\":\"https:\/\/creddo.com\/se\/#organization\",\"name\":\"Creddo AB\",\"url\":\"https:\/\/creddo.com\/se\/\",\"logo\":{\"@type\":\"ImageObject\",\"inLanguage\":\"sv-SE\",\"@id\":\"https:\/\/creddo.com\/se\/#\/schema\/logo\/image\/\",\"url\":\"https:\/\/creddo.com\/se\/wp-content\/uploads\/2024\/04\/Creddo-logo-square.png\",\"contentUrl\":\"https:\/\/creddo.com\/se\/wp-content\/uploads\/2024\/04\/Creddo-logo-square.png\",\"width\":720,\"height\":720,\"caption\":\"Creddo AB\"},\"image\":{\"@id\":\"https:\/\/creddo.com\/se\/#\/schema\/logo\/image\/\"},\"sameAs\":[\"https:\/\/www.facebook.com\/creddose\",\"https:\/\/www.linkedin.com\/company\/creddo-ab\/\"]}]}<\/script>\n<!-- \/ Yoast SEO Premium plugin. -->","yoast_head_json":{"title":"Qred Bank f\u00f6retagsl\u00e5n - l\u00e5n till f\u00f6retag upp till 5 miljoner kr","description":"Qred Bank kan via Creddo erbjuda f\u00f6retagare upp till 5 miljoner kr med en l\u00f6ptid p\u00e5 upp till 36 m\u00e5nader. 1 UC endast","robots":{"index":"index","follow":"follow","max-snippet":"max-snippet:-1","max-image-preview":"max-image-preview:large","max-video-preview":"max-video-preview:-1"},"canonical":"https:\/\/creddo.com\/se\/langivare\/qred\/","og_locale":"sv_SE","og_type":"article","og_title":"Qred Bank","og_description":"Kort om Qred Bank f\u00f6retagsl\u00e5n Med Qred Bank kan du l\u00e5na upp till 5 000 000 kr Upp till 36 m\u00e5nader l\u00f6ptid Enkla och tydliga villkor Utbetalning inom 24","og_url":"https:\/\/creddo.com\/se\/langivare\/qred\/","og_site_name":"Creddo","article_publisher":"https:\/\/www.facebook.com\/creddose","article_modified_time":"2025-11-14T10:54:43+00:00","og_image":[{"width":1200,"height":630,"url":"https:\/\/creddo.com\/se\/wp-content\/uploads\/2024\/07\/52.jpg","type":"image\/jpeg"}],"twitter_card":"summary_large_image","twitter_misc":{"Ber\u00e4knad l\u00e4stid":"6 minuter"},"schema":{"@context":"https:\/\/schema.org","@graph":[{"@type":"WebPage","@id":"https:\/\/creddo.com\/se\/langivare\/qred\/","url":"https:\/\/creddo.com\/se\/langivare\/qred\/","name":"Qred Bank f\u00f6retagsl\u00e5n - l\u00e5n till f\u00f6retag upp till 5 miljoner kr","isPartOf":{"@id":"https:\/\/creddo.com\/se\/#website"},"datePublished":"2023-07-26T13:13:41+00:00","dateModified":"2025-11-14T10:54:43+00:00","description":"Qred Bank kan via Creddo erbjuda f\u00f6retagare upp till 5 miljoner kr med en l\u00f6ptid p\u00e5 upp till 36 m\u00e5nader. 1 UC endast","breadcrumb":{"@id":"https:\/\/creddo.com\/se\/langivare\/qred\/#breadcrumb"},"inLanguage":"sv-SE","potentialAction":[{"@type":"ReadAction","target":["https:\/\/creddo.com\/se\/langivare\/qred\/"]}]},{"@type":"BreadcrumbList","@id":"https:\/\/creddo.com\/se\/langivare\/qred\/#breadcrumb","itemListElement":[{"@type":"ListItem","position":1,"name":"Creddo.com","item":"https:\/\/creddo.com\/se\/"},{"@type":"ListItem","position":2,"name":"L\u00e5ngivare","item":"https:\/\/creddo.com\/se\/langivare\/"},{"@type":"ListItem","position":3,"name":"Qred Bank"}]},{"@type":"WebSite","@id":"https:\/\/creddo.com\/se\/#website","url":"https:\/\/creddo.com\/se\/","name":"Creddo","description":"J\u00e4mf\u00f6r f\u00f6retagsl\u00e5n upp till 10 miljoner","publisher":{"@id":"https:\/\/creddo.com\/se\/#organization"},"potentialAction":[{"@type":"SearchAction","target":{"@type":"EntryPoint","urlTemplate":"https:\/\/creddo.com\/se\/?s={search_term_string}"},"query-input":{"@type":"PropertyValueSpecification","valueRequired":true,"valueName":"search_term_string"}}],"inLanguage":"sv-SE"},{"@type":"Organization","@id":"https:\/\/creddo.com\/se\/#organization","name":"Creddo AB","url":"https:\/\/creddo.com\/se\/","logo":{"@type":"ImageObject","inLanguage":"sv-SE","@id":"https:\/\/creddo.com\/se\/#\/schema\/logo\/image\/","url":"https:\/\/creddo.com\/se\/wp-content\/uploads\/2024\/04\/Creddo-logo-square.png","contentUrl":"https:\/\/creddo.com\/se\/wp-content\/uploads\/2024\/04\/Creddo-logo-square.png","width":720,"height":720,"caption":"Creddo AB"},"image":{"@id":"https:\/\/creddo.com\/se\/#\/schema\/logo\/image\/"},"sameAs":["https:\/\/www.facebook.com\/creddose","https:\/\/www.linkedin.com\/company\/creddo-ab\/"]}]}},"lang":"sv","translations":{"sv":3018},"uagb_featured_image_src":{"full":false,"thumbnail":false,"medium":false,"medium_large":false,"large":false,"1536x1536":false,"2048x2048":false},"uagb_author_info":{"display_name":"Jonas Smyth","author_link":"https:\/\/creddo.com\/se\/experthornan\/author\/jonas\/"},"uagb_comment_info":0,"uagb_excerpt":"Kort om Qred Bank f\u00f6retagsl\u00e5n Via Creddo s\u00e5 kan vi nu erbjuda l\u00e5n till f\u00f6retag mellan 50 000 &#8211; 5 000 000 kr hos Qred Bank. Alla bolagsformer \u00e4r v\u00e4lkomna att ans\u00f6ka och vid accepterad offert s\u00e5 blir l\u00e5net utbetalt samma dag utan bindningstid. Hos Qred Bank kan du v\u00e4lja mellan 6 &#8211; 36 m\u00e5nader&hellip;","pll_sync_post":[],"_links":{"self":[{"href":"https:\/\/creddo.com\/se\/wp-json\/wp\/v2\/pages\/3018","targetHints":{"allow":["GET"]}}],"collection":[{"href":"https:\/\/creddo.com\/se\/wp-json\/wp\/v2\/pages"}],"about":[{"href":"https:\/\/creddo.com\/se\/wp-json\/wp\/v2\/types\/page"}],"author":[{"embeddable":true,"href":"https:\/\/creddo.com\/se\/wp-json\/wp\/v2\/users\/13"}],"replies":[{"embeddable":true,"href":"https:\/\/creddo.com\/se\/wp-json\/wp\/v2\/comments?post=3018"}],"version-history":[{"count":22,"href":"https:\/\/creddo.com\/se\/wp-json\/wp\/v2\/pages\/3018\/revisions"}],"predecessor-version":[{"id":5114,"href":"https:\/\/creddo.com\/se\/wp-json\/wp\/v2\/pages\/3018\/revisions\/5114"}],"up":[{"embeddable":true,"href":"https:\/\/creddo.com\/se\/wp-json\/wp\/v2\/pages\/2896"}],"wp:attachment":[{"href":"https:\/\/creddo.com\/se\/wp-json\/wp\/v2\/media?parent=3018"}],"curies":[{"name":"wp","href":"https:\/\/api.w.org\/{rel}","templated":true}]}}